{"id":70295560,"date":"2019-09-05T15:09:45","date_gmt":"2019-09-05T13:09:45","guid":{"rendered":"http:\/\/abisagtuellmann.bpk-news.de\/atbild\/devisenboerse-2\/"},"modified":"2019-09-05T15:09:54","modified_gmt":"2019-09-05T13:09:54","slug":"devisenboerse-2","status":"publish","type":"product","link":"https:\/\/bpk-archive.de\/tuellmann\/produkt\/devisenboerse-2\/","title":{"rendered":"Devisenb\u00f6rse"},"content":{"rendered":"<p>R\u00fcckseitenbeschriftung von Hand der Fotografin: &#8222;Devisenb\u00f6rse Ffm, 30.9.69&#8220;<\/p>\n","protected":false},"excerpt":{"rendered":"<p>R\u00fcckseitenbeschriftung von Hand der Fotografin: &#8222;Devisenb\u00f6rse Ffm, 30.9.69&#8220;<\/p>\n","protected":false},"featured_media":70293101,"template":"","meta":[],"product_brand":[],"product_cat":[],"product_tag":[13774,13232,13234,13231,13233,13775,53289,13777,47456,47457,47458,47459,47460,47461,47462,53691,55129,55130,55131,55132,13469,13470,55135,13253,13254,55133,13255,13256,13257,13471,13472,55134,55136,13293,13786,13787,13294,13295,13296,13297,13485,13486,13482,13481,13483,13484,13487,13488,48579,14327,13492,13493,13494,13495,13496,13497,13818,13819,13826,13328,13827,13828,13329,13330,13331,13332,13843,13877,13879,13865,13864,13866,13858,13859,13860,13861,13862,13863,13867,13869,13870,13871,13872,13878,13880,55137,55138,55139,55140],"class_list":{"0":"post-70295560","1":"product","2":"type-product","3":"status-publish","4":"has-post-thumbnail","6":"product_tag-1960er-jahre","7":"product_tag-20-jahrhundert-nach-chr","8":"product_tag-20-jh-n-chr","9":"product_tag-20-jahrhundert","10":"product_tag-20-jh","11":"product_tag-60er","12":"product_tag-abt_003","13":"product_tag-abzug","14":"product_tag-arbeit","15":"product_tag-arbeiten","16":"product_tag-arbeitend","17":"product_tag-arbeitende","18":"product_tag-arbeitenden","19":"product_tag-arbeitender","20":"product_tag-arbeitendes","21":"product_tag-at_frauenarbeit","22":"product_tag-boerse","23":"product_tag-boersenkurs","24":"product_tag-boersenkurse","25":"product_tag-boersenmakler","26":"product_tag-brd","27":"product_tag-bundesrepublik-deutschland","28":"product_tag-d-mark","29":"product_tag-deutsch","30":"product_tag-deutsche","31":"product_tag-deutsche-mark","32":"product_tag-deutschen","33":"product_tag-deutscher","34":"product_tag-deutsches","35":"product_tag-deutschland","36":"product_tag-deutschlands","37":"product_tag-dm","38":"product_tag-finanzwirtschaft","39":"product_tag-foto","40":"product_tag-fotoabzug","41":"product_tag-fotoabzuege","42":"product_tag-fotografie","43":"product_tag-fotografien","44":"product_tag-fotografin","45":"product_tag-fotografinnen","46":"product_tag-frankfurt-m","47":"product_tag-frankfurt-main","48":"product_tag-frankfurt-a-main","49":"product_tag-frankfurt-a-m","50":"product_tag-frankfurt-am-main","51":"product_tag-frankfurter","52":"product_tag-frau","53":"product_tag-frauen","54":"product_tag-frauenarbeit","55":"product_tag-gesellschaft","56":"product_tag-hessen","57":"product_tag-hessisch","58":"product_tag-hessische","59":"product_tag-hessischen","60":"product_tag-hessischer","61":"product_tag-hessisches","62":"product_tag-mann","63":"product_tag-maenner","64":"product_tag-mannes","65":"product_tag-photo","66":"product_tag-photoabzug","67":"product_tag-photoabzuege","68":"product_tag-photographie","69":"product_tag-photographien","70":"product_tag-photographin","71":"product_tag-photographinnen","72":"product_tag-print","73":"product_tag-s-w-fotografie","74":"product_tag-s-w-photographie","75":"product_tag-schwarzweissphotographie","76":"product_tag-schwarz-weiss-fotografie","77":"product_tag-schwarz-weiss-photographie","78":"product_tag-schwarzweiss","79":"product_tag-schwarzweisse","80":"product_tag-schwarzweissen","81":"product_tag-schwarzweisser","82":"product_tag-schwarzweisses","83":"product_tag-schwarzweissfotografie","84":"product_tag-sechziger","85":"product_tag-silbergelatine","86":"product_tag-silbergelatineabzug","87":"product_tag-silbergelatineabzuege","88":"product_tag-silbergelatineprint","89":"product_tag-sw-fotografie","90":"product_tag-sw-photographie","91":"product_tag-umtauschkurs","92":"product_tag-umtauschkurse","93":"product_tag-wechselkurs","94":"product_tag-wechselkurse","95":"pa_datierung-30-09-1969","96":"pa_fotograf-abisag-tuellmann","97":"pa_geografischer_bezug-aufnahmeort-frankfurt-am-main-deutschland","98":"pa_grunddaten_material_technik-foto-silbergelatine-auf-barytpapier","99":"pa_inventarnummer-tue-69-249-17","100":"pa_jahr_von-14258","101":"pa_massangaben-bildformat-foto-207-x-297-cm","102":"pa_mediennummer-55142","103":"pa_objekt_typ-fotografie","105":"first","106":"instock","107":"product-type-simple"},"yoast_head":"<!-- This site is optimized with the Yoast SEO plugin v27.4 - https:\/\/yoast.com\/product\/yoast-seo-wordpress\/ -->\n<title>Devisenb\u00f6rse - Abisag T\u00fcllmann<\/title>\n<meta name=\"robots\" content=\"index, follow, max-snippet:-1, max-image-preview:large, max-video-preview:-1\" \/>\n<link rel=\"canonical\" href=\"https:\/\/bpk-archive.de\/tuellmann\/produkt\/devisenboerse-2\/\" \/>\n<meta property=\"og:locale\" content=\"de_DE\" \/>\n<meta property=\"og:type\" content=\"article\" \/>\n<meta property=\"og:title\" content=\"Devisenb\u00f6rse - Abisag T\u00fcllmann\" \/>\n<meta property=\"og:description\" content=\"R\u00fcckseitenbeschriftung von Hand der Fotografin: &#8222;Devisenb\u00f6rse Ffm, 30.9.69&#8220;\" \/>\n<meta property=\"og:url\" content=\"https:\/\/bpk-archive.de\/tuellmann\/produkt\/devisenboerse-2\/\" \/>\n<meta property=\"og:site_name\" content=\"Abisag T\u00fcllmann\" \/>\n<meta property=\"article:modified_time\" content=\"2019-09-05T13:09:54+00:00\" \/>\n<meta property=\"og:image\" content=\"https:\/\/bpk-archive.de\/tuellmann\/wp-content\/uploads\/2019\/08\/bpk_70279167.jpg\" \/>\n\t<meta property=\"og:image:width\" content=\"1200\" \/>\n\t<meta property=\"og:image:height\" content=\"847\" \/>\n\t<meta property=\"og:image:type\" content=\"image\/jpeg\" \/>\n<meta name=\"twitter:card\" content=\"summary_large_image\" \/>\n<script type=\"application\/ld+json\" class=\"yoast-schema-graph\">{\"@context\":\"https:\\\/\\\/schema.org\",\"@graph\":[{\"@type\":\"WebPage\",\"@id\":\"https:\\\/\\\/bpk-archive.de\\\/tuellmann\\\/produkt\\\/devisenboerse-2\\\/\",\"url\":\"https:\\\/\\\/bpk-archive.de\\\/tuellmann\\\/produkt\\\/devisenboerse-2\\\/\",\"name\":\"Devisenb\u00f6rse - Abisag T\u00fcllmann\",\"isPartOf\":{\"@id\":\"https:\\\/\\\/bpk-archive.de\\\/tuellmann\\\/#website\"},\"primaryImageOfPage\":{\"@id\":\"https:\\\/\\\/bpk-archive.de\\\/tuellmann\\\/produkt\\\/devisenboerse-2\\\/#primaryimage\"},\"image\":{\"@id\":\"https:\\\/\\\/bpk-archive.de\\\/tuellmann\\\/produkt\\\/devisenboerse-2\\\/#primaryimage\"},\"thumbnailUrl\":\"https:\\\/\\\/bpk-archive.de\\\/tuellmann\\\/wp-content\\\/uploads\\\/2019\\\/08\\\/bpk_70279167.jpg\",\"datePublished\":\"2019-09-05T13:09:45+00:00\",\"dateModified\":\"2019-09-05T13:09:54+00:00\",\"breadcrumb\":{\"@id\":\"https:\\\/\\\/bpk-archive.de\\\/tuellmann\\\/produkt\\\/devisenboerse-2\\\/#breadcrumb\"},\"inLanguage\":\"de\",\"potentialAction\":[{\"@type\":\"ReadAction\",\"target\":[\"https:\\\/\\\/bpk-archive.de\\\/tuellmann\\\/produkt\\\/devisenboerse-2\\\/\"]}]},{\"@type\":\"ImageObject\",\"inLanguage\":\"de\",\"@id\":\"https:\\\/\\\/bpk-archive.de\\\/tuellmann\\\/produkt\\\/devisenboerse-2\\\/#primaryimage\",\"url\":\"https:\\\/\\\/bpk-archive.de\\\/tuellmann\\\/wp-content\\\/uploads\\\/2019\\\/08\\\/bpk_70279167.jpg\",\"contentUrl\":\"https:\\\/\\\/bpk-archive.de\\\/tuellmann\\\/wp-content\\\/uploads\\\/2019\\\/08\\\/bpk_70279167.jpg\",\"width\":1200,\"height\":847,\"caption\":\"Devisenb\u00f6rse\"},{\"@type\":\"BreadcrumbList\",\"@id\":\"https:\\\/\\\/bpk-archive.de\\\/tuellmann\\\/produkt\\\/devisenboerse-2\\\/#breadcrumb\",\"itemListElement\":[{\"@type\":\"ListItem\",\"position\":1,\"name\":\"Startseite\",\"item\":\"https:\\\/\\\/bpk-archive.de\\\/tuellmann\\\/\"},{\"@type\":\"ListItem\",\"position\":2,\"name\":\"Shop\",\"item\":\"https:\\\/\\\/bpk-archive.de\\\/tuellmann\\\/shop\\\/\"},{\"@type\":\"ListItem\",\"position\":3,\"name\":\"Devisenb\u00f6rse\"}]},{\"@type\":\"WebSite\",\"@id\":\"https:\\\/\\\/bpk-archive.de\\\/tuellmann\\\/#website\",\"url\":\"https:\\\/\\\/bpk-archive.de\\\/tuellmann\\\/\",\"name\":\"Abisag T\u00fcllmann\",\"description\":\"Eine weitere WordPress-Website\",\"potentialAction\":[{\"@type\":\"SearchAction\",\"target\":{\"@type\":\"EntryPoint\",\"urlTemplate\":\"https:\\\/\\\/bpk-archive.de\\\/tuellmann\\\/?s={search_term_string}\"},\"query-input\":{\"@type\":\"PropertyValueSpecification\",\"valueRequired\":true,\"valueName\":\"search_term_string\"}}],\"inLanguage\":\"de\"}]}<\/script>\n<!-- \/ Yoast SEO plugin. -->","yoast_head_json":{"title":"Devisenb\u00f6rse - Abisag T\u00fcllmann","robots":{"index":"index","follow":"follow","max-snippet":"max-snippet:-1","max-image-preview":"max-image-preview:large","max-video-preview":"max-video-preview:-1"},"canonical":"https:\/\/bpk-archive.de\/tuellmann\/produkt\/devisenboerse-2\/","og_locale":"de_DE","og_type":"article","og_title":"Devisenb\u00f6rse - Abisag T\u00fcllmann","og_description":"R\u00fcckseitenbeschriftung von Hand der Fotografin: &#8222;Devisenb\u00f6rse Ffm, 30.9.69&#8220;","og_url":"https:\/\/bpk-archive.de\/tuellmann\/produkt\/devisenboerse-2\/","og_site_name":"Abisag T\u00fcllmann","article_modified_time":"2019-09-05T13:09:54+00:00","og_image":[{"width":1200,"height":847,"url":"https:\/\/bpk-archive.de\/tuellmann\/wp-content\/uploads\/2019\/08\/bpk_70279167.jpg","type":"image\/jpeg"}],"twitter_card":"summary_large_image","schema":{"@context":"https:\/\/schema.org","@graph":[{"@type":"WebPage","@id":"https:\/\/bpk-archive.de\/tuellmann\/produkt\/devisenboerse-2\/","url":"https:\/\/bpk-archive.de\/tuellmann\/produkt\/devisenboerse-2\/","name":"Devisenb\u00f6rse - Abisag T\u00fcllmann","isPartOf":{"@id":"https:\/\/bpk-archive.de\/tuellmann\/#website"},"primaryImageOfPage":{"@id":"https:\/\/bpk-archive.de\/tuellmann\/produkt\/devisenboerse-2\/#primaryimage"},"image":{"@id":"https:\/\/bpk-archive.de\/tuellmann\/produkt\/devisenboerse-2\/#primaryimage"},"thumbnailUrl":"https:\/\/bpk-archive.de\/tuellmann\/wp-content\/uploads\/2019\/08\/bpk_70279167.jpg","datePublished":"2019-09-05T13:09:45+00:00","dateModified":"2019-09-05T13:09:54+00:00","breadcrumb":{"@id":"https:\/\/bpk-archive.de\/tuellmann\/produkt\/devisenboerse-2\/#breadcrumb"},"inLanguage":"de","potentialAction":[{"@type":"ReadAction","target":["https:\/\/bpk-archive.de\/tuellmann\/produkt\/devisenboerse-2\/"]}]},{"@type":"ImageObject","inLanguage":"de","@id":"https:\/\/bpk-archive.de\/tuellmann\/produkt\/devisenboerse-2\/#primaryimage","url":"https:\/\/bpk-archive.de\/tuellmann\/wp-content\/uploads\/2019\/08\/bpk_70279167.jpg","contentUrl":"https:\/\/bpk-archive.de\/tuellmann\/wp-content\/uploads\/2019\/08\/bpk_70279167.jpg","width":1200,"height":847,"caption":"Devisenb\u00f6rse"},{"@type":"BreadcrumbList","@id":"https:\/\/bpk-archive.de\/tuellmann\/produkt\/devisenboerse-2\/#breadcrumb","itemListElement":[{"@type":"ListItem","position":1,"name":"Startseite","item":"https:\/\/bpk-archive.de\/tuellmann\/"},{"@type":"ListItem","position":2,"name":"Shop","item":"https:\/\/bpk-archive.de\/tuellmann\/shop\/"},{"@type":"ListItem","position":3,"name":"Devisenb\u00f6rse"}]},{"@type":"WebSite","@id":"https:\/\/bpk-archive.de\/tuellmann\/#website","url":"https:\/\/bpk-archive.de\/tuellmann\/","name":"Abisag T\u00fcllmann","description":"Eine weitere WordPress-Website","potentialAction":[{"@type":"SearchAction","target":{"@type":"EntryPoint","urlTemplate":"https:\/\/bpk-archive.de\/tuellmann\/?s={search_term_string}"},"query-input":{"@type":"PropertyValueSpecification","valueRequired":true,"valueName":"search_term_string"}}],"inLanguage":"de"}]}},"_links":{"self":[{"href":"https:\/\/bpk-archive.de\/tuellmann\/wp-json\/wp\/v2\/product\/70295560","targetHints":{"allow":["GET"]}}],"collection":[{"href":"https:\/\/bpk-archive.de\/tuellmann\/wp-json\/wp\/v2\/product"}],"about":[{"href":"https:\/\/bpk-archive.de\/tuellmann\/wp-json\/wp\/v2\/types\/product"}],"wp:featuredmedia":[{"embeddable":true,"href":"https:\/\/bpk-archive.de\/tuellmann\/wp-json\/wp\/v2\/media\/70293101"}],"wp:attachment":[{"href":"https:\/\/bpk-archive.de\/tuellmann\/wp-json\/wp\/v2\/media?parent=70295560"}],"wp:term":[{"taxonomy":"product_brand","embeddable":true,"href":"https:\/\/bpk-archive.de\/tuellmann\/wp-json\/wp\/v2\/product_brand?post=70295560"},{"taxonomy":"product_cat","embeddable":true,"href":"https:\/\/bpk-archive.de\/tuellmann\/wp-json\/wp\/v2\/product_cat?post=70295560"},{"taxonomy":"product_tag","embeddable":true,"href":"https:\/\/bpk-archive.de\/tuellmann\/wp-json\/wp\/v2\/product_tag?post=70295560"}],"curies":[{"name":"wp","href":"https:\/\/api.w.org\/{rel}","templated":true}]}}