{"id":70295540,"date":"2019-09-05T15:09:20","date_gmt":"2019-09-05T13:09:20","guid":{"rendered":"http:\/\/abisagtuellmann.bpk-news.de\/atbild\/frauengespraechsgruppentreffen-in-goeppingen-4\/"},"modified":"2019-09-05T15:09:29","modified_gmt":"2019-09-05T13:09:29","slug":"frauengespraechsgruppentreffen-in-goeppingen-4","status":"publish","type":"product","link":"https:\/\/bpk-archive.de\/tuellmann\/produkt\/frauengespraechsgruppentreffen-in-goeppingen-4\/","title":{"rendered":"Frauengespr\u00e4chsgruppentreffen in G\u00f6ppingen"},"content":{"rendered":"<p>links: Angelika Wagner, Initiatorin der ersten Frauengespr\u00e4chsgruppen in Deutschland nach Vorbild der us-amerikanischen &#8222;consciousness raising groups&#8220;<\/p>\n","protected":false},"excerpt":{"rendered":"<p>links: Angelika Wagner, Initiatorin der ersten Frauengespr\u00e4chsgruppen in Deutschland nach Vorbild der us-amerikanischen &#8222;consciousness raising groups&#8220;<\/p>\n","protected":false},"featured_media":70293044,"template":"","meta":[],"product_brand":[],"product_cat":[],"product_tag":[13230,13232,13234,13231,13233,13235,49668,13777,54958,54773,49675,13784,13785,13469,13470,54919,13253,13254,13255,13256,13257,13471,13472,13473,53792,53793,53794,53795,53796,13293,13786,13787,13294,13295,13296,13297,13487,13488,53797,47735,47736,14066,54110,14327,47579,47580,47581,47582,54920,54921,54922,48986,48987,48988,48989,54923,54924,14195,14196,14197,14198,14199,14200,13498,47589,47590,14000,14001,14002,14003,14004,14005,14006,48005,48006,48007,48008,48009,48010,48011,47899,47900,13328,13827,13828,13329,13330,13331,13332,13829,13830,13831,13832,13833,13834,13835,13836,13837,13838,13839,13840,13841,13842,13843,13877,13879,54959,49712,49713,49714,49715,49716,49717,13865,13864,13866,13858,13859,13860,13861,13862,13863,54803,13354,13869,13870,13871,13872,14243,14244,14245,14246,14247,14248,14249,49722,49723,49724,49725,49726,49727,49728,13878,13880,48535,48536,48537,48538,54960,54961,54962,49651,49652,49653,49654,49655,49656,13525,49732,49733,49734,49735,49736,49737,49738,49739,48034,54930,54931],"class_list":{"0":"post-70295540","1":"product","2":"type-product","3":"status-publish","4":"has-post-thumbnail","6":"product_tag-1970er-jahre","7":"product_tag-20-jahrhundert-nach-chr","8":"product_tag-20-jh-n-chr","9":"product_tag-20-jahrhundert","10":"product_tag-20-jh","11":"product_tag-70er","12":"product_tag-abt_002","13":"product_tag-abzug","14":"product_tag-arbeitsgruppe","15":"product_tag-at_frauenbewegung","16":"product_tag-baden-wuerttemberg","17":"product_tag-bildnis","18":"product_tag-bildnisse","19":"product_tag-brd","20":"product_tag-bundesrepublik-deutschland","21":"product_tag-consciousness-raising-groups","22":"product_tag-deutsch","23":"product_tag-deutsche","24":"product_tag-deutschen","25":"product_tag-deutscher","26":"product_tag-deutsches","27":"product_tag-deutschland","28":"product_tag-deutschlands","29":"product_tag-drinnen","30":"product_tag-feminismus","31":"product_tag-feministisch","32":"product_tag-feministische","33":"product_tag-feministischer","34":"product_tag-feministisches","35":"product_tag-foto","36":"product_tag-fotoabzug","37":"product_tag-fotoabzuege","38":"product_tag-fotografie","39":"product_tag-fotografien","40":"product_tag-fotografin","41":"product_tag-fotografinnen","42":"product_tag-frau","43":"product_tag-frauen","44":"product_tag-frauenbewegung","45":"product_tag-frauengruppe","46":"product_tag-frauengruppen","47":"product_tag-geschichte","48":"product_tag-geschlechterverhaeltnis","49":"product_tag-gesellschaft","50":"product_tag-gespraech","51":"product_tag-gespraeche","52":"product_tag-gespraeches","53":"product_tag-gespraechs","54":"product_tag-gespraechsgruppe","55":"product_tag-gespraechsgruppen","56":"product_tag-gespraechsrunde","57":"product_tag-geste","58":"product_tag-gesten","59":"product_tag-gestik","60":"product_tag-gestikulation","61":"product_tag-gleichberechtigung","62":"product_tag-gruppenarbeit","63":"product_tag-gruppenbild","64":"product_tag-gruppenbilder","65":"product_tag-gruppenportrait","66":"product_tag-gruppenportraits","67":"product_tag-gruppenportraet","68":"product_tag-gruppenportraets","69":"product_tag-innen","70":"product_tag-konversation","71":"product_tag-konversationen","72":"product_tag-laecheln","73":"product_tag-laechelnd","74":"product_tag-laechelnde","75":"product_tag-laechelnden","76":"product_tag-laechelnder","77":"product_tag-laechelndes","78":"product_tag-laechelt","79":"product_tag-lachen","80":"product_tag-lachend","81":"product_tag-lachende","82":"product_tag-lachendem","83":"product_tag-lachenden","84":"product_tag-lachender","85":"product_tag-lachendes","86":"product_tag-persoenlichkeit","87":"product_tag-persoenlichkeiten","88":"product_tag-photo","89":"product_tag-photoabzug","90":"product_tag-photoabzuege","91":"product_tag-photographie","92":"product_tag-photographien","93":"product_tag-photographin","94":"product_tag-photographinnen","95":"product_tag-portrait","96":"product_tag-portraitaufnahme","97":"product_tag-portraitfoto","98":"product_tag-portraitfotografie","99":"product_tag-portraitphoto","100":"product_tag-portraitphotographie","101":"product_tag-portraits","102":"product_tag-portraet","103":"product_tag-portraetaufnahme","104":"product_tag-portraetfoto","105":"product_tag-portraetfotografie","106":"product_tag-portraetphoto","107":"product_tag-portraetphotographie","108":"product_tag-portraets","109":"product_tag-print","110":"product_tag-s-w-fotografie","111":"product_tag-s-w-photographie","112":"product_tag-schmunzeln","113":"product_tag-schwaben","114":"product_tag-schwaebisch","115":"product_tag-schwaebische","116":"product_tag-schwaebischen","117":"product_tag-schwaebischer","118":"product_tag-schwaebisches","119":"product_tag-schwarzweissphotographie","120":"product_tag-schwarz-weiss-fotografie","121":"product_tag-schwarz-weiss-photographie","122":"product_tag-schwarzweiss","123":"product_tag-schwarzweisse","124":"product_tag-schwarzweissen","125":"product_tag-schwarzweisser","126":"product_tag-schwarzweisses","127":"product_tag-schwarzweissfotografie","128":"product_tag-selbsthilfe","129":"product_tag-siebziger","130":"product_tag-silbergelatine","131":"product_tag-silbergelatineabzug","132":"product_tag-silbergelatineabzuege","133":"product_tag-silbergelatineprint","134":"product_tag-sitzen","135":"product_tag-sitzend","136":"product_tag-sitzende","137":"product_tag-sitzenden","138":"product_tag-sitzender","139":"product_tag-sitzendes","140":"product_tag-sitzt","141":"product_tag-sueddeutsch","142":"product_tag-sueddeutsche","143":"product_tag-sueddeutschen","144":"product_tag-sueddeutscher","145":"product_tag-sueddeutsches","146":"product_tag-sueddeutschland","147":"product_tag-sueddeutschlands","148":"product_tag-sw-fotografie","149":"product_tag-sw-photographie","150":"product_tag-tisch","151":"product_tag-tische","152":"product_tag-tischen","153":"product_tag-tisches","154":"product_tag-tischgesellschaft","155":"product_tag-tischrunde","156":"product_tag-tischrunden","157":"product_tag-treffen","158":"product_tag-treffens","159":"product_tag-versammeln","160":"product_tag-versammelt","161":"product_tag-versammlung","162":"product_tag-versammlungen","163":"product_tag-von-innen","164":"product_tag-wirtenberg","165":"product_tag-wuertemberg","166":"product_tag-wuerttemberg","167":"product_tag-wuerttembergisch","168":"product_tag-wuerttembergische","169":"product_tag-wuerttembergischen","170":"product_tag-wuerttembergischer","171":"product_tag-wuerttembergisches","172":"product_tag-zeigen","173":"product_tag-zusammenkunft","174":"product_tag-zusammenkuenfte","175":"pa_datierung-april-1976","176":"pa_fotograf-abisag-tuellmann","177":"pa_geografischer_bezug-aufnahmeort-goeppingen-deutschland","178":"pa_grunddaten_material_technik-foto-silbergelatine-auf-barytpapier","179":"pa_inventarnummer-tue-76-057-11","180":"pa_jahr_von-54713","181":"pa_massangaben-bildformat-foto-234-x-302-cm","182":"pa_mediennummer-54956","183":"pa_objekt_typ-fotografie","185":"first","186":"instock","187":"product-type-simple"},"yoast_head":"<!-- This site is optimized with the Yoast SEO plugin v27.3 - https:\/\/yoast.com\/product\/yoast-seo-wordpress\/ -->\n<title>Frauengespr\u00e4chsgruppentreffen in G\u00f6ppingen - Abisag T\u00fcllmann<\/title>\n<meta name=\"robots\" content=\"index, follow, max-snippet:-1, max-image-preview:large, max-video-preview:-1\" \/>\n<link rel=\"canonical\" href=\"https:\/\/bpk-archive.de\/tuellmann\/produkt\/frauengespraechsgruppentreffen-in-goeppingen-4\/\" \/>\n<meta property=\"og:locale\" content=\"de_DE\" \/>\n<meta property=\"og:type\" content=\"article\" \/>\n<meta property=\"og:title\" content=\"Frauengespr\u00e4chsgruppentreffen in G\u00f6ppingen - Abisag T\u00fcllmann\" \/>\n<meta property=\"og:description\" content=\"links: Angelika Wagner, Initiatorin der ersten Frauengespr\u00e4chsgruppen in Deutschland nach Vorbild der us-amerikanischen &#8222;consciousness raising groups&#8220;\" \/>\n<meta property=\"og:url\" content=\"https:\/\/bpk-archive.de\/tuellmann\/produkt\/frauengespraechsgruppentreffen-in-goeppingen-4\/\" \/>\n<meta property=\"og:site_name\" content=\"Abisag T\u00fcllmann\" \/>\n<meta property=\"article:modified_time\" content=\"2019-09-05T13:09:29+00:00\" \/>\n<meta property=\"og:image\" content=\"https:\/\/bpk-archive.de\/tuellmann\/wp-content\/uploads\/2019\/08\/bpk_70279134.jpg\" \/>\n\t<meta property=\"og:image:width\" content=\"1200\" \/>\n\t<meta property=\"og:image:height\" content=\"941\" \/>\n\t<meta property=\"og:image:type\" content=\"image\/jpeg\" \/>\n<meta name=\"twitter:card\" content=\"summary_large_image\" \/>\n<script type=\"application\/ld+json\" class=\"yoast-schema-graph\">{\"@context\":\"https:\\\/\\\/schema.org\",\"@graph\":[{\"@type\":\"WebPage\",\"@id\":\"https:\\\/\\\/bpk-archive.de\\\/tuellmann\\\/produkt\\\/frauengespraechsgruppentreffen-in-goeppingen-4\\\/\",\"url\":\"https:\\\/\\\/bpk-archive.de\\\/tuellmann\\\/produkt\\\/frauengespraechsgruppentreffen-in-goeppingen-4\\\/\",\"name\":\"Frauengespr\u00e4chsgruppentreffen in G\u00f6ppingen - Abisag T\u00fcllmann\",\"isPartOf\":{\"@id\":\"https:\\\/\\\/bpk-archive.de\\\/tuellmann\\\/#website\"},\"primaryImageOfPage\":{\"@id\":\"https:\\\/\\\/bpk-archive.de\\\/tuellmann\\\/produkt\\\/frauengespraechsgruppentreffen-in-goeppingen-4\\\/#primaryimage\"},\"image\":{\"@id\":\"https:\\\/\\\/bpk-archive.de\\\/tuellmann\\\/produkt\\\/frauengespraechsgruppentreffen-in-goeppingen-4\\\/#primaryimage\"},\"thumbnailUrl\":\"https:\\\/\\\/bpk-archive.de\\\/tuellmann\\\/wp-content\\\/uploads\\\/2019\\\/08\\\/bpk_70279134.jpg\",\"datePublished\":\"2019-09-05T13:09:20+00:00\",\"dateModified\":\"2019-09-05T13:09:29+00:00\",\"breadcrumb\":{\"@id\":\"https:\\\/\\\/bpk-archive.de\\\/tuellmann\\\/produkt\\\/frauengespraechsgruppentreffen-in-goeppingen-4\\\/#breadcrumb\"},\"inLanguage\":\"de\",\"potentialAction\":[{\"@type\":\"ReadAction\",\"target\":[\"https:\\\/\\\/bpk-archive.de\\\/tuellmann\\\/produkt\\\/frauengespraechsgruppentreffen-in-goeppingen-4\\\/\"]}]},{\"@type\":\"ImageObject\",\"inLanguage\":\"de\",\"@id\":\"https:\\\/\\\/bpk-archive.de\\\/tuellmann\\\/produkt\\\/frauengespraechsgruppentreffen-in-goeppingen-4\\\/#primaryimage\",\"url\":\"https:\\\/\\\/bpk-archive.de\\\/tuellmann\\\/wp-content\\\/uploads\\\/2019\\\/08\\\/bpk_70279134.jpg\",\"contentUrl\":\"https:\\\/\\\/bpk-archive.de\\\/tuellmann\\\/wp-content\\\/uploads\\\/2019\\\/08\\\/bpk_70279134.jpg\",\"width\":1200,\"height\":941,\"caption\":\"Frauengespr\u00e4chsgruppentreffen in G\u00f6ppingen\"},{\"@type\":\"BreadcrumbList\",\"@id\":\"https:\\\/\\\/bpk-archive.de\\\/tuellmann\\\/produkt\\\/frauengespraechsgruppentreffen-in-goeppingen-4\\\/#breadcrumb\",\"itemListElement\":[{\"@type\":\"ListItem\",\"position\":1,\"name\":\"Startseite\",\"item\":\"https:\\\/\\\/bpk-archive.de\\\/tuellmann\\\/\"},{\"@type\":\"ListItem\",\"position\":2,\"name\":\"Shop\",\"item\":\"https:\\\/\\\/bpk-archive.de\\\/tuellmann\\\/shop\\\/\"},{\"@type\":\"ListItem\",\"position\":3,\"name\":\"Frauengespr\u00e4chsgruppentreffen in G\u00f6ppingen\"}]},{\"@type\":\"WebSite\",\"@id\":\"https:\\\/\\\/bpk-archive.de\\\/tuellmann\\\/#website\",\"url\":\"https:\\\/\\\/bpk-archive.de\\\/tuellmann\\\/\",\"name\":\"Abisag T\u00fcllmann\",\"description\":\"Eine weitere WordPress-Website\",\"potentialAction\":[{\"@type\":\"SearchAction\",\"target\":{\"@type\":\"EntryPoint\",\"urlTemplate\":\"https:\\\/\\\/bpk-archive.de\\\/tuellmann\\\/?s={search_term_string}\"},\"query-input\":{\"@type\":\"PropertyValueSpecification\",\"valueRequired\":true,\"valueName\":\"search_term_string\"}}],\"inLanguage\":\"de\"}]}<\/script>\n<!-- \/ Yoast SEO plugin. -->","yoast_head_json":{"title":"Frauengespr\u00e4chsgruppentreffen in G\u00f6ppingen - Abisag T\u00fcllmann","robots":{"index":"index","follow":"follow","max-snippet":"max-snippet:-1","max-image-preview":"max-image-preview:large","max-video-preview":"max-video-preview:-1"},"canonical":"https:\/\/bpk-archive.de\/tuellmann\/produkt\/frauengespraechsgruppentreffen-in-goeppingen-4\/","og_locale":"de_DE","og_type":"article","og_title":"Frauengespr\u00e4chsgruppentreffen in G\u00f6ppingen - Abisag T\u00fcllmann","og_description":"links: Angelika Wagner, Initiatorin der ersten Frauengespr\u00e4chsgruppen in Deutschland nach Vorbild der us-amerikanischen &#8222;consciousness raising groups&#8220;","og_url":"https:\/\/bpk-archive.de\/tuellmann\/produkt\/frauengespraechsgruppentreffen-in-goeppingen-4\/","og_site_name":"Abisag T\u00fcllmann","article_modified_time":"2019-09-05T13:09:29+00:00","og_image":[{"width":1200,"height":941,"url":"https:\/\/bpk-archive.de\/tuellmann\/wp-content\/uploads\/2019\/08\/bpk_70279134.jpg","type":"image\/jpeg"}],"twitter_card":"summary_large_image","schema":{"@context":"https:\/\/schema.org","@graph":[{"@type":"WebPage","@id":"https:\/\/bpk-archive.de\/tuellmann\/produkt\/frauengespraechsgruppentreffen-in-goeppingen-4\/","url":"https:\/\/bpk-archive.de\/tuellmann\/produkt\/frauengespraechsgruppentreffen-in-goeppingen-4\/","name":"Frauengespr\u00e4chsgruppentreffen in G\u00f6ppingen - Abisag T\u00fcllmann","isPartOf":{"@id":"https:\/\/bpk-archive.de\/tuellmann\/#website"},"primaryImageOfPage":{"@id":"https:\/\/bpk-archive.de\/tuellmann\/produkt\/frauengespraechsgruppentreffen-in-goeppingen-4\/#primaryimage"},"image":{"@id":"https:\/\/bpk-archive.de\/tuellmann\/produkt\/frauengespraechsgruppentreffen-in-goeppingen-4\/#primaryimage"},"thumbnailUrl":"https:\/\/bpk-archive.de\/tuellmann\/wp-content\/uploads\/2019\/08\/bpk_70279134.jpg","datePublished":"2019-09-05T13:09:20+00:00","dateModified":"2019-09-05T13:09:29+00:00","breadcrumb":{"@id":"https:\/\/bpk-archive.de\/tuellmann\/produkt\/frauengespraechsgruppentreffen-in-goeppingen-4\/#breadcrumb"},"inLanguage":"de","potentialAction":[{"@type":"ReadAction","target":["https:\/\/bpk-archive.de\/tuellmann\/produkt\/frauengespraechsgruppentreffen-in-goeppingen-4\/"]}]},{"@type":"ImageObject","inLanguage":"de","@id":"https:\/\/bpk-archive.de\/tuellmann\/produkt\/frauengespraechsgruppentreffen-in-goeppingen-4\/#primaryimage","url":"https:\/\/bpk-archive.de\/tuellmann\/wp-content\/uploads\/2019\/08\/bpk_70279134.jpg","contentUrl":"https:\/\/bpk-archive.de\/tuellmann\/wp-content\/uploads\/2019\/08\/bpk_70279134.jpg","width":1200,"height":941,"caption":"Frauengespr\u00e4chsgruppentreffen in G\u00f6ppingen"},{"@type":"BreadcrumbList","@id":"https:\/\/bpk-archive.de\/tuellmann\/produkt\/frauengespraechsgruppentreffen-in-goeppingen-4\/#breadcrumb","itemListElement":[{"@type":"ListItem","position":1,"name":"Startseite","item":"https:\/\/bpk-archive.de\/tuellmann\/"},{"@type":"ListItem","position":2,"name":"Shop","item":"https:\/\/bpk-archive.de\/tuellmann\/shop\/"},{"@type":"ListItem","position":3,"name":"Frauengespr\u00e4chsgruppentreffen in G\u00f6ppingen"}]},{"@type":"WebSite","@id":"https:\/\/bpk-archive.de\/tuellmann\/#website","url":"https:\/\/bpk-archive.de\/tuellmann\/","name":"Abisag T\u00fcllmann","description":"Eine weitere WordPress-Website","potentialAction":[{"@type":"SearchAction","target":{"@type":"EntryPoint","urlTemplate":"https:\/\/bpk-archive.de\/tuellmann\/?s={search_term_string}"},"query-input":{"@type":"PropertyValueSpecification","valueRequired":true,"valueName":"search_term_string"}}],"inLanguage":"de"}]}},"_links":{"self":[{"href":"https:\/\/bpk-archive.de\/tuellmann\/wp-json\/wp\/v2\/product\/70295540","targetHints":{"allow":["GET"]}}],"collection":[{"href":"https:\/\/bpk-archive.de\/tuellmann\/wp-json\/wp\/v2\/product"}],"about":[{"href":"https:\/\/bpk-archive.de\/tuellmann\/wp-json\/wp\/v2\/types\/product"}],"wp:featuredmedia":[{"embeddable":true,"href":"https:\/\/bpk-archive.de\/tuellmann\/wp-json\/wp\/v2\/media\/70293044"}],"wp:attachment":[{"href":"https:\/\/bpk-archive.de\/tuellmann\/wp-json\/wp\/v2\/media?parent=70295540"}],"wp:term":[{"taxonomy":"product_brand","embeddable":true,"href":"https:\/\/bpk-archive.de\/tuellmann\/wp-json\/wp\/v2\/product_brand?post=70295540"},{"taxonomy":"product_cat","embeddable":true,"href":"https:\/\/bpk-archive.de\/tuellmann\/wp-json\/wp\/v2\/product_cat?post=70295540"},{"taxonomy":"product_tag","embeddable":true,"href":"https:\/\/bpk-archive.de\/tuellmann\/wp-json\/wp\/v2\/product_tag?post=70295540"}],"curies":[{"name":"wp","href":"https:\/\/api.w.org\/{rel}","templated":true}]}}