{"id":70295524,"date":"2019-09-05T15:09:01","date_gmt":"2019-09-05T13:09:01","guid":{"rendered":"http:\/\/abisagtuellmann.bpk-news.de\/atbild\/wohnung-fuer-gastarbeiter-und-studenten-im-frankfurter-westend-eppsteiner-str-47\/"},"modified":"2020-08-12T10:31:26","modified_gmt":"2020-08-12T08:31:26","slug":"wohnung-fuer-gastarbeiter-und-studenten-im-frankfurter-westend-eppsteiner-str-47","status":"publish","type":"product","link":"https:\/\/bpk-archive.de\/tuellmann\/produkt\/wohnung-fuer-gastarbeiter-und-studenten-im-frankfurter-westend-eppsteiner-str-47\/","title":{"rendered":"Wohnung f\u00fcr Gastarbeiter und Studenten im Frankfurter Westend (Eppsteiner Str. 47)"},"content":{"rendered":"<p>R\u00fcckseitenbeschriftung von anderer Hand: &#8222;Frankfurt am Main, Westend &#8211; Wohnungen f\u00fcr Gastarbeiter und Studenten, Eppsteinerstr. 57&#8220;<\/p>\n","protected":false},"excerpt":{"rendered":"<p>R\u00fcckseitenbeschriftung von anderer Hand: &#8222;Frankfurt am Main, Westend &#8211; Wohnungen f\u00fcr Gastarbeiter und Studenten, Eppsteinerstr. 57&#8220;<\/p>\n","protected":false},"featured_media":70293301,"template":"","meta":[],"product_brand":[],"product_cat":[73398],"product_tag":[13230,13232,13234,13231,13233,13235,14310,13777,47456,47457,47458,47459,47460,47461,47462,53193,53194,53521,53196,53197,47720,47721,47722,47723,47876,47877,47878,47879,13469,13470,54641,54642,54645,54647,54648,13471,13472,13473,47727,47728,47729,47730,47731,47734,13293,13786,13787,13294,13295,13296,13297,47267,13485,13486,13482,13481,13483,13484,53202,53203,53204,53206,53209,53210,14066,47887,47888,47383,47384,53564,47385,47386,13492,13493,13494,13495,13496,13497,47744,47745,47746,13498,53768,13818,13819,13826,54650,54651,47786,47787,54733,54734,54735,54736,54737,13328,13827,13828,13329,13330,13331,13332,47332,13843,47333,47334,47335,47336,47337,47594,47595,13877,13879,13865,13864,13866,13858,13859,13860,13861,13862,13863,13354,13869,13870,13871,13872,47406,47407,53533,53589,48679,48680,48681,13519,13520,13521,13522,13523,13524,13878,13880,49793,49794,49795,49796,49797,49798,47615,13525,53552,53553,48034,47792],"class_list":{"0":"post-70295524","1":"product","2":"type-product","3":"status-publish","4":"has-post-thumbnail","6":"product_cat-westend","7":"product_tag-1970er-jahre","8":"product_tag-20-jahrhundert-nach-chr","9":"product_tag-20-jh-n-chr","10":"product_tag-20-jahrhundert","11":"product_tag-20-jh","12":"product_tag-70er","13":"product_tag-abt_004","14":"product_tag-abzug","15":"product_tag-arbeit","16":"product_tag-arbeiten","17":"product_tag-arbeitend","18":"product_tag-arbeitende","19":"product_tag-arbeitenden","20":"product_tag-arbeitender","21":"product_tag-arbeitendes","22":"product_tag-arbeitsmigrant","23":"product_tag-arbeitsmigranten","24":"product_tag-at_westend","25":"product_tag-ausland","26":"product_tag-auslaender","27":"product_tag-auswanderer","28":"product_tag-auswanderern","29":"product_tag-auswandern","30":"product_tag-auswanderung","31":"product_tag-beruf","32":"product_tag-berufe","33":"product_tag-berufes","34":"product_tag-berufs","35":"product_tag-brd","36":"product_tag-bundesrepublik-deutschland","37":"product_tag-dachboden","38":"product_tag-dachbodens","39":"product_tag-dachkammer","40":"product_tag-dachstuebchen","41":"product_tag-dachstube","42":"product_tag-deutschland","43":"product_tag-deutschlands","44":"product_tag-drinnen","45":"product_tag-einwanderer","46":"product_tag-einwandern","47":"product_tag-einwanderung","48":"product_tag-emigrant","49":"product_tag-emigranten","50":"product_tag-emigration","51":"product_tag-foto","52":"product_tag-fotoabzug","53":"product_tag-fotoabzuege","54":"product_tag-fotografie","55":"product_tag-fotografien","56":"product_tag-fotografin","57":"product_tag-fotografinnen","58":"product_tag-fotoreportage","59":"product_tag-frankfurt-m","60":"product_tag-frankfurt-main","61":"product_tag-frankfurt-a-main","62":"product_tag-frankfurt-a-m","63":"product_tag-frankfurt-am-main","64":"product_tag-frankfurter","65":"product_tag-fremdarbeiter","66":"product_tag-fremdarbeitern","67":"product_tag-fremdarbeiters","68":"product_tag-gastarbeiter","69":"product_tag-gastarbeitern","70":"product_tag-gastarbeiters","71":"product_tag-geschichte","72":"product_tag-grossstadt","73":"product_tag-grossstaedte","74":"product_tag-haus","75":"product_tag-haeuser","76":"product_tag-haeuserkampf","77":"product_tag-haeusern","78":"product_tag-hauses","79":"product_tag-hessen","80":"product_tag-hessisch","81":"product_tag-hessische","82":"product_tag-hessischen","83":"product_tag-hessischer","84":"product_tag-hessisches","85":"product_tag-immigrant","86":"product_tag-immigranten","87":"product_tag-immigration","88":"product_tag-innen","89":"product_tag-leerstand","90":"product_tag-mann","91":"product_tag-maenner","92":"product_tag-mannes","93":"product_tag-mansarde","94":"product_tag-mansarden","95":"product_tag-migranten","96":"product_tag-migration","97":"product_tag-niedrig","98":"product_tag-niedrige","99":"product_tag-niedrigen","100":"product_tag-niedriger","101":"product_tag-niedriges","102":"product_tag-photo","103":"product_tag-photoabzug","104":"product_tag-photoabzuege","105":"product_tag-photographie","106":"product_tag-photographien","107":"product_tag-photographin","108":"product_tag-photographinnen","109":"product_tag-photoreportage","110":"product_tag-print","111":"product_tag-reportage","112":"product_tag-reportagefoto","113":"product_tag-reportagefotografie","114":"product_tag-reportagephoto","115":"product_tag-reportagephotographie","116":"product_tag-rueckansicht","117":"product_tag-rueckseite","118":"product_tag-s-w-fotografie","119":"product_tag-s-w-photographie","120":"product_tag-schwarzweissphotographie","121":"product_tag-schwarz-weiss-fotografie","122":"product_tag-schwarz-weiss-photographie","123":"product_tag-schwarzweiss","124":"product_tag-schwarzweisse","125":"product_tag-schwarzweissen","126":"product_tag-schwarzweisser","127":"product_tag-schwarzweisses","128":"product_tag-schwarzweissfotografie","129":"product_tag-siebziger","130":"product_tag-silbergelatine","131":"product_tag-silbergelatineabzug","132":"product_tag-silbergelatineabzuege","133":"product_tag-silbergelatineprint","134":"product_tag-stadt","135":"product_tag-staedte","136":"product_tag-stadtgeschichte","137":"product_tag-stadtsanierung","138":"product_tag-stadtteil","139":"product_tag-stadtteils","140":"product_tag-stadtviertel","141":"product_tag-stehen","142":"product_tag-stehend","143":"product_tag-stehende","144":"product_tag-stehenden","145":"product_tag-stehender","146":"product_tag-stehendes","147":"product_tag-sw-fotografie","148":"product_tag-sw-photographie","149":"product_tag-verwahrlost","150":"product_tag-verwahrloste","151":"product_tag-verwahrlosten","152":"product_tag-verwahrloster","153":"product_tag-verwahrlostes","154":"product_tag-verwahrlosung","155":"product_tag-von-hinten","156":"product_tag-von-innen","157":"product_tag-westend","158":"product_tag-westends","159":"product_tag-zeigen","160":"product_tag-zuwanderer","161":"pa_datierung-august-1970","162":"pa_fotograf-abisag-tuellmann","163":"pa_geografischer_bezug-aufnahmeort-frankfurt-am-main-westend-deutschland","164":"pa_grunddaten_material_technik-foto-silbergelatine-auf-barytpapier","165":"pa_inventarnummer-tue-w-70-057-21","166":"pa_jahr_von-53324","167":"pa_massangaben-bildformat-foto-293-x-236-cm","168":"pa_mediennummer-54731","169":"pa_objekt_typ-fotografie","171":"first","172":"instock","173":"product-type-simple"},"yoast_head":"<!-- This site is optimized with the Yoast SEO plugin v27.3 - https:\/\/yoast.com\/product\/yoast-seo-wordpress\/ -->\n<title>Wohnung f\u00fcr Gastarbeiter und Studenten im Frankfurter Westend (Eppsteiner Str. 47) - Abisag T\u00fcllmann<\/title>\n<meta name=\"robots\" content=\"index, follow, max-snippet:-1, max-image-preview:large, max-video-preview:-1\" \/>\n<link rel=\"canonical\" href=\"https:\/\/bpk-archive.de\/tuellmann\/produkt\/wohnung-fuer-gastarbeiter-und-studenten-im-frankfurter-westend-eppsteiner-str-47\/\" \/>\n<meta property=\"og:locale\" content=\"de_DE\" \/>\n<meta property=\"og:type\" content=\"article\" \/>\n<meta property=\"og:title\" content=\"Wohnung f\u00fcr Gastarbeiter und Studenten im Frankfurter Westend (Eppsteiner Str. 47) - Abisag T\u00fcllmann\" \/>\n<meta property=\"og:description\" content=\"R\u00fcckseitenbeschriftung von anderer Hand: &#8222;Frankfurt am Main, Westend &#8211; Wohnungen f\u00fcr Gastarbeiter und Studenten, Eppsteinerstr. 57&#8220;\" \/>\n<meta property=\"og:url\" content=\"https:\/\/bpk-archive.de\/tuellmann\/produkt\/wohnung-fuer-gastarbeiter-und-studenten-im-frankfurter-westend-eppsteiner-str-47\/\" \/>\n<meta property=\"og:site_name\" content=\"Abisag T\u00fcllmann\" \/>\n<meta property=\"article:modified_time\" content=\"2020-08-12T08:31:26+00:00\" \/>\n<meta property=\"og:image\" content=\"https:\/\/bpk-archive.de\/tuellmann\/wp-content\/uploads\/2019\/08\/bpk_70298916.jpg\" \/>\n\t<meta property=\"og:image:width\" content=\"974\" \/>\n\t<meta property=\"og:image:height\" content=\"1200\" \/>\n\t<meta property=\"og:image:type\" content=\"image\/jpeg\" \/>\n<meta name=\"twitter:card\" content=\"summary_large_image\" \/>\n<script type=\"application\/ld+json\" class=\"yoast-schema-graph\">{\"@context\":\"https:\\\/\\\/schema.org\",\"@graph\":[{\"@type\":\"WebPage\",\"@id\":\"https:\\\/\\\/bpk-archive.de\\\/tuellmann\\\/produkt\\\/wohnung-fuer-gastarbeiter-und-studenten-im-frankfurter-westend-eppsteiner-str-47\\\/\",\"url\":\"https:\\\/\\\/bpk-archive.de\\\/tuellmann\\\/produkt\\\/wohnung-fuer-gastarbeiter-und-studenten-im-frankfurter-westend-eppsteiner-str-47\\\/\",\"name\":\"Wohnung f\u00fcr Gastarbeiter und Studenten im Frankfurter Westend (Eppsteiner Str. 47) - Abisag T\u00fcllmann\",\"isPartOf\":{\"@id\":\"https:\\\/\\\/bpk-archive.de\\\/tuellmann\\\/#website\"},\"primaryImageOfPage\":{\"@id\":\"https:\\\/\\\/bpk-archive.de\\\/tuellmann\\\/produkt\\\/wohnung-fuer-gastarbeiter-und-studenten-im-frankfurter-westend-eppsteiner-str-47\\\/#primaryimage\"},\"image\":{\"@id\":\"https:\\\/\\\/bpk-archive.de\\\/tuellmann\\\/produkt\\\/wohnung-fuer-gastarbeiter-und-studenten-im-frankfurter-westend-eppsteiner-str-47\\\/#primaryimage\"},\"thumbnailUrl\":\"https:\\\/\\\/bpk-archive.de\\\/tuellmann\\\/wp-content\\\/uploads\\\/2019\\\/08\\\/bpk_70298916.jpg\",\"datePublished\":\"2019-09-05T13:09:01+00:00\",\"dateModified\":\"2020-08-12T08:31:26+00:00\",\"breadcrumb\":{\"@id\":\"https:\\\/\\\/bpk-archive.de\\\/tuellmann\\\/produkt\\\/wohnung-fuer-gastarbeiter-und-studenten-im-frankfurter-westend-eppsteiner-str-47\\\/#breadcrumb\"},\"inLanguage\":\"de\",\"potentialAction\":[{\"@type\":\"ReadAction\",\"target\":[\"https:\\\/\\\/bpk-archive.de\\\/tuellmann\\\/produkt\\\/wohnung-fuer-gastarbeiter-und-studenten-im-frankfurter-westend-eppsteiner-str-47\\\/\"]}]},{\"@type\":\"ImageObject\",\"inLanguage\":\"de\",\"@id\":\"https:\\\/\\\/bpk-archive.de\\\/tuellmann\\\/produkt\\\/wohnung-fuer-gastarbeiter-und-studenten-im-frankfurter-westend-eppsteiner-str-47\\\/#primaryimage\",\"url\":\"https:\\\/\\\/bpk-archive.de\\\/tuellmann\\\/wp-content\\\/uploads\\\/2019\\\/08\\\/bpk_70298916.jpg\",\"contentUrl\":\"https:\\\/\\\/bpk-archive.de\\\/tuellmann\\\/wp-content\\\/uploads\\\/2019\\\/08\\\/bpk_70298916.jpg\",\"width\":974,\"height\":1200,\"caption\":\"Wohnung f\u00fcr Gastarbeiter und Studenten im Frankfurter Westend (Eppsteiner Str. 47)\"},{\"@type\":\"BreadcrumbList\",\"@id\":\"https:\\\/\\\/bpk-archive.de\\\/tuellmann\\\/produkt\\\/wohnung-fuer-gastarbeiter-und-studenten-im-frankfurter-westend-eppsteiner-str-47\\\/#breadcrumb\",\"itemListElement\":[{\"@type\":\"ListItem\",\"position\":1,\"name\":\"Startseite\",\"item\":\"https:\\\/\\\/bpk-archive.de\\\/tuellmann\\\/\"},{\"@type\":\"ListItem\",\"position\":2,\"name\":\"Shop\",\"item\":\"https:\\\/\\\/bpk-archive.de\\\/tuellmann\\\/shop\\\/\"},{\"@type\":\"ListItem\",\"position\":3,\"name\":\"Wohnung f\u00fcr Gastarbeiter und Studenten im Frankfurter Westend (Eppsteiner Str. 47)\"}]},{\"@type\":\"WebSite\",\"@id\":\"https:\\\/\\\/bpk-archive.de\\\/tuellmann\\\/#website\",\"url\":\"https:\\\/\\\/bpk-archive.de\\\/tuellmann\\\/\",\"name\":\"Abisag T\u00fcllmann\",\"description\":\"Eine weitere WordPress-Website\",\"potentialAction\":[{\"@type\":\"SearchAction\",\"target\":{\"@type\":\"EntryPoint\",\"urlTemplate\":\"https:\\\/\\\/bpk-archive.de\\\/tuellmann\\\/?s={search_term_string}\"},\"query-input\":{\"@type\":\"PropertyValueSpecification\",\"valueRequired\":true,\"valueName\":\"search_term_string\"}}],\"inLanguage\":\"de\"}]}<\/script>\n<!-- \/ Yoast SEO plugin. -->","yoast_head_json":{"title":"Wohnung f\u00fcr Gastarbeiter und Studenten im Frankfurter Westend (Eppsteiner Str. 47) - Abisag T\u00fcllmann","robots":{"index":"index","follow":"follow","max-snippet":"max-snippet:-1","max-image-preview":"max-image-preview:large","max-video-preview":"max-video-preview:-1"},"canonical":"https:\/\/bpk-archive.de\/tuellmann\/produkt\/wohnung-fuer-gastarbeiter-und-studenten-im-frankfurter-westend-eppsteiner-str-47\/","og_locale":"de_DE","og_type":"article","og_title":"Wohnung f\u00fcr Gastarbeiter und Studenten im Frankfurter Westend (Eppsteiner Str. 47) - Abisag T\u00fcllmann","og_description":"R\u00fcckseitenbeschriftung von anderer Hand: &#8222;Frankfurt am Main, Westend &#8211; Wohnungen f\u00fcr Gastarbeiter und Studenten, Eppsteinerstr. 57&#8220;","og_url":"https:\/\/bpk-archive.de\/tuellmann\/produkt\/wohnung-fuer-gastarbeiter-und-studenten-im-frankfurter-westend-eppsteiner-str-47\/","og_site_name":"Abisag T\u00fcllmann","article_modified_time":"2020-08-12T08:31:26+00:00","og_image":[{"width":974,"height":1200,"url":"https:\/\/bpk-archive.de\/tuellmann\/wp-content\/uploads\/2019\/08\/bpk_70298916.jpg","type":"image\/jpeg"}],"twitter_card":"summary_large_image","schema":{"@context":"https:\/\/schema.org","@graph":[{"@type":"WebPage","@id":"https:\/\/bpk-archive.de\/tuellmann\/produkt\/wohnung-fuer-gastarbeiter-und-studenten-im-frankfurter-westend-eppsteiner-str-47\/","url":"https:\/\/bpk-archive.de\/tuellmann\/produkt\/wohnung-fuer-gastarbeiter-und-studenten-im-frankfurter-westend-eppsteiner-str-47\/","name":"Wohnung f\u00fcr Gastarbeiter und Studenten im Frankfurter Westend (Eppsteiner Str. 47) - Abisag T\u00fcllmann","isPartOf":{"@id":"https:\/\/bpk-archive.de\/tuellmann\/#website"},"primaryImageOfPage":{"@id":"https:\/\/bpk-archive.de\/tuellmann\/produkt\/wohnung-fuer-gastarbeiter-und-studenten-im-frankfurter-westend-eppsteiner-str-47\/#primaryimage"},"image":{"@id":"https:\/\/bpk-archive.de\/tuellmann\/produkt\/wohnung-fuer-gastarbeiter-und-studenten-im-frankfurter-westend-eppsteiner-str-47\/#primaryimage"},"thumbnailUrl":"https:\/\/bpk-archive.de\/tuellmann\/wp-content\/uploads\/2019\/08\/bpk_70298916.jpg","datePublished":"2019-09-05T13:09:01+00:00","dateModified":"2020-08-12T08:31:26+00:00","breadcrumb":{"@id":"https:\/\/bpk-archive.de\/tuellmann\/produkt\/wohnung-fuer-gastarbeiter-und-studenten-im-frankfurter-westend-eppsteiner-str-47\/#breadcrumb"},"inLanguage":"de","potentialAction":[{"@type":"ReadAction","target":["https:\/\/bpk-archive.de\/tuellmann\/produkt\/wohnung-fuer-gastarbeiter-und-studenten-im-frankfurter-westend-eppsteiner-str-47\/"]}]},{"@type":"ImageObject","inLanguage":"de","@id":"https:\/\/bpk-archive.de\/tuellmann\/produkt\/wohnung-fuer-gastarbeiter-und-studenten-im-frankfurter-westend-eppsteiner-str-47\/#primaryimage","url":"https:\/\/bpk-archive.de\/tuellmann\/wp-content\/uploads\/2019\/08\/bpk_70298916.jpg","contentUrl":"https:\/\/bpk-archive.de\/tuellmann\/wp-content\/uploads\/2019\/08\/bpk_70298916.jpg","width":974,"height":1200,"caption":"Wohnung f\u00fcr Gastarbeiter und Studenten im Frankfurter Westend (Eppsteiner Str. 47)"},{"@type":"BreadcrumbList","@id":"https:\/\/bpk-archive.de\/tuellmann\/produkt\/wohnung-fuer-gastarbeiter-und-studenten-im-frankfurter-westend-eppsteiner-str-47\/#breadcrumb","itemListElement":[{"@type":"ListItem","position":1,"name":"Startseite","item":"https:\/\/bpk-archive.de\/tuellmann\/"},{"@type":"ListItem","position":2,"name":"Shop","item":"https:\/\/bpk-archive.de\/tuellmann\/shop\/"},{"@type":"ListItem","position":3,"name":"Wohnung f\u00fcr Gastarbeiter und Studenten im Frankfurter Westend (Eppsteiner Str. 47)"}]},{"@type":"WebSite","@id":"https:\/\/bpk-archive.de\/tuellmann\/#website","url":"https:\/\/bpk-archive.de\/tuellmann\/","name":"Abisag T\u00fcllmann","description":"Eine weitere WordPress-Website","potentialAction":[{"@type":"SearchAction","target":{"@type":"EntryPoint","urlTemplate":"https:\/\/bpk-archive.de\/tuellmann\/?s={search_term_string}"},"query-input":{"@type":"PropertyValueSpecification","valueRequired":true,"valueName":"search_term_string"}}],"inLanguage":"de"}]}},"_links":{"self":[{"href":"https:\/\/bpk-archive.de\/tuellmann\/wp-json\/wp\/v2\/product\/70295524","targetHints":{"allow":["GET"]}}],"collection":[{"href":"https:\/\/bpk-archive.de\/tuellmann\/wp-json\/wp\/v2\/product"}],"about":[{"href":"https:\/\/bpk-archive.de\/tuellmann\/wp-json\/wp\/v2\/types\/product"}],"wp:featuredmedia":[{"embeddable":true,"href":"https:\/\/bpk-archive.de\/tuellmann\/wp-json\/wp\/v2\/media\/70293301"}],"wp:attachment":[{"href":"https:\/\/bpk-archive.de\/tuellmann\/wp-json\/wp\/v2\/media?parent=70295524"}],"wp:term":[{"taxonomy":"product_brand","embeddable":true,"href":"https:\/\/bpk-archive.de\/tuellmann\/wp-json\/wp\/v2\/product_brand?post=70295524"},{"taxonomy":"product_cat","embeddable":true,"href":"https:\/\/bpk-archive.de\/tuellmann\/wp-json\/wp\/v2\/product_cat?post=70295524"},{"taxonomy":"product_tag","embeddable":true,"href":"https:\/\/bpk-archive.de\/tuellmann\/wp-json\/wp\/v2\/product_tag?post=70295524"}],"curies":[{"name":"wp","href":"https:\/\/api.w.org\/{rel}","templated":true}]}}