{"id":70295519,"date":"2019-09-05T15:09:01","date_gmt":"2019-09-05T13:09:01","guid":{"rendered":"http:\/\/abisagtuellmann.bpk-news.de\/atbild\/graffiti-an-einem-zwangsgeraeumten-haus-im-westend-eppsteinerstr-47\/"},"modified":"2020-08-12T10:31:17","modified_gmt":"2020-08-12T08:31:17","slug":"graffiti-an-einem-zwangsgeraeumten-haus-im-westend-eppsteinerstr-47","status":"publish","type":"product","link":"https:\/\/bpk-archive.de\/tuellmann\/produkt\/graffiti-an-einem-zwangsgeraeumten-haus-im-westend-eppsteinerstr-47\/","title":{"rendered":"Graffiti an einem zwangsger\u00e4umten Haus im Westend (Eppsteinerstr. 47)"},"content":{"rendered":"<p>&#8222;Enteignen macht Spass!&#8220; R\u00fcckseitenbeschriftung von anderer Hand: &#8222;Frankfurt am Main &#8211; Westend: H\u00e4userkampf &#8211; Haus Eppsteinerstr. 47&#8220;<\/p>\n","protected":false},"excerpt":{"rendered":"<p>&#8222;Enteignen macht Spass!&#8220; R\u00fcckseitenbeschriftung von anderer Hand: &#8222;Frankfurt am Main &#8211; Westend: H\u00e4userkampf &#8211; Haus Eppsteinerstr. 47&#8220;<\/p>\n","protected":false},"featured_media":70293297,"template":"","meta":[],"product_brand":[],"product_cat":[73398],"product_tag":[13230,13232,13234,13231,13233,13235,47921,14310,13777,53249,53250,54696,51623,51624,53521,54697,13250,54698,47365,47366,47367,13469,13470,49469,54699,49470,49471,13253,13254,13255,13256,13257,13471,13472,13260,54700,54701,54702,54703,13293,13786,13787,13294,13295,13296,13297,54704,13485,13486,13482,13481,13483,13484,47377,14066,49216,49217,49481,47887,47888,47383,53780,53781,47384,53564,47385,49218,49219,49220,47386,49221,49222,49223,13492,13493,13494,13495,13496,13497,54705,13301,54706,54707,49484,13328,13827,13828,13329,13330,13331,13332,13843,13641,13642,47958,13877,13879,54373,48364,13865,13864,13866,13858,13859,13860,13861,13862,13863,13354,13869,13870,13871,13872,49236,47406,47407,53533,53589,48679,48680,48681,47967,13878,13880,47968,47340,47341,47342,53552,53553,47504,47505,47506,54708,53782,53783],"class_list":{"0":"post-70295519","1":"product","2":"type-product","3":"status-publish","4":"has-post-thumbnail","6":"product_cat-westend","7":"product_tag-1970er-jahre","8":"product_tag-20-jahrhundert-nach-chr","9":"product_tag-20-jh-n-chr","10":"product_tag-20-jahrhundert","11":"product_tag-20-jh","12":"product_tag-70er","13":"product_tag-abisag","14":"product_tag-abt_004","15":"product_tag-abzug","16":"product_tag-altbau","17":"product_tag-altbauten","18":"product_tag-am","19":"product_tag-architekturdetail","20":"product_tag-architekturdetails","21":"product_tag-at_westend","22":"product_tag-auf","23":"product_tag-aussen","24":"product_tag-balkongitter","25":"product_tag-bauten","26":"product_tag-bauwerk","27":"product_tag-bauwerke","28":"product_tag-brd","29":"product_tag-bundesrepublik-deutschland","30":"product_tag-close-up","31":"product_tag-der","32":"product_tag-detail","33":"product_tag-details","34":"product_tag-deutsch","35":"product_tag-deutsche","36":"product_tag-deutschen","37":"product_tag-deutscher","38":"product_tag-deutsches","39":"product_tag-deutschland","40":"product_tag-deutschlands","41":"product_tag-draussen","42":"product_tag-einem","43":"product_tag-enteignung","44":"product_tag-enteignungen","45":"product_tag-eppsteinerstrasse","46":"product_tag-foto","47":"product_tag-fotoabzug","48":"product_tag-fotoabzuege","49":"product_tag-fotografie","50":"product_tag-fotografien","51":"product_tag-fotografin","52":"product_tag-fotografinnen","53":"product_tag-frankfurt","54":"product_tag-frankfurt-m","55":"product_tag-frankfurt-main","56":"product_tag-frankfurt-a-main","57":"product_tag-frankfurt-a-m","58":"product_tag-frankfurt-am-main","59":"product_tag-frankfurter","60":"product_tag-gebaeude","61":"product_tag-geschichte","62":"product_tag-graffiti","63":"product_tag-graffito","64":"product_tag-grossaufnahme","65":"product_tag-grossstadt","66":"product_tag-grossstaedte","67":"product_tag-haus","68":"product_tag-hausbesetzung","69":"product_tag-hausbesetzungen","70":"product_tag-haeuser","71":"product_tag-haeuserkampf","72":"product_tag-haeusern","73":"product_tag-haeuserwand","74":"product_tag-haeuserwaende","75":"product_tag-haeuserwaenden","76":"product_tag-hauses","77":"product_tag-hauswand","78":"product_tag-hauswaende","79":"product_tag-hauswaenden","80":"product_tag-hessen","81":"product_tag-hessisch","82":"product_tag-hessische","83":"product_tag-hessischen","84":"product_tag-hessischer","85":"product_tag-hessisches","86":"product_tag-im","87":"product_tag-im-freien","88":"product_tag-in","89":"product_tag-main","90":"product_tag-nahaufnahme","91":"product_tag-photo","92":"product_tag-photoabzug","93":"product_tag-photoabzuege","94":"product_tag-photographie","95":"product_tag-photographien","96":"product_tag-photographin","97":"product_tag-photographinnen","98":"product_tag-print","99":"product_tag-protest","100":"product_tag-proteste","101":"product_tag-querformat","102":"product_tag-s-w-fotografie","103":"product_tag-s-w-photographie","104":"product_tag-schmiererei","105":"product_tag-schrift","106":"product_tag-schwarzweissphotographie","107":"product_tag-schwarz-weiss-fotografie","108":"product_tag-schwarz-weiss-photographie","109":"product_tag-schwarzweiss","110":"product_tag-schwarzweisse","111":"product_tag-schwarzweissen","112":"product_tag-schwarzweisser","113":"product_tag-schwarzweisses","114":"product_tag-schwarzweissfotografie","115":"product_tag-siebziger","116":"product_tag-silbergelatine","117":"product_tag-silbergelatineabzug","118":"product_tag-silbergelatineabzuege","119":"product_tag-silbergelatineprint","120":"product_tag-slogan","121":"product_tag-stadt","122":"product_tag-staedte","123":"product_tag-stadtgeschichte","124":"product_tag-stadtsanierung","125":"product_tag-stadtteil","126":"product_tag-stadtteils","127":"product_tag-stadtviertel","128":"product_tag-sw","129":"product_tag-sw-fotografie","130":"product_tag-sw-photographie","131":"product_tag-tuellmann","132":"product_tag-wand","133":"product_tag-waende","134":"product_tag-waenden","135":"product_tag-westend","136":"product_tag-westends","137":"product_tag-wohngebaeude","138":"product_tag-wohnhaus","139":"product_tag-wohnhaeuser","140":"product_tag-zwangsgeraeumten","141":"product_tag-zwangsraeumung","142":"product_tag-zwangsraeumungen","143":"pa_datierung-august-1970","144":"pa_fotograf-abisag-tuellmann","145":"pa_geografischer_bezug-aufnahmeort-frankfurt-am-main-westend-deutschland","146":"pa_grunddaten_material_technik-foto-silbergelatine-auf-barytpapier","147":"pa_inventarnummer-tue-w-70-058-07","148":"pa_jahr_von-53324","149":"pa_massangaben-bildformat-foto-238-x-294-cm","150":"pa_mediennummer-54694","151":"pa_objekt_typ-fotografie","153":"first","154":"instock","155":"product-type-simple"},"yoast_head":"<!-- This site is optimized with the Yoast SEO plugin v27.4 - https:\/\/yoast.com\/product\/yoast-seo-wordpress\/ -->\n<title>Graffiti an einem zwangsger\u00e4umten Haus im Westend (Eppsteinerstr. 47) - Abisag T\u00fcllmann<\/title>\n<meta name=\"robots\" content=\"index, follow, max-snippet:-1, max-image-preview:large, max-video-preview:-1\" \/>\n<link rel=\"canonical\" href=\"https:\/\/bpk-archive.de\/tuellmann\/produkt\/graffiti-an-einem-zwangsgeraeumten-haus-im-westend-eppsteinerstr-47\/\" \/>\n<meta property=\"og:locale\" content=\"de_DE\" \/>\n<meta property=\"og:type\" content=\"article\" \/>\n<meta property=\"og:title\" content=\"Graffiti an einem zwangsger\u00e4umten Haus im Westend (Eppsteinerstr. 47) - Abisag T\u00fcllmann\" \/>\n<meta property=\"og:description\" content=\"&#8222;Enteignen macht Spass!&#8220; R\u00fcckseitenbeschriftung von anderer Hand: &#8222;Frankfurt am Main &#8211; Westend: H\u00e4userkampf &#8211; Haus Eppsteinerstr. 47&#8220;\" \/>\n<meta property=\"og:url\" content=\"https:\/\/bpk-archive.de\/tuellmann\/produkt\/graffiti-an-einem-zwangsgeraeumten-haus-im-westend-eppsteinerstr-47\/\" \/>\n<meta property=\"og:site_name\" content=\"Abisag T\u00fcllmann\" \/>\n<meta property=\"article:modified_time\" content=\"2020-08-12T08:31:17+00:00\" \/>\n<meta property=\"og:image\" content=\"https:\/\/bpk-archive.de\/tuellmann\/wp-content\/uploads\/2019\/08\/bpk_70298912.jpg\" \/>\n\t<meta property=\"og:image:width\" content=\"1200\" \/>\n\t<meta property=\"og:image:height\" content=\"980\" \/>\n\t<meta property=\"og:image:type\" content=\"image\/jpeg\" \/>\n<meta name=\"twitter:card\" content=\"summary_large_image\" \/>\n<script type=\"application\/ld+json\" class=\"yoast-schema-graph\">{\"@context\":\"https:\\\/\\\/schema.org\",\"@graph\":[{\"@type\":\"WebPage\",\"@id\":\"https:\\\/\\\/bpk-archive.de\\\/tuellmann\\\/produkt\\\/graffiti-an-einem-zwangsgeraeumten-haus-im-westend-eppsteinerstr-47\\\/\",\"url\":\"https:\\\/\\\/bpk-archive.de\\\/tuellmann\\\/produkt\\\/graffiti-an-einem-zwangsgeraeumten-haus-im-westend-eppsteinerstr-47\\\/\",\"name\":\"Graffiti an einem zwangsger\u00e4umten Haus im Westend (Eppsteinerstr. 47) - Abisag T\u00fcllmann\",\"isPartOf\":{\"@id\":\"https:\\\/\\\/bpk-archive.de\\\/tuellmann\\\/#website\"},\"primaryImageOfPage\":{\"@id\":\"https:\\\/\\\/bpk-archive.de\\\/tuellmann\\\/produkt\\\/graffiti-an-einem-zwangsgeraeumten-haus-im-westend-eppsteinerstr-47\\\/#primaryimage\"},\"image\":{\"@id\":\"https:\\\/\\\/bpk-archive.de\\\/tuellmann\\\/produkt\\\/graffiti-an-einem-zwangsgeraeumten-haus-im-westend-eppsteinerstr-47\\\/#primaryimage\"},\"thumbnailUrl\":\"https:\\\/\\\/bpk-archive.de\\\/tuellmann\\\/wp-content\\\/uploads\\\/2019\\\/08\\\/bpk_70298912.jpg\",\"datePublished\":\"2019-09-05T13:09:01+00:00\",\"dateModified\":\"2020-08-12T08:31:17+00:00\",\"breadcrumb\":{\"@id\":\"https:\\\/\\\/bpk-archive.de\\\/tuellmann\\\/produkt\\\/graffiti-an-einem-zwangsgeraeumten-haus-im-westend-eppsteinerstr-47\\\/#breadcrumb\"},\"inLanguage\":\"de\",\"potentialAction\":[{\"@type\":\"ReadAction\",\"target\":[\"https:\\\/\\\/bpk-archive.de\\\/tuellmann\\\/produkt\\\/graffiti-an-einem-zwangsgeraeumten-haus-im-westend-eppsteinerstr-47\\\/\"]}]},{\"@type\":\"ImageObject\",\"inLanguage\":\"de\",\"@id\":\"https:\\\/\\\/bpk-archive.de\\\/tuellmann\\\/produkt\\\/graffiti-an-einem-zwangsgeraeumten-haus-im-westend-eppsteinerstr-47\\\/#primaryimage\",\"url\":\"https:\\\/\\\/bpk-archive.de\\\/tuellmann\\\/wp-content\\\/uploads\\\/2019\\\/08\\\/bpk_70298912.jpg\",\"contentUrl\":\"https:\\\/\\\/bpk-archive.de\\\/tuellmann\\\/wp-content\\\/uploads\\\/2019\\\/08\\\/bpk_70298912.jpg\",\"width\":1200,\"height\":980,\"caption\":\"Graffiti an einem zwangsger\u00e4umten Haus im Westend (Eppsteinerstr. 47)\"},{\"@type\":\"BreadcrumbList\",\"@id\":\"https:\\\/\\\/bpk-archive.de\\\/tuellmann\\\/produkt\\\/graffiti-an-einem-zwangsgeraeumten-haus-im-westend-eppsteinerstr-47\\\/#breadcrumb\",\"itemListElement\":[{\"@type\":\"ListItem\",\"position\":1,\"name\":\"Startseite\",\"item\":\"https:\\\/\\\/bpk-archive.de\\\/tuellmann\\\/\"},{\"@type\":\"ListItem\",\"position\":2,\"name\":\"Shop\",\"item\":\"https:\\\/\\\/bpk-archive.de\\\/tuellmann\\\/shop\\\/\"},{\"@type\":\"ListItem\",\"position\":3,\"name\":\"Graffiti an einem zwangsger\u00e4umten Haus im Westend (Eppsteinerstr. 47)\"}]},{\"@type\":\"WebSite\",\"@id\":\"https:\\\/\\\/bpk-archive.de\\\/tuellmann\\\/#website\",\"url\":\"https:\\\/\\\/bpk-archive.de\\\/tuellmann\\\/\",\"name\":\"Abisag T\u00fcllmann\",\"description\":\"Eine weitere WordPress-Website\",\"potentialAction\":[{\"@type\":\"SearchAction\",\"target\":{\"@type\":\"EntryPoint\",\"urlTemplate\":\"https:\\\/\\\/bpk-archive.de\\\/tuellmann\\\/?s={search_term_string}\"},\"query-input\":{\"@type\":\"PropertyValueSpecification\",\"valueRequired\":true,\"valueName\":\"search_term_string\"}}],\"inLanguage\":\"de\"}]}<\/script>\n<!-- \/ Yoast SEO plugin. -->","yoast_head_json":{"title":"Graffiti an einem zwangsger\u00e4umten Haus im Westend (Eppsteinerstr. 47) - Abisag T\u00fcllmann","robots":{"index":"index","follow":"follow","max-snippet":"max-snippet:-1","max-image-preview":"max-image-preview:large","max-video-preview":"max-video-preview:-1"},"canonical":"https:\/\/bpk-archive.de\/tuellmann\/produkt\/graffiti-an-einem-zwangsgeraeumten-haus-im-westend-eppsteinerstr-47\/","og_locale":"de_DE","og_type":"article","og_title":"Graffiti an einem zwangsger\u00e4umten Haus im Westend (Eppsteinerstr. 47) - Abisag T\u00fcllmann","og_description":"&#8222;Enteignen macht Spass!&#8220; R\u00fcckseitenbeschriftung von anderer Hand: &#8222;Frankfurt am Main &#8211; Westend: H\u00e4userkampf &#8211; Haus Eppsteinerstr. 47&#8220;","og_url":"https:\/\/bpk-archive.de\/tuellmann\/produkt\/graffiti-an-einem-zwangsgeraeumten-haus-im-westend-eppsteinerstr-47\/","og_site_name":"Abisag T\u00fcllmann","article_modified_time":"2020-08-12T08:31:17+00:00","og_image":[{"width":1200,"height":980,"url":"https:\/\/bpk-archive.de\/tuellmann\/wp-content\/uploads\/2019\/08\/bpk_70298912.jpg","type":"image\/jpeg"}],"twitter_card":"summary_large_image","schema":{"@context":"https:\/\/schema.org","@graph":[{"@type":"WebPage","@id":"https:\/\/bpk-archive.de\/tuellmann\/produkt\/graffiti-an-einem-zwangsgeraeumten-haus-im-westend-eppsteinerstr-47\/","url":"https:\/\/bpk-archive.de\/tuellmann\/produkt\/graffiti-an-einem-zwangsgeraeumten-haus-im-westend-eppsteinerstr-47\/","name":"Graffiti an einem zwangsger\u00e4umten Haus im Westend (Eppsteinerstr. 47) - Abisag T\u00fcllmann","isPartOf":{"@id":"https:\/\/bpk-archive.de\/tuellmann\/#website"},"primaryImageOfPage":{"@id":"https:\/\/bpk-archive.de\/tuellmann\/produkt\/graffiti-an-einem-zwangsgeraeumten-haus-im-westend-eppsteinerstr-47\/#primaryimage"},"image":{"@id":"https:\/\/bpk-archive.de\/tuellmann\/produkt\/graffiti-an-einem-zwangsgeraeumten-haus-im-westend-eppsteinerstr-47\/#primaryimage"},"thumbnailUrl":"https:\/\/bpk-archive.de\/tuellmann\/wp-content\/uploads\/2019\/08\/bpk_70298912.jpg","datePublished":"2019-09-05T13:09:01+00:00","dateModified":"2020-08-12T08:31:17+00:00","breadcrumb":{"@id":"https:\/\/bpk-archive.de\/tuellmann\/produkt\/graffiti-an-einem-zwangsgeraeumten-haus-im-westend-eppsteinerstr-47\/#breadcrumb"},"inLanguage":"de","potentialAction":[{"@type":"ReadAction","target":["https:\/\/bpk-archive.de\/tuellmann\/produkt\/graffiti-an-einem-zwangsgeraeumten-haus-im-westend-eppsteinerstr-47\/"]}]},{"@type":"ImageObject","inLanguage":"de","@id":"https:\/\/bpk-archive.de\/tuellmann\/produkt\/graffiti-an-einem-zwangsgeraeumten-haus-im-westend-eppsteinerstr-47\/#primaryimage","url":"https:\/\/bpk-archive.de\/tuellmann\/wp-content\/uploads\/2019\/08\/bpk_70298912.jpg","contentUrl":"https:\/\/bpk-archive.de\/tuellmann\/wp-content\/uploads\/2019\/08\/bpk_70298912.jpg","width":1200,"height":980,"caption":"Graffiti an einem zwangsger\u00e4umten Haus im Westend (Eppsteinerstr. 47)"},{"@type":"BreadcrumbList","@id":"https:\/\/bpk-archive.de\/tuellmann\/produkt\/graffiti-an-einem-zwangsgeraeumten-haus-im-westend-eppsteinerstr-47\/#breadcrumb","itemListElement":[{"@type":"ListItem","position":1,"name":"Startseite","item":"https:\/\/bpk-archive.de\/tuellmann\/"},{"@type":"ListItem","position":2,"name":"Shop","item":"https:\/\/bpk-archive.de\/tuellmann\/shop\/"},{"@type":"ListItem","position":3,"name":"Graffiti an einem zwangsger\u00e4umten Haus im Westend (Eppsteinerstr. 47)"}]},{"@type":"WebSite","@id":"https:\/\/bpk-archive.de\/tuellmann\/#website","url":"https:\/\/bpk-archive.de\/tuellmann\/","name":"Abisag T\u00fcllmann","description":"Eine weitere WordPress-Website","potentialAction":[{"@type":"SearchAction","target":{"@type":"EntryPoint","urlTemplate":"https:\/\/bpk-archive.de\/tuellmann\/?s={search_term_string}"},"query-input":{"@type":"PropertyValueSpecification","valueRequired":true,"valueName":"search_term_string"}}],"inLanguage":"de"}]}},"_links":{"self":[{"href":"https:\/\/bpk-archive.de\/tuellmann\/wp-json\/wp\/v2\/product\/70295519","targetHints":{"allow":["GET"]}}],"collection":[{"href":"https:\/\/bpk-archive.de\/tuellmann\/wp-json\/wp\/v2\/product"}],"about":[{"href":"https:\/\/bpk-archive.de\/tuellmann\/wp-json\/wp\/v2\/types\/product"}],"wp:featuredmedia":[{"embeddable":true,"href":"https:\/\/bpk-archive.de\/tuellmann\/wp-json\/wp\/v2\/media\/70293297"}],"wp:attachment":[{"href":"https:\/\/bpk-archive.de\/tuellmann\/wp-json\/wp\/v2\/media?parent=70295519"}],"wp:term":[{"taxonomy":"product_brand","embeddable":true,"href":"https:\/\/bpk-archive.de\/tuellmann\/wp-json\/wp\/v2\/product_brand?post=70295519"},{"taxonomy":"product_cat","embeddable":true,"href":"https:\/\/bpk-archive.de\/tuellmann\/wp-json\/wp\/v2\/product_cat?post=70295519"},{"taxonomy":"product_tag","embeddable":true,"href":"https:\/\/bpk-archive.de\/tuellmann\/wp-json\/wp\/v2\/product_tag?post=70295519"}],"curies":[{"name":"wp","href":"https:\/\/api.w.org\/{rel}","templated":true}]}}