{"id":70295518,"date":"2019-09-05T15:09:01","date_gmt":"2019-09-05T13:09:01","guid":{"rendered":"http:\/\/abisagtuellmann.bpk-news.de\/atbild\/leerstehendes-haus-im-frankfurter-westend-feuerbachstrasse\/"},"modified":"2019-09-05T15:09:08","modified_gmt":"2019-09-05T13:09:08","slug":"leerstehendes-haus-im-frankfurter-westend-feuerbachstrasse","status":"publish","type":"product","link":"https:\/\/bpk-archive.de\/tuellmann\/produkt\/leerstehendes-haus-im-frankfurter-westend-feuerbachstrasse\/","title":{"rendered":"Leerstehendes Haus im Frankfurter Westend (Feuerbachstra\u00dfe)"},"content":{"rendered":"<p>Graffiti an der Hauswand: &#8222;Hier saniert die SPD&#8220; R\u00fcckseitenbeschriftung von Hand der Fotografin: &#8222;Ffm Westend, Feuerbachstr.&#8220;<\/p>\n","protected":false},"excerpt":{"rendered":"<p>Graffiti an der Hauswand: &#8222;Hier saniert die SPD&#8220; R\u00fcckseitenbeschriftung von Hand der Fotografin: &#8222;Ffm Westend, Feuerbachstr.&#8220;<\/p>\n","protected":false},"featured_media":70293298,"template":"","meta":[],"product_brand":[],"product_cat":[],"product_tag":[13230,13232,13234,13231,13233,13235,53515,53519,14310,13777,51436,53521,13250,48185,48186,47569,47570,47365,47366,47367,13469,13470,13471,13472,13260,53595,53596,13293,13786,13787,13294,13295,13296,13297,13485,13486,13482,13481,13483,13484,47556,47377,47378,47379,47380,47381,47382,14066,49216,49217,47887,47888,47383,47384,53564,47385,47386,48776,48777,13492,13493,13494,13495,13496,13497,13301,54684,48955,48956,48957,48958,48959,53768,13818,13819,13826,53650,53651,53652,49229,49230,48264,48265,47561,47562,13328,13827,13828,13329,13330,13331,13332,48322,13843,13641,13642,13877,13879,54685,13345,13865,13864,13866,13858,13859,13860,13861,13862,13863,13354,13869,13870,13871,13872,49236,54687,54689,54686,54688,54691,54690,54692,47406,47407,53533,53589,48679,48680,48681,13878,13880,48228,53552,53553,47504,47505,47506],"class_list":{"0":"post-70295518","1":"product","2":"type-product","3":"status-publish","4":"has-post-thumbnail","6":"product_tag-1970er-jahre","7":"product_tag-20-jahrhundert-nach-chr","8":"product_tag-20-jh-n-chr","9":"product_tag-20-jahrhundert","10":"product_tag-20-jh","11":"product_tag-70er","12":"product_tag-abbruchhaus","13":"product_tag-abrisshaus","14":"product_tag-abt_004","15":"product_tag-abzug","16":"product_tag-architektur","17":"product_tag-at_westend","18":"product_tag-aussen","19":"product_tag-aussenansicht","20":"product_tag-aussenansichten","21":"product_tag-balkon","22":"product_tag-balkone","23":"product_tag-bauten","24":"product_tag-bauwerk","25":"product_tag-bauwerke","26":"product_tag-brd","27":"product_tag-bundesrepublik-deutschland","28":"product_tag-deutschland","29":"product_tag-deutschlands","30":"product_tag-draussen","31":"product_tag-fassade","32":"product_tag-fassaden","33":"product_tag-foto","34":"product_tag-fotoabzug","35":"product_tag-fotoabzuege","36":"product_tag-fotografie","37":"product_tag-fotografien","38":"product_tag-fotografin","39":"product_tag-fotografinnen","40":"product_tag-frankfurt-m","41":"product_tag-frankfurt-main","42":"product_tag-frankfurt-a-main","43":"product_tag-frankfurt-a-m","44":"product_tag-frankfurt-am-main","45":"product_tag-frankfurter","46":"product_tag-fussgaenger","47":"product_tag-gebaeude","48":"product_tag-gehen","49":"product_tag-gehend","50":"product_tag-gehende","51":"product_tag-gehender","52":"product_tag-gehendes","53":"product_tag-geschichte","54":"product_tag-graffiti","55":"product_tag-graffito","56":"product_tag-grossstadt","57":"product_tag-grossstaedte","58":"product_tag-haus","59":"product_tag-haeuser","60":"product_tag-haeuserkampf","61":"product_tag-haeusern","62":"product_tag-hauses","63":"product_tag-hausfassade","64":"product_tag-hausfassaden","65":"product_tag-hessen","66":"product_tag-hessisch","67":"product_tag-hessische","68":"product_tag-hessischen","69":"product_tag-hessischer","70":"product_tag-hessisches","71":"product_tag-im-freien","72":"product_tag-kritik","73":"product_tag-leer","74":"product_tag-leere","75":"product_tag-leeren","76":"product_tag-leerer","77":"product_tag-leeres","78":"product_tag-leerstand","79":"product_tag-mann","80":"product_tag-maenner","81":"product_tag-mannes","82":"product_tag-mietshaus","83":"product_tag-mietshaeuser","84":"product_tag-mietshauses","85":"product_tag-parole","86":"product_tag-parolen","87":"product_tag-partei","88":"product_tag-parteien","89":"product_tag-passant","90":"product_tag-passanten","91":"product_tag-photo","92":"product_tag-photoabzug","93":"product_tag-photoabzuege","94":"product_tag-photographie","95":"product_tag-photographien","96":"product_tag-photographin","97":"product_tag-photographinnen","98":"product_tag-politik","99":"product_tag-print","100":"product_tag-protest","101":"product_tag-proteste","102":"product_tag-s-w-fotografie","103":"product_tag-s-w-photographie","104":"product_tag-sanierung","105":"product_tag-schriftzug","106":"product_tag-schwarzweissphotographie","107":"product_tag-schwarz-weiss-fotografie","108":"product_tag-schwarz-weiss-photographie","109":"product_tag-schwarzweiss","110":"product_tag-schwarzweisse","111":"product_tag-schwarzweissen","112":"product_tag-schwarzweisser","113":"product_tag-schwarzweisses","114":"product_tag-schwarzweissfotografie","115":"product_tag-siebziger","116":"product_tag-silbergelatine","117":"product_tag-silbergelatineabzug","118":"product_tag-silbergelatineabzuege","119":"product_tag-silbergelatineprint","120":"product_tag-slogan","121":"product_tag-sozial-demokraten","122":"product_tag-sozial-demokratie","123":"product_tag-sozialdemokraten","124":"product_tag-sozialdemokratie","125":"product_tag-sozialdemokratische-partei-deutschlands","126":"product_tag-sozialdemokratischen-partei-deutschlands","127":"product_tag-spd","128":"product_tag-stadt","129":"product_tag-staedte","130":"product_tag-stadtgeschichte","131":"product_tag-stadtsanierung","132":"product_tag-stadtteil","133":"product_tag-stadtteils","134":"product_tag-stadtviertel","135":"product_tag-sw-fotografie","136":"product_tag-sw-photographie","137":"product_tag-von-aussen","138":"product_tag-westend","139":"product_tag-westends","140":"product_tag-wohngebaeude","141":"product_tag-wohnhaus","142":"product_tag-wohnhaeuser","143":"pa_datierung-juni-1974","144":"pa_fotograf-abisag-tuellmann","145":"pa_geografischer_bezug-aufnahmeort-frankfurt-am-main-westend-deutschland","146":"pa_grunddaten_material_technik-foto-silbergelatine-auf-barytpapier","147":"pa_inventarnummer-tue-w-74-072-30","148":"pa_jahr_von-51802","149":"pa_massangaben-bildformat-foto-236-x-298-cm","150":"pa_mediennummer-54680","151":"pa_objekt_typ-fotografie","153":"first","154":"instock","155":"product-type-simple"},"yoast_head":"<!-- This site is optimized with the Yoast SEO plugin v27.3 - https:\/\/yoast.com\/product\/yoast-seo-wordpress\/ -->\n<title>Leerstehendes Haus im Frankfurter Westend (Feuerbachstra\u00dfe) - Abisag T\u00fcllmann<\/title>\n<meta name=\"robots\" content=\"index, follow, max-snippet:-1, max-image-preview:large, max-video-preview:-1\" \/>\n<link rel=\"canonical\" href=\"https:\/\/bpk-archive.de\/tuellmann\/produkt\/leerstehendes-haus-im-frankfurter-westend-feuerbachstrasse\/\" \/>\n<meta property=\"og:locale\" content=\"de_DE\" \/>\n<meta property=\"og:type\" content=\"article\" \/>\n<meta property=\"og:title\" content=\"Leerstehendes Haus im Frankfurter Westend (Feuerbachstra\u00dfe) - Abisag T\u00fcllmann\" \/>\n<meta property=\"og:description\" content=\"Graffiti an der Hauswand: &#8222;Hier saniert die SPD&#8220; R\u00fcckseitenbeschriftung von Hand der Fotografin: &#8222;Ffm Westend, Feuerbachstr.&#8220;\" \/>\n<meta property=\"og:url\" content=\"https:\/\/bpk-archive.de\/tuellmann\/produkt\/leerstehendes-haus-im-frankfurter-westend-feuerbachstrasse\/\" \/>\n<meta property=\"og:site_name\" content=\"Abisag T\u00fcllmann\" \/>\n<meta property=\"article:modified_time\" content=\"2019-09-05T13:09:08+00:00\" \/>\n<meta property=\"og:image\" content=\"https:\/\/bpk-archive.de\/tuellmann\/wp-content\/uploads\/2019\/08\/bpk_70298913.jpg\" \/>\n\t<meta property=\"og:image:width\" content=\"1200\" \/>\n\t<meta property=\"og:image:height\" content=\"962\" \/>\n\t<meta property=\"og:image:type\" content=\"image\/jpeg\" \/>\n<meta name=\"twitter:card\" content=\"summary_large_image\" \/>\n<script type=\"application\/ld+json\" class=\"yoast-schema-graph\">{\"@context\":\"https:\\\/\\\/schema.org\",\"@graph\":[{\"@type\":\"WebPage\",\"@id\":\"https:\\\/\\\/bpk-archive.de\\\/tuellmann\\\/produkt\\\/leerstehendes-haus-im-frankfurter-westend-feuerbachstrasse\\\/\",\"url\":\"https:\\\/\\\/bpk-archive.de\\\/tuellmann\\\/produkt\\\/leerstehendes-haus-im-frankfurter-westend-feuerbachstrasse\\\/\",\"name\":\"Leerstehendes Haus im Frankfurter Westend (Feuerbachstra\u00dfe) - Abisag T\u00fcllmann\",\"isPartOf\":{\"@id\":\"https:\\\/\\\/bpk-archive.de\\\/tuellmann\\\/#website\"},\"primaryImageOfPage\":{\"@id\":\"https:\\\/\\\/bpk-archive.de\\\/tuellmann\\\/produkt\\\/leerstehendes-haus-im-frankfurter-westend-feuerbachstrasse\\\/#primaryimage\"},\"image\":{\"@id\":\"https:\\\/\\\/bpk-archive.de\\\/tuellmann\\\/produkt\\\/leerstehendes-haus-im-frankfurter-westend-feuerbachstrasse\\\/#primaryimage\"},\"thumbnailUrl\":\"https:\\\/\\\/bpk-archive.de\\\/tuellmann\\\/wp-content\\\/uploads\\\/2019\\\/08\\\/bpk_70298913.jpg\",\"datePublished\":\"2019-09-05T13:09:01+00:00\",\"dateModified\":\"2019-09-05T13:09:08+00:00\",\"breadcrumb\":{\"@id\":\"https:\\\/\\\/bpk-archive.de\\\/tuellmann\\\/produkt\\\/leerstehendes-haus-im-frankfurter-westend-feuerbachstrasse\\\/#breadcrumb\"},\"inLanguage\":\"de\",\"potentialAction\":[{\"@type\":\"ReadAction\",\"target\":[\"https:\\\/\\\/bpk-archive.de\\\/tuellmann\\\/produkt\\\/leerstehendes-haus-im-frankfurter-westend-feuerbachstrasse\\\/\"]}]},{\"@type\":\"ImageObject\",\"inLanguage\":\"de\",\"@id\":\"https:\\\/\\\/bpk-archive.de\\\/tuellmann\\\/produkt\\\/leerstehendes-haus-im-frankfurter-westend-feuerbachstrasse\\\/#primaryimage\",\"url\":\"https:\\\/\\\/bpk-archive.de\\\/tuellmann\\\/wp-content\\\/uploads\\\/2019\\\/08\\\/bpk_70298913.jpg\",\"contentUrl\":\"https:\\\/\\\/bpk-archive.de\\\/tuellmann\\\/wp-content\\\/uploads\\\/2019\\\/08\\\/bpk_70298913.jpg\",\"width\":1200,\"height\":962,\"caption\":\"Leerstehendes Haus im Frankfurter Westend (Feuerbachstra\u00dfe)\"},{\"@type\":\"BreadcrumbList\",\"@id\":\"https:\\\/\\\/bpk-archive.de\\\/tuellmann\\\/produkt\\\/leerstehendes-haus-im-frankfurter-westend-feuerbachstrasse\\\/#breadcrumb\",\"itemListElement\":[{\"@type\":\"ListItem\",\"position\":1,\"name\":\"Startseite\",\"item\":\"https:\\\/\\\/bpk-archive.de\\\/tuellmann\\\/\"},{\"@type\":\"ListItem\",\"position\":2,\"name\":\"Shop\",\"item\":\"https:\\\/\\\/bpk-archive.de\\\/tuellmann\\\/shop\\\/\"},{\"@type\":\"ListItem\",\"position\":3,\"name\":\"Leerstehendes Haus im Frankfurter Westend (Feuerbachstra\u00dfe)\"}]},{\"@type\":\"WebSite\",\"@id\":\"https:\\\/\\\/bpk-archive.de\\\/tuellmann\\\/#website\",\"url\":\"https:\\\/\\\/bpk-archive.de\\\/tuellmann\\\/\",\"name\":\"Abisag T\u00fcllmann\",\"description\":\"Eine weitere WordPress-Website\",\"potentialAction\":[{\"@type\":\"SearchAction\",\"target\":{\"@type\":\"EntryPoint\",\"urlTemplate\":\"https:\\\/\\\/bpk-archive.de\\\/tuellmann\\\/?s={search_term_string}\"},\"query-input\":{\"@type\":\"PropertyValueSpecification\",\"valueRequired\":true,\"valueName\":\"search_term_string\"}}],\"inLanguage\":\"de\"}]}<\/script>\n<!-- \/ Yoast SEO plugin. -->","yoast_head_json":{"title":"Leerstehendes Haus im Frankfurter Westend (Feuerbachstra\u00dfe) - Abisag T\u00fcllmann","robots":{"index":"index","follow":"follow","max-snippet":"max-snippet:-1","max-image-preview":"max-image-preview:large","max-video-preview":"max-video-preview:-1"},"canonical":"https:\/\/bpk-archive.de\/tuellmann\/produkt\/leerstehendes-haus-im-frankfurter-westend-feuerbachstrasse\/","og_locale":"de_DE","og_type":"article","og_title":"Leerstehendes Haus im Frankfurter Westend (Feuerbachstra\u00dfe) - Abisag T\u00fcllmann","og_description":"Graffiti an der Hauswand: &#8222;Hier saniert die SPD&#8220; R\u00fcckseitenbeschriftung von Hand der Fotografin: &#8222;Ffm Westend, Feuerbachstr.&#8220;","og_url":"https:\/\/bpk-archive.de\/tuellmann\/produkt\/leerstehendes-haus-im-frankfurter-westend-feuerbachstrasse\/","og_site_name":"Abisag T\u00fcllmann","article_modified_time":"2019-09-05T13:09:08+00:00","og_image":[{"width":1200,"height":962,"url":"https:\/\/bpk-archive.de\/tuellmann\/wp-content\/uploads\/2019\/08\/bpk_70298913.jpg","type":"image\/jpeg"}],"twitter_card":"summary_large_image","schema":{"@context":"https:\/\/schema.org","@graph":[{"@type":"WebPage","@id":"https:\/\/bpk-archive.de\/tuellmann\/produkt\/leerstehendes-haus-im-frankfurter-westend-feuerbachstrasse\/","url":"https:\/\/bpk-archive.de\/tuellmann\/produkt\/leerstehendes-haus-im-frankfurter-westend-feuerbachstrasse\/","name":"Leerstehendes Haus im Frankfurter Westend (Feuerbachstra\u00dfe) - Abisag T\u00fcllmann","isPartOf":{"@id":"https:\/\/bpk-archive.de\/tuellmann\/#website"},"primaryImageOfPage":{"@id":"https:\/\/bpk-archive.de\/tuellmann\/produkt\/leerstehendes-haus-im-frankfurter-westend-feuerbachstrasse\/#primaryimage"},"image":{"@id":"https:\/\/bpk-archive.de\/tuellmann\/produkt\/leerstehendes-haus-im-frankfurter-westend-feuerbachstrasse\/#primaryimage"},"thumbnailUrl":"https:\/\/bpk-archive.de\/tuellmann\/wp-content\/uploads\/2019\/08\/bpk_70298913.jpg","datePublished":"2019-09-05T13:09:01+00:00","dateModified":"2019-09-05T13:09:08+00:00","breadcrumb":{"@id":"https:\/\/bpk-archive.de\/tuellmann\/produkt\/leerstehendes-haus-im-frankfurter-westend-feuerbachstrasse\/#breadcrumb"},"inLanguage":"de","potentialAction":[{"@type":"ReadAction","target":["https:\/\/bpk-archive.de\/tuellmann\/produkt\/leerstehendes-haus-im-frankfurter-westend-feuerbachstrasse\/"]}]},{"@type":"ImageObject","inLanguage":"de","@id":"https:\/\/bpk-archive.de\/tuellmann\/produkt\/leerstehendes-haus-im-frankfurter-westend-feuerbachstrasse\/#primaryimage","url":"https:\/\/bpk-archive.de\/tuellmann\/wp-content\/uploads\/2019\/08\/bpk_70298913.jpg","contentUrl":"https:\/\/bpk-archive.de\/tuellmann\/wp-content\/uploads\/2019\/08\/bpk_70298913.jpg","width":1200,"height":962,"caption":"Leerstehendes Haus im Frankfurter Westend (Feuerbachstra\u00dfe)"},{"@type":"BreadcrumbList","@id":"https:\/\/bpk-archive.de\/tuellmann\/produkt\/leerstehendes-haus-im-frankfurter-westend-feuerbachstrasse\/#breadcrumb","itemListElement":[{"@type":"ListItem","position":1,"name":"Startseite","item":"https:\/\/bpk-archive.de\/tuellmann\/"},{"@type":"ListItem","position":2,"name":"Shop","item":"https:\/\/bpk-archive.de\/tuellmann\/shop\/"},{"@type":"ListItem","position":3,"name":"Leerstehendes Haus im Frankfurter Westend (Feuerbachstra\u00dfe)"}]},{"@type":"WebSite","@id":"https:\/\/bpk-archive.de\/tuellmann\/#website","url":"https:\/\/bpk-archive.de\/tuellmann\/","name":"Abisag T\u00fcllmann","description":"Eine weitere WordPress-Website","potentialAction":[{"@type":"SearchAction","target":{"@type":"EntryPoint","urlTemplate":"https:\/\/bpk-archive.de\/tuellmann\/?s={search_term_string}"},"query-input":{"@type":"PropertyValueSpecification","valueRequired":true,"valueName":"search_term_string"}}],"inLanguage":"de"}]}},"_links":{"self":[{"href":"https:\/\/bpk-archive.de\/tuellmann\/wp-json\/wp\/v2\/product\/70295518","targetHints":{"allow":["GET"]}}],"collection":[{"href":"https:\/\/bpk-archive.de\/tuellmann\/wp-json\/wp\/v2\/product"}],"about":[{"href":"https:\/\/bpk-archive.de\/tuellmann\/wp-json\/wp\/v2\/types\/product"}],"wp:featuredmedia":[{"embeddable":true,"href":"https:\/\/bpk-archive.de\/tuellmann\/wp-json\/wp\/v2\/media\/70293298"}],"wp:attachment":[{"href":"https:\/\/bpk-archive.de\/tuellmann\/wp-json\/wp\/v2\/media?parent=70295518"}],"wp:term":[{"taxonomy":"product_brand","embeddable":true,"href":"https:\/\/bpk-archive.de\/tuellmann\/wp-json\/wp\/v2\/product_brand?post=70295518"},{"taxonomy":"product_cat","embeddable":true,"href":"https:\/\/bpk-archive.de\/tuellmann\/wp-json\/wp\/v2\/product_cat?post=70295518"},{"taxonomy":"product_tag","embeddable":true,"href":"https:\/\/bpk-archive.de\/tuellmann\/wp-json\/wp\/v2\/product_tag?post=70295518"}],"curies":[{"name":"wp","href":"https:\/\/api.w.org\/{rel}","templated":true}]}}