{"id":70295500,"date":"2019-09-05T15:08:40","date_gmt":"2019-09-05T13:08:40","guid":{"rendered":"http:\/\/abisagtuellmann.bpk-news.de\/atbild\/zum-abriss-vorgesehener-altbau-im-frankfurter-westend-oberlindau-ecke-grueneburgweg-2\/"},"modified":"2019-09-05T15:08:50","modified_gmt":"2019-09-05T13:08:50","slug":"zum-abriss-vorgesehener-altbau-im-frankfurter-westend-oberlindau-ecke-grueneburgweg-2","status":"publish","type":"product","link":"https:\/\/bpk-archive.de\/tuellmann\/produkt\/zum-abriss-vorgesehener-altbau-im-frankfurter-westend-oberlindau-ecke-grueneburgweg-2\/","title":{"rendered":"Zum Abriss vorgesehener Altbau im Frankfurter Westend (Oberlindau \/ Ecke Gr\u00fcneburgweg)"},"content":{"rendered":"<p>R\u00fcckseitenbeschriftung von Hand der Fotografin: &#8222;Oberlindau, Ecke Gr\u00fcneburgweg, 1966)&#8220;<\/p>\n","protected":false},"excerpt":{"rendered":"<p>R\u00fcckseitenbeschriftung von Hand der Fotografin: &#8222;Oberlindau, Ecke Gr\u00fcneburgweg, 1966)&#8220;<\/p>\n","protected":false},"featured_media":70293283,"template":"","meta":[],"product_brand":[],"product_cat":[],"product_tag":[13774,13232,13234,13231,13233,13775,53514,53515,53516,53517,53518,53519,53520,13777,53249,53250,51436,51558,51559,51560,51561,51562,51563,53521,13250,48185,48186,53522,47365,47366,47367,13469,13470,51751,13253,13254,13255,13256,13257,13471,13472,13260,54251,13293,13786,13787,13294,13295,13296,13297,13485,13486,13482,13481,13483,13484,47556,47377,53523,54211,14066,47887,47888,54212,47383,54252,54253,47384,54254,54255,47385,47386,13492,13493,13494,13495,13496,13497,13301,53525,51234,53768,47561,47562,13328,13827,13828,13329,13330,13331,13332,13843,13877,13879,13865,13864,13866,13858,13859,13860,13861,13862,13863,13867,13869,13870,13871,13872,53528,47406,47407,53529,53530,53531,53532,53533,54583,54584,53534,53535,53536,53537,53538,51772,53589,48679,48680,48681,51243,51244,51245,48165,48166,54390,47408,47409,13878,13880,51685,51686,51687,51688,53539,53540,53541,53542,53543,53544,53545,53546,53547,53548,53549,48228,53550,53551,53552,53553,47504,47505,47506],"class_list":{"0":"post-70295500","1":"product","2":"type-product","3":"status-publish","4":"has-post-thumbnail","6":"product_tag-1960er-jahre","7":"product_tag-20-jahrhundert-nach-chr","8":"product_tag-20-jh-n-chr","9":"product_tag-20-jahrhundert","10":"product_tag-20-jh","11":"product_tag-60er","12":"product_tag-abbruch","13":"product_tag-abbruchhaus","14":"product_tag-abreissen","15":"product_tag-abriss","16":"product_tag-abrissarbeiten","17":"product_tag-abrisshaus","18":"product_tag-abt_023","19":"product_tag-abzug","20":"product_tag-altbau","21":"product_tag-altbauten","22":"product_tag-architektur","23":"product_tag-architekturaufnahme","24":"product_tag-architekturaufnahmen","25":"product_tag-architekturfotografie","26":"product_tag-architekturfotografien","27":"product_tag-architekturphotographie","28":"product_tag-architekturphotographien","29":"product_tag-at_westend","30":"product_tag-aussen","31":"product_tag-aussenansicht","32":"product_tag-aussenansichten","33":"product_tag-bauspekulation","34":"product_tag-bauten","35":"product_tag-bauwerk","36":"product_tag-bauwerke","37":"product_tag-brd","38":"product_tag-bundesrepublik-deutschland","39":"product_tag-city","40":"product_tag-deutsch","41":"product_tag-deutsche","42":"product_tag-deutschen","43":"product_tag-deutscher","44":"product_tag-deutsches","45":"product_tag-deutschland","46":"product_tag-deutschlands","47":"product_tag-draussen","48":"product_tag-eckhaus","49":"product_tag-foto","50":"product_tag-fotoabzug","51":"product_tag-fotoabzuege","52":"product_tag-fotografie","53":"product_tag-fotografien","54":"product_tag-fotografin","55":"product_tag-fotografinnen","56":"product_tag-frankfurt-m","57":"product_tag-frankfurt-main","58":"product_tag-frankfurt-a-main","59":"product_tag-frankfurt-a-m","60":"product_tag-frankfurt-am-main","61":"product_tag-frankfurter","62":"product_tag-fussgaenger","63":"product_tag-gebaeude","64":"product_tag-gentrifizierung","65":"product_tag-gesamtansicht","66":"product_tag-geschichte","67":"product_tag-grossstadt","68":"product_tag-grossstaedte","69":"product_tag-gruenderzeit","70":"product_tag-haus","71":"product_tag-hausecke","72":"product_tag-hausecken","73":"product_tag-haeuser","74":"product_tag-haeuserecke","75":"product_tag-haeuserecken","76":"product_tag-haeusern","77":"product_tag-hauses","78":"product_tag-hessen","79":"product_tag-hessisch","80":"product_tag-hessische","81":"product_tag-hessischen","82":"product_tag-hessischer","83":"product_tag-hessisches","84":"product_tag-im-freien","85":"product_tag-immobilienwirtschaft","86":"product_tag-innenstadt","87":"product_tag-leerstand","88":"product_tag-passant","89":"product_tag-passanten","90":"product_tag-photo","91":"product_tag-photoabzug","92":"product_tag-photoabzuege","93":"product_tag-photographie","94":"product_tag-photographien","95":"product_tag-photographin","96":"product_tag-photographinnen","97":"product_tag-print","98":"product_tag-s-w-fotografie","99":"product_tag-s-w-photographie","100":"product_tag-schwarzweissphotographie","101":"product_tag-schwarz-weiss-fotografie","102":"product_tag-schwarz-weiss-photographie","103":"product_tag-schwarzweiss","104":"product_tag-schwarzweisse","105":"product_tag-schwarzweissen","106":"product_tag-schwarzweisser","107":"product_tag-schwarzweisses","108":"product_tag-schwarzweissfotografie","109":"product_tag-sechziger","110":"product_tag-silbergelatine","111":"product_tag-silbergelatineabzug","112":"product_tag-silbergelatineabzuege","113":"product_tag-silbergelatineprint","114":"product_tag-spekulation","115":"product_tag-stadt","116":"product_tag-staedte","117":"product_tag-staedtebau","118":"product_tag-staedtebaulich","119":"product_tag-staedtebauliche","120":"product_tag-staedtebaulicher","121":"product_tag-stadtgeschichte","122":"product_tag-stadthaus","123":"product_tag-stadthauses","124":"product_tag-staedtisch","125":"product_tag-staedtische","126":"product_tag-staedtischen","127":"product_tag-staedtischer","128":"product_tag-staedtisches","129":"product_tag-stadtmitte","130":"product_tag-stadtsanierung","131":"product_tag-stadtteil","132":"product_tag-stadtteils","133":"product_tag-stadtviertel","134":"product_tag-stadtzentren","135":"product_tag-stadtzentrum","136":"product_tag-stadtzentrums","137":"product_tag-strasse","138":"product_tag-strassen","139":"product_tag-strassenkreuzung","140":"product_tag-strassenleben","141":"product_tag-strassenszene","142":"product_tag-sw-fotografie","143":"product_tag-sw-photographie","144":"product_tag-turm","145":"product_tag-tuerme","146":"product_tag-tuermen","147":"product_tag-turms","148":"product_tag-urban","149":"product_tag-urbane","150":"product_tag-urbanen","151":"product_tag-urbaner","152":"product_tag-urbanes","153":"product_tag-urbanistik","154":"product_tag-urbanitaet","155":"product_tag-veraenderung","156":"product_tag-veraenderungen","157":"product_tag-verwandlung","158":"product_tag-verwandlungen","159":"product_tag-von-aussen","160":"product_tag-wandel","161":"product_tag-wandels","162":"product_tag-westend","163":"product_tag-westends","164":"product_tag-wohngebaeude","165":"product_tag-wohnhaus","166":"product_tag-wohnhaeuser","167":"pa_datierung-september-1966","168":"pa_fotograf-abisag-tuellmann","169":"pa_geografischer_bezug-aufnahmeort-frankfurt-am-main-westend-deutschland","170":"pa_grunddaten_material_technik-foto-silbergelatine-auf-barytpapier","171":"pa_inventarnummer-tue-w-66-038-01a","172":"pa_jahr_von-54557","173":"pa_massangaben-bildformat-foto-302-x-397-cm","174":"pa_mediennummer-54585","175":"pa_objekt_typ-fotografie","177":"first","178":"instock","179":"product-type-simple"},"yoast_head":"<!-- This site is optimized with the Yoast SEO plugin v27.3 - https:\/\/yoast.com\/product\/yoast-seo-wordpress\/ -->\n<title>Zum Abriss vorgesehener Altbau im Frankfurter Westend (Oberlindau \/ Ecke Gr\u00fcneburgweg) - Abisag T\u00fcllmann<\/title>\n<meta name=\"robots\" content=\"index, follow, max-snippet:-1, max-image-preview:large, max-video-preview:-1\" \/>\n<link rel=\"canonical\" href=\"https:\/\/bpk-archive.de\/tuellmann\/produkt\/zum-abriss-vorgesehener-altbau-im-frankfurter-westend-oberlindau-ecke-grueneburgweg-2\/\" \/>\n<meta property=\"og:locale\" content=\"de_DE\" \/>\n<meta property=\"og:type\" content=\"article\" \/>\n<meta property=\"og:title\" content=\"Zum Abriss vorgesehener Altbau im Frankfurter Westend (Oberlindau \/ Ecke Gr\u00fcneburgweg) - Abisag T\u00fcllmann\" \/>\n<meta property=\"og:description\" content=\"R\u00fcckseitenbeschriftung von Hand der Fotografin: &#8222;Oberlindau, Ecke Gr\u00fcneburgweg, 1966)&#8220;\" \/>\n<meta property=\"og:url\" content=\"https:\/\/bpk-archive.de\/tuellmann\/produkt\/zum-abriss-vorgesehener-altbau-im-frankfurter-westend-oberlindau-ecke-grueneburgweg-2\/\" \/>\n<meta property=\"og:site_name\" content=\"Abisag T\u00fcllmann\" \/>\n<meta property=\"article:modified_time\" content=\"2019-09-05T13:08:50+00:00\" \/>\n<meta property=\"og:image\" content=\"https:\/\/bpk-archive.de\/tuellmann\/wp-content\/uploads\/2019\/08\/bpk_70298893.jpg\" \/>\n\t<meta property=\"og:image:width\" content=\"1200\" \/>\n\t<meta property=\"og:image:height\" content=\"918\" \/>\n\t<meta property=\"og:image:type\" content=\"image\/jpeg\" \/>\n<meta name=\"twitter:card\" content=\"summary_large_image\" \/>\n<script type=\"application\/ld+json\" class=\"yoast-schema-graph\">{\"@context\":\"https:\\\/\\\/schema.org\",\"@graph\":[{\"@type\":\"WebPage\",\"@id\":\"https:\\\/\\\/bpk-archive.de\\\/tuellmann\\\/produkt\\\/zum-abriss-vorgesehener-altbau-im-frankfurter-westend-oberlindau-ecke-grueneburgweg-2\\\/\",\"url\":\"https:\\\/\\\/bpk-archive.de\\\/tuellmann\\\/produkt\\\/zum-abriss-vorgesehener-altbau-im-frankfurter-westend-oberlindau-ecke-grueneburgweg-2\\\/\",\"name\":\"Zum Abriss vorgesehener Altbau im Frankfurter Westend (Oberlindau \\\/ Ecke Gr\u00fcneburgweg) - Abisag T\u00fcllmann\",\"isPartOf\":{\"@id\":\"https:\\\/\\\/bpk-archive.de\\\/tuellmann\\\/#website\"},\"primaryImageOfPage\":{\"@id\":\"https:\\\/\\\/bpk-archive.de\\\/tuellmann\\\/produkt\\\/zum-abriss-vorgesehener-altbau-im-frankfurter-westend-oberlindau-ecke-grueneburgweg-2\\\/#primaryimage\"},\"image\":{\"@id\":\"https:\\\/\\\/bpk-archive.de\\\/tuellmann\\\/produkt\\\/zum-abriss-vorgesehener-altbau-im-frankfurter-westend-oberlindau-ecke-grueneburgweg-2\\\/#primaryimage\"},\"thumbnailUrl\":\"https:\\\/\\\/bpk-archive.de\\\/tuellmann\\\/wp-content\\\/uploads\\\/2019\\\/08\\\/bpk_70298893.jpg\",\"datePublished\":\"2019-09-05T13:08:40+00:00\",\"dateModified\":\"2019-09-05T13:08:50+00:00\",\"breadcrumb\":{\"@id\":\"https:\\\/\\\/bpk-archive.de\\\/tuellmann\\\/produkt\\\/zum-abriss-vorgesehener-altbau-im-frankfurter-westend-oberlindau-ecke-grueneburgweg-2\\\/#breadcrumb\"},\"inLanguage\":\"de\",\"potentialAction\":[{\"@type\":\"ReadAction\",\"target\":[\"https:\\\/\\\/bpk-archive.de\\\/tuellmann\\\/produkt\\\/zum-abriss-vorgesehener-altbau-im-frankfurter-westend-oberlindau-ecke-grueneburgweg-2\\\/\"]}]},{\"@type\":\"ImageObject\",\"inLanguage\":\"de\",\"@id\":\"https:\\\/\\\/bpk-archive.de\\\/tuellmann\\\/produkt\\\/zum-abriss-vorgesehener-altbau-im-frankfurter-westend-oberlindau-ecke-grueneburgweg-2\\\/#primaryimage\",\"url\":\"https:\\\/\\\/bpk-archive.de\\\/tuellmann\\\/wp-content\\\/uploads\\\/2019\\\/08\\\/bpk_70298893.jpg\",\"contentUrl\":\"https:\\\/\\\/bpk-archive.de\\\/tuellmann\\\/wp-content\\\/uploads\\\/2019\\\/08\\\/bpk_70298893.jpg\",\"width\":1200,\"height\":918,\"caption\":\"Zum Abriss vorgesehener Altbau im Frankfurter Westend (Oberlindau \\\/ Ecke Gr\u00fcneburgweg)\"},{\"@type\":\"BreadcrumbList\",\"@id\":\"https:\\\/\\\/bpk-archive.de\\\/tuellmann\\\/produkt\\\/zum-abriss-vorgesehener-altbau-im-frankfurter-westend-oberlindau-ecke-grueneburgweg-2\\\/#breadcrumb\",\"itemListElement\":[{\"@type\":\"ListItem\",\"position\":1,\"name\":\"Startseite\",\"item\":\"https:\\\/\\\/bpk-archive.de\\\/tuellmann\\\/\"},{\"@type\":\"ListItem\",\"position\":2,\"name\":\"Shop\",\"item\":\"https:\\\/\\\/bpk-archive.de\\\/tuellmann\\\/shop\\\/\"},{\"@type\":\"ListItem\",\"position\":3,\"name\":\"Zum Abriss vorgesehener Altbau im Frankfurter Westend (Oberlindau \\\/ Ecke Gr\u00fcneburgweg)\"}]},{\"@type\":\"WebSite\",\"@id\":\"https:\\\/\\\/bpk-archive.de\\\/tuellmann\\\/#website\",\"url\":\"https:\\\/\\\/bpk-archive.de\\\/tuellmann\\\/\",\"name\":\"Abisag T\u00fcllmann\",\"description\":\"Eine weitere WordPress-Website\",\"potentialAction\":[{\"@type\":\"SearchAction\",\"target\":{\"@type\":\"EntryPoint\",\"urlTemplate\":\"https:\\\/\\\/bpk-archive.de\\\/tuellmann\\\/?s={search_term_string}\"},\"query-input\":{\"@type\":\"PropertyValueSpecification\",\"valueRequired\":true,\"valueName\":\"search_term_string\"}}],\"inLanguage\":\"de\"}]}<\/script>\n<!-- \/ Yoast SEO plugin. -->","yoast_head_json":{"title":"Zum Abriss vorgesehener Altbau im Frankfurter Westend (Oberlindau \/ Ecke Gr\u00fcneburgweg) - Abisag T\u00fcllmann","robots":{"index":"index","follow":"follow","max-snippet":"max-snippet:-1","max-image-preview":"max-image-preview:large","max-video-preview":"max-video-preview:-1"},"canonical":"https:\/\/bpk-archive.de\/tuellmann\/produkt\/zum-abriss-vorgesehener-altbau-im-frankfurter-westend-oberlindau-ecke-grueneburgweg-2\/","og_locale":"de_DE","og_type":"article","og_title":"Zum Abriss vorgesehener Altbau im Frankfurter Westend (Oberlindau \/ Ecke Gr\u00fcneburgweg) - Abisag T\u00fcllmann","og_description":"R\u00fcckseitenbeschriftung von Hand der Fotografin: &#8222;Oberlindau, Ecke Gr\u00fcneburgweg, 1966)&#8220;","og_url":"https:\/\/bpk-archive.de\/tuellmann\/produkt\/zum-abriss-vorgesehener-altbau-im-frankfurter-westend-oberlindau-ecke-grueneburgweg-2\/","og_site_name":"Abisag T\u00fcllmann","article_modified_time":"2019-09-05T13:08:50+00:00","og_image":[{"width":1200,"height":918,"url":"https:\/\/bpk-archive.de\/tuellmann\/wp-content\/uploads\/2019\/08\/bpk_70298893.jpg","type":"image\/jpeg"}],"twitter_card":"summary_large_image","schema":{"@context":"https:\/\/schema.org","@graph":[{"@type":"WebPage","@id":"https:\/\/bpk-archive.de\/tuellmann\/produkt\/zum-abriss-vorgesehener-altbau-im-frankfurter-westend-oberlindau-ecke-grueneburgweg-2\/","url":"https:\/\/bpk-archive.de\/tuellmann\/produkt\/zum-abriss-vorgesehener-altbau-im-frankfurter-westend-oberlindau-ecke-grueneburgweg-2\/","name":"Zum Abriss vorgesehener Altbau im Frankfurter Westend (Oberlindau \/ Ecke Gr\u00fcneburgweg) - Abisag T\u00fcllmann","isPartOf":{"@id":"https:\/\/bpk-archive.de\/tuellmann\/#website"},"primaryImageOfPage":{"@id":"https:\/\/bpk-archive.de\/tuellmann\/produkt\/zum-abriss-vorgesehener-altbau-im-frankfurter-westend-oberlindau-ecke-grueneburgweg-2\/#primaryimage"},"image":{"@id":"https:\/\/bpk-archive.de\/tuellmann\/produkt\/zum-abriss-vorgesehener-altbau-im-frankfurter-westend-oberlindau-ecke-grueneburgweg-2\/#primaryimage"},"thumbnailUrl":"https:\/\/bpk-archive.de\/tuellmann\/wp-content\/uploads\/2019\/08\/bpk_70298893.jpg","datePublished":"2019-09-05T13:08:40+00:00","dateModified":"2019-09-05T13:08:50+00:00","breadcrumb":{"@id":"https:\/\/bpk-archive.de\/tuellmann\/produkt\/zum-abriss-vorgesehener-altbau-im-frankfurter-westend-oberlindau-ecke-grueneburgweg-2\/#breadcrumb"},"inLanguage":"de","potentialAction":[{"@type":"ReadAction","target":["https:\/\/bpk-archive.de\/tuellmann\/produkt\/zum-abriss-vorgesehener-altbau-im-frankfurter-westend-oberlindau-ecke-grueneburgweg-2\/"]}]},{"@type":"ImageObject","inLanguage":"de","@id":"https:\/\/bpk-archive.de\/tuellmann\/produkt\/zum-abriss-vorgesehener-altbau-im-frankfurter-westend-oberlindau-ecke-grueneburgweg-2\/#primaryimage","url":"https:\/\/bpk-archive.de\/tuellmann\/wp-content\/uploads\/2019\/08\/bpk_70298893.jpg","contentUrl":"https:\/\/bpk-archive.de\/tuellmann\/wp-content\/uploads\/2019\/08\/bpk_70298893.jpg","width":1200,"height":918,"caption":"Zum Abriss vorgesehener Altbau im Frankfurter Westend (Oberlindau \/ Ecke Gr\u00fcneburgweg)"},{"@type":"BreadcrumbList","@id":"https:\/\/bpk-archive.de\/tuellmann\/produkt\/zum-abriss-vorgesehener-altbau-im-frankfurter-westend-oberlindau-ecke-grueneburgweg-2\/#breadcrumb","itemListElement":[{"@type":"ListItem","position":1,"name":"Startseite","item":"https:\/\/bpk-archive.de\/tuellmann\/"},{"@type":"ListItem","position":2,"name":"Shop","item":"https:\/\/bpk-archive.de\/tuellmann\/shop\/"},{"@type":"ListItem","position":3,"name":"Zum Abriss vorgesehener Altbau im Frankfurter Westend (Oberlindau \/ Ecke Gr\u00fcneburgweg)"}]},{"@type":"WebSite","@id":"https:\/\/bpk-archive.de\/tuellmann\/#website","url":"https:\/\/bpk-archive.de\/tuellmann\/","name":"Abisag T\u00fcllmann","description":"Eine weitere WordPress-Website","potentialAction":[{"@type":"SearchAction","target":{"@type":"EntryPoint","urlTemplate":"https:\/\/bpk-archive.de\/tuellmann\/?s={search_term_string}"},"query-input":{"@type":"PropertyValueSpecification","valueRequired":true,"valueName":"search_term_string"}}],"inLanguage":"de"}]}},"_links":{"self":[{"href":"https:\/\/bpk-archive.de\/tuellmann\/wp-json\/wp\/v2\/product\/70295500","targetHints":{"allow":["GET"]}}],"collection":[{"href":"https:\/\/bpk-archive.de\/tuellmann\/wp-json\/wp\/v2\/product"}],"about":[{"href":"https:\/\/bpk-archive.de\/tuellmann\/wp-json\/wp\/v2\/types\/product"}],"wp:featuredmedia":[{"embeddable":true,"href":"https:\/\/bpk-archive.de\/tuellmann\/wp-json\/wp\/v2\/media\/70293283"}],"wp:attachment":[{"href":"https:\/\/bpk-archive.de\/tuellmann\/wp-json\/wp\/v2\/media?parent=70295500"}],"wp:term":[{"taxonomy":"product_brand","embeddable":true,"href":"https:\/\/bpk-archive.de\/tuellmann\/wp-json\/wp\/v2\/product_brand?post=70295500"},{"taxonomy":"product_cat","embeddable":true,"href":"https:\/\/bpk-archive.de\/tuellmann\/wp-json\/wp\/v2\/product_cat?post=70295500"},{"taxonomy":"product_tag","embeddable":true,"href":"https:\/\/bpk-archive.de\/tuellmann\/wp-json\/wp\/v2\/product_tag?post=70295500"}],"curies":[{"name":"wp","href":"https:\/\/api.w.org\/{rel}","templated":true}]}}