{"id":70295483,"date":"2019-09-05T15:08:19","date_gmt":"2019-09-05T13:08:19","guid":{"rendered":"http:\/\/abisagtuellmann.bpk-news.de\/atbild\/gruppenbild-von-hausbesetzern-im-westend-bockenheimer-landstr-schumannstr\/"},"modified":"2020-08-12T10:32:00","modified_gmt":"2020-08-12T08:32:00","slug":"gruppenbild-von-hausbesetzern-im-westend-bockenheimer-landstr-schumannstr","status":"publish","type":"product","link":"https:\/\/bpk-archive.de\/tuellmann\/produkt\/gruppenbild-von-hausbesetzern-im-westend-bockenheimer-landstr-schumannstr\/","title":{"rendered":"Gruppenbild von Hausbesetzern im Westend (Bockenheimer Landstr. \/ Schumannstr.)"},"content":{"rendered":"<p>R\u00fcckseitenbeschriftung von Hand der Fotografin: &#8222;Bockenheimer Landstra\u00dfe \/ Schumannstra\u00dfe mit Bewohnern&#8220;<\/p>\n","protected":false},"excerpt":{"rendered":"<p>R\u00fcckseitenbeschriftung von Hand der Fotografin: &#8222;Bockenheimer Landstra\u00dfe \/ Schumannstra\u00dfe mit Bewohnern&#8220;<\/p>\n","protected":false},"featured_media":70292851,"template":"","meta":[],"product_brand":[],"product_cat":[73398],"product_tag":[13230,13232,13234,13231,13233,13235,14310,13777,53249,53250,54332,51436,53521,13250,48185,48186,54333,47365,47366,47367,47248,47249,47250,47251,47252,47253,47254,47255,49576,49577,49578,13784,13785,13469,13470,48645,48646,13471,13472,13260,13293,13786,13787,13294,13295,13296,13297,13485,13486,13482,13481,13483,13484,13487,13488,49438,49439,49440,49441,49442,49443,49444,51110,51111,47377,48647,48648,48649,48650,14066,47887,47888,50059,50060,14195,14196,50061,50062,50063,50064,14197,14198,14199,14200,47383,53779,53780,53781,47384,53564,47385,47386,13492,13493,13494,13495,13496,13497,13301,13812,13813,13814,13815,13816,14205,14206,14207,14213,14218,14219,47285,47286,47287,47288,47289,47290,47291,47292,47293,47294,14000,14001,14002,14003,14004,14005,14006,48005,48006,48007,48008,48009,48010,48011,13818,13819,13826,47447,47448,47323,13328,13827,13828,13329,13330,13331,13332,13829,13830,13831,13832,13833,13834,13835,13836,13837,13838,13839,13840,13841,13842,14230,14231,14232,13843,13641,13642,13877,13879,13865,13864,13866,13858,13859,13860,13861,13862,13863,13354,13869,13870,13871,13872,47406,47407,53533,53589,48679,48680,48681,13519,13520,13521,13522,13523,13524,13874,13875,13876,13878,13880,48682,48683,54477,54478,54479,54480,54481,48228,53552,53553,47504,47505,47506],"class_list":{"0":"post-70295483","1":"product","2":"type-product","3":"status-publish","4":"has-post-thumbnail","6":"product_cat-westend","7":"product_tag-1970er-jahre","8":"product_tag-20-jahrhundert-nach-chr","9":"product_tag-20-jh-n-chr","10":"product_tag-20-jahrhundert","11":"product_tag-20-jh","12":"product_tag-70er","13":"product_tag-abt_004","14":"product_tag-abzug","15":"product_tag-altbau","16":"product_tag-altbauten","17":"product_tag-apo","18":"product_tag-architektur","19":"product_tag-at_westend","20":"product_tag-aussen","21":"product_tag-aussenansicht","22":"product_tag-aussenansichten","23":"product_tag-ausserparlamentarische-opposition","24":"product_tag-bauten","25":"product_tag-bauwerk","26":"product_tag-bauwerke","27":"product_tag-besetzen","28":"product_tag-besetzt","29":"product_tag-besetzte","30":"product_tag-besetzten","31":"product_tag-besetzter","32":"product_tag-besetztes","33":"product_tag-besetzung","34":"product_tag-besetzungen","35":"product_tag-bewohner","36":"product_tag-bewohnern","37":"product_tag-bewohners","38":"product_tag-bildnis","39":"product_tag-bildnisse","40":"product_tag-brd","41":"product_tag-bundesrepublik-deutschland","42":"product_tag-buergersteig","43":"product_tag-buergersteige","44":"product_tag-deutschland","45":"product_tag-deutschlands","46":"product_tag-draussen","47":"product_tag-foto","48":"product_tag-fotoabzug","49":"product_tag-fotoabzuege","50":"product_tag-fotografie","51":"product_tag-fotografien","52":"product_tag-fotografin","53":"product_tag-fotografinnen","54":"product_tag-frankfurt-m","55":"product_tag-frankfurt-main","56":"product_tag-frankfurt-a-main","57":"product_tag-frankfurt-a-m","58":"product_tag-frankfurt-am-main","59":"product_tag-frankfurter","60":"product_tag-frau","61":"product_tag-frauen","62":"product_tag-froehlich","63":"product_tag-froehliche","64":"product_tag-froehlichem","65":"product_tag-froehlichen","66":"product_tag-froehlicher","67":"product_tag-froehliches","68":"product_tag-froehlichkeit","69":"product_tag-geballte-faust","70":"product_tag-geballte-faeuste","71":"product_tag-gebaeude","72":"product_tag-gehsteig","73":"product_tag-gehsteige","74":"product_tag-gehweg","75":"product_tag-gehwege","76":"product_tag-geschichte","77":"product_tag-grossstadt","78":"product_tag-grossstaedte","79":"product_tag-gruppenaufnahme","80":"product_tag-gruppenaufnahmen","81":"product_tag-gruppenbild","82":"product_tag-gruppenbilder","83":"product_tag-gruppenfoto","84":"product_tag-gruppenfotos","85":"product_tag-gruppenphoto","86":"product_tag-gruppenphotos","87":"product_tag-gruppenportrait","88":"product_tag-gruppenportraits","89":"product_tag-gruppenportraet","90":"product_tag-gruppenportraets","91":"product_tag-haus","92":"product_tag-hausbesetzer","93":"product_tag-hausbesetzung","94":"product_tag-hausbesetzungen","95":"product_tag-haeuser","96":"product_tag-haeuserkampf","97":"product_tag-haeusern","98":"product_tag-hauses","99":"product_tag-hessen","100":"product_tag-hessisch","101":"product_tag-hessische","102":"product_tag-hessischen","103":"product_tag-hessischer","104":"product_tag-hessisches","105":"product_tag-im-freien","106":"product_tag-jung","107":"product_tag-junge","108":"product_tag-jungen","109":"product_tag-junger","110":"product_tag-junges","111":"product_tag-kind","112":"product_tag-kinde","113":"product_tag-kinder","114":"product_tag-kindern","115":"product_tag-kindes","116":"product_tag-kindheit","117":"product_tag-knieen","118":"product_tag-knieend","119":"product_tag-knieende","120":"product_tag-knieender","121":"product_tag-knieendes","122":"product_tag-knien","123":"product_tag-kniend","124":"product_tag-kniende","125":"product_tag-kniender","126":"product_tag-kniendes","127":"product_tag-laecheln","128":"product_tag-laechelnd","129":"product_tag-laechelnde","130":"product_tag-laechelnden","131":"product_tag-laechelnder","132":"product_tag-laechelndes","133":"product_tag-laechelt","134":"product_tag-lachen","135":"product_tag-lachend","136":"product_tag-lachende","137":"product_tag-lachendem","138":"product_tag-lachenden","139":"product_tag-lachender","140":"product_tag-lachendes","141":"product_tag-mann","142":"product_tag-maenner","143":"product_tag-mannes","144":"product_tag-menschengruppe","145":"product_tag-menschengruppen","146":"product_tag-okkupation","147":"product_tag-photo","148":"product_tag-photoabzug","149":"product_tag-photoabzuege","150":"product_tag-photographie","151":"product_tag-photographien","152":"product_tag-photographin","153":"product_tag-photographinnen","154":"product_tag-portrait","155":"product_tag-portraitaufnahme","156":"product_tag-portraitfoto","157":"product_tag-portraitfotografie","158":"product_tag-portraitphoto","159":"product_tag-portraitphotographie","160":"product_tag-portraits","161":"product_tag-portraet","162":"product_tag-portraetaufnahme","163":"product_tag-portraetfoto","164":"product_tag-portraetfotografie","165":"product_tag-portraetphoto","166":"product_tag-portraetphotographie","167":"product_tag-portraets","168":"product_tag-pose","169":"product_tag-posieren","170":"product_tag-posiert","171":"product_tag-print","172":"product_tag-protest","173":"product_tag-proteste","174":"product_tag-s-w-fotografie","175":"product_tag-s-w-photographie","176":"product_tag-schwarzweissphotographie","177":"product_tag-schwarz-weiss-fotografie","178":"product_tag-schwarz-weiss-photographie","179":"product_tag-schwarzweiss","180":"product_tag-schwarzweisse","181":"product_tag-schwarzweissen","182":"product_tag-schwarzweisser","183":"product_tag-schwarzweisses","184":"product_tag-schwarzweissfotografie","185":"product_tag-siebziger","186":"product_tag-silbergelatine","187":"product_tag-silbergelatineabzug","188":"product_tag-silbergelatineabzuege","189":"product_tag-silbergelatineprint","190":"product_tag-stadt","191":"product_tag-staedte","192":"product_tag-stadtgeschichte","193":"product_tag-stadtsanierung","194":"product_tag-stadtteil","195":"product_tag-stadtteils","196":"product_tag-stadtviertel","197":"product_tag-stehen","198":"product_tag-stehend","199":"product_tag-stehende","200":"product_tag-stehenden","201":"product_tag-stehender","202":"product_tag-stehendes","203":"product_tag-student","204":"product_tag-studenten","205":"product_tag-studentenbewegung","206":"product_tag-sw-fotografie","207":"product_tag-sw-photographie","208":"product_tag-trottoir","209":"product_tag-trottoirs","210":"product_tag-unbeschwert","211":"product_tag-unbeschwerte","212":"product_tag-unbeschwerten","213":"product_tag-unbeschwerter","214":"product_tag-unbeschwertes","215":"product_tag-von-aussen","216":"product_tag-westend","217":"product_tag-westends","218":"product_tag-wohngebaeude","219":"product_tag-wohnhaus","220":"product_tag-wohnhaeuser","221":"pa_datierung-januar-1974","222":"pa_fotograf-abisag-tuellmann","223":"pa_geografischer_bezug-aufnahmeort-frankfurt-am-main-westend-deutschland","224":"pa_grunddaten_material_technik-foto-silbergelatine-auf-barytpapier","225":"pa_inventarnummer-tue-74-013-09","226":"pa_jahr_von-51802","227":"pa_massangaben-bildformat-foto-233-x-304-cm","228":"pa_mediennummer-54474","229":"pa_objekt_typ-fotografie","231":"first","232":"instock","233":"product-type-simple"},"yoast_head":"<!-- This site is optimized with the Yoast SEO plugin v27.4 - https:\/\/yoast.com\/product\/yoast-seo-wordpress\/ -->\n<title>Gruppenbild von Hausbesetzern im Westend (Bockenheimer Landstr. \/ Schumannstr.) - Abisag T\u00fcllmann<\/title>\n<meta name=\"robots\" content=\"index, follow, max-snippet:-1, max-image-preview:large, max-video-preview:-1\" \/>\n<link rel=\"canonical\" href=\"https:\/\/bpk-archive.de\/tuellmann\/produkt\/gruppenbild-von-hausbesetzern-im-westend-bockenheimer-landstr-schumannstr\/\" \/>\n<meta property=\"og:locale\" content=\"de_DE\" \/>\n<meta property=\"og:type\" content=\"article\" \/>\n<meta property=\"og:title\" content=\"Gruppenbild von Hausbesetzern im Westend (Bockenheimer Landstr. \/ Schumannstr.) - Abisag T\u00fcllmann\" \/>\n<meta property=\"og:description\" content=\"R\u00fcckseitenbeschriftung von Hand der Fotografin: &#8222;Bockenheimer Landstra\u00dfe \/ Schumannstra\u00dfe mit Bewohnern&#8220;\" \/>\n<meta property=\"og:url\" content=\"https:\/\/bpk-archive.de\/tuellmann\/produkt\/gruppenbild-von-hausbesetzern-im-westend-bockenheimer-landstr-schumannstr\/\" \/>\n<meta property=\"og:site_name\" content=\"Abisag T\u00fcllmann\" \/>\n<meta property=\"article:modified_time\" content=\"2020-08-12T08:32:00+00:00\" \/>\n<meta property=\"og:image\" content=\"https:\/\/bpk-archive.de\/tuellmann\/wp-content\/uploads\/2019\/08\/bpk_70345458.jpg\" \/>\n\t<meta property=\"og:image:width\" content=\"1200\" \/>\n\t<meta property=\"og:image:height\" content=\"932\" \/>\n\t<meta property=\"og:image:type\" content=\"image\/jpeg\" \/>\n<meta name=\"twitter:card\" content=\"summary_large_image\" \/>\n<script type=\"application\/ld+json\" class=\"yoast-schema-graph\">{\"@context\":\"https:\\\/\\\/schema.org\",\"@graph\":[{\"@type\":\"WebPage\",\"@id\":\"https:\\\/\\\/bpk-archive.de\\\/tuellmann\\\/produkt\\\/gruppenbild-von-hausbesetzern-im-westend-bockenheimer-landstr-schumannstr\\\/\",\"url\":\"https:\\\/\\\/bpk-archive.de\\\/tuellmann\\\/produkt\\\/gruppenbild-von-hausbesetzern-im-westend-bockenheimer-landstr-schumannstr\\\/\",\"name\":\"Gruppenbild von Hausbesetzern im Westend (Bockenheimer Landstr. \\\/ Schumannstr.) - Abisag T\u00fcllmann\",\"isPartOf\":{\"@id\":\"https:\\\/\\\/bpk-archive.de\\\/tuellmann\\\/#website\"},\"primaryImageOfPage\":{\"@id\":\"https:\\\/\\\/bpk-archive.de\\\/tuellmann\\\/produkt\\\/gruppenbild-von-hausbesetzern-im-westend-bockenheimer-landstr-schumannstr\\\/#primaryimage\"},\"image\":{\"@id\":\"https:\\\/\\\/bpk-archive.de\\\/tuellmann\\\/produkt\\\/gruppenbild-von-hausbesetzern-im-westend-bockenheimer-landstr-schumannstr\\\/#primaryimage\"},\"thumbnailUrl\":\"https:\\\/\\\/bpk-archive.de\\\/tuellmann\\\/wp-content\\\/uploads\\\/2019\\\/08\\\/bpk_70345458.jpg\",\"datePublished\":\"2019-09-05T13:08:19+00:00\",\"dateModified\":\"2020-08-12T08:32:00+00:00\",\"breadcrumb\":{\"@id\":\"https:\\\/\\\/bpk-archive.de\\\/tuellmann\\\/produkt\\\/gruppenbild-von-hausbesetzern-im-westend-bockenheimer-landstr-schumannstr\\\/#breadcrumb\"},\"inLanguage\":\"de\",\"potentialAction\":[{\"@type\":\"ReadAction\",\"target\":[\"https:\\\/\\\/bpk-archive.de\\\/tuellmann\\\/produkt\\\/gruppenbild-von-hausbesetzern-im-westend-bockenheimer-landstr-schumannstr\\\/\"]}]},{\"@type\":\"ImageObject\",\"inLanguage\":\"de\",\"@id\":\"https:\\\/\\\/bpk-archive.de\\\/tuellmann\\\/produkt\\\/gruppenbild-von-hausbesetzern-im-westend-bockenheimer-landstr-schumannstr\\\/#primaryimage\",\"url\":\"https:\\\/\\\/bpk-archive.de\\\/tuellmann\\\/wp-content\\\/uploads\\\/2019\\\/08\\\/bpk_70345458.jpg\",\"contentUrl\":\"https:\\\/\\\/bpk-archive.de\\\/tuellmann\\\/wp-content\\\/uploads\\\/2019\\\/08\\\/bpk_70345458.jpg\",\"width\":1200,\"height\":932,\"caption\":\"Gruppenbild von Hausbesetzern im Westend (Bockenheimer Landstr. \\\/ Schumannstr.)\"},{\"@type\":\"BreadcrumbList\",\"@id\":\"https:\\\/\\\/bpk-archive.de\\\/tuellmann\\\/produkt\\\/gruppenbild-von-hausbesetzern-im-westend-bockenheimer-landstr-schumannstr\\\/#breadcrumb\",\"itemListElement\":[{\"@type\":\"ListItem\",\"position\":1,\"name\":\"Startseite\",\"item\":\"https:\\\/\\\/bpk-archive.de\\\/tuellmann\\\/\"},{\"@type\":\"ListItem\",\"position\":2,\"name\":\"Shop\",\"item\":\"https:\\\/\\\/bpk-archive.de\\\/tuellmann\\\/shop\\\/\"},{\"@type\":\"ListItem\",\"position\":3,\"name\":\"Gruppenbild von Hausbesetzern im Westend (Bockenheimer Landstr. \\\/ Schumannstr.)\"}]},{\"@type\":\"WebSite\",\"@id\":\"https:\\\/\\\/bpk-archive.de\\\/tuellmann\\\/#website\",\"url\":\"https:\\\/\\\/bpk-archive.de\\\/tuellmann\\\/\",\"name\":\"Abisag T\u00fcllmann\",\"description\":\"Eine weitere WordPress-Website\",\"potentialAction\":[{\"@type\":\"SearchAction\",\"target\":{\"@type\":\"EntryPoint\",\"urlTemplate\":\"https:\\\/\\\/bpk-archive.de\\\/tuellmann\\\/?s={search_term_string}\"},\"query-input\":{\"@type\":\"PropertyValueSpecification\",\"valueRequired\":true,\"valueName\":\"search_term_string\"}}],\"inLanguage\":\"de\"}]}<\/script>\n<!-- \/ Yoast SEO plugin. -->","yoast_head_json":{"title":"Gruppenbild von Hausbesetzern im Westend (Bockenheimer Landstr. \/ Schumannstr.) - Abisag T\u00fcllmann","robots":{"index":"index","follow":"follow","max-snippet":"max-snippet:-1","max-image-preview":"max-image-preview:large","max-video-preview":"max-video-preview:-1"},"canonical":"https:\/\/bpk-archive.de\/tuellmann\/produkt\/gruppenbild-von-hausbesetzern-im-westend-bockenheimer-landstr-schumannstr\/","og_locale":"de_DE","og_type":"article","og_title":"Gruppenbild von Hausbesetzern im Westend (Bockenheimer Landstr. \/ Schumannstr.) - Abisag T\u00fcllmann","og_description":"R\u00fcckseitenbeschriftung von Hand der Fotografin: &#8222;Bockenheimer Landstra\u00dfe \/ Schumannstra\u00dfe mit Bewohnern&#8220;","og_url":"https:\/\/bpk-archive.de\/tuellmann\/produkt\/gruppenbild-von-hausbesetzern-im-westend-bockenheimer-landstr-schumannstr\/","og_site_name":"Abisag T\u00fcllmann","article_modified_time":"2020-08-12T08:32:00+00:00","og_image":[{"width":1200,"height":932,"url":"https:\/\/bpk-archive.de\/tuellmann\/wp-content\/uploads\/2019\/08\/bpk_70345458.jpg","type":"image\/jpeg"}],"twitter_card":"summary_large_image","schema":{"@context":"https:\/\/schema.org","@graph":[{"@type":"WebPage","@id":"https:\/\/bpk-archive.de\/tuellmann\/produkt\/gruppenbild-von-hausbesetzern-im-westend-bockenheimer-landstr-schumannstr\/","url":"https:\/\/bpk-archive.de\/tuellmann\/produkt\/gruppenbild-von-hausbesetzern-im-westend-bockenheimer-landstr-schumannstr\/","name":"Gruppenbild von Hausbesetzern im Westend (Bockenheimer Landstr. \/ Schumannstr.) - Abisag T\u00fcllmann","isPartOf":{"@id":"https:\/\/bpk-archive.de\/tuellmann\/#website"},"primaryImageOfPage":{"@id":"https:\/\/bpk-archive.de\/tuellmann\/produkt\/gruppenbild-von-hausbesetzern-im-westend-bockenheimer-landstr-schumannstr\/#primaryimage"},"image":{"@id":"https:\/\/bpk-archive.de\/tuellmann\/produkt\/gruppenbild-von-hausbesetzern-im-westend-bockenheimer-landstr-schumannstr\/#primaryimage"},"thumbnailUrl":"https:\/\/bpk-archive.de\/tuellmann\/wp-content\/uploads\/2019\/08\/bpk_70345458.jpg","datePublished":"2019-09-05T13:08:19+00:00","dateModified":"2020-08-12T08:32:00+00:00","breadcrumb":{"@id":"https:\/\/bpk-archive.de\/tuellmann\/produkt\/gruppenbild-von-hausbesetzern-im-westend-bockenheimer-landstr-schumannstr\/#breadcrumb"},"inLanguage":"de","potentialAction":[{"@type":"ReadAction","target":["https:\/\/bpk-archive.de\/tuellmann\/produkt\/gruppenbild-von-hausbesetzern-im-westend-bockenheimer-landstr-schumannstr\/"]}]},{"@type":"ImageObject","inLanguage":"de","@id":"https:\/\/bpk-archive.de\/tuellmann\/produkt\/gruppenbild-von-hausbesetzern-im-westend-bockenheimer-landstr-schumannstr\/#primaryimage","url":"https:\/\/bpk-archive.de\/tuellmann\/wp-content\/uploads\/2019\/08\/bpk_70345458.jpg","contentUrl":"https:\/\/bpk-archive.de\/tuellmann\/wp-content\/uploads\/2019\/08\/bpk_70345458.jpg","width":1200,"height":932,"caption":"Gruppenbild von Hausbesetzern im Westend (Bockenheimer Landstr. \/ Schumannstr.)"},{"@type":"BreadcrumbList","@id":"https:\/\/bpk-archive.de\/tuellmann\/produkt\/gruppenbild-von-hausbesetzern-im-westend-bockenheimer-landstr-schumannstr\/#breadcrumb","itemListElement":[{"@type":"ListItem","position":1,"name":"Startseite","item":"https:\/\/bpk-archive.de\/tuellmann\/"},{"@type":"ListItem","position":2,"name":"Shop","item":"https:\/\/bpk-archive.de\/tuellmann\/shop\/"},{"@type":"ListItem","position":3,"name":"Gruppenbild von Hausbesetzern im Westend (Bockenheimer Landstr. \/ Schumannstr.)"}]},{"@type":"WebSite","@id":"https:\/\/bpk-archive.de\/tuellmann\/#website","url":"https:\/\/bpk-archive.de\/tuellmann\/","name":"Abisag T\u00fcllmann","description":"Eine weitere WordPress-Website","potentialAction":[{"@type":"SearchAction","target":{"@type":"EntryPoint","urlTemplate":"https:\/\/bpk-archive.de\/tuellmann\/?s={search_term_string}"},"query-input":{"@type":"PropertyValueSpecification","valueRequired":true,"valueName":"search_term_string"}}],"inLanguage":"de"}]}},"_links":{"self":[{"href":"https:\/\/bpk-archive.de\/tuellmann\/wp-json\/wp\/v2\/product\/70295483","targetHints":{"allow":["GET"]}}],"collection":[{"href":"https:\/\/bpk-archive.de\/tuellmann\/wp-json\/wp\/v2\/product"}],"about":[{"href":"https:\/\/bpk-archive.de\/tuellmann\/wp-json\/wp\/v2\/types\/product"}],"wp:featuredmedia":[{"embeddable":true,"href":"https:\/\/bpk-archive.de\/tuellmann\/wp-json\/wp\/v2\/media\/70292851"}],"wp:attachment":[{"href":"https:\/\/bpk-archive.de\/tuellmann\/wp-json\/wp\/v2\/media?parent=70295483"}],"wp:term":[{"taxonomy":"product_brand","embeddable":true,"href":"https:\/\/bpk-archive.de\/tuellmann\/wp-json\/wp\/v2\/product_brand?post=70295483"},{"taxonomy":"product_cat","embeddable":true,"href":"https:\/\/bpk-archive.de\/tuellmann\/wp-json\/wp\/v2\/product_cat?post=70295483"},{"taxonomy":"product_tag","embeddable":true,"href":"https:\/\/bpk-archive.de\/tuellmann\/wp-json\/wp\/v2\/product_tag?post=70295483"}],"curies":[{"name":"wp","href":"https:\/\/api.w.org\/{rel}","templated":true}]}}