{"id":70295465,"date":"2019-09-05T15:07:59","date_gmt":"2019-09-05T13:07:59","guid":{"rendered":"http:\/\/abisagtuellmann.bpk-news.de\/atbild\/polizeiliche-raeumung-des-besetzten-hauses-kettenhofweg-51-im-frankfurter-westend-2\/"},"modified":"2019-09-05T15:08:13","modified_gmt":"2019-09-05T13:08:13","slug":"polizeiliche-raeumung-des-besetzten-hauses-kettenhofweg-51-im-frankfurter-westend-2","status":"publish","type":"product","link":"https:\/\/bpk-archive.de\/tuellmann\/produkt\/polizeiliche-raeumung-des-besetzten-hauses-kettenhofweg-51-im-frankfurter-westend-2\/","title":{"rendered":"Polizeiliche R\u00e4umung des besetzten Hauses Kettenhofweg 51 im Frankfurter Westend"},"content":{"rendered":"<p>R\u00fcckseitenbeschriftung von Hand der Fotografin: &#8222;R\u00e4umung Kettenhofweg&#8220;<\/p>\n","protected":false},"excerpt":{"rendered":"<p>R\u00fcckseitenbeschriftung von Hand der Fotografin: &#8222;R\u00e4umung Kettenhofweg&#8220;<\/p>\n","protected":false},"featured_media":70293319,"template":"","meta":[],"product_brand":[],"product_cat":[],"product_tag":[13230,13232,13234,13231,13233,13235,53515,54331,53519,14310,13777,53249,53250,54332,53521,13250,54333,47248,47249,47250,47251,47252,47253,47254,47255,13469,13470,13471,13472,13260,13293,13786,13787,13294,13295,13296,13297,13485,13486,13482,13481,13483,13484,13487,13488,47378,47379,47380,47381,47382,14066,47887,47888,47383,53779,53780,53781,47384,53564,47385,47386,48821,48822,13492,13493,13494,13495,13496,13497,13301,13818,13819,48012,48013,13826,47323,13328,13827,13828,13329,13330,13331,13332,48496,51762,54339,54340,48497,48498,13843,13641,13642,13877,13879,13865,13864,13866,13858,13859,13860,13861,13862,13863,13354,13869,13870,13871,13872,47406,47407,53533,53589,48679,48680,48681,13519,13520,13521,13522,13523,13524,13874,13875,13876,13878,13880,53552,53553,47504,47505,47506,53782,53783],"class_list":{"0":"post-70295465","1":"product","2":"type-product","3":"status-publish","4":"has-post-thumbnail","6":"product_tag-1970er-jahre","7":"product_tag-20-jahrhundert-nach-chr","8":"product_tag-20-jh-n-chr","9":"product_tag-20-jahrhundert","10":"product_tag-20-jh","11":"product_tag-70er","12":"product_tag-abbruchhaus","13":"product_tag-abfuehren","14":"product_tag-abrisshaus","15":"product_tag-abt_004","16":"product_tag-abzug","17":"product_tag-altbau","18":"product_tag-altbauten","19":"product_tag-apo","20":"product_tag-at_westend","21":"product_tag-aussen","22":"product_tag-ausserparlamentarische-opposition","23":"product_tag-besetzen","24":"product_tag-besetzt","25":"product_tag-besetzte","26":"product_tag-besetzten","27":"product_tag-besetzter","28":"product_tag-besetztes","29":"product_tag-besetzung","30":"product_tag-besetzungen","31":"product_tag-brd","32":"product_tag-bundesrepublik-deutschland","33":"product_tag-deutschland","34":"product_tag-deutschlands","35":"product_tag-draussen","36":"product_tag-foto","37":"product_tag-fotoabzug","38":"product_tag-fotoabzuege","39":"product_tag-fotografie","40":"product_tag-fotografien","41":"product_tag-fotografin","42":"product_tag-fotografinnen","43":"product_tag-frankfurt-m","44":"product_tag-frankfurt-main","45":"product_tag-frankfurt-a-main","46":"product_tag-frankfurt-a-m","47":"product_tag-frankfurt-am-main","48":"product_tag-frankfurter","49":"product_tag-frau","50":"product_tag-frauen","51":"product_tag-gehen","52":"product_tag-gehend","53":"product_tag-gehende","54":"product_tag-gehender","55":"product_tag-gehendes","56":"product_tag-geschichte","57":"product_tag-grossstadt","58":"product_tag-grossstaedte","59":"product_tag-haus","60":"product_tag-hausbesetzer","61":"product_tag-hausbesetzung","62":"product_tag-hausbesetzungen","63":"product_tag-haeuser","64":"product_tag-haeuserkampf","65":"product_tag-haeusern","66":"product_tag-hauses","67":"product_tag-haustuer","68":"product_tag-haustueren","69":"product_tag-hessen","70":"product_tag-hessisch","71":"product_tag-hessische","72":"product_tag-hessischen","73":"product_tag-hessischer","74":"product_tag-hessisches","75":"product_tag-im-freien","76":"product_tag-mann","77":"product_tag-maenner","78":"product_tag-maennergruppe","79":"product_tag-maennergruppen","80":"product_tag-mannes","81":"product_tag-okkupation","82":"product_tag-photo","83":"product_tag-photoabzug","84":"product_tag-photoabzuege","85":"product_tag-photographie","86":"product_tag-photographien","87":"product_tag-photographin","88":"product_tag-photographinnen","89":"product_tag-polizei","90":"product_tag-polizeieinsatz","91":"product_tag-polizeiuniform","92":"product_tag-polizeiuniformen","93":"product_tag-polizist","94":"product_tag-polizisten","95":"product_tag-print","96":"product_tag-protest","97":"product_tag-proteste","98":"product_tag-s-w-fotografie","99":"product_tag-s-w-photographie","100":"product_tag-schwarzweissphotographie","101":"product_tag-schwarz-weiss-fotografie","102":"product_tag-schwarz-weiss-photographie","103":"product_tag-schwarzweiss","104":"product_tag-schwarzweisse","105":"product_tag-schwarzweissen","106":"product_tag-schwarzweisser","107":"product_tag-schwarzweisses","108":"product_tag-schwarzweissfotografie","109":"product_tag-siebziger","110":"product_tag-silbergelatine","111":"product_tag-silbergelatineabzug","112":"product_tag-silbergelatineabzuege","113":"product_tag-silbergelatineprint","114":"product_tag-stadt","115":"product_tag-staedte","116":"product_tag-stadtgeschichte","117":"product_tag-stadtsanierung","118":"product_tag-stadtteil","119":"product_tag-stadtteils","120":"product_tag-stadtviertel","121":"product_tag-stehen","122":"product_tag-stehend","123":"product_tag-stehende","124":"product_tag-stehenden","125":"product_tag-stehender","126":"product_tag-stehendes","127":"product_tag-student","128":"product_tag-studenten","129":"product_tag-studentenbewegung","130":"product_tag-sw-fotografie","131":"product_tag-sw-photographie","132":"product_tag-westend","133":"product_tag-westends","134":"product_tag-wohngebaeude","135":"product_tag-wohnhaus","136":"product_tag-wohnhaeuser","137":"product_tag-zwangsraeumung","138":"product_tag-zwangsraeumungen","139":"pa_datierung-april-1973","140":"pa_fotograf-abisag-tuellmann","141":"pa_geografischer_bezug-aufnahmeort-frankfurt-am-main-westend-deutschland","142":"pa_grunddaten_material_technik-foto-silbergelatine-auf-barytpapier","143":"pa_inventarnummer-tue-w-73-064-19a","144":"pa_jahr_von-54245","145":"pa_massangaben-bildformat-foto-233-x-303-cm","146":"pa_mediennummer-54342","147":"pa_objekt_typ-fotografie","149":"first","150":"instock","151":"product-type-simple"},"yoast_head":"<!-- This site is optimized with the Yoast SEO plugin v27.3 - https:\/\/yoast.com\/product\/yoast-seo-wordpress\/ -->\n<title>Polizeiliche R\u00e4umung des besetzten Hauses Kettenhofweg 51 im Frankfurter Westend - Abisag T\u00fcllmann<\/title>\n<meta name=\"robots\" content=\"index, follow, max-snippet:-1, max-image-preview:large, max-video-preview:-1\" \/>\n<link rel=\"canonical\" href=\"https:\/\/bpk-archive.de\/tuellmann\/produkt\/polizeiliche-raeumung-des-besetzten-hauses-kettenhofweg-51-im-frankfurter-westend-2\/\" \/>\n<meta property=\"og:locale\" content=\"de_DE\" \/>\n<meta property=\"og:type\" content=\"article\" \/>\n<meta property=\"og:title\" content=\"Polizeiliche R\u00e4umung des besetzten Hauses Kettenhofweg 51 im Frankfurter Westend - Abisag T\u00fcllmann\" \/>\n<meta property=\"og:description\" content=\"R\u00fcckseitenbeschriftung von Hand der Fotografin: &#8222;R\u00e4umung Kettenhofweg&#8220;\" \/>\n<meta property=\"og:url\" content=\"https:\/\/bpk-archive.de\/tuellmann\/produkt\/polizeiliche-raeumung-des-besetzten-hauses-kettenhofweg-51-im-frankfurter-westend-2\/\" \/>\n<meta property=\"og:site_name\" content=\"Abisag T\u00fcllmann\" \/>\n<meta property=\"article:modified_time\" content=\"2019-09-05T13:08:13+00:00\" \/>\n<meta property=\"og:image\" content=\"https:\/\/bpk-archive.de\/tuellmann\/wp-content\/uploads\/2019\/08\/bpk_70345440.jpg\" \/>\n\t<meta property=\"og:image:width\" content=\"1200\" \/>\n\t<meta property=\"og:image:height\" content=\"940\" \/>\n\t<meta property=\"og:image:type\" content=\"image\/jpeg\" \/>\n<meta name=\"twitter:card\" content=\"summary_large_image\" \/>\n<script type=\"application\/ld+json\" class=\"yoast-schema-graph\">{\"@context\":\"https:\\\/\\\/schema.org\",\"@graph\":[{\"@type\":\"WebPage\",\"@id\":\"https:\\\/\\\/bpk-archive.de\\\/tuellmann\\\/produkt\\\/polizeiliche-raeumung-des-besetzten-hauses-kettenhofweg-51-im-frankfurter-westend-2\\\/\",\"url\":\"https:\\\/\\\/bpk-archive.de\\\/tuellmann\\\/produkt\\\/polizeiliche-raeumung-des-besetzten-hauses-kettenhofweg-51-im-frankfurter-westend-2\\\/\",\"name\":\"Polizeiliche R\u00e4umung des besetzten Hauses Kettenhofweg 51 im Frankfurter Westend - Abisag T\u00fcllmann\",\"isPartOf\":{\"@id\":\"https:\\\/\\\/bpk-archive.de\\\/tuellmann\\\/#website\"},\"primaryImageOfPage\":{\"@id\":\"https:\\\/\\\/bpk-archive.de\\\/tuellmann\\\/produkt\\\/polizeiliche-raeumung-des-besetzten-hauses-kettenhofweg-51-im-frankfurter-westend-2\\\/#primaryimage\"},\"image\":{\"@id\":\"https:\\\/\\\/bpk-archive.de\\\/tuellmann\\\/produkt\\\/polizeiliche-raeumung-des-besetzten-hauses-kettenhofweg-51-im-frankfurter-westend-2\\\/#primaryimage\"},\"thumbnailUrl\":\"https:\\\/\\\/bpk-archive.de\\\/tuellmann\\\/wp-content\\\/uploads\\\/2019\\\/08\\\/bpk_70345440.jpg\",\"datePublished\":\"2019-09-05T13:07:59+00:00\",\"dateModified\":\"2019-09-05T13:08:13+00:00\",\"breadcrumb\":{\"@id\":\"https:\\\/\\\/bpk-archive.de\\\/tuellmann\\\/produkt\\\/polizeiliche-raeumung-des-besetzten-hauses-kettenhofweg-51-im-frankfurter-westend-2\\\/#breadcrumb\"},\"inLanguage\":\"de\",\"potentialAction\":[{\"@type\":\"ReadAction\",\"target\":[\"https:\\\/\\\/bpk-archive.de\\\/tuellmann\\\/produkt\\\/polizeiliche-raeumung-des-besetzten-hauses-kettenhofweg-51-im-frankfurter-westend-2\\\/\"]}]},{\"@type\":\"ImageObject\",\"inLanguage\":\"de\",\"@id\":\"https:\\\/\\\/bpk-archive.de\\\/tuellmann\\\/produkt\\\/polizeiliche-raeumung-des-besetzten-hauses-kettenhofweg-51-im-frankfurter-westend-2\\\/#primaryimage\",\"url\":\"https:\\\/\\\/bpk-archive.de\\\/tuellmann\\\/wp-content\\\/uploads\\\/2019\\\/08\\\/bpk_70345440.jpg\",\"contentUrl\":\"https:\\\/\\\/bpk-archive.de\\\/tuellmann\\\/wp-content\\\/uploads\\\/2019\\\/08\\\/bpk_70345440.jpg\",\"width\":1200,\"height\":940,\"caption\":\"Polizeiliche R\u00e4umung des besetzten Hauses Kettenhofweg 51 im Frankfurter Westend\"},{\"@type\":\"BreadcrumbList\",\"@id\":\"https:\\\/\\\/bpk-archive.de\\\/tuellmann\\\/produkt\\\/polizeiliche-raeumung-des-besetzten-hauses-kettenhofweg-51-im-frankfurter-westend-2\\\/#breadcrumb\",\"itemListElement\":[{\"@type\":\"ListItem\",\"position\":1,\"name\":\"Startseite\",\"item\":\"https:\\\/\\\/bpk-archive.de\\\/tuellmann\\\/\"},{\"@type\":\"ListItem\",\"position\":2,\"name\":\"Shop\",\"item\":\"https:\\\/\\\/bpk-archive.de\\\/tuellmann\\\/shop\\\/\"},{\"@type\":\"ListItem\",\"position\":3,\"name\":\"Polizeiliche R\u00e4umung des besetzten Hauses Kettenhofweg 51 im Frankfurter Westend\"}]},{\"@type\":\"WebSite\",\"@id\":\"https:\\\/\\\/bpk-archive.de\\\/tuellmann\\\/#website\",\"url\":\"https:\\\/\\\/bpk-archive.de\\\/tuellmann\\\/\",\"name\":\"Abisag T\u00fcllmann\",\"description\":\"Eine weitere WordPress-Website\",\"potentialAction\":[{\"@type\":\"SearchAction\",\"target\":{\"@type\":\"EntryPoint\",\"urlTemplate\":\"https:\\\/\\\/bpk-archive.de\\\/tuellmann\\\/?s={search_term_string}\"},\"query-input\":{\"@type\":\"PropertyValueSpecification\",\"valueRequired\":true,\"valueName\":\"search_term_string\"}}],\"inLanguage\":\"de\"}]}<\/script>\n<!-- \/ Yoast SEO plugin. -->","yoast_head_json":{"title":"Polizeiliche R\u00e4umung des besetzten Hauses Kettenhofweg 51 im Frankfurter Westend - Abisag T\u00fcllmann","robots":{"index":"index","follow":"follow","max-snippet":"max-snippet:-1","max-image-preview":"max-image-preview:large","max-video-preview":"max-video-preview:-1"},"canonical":"https:\/\/bpk-archive.de\/tuellmann\/produkt\/polizeiliche-raeumung-des-besetzten-hauses-kettenhofweg-51-im-frankfurter-westend-2\/","og_locale":"de_DE","og_type":"article","og_title":"Polizeiliche R\u00e4umung des besetzten Hauses Kettenhofweg 51 im Frankfurter Westend - Abisag T\u00fcllmann","og_description":"R\u00fcckseitenbeschriftung von Hand der Fotografin: &#8222;R\u00e4umung Kettenhofweg&#8220;","og_url":"https:\/\/bpk-archive.de\/tuellmann\/produkt\/polizeiliche-raeumung-des-besetzten-hauses-kettenhofweg-51-im-frankfurter-westend-2\/","og_site_name":"Abisag T\u00fcllmann","article_modified_time":"2019-09-05T13:08:13+00:00","og_image":[{"width":1200,"height":940,"url":"https:\/\/bpk-archive.de\/tuellmann\/wp-content\/uploads\/2019\/08\/bpk_70345440.jpg","type":"image\/jpeg"}],"twitter_card":"summary_large_image","schema":{"@context":"https:\/\/schema.org","@graph":[{"@type":"WebPage","@id":"https:\/\/bpk-archive.de\/tuellmann\/produkt\/polizeiliche-raeumung-des-besetzten-hauses-kettenhofweg-51-im-frankfurter-westend-2\/","url":"https:\/\/bpk-archive.de\/tuellmann\/produkt\/polizeiliche-raeumung-des-besetzten-hauses-kettenhofweg-51-im-frankfurter-westend-2\/","name":"Polizeiliche R\u00e4umung des besetzten Hauses Kettenhofweg 51 im Frankfurter Westend - Abisag T\u00fcllmann","isPartOf":{"@id":"https:\/\/bpk-archive.de\/tuellmann\/#website"},"primaryImageOfPage":{"@id":"https:\/\/bpk-archive.de\/tuellmann\/produkt\/polizeiliche-raeumung-des-besetzten-hauses-kettenhofweg-51-im-frankfurter-westend-2\/#primaryimage"},"image":{"@id":"https:\/\/bpk-archive.de\/tuellmann\/produkt\/polizeiliche-raeumung-des-besetzten-hauses-kettenhofweg-51-im-frankfurter-westend-2\/#primaryimage"},"thumbnailUrl":"https:\/\/bpk-archive.de\/tuellmann\/wp-content\/uploads\/2019\/08\/bpk_70345440.jpg","datePublished":"2019-09-05T13:07:59+00:00","dateModified":"2019-09-05T13:08:13+00:00","breadcrumb":{"@id":"https:\/\/bpk-archive.de\/tuellmann\/produkt\/polizeiliche-raeumung-des-besetzten-hauses-kettenhofweg-51-im-frankfurter-westend-2\/#breadcrumb"},"inLanguage":"de","potentialAction":[{"@type":"ReadAction","target":["https:\/\/bpk-archive.de\/tuellmann\/produkt\/polizeiliche-raeumung-des-besetzten-hauses-kettenhofweg-51-im-frankfurter-westend-2\/"]}]},{"@type":"ImageObject","inLanguage":"de","@id":"https:\/\/bpk-archive.de\/tuellmann\/produkt\/polizeiliche-raeumung-des-besetzten-hauses-kettenhofweg-51-im-frankfurter-westend-2\/#primaryimage","url":"https:\/\/bpk-archive.de\/tuellmann\/wp-content\/uploads\/2019\/08\/bpk_70345440.jpg","contentUrl":"https:\/\/bpk-archive.de\/tuellmann\/wp-content\/uploads\/2019\/08\/bpk_70345440.jpg","width":1200,"height":940,"caption":"Polizeiliche R\u00e4umung des besetzten Hauses Kettenhofweg 51 im Frankfurter Westend"},{"@type":"BreadcrumbList","@id":"https:\/\/bpk-archive.de\/tuellmann\/produkt\/polizeiliche-raeumung-des-besetzten-hauses-kettenhofweg-51-im-frankfurter-westend-2\/#breadcrumb","itemListElement":[{"@type":"ListItem","position":1,"name":"Startseite","item":"https:\/\/bpk-archive.de\/tuellmann\/"},{"@type":"ListItem","position":2,"name":"Shop","item":"https:\/\/bpk-archive.de\/tuellmann\/shop\/"},{"@type":"ListItem","position":3,"name":"Polizeiliche R\u00e4umung des besetzten Hauses Kettenhofweg 51 im Frankfurter Westend"}]},{"@type":"WebSite","@id":"https:\/\/bpk-archive.de\/tuellmann\/#website","url":"https:\/\/bpk-archive.de\/tuellmann\/","name":"Abisag T\u00fcllmann","description":"Eine weitere WordPress-Website","potentialAction":[{"@type":"SearchAction","target":{"@type":"EntryPoint","urlTemplate":"https:\/\/bpk-archive.de\/tuellmann\/?s={search_term_string}"},"query-input":{"@type":"PropertyValueSpecification","valueRequired":true,"valueName":"search_term_string"}}],"inLanguage":"de"}]}},"_links":{"self":[{"href":"https:\/\/bpk-archive.de\/tuellmann\/wp-json\/wp\/v2\/product\/70295465","targetHints":{"allow":["GET"]}}],"collection":[{"href":"https:\/\/bpk-archive.de\/tuellmann\/wp-json\/wp\/v2\/product"}],"about":[{"href":"https:\/\/bpk-archive.de\/tuellmann\/wp-json\/wp\/v2\/types\/product"}],"wp:featuredmedia":[{"embeddable":true,"href":"https:\/\/bpk-archive.de\/tuellmann\/wp-json\/wp\/v2\/media\/70293319"}],"wp:attachment":[{"href":"https:\/\/bpk-archive.de\/tuellmann\/wp-json\/wp\/v2\/media?parent=70295465"}],"wp:term":[{"taxonomy":"product_brand","embeddable":true,"href":"https:\/\/bpk-archive.de\/tuellmann\/wp-json\/wp\/v2\/product_brand?post=70295465"},{"taxonomy":"product_cat","embeddable":true,"href":"https:\/\/bpk-archive.de\/tuellmann\/wp-json\/wp\/v2\/product_cat?post=70295465"},{"taxonomy":"product_tag","embeddable":true,"href":"https:\/\/bpk-archive.de\/tuellmann\/wp-json\/wp\/v2\/product_tag?post=70295465"}],"curies":[{"name":"wp","href":"https:\/\/api.w.org\/{rel}","templated":true}]}}