{"id":70295456,"date":"2019-09-05T15:07:59","date_gmt":"2019-09-05T13:07:59","guid":{"rendered":"http:\/\/abisagtuellmann.bpk-news.de\/atbild\/abbruchhaus-hinter-einer-bauplane-im-westend-unterlindau-ecke-eppsteiner-strasse\/"},"modified":"2019-09-05T15:08:05","modified_gmt":"2019-09-05T13:08:05","slug":"abbruchhaus-hinter-einer-bauplane-im-westend-unterlindau-ecke-eppsteiner-strasse","status":"publish","type":"product","link":"https:\/\/bpk-archive.de\/tuellmann\/produkt\/abbruchhaus-hinter-einer-bauplane-im-westend-unterlindau-ecke-eppsteiner-strasse\/","title":{"rendered":"Abbruchhaus hinter einer Bauplane im Westend (Unterlindau \/ Ecke Eppsteiner Stra\u00dfe)"},"content":{"rendered":"<p>R\u00fcckseitenbeschriftung von Hand der Fotografin: &#8222;Ffm Westend, Unterlindau Ecke Eppsteinerstr.&#8220;<\/p>\n","protected":false},"excerpt":{"rendered":"<p>R\u00fcckseitenbeschriftung von Hand der Fotografin: &#8222;Ffm Westend, Unterlindau Ecke Eppsteinerstr.&#8220;<\/p>\n","protected":false},"featured_media":70292833,"template":"","meta":[],"product_brand":[],"product_cat":[],"product_tag":[13774,13232,13234,13231,13233,13775,53514,53515,53516,53517,53518,53519,14310,13777,53249,53250,51436,51558,51559,51560,51561,51562,51563,53521,13250,48185,48186,51437,53583,53584,51936,51438,54249,54250,51937,51938,51940,51941,47365,47366,47367,13469,13470,13471,13472,13260,54251,13293,13786,13787,13294,13295,13296,13297,13485,13486,13482,13481,13483,13484,47377,14066,47887,47888,47383,54252,54253,47384,54254,54255,47385,47386,13492,13493,13494,13495,13496,13497,13301,47499,47500,47501,47502,47503,13328,13827,13828,13329,13330,13331,13332,54256,53588,54257,13843,13877,13879,13865,13864,13866,13858,13859,13860,13861,13862,13863,13867,13869,13870,13871,13872,47406,47407,53533,53589,48679,48680,48681,13878,13880,54258,54259,54260,54261,54262,54263,48228,53552,53553,47504,47505,47506,47349,47350,47351,47352,47353,47354,47355,47356],"class_list":{"0":"post-70295456","1":"product","2":"type-product","3":"status-publish","4":"has-post-thumbnail","6":"product_tag-1960er-jahre","7":"product_tag-20-jahrhundert-nach-chr","8":"product_tag-20-jh-n-chr","9":"product_tag-20-jahrhundert","10":"product_tag-20-jh","11":"product_tag-60er","12":"product_tag-abbruch","13":"product_tag-abbruchhaus","14":"product_tag-abreissen","15":"product_tag-abriss","16":"product_tag-abrissarbeiten","17":"product_tag-abrisshaus","18":"product_tag-abt_004","19":"product_tag-abzug","20":"product_tag-altbau","21":"product_tag-altbauten","22":"product_tag-architektur","23":"product_tag-architekturaufnahme","24":"product_tag-architekturaufnahmen","25":"product_tag-architekturfotografie","26":"product_tag-architekturfotografien","27":"product_tag-architekturphotographie","28":"product_tag-architekturphotographien","29":"product_tag-at_westend","30":"product_tag-aussen","31":"product_tag-aussenansicht","32":"product_tag-aussenansichten","33":"product_tag-bauarbeiten","34":"product_tag-baugeruest","35":"product_tag-baugerueste","36":"product_tag-baugeschehen","37":"product_tag-baumassnahmen","38":"product_tag-bauplane","39":"product_tag-bauplanen","40":"product_tag-bauplatz","41":"product_tag-bauplaetze","42":"product_tag-baustelle","43":"product_tag-baustellen","44":"product_tag-bauten","45":"product_tag-bauwerk","46":"product_tag-bauwerke","47":"product_tag-brd","48":"product_tag-bundesrepublik-deutschland","49":"product_tag-deutschland","50":"product_tag-deutschlands","51":"product_tag-draussen","52":"product_tag-eckhaus","53":"product_tag-foto","54":"product_tag-fotoabzug","55":"product_tag-fotoabzuege","56":"product_tag-fotografie","57":"product_tag-fotografien","58":"product_tag-fotografin","59":"product_tag-fotografinnen","60":"product_tag-frankfurt-m","61":"product_tag-frankfurt-main","62":"product_tag-frankfurt-a-main","63":"product_tag-frankfurt-a-m","64":"product_tag-frankfurt-am-main","65":"product_tag-frankfurter","66":"product_tag-gebaeude","67":"product_tag-geschichte","68":"product_tag-grossstadt","69":"product_tag-grossstaedte","70":"product_tag-haus","71":"product_tag-hausecke","72":"product_tag-hausecken","73":"product_tag-haeuser","74":"product_tag-haeuserecke","75":"product_tag-haeuserecken","76":"product_tag-haeusern","77":"product_tag-hauses","78":"product_tag-hessen","79":"product_tag-hessisch","80":"product_tag-hessische","81":"product_tag-hessischen","82":"product_tag-hessischer","83":"product_tag-hessisches","84":"product_tag-im-freien","85":"product_tag-menschenleer","86":"product_tag-menschenleere","87":"product_tag-menschenleeren","88":"product_tag-menschenleerer","89":"product_tag-menschenleeres","90":"product_tag-photo","91":"product_tag-photoabzug","92":"product_tag-photoabzuege","93":"product_tag-photographie","94":"product_tag-photographien","95":"product_tag-photographin","96":"product_tag-photographinnen","97":"product_tag-plan","98":"product_tag-plane","99":"product_tag-plaenen","100":"product_tag-print","101":"product_tag-s-w-fotografie","102":"product_tag-s-w-photographie","103":"product_tag-schwarzweissphotographie","104":"product_tag-schwarz-weiss-fotografie","105":"product_tag-schwarz-weiss-photographie","106":"product_tag-schwarzweiss","107":"product_tag-schwarzweisse","108":"product_tag-schwarzweissen","109":"product_tag-schwarzweisser","110":"product_tag-schwarzweisses","111":"product_tag-schwarzweissfotografie","112":"product_tag-sechziger","113":"product_tag-silbergelatine","114":"product_tag-silbergelatineabzug","115":"product_tag-silbergelatineabzuege","116":"product_tag-silbergelatineprint","117":"product_tag-stadt","118":"product_tag-staedte","119":"product_tag-stadtgeschichte","120":"product_tag-stadtsanierung","121":"product_tag-stadtteil","122":"product_tag-stadtteils","123":"product_tag-stadtviertel","124":"product_tag-sw-fotografie","125":"product_tag-sw-photographie","126":"product_tag-verhuellt","127":"product_tag-verhuellte","128":"product_tag-verhuellten","129":"product_tag-verhuellter","130":"product_tag-verhuelltes","131":"product_tag-verhuellung","132":"product_tag-von-aussen","133":"product_tag-westend","134":"product_tag-westends","135":"product_tag-wohngebaeude","136":"product_tag-wohnhaus","137":"product_tag-wohnhaeuser","138":"product_tag-zerstoeren","139":"product_tag-zerstoert","140":"product_tag-zerstoerte","141":"product_tag-zerstoerten","142":"product_tag-zerstoerter","143":"product_tag-zerstoertes","144":"product_tag-zerstoerung","145":"product_tag-zerstoerungen","146":"pa_datierung-maerz-1967","147":"pa_fotograf-abisag-tuellmann","148":"pa_geografischer_bezug-aufnahmeort-frankfurt-am-main-westend-deutschland","149":"pa_grunddaten_material_technik-foto-silbergelatine-auf-barytpapier","150":"pa_inventarnummer-tue-w-67-028-16a","151":"pa_jahr_von-53582","152":"pa_massangaben-bildformat-foto-232-x-296-cm","153":"pa_mediennummer-54247","154":"pa_objekt_typ-fotografie","156":"first","157":"instock","158":"product-type-simple"},"yoast_head":"<!-- This site is optimized with the Yoast SEO plugin v27.3 - https:\/\/yoast.com\/product\/yoast-seo-wordpress\/ -->\n<title>Abbruchhaus hinter einer Bauplane im Westend (Unterlindau \/ Ecke Eppsteiner Stra\u00dfe) - Abisag T\u00fcllmann<\/title>\n<meta name=\"robots\" content=\"index, follow, max-snippet:-1, max-image-preview:large, max-video-preview:-1\" \/>\n<link rel=\"canonical\" href=\"https:\/\/bpk-archive.de\/tuellmann\/produkt\/abbruchhaus-hinter-einer-bauplane-im-westend-unterlindau-ecke-eppsteiner-strasse\/\" \/>\n<meta property=\"og:locale\" content=\"de_DE\" \/>\n<meta property=\"og:type\" content=\"article\" \/>\n<meta property=\"og:title\" content=\"Abbruchhaus hinter einer Bauplane im Westend (Unterlindau \/ Ecke Eppsteiner Stra\u00dfe) - Abisag T\u00fcllmann\" \/>\n<meta property=\"og:description\" content=\"R\u00fcckseitenbeschriftung von Hand der Fotografin: &#8222;Ffm Westend, Unterlindau Ecke Eppsteinerstr.&#8220;\" \/>\n<meta property=\"og:url\" content=\"https:\/\/bpk-archive.de\/tuellmann\/produkt\/abbruchhaus-hinter-einer-bauplane-im-westend-unterlindau-ecke-eppsteiner-strasse\/\" \/>\n<meta property=\"og:site_name\" content=\"Abisag T\u00fcllmann\" \/>\n<meta property=\"article:modified_time\" content=\"2019-09-05T13:08:05+00:00\" \/>\n<meta property=\"og:image\" content=\"https:\/\/bpk-archive.de\/tuellmann\/wp-content\/uploads\/2019\/08\/bpk_70345452.jpg\" \/>\n\t<meta property=\"og:image:width\" content=\"1200\" \/>\n\t<meta property=\"og:image:height\" content=\"953\" \/>\n\t<meta property=\"og:image:type\" content=\"image\/jpeg\" \/>\n<meta name=\"twitter:card\" content=\"summary_large_image\" \/>\n<script type=\"application\/ld+json\" class=\"yoast-schema-graph\">{\"@context\":\"https:\\\/\\\/schema.org\",\"@graph\":[{\"@type\":\"WebPage\",\"@id\":\"https:\\\/\\\/bpk-archive.de\\\/tuellmann\\\/produkt\\\/abbruchhaus-hinter-einer-bauplane-im-westend-unterlindau-ecke-eppsteiner-strasse\\\/\",\"url\":\"https:\\\/\\\/bpk-archive.de\\\/tuellmann\\\/produkt\\\/abbruchhaus-hinter-einer-bauplane-im-westend-unterlindau-ecke-eppsteiner-strasse\\\/\",\"name\":\"Abbruchhaus hinter einer Bauplane im Westend (Unterlindau \\\/ Ecke Eppsteiner Stra\u00dfe) - Abisag T\u00fcllmann\",\"isPartOf\":{\"@id\":\"https:\\\/\\\/bpk-archive.de\\\/tuellmann\\\/#website\"},\"primaryImageOfPage\":{\"@id\":\"https:\\\/\\\/bpk-archive.de\\\/tuellmann\\\/produkt\\\/abbruchhaus-hinter-einer-bauplane-im-westend-unterlindau-ecke-eppsteiner-strasse\\\/#primaryimage\"},\"image\":{\"@id\":\"https:\\\/\\\/bpk-archive.de\\\/tuellmann\\\/produkt\\\/abbruchhaus-hinter-einer-bauplane-im-westend-unterlindau-ecke-eppsteiner-strasse\\\/#primaryimage\"},\"thumbnailUrl\":\"https:\\\/\\\/bpk-archive.de\\\/tuellmann\\\/wp-content\\\/uploads\\\/2019\\\/08\\\/bpk_70345452.jpg\",\"datePublished\":\"2019-09-05T13:07:59+00:00\",\"dateModified\":\"2019-09-05T13:08:05+00:00\",\"breadcrumb\":{\"@id\":\"https:\\\/\\\/bpk-archive.de\\\/tuellmann\\\/produkt\\\/abbruchhaus-hinter-einer-bauplane-im-westend-unterlindau-ecke-eppsteiner-strasse\\\/#breadcrumb\"},\"inLanguage\":\"de\",\"potentialAction\":[{\"@type\":\"ReadAction\",\"target\":[\"https:\\\/\\\/bpk-archive.de\\\/tuellmann\\\/produkt\\\/abbruchhaus-hinter-einer-bauplane-im-westend-unterlindau-ecke-eppsteiner-strasse\\\/\"]}]},{\"@type\":\"ImageObject\",\"inLanguage\":\"de\",\"@id\":\"https:\\\/\\\/bpk-archive.de\\\/tuellmann\\\/produkt\\\/abbruchhaus-hinter-einer-bauplane-im-westend-unterlindau-ecke-eppsteiner-strasse\\\/#primaryimage\",\"url\":\"https:\\\/\\\/bpk-archive.de\\\/tuellmann\\\/wp-content\\\/uploads\\\/2019\\\/08\\\/bpk_70345452.jpg\",\"contentUrl\":\"https:\\\/\\\/bpk-archive.de\\\/tuellmann\\\/wp-content\\\/uploads\\\/2019\\\/08\\\/bpk_70345452.jpg\",\"width\":1200,\"height\":953,\"caption\":\"Abbruchhaus hinter einer Bauplane im Westend (Unterlindau \\\/ Ecke Eppsteiner Stra\u00dfe)\"},{\"@type\":\"BreadcrumbList\",\"@id\":\"https:\\\/\\\/bpk-archive.de\\\/tuellmann\\\/produkt\\\/abbruchhaus-hinter-einer-bauplane-im-westend-unterlindau-ecke-eppsteiner-strasse\\\/#breadcrumb\",\"itemListElement\":[{\"@type\":\"ListItem\",\"position\":1,\"name\":\"Startseite\",\"item\":\"https:\\\/\\\/bpk-archive.de\\\/tuellmann\\\/\"},{\"@type\":\"ListItem\",\"position\":2,\"name\":\"Shop\",\"item\":\"https:\\\/\\\/bpk-archive.de\\\/tuellmann\\\/shop\\\/\"},{\"@type\":\"ListItem\",\"position\":3,\"name\":\"Abbruchhaus hinter einer Bauplane im Westend (Unterlindau \\\/ Ecke Eppsteiner Stra\u00dfe)\"}]},{\"@type\":\"WebSite\",\"@id\":\"https:\\\/\\\/bpk-archive.de\\\/tuellmann\\\/#website\",\"url\":\"https:\\\/\\\/bpk-archive.de\\\/tuellmann\\\/\",\"name\":\"Abisag T\u00fcllmann\",\"description\":\"Eine weitere WordPress-Website\",\"potentialAction\":[{\"@type\":\"SearchAction\",\"target\":{\"@type\":\"EntryPoint\",\"urlTemplate\":\"https:\\\/\\\/bpk-archive.de\\\/tuellmann\\\/?s={search_term_string}\"},\"query-input\":{\"@type\":\"PropertyValueSpecification\",\"valueRequired\":true,\"valueName\":\"search_term_string\"}}],\"inLanguage\":\"de\"}]}<\/script>\n<!-- \/ Yoast SEO plugin. -->","yoast_head_json":{"title":"Abbruchhaus hinter einer Bauplane im Westend (Unterlindau \/ Ecke Eppsteiner Stra\u00dfe) - Abisag T\u00fcllmann","robots":{"index":"index","follow":"follow","max-snippet":"max-snippet:-1","max-image-preview":"max-image-preview:large","max-video-preview":"max-video-preview:-1"},"canonical":"https:\/\/bpk-archive.de\/tuellmann\/produkt\/abbruchhaus-hinter-einer-bauplane-im-westend-unterlindau-ecke-eppsteiner-strasse\/","og_locale":"de_DE","og_type":"article","og_title":"Abbruchhaus hinter einer Bauplane im Westend (Unterlindau \/ Ecke Eppsteiner Stra\u00dfe) - Abisag T\u00fcllmann","og_description":"R\u00fcckseitenbeschriftung von Hand der Fotografin: &#8222;Ffm Westend, Unterlindau Ecke Eppsteinerstr.&#8220;","og_url":"https:\/\/bpk-archive.de\/tuellmann\/produkt\/abbruchhaus-hinter-einer-bauplane-im-westend-unterlindau-ecke-eppsteiner-strasse\/","og_site_name":"Abisag T\u00fcllmann","article_modified_time":"2019-09-05T13:08:05+00:00","og_image":[{"width":1200,"height":953,"url":"https:\/\/bpk-archive.de\/tuellmann\/wp-content\/uploads\/2019\/08\/bpk_70345452.jpg","type":"image\/jpeg"}],"twitter_card":"summary_large_image","schema":{"@context":"https:\/\/schema.org","@graph":[{"@type":"WebPage","@id":"https:\/\/bpk-archive.de\/tuellmann\/produkt\/abbruchhaus-hinter-einer-bauplane-im-westend-unterlindau-ecke-eppsteiner-strasse\/","url":"https:\/\/bpk-archive.de\/tuellmann\/produkt\/abbruchhaus-hinter-einer-bauplane-im-westend-unterlindau-ecke-eppsteiner-strasse\/","name":"Abbruchhaus hinter einer Bauplane im Westend (Unterlindau \/ Ecke Eppsteiner Stra\u00dfe) - Abisag T\u00fcllmann","isPartOf":{"@id":"https:\/\/bpk-archive.de\/tuellmann\/#website"},"primaryImageOfPage":{"@id":"https:\/\/bpk-archive.de\/tuellmann\/produkt\/abbruchhaus-hinter-einer-bauplane-im-westend-unterlindau-ecke-eppsteiner-strasse\/#primaryimage"},"image":{"@id":"https:\/\/bpk-archive.de\/tuellmann\/produkt\/abbruchhaus-hinter-einer-bauplane-im-westend-unterlindau-ecke-eppsteiner-strasse\/#primaryimage"},"thumbnailUrl":"https:\/\/bpk-archive.de\/tuellmann\/wp-content\/uploads\/2019\/08\/bpk_70345452.jpg","datePublished":"2019-09-05T13:07:59+00:00","dateModified":"2019-09-05T13:08:05+00:00","breadcrumb":{"@id":"https:\/\/bpk-archive.de\/tuellmann\/produkt\/abbruchhaus-hinter-einer-bauplane-im-westend-unterlindau-ecke-eppsteiner-strasse\/#breadcrumb"},"inLanguage":"de","potentialAction":[{"@type":"ReadAction","target":["https:\/\/bpk-archive.de\/tuellmann\/produkt\/abbruchhaus-hinter-einer-bauplane-im-westend-unterlindau-ecke-eppsteiner-strasse\/"]}]},{"@type":"ImageObject","inLanguage":"de","@id":"https:\/\/bpk-archive.de\/tuellmann\/produkt\/abbruchhaus-hinter-einer-bauplane-im-westend-unterlindau-ecke-eppsteiner-strasse\/#primaryimage","url":"https:\/\/bpk-archive.de\/tuellmann\/wp-content\/uploads\/2019\/08\/bpk_70345452.jpg","contentUrl":"https:\/\/bpk-archive.de\/tuellmann\/wp-content\/uploads\/2019\/08\/bpk_70345452.jpg","width":1200,"height":953,"caption":"Abbruchhaus hinter einer Bauplane im Westend (Unterlindau \/ Ecke Eppsteiner Stra\u00dfe)"},{"@type":"BreadcrumbList","@id":"https:\/\/bpk-archive.de\/tuellmann\/produkt\/abbruchhaus-hinter-einer-bauplane-im-westend-unterlindau-ecke-eppsteiner-strasse\/#breadcrumb","itemListElement":[{"@type":"ListItem","position":1,"name":"Startseite","item":"https:\/\/bpk-archive.de\/tuellmann\/"},{"@type":"ListItem","position":2,"name":"Shop","item":"https:\/\/bpk-archive.de\/tuellmann\/shop\/"},{"@type":"ListItem","position":3,"name":"Abbruchhaus hinter einer Bauplane im Westend (Unterlindau \/ Ecke Eppsteiner Stra\u00dfe)"}]},{"@type":"WebSite","@id":"https:\/\/bpk-archive.de\/tuellmann\/#website","url":"https:\/\/bpk-archive.de\/tuellmann\/","name":"Abisag T\u00fcllmann","description":"Eine weitere WordPress-Website","potentialAction":[{"@type":"SearchAction","target":{"@type":"EntryPoint","urlTemplate":"https:\/\/bpk-archive.de\/tuellmann\/?s={search_term_string}"},"query-input":{"@type":"PropertyValueSpecification","valueRequired":true,"valueName":"search_term_string"}}],"inLanguage":"de"}]}},"_links":{"self":[{"href":"https:\/\/bpk-archive.de\/tuellmann\/wp-json\/wp\/v2\/product\/70295456","targetHints":{"allow":["GET"]}}],"collection":[{"href":"https:\/\/bpk-archive.de\/tuellmann\/wp-json\/wp\/v2\/product"}],"about":[{"href":"https:\/\/bpk-archive.de\/tuellmann\/wp-json\/wp\/v2\/types\/product"}],"wp:featuredmedia":[{"embeddable":true,"href":"https:\/\/bpk-archive.de\/tuellmann\/wp-json\/wp\/v2\/media\/70292833"}],"wp:attachment":[{"href":"https:\/\/bpk-archive.de\/tuellmann\/wp-json\/wp\/v2\/media?parent=70295456"}],"wp:term":[{"taxonomy":"product_brand","embeddable":true,"href":"https:\/\/bpk-archive.de\/tuellmann\/wp-json\/wp\/v2\/product_brand?post=70295456"},{"taxonomy":"product_cat","embeddable":true,"href":"https:\/\/bpk-archive.de\/tuellmann\/wp-json\/wp\/v2\/product_cat?post=70295456"},{"taxonomy":"product_tag","embeddable":true,"href":"https:\/\/bpk-archive.de\/tuellmann\/wp-json\/wp\/v2\/product_tag?post=70295456"}],"curies":[{"name":"wp","href":"https:\/\/api.w.org\/{rel}","templated":true}]}}