{"id":70295442,"date":"2019-09-05T15:07:39","date_gmt":"2019-09-05T13:07:39","guid":{"rendered":"http:\/\/abisagtuellmann.bpk-news.de\/atbild\/gruppe-kindergartenkinder-trifft-am-bahnhof-auf-abreisende-gastarbeiter\/"},"modified":"2019-09-05T15:07:50","modified_gmt":"2019-09-05T13:07:50","slug":"gruppe-kindergartenkinder-trifft-am-bahnhof-auf-abreisende-gastarbeiter","status":"publish","type":"product","link":"https:\/\/bpk-archive.de\/tuellmann\/produkt\/gruppe-kindergartenkinder-trifft-am-bahnhof-auf-abreisende-gastarbeiter\/","title":{"rendered":"Gruppe Kindergartenkinder trifft am Bahnhof auf abreisende &#8222;Gastarbeiter&#8220;"},"content":{"rendered":"<p>Serie f\u00fcr die &#8222;Didaktischen Einheiten&#8220; des Deutschen Jugendinstituts M\u00fcnchen (DJI)<\/p>\n","protected":false},"excerpt":{"rendered":"<p>Serie f\u00fcr die &#8222;Didaktischen Einheiten&#8220; des Deutschen Jugendinstituts M\u00fcnchen (DJI)<\/p>\n","protected":false},"featured_media":70293254,"template":"","meta":[],"product_brand":[],"product_cat":[],"product_tag":[13230,13232,13234,13231,13233,13235,54001,53289,13777,54005,47456,47457,47458,47459,47460,47461,47462,53193,53194,53195,53196,53197,13250,47720,47721,47722,47723,54006,54007,53291,53292,53293,54008,54009,54010,54011,54012,54013,54122,54123,54124,54125,47876,47877,47878,47879,14326,54014,54015,53967,13469,14178,14179,13470,13471,13472,54016,13260,54018,54019,47727,47728,47729,54020,54021,47730,47731,47734,52424,54126,54127,52426,54128,54129,53970,53971,13293,13786,13787,13294,13295,13296,13297,51504,47267,49684,51505,13487,13488,53202,53203,53204,53206,53209,53210,14327,54022,54130,54023,13492,13493,13494,13495,13496,13497,13301,47744,47745,47746,54025,13813,13814,14203,14204,14205,14206,14207,49695,54131,54132,54133,54134,54135,14211,14212,14213,14218,14219,14220,14221,14000,14001,14002,14003,14004,14005,14006,54136,54137,13310,13311,13818,13819,13826,49816,47786,47787,49544,48260,48261,54026,54027,54028,54138,54139,54140,54141,13328,13827,13828,13329,13330,13331,13332,47332,13843,52535,52536,51531,51532,53169,54029,53930,53931,53932,47333,47334,47335,47336,47337,13877,13879,13865,13864,13866,13858,13859,13860,13861,13862,13863,49718,49719,13354,13869,13870,13871,13872,13519,13520,13521,13522,13523,13524,51998,51999,13878,13880,54032,54033,54034,54035,48839,48034,54036,54037,54038,54039,54041,47792],"class_list":{"0":"post-70295442","1":"product","2":"type-product","3":"status-publish","4":"has-post-thumbnail","6":"product_tag-1970er-jahre","7":"product_tag-20-jahrhundert-nach-chr","8":"product_tag-20-jh-n-chr","9":"product_tag-20-jahrhundert","10":"product_tag-20-jh","11":"product_tag-70er","12":"product_tag-abreise","13":"product_tag-abt_003","14":"product_tag-abzug","15":"product_tag-advent","16":"product_tag-arbeit","17":"product_tag-arbeiten","18":"product_tag-arbeitend","19":"product_tag-arbeitende","20":"product_tag-arbeitenden","21":"product_tag-arbeitender","22":"product_tag-arbeitendes","23":"product_tag-arbeitsmigrant","24":"product_tag-arbeitsmigranten","25":"product_tag-at_migranten","26":"product_tag-ausland","27":"product_tag-auslaender","28":"product_tag-aussen","29":"product_tag-auswanderer","30":"product_tag-auswanderern","31":"product_tag-auswandern","32":"product_tag-auswanderung","33":"product_tag-bahn","34":"product_tag-bahnen","35":"product_tag-bahnhof","36":"product_tag-bahnhoefe","37":"product_tag-bahnhofs","38":"product_tag-bahnreise","39":"product_tag-bahnreisen","40":"product_tag-bahnsteig","41":"product_tag-bahnsteige","42":"product_tag-bahnsteigen","43":"product_tag-bahnsteigs","44":"product_tag-begegnen","45":"product_tag-begegnet","46":"product_tag-begegnung","47":"product_tag-begegnungen","48":"product_tag-beruf","49":"product_tag-berufe","50":"product_tag-berufes","51":"product_tag-berufs","52":"product_tag-bevoelkerung","53":"product_tag-bilderfolge","54":"product_tag-bilderserie","55":"product_tag-bilderstrecke","56":"product_tag-brd","57":"product_tag-bube","58":"product_tag-buben","59":"product_tag-bundesrepublik-deutschland","60":"product_tag-deutschland","61":"product_tag-deutschlands","62":"product_tag-didaktik","63":"product_tag-draussen","64":"product_tag-einheit","65":"product_tag-einheits","66":"product_tag-einwanderer","67":"product_tag-einwandern","68":"product_tag-einwanderung","69":"product_tag-eisenbahn","70":"product_tag-eisenbahnen","71":"product_tag-emigrant","72":"product_tag-emigranten","73":"product_tag-emigration","74":"product_tag-erziehen","75":"product_tag-erzieherin","76":"product_tag-erzieherinnen","77":"product_tag-erziehung","78":"product_tag-fellmuetze","79":"product_tag-fellmuetzen","80":"product_tag-folge","81":"product_tag-folgen","82":"product_tag-foto","83":"product_tag-fotoabzug","84":"product_tag-fotoabzuege","85":"product_tag-fotografie","86":"product_tag-fotografien","87":"product_tag-fotografin","88":"product_tag-fotografinnen","89":"product_tag-fotoreihe","90":"product_tag-fotoreportage","91":"product_tag-fotoserie","92":"product_tag-fotostrecke","93":"product_tag-frau","94":"product_tag-frauen","95":"product_tag-fremdarbeiter","96":"product_tag-fremdarbeitern","97":"product_tag-fremdarbeiters","98":"product_tag-gastarbeiter","99":"product_tag-gastarbeitern","100":"product_tag-gastarbeiters","101":"product_tag-gesellschaft","102":"product_tag-heimat","103":"product_tag-heimatland","104":"product_tag-heimaturlaub","105":"product_tag-hessen","106":"product_tag-hessisch","107":"product_tag-hessische","108":"product_tag-hessischen","109":"product_tag-hessischer","110":"product_tag-hessisches","111":"product_tag-im-freien","112":"product_tag-immigrant","113":"product_tag-immigranten","114":"product_tag-immigration","115":"product_tag-jugendinstitut","116":"product_tag-junge","117":"product_tag-jungen","118":"product_tag-jungens","119":"product_tag-jungs","120":"product_tag-kind","121":"product_tag-kinde","122":"product_tag-kinder","123":"product_tag-kindererziehung","124":"product_tag-kindergarten","125":"product_tag-kindergartenkind","126":"product_tag-kindergartenkinder","127":"product_tag-kindergaertnerin","128":"product_tag-kindergaertnerinnen","129":"product_tag-kindergruppe","130":"product_tag-kindergruppen","131":"product_tag-kindern","132":"product_tag-kindes","133":"product_tag-kindheit","134":"product_tag-knabe","135":"product_tag-knaben","136":"product_tag-laecheln","137":"product_tag-laechelnd","138":"product_tag-laechelnde","139":"product_tag-laechelnden","140":"product_tag-laechelnder","141":"product_tag-laechelndes","142":"product_tag-laechelt","143":"product_tag-landkarte","144":"product_tag-landkarten","145":"product_tag-maedchen","146":"product_tag-maedchens","147":"product_tag-mann","148":"product_tag-maenner","149":"product_tag-mannes","150":"product_tag-migrant","151":"product_tag-migranten","152":"product_tag-migration","153":"product_tag-minderheit","154":"product_tag-muetze","155":"product_tag-muetzen","156":"product_tag-offenbach","157":"product_tag-offenbacher","158":"product_tag-paedagogik","159":"product_tag-paedagogin","160":"product_tag-paedagoginnen","161":"product_tag-pelzmuetze","162":"product_tag-pelzmuetzen","163":"product_tag-photo","164":"product_tag-photoabzug","165":"product_tag-photoabzuege","166":"product_tag-photographie","167":"product_tag-photographien","168":"product_tag-photographin","169":"product_tag-photographinnen","170":"product_tag-photoreportage","171":"product_tag-print","172":"product_tag-pudelmuetze","173":"product_tag-pudelmuetzen","174":"product_tag-reihe","175":"product_tag-reihen","176":"product_tag-reise","177":"product_tag-reisen","178":"product_tag-reisende","179":"product_tag-reisenden","180":"product_tag-reisender","181":"product_tag-reportage","182":"product_tag-reportagefoto","183":"product_tag-reportagefotografie","184":"product_tag-reportagephoto","185":"product_tag-reportagephotographie","186":"product_tag-s-w-fotografie","187":"product_tag-s-w-photographie","188":"product_tag-schwarzweissphotographie","189":"product_tag-schwarz-weiss-fotografie","190":"product_tag-schwarz-weiss-photographie","191":"product_tag-schwarzweiss","192":"product_tag-schwarzweisse","193":"product_tag-schwarzweissen","194":"product_tag-schwarzweisser","195":"product_tag-schwarzweisses","196":"product_tag-schwarzweissfotografie","197":"product_tag-serie","198":"product_tag-serien","199":"product_tag-siebziger","200":"product_tag-silbergelatine","201":"product_tag-silbergelatineabzug","202":"product_tag-silbergelatineabzuege","203":"product_tag-silbergelatineprint","204":"product_tag-stehen","205":"product_tag-stehend","206":"product_tag-stehende","207":"product_tag-stehenden","208":"product_tag-stehender","209":"product_tag-stehendes","210":"product_tag-strickmuetze","211":"product_tag-strickmuetzen","212":"product_tag-sw-fotografie","213":"product_tag-sw-photographie","214":"product_tag-vorweihnachtszeit","215":"product_tag-weihnachtsferien","216":"product_tag-weihnachtsurlaub","217":"product_tag-weihnachtszeit","218":"product_tag-winter","219":"product_tag-zeigen","220":"product_tag-zug","221":"product_tag-zuege","222":"product_tag-zuegen","223":"product_tag-zuges","224":"product_tag-zugs","225":"product_tag-zuwanderer","226":"pa_datierung-dezember-1974","227":"pa_fotograf-abisag-tuellmann","228":"pa_geografischer_bezug-aufnahmeort-offenbach-am-main-deutschland","229":"pa_grunddaten_material_technik-foto-silbergelatine-auf-barytpapier","230":"pa_inventarnummer-tue-74-317-27","231":"pa_jahr_von-51802","232":"pa_massangaben-bildformat-foto-233-x-303-cm","233":"pa_mediennummer-54119","234":"pa_objekt_typ-fotografie","236":"first","237":"instock","238":"product-type-simple"},"yoast_head":"<!-- This site is optimized with the Yoast SEO plugin v27.4 - https:\/\/yoast.com\/product\/yoast-seo-wordpress\/ -->\n<title>Gruppe Kindergartenkinder trifft am Bahnhof auf abreisende &quot;Gastarbeiter&quot; - Abisag T\u00fcllmann<\/title>\n<meta name=\"robots\" content=\"index, follow, max-snippet:-1, max-image-preview:large, max-video-preview:-1\" \/>\n<link rel=\"canonical\" href=\"https:\/\/bpk-archive.de\/tuellmann\/produkt\/gruppe-kindergartenkinder-trifft-am-bahnhof-auf-abreisende-gastarbeiter\/\" \/>\n<meta property=\"og:locale\" content=\"de_DE\" \/>\n<meta property=\"og:type\" content=\"article\" \/>\n<meta property=\"og:title\" content=\"Gruppe Kindergartenkinder trifft am Bahnhof auf abreisende &quot;Gastarbeiter&quot; - Abisag T\u00fcllmann\" \/>\n<meta property=\"og:description\" content=\"Serie f\u00fcr die &#8222;Didaktischen Einheiten&#8220; des Deutschen Jugendinstituts M\u00fcnchen (DJI)\" \/>\n<meta property=\"og:url\" content=\"https:\/\/bpk-archive.de\/tuellmann\/produkt\/gruppe-kindergartenkinder-trifft-am-bahnhof-auf-abreisende-gastarbeiter\/\" \/>\n<meta property=\"og:site_name\" content=\"Abisag T\u00fcllmann\" \/>\n<meta property=\"article:modified_time\" content=\"2019-09-05T13:07:50+00:00\" \/>\n<meta property=\"og:image\" content=\"https:\/\/bpk-archive.de\/tuellmann\/wp-content\/uploads\/2019\/08\/bpk_70296485.jpg\" \/>\n\t<meta property=\"og:image:width\" content=\"1200\" \/>\n\t<meta property=\"og:image:height\" content=\"936\" \/>\n\t<meta property=\"og:image:type\" content=\"image\/jpeg\" \/>\n<meta name=\"twitter:card\" content=\"summary_large_image\" \/>\n<script type=\"application\/ld+json\" class=\"yoast-schema-graph\">{\"@context\":\"https:\\\/\\\/schema.org\",\"@graph\":[{\"@type\":\"WebPage\",\"@id\":\"https:\\\/\\\/bpk-archive.de\\\/tuellmann\\\/produkt\\\/gruppe-kindergartenkinder-trifft-am-bahnhof-auf-abreisende-gastarbeiter\\\/\",\"url\":\"https:\\\/\\\/bpk-archive.de\\\/tuellmann\\\/produkt\\\/gruppe-kindergartenkinder-trifft-am-bahnhof-auf-abreisende-gastarbeiter\\\/\",\"name\":\"Gruppe Kindergartenkinder trifft am Bahnhof auf abreisende \\\"Gastarbeiter\\\" - Abisag T\u00fcllmann\",\"isPartOf\":{\"@id\":\"https:\\\/\\\/bpk-archive.de\\\/tuellmann\\\/#website\"},\"primaryImageOfPage\":{\"@id\":\"https:\\\/\\\/bpk-archive.de\\\/tuellmann\\\/produkt\\\/gruppe-kindergartenkinder-trifft-am-bahnhof-auf-abreisende-gastarbeiter\\\/#primaryimage\"},\"image\":{\"@id\":\"https:\\\/\\\/bpk-archive.de\\\/tuellmann\\\/produkt\\\/gruppe-kindergartenkinder-trifft-am-bahnhof-auf-abreisende-gastarbeiter\\\/#primaryimage\"},\"thumbnailUrl\":\"https:\\\/\\\/bpk-archive.de\\\/tuellmann\\\/wp-content\\\/uploads\\\/2019\\\/08\\\/bpk_70296485.jpg\",\"datePublished\":\"2019-09-05T13:07:39+00:00\",\"dateModified\":\"2019-09-05T13:07:50+00:00\",\"breadcrumb\":{\"@id\":\"https:\\\/\\\/bpk-archive.de\\\/tuellmann\\\/produkt\\\/gruppe-kindergartenkinder-trifft-am-bahnhof-auf-abreisende-gastarbeiter\\\/#breadcrumb\"},\"inLanguage\":\"de\",\"potentialAction\":[{\"@type\":\"ReadAction\",\"target\":[\"https:\\\/\\\/bpk-archive.de\\\/tuellmann\\\/produkt\\\/gruppe-kindergartenkinder-trifft-am-bahnhof-auf-abreisende-gastarbeiter\\\/\"]}]},{\"@type\":\"ImageObject\",\"inLanguage\":\"de\",\"@id\":\"https:\\\/\\\/bpk-archive.de\\\/tuellmann\\\/produkt\\\/gruppe-kindergartenkinder-trifft-am-bahnhof-auf-abreisende-gastarbeiter\\\/#primaryimage\",\"url\":\"https:\\\/\\\/bpk-archive.de\\\/tuellmann\\\/wp-content\\\/uploads\\\/2019\\\/08\\\/bpk_70296485.jpg\",\"contentUrl\":\"https:\\\/\\\/bpk-archive.de\\\/tuellmann\\\/wp-content\\\/uploads\\\/2019\\\/08\\\/bpk_70296485.jpg\",\"width\":1200,\"height\":936,\"caption\":\"Gruppe Kindergartenkinder trifft am Bahnhof auf abreisende \\\"Gastarbeiter\\\"\"},{\"@type\":\"BreadcrumbList\",\"@id\":\"https:\\\/\\\/bpk-archive.de\\\/tuellmann\\\/produkt\\\/gruppe-kindergartenkinder-trifft-am-bahnhof-auf-abreisende-gastarbeiter\\\/#breadcrumb\",\"itemListElement\":[{\"@type\":\"ListItem\",\"position\":1,\"name\":\"Startseite\",\"item\":\"https:\\\/\\\/bpk-archive.de\\\/tuellmann\\\/\"},{\"@type\":\"ListItem\",\"position\":2,\"name\":\"Shop\",\"item\":\"https:\\\/\\\/bpk-archive.de\\\/tuellmann\\\/shop\\\/\"},{\"@type\":\"ListItem\",\"position\":3,\"name\":\"Gruppe Kindergartenkinder trifft am Bahnhof auf abreisende &#8220;Gastarbeiter&#8221;\"}]},{\"@type\":\"WebSite\",\"@id\":\"https:\\\/\\\/bpk-archive.de\\\/tuellmann\\\/#website\",\"url\":\"https:\\\/\\\/bpk-archive.de\\\/tuellmann\\\/\",\"name\":\"Abisag T\u00fcllmann\",\"description\":\"Eine weitere WordPress-Website\",\"potentialAction\":[{\"@type\":\"SearchAction\",\"target\":{\"@type\":\"EntryPoint\",\"urlTemplate\":\"https:\\\/\\\/bpk-archive.de\\\/tuellmann\\\/?s={search_term_string}\"},\"query-input\":{\"@type\":\"PropertyValueSpecification\",\"valueRequired\":true,\"valueName\":\"search_term_string\"}}],\"inLanguage\":\"de\"}]}<\/script>\n<!-- \/ Yoast SEO plugin. -->","yoast_head_json":{"title":"Gruppe Kindergartenkinder trifft am Bahnhof auf abreisende \"Gastarbeiter\" - Abisag T\u00fcllmann","robots":{"index":"index","follow":"follow","max-snippet":"max-snippet:-1","max-image-preview":"max-image-preview:large","max-video-preview":"max-video-preview:-1"},"canonical":"https:\/\/bpk-archive.de\/tuellmann\/produkt\/gruppe-kindergartenkinder-trifft-am-bahnhof-auf-abreisende-gastarbeiter\/","og_locale":"de_DE","og_type":"article","og_title":"Gruppe Kindergartenkinder trifft am Bahnhof auf abreisende \"Gastarbeiter\" - Abisag T\u00fcllmann","og_description":"Serie f\u00fcr die &#8222;Didaktischen Einheiten&#8220; des Deutschen Jugendinstituts M\u00fcnchen (DJI)","og_url":"https:\/\/bpk-archive.de\/tuellmann\/produkt\/gruppe-kindergartenkinder-trifft-am-bahnhof-auf-abreisende-gastarbeiter\/","og_site_name":"Abisag T\u00fcllmann","article_modified_time":"2019-09-05T13:07:50+00:00","og_image":[{"width":1200,"height":936,"url":"https:\/\/bpk-archive.de\/tuellmann\/wp-content\/uploads\/2019\/08\/bpk_70296485.jpg","type":"image\/jpeg"}],"twitter_card":"summary_large_image","schema":{"@context":"https:\/\/schema.org","@graph":[{"@type":"WebPage","@id":"https:\/\/bpk-archive.de\/tuellmann\/produkt\/gruppe-kindergartenkinder-trifft-am-bahnhof-auf-abreisende-gastarbeiter\/","url":"https:\/\/bpk-archive.de\/tuellmann\/produkt\/gruppe-kindergartenkinder-trifft-am-bahnhof-auf-abreisende-gastarbeiter\/","name":"Gruppe Kindergartenkinder trifft am Bahnhof auf abreisende \"Gastarbeiter\" - Abisag T\u00fcllmann","isPartOf":{"@id":"https:\/\/bpk-archive.de\/tuellmann\/#website"},"primaryImageOfPage":{"@id":"https:\/\/bpk-archive.de\/tuellmann\/produkt\/gruppe-kindergartenkinder-trifft-am-bahnhof-auf-abreisende-gastarbeiter\/#primaryimage"},"image":{"@id":"https:\/\/bpk-archive.de\/tuellmann\/produkt\/gruppe-kindergartenkinder-trifft-am-bahnhof-auf-abreisende-gastarbeiter\/#primaryimage"},"thumbnailUrl":"https:\/\/bpk-archive.de\/tuellmann\/wp-content\/uploads\/2019\/08\/bpk_70296485.jpg","datePublished":"2019-09-05T13:07:39+00:00","dateModified":"2019-09-05T13:07:50+00:00","breadcrumb":{"@id":"https:\/\/bpk-archive.de\/tuellmann\/produkt\/gruppe-kindergartenkinder-trifft-am-bahnhof-auf-abreisende-gastarbeiter\/#breadcrumb"},"inLanguage":"de","potentialAction":[{"@type":"ReadAction","target":["https:\/\/bpk-archive.de\/tuellmann\/produkt\/gruppe-kindergartenkinder-trifft-am-bahnhof-auf-abreisende-gastarbeiter\/"]}]},{"@type":"ImageObject","inLanguage":"de","@id":"https:\/\/bpk-archive.de\/tuellmann\/produkt\/gruppe-kindergartenkinder-trifft-am-bahnhof-auf-abreisende-gastarbeiter\/#primaryimage","url":"https:\/\/bpk-archive.de\/tuellmann\/wp-content\/uploads\/2019\/08\/bpk_70296485.jpg","contentUrl":"https:\/\/bpk-archive.de\/tuellmann\/wp-content\/uploads\/2019\/08\/bpk_70296485.jpg","width":1200,"height":936,"caption":"Gruppe Kindergartenkinder trifft am Bahnhof auf abreisende \"Gastarbeiter\""},{"@type":"BreadcrumbList","@id":"https:\/\/bpk-archive.de\/tuellmann\/produkt\/gruppe-kindergartenkinder-trifft-am-bahnhof-auf-abreisende-gastarbeiter\/#breadcrumb","itemListElement":[{"@type":"ListItem","position":1,"name":"Startseite","item":"https:\/\/bpk-archive.de\/tuellmann\/"},{"@type":"ListItem","position":2,"name":"Shop","item":"https:\/\/bpk-archive.de\/tuellmann\/shop\/"},{"@type":"ListItem","position":3,"name":"Gruppe Kindergartenkinder trifft am Bahnhof auf abreisende &#8220;Gastarbeiter&#8221;"}]},{"@type":"WebSite","@id":"https:\/\/bpk-archive.de\/tuellmann\/#website","url":"https:\/\/bpk-archive.de\/tuellmann\/","name":"Abisag T\u00fcllmann","description":"Eine weitere WordPress-Website","potentialAction":[{"@type":"SearchAction","target":{"@type":"EntryPoint","urlTemplate":"https:\/\/bpk-archive.de\/tuellmann\/?s={search_term_string}"},"query-input":{"@type":"PropertyValueSpecification","valueRequired":true,"valueName":"search_term_string"}}],"inLanguage":"de"}]}},"_links":{"self":[{"href":"https:\/\/bpk-archive.de\/tuellmann\/wp-json\/wp\/v2\/product\/70295442","targetHints":{"allow":["GET"]}}],"collection":[{"href":"https:\/\/bpk-archive.de\/tuellmann\/wp-json\/wp\/v2\/product"}],"about":[{"href":"https:\/\/bpk-archive.de\/tuellmann\/wp-json\/wp\/v2\/types\/product"}],"wp:featuredmedia":[{"embeddable":true,"href":"https:\/\/bpk-archive.de\/tuellmann\/wp-json\/wp\/v2\/media\/70293254"}],"wp:attachment":[{"href":"https:\/\/bpk-archive.de\/tuellmann\/wp-json\/wp\/v2\/media?parent=70295442"}],"wp:term":[{"taxonomy":"product_brand","embeddable":true,"href":"https:\/\/bpk-archive.de\/tuellmann\/wp-json\/wp\/v2\/product_brand?post=70295442"},{"taxonomy":"product_cat","embeddable":true,"href":"https:\/\/bpk-archive.de\/tuellmann\/wp-json\/wp\/v2\/product_cat?post=70295442"},{"taxonomy":"product_tag","embeddable":true,"href":"https:\/\/bpk-archive.de\/tuellmann\/wp-json\/wp\/v2\/product_tag?post=70295442"}],"curies":[{"name":"wp","href":"https:\/\/api.w.org\/{rel}","templated":true}]}}