{"id":70295427,"date":"2019-09-05T15:07:16","date_gmt":"2019-09-05T13:07:16","guid":{"rendered":"http:\/\/abisagtuellmann.bpk-news.de\/atbild\/zimmer-in-einem-wohnheim-fuer-gastarbeiter-des-chemie-unternehmens-bayer\/"},"modified":"2019-09-05T15:07:34","modified_gmt":"2019-09-05T13:07:34","slug":"zimmer-in-einem-wohnheim-fuer-gastarbeiter-des-chemie-unternehmens-bayer","status":"publish","type":"product","link":"https:\/\/bpk-archive.de\/tuellmann\/produkt\/zimmer-in-einem-wohnheim-fuer-gastarbeiter-des-chemie-unternehmens-bayer\/","title":{"rendered":"Zimmer in einem Wohnheim f\u00fcr Gastarbeiter des Chemie-Unternehmens Bayer"},"content":{"rendered":"<p>R\u00fcckseitenbeschriftung von Hand der Fotografin: &#8222;Zimmer in einem Wohnheim f\u00fcr Gastarbeiter (Bayer-Leverkusen). Es wohnen drei Italiener drin&#8220;<\/p>\n","protected":false},"excerpt":{"rendered":"<p>R\u00fcckseitenbeschriftung von Hand der Fotografin: &#8222;Zimmer in einem Wohnheim f\u00fcr Gastarbeiter (Bayer-Leverkusen). Es wohnen drei Italiener drin&#8220;<\/p>\n","protected":false},"featured_media":70293207,"template":"","meta":[],"product_brand":[],"product_cat":[],"product_tag":[13774,13232,13234,13231,13233,13775,53289,13777,47456,47457,47458,47459,47460,47461,47462,13604,13605,53961,53962,53963,53964,53193,53194,53195,53196,53197,47720,47721,47722,47723,53965,47876,47877,47878,47879,49250,49251,49252,49253,49254,49255,48096,48097,14326,53966,53967,13784,13785,53968,13469,13470,53969,53198,49767,49768,13471,13472,13473,47727,47728,47729,47730,47731,47734,49993,49994,49995,49996,49997,53970,53971,13293,13786,13787,13294,13295,13296,13297,51504,47267,49684,51505,48621,48622,48623,53202,53203,53204,53206,53209,53210,49262,14327,47744,47745,47746,47854,53972,53973,47855,53974,13498,51509,51510,51511,51512,51513,51514,51515,49774,49775,53975,49747,49748,49749,49750,49751,49752,49753,47440,47441,47442,47443,47444,47445,47446,53928,53929,13818,13819,13820,13821,13822,13823,13824,13825,13826,53976,53977,49816,47786,47787,49544,49586,49588,14229,53978,53979,53980,53981,13328,13827,13828,13329,13330,13331,13332,47332,53357,48266,48267,13829,13830,13831,13832,13833,13834,13835,13836,13837,13838,13839,13840,13841,13842,48269,13843,51531,51532,49999,50000,50001,50002,50003,47333,47334,47335,47336,47337,49545,49546,49547,49548,49549,49550,49551,49552,49553,49555,13877,13879,13865,13864,13866,13858,13859,13860,13861,13862,13863,13867,49718,49719,13869,13870,13871,13872,13878,13880,14250,14251,53982,13525,47340,47341,47342,48283,53894,53895,47914,47915,53983,53984,47357,47358,48805,48804,47792],"class_list":{"0":"post-70295427","1":"product","2":"type-product","3":"status-publish","4":"has-post-thumbnail","6":"product_tag-1960er-jahre","7":"product_tag-20-jahrhundert-nach-chr","8":"product_tag-20-jh-n-chr","9":"product_tag-20-jahrhundert","10":"product_tag-20-jh","11":"product_tag-60er","12":"product_tag-abt_003","13":"product_tag-abzug","14":"product_tag-arbeit","15":"product_tag-arbeiten","16":"product_tag-arbeitend","17":"product_tag-arbeitende","18":"product_tag-arbeitenden","19":"product_tag-arbeitender","20":"product_tag-arbeitendes","21":"product_tag-arbeiter","22":"product_tag-arbeitern","23":"product_tag-arbeiterportrait","24":"product_tag-arbeiterportraits","25":"product_tag-arbeiterportraet","26":"product_tag-arbeiterportraets","27":"product_tag-arbeitsmigrant","28":"product_tag-arbeitsmigranten","29":"product_tag-at_migranten","30":"product_tag-ausland","31":"product_tag-auslaender","32":"product_tag-auswanderer","33":"product_tag-auswanderern","34":"product_tag-auswandern","35":"product_tag-auswanderung","36":"product_tag-bayer","37":"product_tag-beruf","38":"product_tag-berufe","39":"product_tag-berufes","40":"product_tag-berufs","41":"product_tag-beten","42":"product_tag-betend","43":"product_tag-betende","44":"product_tag-betenden","45":"product_tag-betender","46":"product_tag-betendes","47":"product_tag-bett","48":"product_tag-betten","49":"product_tag-bevoelkerung","50":"product_tag-bilderserien","51":"product_tag-bilderstrecke","52":"product_tag-bildnis","53":"product_tag-bildnisse","54":"product_tag-bildserie","55":"product_tag-brd","56":"product_tag-bundesrepublik-deutschland","57":"product_tag-chemie","58":"product_tag-chemieindustrie","59":"product_tag-collage","60":"product_tag-collagen","61":"product_tag-deutschland","62":"product_tag-deutschlands","63":"product_tag-drinnen","64":"product_tag-einwanderer","65":"product_tag-einwandern","66":"product_tag-einwanderung","67":"product_tag-emigrant","68":"product_tag-emigranten","69":"product_tag-emigration","70":"product_tag-entspannen","71":"product_tag-entspannt","72":"product_tag-entspannte","73":"product_tag-entspannter","74":"product_tag-entspanntes","75":"product_tag-folge","76":"product_tag-folgen","77":"product_tag-foto","78":"product_tag-fotoabzug","79":"product_tag-fotoabzuege","80":"product_tag-fotografie","81":"product_tag-fotografien","82":"product_tag-fotografin","83":"product_tag-fotografinnen","84":"product_tag-fotoreihe","85":"product_tag-fotoreportage","86":"product_tag-fotoserie","87":"product_tag-fotostrecke","88":"product_tag-freizeit","89":"product_tag-freizeitbeschaeftigung","90":"product_tag-freizeitgestaltung","91":"product_tag-fremdarbeiter","92":"product_tag-fremdarbeitern","93":"product_tag-fremdarbeiters","94":"product_tag-gastarbeiter","95":"product_tag-gastarbeitern","96":"product_tag-gastarbeiters","97":"product_tag-gebet","98":"product_tag-gesellschaft","99":"product_tag-immigrant","100":"product_tag-immigranten","101":"product_tag-immigration","102":"product_tag-industrie","103":"product_tag-industriefotografie","104":"product_tag-industriefotos","105":"product_tag-industrien","106":"product_tag-industriephotographie","107":"product_tag-innen","108":"product_tag-italiener","109":"product_tag-italienern","110":"product_tag-italienisch","111":"product_tag-italienische","112":"product_tag-italienischen","113":"product_tag-italienischer","114":"product_tag-italienisches","115":"product_tag-kollage","116":"product_tag-kollagen","117":"product_tag-konzern","118":"product_tag-lektuere","119":"product_tag-lesen","120":"product_tag-lesend","121":"product_tag-lesende","122":"product_tag-lesenden","123":"product_tag-lesender","124":"product_tag-lesendes","125":"product_tag-liegen","126":"product_tag-liegend","127":"product_tag-liegende","128":"product_tag-liegendem","129":"product_tag-liegenden","130":"product_tag-liegender","131":"product_tag-liegendes","132":"product_tag-magazin","133":"product_tag-magazine","134":"product_tag-mann","135":"product_tag-maenner","136":"product_tag-maennerbildnis","137":"product_tag-maennerbildnisse","138":"product_tag-maennerportrait","139":"product_tag-maennerportraits","140":"product_tag-maennerportraet","141":"product_tag-maennerportraets","142":"product_tag-mannes","143":"product_tag-medikamentenhersteller","144":"product_tag-mehrbettzimmer","145":"product_tag-migrant","146":"product_tag-migranten","147":"product_tag-migration","148":"product_tag-minderheit","149":"product_tag-nordrhein-westfalen","150":"product_tag-nrw","151":"product_tag-obdach","152":"product_tag-papiercollage","153":"product_tag-papiercollagen","154":"product_tag-papierkollage","155":"product_tag-papierkollagen","156":"product_tag-photo","157":"product_tag-photoabzug","158":"product_tag-photoabzuege","159":"product_tag-photographie","160":"product_tag-photographien","161":"product_tag-photographin","162":"product_tag-photographinnen","163":"product_tag-photoreportage","164":"product_tag-pinup","165":"product_tag-plakat","166":"product_tag-plakate","167":"product_tag-portrait","168":"product_tag-portraitaufnahme","169":"product_tag-portraitfoto","170":"product_tag-portraitfotografie","171":"product_tag-portraitphoto","172":"product_tag-portraitphotographie","173":"product_tag-portraits","174":"product_tag-portraet","175":"product_tag-portraetaufnahme","176":"product_tag-portraetfoto","177":"product_tag-portraetfotografie","178":"product_tag-portraetphoto","179":"product_tag-portraetphotographie","180":"product_tag-portraets","181":"product_tag-poster","182":"product_tag-print","183":"product_tag-reihe","184":"product_tag-reihen","185":"product_tag-relaxen","186":"product_tag-relaxt","187":"product_tag-relaxte","188":"product_tag-relaxter","189":"product_tag-relaxtes","190":"product_tag-reportage","191":"product_tag-reportagefoto","192":"product_tag-reportagefotografie","193":"product_tag-reportagephoto","194":"product_tag-reportagephotographie","195":"product_tag-rheinisch","196":"product_tag-rheinische","197":"product_tag-rheinischen","198":"product_tag-rheinischer","199":"product_tag-rheinisches","200":"product_tag-rheinland","201":"product_tag-rheinlande","202":"product_tag-rheinlanden","203":"product_tag-rheinlandes","204":"product_tag-rheinlands","205":"product_tag-s-w-fotografie","206":"product_tag-s-w-photographie","207":"product_tag-schwarzweissphotographie","208":"product_tag-schwarz-weiss-fotografie","209":"product_tag-schwarz-weiss-photographie","210":"product_tag-schwarzweiss","211":"product_tag-schwarzweisse","212":"product_tag-schwarzweissen","213":"product_tag-schwarzweisser","214":"product_tag-schwarzweisses","215":"product_tag-schwarzweissfotografie","216":"product_tag-sechziger","217":"product_tag-serie","218":"product_tag-serien","219":"product_tag-silbergelatine","220":"product_tag-silbergelatineabzug","221":"product_tag-silbergelatineabzuege","222":"product_tag-silbergelatineprint","223":"product_tag-sw-fotografie","224":"product_tag-sw-photographie","225":"product_tag-unterkunft","226":"product_tag-unterkuenfte","227":"product_tag-unternehmen","228":"product_tag-von-innen","229":"product_tag-wand","230":"product_tag-waende","231":"product_tag-waenden","232":"product_tag-wandschmuck","233":"product_tag-wohnheim","234":"product_tag-wohnheime","235":"product_tag-zeitschrift","236":"product_tag-zeitschriften","237":"product_tag-zeitungsauschnitt","238":"product_tag-zeitungsauschnitte","239":"product_tag-zimmer","240":"product_tag-zimmers","241":"product_tag-zu-hause","242":"product_tag-zuhause","243":"product_tag-zuwanderer","244":"pa_datierung-januar-1965","245":"pa_fotograf-abisag-tuellmann","246":"pa_geografischer_bezug-aufnahmeort-leverkusen-deutschland","247":"pa_grunddaten_material_technik-foto-silbergelatine-auf-barytpapier","248":"pa_inventarnummer-tue-65-020-62","249":"pa_jahr_von-53959","250":"pa_massangaben-bildformat-foto-218-x-293-cm","251":"pa_mediennummer-53955","252":"pa_objekt_typ-fotografie","254":"first","255":"instock","256":"product-type-simple"},"yoast_head":"<!-- This site is optimized with the Yoast SEO plugin v27.3 - https:\/\/yoast.com\/product\/yoast-seo-wordpress\/ -->\n<title>Zimmer in einem Wohnheim f\u00fcr Gastarbeiter des Chemie-Unternehmens Bayer - Abisag T\u00fcllmann<\/title>\n<meta name=\"robots\" content=\"index, follow, max-snippet:-1, max-image-preview:large, max-video-preview:-1\" \/>\n<link rel=\"canonical\" href=\"https:\/\/bpk-archive.de\/tuellmann\/produkt\/zimmer-in-einem-wohnheim-fuer-gastarbeiter-des-chemie-unternehmens-bayer\/\" \/>\n<meta property=\"og:locale\" content=\"de_DE\" \/>\n<meta property=\"og:type\" content=\"article\" \/>\n<meta property=\"og:title\" content=\"Zimmer in einem Wohnheim f\u00fcr Gastarbeiter des Chemie-Unternehmens Bayer - Abisag T\u00fcllmann\" \/>\n<meta property=\"og:description\" content=\"R\u00fcckseitenbeschriftung von Hand der Fotografin: &#8222;Zimmer in einem Wohnheim f\u00fcr Gastarbeiter (Bayer-Leverkusen). Es wohnen drei Italiener drin&#8220;\" \/>\n<meta property=\"og:url\" content=\"https:\/\/bpk-archive.de\/tuellmann\/produkt\/zimmer-in-einem-wohnheim-fuer-gastarbeiter-des-chemie-unternehmens-bayer\/\" \/>\n<meta property=\"og:site_name\" content=\"Abisag T\u00fcllmann\" \/>\n<meta property=\"article:modified_time\" content=\"2019-09-05T13:07:34+00:00\" \/>\n<meta property=\"og:image\" content=\"https:\/\/bpk-archive.de\/tuellmann\/wp-content\/uploads\/2019\/08\/bpk_70296468.jpg\" \/>\n\t<meta property=\"og:image:width\" content=\"1200\" \/>\n\t<meta property=\"og:image:height\" content=\"912\" \/>\n\t<meta property=\"og:image:type\" content=\"image\/jpeg\" \/>\n<meta name=\"twitter:card\" content=\"summary_large_image\" \/>\n<script type=\"application\/ld+json\" class=\"yoast-schema-graph\">{\"@context\":\"https:\\\/\\\/schema.org\",\"@graph\":[{\"@type\":\"WebPage\",\"@id\":\"https:\\\/\\\/bpk-archive.de\\\/tuellmann\\\/produkt\\\/zimmer-in-einem-wohnheim-fuer-gastarbeiter-des-chemie-unternehmens-bayer\\\/\",\"url\":\"https:\\\/\\\/bpk-archive.de\\\/tuellmann\\\/produkt\\\/zimmer-in-einem-wohnheim-fuer-gastarbeiter-des-chemie-unternehmens-bayer\\\/\",\"name\":\"Zimmer in einem Wohnheim f\u00fcr Gastarbeiter des Chemie-Unternehmens Bayer - Abisag T\u00fcllmann\",\"isPartOf\":{\"@id\":\"https:\\\/\\\/bpk-archive.de\\\/tuellmann\\\/#website\"},\"primaryImageOfPage\":{\"@id\":\"https:\\\/\\\/bpk-archive.de\\\/tuellmann\\\/produkt\\\/zimmer-in-einem-wohnheim-fuer-gastarbeiter-des-chemie-unternehmens-bayer\\\/#primaryimage\"},\"image\":{\"@id\":\"https:\\\/\\\/bpk-archive.de\\\/tuellmann\\\/produkt\\\/zimmer-in-einem-wohnheim-fuer-gastarbeiter-des-chemie-unternehmens-bayer\\\/#primaryimage\"},\"thumbnailUrl\":\"https:\\\/\\\/bpk-archive.de\\\/tuellmann\\\/wp-content\\\/uploads\\\/2019\\\/08\\\/bpk_70296468.jpg\",\"datePublished\":\"2019-09-05T13:07:16+00:00\",\"dateModified\":\"2019-09-05T13:07:34+00:00\",\"breadcrumb\":{\"@id\":\"https:\\\/\\\/bpk-archive.de\\\/tuellmann\\\/produkt\\\/zimmer-in-einem-wohnheim-fuer-gastarbeiter-des-chemie-unternehmens-bayer\\\/#breadcrumb\"},\"inLanguage\":\"de\",\"potentialAction\":[{\"@type\":\"ReadAction\",\"target\":[\"https:\\\/\\\/bpk-archive.de\\\/tuellmann\\\/produkt\\\/zimmer-in-einem-wohnheim-fuer-gastarbeiter-des-chemie-unternehmens-bayer\\\/\"]}]},{\"@type\":\"ImageObject\",\"inLanguage\":\"de\",\"@id\":\"https:\\\/\\\/bpk-archive.de\\\/tuellmann\\\/produkt\\\/zimmer-in-einem-wohnheim-fuer-gastarbeiter-des-chemie-unternehmens-bayer\\\/#primaryimage\",\"url\":\"https:\\\/\\\/bpk-archive.de\\\/tuellmann\\\/wp-content\\\/uploads\\\/2019\\\/08\\\/bpk_70296468.jpg\",\"contentUrl\":\"https:\\\/\\\/bpk-archive.de\\\/tuellmann\\\/wp-content\\\/uploads\\\/2019\\\/08\\\/bpk_70296468.jpg\",\"width\":1200,\"height\":912,\"caption\":\"Zimmer in einem Wohnheim f\u00fcr Gastarbeiter des Chemie-Unternehmens Bayer\"},{\"@type\":\"BreadcrumbList\",\"@id\":\"https:\\\/\\\/bpk-archive.de\\\/tuellmann\\\/produkt\\\/zimmer-in-einem-wohnheim-fuer-gastarbeiter-des-chemie-unternehmens-bayer\\\/#breadcrumb\",\"itemListElement\":[{\"@type\":\"ListItem\",\"position\":1,\"name\":\"Startseite\",\"item\":\"https:\\\/\\\/bpk-archive.de\\\/tuellmann\\\/\"},{\"@type\":\"ListItem\",\"position\":2,\"name\":\"Shop\",\"item\":\"https:\\\/\\\/bpk-archive.de\\\/tuellmann\\\/shop\\\/\"},{\"@type\":\"ListItem\",\"position\":3,\"name\":\"Zimmer in einem Wohnheim f\u00fcr Gastarbeiter des Chemie-Unternehmens Bayer\"}]},{\"@type\":\"WebSite\",\"@id\":\"https:\\\/\\\/bpk-archive.de\\\/tuellmann\\\/#website\",\"url\":\"https:\\\/\\\/bpk-archive.de\\\/tuellmann\\\/\",\"name\":\"Abisag T\u00fcllmann\",\"description\":\"Eine weitere WordPress-Website\",\"potentialAction\":[{\"@type\":\"SearchAction\",\"target\":{\"@type\":\"EntryPoint\",\"urlTemplate\":\"https:\\\/\\\/bpk-archive.de\\\/tuellmann\\\/?s={search_term_string}\"},\"query-input\":{\"@type\":\"PropertyValueSpecification\",\"valueRequired\":true,\"valueName\":\"search_term_string\"}}],\"inLanguage\":\"de\"}]}<\/script>\n<!-- \/ Yoast SEO plugin. -->","yoast_head_json":{"title":"Zimmer in einem Wohnheim f\u00fcr Gastarbeiter des Chemie-Unternehmens Bayer - Abisag T\u00fcllmann","robots":{"index":"index","follow":"follow","max-snippet":"max-snippet:-1","max-image-preview":"max-image-preview:large","max-video-preview":"max-video-preview:-1"},"canonical":"https:\/\/bpk-archive.de\/tuellmann\/produkt\/zimmer-in-einem-wohnheim-fuer-gastarbeiter-des-chemie-unternehmens-bayer\/","og_locale":"de_DE","og_type":"article","og_title":"Zimmer in einem Wohnheim f\u00fcr Gastarbeiter des Chemie-Unternehmens Bayer - Abisag T\u00fcllmann","og_description":"R\u00fcckseitenbeschriftung von Hand der Fotografin: &#8222;Zimmer in einem Wohnheim f\u00fcr Gastarbeiter (Bayer-Leverkusen). Es wohnen drei Italiener drin&#8220;","og_url":"https:\/\/bpk-archive.de\/tuellmann\/produkt\/zimmer-in-einem-wohnheim-fuer-gastarbeiter-des-chemie-unternehmens-bayer\/","og_site_name":"Abisag T\u00fcllmann","article_modified_time":"2019-09-05T13:07:34+00:00","og_image":[{"width":1200,"height":912,"url":"https:\/\/bpk-archive.de\/tuellmann\/wp-content\/uploads\/2019\/08\/bpk_70296468.jpg","type":"image\/jpeg"}],"twitter_card":"summary_large_image","schema":{"@context":"https:\/\/schema.org","@graph":[{"@type":"WebPage","@id":"https:\/\/bpk-archive.de\/tuellmann\/produkt\/zimmer-in-einem-wohnheim-fuer-gastarbeiter-des-chemie-unternehmens-bayer\/","url":"https:\/\/bpk-archive.de\/tuellmann\/produkt\/zimmer-in-einem-wohnheim-fuer-gastarbeiter-des-chemie-unternehmens-bayer\/","name":"Zimmer in einem Wohnheim f\u00fcr Gastarbeiter des Chemie-Unternehmens Bayer - Abisag T\u00fcllmann","isPartOf":{"@id":"https:\/\/bpk-archive.de\/tuellmann\/#website"},"primaryImageOfPage":{"@id":"https:\/\/bpk-archive.de\/tuellmann\/produkt\/zimmer-in-einem-wohnheim-fuer-gastarbeiter-des-chemie-unternehmens-bayer\/#primaryimage"},"image":{"@id":"https:\/\/bpk-archive.de\/tuellmann\/produkt\/zimmer-in-einem-wohnheim-fuer-gastarbeiter-des-chemie-unternehmens-bayer\/#primaryimage"},"thumbnailUrl":"https:\/\/bpk-archive.de\/tuellmann\/wp-content\/uploads\/2019\/08\/bpk_70296468.jpg","datePublished":"2019-09-05T13:07:16+00:00","dateModified":"2019-09-05T13:07:34+00:00","breadcrumb":{"@id":"https:\/\/bpk-archive.de\/tuellmann\/produkt\/zimmer-in-einem-wohnheim-fuer-gastarbeiter-des-chemie-unternehmens-bayer\/#breadcrumb"},"inLanguage":"de","potentialAction":[{"@type":"ReadAction","target":["https:\/\/bpk-archive.de\/tuellmann\/produkt\/zimmer-in-einem-wohnheim-fuer-gastarbeiter-des-chemie-unternehmens-bayer\/"]}]},{"@type":"ImageObject","inLanguage":"de","@id":"https:\/\/bpk-archive.de\/tuellmann\/produkt\/zimmer-in-einem-wohnheim-fuer-gastarbeiter-des-chemie-unternehmens-bayer\/#primaryimage","url":"https:\/\/bpk-archive.de\/tuellmann\/wp-content\/uploads\/2019\/08\/bpk_70296468.jpg","contentUrl":"https:\/\/bpk-archive.de\/tuellmann\/wp-content\/uploads\/2019\/08\/bpk_70296468.jpg","width":1200,"height":912,"caption":"Zimmer in einem Wohnheim f\u00fcr Gastarbeiter des Chemie-Unternehmens Bayer"},{"@type":"BreadcrumbList","@id":"https:\/\/bpk-archive.de\/tuellmann\/produkt\/zimmer-in-einem-wohnheim-fuer-gastarbeiter-des-chemie-unternehmens-bayer\/#breadcrumb","itemListElement":[{"@type":"ListItem","position":1,"name":"Startseite","item":"https:\/\/bpk-archive.de\/tuellmann\/"},{"@type":"ListItem","position":2,"name":"Shop","item":"https:\/\/bpk-archive.de\/tuellmann\/shop\/"},{"@type":"ListItem","position":3,"name":"Zimmer in einem Wohnheim f\u00fcr Gastarbeiter des Chemie-Unternehmens Bayer"}]},{"@type":"WebSite","@id":"https:\/\/bpk-archive.de\/tuellmann\/#website","url":"https:\/\/bpk-archive.de\/tuellmann\/","name":"Abisag T\u00fcllmann","description":"Eine weitere WordPress-Website","potentialAction":[{"@type":"SearchAction","target":{"@type":"EntryPoint","urlTemplate":"https:\/\/bpk-archive.de\/tuellmann\/?s={search_term_string}"},"query-input":{"@type":"PropertyValueSpecification","valueRequired":true,"valueName":"search_term_string"}}],"inLanguage":"de"}]}},"_links":{"self":[{"href":"https:\/\/bpk-archive.de\/tuellmann\/wp-json\/wp\/v2\/product\/70295427","targetHints":{"allow":["GET"]}}],"collection":[{"href":"https:\/\/bpk-archive.de\/tuellmann\/wp-json\/wp\/v2\/product"}],"about":[{"href":"https:\/\/bpk-archive.de\/tuellmann\/wp-json\/wp\/v2\/types\/product"}],"wp:featuredmedia":[{"embeddable":true,"href":"https:\/\/bpk-archive.de\/tuellmann\/wp-json\/wp\/v2\/media\/70293207"}],"wp:attachment":[{"href":"https:\/\/bpk-archive.de\/tuellmann\/wp-json\/wp\/v2\/media?parent=70295427"}],"wp:term":[{"taxonomy":"product_brand","embeddable":true,"href":"https:\/\/bpk-archive.de\/tuellmann\/wp-json\/wp\/v2\/product_brand?post=70295427"},{"taxonomy":"product_cat","embeddable":true,"href":"https:\/\/bpk-archive.de\/tuellmann\/wp-json\/wp\/v2\/product_cat?post=70295427"},{"taxonomy":"product_tag","embeddable":true,"href":"https:\/\/bpk-archive.de\/tuellmann\/wp-json\/wp\/v2\/product_tag?post=70295427"}],"curies":[{"name":"wp","href":"https:\/\/api.w.org\/{rel}","templated":true}]}}