{"id":70295413,"date":"2019-09-05T15:07:16","date_gmt":"2019-09-05T13:07:16","guid":{"rendered":"http:\/\/abisagtuellmann.bpk-news.de\/atbild\/tuerkische-schulklasse-in-der-elsa-brandstroem-schule\/"},"modified":"2019-09-05T15:07:20","modified_gmt":"2019-09-05T13:07:20","slug":"tuerkische-schulklasse-in-der-elsa-brandstroem-schule","status":"publish","type":"product","link":"https:\/\/bpk-archive.de\/tuellmann\/produkt\/tuerkische-schulklasse-in-der-elsa-brandstroem-schule\/","title":{"rendered":"T\u00fcrkische Schulklasse in der Elsa-Brandstr\u00f6m-Schule"},"content":{"rendered":"","protected":false},"excerpt":{"rendered":"","protected":false},"featured_media":70293228,"template":"","meta":[],"product_brand":[],"product_cat":[],"product_tag":[13774,13232,13234,13231,13233,13775,53289,13777,47456,47457,47458,47459,47460,47461,47462,53193,53194,53195,53196,53197,47720,47721,47722,47723,47876,47877,47878,47879,14326,50141,14177,13469,13470,13471,13472,47727,47728,47729,47730,47731,47734,13293,13786,13787,13294,13295,13296,13297,47267,13485,13486,13482,13481,13483,13484,53202,53203,53204,53206,53209,53210,14327,13492,13493,13494,13495,13496,13497,47744,47745,47746,14205,14206,14207,14213,14218,14219,13310,13311,49816,47786,47787,49544,13328,13827,13828,13329,13330,13331,13332,47332,13843,53859,47333,47334,47335,47336,47337,13877,13879,50163,50164,53860,53861,13865,13864,13866,13858,13859,13860,13861,13862,13863,13867,13869,13870,13871,13872,53862,53863,13878,13880,52832,52834,52835,47792],"class_list":{"0":"post-70295413","1":"product","2":"type-product","3":"status-publish","4":"has-post-thumbnail","6":"product_tag-1960er-jahre","7":"product_tag-20-jahrhundert-nach-chr","8":"product_tag-20-jh-n-chr","9":"product_tag-20-jahrhundert","10":"product_tag-20-jh","11":"product_tag-60er","12":"product_tag-abt_003","13":"product_tag-abzug","14":"product_tag-arbeit","15":"product_tag-arbeiten","16":"product_tag-arbeitend","17":"product_tag-arbeitende","18":"product_tag-arbeitenden","19":"product_tag-arbeitender","20":"product_tag-arbeitendes","21":"product_tag-arbeitsmigrant","22":"product_tag-arbeitsmigranten","23":"product_tag-at_migranten","24":"product_tag-ausland","25":"product_tag-auslaender","26":"product_tag-auswanderer","27":"product_tag-auswanderern","28":"product_tag-auswandern","29":"product_tag-auswanderung","30":"product_tag-beruf","31":"product_tag-berufe","32":"product_tag-berufes","33":"product_tag-berufs","34":"product_tag-bevoelkerung","35":"product_tag-bildung","36":"product_tag-blickkontakt","37":"product_tag-brd","38":"product_tag-bundesrepublik-deutschland","39":"product_tag-deutschland","40":"product_tag-deutschlands","41":"product_tag-einwanderer","42":"product_tag-einwandern","43":"product_tag-einwanderung","44":"product_tag-emigrant","45":"product_tag-emigranten","46":"product_tag-emigration","47":"product_tag-foto","48":"product_tag-fotoabzug","49":"product_tag-fotoabzuege","50":"product_tag-fotografie","51":"product_tag-fotografien","52":"product_tag-fotografin","53":"product_tag-fotografinnen","54":"product_tag-fotoreportage","55":"product_tag-frankfurt-m","56":"product_tag-frankfurt-main","57":"product_tag-frankfurt-a-main","58":"product_tag-frankfurt-a-m","59":"product_tag-frankfurt-am-main","60":"product_tag-frankfurter","61":"product_tag-fremdarbeiter","62":"product_tag-fremdarbeitern","63":"product_tag-fremdarbeiters","64":"product_tag-gastarbeiter","65":"product_tag-gastarbeitern","66":"product_tag-gastarbeiters","67":"product_tag-gesellschaft","68":"product_tag-hessen","69":"product_tag-hessisch","70":"product_tag-hessische","71":"product_tag-hessischen","72":"product_tag-hessischer","73":"product_tag-hessisches","74":"product_tag-immigrant","75":"product_tag-immigranten","76":"product_tag-immigration","77":"product_tag-kind","78":"product_tag-kinde","79":"product_tag-kinder","80":"product_tag-kindern","81":"product_tag-kindes","82":"product_tag-kindheit","83":"product_tag-maedchen","84":"product_tag-maedchens","85":"product_tag-migrant","86":"product_tag-migranten","87":"product_tag-migration","88":"product_tag-minderheit","89":"product_tag-photo","90":"product_tag-photoabzug","91":"product_tag-photoabzuege","92":"product_tag-photographie","93":"product_tag-photographien","94":"product_tag-photographin","95":"product_tag-photographinnen","96":"product_tag-photoreportage","97":"product_tag-print","98":"product_tag-pullover","99":"product_tag-reportage","100":"product_tag-reportagefoto","101":"product_tag-reportagefotografie","102":"product_tag-reportagephoto","103":"product_tag-reportagephotographie","104":"product_tag-s-w-fotografie","105":"product_tag-s-w-photographie","106":"product_tag-schule","107":"product_tag-schulen","108":"product_tag-schulkind","109":"product_tag-schulkinder","110":"product_tag-schwarzweissphotographie","111":"product_tag-schwarz-weiss-fotografie","112":"product_tag-schwarz-weiss-photographie","113":"product_tag-schwarzweiss","114":"product_tag-schwarzweisse","115":"product_tag-schwarzweissen","116":"product_tag-schwarzweisser","117":"product_tag-schwarzweisses","118":"product_tag-schwarzweissfotografie","119":"product_tag-sechziger","120":"product_tag-silbergelatine","121":"product_tag-silbergelatineabzug","122":"product_tag-silbergelatineabzuege","123":"product_tag-silbergelatineprint","124":"product_tag-strickpulli","125":"product_tag-strickpullover","126":"product_tag-sw-fotografie","127":"product_tag-sw-photographie","128":"product_tag-unterricht","129":"product_tag-unterrichtes","130":"product_tag-unterrichts","131":"product_tag-zuwanderer","132":"pa_datierung-januar-1969","133":"pa_fotograf-abisag-tuellmann","134":"pa_geografischer_bezug-aufnahmeort-frankfurt-am-main-deutschland","135":"pa_grunddaten_material_technik-foto-silbergelatine-auf-barytpapier","136":"pa_inventarnummer-tue-69-025-06a","137":"pa_jahr_von-14258","138":"pa_massangaben-bildformat-foto-232-x-296-cm","139":"pa_mediennummer-53856","140":"pa_objekt_typ-fotografie","142":"first","143":"instock","144":"product-type-simple"},"yoast_head":"<!-- This site is optimized with the Yoast SEO plugin v27.4 - https:\/\/yoast.com\/product\/yoast-seo-wordpress\/ -->\n<title>T\u00fcrkische Schulklasse in der Elsa-Brandstr\u00f6m-Schule - Abisag T\u00fcllmann<\/title>\n<meta name=\"robots\" content=\"index, follow, max-snippet:-1, max-image-preview:large, max-video-preview:-1\" \/>\n<link rel=\"canonical\" href=\"https:\/\/bpk-archive.de\/tuellmann\/produkt\/tuerkische-schulklasse-in-der-elsa-brandstroem-schule\/\" \/>\n<meta property=\"og:locale\" content=\"de_DE\" \/>\n<meta property=\"og:type\" content=\"article\" \/>\n<meta property=\"og:title\" content=\"T\u00fcrkische Schulklasse in der Elsa-Brandstr\u00f6m-Schule - Abisag T\u00fcllmann\" \/>\n<meta property=\"og:url\" content=\"https:\/\/bpk-archive.de\/tuellmann\/produkt\/tuerkische-schulklasse-in-der-elsa-brandstroem-schule\/\" \/>\n<meta property=\"og:site_name\" content=\"Abisag T\u00fcllmann\" \/>\n<meta property=\"article:modified_time\" content=\"2019-09-05T13:07:20+00:00\" \/>\n<meta property=\"og:image\" content=\"https:\/\/bpk-archive.de\/tuellmann\/wp-content\/uploads\/2019\/08\/bpk_70296475.jpg\" \/>\n\t<meta property=\"og:image:width\" content=\"1200\" \/>\n\t<meta property=\"og:image:height\" content=\"954\" \/>\n\t<meta property=\"og:image:type\" content=\"image\/jpeg\" \/>\n<meta name=\"twitter:card\" content=\"summary_large_image\" \/>\n<script type=\"application\/ld+json\" class=\"yoast-schema-graph\">{\"@context\":\"https:\\\/\\\/schema.org\",\"@graph\":[{\"@type\":\"WebPage\",\"@id\":\"https:\\\/\\\/bpk-archive.de\\\/tuellmann\\\/produkt\\\/tuerkische-schulklasse-in-der-elsa-brandstroem-schule\\\/\",\"url\":\"https:\\\/\\\/bpk-archive.de\\\/tuellmann\\\/produkt\\\/tuerkische-schulklasse-in-der-elsa-brandstroem-schule\\\/\",\"name\":\"T\u00fcrkische Schulklasse in der Elsa-Brandstr\u00f6m-Schule - Abisag T\u00fcllmann\",\"isPartOf\":{\"@id\":\"https:\\\/\\\/bpk-archive.de\\\/tuellmann\\\/#website\"},\"primaryImageOfPage\":{\"@id\":\"https:\\\/\\\/bpk-archive.de\\\/tuellmann\\\/produkt\\\/tuerkische-schulklasse-in-der-elsa-brandstroem-schule\\\/#primaryimage\"},\"image\":{\"@id\":\"https:\\\/\\\/bpk-archive.de\\\/tuellmann\\\/produkt\\\/tuerkische-schulklasse-in-der-elsa-brandstroem-schule\\\/#primaryimage\"},\"thumbnailUrl\":\"https:\\\/\\\/bpk-archive.de\\\/tuellmann\\\/wp-content\\\/uploads\\\/2019\\\/08\\\/bpk_70296475.jpg\",\"datePublished\":\"2019-09-05T13:07:16+00:00\",\"dateModified\":\"2019-09-05T13:07:20+00:00\",\"breadcrumb\":{\"@id\":\"https:\\\/\\\/bpk-archive.de\\\/tuellmann\\\/produkt\\\/tuerkische-schulklasse-in-der-elsa-brandstroem-schule\\\/#breadcrumb\"},\"inLanguage\":\"de\",\"potentialAction\":[{\"@type\":\"ReadAction\",\"target\":[\"https:\\\/\\\/bpk-archive.de\\\/tuellmann\\\/produkt\\\/tuerkische-schulklasse-in-der-elsa-brandstroem-schule\\\/\"]}]},{\"@type\":\"ImageObject\",\"inLanguage\":\"de\",\"@id\":\"https:\\\/\\\/bpk-archive.de\\\/tuellmann\\\/produkt\\\/tuerkische-schulklasse-in-der-elsa-brandstroem-schule\\\/#primaryimage\",\"url\":\"https:\\\/\\\/bpk-archive.de\\\/tuellmann\\\/wp-content\\\/uploads\\\/2019\\\/08\\\/bpk_70296475.jpg\",\"contentUrl\":\"https:\\\/\\\/bpk-archive.de\\\/tuellmann\\\/wp-content\\\/uploads\\\/2019\\\/08\\\/bpk_70296475.jpg\",\"width\":1200,\"height\":954,\"caption\":\"T\u00fcrkische Schulklasse in der Elsa-Brandstr\u00f6m-Schule\"},{\"@type\":\"BreadcrumbList\",\"@id\":\"https:\\\/\\\/bpk-archive.de\\\/tuellmann\\\/produkt\\\/tuerkische-schulklasse-in-der-elsa-brandstroem-schule\\\/#breadcrumb\",\"itemListElement\":[{\"@type\":\"ListItem\",\"position\":1,\"name\":\"Startseite\",\"item\":\"https:\\\/\\\/bpk-archive.de\\\/tuellmann\\\/\"},{\"@type\":\"ListItem\",\"position\":2,\"name\":\"Shop\",\"item\":\"https:\\\/\\\/bpk-archive.de\\\/tuellmann\\\/shop\\\/\"},{\"@type\":\"ListItem\",\"position\":3,\"name\":\"T\u00fcrkische Schulklasse in der Elsa-Brandstr\u00f6m-Schule\"}]},{\"@type\":\"WebSite\",\"@id\":\"https:\\\/\\\/bpk-archive.de\\\/tuellmann\\\/#website\",\"url\":\"https:\\\/\\\/bpk-archive.de\\\/tuellmann\\\/\",\"name\":\"Abisag T\u00fcllmann\",\"description\":\"Eine weitere WordPress-Website\",\"potentialAction\":[{\"@type\":\"SearchAction\",\"target\":{\"@type\":\"EntryPoint\",\"urlTemplate\":\"https:\\\/\\\/bpk-archive.de\\\/tuellmann\\\/?s={search_term_string}\"},\"query-input\":{\"@type\":\"PropertyValueSpecification\",\"valueRequired\":true,\"valueName\":\"search_term_string\"}}],\"inLanguage\":\"de\"}]}<\/script>\n<!-- \/ Yoast SEO plugin. -->","yoast_head_json":{"title":"T\u00fcrkische Schulklasse in der Elsa-Brandstr\u00f6m-Schule - Abisag T\u00fcllmann","robots":{"index":"index","follow":"follow","max-snippet":"max-snippet:-1","max-image-preview":"max-image-preview:large","max-video-preview":"max-video-preview:-1"},"canonical":"https:\/\/bpk-archive.de\/tuellmann\/produkt\/tuerkische-schulklasse-in-der-elsa-brandstroem-schule\/","og_locale":"de_DE","og_type":"article","og_title":"T\u00fcrkische Schulklasse in der Elsa-Brandstr\u00f6m-Schule - Abisag T\u00fcllmann","og_url":"https:\/\/bpk-archive.de\/tuellmann\/produkt\/tuerkische-schulklasse-in-der-elsa-brandstroem-schule\/","og_site_name":"Abisag T\u00fcllmann","article_modified_time":"2019-09-05T13:07:20+00:00","og_image":[{"width":1200,"height":954,"url":"https:\/\/bpk-archive.de\/tuellmann\/wp-content\/uploads\/2019\/08\/bpk_70296475.jpg","type":"image\/jpeg"}],"twitter_card":"summary_large_image","schema":{"@context":"https:\/\/schema.org","@graph":[{"@type":"WebPage","@id":"https:\/\/bpk-archive.de\/tuellmann\/produkt\/tuerkische-schulklasse-in-der-elsa-brandstroem-schule\/","url":"https:\/\/bpk-archive.de\/tuellmann\/produkt\/tuerkische-schulklasse-in-der-elsa-brandstroem-schule\/","name":"T\u00fcrkische Schulklasse in der Elsa-Brandstr\u00f6m-Schule - Abisag T\u00fcllmann","isPartOf":{"@id":"https:\/\/bpk-archive.de\/tuellmann\/#website"},"primaryImageOfPage":{"@id":"https:\/\/bpk-archive.de\/tuellmann\/produkt\/tuerkische-schulklasse-in-der-elsa-brandstroem-schule\/#primaryimage"},"image":{"@id":"https:\/\/bpk-archive.de\/tuellmann\/produkt\/tuerkische-schulklasse-in-der-elsa-brandstroem-schule\/#primaryimage"},"thumbnailUrl":"https:\/\/bpk-archive.de\/tuellmann\/wp-content\/uploads\/2019\/08\/bpk_70296475.jpg","datePublished":"2019-09-05T13:07:16+00:00","dateModified":"2019-09-05T13:07:20+00:00","breadcrumb":{"@id":"https:\/\/bpk-archive.de\/tuellmann\/produkt\/tuerkische-schulklasse-in-der-elsa-brandstroem-schule\/#breadcrumb"},"inLanguage":"de","potentialAction":[{"@type":"ReadAction","target":["https:\/\/bpk-archive.de\/tuellmann\/produkt\/tuerkische-schulklasse-in-der-elsa-brandstroem-schule\/"]}]},{"@type":"ImageObject","inLanguage":"de","@id":"https:\/\/bpk-archive.de\/tuellmann\/produkt\/tuerkische-schulklasse-in-der-elsa-brandstroem-schule\/#primaryimage","url":"https:\/\/bpk-archive.de\/tuellmann\/wp-content\/uploads\/2019\/08\/bpk_70296475.jpg","contentUrl":"https:\/\/bpk-archive.de\/tuellmann\/wp-content\/uploads\/2019\/08\/bpk_70296475.jpg","width":1200,"height":954,"caption":"T\u00fcrkische Schulklasse in der Elsa-Brandstr\u00f6m-Schule"},{"@type":"BreadcrumbList","@id":"https:\/\/bpk-archive.de\/tuellmann\/produkt\/tuerkische-schulklasse-in-der-elsa-brandstroem-schule\/#breadcrumb","itemListElement":[{"@type":"ListItem","position":1,"name":"Startseite","item":"https:\/\/bpk-archive.de\/tuellmann\/"},{"@type":"ListItem","position":2,"name":"Shop","item":"https:\/\/bpk-archive.de\/tuellmann\/shop\/"},{"@type":"ListItem","position":3,"name":"T\u00fcrkische Schulklasse in der Elsa-Brandstr\u00f6m-Schule"}]},{"@type":"WebSite","@id":"https:\/\/bpk-archive.de\/tuellmann\/#website","url":"https:\/\/bpk-archive.de\/tuellmann\/","name":"Abisag T\u00fcllmann","description":"Eine weitere WordPress-Website","potentialAction":[{"@type":"SearchAction","target":{"@type":"EntryPoint","urlTemplate":"https:\/\/bpk-archive.de\/tuellmann\/?s={search_term_string}"},"query-input":{"@type":"PropertyValueSpecification","valueRequired":true,"valueName":"search_term_string"}}],"inLanguage":"de"}]}},"_links":{"self":[{"href":"https:\/\/bpk-archive.de\/tuellmann\/wp-json\/wp\/v2\/product\/70295413","targetHints":{"allow":["GET"]}}],"collection":[{"href":"https:\/\/bpk-archive.de\/tuellmann\/wp-json\/wp\/v2\/product"}],"about":[{"href":"https:\/\/bpk-archive.de\/tuellmann\/wp-json\/wp\/v2\/types\/product"}],"wp:featuredmedia":[{"embeddable":true,"href":"https:\/\/bpk-archive.de\/tuellmann\/wp-json\/wp\/v2\/media\/70293228"}],"wp:attachment":[{"href":"https:\/\/bpk-archive.de\/tuellmann\/wp-json\/wp\/v2\/media?parent=70295413"}],"wp:term":[{"taxonomy":"product_brand","embeddable":true,"href":"https:\/\/bpk-archive.de\/tuellmann\/wp-json\/wp\/v2\/product_brand?post=70295413"},{"taxonomy":"product_cat","embeddable":true,"href":"https:\/\/bpk-archive.de\/tuellmann\/wp-json\/wp\/v2\/product_cat?post=70295413"},{"taxonomy":"product_tag","embeddable":true,"href":"https:\/\/bpk-archive.de\/tuellmann\/wp-json\/wp\/v2\/product_tag?post=70295413"}],"curies":[{"name":"wp","href":"https:\/\/api.w.org\/{rel}","templated":true}]}}