{"id":70295412,"date":"2019-09-05T15:07:16","date_gmt":"2019-09-05T13:07:16","guid":{"rendered":"http:\/\/abisagtuellmann.bpk-news.de\/atbild\/rueckseite-von-ruecksiedler-im-aufnahmelager-friedland\/"},"modified":"2019-09-05T15:07:18","modified_gmt":"2019-09-05T13:07:18","slug":"rueckseite-von-ruecksiedler-im-aufnahmelager-friedland","status":"publish","type":"product","link":"https:\/\/bpk-archive.de\/tuellmann\/produkt\/rueckseite-von-ruecksiedler-im-aufnahmelager-friedland\/","title":{"rendered":"R\u00fcckseite von: R\u00fccksiedler im Aufnahmelager Friedland"},"content":{"rendered":"<p>Vorderseite siehe: 70298269<\/p>\n","protected":false},"excerpt":{"rendered":"<p>Vorderseite siehe: 70298269<\/p>\n","protected":false},"featured_media":70293181,"template":"","meta":[],"product_brand":[],"product_cat":[],"product_tag":[13230,13232,13234,13231,13233,13235,53289,13777,53195,53390,53391,53197,53392,47720,47721,47722,47723,14326,13469,13470,53393,53398,53399,13471,13472,50721,50722,47728,47729,47730,47731,47734,51833,50723,50724,47465,47466,47467,47468,47469,47470,47471,47472,47473,47474,47475,47476,47477,47478,47479,14186,14187,14188,14189,14190,14191,14192,14193,14194,13293,13786,13787,13294,13295,13296,13297,14066,48439,53400,53401,53853,53854,47746,14222,53402,13310,13311,13818,13819,13826,49816,47786,47787,49544,53403,53404,53405,53406,53407,53408,53409,14229,13328,13827,13828,13329,13330,13331,13332,13843,48363,53410,53411,53412,53413,47594,53414,47595,53415,13877,13879,13865,13864,13866,13858,13859,13860,13861,13862,13863,13354,13869,13870,13871,13872,48454,48455,48456,48457,48458,48459,48460,48461,48462,53855,13878,13880,53427,53428,14250,14251,48366,51849,48367,47615,48368],"class_list":{"0":"post-70295412","1":"product","2":"type-product","3":"status-publish","4":"has-post-thumbnail","6":"product_tag-1970er-jahre","7":"product_tag-20-jahrhundert-nach-chr","8":"product_tag-20-jh-n-chr","9":"product_tag-20-jahrhundert","10":"product_tag-20-jh","11":"product_tag-70er","12":"product_tag-abt_003","13":"product_tag-abzug","14":"product_tag-at_migranten","15":"product_tag-auffanglager","16":"product_tag-aufnahmelager","17":"product_tag-auslaender","18":"product_tag-aussiedler","19":"product_tag-auswanderer","20":"product_tag-auswanderern","21":"product_tag-auswandern","22":"product_tag-auswanderung","23":"product_tag-bevoelkerung","24":"product_tag-brd","25":"product_tag-bundesrepublik-deutschland","26":"product_tag-ddr","27":"product_tag-deutsche-demokratische-republik","28":"product_tag-deutschen-demokratischen-republik","29":"product_tag-deutschland","30":"product_tag-deutschlands","31":"product_tag-doppelstockbett","32":"product_tag-doppelstockbetten","33":"product_tag-einwandern","34":"product_tag-einwanderung","35":"product_tag-emigrant","36":"product_tag-emigranten","37":"product_tag-emigration","38":"product_tag-erstveroeffentlichung","39":"product_tag-etagenbett","40":"product_tag-etagenbetten","41":"product_tag-fliehen","42":"product_tag-fliehend","43":"product_tag-fliehende","44":"product_tag-fliehenden","45":"product_tag-fliehendes","46":"product_tag-fliehener","47":"product_tag-flieht","48":"product_tag-flucht","49":"product_tag-fluechten","50":"product_tag-fluechtend","51":"product_tag-fluechtende","52":"product_tag-fluechtenden","53":"product_tag-fluechtender","54":"product_tag-fluechtendes","55":"product_tag-fluechtet","56":"product_tag-fluechtling","57":"product_tag-fluechtlinge","58":"product_tag-fluechtlingen","59":"product_tag-fluechtlings","60":"product_tag-fluechtlingsheim","61":"product_tag-fluechtlingsheime","62":"product_tag-fluechtlingslager","63":"product_tag-fluechtlingsunterkunft","64":"product_tag-fluechtlingsunterkuenfte","65":"product_tag-foto","66":"product_tag-fotoabzug","67":"product_tag-fotoabzuege","68":"product_tag-fotografie","69":"product_tag-fotografien","70":"product_tag-fotografin","71":"product_tag-fotografinnen","72":"product_tag-geschichte","73":"product_tag-gestempelt","74":"product_tag-heimkehrender","75":"product_tag-heimkehrer","76":"product_tag-hochbett","77":"product_tag-hochbetten","78":"product_tag-immigration","79":"product_tag-lager","80":"product_tag-lagers","81":"product_tag-maedchen","82":"product_tag-maedchens","83":"product_tag-mann","84":"product_tag-maenner","85":"product_tag-mannes","86":"product_tag-migrant","87":"product_tag-migranten","88":"product_tag-migration","89":"product_tag-minderheit","90":"product_tag-niedersachsen","91":"product_tag-niedersaechsisch","92":"product_tag-niedersaechsische","93":"product_tag-niedersaechsischem","94":"product_tag-niedersaechsischen","95":"product_tag-niedersaechsischer","96":"product_tag-niedersaechsisches","97":"product_tag-obdach","98":"product_tag-photo","99":"product_tag-photoabzug","100":"product_tag-photoabzuege","101":"product_tag-photographie","102":"product_tag-photographien","103":"product_tag-photographin","104":"product_tag-photographinnen","105":"product_tag-print","106":"product_tag-publikation","107":"product_tag-republikflucht","108":"product_tag-republikfluechtling","109":"product_tag-republikfluechtlinge","110":"product_tag-republikfluechtlingen","111":"product_tag-rueckansicht","112":"product_tag-rueckkehrer","113":"product_tag-rueckseite","114":"product_tag-ruecksiedler","115":"product_tag-s-w-fotografie","116":"product_tag-s-w-photographie","117":"product_tag-schwarzweissphotographie","118":"product_tag-schwarz-weiss-fotografie","119":"product_tag-schwarz-weiss-photographie","120":"product_tag-schwarzweiss","121":"product_tag-schwarzweisse","122":"product_tag-schwarzweissen","123":"product_tag-schwarzweisser","124":"product_tag-schwarzweisses","125":"product_tag-schwarzweissfotografie","126":"product_tag-siebziger","127":"product_tag-silbergelatine","128":"product_tag-silbergelatineabzug","129":"product_tag-silbergelatineabzuege","130":"product_tag-silbergelatineprint","131":"product_tag-stempel","132":"product_tag-stempelabdruck","133":"product_tag-stempelabdruecke","134":"product_tag-stempelabdruckes","135":"product_tag-stempelabdrucks","136":"product_tag-stempeldruck","137":"product_tag-stempeldrucke","138":"product_tag-stempeldruckes","139":"product_tag-stempeldrucks","140":"product_tag-stempels","141":"product_tag-sw-fotografie","142":"product_tag-sw-photographie","143":"product_tag-umsiedler","144":"product_tag-umsiedlern","145":"product_tag-unterkunft","146":"product_tag-unterkuenfte","147":"product_tag-v","148":"product_tag-veroeffentlichung","149":"product_tag-verso","150":"product_tag-von-hinten","151":"product_tag-vs","152":"pa_datierung-april-1971","153":"pa_fotograf-abisag-tuellmann","154":"pa_geografischer_bezug-aufnahmeort-friedland-deutschland","155":"pa_grunddaten_material_technik-foto-silbergelatine-auf-barytpapier","156":"pa_inventarnummer-tue-71-046-11","157":"pa_jahr_von-49516","158":"pa_massangaben-bildformat-foto-235-x-292-cm","159":"pa_mediennummer-53850","160":"pa_objekt_typ-fotografie","162":"first","163":"instock","164":"product-type-simple"},"yoast_head":"<!-- This site is optimized with the Yoast SEO plugin v27.4 - https:\/\/yoast.com\/product\/yoast-seo-wordpress\/ -->\n<title>R\u00fcckseite von: R\u00fccksiedler im Aufnahmelager Friedland - Abisag T\u00fcllmann<\/title>\n<meta name=\"robots\" content=\"index, follow, max-snippet:-1, max-image-preview:large, max-video-preview:-1\" \/>\n<link rel=\"canonical\" href=\"https:\/\/bpk-archive.de\/tuellmann\/produkt\/rueckseite-von-ruecksiedler-im-aufnahmelager-friedland\/\" \/>\n<meta property=\"og:locale\" content=\"de_DE\" \/>\n<meta property=\"og:type\" content=\"article\" \/>\n<meta property=\"og:title\" content=\"R\u00fcckseite von: R\u00fccksiedler im Aufnahmelager Friedland - Abisag T\u00fcllmann\" \/>\n<meta property=\"og:description\" content=\"Vorderseite siehe: 70298269\" \/>\n<meta property=\"og:url\" content=\"https:\/\/bpk-archive.de\/tuellmann\/produkt\/rueckseite-von-ruecksiedler-im-aufnahmelager-friedland\/\" \/>\n<meta property=\"og:site_name\" content=\"Abisag T\u00fcllmann\" \/>\n<meta property=\"article:modified_time\" content=\"2019-09-05T13:07:18+00:00\" \/>\n<meta property=\"og:image\" content=\"https:\/\/bpk-archive.de\/tuellmann\/wp-content\/uploads\/2019\/08\/bpk_70298270.jpg\" \/>\n\t<meta property=\"og:image:width\" content=\"1200\" \/>\n\t<meta property=\"og:image:height\" content=\"976\" \/>\n\t<meta property=\"og:image:type\" content=\"image\/jpeg\" \/>\n<meta name=\"twitter:card\" content=\"summary_large_image\" \/>\n<script type=\"application\/ld+json\" class=\"yoast-schema-graph\">{\"@context\":\"https:\\\/\\\/schema.org\",\"@graph\":[{\"@type\":\"WebPage\",\"@id\":\"https:\\\/\\\/bpk-archive.de\\\/tuellmann\\\/produkt\\\/rueckseite-von-ruecksiedler-im-aufnahmelager-friedland\\\/\",\"url\":\"https:\\\/\\\/bpk-archive.de\\\/tuellmann\\\/produkt\\\/rueckseite-von-ruecksiedler-im-aufnahmelager-friedland\\\/\",\"name\":\"R\u00fcckseite von: R\u00fccksiedler im Aufnahmelager Friedland - Abisag T\u00fcllmann\",\"isPartOf\":{\"@id\":\"https:\\\/\\\/bpk-archive.de\\\/tuellmann\\\/#website\"},\"primaryImageOfPage\":{\"@id\":\"https:\\\/\\\/bpk-archive.de\\\/tuellmann\\\/produkt\\\/rueckseite-von-ruecksiedler-im-aufnahmelager-friedland\\\/#primaryimage\"},\"image\":{\"@id\":\"https:\\\/\\\/bpk-archive.de\\\/tuellmann\\\/produkt\\\/rueckseite-von-ruecksiedler-im-aufnahmelager-friedland\\\/#primaryimage\"},\"thumbnailUrl\":\"https:\\\/\\\/bpk-archive.de\\\/tuellmann\\\/wp-content\\\/uploads\\\/2019\\\/08\\\/bpk_70298270.jpg\",\"datePublished\":\"2019-09-05T13:07:16+00:00\",\"dateModified\":\"2019-09-05T13:07:18+00:00\",\"breadcrumb\":{\"@id\":\"https:\\\/\\\/bpk-archive.de\\\/tuellmann\\\/produkt\\\/rueckseite-von-ruecksiedler-im-aufnahmelager-friedland\\\/#breadcrumb\"},\"inLanguage\":\"de\",\"potentialAction\":[{\"@type\":\"ReadAction\",\"target\":[\"https:\\\/\\\/bpk-archive.de\\\/tuellmann\\\/produkt\\\/rueckseite-von-ruecksiedler-im-aufnahmelager-friedland\\\/\"]}]},{\"@type\":\"ImageObject\",\"inLanguage\":\"de\",\"@id\":\"https:\\\/\\\/bpk-archive.de\\\/tuellmann\\\/produkt\\\/rueckseite-von-ruecksiedler-im-aufnahmelager-friedland\\\/#primaryimage\",\"url\":\"https:\\\/\\\/bpk-archive.de\\\/tuellmann\\\/wp-content\\\/uploads\\\/2019\\\/08\\\/bpk_70298270.jpg\",\"contentUrl\":\"https:\\\/\\\/bpk-archive.de\\\/tuellmann\\\/wp-content\\\/uploads\\\/2019\\\/08\\\/bpk_70298270.jpg\",\"width\":1200,\"height\":976,\"caption\":\"R\u00fcckseite von: R\u00fccksiedler im Aufnahmelager Friedland\"},{\"@type\":\"BreadcrumbList\",\"@id\":\"https:\\\/\\\/bpk-archive.de\\\/tuellmann\\\/produkt\\\/rueckseite-von-ruecksiedler-im-aufnahmelager-friedland\\\/#breadcrumb\",\"itemListElement\":[{\"@type\":\"ListItem\",\"position\":1,\"name\":\"Startseite\",\"item\":\"https:\\\/\\\/bpk-archive.de\\\/tuellmann\\\/\"},{\"@type\":\"ListItem\",\"position\":2,\"name\":\"Shop\",\"item\":\"https:\\\/\\\/bpk-archive.de\\\/tuellmann\\\/shop\\\/\"},{\"@type\":\"ListItem\",\"position\":3,\"name\":\"R\u00fcckseite von: R\u00fccksiedler im Aufnahmelager Friedland\"}]},{\"@type\":\"WebSite\",\"@id\":\"https:\\\/\\\/bpk-archive.de\\\/tuellmann\\\/#website\",\"url\":\"https:\\\/\\\/bpk-archive.de\\\/tuellmann\\\/\",\"name\":\"Abisag T\u00fcllmann\",\"description\":\"Eine weitere WordPress-Website\",\"potentialAction\":[{\"@type\":\"SearchAction\",\"target\":{\"@type\":\"EntryPoint\",\"urlTemplate\":\"https:\\\/\\\/bpk-archive.de\\\/tuellmann\\\/?s={search_term_string}\"},\"query-input\":{\"@type\":\"PropertyValueSpecification\",\"valueRequired\":true,\"valueName\":\"search_term_string\"}}],\"inLanguage\":\"de\"}]}<\/script>\n<!-- \/ Yoast SEO plugin. -->","yoast_head_json":{"title":"R\u00fcckseite von: R\u00fccksiedler im Aufnahmelager Friedland - Abisag T\u00fcllmann","robots":{"index":"index","follow":"follow","max-snippet":"max-snippet:-1","max-image-preview":"max-image-preview:large","max-video-preview":"max-video-preview:-1"},"canonical":"https:\/\/bpk-archive.de\/tuellmann\/produkt\/rueckseite-von-ruecksiedler-im-aufnahmelager-friedland\/","og_locale":"de_DE","og_type":"article","og_title":"R\u00fcckseite von: R\u00fccksiedler im Aufnahmelager Friedland - Abisag T\u00fcllmann","og_description":"Vorderseite siehe: 70298269","og_url":"https:\/\/bpk-archive.de\/tuellmann\/produkt\/rueckseite-von-ruecksiedler-im-aufnahmelager-friedland\/","og_site_name":"Abisag T\u00fcllmann","article_modified_time":"2019-09-05T13:07:18+00:00","og_image":[{"width":1200,"height":976,"url":"https:\/\/bpk-archive.de\/tuellmann\/wp-content\/uploads\/2019\/08\/bpk_70298270.jpg","type":"image\/jpeg"}],"twitter_card":"summary_large_image","schema":{"@context":"https:\/\/schema.org","@graph":[{"@type":"WebPage","@id":"https:\/\/bpk-archive.de\/tuellmann\/produkt\/rueckseite-von-ruecksiedler-im-aufnahmelager-friedland\/","url":"https:\/\/bpk-archive.de\/tuellmann\/produkt\/rueckseite-von-ruecksiedler-im-aufnahmelager-friedland\/","name":"R\u00fcckseite von: R\u00fccksiedler im Aufnahmelager Friedland - Abisag T\u00fcllmann","isPartOf":{"@id":"https:\/\/bpk-archive.de\/tuellmann\/#website"},"primaryImageOfPage":{"@id":"https:\/\/bpk-archive.de\/tuellmann\/produkt\/rueckseite-von-ruecksiedler-im-aufnahmelager-friedland\/#primaryimage"},"image":{"@id":"https:\/\/bpk-archive.de\/tuellmann\/produkt\/rueckseite-von-ruecksiedler-im-aufnahmelager-friedland\/#primaryimage"},"thumbnailUrl":"https:\/\/bpk-archive.de\/tuellmann\/wp-content\/uploads\/2019\/08\/bpk_70298270.jpg","datePublished":"2019-09-05T13:07:16+00:00","dateModified":"2019-09-05T13:07:18+00:00","breadcrumb":{"@id":"https:\/\/bpk-archive.de\/tuellmann\/produkt\/rueckseite-von-ruecksiedler-im-aufnahmelager-friedland\/#breadcrumb"},"inLanguage":"de","potentialAction":[{"@type":"ReadAction","target":["https:\/\/bpk-archive.de\/tuellmann\/produkt\/rueckseite-von-ruecksiedler-im-aufnahmelager-friedland\/"]}]},{"@type":"ImageObject","inLanguage":"de","@id":"https:\/\/bpk-archive.de\/tuellmann\/produkt\/rueckseite-von-ruecksiedler-im-aufnahmelager-friedland\/#primaryimage","url":"https:\/\/bpk-archive.de\/tuellmann\/wp-content\/uploads\/2019\/08\/bpk_70298270.jpg","contentUrl":"https:\/\/bpk-archive.de\/tuellmann\/wp-content\/uploads\/2019\/08\/bpk_70298270.jpg","width":1200,"height":976,"caption":"R\u00fcckseite von: R\u00fccksiedler im Aufnahmelager Friedland"},{"@type":"BreadcrumbList","@id":"https:\/\/bpk-archive.de\/tuellmann\/produkt\/rueckseite-von-ruecksiedler-im-aufnahmelager-friedland\/#breadcrumb","itemListElement":[{"@type":"ListItem","position":1,"name":"Startseite","item":"https:\/\/bpk-archive.de\/tuellmann\/"},{"@type":"ListItem","position":2,"name":"Shop","item":"https:\/\/bpk-archive.de\/tuellmann\/shop\/"},{"@type":"ListItem","position":3,"name":"R\u00fcckseite von: R\u00fccksiedler im Aufnahmelager Friedland"}]},{"@type":"WebSite","@id":"https:\/\/bpk-archive.de\/tuellmann\/#website","url":"https:\/\/bpk-archive.de\/tuellmann\/","name":"Abisag T\u00fcllmann","description":"Eine weitere WordPress-Website","potentialAction":[{"@type":"SearchAction","target":{"@type":"EntryPoint","urlTemplate":"https:\/\/bpk-archive.de\/tuellmann\/?s={search_term_string}"},"query-input":{"@type":"PropertyValueSpecification","valueRequired":true,"valueName":"search_term_string"}}],"inLanguage":"de"}]}},"_links":{"self":[{"href":"https:\/\/bpk-archive.de\/tuellmann\/wp-json\/wp\/v2\/product\/70295412","targetHints":{"allow":["GET"]}}],"collection":[{"href":"https:\/\/bpk-archive.de\/tuellmann\/wp-json\/wp\/v2\/product"}],"about":[{"href":"https:\/\/bpk-archive.de\/tuellmann\/wp-json\/wp\/v2\/types\/product"}],"wp:featuredmedia":[{"embeddable":true,"href":"https:\/\/bpk-archive.de\/tuellmann\/wp-json\/wp\/v2\/media\/70293181"}],"wp:attachment":[{"href":"https:\/\/bpk-archive.de\/tuellmann\/wp-json\/wp\/v2\/media?parent=70295412"}],"wp:term":[{"taxonomy":"product_brand","embeddable":true,"href":"https:\/\/bpk-archive.de\/tuellmann\/wp-json\/wp\/v2\/product_brand?post=70295412"},{"taxonomy":"product_cat","embeddable":true,"href":"https:\/\/bpk-archive.de\/tuellmann\/wp-json\/wp\/v2\/product_cat?post=70295412"},{"taxonomy":"product_tag","embeddable":true,"href":"https:\/\/bpk-archive.de\/tuellmann\/wp-json\/wp\/v2\/product_tag?post=70295412"}],"curies":[{"name":"wp","href":"https:\/\/api.w.org\/{rel}","templated":true}]}}