{"id":70295406,"date":"2019-09-05T15:06:49","date_gmt":"2019-09-05T13:06:49","guid":{"rendered":"http:\/\/abisagtuellmann.bpk-news.de\/atbild\/tuerkischer-gastarbeiter-mit-seiner-kleinen-tochter\/"},"modified":"2019-09-05T15:07:10","modified_gmt":"2019-09-05T13:07:10","slug":"tuerkischer-gastarbeiter-mit-seiner-kleinen-tochter","status":"publish","type":"product","link":"https:\/\/bpk-archive.de\/tuellmann\/produkt\/tuerkischer-gastarbeiter-mit-seiner-kleinen-tochter\/","title":{"rendered":"T\u00fcrkischer Gastarbeiter mit seiner kleinen Tochter"},"content":{"rendered":"<p>R\u00fcckseitenbeschriftung von Hand der Fotografin: &#8222;Ffm&#8220;<\/p>\n","protected":false},"excerpt":{"rendered":"<p>R\u00fcckseitenbeschriftung von Hand der Fotografin: &#8222;Ffm&#8220;<\/p>\n","protected":false},"featured_media":70293244,"template":"","meta":[],"product_brand":[],"product_cat":[],"product_tag":[13774,13232,13234,13231,13233,13775,48094,13777,47456,47457,47458,47459,47460,47461,47462,13604,13605,53193,53194,13954,53195,53196,53197,47720,47721,47722,47723,47876,47877,47878,47879,14326,13784,13785,14177,13469,50567,50568,50569,50570,13470,13253,13254,13255,13256,13257,13471,13472,13960,13961,13962,13963,13964,13965,13473,47727,47728,47729,47730,47731,47734,53728,53729,53730,53731,53732,51875,13293,13786,13787,13294,13295,13296,13297,47267,13485,13486,13482,13481,13483,13484,48621,48622,48623,53202,53203,53204,47849,47850,47851,47852,47853,53206,53209,53210,14327,53733,13492,13493,13494,13495,13496,13497,47744,47745,47746,13498,49581,14205,14206,14207,14208,14209,14210,14213,14214,14215,14216,14217,14218,14219,48548,48549,48550,14000,14001,14002,14003,14004,14005,14006,48005,48006,48007,48008,48009,48010,48011,52539,52540,52541,52542,52543,13310,47313,47314,47315,47316,47317,47318,13311,13818,13819,13820,13821,13822,13823,13824,13825,13826,49816,47786,47787,49544,53734,13328,13827,13828,13329,13330,13331,13332,47332,13829,13830,13831,13832,13833,13834,13835,13836,13837,13838,13839,13840,13841,13842,13843,47333,47334,47335,47336,47337,13877,13879,13865,13864,13866,13858,13859,13860,13861,13862,13863,13867,13869,13870,13871,13872,13878,13880,47410,47411,53270,53271,53487,53488,53272,53273,53274,53275,53276,53277,53497,53498,53499,53500,53501,53502,53503,53504,53505,53735,47669,53736,47670,50240,13525,48805,48804,14018,47792,53737],"class_list":{"0":"post-70295406","1":"product","2":"type-product","3":"status-publish","4":"has-post-thumbnail","6":"product_tag-1960er-jahre","7":"product_tag-20-jahrhundert-nach-chr","8":"product_tag-20-jh-n-chr","9":"product_tag-20-jahrhundert","10":"product_tag-20-jh","11":"product_tag-60er","12":"product_tag-abt_026","13":"product_tag-abzug","14":"product_tag-arbeit","15":"product_tag-arbeiten","16":"product_tag-arbeitend","17":"product_tag-arbeitende","18":"product_tag-arbeitenden","19":"product_tag-arbeitender","20":"product_tag-arbeitendes","21":"product_tag-arbeiter","22":"product_tag-arbeitern","23":"product_tag-arbeitsmigrant","24":"product_tag-arbeitsmigranten","25":"product_tag-arm-in-arm","26":"product_tag-at_migranten","27":"product_tag-ausland","28":"product_tag-auslaender","29":"product_tag-auswanderer","30":"product_tag-auswanderern","31":"product_tag-auswandern","32":"product_tag-auswanderung","33":"product_tag-beruf","34":"product_tag-berufe","35":"product_tag-berufes","36":"product_tag-berufs","37":"product_tag-bevoelkerung","38":"product_tag-bildnis","39":"product_tag-bildnisse","40":"product_tag-blickkontakt","41":"product_tag-brd","42":"product_tag-brustbild","43":"product_tag-brustbilder","44":"product_tag-brustbildnis","45":"product_tag-bruststueck","46":"product_tag-bundesrepublik-deutschland","47":"product_tag-deutsch","48":"product_tag-deutsche","49":"product_tag-deutschen","50":"product_tag-deutscher","51":"product_tag-deutsches","52":"product_tag-deutschland","53":"product_tag-deutschlands","54":"product_tag-doppelbildnis","55":"product_tag-doppelbildnisse","56":"product_tag-doppelportrait","57":"product_tag-doppelportraits","58":"product_tag-doppelportraet","59":"product_tag-doppelportraets","60":"product_tag-drinnen","61":"product_tag-einwanderer","62":"product_tag-einwandern","63":"product_tag-einwanderung","64":"product_tag-emigrant","65":"product_tag-emigranten","66":"product_tag-emigration","67":"product_tag-eng","68":"product_tag-enge","69":"product_tag-engen","70":"product_tag-enger","71":"product_tag-enges","72":"product_tag-festhalten","73":"product_tag-foto","74":"product_tag-fotoabzug","75":"product_tag-fotoabzuege","76":"product_tag-fotografie","77":"product_tag-fotografien","78":"product_tag-fotografin","79":"product_tag-fotografinnen","80":"product_tag-fotoreportage","81":"product_tag-frankfurt-m","82":"product_tag-frankfurt-main","83":"product_tag-frankfurt-a-main","84":"product_tag-frankfurt-a-m","85":"product_tag-frankfurt-am-main","86":"product_tag-frankfurter","87":"product_tag-freizeit","88":"product_tag-freizeitbeschaeftigung","89":"product_tag-freizeitgestaltung","90":"product_tag-fremdarbeiter","91":"product_tag-fremdarbeitern","92":"product_tag-fremdarbeiters","93":"product_tag-freundlich","94":"product_tag-freundliche","95":"product_tag-freundlicher","96":"product_tag-freundliches","97":"product_tag-freundlichkeit","98":"product_tag-gastarbeiter","99":"product_tag-gastarbeitern","100":"product_tag-gastarbeiters","101":"product_tag-gesellschaft","102":"product_tag-griff","103":"product_tag-hessen","104":"product_tag-hessisch","105":"product_tag-hessische","106":"product_tag-hessischen","107":"product_tag-hessischer","108":"product_tag-hessisches","109":"product_tag-immigrant","110":"product_tag-immigranten","111":"product_tag-immigration","112":"product_tag-innen","113":"product_tag-integration","114":"product_tag-kind","115":"product_tag-kinde","116":"product_tag-kinder","117":"product_tag-kinderbild","118":"product_tag-kinderbildnis","119":"product_tag-kinderbildnisse","120":"product_tag-kindern","121":"product_tag-kinderportrait","122":"product_tag-kinderportraits","123":"product_tag-kinderportraet","124":"product_tag-kinderportraets","125":"product_tag-kindes","126":"product_tag-kindheit","127":"product_tag-kleinkind","128":"product_tag-kleinkinder","129":"product_tag-kleinkindern","130":"product_tag-laecheln","131":"product_tag-laechelnd","132":"product_tag-laechelnde","133":"product_tag-laechelnden","134":"product_tag-laechelnder","135":"product_tag-laechelndes","136":"product_tag-laechelt","137":"product_tag-lachen","138":"product_tag-lachend","139":"product_tag-lachende","140":"product_tag-lachendem","141":"product_tag-lachenden","142":"product_tag-lachender","143":"product_tag-lachendes","144":"product_tag-liebevoll","145":"product_tag-liebevolle","146":"product_tag-liebevollen","147":"product_tag-liebevoller","148":"product_tag-liebevolles","149":"product_tag-maedchen","150":"product_tag-maedchenbildnis","151":"product_tag-maedchenbildnisse","152":"product_tag-maedchenportrait","153":"product_tag-maedchenportraits","154":"product_tag-maedchenportraet","155":"product_tag-maedchenportraets","156":"product_tag-maedchens","157":"product_tag-mann","158":"product_tag-maenner","159":"product_tag-maennerbildnis","160":"product_tag-maennerbildnisse","161":"product_tag-maennerportrait","162":"product_tag-maennerportraits","163":"product_tag-maennerportraet","164":"product_tag-maennerportraets","165":"product_tag-mannes","166":"product_tag-migrant","167":"product_tag-migranten","168":"product_tag-migration","169":"product_tag-minderheit","170":"product_tag-patriarchat","171":"product_tag-photo","172":"product_tag-photoabzug","173":"product_tag-photoabzuege","174":"product_tag-photographie","175":"product_tag-photographien","176":"product_tag-photographin","177":"product_tag-photographinnen","178":"product_tag-photoreportage","179":"product_tag-portrait","180":"product_tag-portraitaufnahme","181":"product_tag-portraitfoto","182":"product_tag-portraitfotografie","183":"product_tag-portraitphoto","184":"product_tag-portraitphotographie","185":"product_tag-portraits","186":"product_tag-portraet","187":"product_tag-portraetaufnahme","188":"product_tag-portraetfoto","189":"product_tag-portraetfotografie","190":"product_tag-portraetphoto","191":"product_tag-portraetphotographie","192":"product_tag-portraets","193":"product_tag-print","194":"product_tag-reportage","195":"product_tag-reportagefoto","196":"product_tag-reportagefotografie","197":"product_tag-reportagephoto","198":"product_tag-reportagephotographie","199":"product_tag-s-w-fotografie","200":"product_tag-s-w-photographie","201":"product_tag-schwarzweissphotographie","202":"product_tag-schwarz-weiss-fotografie","203":"product_tag-schwarz-weiss-photographie","204":"product_tag-schwarzweiss","205":"product_tag-schwarzweisse","206":"product_tag-schwarzweissen","207":"product_tag-schwarzweisser","208":"product_tag-schwarzweisses","209":"product_tag-schwarzweissfotografie","210":"product_tag-sechziger","211":"product_tag-silbergelatine","212":"product_tag-silbergelatineabzug","213":"product_tag-silbergelatineabzuege","214":"product_tag-silbergelatineprint","215":"product_tag-sw-fotografie","216":"product_tag-sw-photographie","217":"product_tag-tochter","218":"product_tag-toechtern","219":"product_tag-tuerke","220":"product_tag-tuerken","221":"product_tag-tuerkin","222":"product_tag-tuerkinnen","223":"product_tag-tuerkisch","224":"product_tag-tuerkische","225":"product_tag-tuerkischem","226":"product_tag-tuerkischen","227":"product_tag-tuerkischer","228":"product_tag-tuerkisches","229":"product_tag-umarmen","230":"product_tag-umarmend","231":"product_tag-umarmende","232":"product_tag-umarmenden","233":"product_tag-umarmender","234":"product_tag-umarmendes","235":"product_tag-umarmt","236":"product_tag-umarmung","237":"product_tag-umarmungen","238":"product_tag-umklammern","239":"product_tag-vater","240":"product_tag-vaterliebe","241":"product_tag-vaters","242":"product_tag-vaterstolz","243":"product_tag-von-innen","244":"product_tag-zu-hause","245":"product_tag-zuhause","246":"product_tag-zuneigung","247":"product_tag-zuwanderer","248":"product_tag-zwang","249":"pa_datierung-januar-1969","250":"pa_fotograf-abisag-tuellmann","251":"pa_geografischer_bezug-aufnahmeort-frankfurt-am-main-deutschland","252":"pa_grunddaten_material_technik-foto-silbergelatine-auf-barytpapier","253":"pa_inventarnummer-tue-w-69-110-11","254":"pa_jahr_von-14258","255":"pa_massangaben-bildformat-foto-398-x-272-cm","256":"pa_mediennummer-53725","257":"pa_objekt_typ-fotografie","259":"first","260":"instock","261":"product-type-simple"},"yoast_head":"<!-- This site is optimized with the Yoast SEO plugin v27.4 - https:\/\/yoast.com\/product\/yoast-seo-wordpress\/ -->\n<title>T\u00fcrkischer Gastarbeiter mit seiner kleinen Tochter - Abisag T\u00fcllmann<\/title>\n<meta name=\"robots\" content=\"index, follow, max-snippet:-1, max-image-preview:large, max-video-preview:-1\" \/>\n<link rel=\"canonical\" href=\"https:\/\/bpk-archive.de\/tuellmann\/produkt\/tuerkischer-gastarbeiter-mit-seiner-kleinen-tochter\/\" \/>\n<meta property=\"og:locale\" content=\"de_DE\" \/>\n<meta property=\"og:type\" content=\"article\" \/>\n<meta property=\"og:title\" content=\"T\u00fcrkischer Gastarbeiter mit seiner kleinen Tochter - Abisag T\u00fcllmann\" \/>\n<meta property=\"og:description\" content=\"R\u00fcckseitenbeschriftung von Hand der Fotografin: &#8222;Ffm&#8220;\" \/>\n<meta property=\"og:url\" content=\"https:\/\/bpk-archive.de\/tuellmann\/produkt\/tuerkischer-gastarbeiter-mit-seiner-kleinen-tochter\/\" \/>\n<meta property=\"og:site_name\" content=\"Abisag T\u00fcllmann\" \/>\n<meta property=\"article:modified_time\" content=\"2019-09-05T13:07:10+00:00\" \/>\n<meta property=\"og:image\" content=\"https:\/\/bpk-archive.de\/tuellmann\/wp-content\/uploads\/2019\/08\/bpk_70298291.jpg\" \/>\n\t<meta property=\"og:image:width\" content=\"832\" \/>\n\t<meta property=\"og:image:height\" content=\"1200\" \/>\n\t<meta property=\"og:image:type\" content=\"image\/jpeg\" \/>\n<meta name=\"twitter:card\" content=\"summary_large_image\" \/>\n<script type=\"application\/ld+json\" class=\"yoast-schema-graph\">{\"@context\":\"https:\\\/\\\/schema.org\",\"@graph\":[{\"@type\":\"WebPage\",\"@id\":\"https:\\\/\\\/bpk-archive.de\\\/tuellmann\\\/produkt\\\/tuerkischer-gastarbeiter-mit-seiner-kleinen-tochter\\\/\",\"url\":\"https:\\\/\\\/bpk-archive.de\\\/tuellmann\\\/produkt\\\/tuerkischer-gastarbeiter-mit-seiner-kleinen-tochter\\\/\",\"name\":\"T\u00fcrkischer Gastarbeiter mit seiner kleinen Tochter - Abisag T\u00fcllmann\",\"isPartOf\":{\"@id\":\"https:\\\/\\\/bpk-archive.de\\\/tuellmann\\\/#website\"},\"primaryImageOfPage\":{\"@id\":\"https:\\\/\\\/bpk-archive.de\\\/tuellmann\\\/produkt\\\/tuerkischer-gastarbeiter-mit-seiner-kleinen-tochter\\\/#primaryimage\"},\"image\":{\"@id\":\"https:\\\/\\\/bpk-archive.de\\\/tuellmann\\\/produkt\\\/tuerkischer-gastarbeiter-mit-seiner-kleinen-tochter\\\/#primaryimage\"},\"thumbnailUrl\":\"https:\\\/\\\/bpk-archive.de\\\/tuellmann\\\/wp-content\\\/uploads\\\/2019\\\/08\\\/bpk_70298291.jpg\",\"datePublished\":\"2019-09-05T13:06:49+00:00\",\"dateModified\":\"2019-09-05T13:07:10+00:00\",\"breadcrumb\":{\"@id\":\"https:\\\/\\\/bpk-archive.de\\\/tuellmann\\\/produkt\\\/tuerkischer-gastarbeiter-mit-seiner-kleinen-tochter\\\/#breadcrumb\"},\"inLanguage\":\"de\",\"potentialAction\":[{\"@type\":\"ReadAction\",\"target\":[\"https:\\\/\\\/bpk-archive.de\\\/tuellmann\\\/produkt\\\/tuerkischer-gastarbeiter-mit-seiner-kleinen-tochter\\\/\"]}]},{\"@type\":\"ImageObject\",\"inLanguage\":\"de\",\"@id\":\"https:\\\/\\\/bpk-archive.de\\\/tuellmann\\\/produkt\\\/tuerkischer-gastarbeiter-mit-seiner-kleinen-tochter\\\/#primaryimage\",\"url\":\"https:\\\/\\\/bpk-archive.de\\\/tuellmann\\\/wp-content\\\/uploads\\\/2019\\\/08\\\/bpk_70298291.jpg\",\"contentUrl\":\"https:\\\/\\\/bpk-archive.de\\\/tuellmann\\\/wp-content\\\/uploads\\\/2019\\\/08\\\/bpk_70298291.jpg\",\"width\":832,\"height\":1200,\"caption\":\"T\u00fcrkischer Gastarbeiter mit seiner kleinen Tochter\"},{\"@type\":\"BreadcrumbList\",\"@id\":\"https:\\\/\\\/bpk-archive.de\\\/tuellmann\\\/produkt\\\/tuerkischer-gastarbeiter-mit-seiner-kleinen-tochter\\\/#breadcrumb\",\"itemListElement\":[{\"@type\":\"ListItem\",\"position\":1,\"name\":\"Startseite\",\"item\":\"https:\\\/\\\/bpk-archive.de\\\/tuellmann\\\/\"},{\"@type\":\"ListItem\",\"position\":2,\"name\":\"Shop\",\"item\":\"https:\\\/\\\/bpk-archive.de\\\/tuellmann\\\/shop\\\/\"},{\"@type\":\"ListItem\",\"position\":3,\"name\":\"T\u00fcrkischer Gastarbeiter mit seiner kleinen Tochter\"}]},{\"@type\":\"WebSite\",\"@id\":\"https:\\\/\\\/bpk-archive.de\\\/tuellmann\\\/#website\",\"url\":\"https:\\\/\\\/bpk-archive.de\\\/tuellmann\\\/\",\"name\":\"Abisag T\u00fcllmann\",\"description\":\"Eine weitere WordPress-Website\",\"potentialAction\":[{\"@type\":\"SearchAction\",\"target\":{\"@type\":\"EntryPoint\",\"urlTemplate\":\"https:\\\/\\\/bpk-archive.de\\\/tuellmann\\\/?s={search_term_string}\"},\"query-input\":{\"@type\":\"PropertyValueSpecification\",\"valueRequired\":true,\"valueName\":\"search_term_string\"}}],\"inLanguage\":\"de\"}]}<\/script>\n<!-- \/ Yoast SEO plugin. -->","yoast_head_json":{"title":"T\u00fcrkischer Gastarbeiter mit seiner kleinen Tochter - Abisag T\u00fcllmann","robots":{"index":"index","follow":"follow","max-snippet":"max-snippet:-1","max-image-preview":"max-image-preview:large","max-video-preview":"max-video-preview:-1"},"canonical":"https:\/\/bpk-archive.de\/tuellmann\/produkt\/tuerkischer-gastarbeiter-mit-seiner-kleinen-tochter\/","og_locale":"de_DE","og_type":"article","og_title":"T\u00fcrkischer Gastarbeiter mit seiner kleinen Tochter - Abisag T\u00fcllmann","og_description":"R\u00fcckseitenbeschriftung von Hand der Fotografin: &#8222;Ffm&#8220;","og_url":"https:\/\/bpk-archive.de\/tuellmann\/produkt\/tuerkischer-gastarbeiter-mit-seiner-kleinen-tochter\/","og_site_name":"Abisag T\u00fcllmann","article_modified_time":"2019-09-05T13:07:10+00:00","og_image":[{"width":832,"height":1200,"url":"https:\/\/bpk-archive.de\/tuellmann\/wp-content\/uploads\/2019\/08\/bpk_70298291.jpg","type":"image\/jpeg"}],"twitter_card":"summary_large_image","schema":{"@context":"https:\/\/schema.org","@graph":[{"@type":"WebPage","@id":"https:\/\/bpk-archive.de\/tuellmann\/produkt\/tuerkischer-gastarbeiter-mit-seiner-kleinen-tochter\/","url":"https:\/\/bpk-archive.de\/tuellmann\/produkt\/tuerkischer-gastarbeiter-mit-seiner-kleinen-tochter\/","name":"T\u00fcrkischer Gastarbeiter mit seiner kleinen Tochter - Abisag T\u00fcllmann","isPartOf":{"@id":"https:\/\/bpk-archive.de\/tuellmann\/#website"},"primaryImageOfPage":{"@id":"https:\/\/bpk-archive.de\/tuellmann\/produkt\/tuerkischer-gastarbeiter-mit-seiner-kleinen-tochter\/#primaryimage"},"image":{"@id":"https:\/\/bpk-archive.de\/tuellmann\/produkt\/tuerkischer-gastarbeiter-mit-seiner-kleinen-tochter\/#primaryimage"},"thumbnailUrl":"https:\/\/bpk-archive.de\/tuellmann\/wp-content\/uploads\/2019\/08\/bpk_70298291.jpg","datePublished":"2019-09-05T13:06:49+00:00","dateModified":"2019-09-05T13:07:10+00:00","breadcrumb":{"@id":"https:\/\/bpk-archive.de\/tuellmann\/produkt\/tuerkischer-gastarbeiter-mit-seiner-kleinen-tochter\/#breadcrumb"},"inLanguage":"de","potentialAction":[{"@type":"ReadAction","target":["https:\/\/bpk-archive.de\/tuellmann\/produkt\/tuerkischer-gastarbeiter-mit-seiner-kleinen-tochter\/"]}]},{"@type":"ImageObject","inLanguage":"de","@id":"https:\/\/bpk-archive.de\/tuellmann\/produkt\/tuerkischer-gastarbeiter-mit-seiner-kleinen-tochter\/#primaryimage","url":"https:\/\/bpk-archive.de\/tuellmann\/wp-content\/uploads\/2019\/08\/bpk_70298291.jpg","contentUrl":"https:\/\/bpk-archive.de\/tuellmann\/wp-content\/uploads\/2019\/08\/bpk_70298291.jpg","width":832,"height":1200,"caption":"T\u00fcrkischer Gastarbeiter mit seiner kleinen Tochter"},{"@type":"BreadcrumbList","@id":"https:\/\/bpk-archive.de\/tuellmann\/produkt\/tuerkischer-gastarbeiter-mit-seiner-kleinen-tochter\/#breadcrumb","itemListElement":[{"@type":"ListItem","position":1,"name":"Startseite","item":"https:\/\/bpk-archive.de\/tuellmann\/"},{"@type":"ListItem","position":2,"name":"Shop","item":"https:\/\/bpk-archive.de\/tuellmann\/shop\/"},{"@type":"ListItem","position":3,"name":"T\u00fcrkischer Gastarbeiter mit seiner kleinen Tochter"}]},{"@type":"WebSite","@id":"https:\/\/bpk-archive.de\/tuellmann\/#website","url":"https:\/\/bpk-archive.de\/tuellmann\/","name":"Abisag T\u00fcllmann","description":"Eine weitere WordPress-Website","potentialAction":[{"@type":"SearchAction","target":{"@type":"EntryPoint","urlTemplate":"https:\/\/bpk-archive.de\/tuellmann\/?s={search_term_string}"},"query-input":{"@type":"PropertyValueSpecification","valueRequired":true,"valueName":"search_term_string"}}],"inLanguage":"de"}]}},"_links":{"self":[{"href":"https:\/\/bpk-archive.de\/tuellmann\/wp-json\/wp\/v2\/product\/70295406","targetHints":{"allow":["GET"]}}],"collection":[{"href":"https:\/\/bpk-archive.de\/tuellmann\/wp-json\/wp\/v2\/product"}],"about":[{"href":"https:\/\/bpk-archive.de\/tuellmann\/wp-json\/wp\/v2\/types\/product"}],"wp:featuredmedia":[{"embeddable":true,"href":"https:\/\/bpk-archive.de\/tuellmann\/wp-json\/wp\/v2\/media\/70293244"}],"wp:attachment":[{"href":"https:\/\/bpk-archive.de\/tuellmann\/wp-json\/wp\/v2\/media?parent=70295406"}],"wp:term":[{"taxonomy":"product_brand","embeddable":true,"href":"https:\/\/bpk-archive.de\/tuellmann\/wp-json\/wp\/v2\/product_brand?post=70295406"},{"taxonomy":"product_cat","embeddable":true,"href":"https:\/\/bpk-archive.de\/tuellmann\/wp-json\/wp\/v2\/product_cat?post=70295406"},{"taxonomy":"product_tag","embeddable":true,"href":"https:\/\/bpk-archive.de\/tuellmann\/wp-json\/wp\/v2\/product_tag?post=70295406"}],"curies":[{"name":"wp","href":"https:\/\/api.w.org\/{rel}","templated":true}]}}