{"id":70295403,"date":"2019-09-05T15:06:49","date_gmt":"2019-09-05T13:06:49","guid":{"rendered":"http:\/\/abisagtuellmann.bpk-news.de\/atbild\/schwarzfahnendemonstration-des-westendvereins-gegen-immobilienspekulation-und-haeuserabbruch-im-westend-4\/"},"modified":"2020-08-12T10:33:10","modified_gmt":"2020-08-12T08:33:10","slug":"schwarzfahnendemonstration-des-westendvereins-gegen-immobilienspekulation-und-haeuserabbruch-im-westend-4","status":"publish","type":"product","link":"https:\/\/bpk-archive.de\/tuellmann\/produkt\/schwarzfahnendemonstration-des-westendvereins-gegen-immobilienspekulation-und-haeuserabbruch-im-westend-4\/","title":{"rendered":"&#8222;Schwarzfahnendemonstration&#8220; des Westendvereins gegen Immobilienspekulation und H\u00e4userabbruch im Westend"},"content":{"rendered":"<p>R\u00fcckseitenbeschriftung von anderer Hand: &#8222;Westenddemonstration&#8220;<\/p>\n","protected":false},"excerpt":{"rendered":"<p>R\u00fcckseitenbeschriftung von anderer Hand: &#8222;Westenddemonstration&#8220;<\/p>\n","protected":false},"featured_media":70293259,"template":"","meta":[],"product_brand":[],"product_cat":[73398],"product_tag":[13230,13232,13234,13231,13233,13235,53514,53515,53516,53517,53518,53519,53520,13777,53667,53521,13250,13606,53522,48355,48356,48357,48358,48359,48360,14326,49576,49577,49578,14177,53673,13469,13470,48968,53560,53561,48969,53674,53562,51751,13607,13608,13609,13610,13611,13612,13613,13615,13616,13617,13618,13619,13620,13621,13622,13623,13624,13253,13254,13255,13256,13257,13471,13472,13260,51101,51102,47425,47426,51108,51109,53563,13293,13786,13787,13294,13295,13296,13297,13485,13486,13482,13481,13483,13484,13487,13488,53523,14066,47887,47888,47383,47384,53564,47385,47386,13492,13493,13494,13495,13496,13497,13301,53565,53566,53525,51234,14205,14206,14207,14213,14218,14219,13626,13627,13818,13819,13826,53567,53568,13319,13320,47447,47448,13321,13322,13323,49229,49230,13328,13827,13828,13329,13330,13331,13332,13843,13641,13642,13643,13644,13645,13646,13647,13648,13649,13653,13877,13879,48364,48365,50631,13865,13864,13866,13351,50632,13352,13353,50633,13858,13859,13860,13861,13862,13863,13354,13869,13870,13871,13872,53570,53571,49236,53528,47406,47407,53529,53530,53531,53532,53533,53534,53535,53536,53537,53538,51772,48679,48680,48681,51243,51244,51245,13519,13520,13521,13522,13523,13524,47564,13878,13880,53539,53540,53541,53542,53543,53544,53545,53546,53547,53572,53573,53574,53548,53549,53550,53551,53552,53553],"class_list":{"0":"post-70295403","1":"product","2":"type-product","3":"status-publish","4":"has-post-thumbnail","6":"product_cat-westend","7":"product_tag-1970er-jahre","8":"product_tag-20-jahrhundert-nach-chr","9":"product_tag-20-jh-n-chr","10":"product_tag-20-jahrhundert","11":"product_tag-20-jh","12":"product_tag-70er","13":"product_tag-abbruch","14":"product_tag-abbruchhaus","15":"product_tag-abreissen","16":"product_tag-abriss","17":"product_tag-abrissarbeiten","18":"product_tag-abrisshaus","19":"product_tag-abt_023","20":"product_tag-abzug","21":"product_tag-anwohner","22":"product_tag-at_westend","23":"product_tag-aussen","24":"product_tag-banner","25":"product_tag-bauspekulation","26":"product_tag-beschriftet","27":"product_tag-beschriftete","28":"product_tag-beschrifteter","29":"product_tag-beschriftetes","30":"product_tag-beschriftung","31":"product_tag-beschriftungen","32":"product_tag-bevoelkerung","33":"product_tag-bewohner","34":"product_tag-bewohnern","35":"product_tag-bewohners","36":"product_tag-blickkontakt","37":"product_tag-bourgeoisie","38":"product_tag-brd","39":"product_tag-bundesrepublik-deutschland","40":"product_tag-buerger","41":"product_tag-buergerinitiative","42":"product_tag-buergerprotest","43":"product_tag-buergers","44":"product_tag-buergertum","45":"product_tag-buergerverein","46":"product_tag-city","47":"product_tag-demo","48":"product_tag-demonstrant","49":"product_tag-demonstranten","50":"product_tag-demonstration","51":"product_tag-demonstrationen","52":"product_tag-demonstrationsplakat","53":"product_tag-demonstrationsschild","54":"product_tag-demonstrieren","55":"product_tag-demonstrierend","56":"product_tag-demonstrierende","57":"product_tag-demonstrierenden","58":"product_tag-demonstrierender","59":"product_tag-demonstrierendes","60":"product_tag-demonstriert","61":"product_tag-demoplakat","62":"product_tag-demos","63":"product_tag-demoschild","64":"product_tag-deutsch","65":"product_tag-deutsche","66":"product_tag-deutschen","67":"product_tag-deutscher","68":"product_tag-deutsches","69":"product_tag-deutschland","70":"product_tag-deutschlands","71":"product_tag-draussen","72":"product_tag-fahne","73":"product_tag-fahnen","74":"product_tag-familie","75":"product_tag-familien","76":"product_tag-flagge","77":"product_tag-flaggen","78":"product_tag-fluestertuete","79":"product_tag-foto","80":"product_tag-fotoabzug","81":"product_tag-fotoabzuege","82":"product_tag-fotografie","83":"product_tag-fotografien","84":"product_tag-fotografin","85":"product_tag-fotografinnen","86":"product_tag-frankfurt-m","87":"product_tag-frankfurt-main","88":"product_tag-frankfurt-a-main","89":"product_tag-frankfurt-a-m","90":"product_tag-frankfurt-am-main","91":"product_tag-frankfurter","92":"product_tag-frau","93":"product_tag-frauen","94":"product_tag-gentrifizierung","95":"product_tag-geschichte","96":"product_tag-grossstadt","97":"product_tag-grossstaedte","98":"product_tag-haus","99":"product_tag-haeuser","100":"product_tag-haeuserkampf","101":"product_tag-haeusern","102":"product_tag-hauses","103":"product_tag-hessen","104":"product_tag-hessisch","105":"product_tag-hessische","106":"product_tag-hessischen","107":"product_tag-hessischer","108":"product_tag-hessisches","109":"product_tag-im-freien","110":"product_tag-immobilie","111":"product_tag-immobilien","112":"product_tag-immobilienwirtschaft","113":"product_tag-innenstadt","114":"product_tag-kind","115":"product_tag-kinde","116":"product_tag-kinder","117":"product_tag-kindern","118":"product_tag-kindes","119":"product_tag-kindheit","120":"product_tag-kundgebung","121":"product_tag-kundgebungen","122":"product_tag-mann","123":"product_tag-maenner","124":"product_tag-mannes","125":"product_tag-megafon","126":"product_tag-megaphon","127":"product_tag-menschenansammlung","128":"product_tag-menschenauflauf","129":"product_tag-menschengruppe","130":"product_tag-menschengruppen","131":"product_tag-menschenmassen","132":"product_tag-menschenmenge","133":"product_tag-menschenschar","134":"product_tag-parole","135":"product_tag-parolen","136":"product_tag-photo","137":"product_tag-photoabzug","138":"product_tag-photoabzuege","139":"product_tag-photographie","140":"product_tag-photographien","141":"product_tag-photographin","142":"product_tag-photographinnen","143":"product_tag-print","144":"product_tag-protest","145":"product_tag-proteste","146":"product_tag-protestieren","147":"product_tag-protestierend","148":"product_tag-protestierende","149":"product_tag-protestierenden","150":"product_tag-protestierender","151":"product_tag-protestierendes","152":"product_tag-protestiert","153":"product_tag-protestschild","154":"product_tag-s-w-fotografie","155":"product_tag-s-w-photographie","156":"product_tag-schrift","157":"product_tag-schriften","158":"product_tag-schwarz","159":"product_tag-schwarzweissphotographie","160":"product_tag-schwarz-weiss-fotografie","161":"product_tag-schwarz-weiss-photographie","162":"product_tag-schwarze","163":"product_tag-schwarzem","164":"product_tag-schwarzen","165":"product_tag-schwarzer","166":"product_tag-schwarzes","167":"product_tag-schwarzweiss","168":"product_tag-schwarzweisse","169":"product_tag-schwarzweissen","170":"product_tag-schwarzweisser","171":"product_tag-schwarzweisses","172":"product_tag-schwarzweissfotografie","173":"product_tag-siebziger","174":"product_tag-silbergelatine","175":"product_tag-silbergelatineabzug","176":"product_tag-silbergelatineabzuege","177":"product_tag-silbergelatineprint","178":"product_tag-skandal","179":"product_tag-skandale","180":"product_tag-slogan","181":"product_tag-spekulation","182":"product_tag-stadt","183":"product_tag-staedte","184":"product_tag-staedtebau","185":"product_tag-staedtebaulich","186":"product_tag-staedtebauliche","187":"product_tag-staedtebaulicher","188":"product_tag-stadtgeschichte","189":"product_tag-staedtisch","190":"product_tag-staedtische","191":"product_tag-staedtischen","192":"product_tag-staedtischer","193":"product_tag-staedtisches","194":"product_tag-stadtmitte","195":"product_tag-stadtteil","196":"product_tag-stadtteils","197":"product_tag-stadtviertel","198":"product_tag-stadtzentren","199":"product_tag-stadtzentrum","200":"product_tag-stadtzentrums","201":"product_tag-stehen","202":"product_tag-stehend","203":"product_tag-stehende","204":"product_tag-stehenden","205":"product_tag-stehender","206":"product_tag-stehendes","207":"product_tag-strassenrand","208":"product_tag-sw-fotografie","209":"product_tag-sw-photographie","210":"product_tag-urban","211":"product_tag-urbane","212":"product_tag-urbanen","213":"product_tag-urbaner","214":"product_tag-urbanes","215":"product_tag-urbanistik","216":"product_tag-urbanitaet","217":"product_tag-veraenderung","218":"product_tag-veraenderungen","219":"product_tag-verein","220":"product_tag-vereine","221":"product_tag-vereins","222":"product_tag-verwandlung","223":"product_tag-verwandlungen","224":"product_tag-wandel","225":"product_tag-wandels","226":"product_tag-westend","227":"product_tag-westends","228":"pa_datierung-august-1970","229":"pa_fotograf-abisag-tuellmann","230":"pa_geografischer_bezug-aufnahmeort-frankfurt-am-main-westend-deutschland","231":"pa_grunddaten_material_technik-foto-silbergelatine-auf-barytpapier","232":"pa_inventarnummer-tue-w-70-059-27","233":"pa_jahr_von-53324","234":"pa_massangaben-bildformat-foto-30-x-40-cm","235":"pa_mediennummer-53671","236":"pa_objekt_typ-fotografie","238":"first","239":"instock","240":"product-type-simple"},"yoast_head":"<!-- This site is optimized with the Yoast SEO plugin v27.4 - https:\/\/yoast.com\/product\/yoast-seo-wordpress\/ -->\n<title>&quot;Schwarzfahnendemonstration&quot; des Westendvereins gegen Immobilienspekulation und H\u00e4userabbruch im Westend - Abisag T\u00fcllmann<\/title>\n<meta name=\"robots\" content=\"index, follow, max-snippet:-1, max-image-preview:large, max-video-preview:-1\" \/>\n<link rel=\"canonical\" href=\"https:\/\/bpk-archive.de\/tuellmann\/produkt\/schwarzfahnendemonstration-des-westendvereins-gegen-immobilienspekulation-und-haeuserabbruch-im-westend-4\/\" \/>\n<meta property=\"og:locale\" content=\"de_DE\" \/>\n<meta property=\"og:type\" content=\"article\" \/>\n<meta property=\"og:title\" content=\"&quot;Schwarzfahnendemonstration&quot; des Westendvereins gegen Immobilienspekulation und H\u00e4userabbruch im Westend - Abisag T\u00fcllmann\" \/>\n<meta property=\"og:description\" content=\"R\u00fcckseitenbeschriftung von anderer Hand: &#8222;Westenddemonstration&#8220;\" \/>\n<meta property=\"og:url\" content=\"https:\/\/bpk-archive.de\/tuellmann\/produkt\/schwarzfahnendemonstration-des-westendvereins-gegen-immobilienspekulation-und-haeuserabbruch-im-westend-4\/\" \/>\n<meta property=\"og:site_name\" content=\"Abisag T\u00fcllmann\" \/>\n<meta property=\"article:modified_time\" content=\"2020-08-12T08:33:10+00:00\" \/>\n<meta property=\"og:image\" content=\"https:\/\/bpk-archive.de\/tuellmann\/wp-content\/uploads\/2019\/08\/bpk_70298298.jpg\" \/>\n\t<meta property=\"og:image:width\" content=\"1200\" \/>\n\t<meta property=\"og:image:height\" content=\"914\" \/>\n\t<meta property=\"og:image:type\" content=\"image\/jpeg\" \/>\n<meta name=\"twitter:card\" content=\"summary_large_image\" \/>\n<script type=\"application\/ld+json\" class=\"yoast-schema-graph\">{\"@context\":\"https:\\\/\\\/schema.org\",\"@graph\":[{\"@type\":\"WebPage\",\"@id\":\"https:\\\/\\\/bpk-archive.de\\\/tuellmann\\\/produkt\\\/schwarzfahnendemonstration-des-westendvereins-gegen-immobilienspekulation-und-haeuserabbruch-im-westend-4\\\/\",\"url\":\"https:\\\/\\\/bpk-archive.de\\\/tuellmann\\\/produkt\\\/schwarzfahnendemonstration-des-westendvereins-gegen-immobilienspekulation-und-haeuserabbruch-im-westend-4\\\/\",\"name\":\"\\\"Schwarzfahnendemonstration\\\" des Westendvereins gegen Immobilienspekulation und H\u00e4userabbruch im Westend - Abisag T\u00fcllmann\",\"isPartOf\":{\"@id\":\"https:\\\/\\\/bpk-archive.de\\\/tuellmann\\\/#website\"},\"primaryImageOfPage\":{\"@id\":\"https:\\\/\\\/bpk-archive.de\\\/tuellmann\\\/produkt\\\/schwarzfahnendemonstration-des-westendvereins-gegen-immobilienspekulation-und-haeuserabbruch-im-westend-4\\\/#primaryimage\"},\"image\":{\"@id\":\"https:\\\/\\\/bpk-archive.de\\\/tuellmann\\\/produkt\\\/schwarzfahnendemonstration-des-westendvereins-gegen-immobilienspekulation-und-haeuserabbruch-im-westend-4\\\/#primaryimage\"},\"thumbnailUrl\":\"https:\\\/\\\/bpk-archive.de\\\/tuellmann\\\/wp-content\\\/uploads\\\/2019\\\/08\\\/bpk_70298298.jpg\",\"datePublished\":\"2019-09-05T13:06:49+00:00\",\"dateModified\":\"2020-08-12T08:33:10+00:00\",\"breadcrumb\":{\"@id\":\"https:\\\/\\\/bpk-archive.de\\\/tuellmann\\\/produkt\\\/schwarzfahnendemonstration-des-westendvereins-gegen-immobilienspekulation-und-haeuserabbruch-im-westend-4\\\/#breadcrumb\"},\"inLanguage\":\"de\",\"potentialAction\":[{\"@type\":\"ReadAction\",\"target\":[\"https:\\\/\\\/bpk-archive.de\\\/tuellmann\\\/produkt\\\/schwarzfahnendemonstration-des-westendvereins-gegen-immobilienspekulation-und-haeuserabbruch-im-westend-4\\\/\"]}]},{\"@type\":\"ImageObject\",\"inLanguage\":\"de\",\"@id\":\"https:\\\/\\\/bpk-archive.de\\\/tuellmann\\\/produkt\\\/schwarzfahnendemonstration-des-westendvereins-gegen-immobilienspekulation-und-haeuserabbruch-im-westend-4\\\/#primaryimage\",\"url\":\"https:\\\/\\\/bpk-archive.de\\\/tuellmann\\\/wp-content\\\/uploads\\\/2019\\\/08\\\/bpk_70298298.jpg\",\"contentUrl\":\"https:\\\/\\\/bpk-archive.de\\\/tuellmann\\\/wp-content\\\/uploads\\\/2019\\\/08\\\/bpk_70298298.jpg\",\"width\":1200,\"height\":914,\"caption\":\"\\\"Schwarzfahnendemonstration\\\" des Westendvereins gegen Immobilienspekulation und H\u00e4userabbruch im Westend\"},{\"@type\":\"BreadcrumbList\",\"@id\":\"https:\\\/\\\/bpk-archive.de\\\/tuellmann\\\/produkt\\\/schwarzfahnendemonstration-des-westendvereins-gegen-immobilienspekulation-und-haeuserabbruch-im-westend-4\\\/#breadcrumb\",\"itemListElement\":[{\"@type\":\"ListItem\",\"position\":1,\"name\":\"Startseite\",\"item\":\"https:\\\/\\\/bpk-archive.de\\\/tuellmann\\\/\"},{\"@type\":\"ListItem\",\"position\":2,\"name\":\"Shop\",\"item\":\"https:\\\/\\\/bpk-archive.de\\\/tuellmann\\\/shop\\\/\"},{\"@type\":\"ListItem\",\"position\":3,\"name\":\"&#8220;Schwarzfahnendemonstration&#8221; des Westendvereins gegen Immobilienspekulation und H\u00e4userabbruch im Westend\"}]},{\"@type\":\"WebSite\",\"@id\":\"https:\\\/\\\/bpk-archive.de\\\/tuellmann\\\/#website\",\"url\":\"https:\\\/\\\/bpk-archive.de\\\/tuellmann\\\/\",\"name\":\"Abisag T\u00fcllmann\",\"description\":\"Eine weitere WordPress-Website\",\"potentialAction\":[{\"@type\":\"SearchAction\",\"target\":{\"@type\":\"EntryPoint\",\"urlTemplate\":\"https:\\\/\\\/bpk-archive.de\\\/tuellmann\\\/?s={search_term_string}\"},\"query-input\":{\"@type\":\"PropertyValueSpecification\",\"valueRequired\":true,\"valueName\":\"search_term_string\"}}],\"inLanguage\":\"de\"}]}<\/script>\n<!-- \/ Yoast SEO plugin. -->","yoast_head_json":{"title":"\"Schwarzfahnendemonstration\" des Westendvereins gegen Immobilienspekulation und H\u00e4userabbruch im Westend - Abisag T\u00fcllmann","robots":{"index":"index","follow":"follow","max-snippet":"max-snippet:-1","max-image-preview":"max-image-preview:large","max-video-preview":"max-video-preview:-1"},"canonical":"https:\/\/bpk-archive.de\/tuellmann\/produkt\/schwarzfahnendemonstration-des-westendvereins-gegen-immobilienspekulation-und-haeuserabbruch-im-westend-4\/","og_locale":"de_DE","og_type":"article","og_title":"\"Schwarzfahnendemonstration\" des Westendvereins gegen Immobilienspekulation und H\u00e4userabbruch im Westend - Abisag T\u00fcllmann","og_description":"R\u00fcckseitenbeschriftung von anderer Hand: &#8222;Westenddemonstration&#8220;","og_url":"https:\/\/bpk-archive.de\/tuellmann\/produkt\/schwarzfahnendemonstration-des-westendvereins-gegen-immobilienspekulation-und-haeuserabbruch-im-westend-4\/","og_site_name":"Abisag T\u00fcllmann","article_modified_time":"2020-08-12T08:33:10+00:00","og_image":[{"width":1200,"height":914,"url":"https:\/\/bpk-archive.de\/tuellmann\/wp-content\/uploads\/2019\/08\/bpk_70298298.jpg","type":"image\/jpeg"}],"twitter_card":"summary_large_image","schema":{"@context":"https:\/\/schema.org","@graph":[{"@type":"WebPage","@id":"https:\/\/bpk-archive.de\/tuellmann\/produkt\/schwarzfahnendemonstration-des-westendvereins-gegen-immobilienspekulation-und-haeuserabbruch-im-westend-4\/","url":"https:\/\/bpk-archive.de\/tuellmann\/produkt\/schwarzfahnendemonstration-des-westendvereins-gegen-immobilienspekulation-und-haeuserabbruch-im-westend-4\/","name":"\"Schwarzfahnendemonstration\" des Westendvereins gegen Immobilienspekulation und H\u00e4userabbruch im Westend - Abisag T\u00fcllmann","isPartOf":{"@id":"https:\/\/bpk-archive.de\/tuellmann\/#website"},"primaryImageOfPage":{"@id":"https:\/\/bpk-archive.de\/tuellmann\/produkt\/schwarzfahnendemonstration-des-westendvereins-gegen-immobilienspekulation-und-haeuserabbruch-im-westend-4\/#primaryimage"},"image":{"@id":"https:\/\/bpk-archive.de\/tuellmann\/produkt\/schwarzfahnendemonstration-des-westendvereins-gegen-immobilienspekulation-und-haeuserabbruch-im-westend-4\/#primaryimage"},"thumbnailUrl":"https:\/\/bpk-archive.de\/tuellmann\/wp-content\/uploads\/2019\/08\/bpk_70298298.jpg","datePublished":"2019-09-05T13:06:49+00:00","dateModified":"2020-08-12T08:33:10+00:00","breadcrumb":{"@id":"https:\/\/bpk-archive.de\/tuellmann\/produkt\/schwarzfahnendemonstration-des-westendvereins-gegen-immobilienspekulation-und-haeuserabbruch-im-westend-4\/#breadcrumb"},"inLanguage":"de","potentialAction":[{"@type":"ReadAction","target":["https:\/\/bpk-archive.de\/tuellmann\/produkt\/schwarzfahnendemonstration-des-westendvereins-gegen-immobilienspekulation-und-haeuserabbruch-im-westend-4\/"]}]},{"@type":"ImageObject","inLanguage":"de","@id":"https:\/\/bpk-archive.de\/tuellmann\/produkt\/schwarzfahnendemonstration-des-westendvereins-gegen-immobilienspekulation-und-haeuserabbruch-im-westend-4\/#primaryimage","url":"https:\/\/bpk-archive.de\/tuellmann\/wp-content\/uploads\/2019\/08\/bpk_70298298.jpg","contentUrl":"https:\/\/bpk-archive.de\/tuellmann\/wp-content\/uploads\/2019\/08\/bpk_70298298.jpg","width":1200,"height":914,"caption":"\"Schwarzfahnendemonstration\" des Westendvereins gegen Immobilienspekulation und H\u00e4userabbruch im Westend"},{"@type":"BreadcrumbList","@id":"https:\/\/bpk-archive.de\/tuellmann\/produkt\/schwarzfahnendemonstration-des-westendvereins-gegen-immobilienspekulation-und-haeuserabbruch-im-westend-4\/#breadcrumb","itemListElement":[{"@type":"ListItem","position":1,"name":"Startseite","item":"https:\/\/bpk-archive.de\/tuellmann\/"},{"@type":"ListItem","position":2,"name":"Shop","item":"https:\/\/bpk-archive.de\/tuellmann\/shop\/"},{"@type":"ListItem","position":3,"name":"&#8220;Schwarzfahnendemonstration&#8221; des Westendvereins gegen Immobilienspekulation und H\u00e4userabbruch im Westend"}]},{"@type":"WebSite","@id":"https:\/\/bpk-archive.de\/tuellmann\/#website","url":"https:\/\/bpk-archive.de\/tuellmann\/","name":"Abisag T\u00fcllmann","description":"Eine weitere WordPress-Website","potentialAction":[{"@type":"SearchAction","target":{"@type":"EntryPoint","urlTemplate":"https:\/\/bpk-archive.de\/tuellmann\/?s={search_term_string}"},"query-input":{"@type":"PropertyValueSpecification","valueRequired":true,"valueName":"search_term_string"}}],"inLanguage":"de"}]}},"_links":{"self":[{"href":"https:\/\/bpk-archive.de\/tuellmann\/wp-json\/wp\/v2\/product\/70295403","targetHints":{"allow":["GET"]}}],"collection":[{"href":"https:\/\/bpk-archive.de\/tuellmann\/wp-json\/wp\/v2\/product"}],"about":[{"href":"https:\/\/bpk-archive.de\/tuellmann\/wp-json\/wp\/v2\/types\/product"}],"wp:featuredmedia":[{"embeddable":true,"href":"https:\/\/bpk-archive.de\/tuellmann\/wp-json\/wp\/v2\/media\/70293259"}],"wp:attachment":[{"href":"https:\/\/bpk-archive.de\/tuellmann\/wp-json\/wp\/v2\/media?parent=70295403"}],"wp:term":[{"taxonomy":"product_brand","embeddable":true,"href":"https:\/\/bpk-archive.de\/tuellmann\/wp-json\/wp\/v2\/product_brand?post=70295403"},{"taxonomy":"product_cat","embeddable":true,"href":"https:\/\/bpk-archive.de\/tuellmann\/wp-json\/wp\/v2\/product_cat?post=70295403"},{"taxonomy":"product_tag","embeddable":true,"href":"https:\/\/bpk-archive.de\/tuellmann\/wp-json\/wp\/v2\/product_tag?post=70295403"}],"curies":[{"name":"wp","href":"https:\/\/api.w.org\/{rel}","templated":true}]}}