{"id":70295397,"date":"2019-09-05T15:06:49","date_gmt":"2019-09-05T13:06:49","guid":{"rendered":"http:\/\/abisagtuellmann.bpk-news.de\/atbild\/abrisshaus-hinter-einer-bauplane-im-frankfurter-westend\/"},"modified":"2019-09-05T15:06:59","modified_gmt":"2019-09-05T13:06:59","slug":"abrisshaus-hinter-einer-bauplane-im-frankfurter-westend","status":"publish","type":"product","link":"https:\/\/bpk-archive.de\/tuellmann\/produkt\/abrisshaus-hinter-einer-bauplane-im-frankfurter-westend\/","title":{"rendered":"Abrisshaus hinter einer Bauplane im Frankfurter Westend"},"content":{"rendered":"<p>R\u00fcckseitenbeschriftung von Hand der Fotografin: &#8222;G\u00e4rtnerweg Ecke Reuterweg 1967 (heute B\u00fcrogeb\u00e4ude der Metallgesellschaft)&#8220;<\/p>\n","protected":false},"excerpt":{"rendered":"<p>R\u00fcckseitenbeschriftung von Hand der Fotografin: &#8222;G\u00e4rtnerweg Ecke Reuterweg 1967 (heute B\u00fcrogeb\u00e4ude der Metallgesellschaft)&#8220;<\/p>\n","protected":false},"featured_media":70293269,"template":"","meta":[],"product_brand":[],"product_cat":[],"product_tag":[13774,13232,13234,13231,13233,13775,53514,53515,53516,53517,53518,53519,53520,13777,53521,13250,48185,48186,53583,53584,51936,51937,51938,53522,51940,51941,47365,47366,47367,13469,13470,48645,48646,51751,13253,13254,13255,13256,13257,13471,13472,13260,13293,13786,13787,13294,13295,13296,13297,13485,13486,13482,13481,13483,13484,47375,47376,47377,48647,48648,48649,48650,53523,53585,53586,53587,14066,47887,47888,47383,47384,47385,47386,13492,13493,13494,13495,13496,13497,13301,53525,51234,47395,47396,13328,13827,13828,13329,13330,13331,13332,53588,13843,13877,13879,13865,13864,13866,13858,13859,13860,13861,13862,13863,13867,13869,13870,13871,13872,53528,47406,47407,53529,53530,53531,53532,53533,53534,53535,53536,53537,53538,51772,53589,48679,48680,48681,51243,51244,51245,47408,47409,13878,13880,48682,48683,53539,53540,53541,53542,53543,53544,53545,53546,53547,53548,53549,48228,53550,53551,53552,53553,47504,47505,47506,47349,47350,47351,47352,47353,47354,47355,47356],"class_list":{"0":"post-70295397","1":"product","2":"type-product","3":"status-publish","4":"has-post-thumbnail","6":"product_tag-1960er-jahre","7":"product_tag-20-jahrhundert-nach-chr","8":"product_tag-20-jh-n-chr","9":"product_tag-20-jahrhundert","10":"product_tag-20-jh","11":"product_tag-60er","12":"product_tag-abbruch","13":"product_tag-abbruchhaus","14":"product_tag-abreissen","15":"product_tag-abriss","16":"product_tag-abrissarbeiten","17":"product_tag-abrisshaus","18":"product_tag-abt_023","19":"product_tag-abzug","20":"product_tag-at_westend","21":"product_tag-aussen","22":"product_tag-aussenansicht","23":"product_tag-aussenansichten","24":"product_tag-baugeruest","25":"product_tag-baugerueste","26":"product_tag-baugeschehen","27":"product_tag-bauplatz","28":"product_tag-bauplaetze","29":"product_tag-bauspekulation","30":"product_tag-baustelle","31":"product_tag-baustellen","32":"product_tag-bauten","33":"product_tag-bauwerk","34":"product_tag-bauwerke","35":"product_tag-brd","36":"product_tag-bundesrepublik-deutschland","37":"product_tag-buergersteig","38":"product_tag-buergersteige","39":"product_tag-city","40":"product_tag-deutsch","41":"product_tag-deutsche","42":"product_tag-deutschen","43":"product_tag-deutscher","44":"product_tag-deutsches","45":"product_tag-deutschland","46":"product_tag-deutschlands","47":"product_tag-draussen","48":"product_tag-foto","49":"product_tag-fotoabzug","50":"product_tag-fotoabzuege","51":"product_tag-fotografie","52":"product_tag-fotografien","53":"product_tag-fotografin","54":"product_tag-fotografinnen","55":"product_tag-frankfurt-m","56":"product_tag-frankfurt-main","57":"product_tag-frankfurt-a-main","58":"product_tag-frankfurt-a-m","59":"product_tag-frankfurt-am-main","60":"product_tag-frankfurter","61":"product_tag-fussgaengerin","62":"product_tag-fussgaengerinnen","63":"product_tag-gebaeude","64":"product_tag-gehsteig","65":"product_tag-gehsteige","66":"product_tag-gehweg","67":"product_tag-gehwege","68":"product_tag-gentrifizierung","69":"product_tag-geruest","70":"product_tag-gerueste","71":"product_tag-geruesten","72":"product_tag-geschichte","73":"product_tag-grossstadt","74":"product_tag-grossstaedte","75":"product_tag-haus","76":"product_tag-haeuser","77":"product_tag-haeusern","78":"product_tag-hauses","79":"product_tag-hessen","80":"product_tag-hessisch","81":"product_tag-hessische","82":"product_tag-hessischen","83":"product_tag-hessischer","84":"product_tag-hessisches","85":"product_tag-im-freien","86":"product_tag-immobilienwirtschaft","87":"product_tag-innenstadt","88":"product_tag-passantin","89":"product_tag-passantinnen","90":"product_tag-photo","91":"product_tag-photoabzug","92":"product_tag-photoabzuege","93":"product_tag-photographie","94":"product_tag-photographien","95":"product_tag-photographin","96":"product_tag-photographinnen","97":"product_tag-plane","98":"product_tag-print","99":"product_tag-s-w-fotografie","100":"product_tag-s-w-photographie","101":"product_tag-schwarzweissphotographie","102":"product_tag-schwarz-weiss-fotografie","103":"product_tag-schwarz-weiss-photographie","104":"product_tag-schwarzweiss","105":"product_tag-schwarzweisse","106":"product_tag-schwarzweissen","107":"product_tag-schwarzweisser","108":"product_tag-schwarzweisses","109":"product_tag-schwarzweissfotografie","110":"product_tag-sechziger","111":"product_tag-silbergelatine","112":"product_tag-silbergelatineabzug","113":"product_tag-silbergelatineabzuege","114":"product_tag-silbergelatineprint","115":"product_tag-spekulation","116":"product_tag-stadt","117":"product_tag-staedte","118":"product_tag-staedtebau","119":"product_tag-staedtebaulich","120":"product_tag-staedtebauliche","121":"product_tag-staedtebaulicher","122":"product_tag-stadtgeschichte","123":"product_tag-staedtisch","124":"product_tag-staedtische","125":"product_tag-staedtischen","126":"product_tag-staedtischer","127":"product_tag-staedtisches","128":"product_tag-stadtmitte","129":"product_tag-stadtsanierung","130":"product_tag-stadtteil","131":"product_tag-stadtteils","132":"product_tag-stadtviertel","133":"product_tag-stadtzentren","134":"product_tag-stadtzentrum","135":"product_tag-stadtzentrums","136":"product_tag-strassenleben","137":"product_tag-strassenszene","138":"product_tag-sw-fotografie","139":"product_tag-sw-photographie","140":"product_tag-trottoir","141":"product_tag-trottoirs","142":"product_tag-urban","143":"product_tag-urbane","144":"product_tag-urbanen","145":"product_tag-urbaner","146":"product_tag-urbanes","147":"product_tag-urbanistik","148":"product_tag-urbanitaet","149":"product_tag-veraenderung","150":"product_tag-veraenderungen","151":"product_tag-verwandlung","152":"product_tag-verwandlungen","153":"product_tag-von-aussen","154":"product_tag-wandel","155":"product_tag-wandels","156":"product_tag-westend","157":"product_tag-westends","158":"product_tag-wohngebaeude","159":"product_tag-wohnhaus","160":"product_tag-wohnhaeuser","161":"product_tag-zerstoeren","162":"product_tag-zerstoert","163":"product_tag-zerstoerte","164":"product_tag-zerstoerten","165":"product_tag-zerstoerter","166":"product_tag-zerstoertes","167":"product_tag-zerstoerung","168":"product_tag-zerstoerungen","169":"pa_datierung-februar-1967","170":"pa_fotograf-abisag-tuellmann","171":"pa_geografischer_bezug-aufnahmeort-frankfurt-am-main-westend-deutschland","172":"pa_grunddaten_material_technik-foto-silbergelatine-auf-barytpapier","173":"pa_inventarnummer-tue-w-67-021-32","174":"pa_jahr_von-53582","175":"pa_massangaben-bildformat-foto-304-x-398-cm","176":"pa_mediennummer-53579","177":"pa_objekt_typ-fotografie","179":"first","180":"instock","181":"product-type-simple"},"yoast_head":"<!-- This site is optimized with the Yoast SEO plugin v27.3 - https:\/\/yoast.com\/product\/yoast-seo-wordpress\/ -->\n<title>Abrisshaus hinter einer Bauplane im Frankfurter Westend - Abisag T\u00fcllmann<\/title>\n<meta name=\"robots\" content=\"index, follow, max-snippet:-1, max-image-preview:large, max-video-preview:-1\" \/>\n<link rel=\"canonical\" href=\"https:\/\/bpk-archive.de\/tuellmann\/produkt\/abrisshaus-hinter-einer-bauplane-im-frankfurter-westend\/\" \/>\n<meta property=\"og:locale\" content=\"de_DE\" \/>\n<meta property=\"og:type\" content=\"article\" \/>\n<meta property=\"og:title\" content=\"Abrisshaus hinter einer Bauplane im Frankfurter Westend - Abisag T\u00fcllmann\" \/>\n<meta property=\"og:description\" content=\"R\u00fcckseitenbeschriftung von Hand der Fotografin: &#8222;G\u00e4rtnerweg Ecke Reuterweg 1967 (heute B\u00fcrogeb\u00e4ude der Metallgesellschaft)&#8220;\" \/>\n<meta property=\"og:url\" content=\"https:\/\/bpk-archive.de\/tuellmann\/produkt\/abrisshaus-hinter-einer-bauplane-im-frankfurter-westend\/\" \/>\n<meta property=\"og:site_name\" content=\"Abisag T\u00fcllmann\" \/>\n<meta property=\"article:modified_time\" content=\"2019-09-05T13:06:59+00:00\" \/>\n<meta property=\"og:image\" content=\"https:\/\/bpk-archive.de\/tuellmann\/wp-content\/uploads\/2019\/08\/bpk_70298885.jpg\" \/>\n\t<meta property=\"og:image:width\" content=\"1200\" \/>\n\t<meta property=\"og:image:height\" content=\"923\" \/>\n\t<meta property=\"og:image:type\" content=\"image\/jpeg\" \/>\n<meta name=\"twitter:card\" content=\"summary_large_image\" \/>\n<script type=\"application\/ld+json\" class=\"yoast-schema-graph\">{\"@context\":\"https:\\\/\\\/schema.org\",\"@graph\":[{\"@type\":\"WebPage\",\"@id\":\"https:\\\/\\\/bpk-archive.de\\\/tuellmann\\\/produkt\\\/abrisshaus-hinter-einer-bauplane-im-frankfurter-westend\\\/\",\"url\":\"https:\\\/\\\/bpk-archive.de\\\/tuellmann\\\/produkt\\\/abrisshaus-hinter-einer-bauplane-im-frankfurter-westend\\\/\",\"name\":\"Abrisshaus hinter einer Bauplane im Frankfurter Westend - Abisag T\u00fcllmann\",\"isPartOf\":{\"@id\":\"https:\\\/\\\/bpk-archive.de\\\/tuellmann\\\/#website\"},\"primaryImageOfPage\":{\"@id\":\"https:\\\/\\\/bpk-archive.de\\\/tuellmann\\\/produkt\\\/abrisshaus-hinter-einer-bauplane-im-frankfurter-westend\\\/#primaryimage\"},\"image\":{\"@id\":\"https:\\\/\\\/bpk-archive.de\\\/tuellmann\\\/produkt\\\/abrisshaus-hinter-einer-bauplane-im-frankfurter-westend\\\/#primaryimage\"},\"thumbnailUrl\":\"https:\\\/\\\/bpk-archive.de\\\/tuellmann\\\/wp-content\\\/uploads\\\/2019\\\/08\\\/bpk_70298885.jpg\",\"datePublished\":\"2019-09-05T13:06:49+00:00\",\"dateModified\":\"2019-09-05T13:06:59+00:00\",\"breadcrumb\":{\"@id\":\"https:\\\/\\\/bpk-archive.de\\\/tuellmann\\\/produkt\\\/abrisshaus-hinter-einer-bauplane-im-frankfurter-westend\\\/#breadcrumb\"},\"inLanguage\":\"de\",\"potentialAction\":[{\"@type\":\"ReadAction\",\"target\":[\"https:\\\/\\\/bpk-archive.de\\\/tuellmann\\\/produkt\\\/abrisshaus-hinter-einer-bauplane-im-frankfurter-westend\\\/\"]}]},{\"@type\":\"ImageObject\",\"inLanguage\":\"de\",\"@id\":\"https:\\\/\\\/bpk-archive.de\\\/tuellmann\\\/produkt\\\/abrisshaus-hinter-einer-bauplane-im-frankfurter-westend\\\/#primaryimage\",\"url\":\"https:\\\/\\\/bpk-archive.de\\\/tuellmann\\\/wp-content\\\/uploads\\\/2019\\\/08\\\/bpk_70298885.jpg\",\"contentUrl\":\"https:\\\/\\\/bpk-archive.de\\\/tuellmann\\\/wp-content\\\/uploads\\\/2019\\\/08\\\/bpk_70298885.jpg\",\"width\":1200,\"height\":923,\"caption\":\"Abrisshaus hinter einer Bauplane im Frankfurter Westend\"},{\"@type\":\"BreadcrumbList\",\"@id\":\"https:\\\/\\\/bpk-archive.de\\\/tuellmann\\\/produkt\\\/abrisshaus-hinter-einer-bauplane-im-frankfurter-westend\\\/#breadcrumb\",\"itemListElement\":[{\"@type\":\"ListItem\",\"position\":1,\"name\":\"Startseite\",\"item\":\"https:\\\/\\\/bpk-archive.de\\\/tuellmann\\\/\"},{\"@type\":\"ListItem\",\"position\":2,\"name\":\"Shop\",\"item\":\"https:\\\/\\\/bpk-archive.de\\\/tuellmann\\\/shop\\\/\"},{\"@type\":\"ListItem\",\"position\":3,\"name\":\"Abrisshaus hinter einer Bauplane im Frankfurter Westend\"}]},{\"@type\":\"WebSite\",\"@id\":\"https:\\\/\\\/bpk-archive.de\\\/tuellmann\\\/#website\",\"url\":\"https:\\\/\\\/bpk-archive.de\\\/tuellmann\\\/\",\"name\":\"Abisag T\u00fcllmann\",\"description\":\"Eine weitere WordPress-Website\",\"potentialAction\":[{\"@type\":\"SearchAction\",\"target\":{\"@type\":\"EntryPoint\",\"urlTemplate\":\"https:\\\/\\\/bpk-archive.de\\\/tuellmann\\\/?s={search_term_string}\"},\"query-input\":{\"@type\":\"PropertyValueSpecification\",\"valueRequired\":true,\"valueName\":\"search_term_string\"}}],\"inLanguage\":\"de\"}]}<\/script>\n<!-- \/ Yoast SEO plugin. -->","yoast_head_json":{"title":"Abrisshaus hinter einer Bauplane im Frankfurter Westend - Abisag T\u00fcllmann","robots":{"index":"index","follow":"follow","max-snippet":"max-snippet:-1","max-image-preview":"max-image-preview:large","max-video-preview":"max-video-preview:-1"},"canonical":"https:\/\/bpk-archive.de\/tuellmann\/produkt\/abrisshaus-hinter-einer-bauplane-im-frankfurter-westend\/","og_locale":"de_DE","og_type":"article","og_title":"Abrisshaus hinter einer Bauplane im Frankfurter Westend - Abisag T\u00fcllmann","og_description":"R\u00fcckseitenbeschriftung von Hand der Fotografin: &#8222;G\u00e4rtnerweg Ecke Reuterweg 1967 (heute B\u00fcrogeb\u00e4ude der Metallgesellschaft)&#8220;","og_url":"https:\/\/bpk-archive.de\/tuellmann\/produkt\/abrisshaus-hinter-einer-bauplane-im-frankfurter-westend\/","og_site_name":"Abisag T\u00fcllmann","article_modified_time":"2019-09-05T13:06:59+00:00","og_image":[{"width":1200,"height":923,"url":"https:\/\/bpk-archive.de\/tuellmann\/wp-content\/uploads\/2019\/08\/bpk_70298885.jpg","type":"image\/jpeg"}],"twitter_card":"summary_large_image","schema":{"@context":"https:\/\/schema.org","@graph":[{"@type":"WebPage","@id":"https:\/\/bpk-archive.de\/tuellmann\/produkt\/abrisshaus-hinter-einer-bauplane-im-frankfurter-westend\/","url":"https:\/\/bpk-archive.de\/tuellmann\/produkt\/abrisshaus-hinter-einer-bauplane-im-frankfurter-westend\/","name":"Abrisshaus hinter einer Bauplane im Frankfurter Westend - Abisag T\u00fcllmann","isPartOf":{"@id":"https:\/\/bpk-archive.de\/tuellmann\/#website"},"primaryImageOfPage":{"@id":"https:\/\/bpk-archive.de\/tuellmann\/produkt\/abrisshaus-hinter-einer-bauplane-im-frankfurter-westend\/#primaryimage"},"image":{"@id":"https:\/\/bpk-archive.de\/tuellmann\/produkt\/abrisshaus-hinter-einer-bauplane-im-frankfurter-westend\/#primaryimage"},"thumbnailUrl":"https:\/\/bpk-archive.de\/tuellmann\/wp-content\/uploads\/2019\/08\/bpk_70298885.jpg","datePublished":"2019-09-05T13:06:49+00:00","dateModified":"2019-09-05T13:06:59+00:00","breadcrumb":{"@id":"https:\/\/bpk-archive.de\/tuellmann\/produkt\/abrisshaus-hinter-einer-bauplane-im-frankfurter-westend\/#breadcrumb"},"inLanguage":"de","potentialAction":[{"@type":"ReadAction","target":["https:\/\/bpk-archive.de\/tuellmann\/produkt\/abrisshaus-hinter-einer-bauplane-im-frankfurter-westend\/"]}]},{"@type":"ImageObject","inLanguage":"de","@id":"https:\/\/bpk-archive.de\/tuellmann\/produkt\/abrisshaus-hinter-einer-bauplane-im-frankfurter-westend\/#primaryimage","url":"https:\/\/bpk-archive.de\/tuellmann\/wp-content\/uploads\/2019\/08\/bpk_70298885.jpg","contentUrl":"https:\/\/bpk-archive.de\/tuellmann\/wp-content\/uploads\/2019\/08\/bpk_70298885.jpg","width":1200,"height":923,"caption":"Abrisshaus hinter einer Bauplane im Frankfurter Westend"},{"@type":"BreadcrumbList","@id":"https:\/\/bpk-archive.de\/tuellmann\/produkt\/abrisshaus-hinter-einer-bauplane-im-frankfurter-westend\/#breadcrumb","itemListElement":[{"@type":"ListItem","position":1,"name":"Startseite","item":"https:\/\/bpk-archive.de\/tuellmann\/"},{"@type":"ListItem","position":2,"name":"Shop","item":"https:\/\/bpk-archive.de\/tuellmann\/shop\/"},{"@type":"ListItem","position":3,"name":"Abrisshaus hinter einer Bauplane im Frankfurter Westend"}]},{"@type":"WebSite","@id":"https:\/\/bpk-archive.de\/tuellmann\/#website","url":"https:\/\/bpk-archive.de\/tuellmann\/","name":"Abisag T\u00fcllmann","description":"Eine weitere WordPress-Website","potentialAction":[{"@type":"SearchAction","target":{"@type":"EntryPoint","urlTemplate":"https:\/\/bpk-archive.de\/tuellmann\/?s={search_term_string}"},"query-input":{"@type":"PropertyValueSpecification","valueRequired":true,"valueName":"search_term_string"}}],"inLanguage":"de"}]}},"_links":{"self":[{"href":"https:\/\/bpk-archive.de\/tuellmann\/wp-json\/wp\/v2\/product\/70295397","targetHints":{"allow":["GET"]}}],"collection":[{"href":"https:\/\/bpk-archive.de\/tuellmann\/wp-json\/wp\/v2\/product"}],"about":[{"href":"https:\/\/bpk-archive.de\/tuellmann\/wp-json\/wp\/v2\/types\/product"}],"wp:featuredmedia":[{"embeddable":true,"href":"https:\/\/bpk-archive.de\/tuellmann\/wp-json\/wp\/v2\/media\/70293269"}],"wp:attachment":[{"href":"https:\/\/bpk-archive.de\/tuellmann\/wp-json\/wp\/v2\/media?parent=70295397"}],"wp:term":[{"taxonomy":"product_brand","embeddable":true,"href":"https:\/\/bpk-archive.de\/tuellmann\/wp-json\/wp\/v2\/product_brand?post=70295397"},{"taxonomy":"product_cat","embeddable":true,"href":"https:\/\/bpk-archive.de\/tuellmann\/wp-json\/wp\/v2\/product_cat?post=70295397"},{"taxonomy":"product_tag","embeddable":true,"href":"https:\/\/bpk-archive.de\/tuellmann\/wp-json\/wp\/v2\/product_tag?post=70295397"}],"curies":[{"name":"wp","href":"https:\/\/api.w.org\/{rel}","templated":true}]}}