{"id":70295396,"date":"2019-09-05T15:06:49","date_gmt":"2019-09-05T13:06:49","guid":{"rendered":"http:\/\/abisagtuellmann.bpk-news.de\/atbild\/schwarzfahnendemonstration-des-westendvereins-gegen-immobilienspekulation-und-haeuserabbruch-im-westend-2\/"},"modified":"2019-09-05T15:06:58","modified_gmt":"2019-09-05T13:06:58","slug":"schwarzfahnendemonstration-des-westendvereins-gegen-immobilienspekulation-und-haeuserabbruch-im-westend-2","status":"publish","type":"product","link":"https:\/\/bpk-archive.de\/tuellmann\/produkt\/schwarzfahnendemonstration-des-westendvereins-gegen-immobilienspekulation-und-haeuserabbruch-im-westend-2\/","title":{"rendered":"&#8222;Schwarzfahnendemonstration&#8220; des Westendvereins gegen Immobilienspekulation und H\u00e4userabbruch im Westend"},"content":{"rendered":"<p>R\u00fcckseitenbeschriftung von anderer Hand: &#8222;1. Demonstration der AG Westend, August 1970&#8220;<\/p>\n","protected":false},"excerpt":{"rendered":"<p>R\u00fcckseitenbeschriftung von anderer Hand: &#8222;1. Demonstration der AG Westend, August 1970&#8220;<\/p>\n","protected":false},"featured_media":70293263,"template":"","meta":[],"product_brand":[],"product_cat":[],"product_tag":[13230,13232,13234,13231,13233,13235,53520,13777,47418,47419,47420,47421,47422,47423,47424,53521,13250,53522,14177,13469,13470,48968,53560,53561,48969,53562,51751,13607,13608,13609,50915,50916,13610,13611,13612,13613,13614,13615,13616,13617,13618,13619,13620,13621,13622,13623,13624,13253,13254,13255,13256,13257,13471,13472,13260,51101,51102,51108,51109,13293,13786,13787,13294,13295,13296,13297,13485,13486,13482,13481,13483,13484,13487,13488,47735,47736,53523,14066,47887,47888,47383,47384,53564,47385,47386,13492,13493,13494,13495,13496,13497,13301,53565,53566,53525,51234,13626,13627,13312,13313,13314,13315,13316,13317,13319,13320,47447,47448,13321,13322,13323,13328,13827,13828,13329,13330,13331,13332,13843,13641,13642,13643,13644,13645,13646,13647,13648,13649,13650,13651,13652,13653,13877,13879,50631,13865,13864,13866,13351,50632,13352,13353,50633,13858,13859,13860,13861,13862,13863,13354,13869,13870,13871,13872,53570,53571,53528,47406,47407,53529,53530,53531,53532,53533,53534,53535,53536,53537,53538,51772,48679,48680,48681,51243,51244,51245,47564,13878,13880,53539,53540,53541,53542,53543,53544,53545,53546,53547,53572,53573,53574,53548,53549,53550,53551,53552,53553],"class_list":{"0":"post-70295396","1":"product","2":"type-product","3":"status-publish","4":"has-post-thumbnail","6":"product_tag-1970er-jahre","7":"product_tag-20-jahrhundert-nach-chr","8":"product_tag-20-jh-n-chr","9":"product_tag-20-jahrhundert","10":"product_tag-20-jh","11":"product_tag-70er","12":"product_tag-abt_023","13":"product_tag-abzug","14":"product_tag-alt","15":"product_tag-alte","16":"product_tag-alten","17":"product_tag-alter","18":"product_tag-aeltere","19":"product_tag-aelterer","20":"product_tag-altes","21":"product_tag-at_westend","22":"product_tag-aussen","23":"product_tag-bauspekulation","24":"product_tag-blickkontakt","25":"product_tag-brd","26":"product_tag-bundesrepublik-deutschland","27":"product_tag-buerger","28":"product_tag-buergerinitiative","29":"product_tag-buergerprotest","30":"product_tag-buergers","31":"product_tag-buergerverein","32":"product_tag-city","33":"product_tag-demo","34":"product_tag-demonstrant","35":"product_tag-demonstranten","36":"product_tag-demonstrantin","37":"product_tag-demonstrantinnen","38":"product_tag-demonstration","39":"product_tag-demonstrationen","40":"product_tag-demonstrationsplakat","41":"product_tag-demonstrationsschild","42":"product_tag-demonstrationszug","43":"product_tag-demonstrieren","44":"product_tag-demonstrierend","45":"product_tag-demonstrierende","46":"product_tag-demonstrierenden","47":"product_tag-demonstrierender","48":"product_tag-demonstrierendes","49":"product_tag-demonstriert","50":"product_tag-demoplakat","51":"product_tag-demos","52":"product_tag-demoschild","53":"product_tag-deutsch","54":"product_tag-deutsche","55":"product_tag-deutschen","56":"product_tag-deutscher","57":"product_tag-deutsches","58":"product_tag-deutschland","59":"product_tag-deutschlands","60":"product_tag-draussen","61":"product_tag-fahne","62":"product_tag-fahnen","63":"product_tag-flagge","64":"product_tag-flaggen","65":"product_tag-foto","66":"product_tag-fotoabzug","67":"product_tag-fotoabzuege","68":"product_tag-fotografie","69":"product_tag-fotografien","70":"product_tag-fotografin","71":"product_tag-fotografinnen","72":"product_tag-frankfurt-m","73":"product_tag-frankfurt-main","74":"product_tag-frankfurt-a-main","75":"product_tag-frankfurt-a-m","76":"product_tag-frankfurt-am-main","77":"product_tag-frankfurter","78":"product_tag-frau","79":"product_tag-frauen","80":"product_tag-frauengruppe","81":"product_tag-frauengruppen","82":"product_tag-gentrifizierung","83":"product_tag-geschichte","84":"product_tag-grossstadt","85":"product_tag-grossstaedte","86":"product_tag-haus","87":"product_tag-haeuser","88":"product_tag-haeuserkampf","89":"product_tag-haeusern","90":"product_tag-hauses","91":"product_tag-hessen","92":"product_tag-hessisch","93":"product_tag-hessische","94":"product_tag-hessischen","95":"product_tag-hessischer","96":"product_tag-hessisches","97":"product_tag-im-freien","98":"product_tag-immobilie","99":"product_tag-immobilien","100":"product_tag-immobilienwirtschaft","101":"product_tag-innenstadt","102":"product_tag-kundgebung","103":"product_tag-kundgebungen","104":"product_tag-marschieren","105":"product_tag-marschierend","106":"product_tag-marschierende","107":"product_tag-marschierenden","108":"product_tag-marschierender","109":"product_tag-marschierendes","110":"product_tag-menschenansammlung","111":"product_tag-menschenauflauf","112":"product_tag-menschengruppe","113":"product_tag-menschengruppen","114":"product_tag-menschenmassen","115":"product_tag-menschenmenge","116":"product_tag-menschenschar","117":"product_tag-photo","118":"product_tag-photoabzug","119":"product_tag-photoabzuege","120":"product_tag-photographie","121":"product_tag-photographien","122":"product_tag-photographin","123":"product_tag-photographinnen","124":"product_tag-print","125":"product_tag-protest","126":"product_tag-proteste","127":"product_tag-protestieren","128":"product_tag-protestierend","129":"product_tag-protestierende","130":"product_tag-protestierenden","131":"product_tag-protestierender","132":"product_tag-protestierendes","133":"product_tag-protestiert","134":"product_tag-protestmarsch","135":"product_tag-protestmarsches","136":"product_tag-protestmarschs","137":"product_tag-protestschild","138":"product_tag-s-w-fotografie","139":"product_tag-s-w-photographie","140":"product_tag-schwarz","141":"product_tag-schwarzweissphotographie","142":"product_tag-schwarz-weiss-fotografie","143":"product_tag-schwarz-weiss-photographie","144":"product_tag-schwarze","145":"product_tag-schwarzem","146":"product_tag-schwarzen","147":"product_tag-schwarzer","148":"product_tag-schwarzes","149":"product_tag-schwarzweiss","150":"product_tag-schwarzweisse","151":"product_tag-schwarzweissen","152":"product_tag-schwarzweisser","153":"product_tag-schwarzweisses","154":"product_tag-schwarzweissfotografie","155":"product_tag-siebziger","156":"product_tag-silbergelatine","157":"product_tag-silbergelatineabzug","158":"product_tag-silbergelatineabzuege","159":"product_tag-silbergelatineprint","160":"product_tag-skandal","161":"product_tag-skandale","162":"product_tag-spekulation","163":"product_tag-stadt","164":"product_tag-staedte","165":"product_tag-staedtebau","166":"product_tag-staedtebaulich","167":"product_tag-staedtebauliche","168":"product_tag-staedtebaulicher","169":"product_tag-stadtgeschichte","170":"product_tag-staedtisch","171":"product_tag-staedtische","172":"product_tag-staedtischen","173":"product_tag-staedtischer","174":"product_tag-staedtisches","175":"product_tag-stadtmitte","176":"product_tag-stadtteil","177":"product_tag-stadtteils","178":"product_tag-stadtviertel","179":"product_tag-stadtzentren","180":"product_tag-stadtzentrum","181":"product_tag-stadtzentrums","182":"product_tag-strassenrand","183":"product_tag-sw-fotografie","184":"product_tag-sw-photographie","185":"product_tag-urban","186":"product_tag-urbane","187":"product_tag-urbanen","188":"product_tag-urbaner","189":"product_tag-urbanes","190":"product_tag-urbanistik","191":"product_tag-urbanitaet","192":"product_tag-veraenderung","193":"product_tag-veraenderungen","194":"product_tag-verein","195":"product_tag-vereine","196":"product_tag-vereins","197":"product_tag-verwandlung","198":"product_tag-verwandlungen","199":"product_tag-wandel","200":"product_tag-wandels","201":"product_tag-westend","202":"product_tag-westends","203":"pa_datierung-august-1970","204":"pa_fotograf-abisag-tuellmann","205":"pa_geografischer_bezug-aufnahmeort-frankfurt-am-main-westend-deutschland","206":"pa_grunddaten_material_technik-foto-silbergelatine-auf-barytpapier","207":"pa_inventarnummer-tue-70-251-31a","208":"pa_jahr_von-53324","209":"pa_massangaben-bildformat-foto-303-x-398-cm","210":"pa_mediennummer-53576","211":"pa_objekt_typ-fotografie","213":"first","214":"instock","215":"product-type-simple"},"yoast_head":"<!-- This site is optimized with the Yoast SEO plugin v27.4 - https:\/\/yoast.com\/product\/yoast-seo-wordpress\/ -->\n<title>&quot;Schwarzfahnendemonstration&quot; des Westendvereins gegen Immobilienspekulation und H\u00e4userabbruch im Westend - Abisag T\u00fcllmann<\/title>\n<meta name=\"robots\" content=\"index, follow, max-snippet:-1, max-image-preview:large, max-video-preview:-1\" \/>\n<link rel=\"canonical\" href=\"https:\/\/bpk-archive.de\/tuellmann\/produkt\/schwarzfahnendemonstration-des-westendvereins-gegen-immobilienspekulation-und-haeuserabbruch-im-westend-2\/\" \/>\n<meta property=\"og:locale\" content=\"de_DE\" \/>\n<meta property=\"og:type\" content=\"article\" \/>\n<meta property=\"og:title\" content=\"&quot;Schwarzfahnendemonstration&quot; des Westendvereins gegen Immobilienspekulation und H\u00e4userabbruch im Westend - Abisag T\u00fcllmann\" \/>\n<meta property=\"og:description\" content=\"R\u00fcckseitenbeschriftung von anderer Hand: &#8222;1. Demonstration der AG Westend, August 1970&#8220;\" \/>\n<meta property=\"og:url\" content=\"https:\/\/bpk-archive.de\/tuellmann\/produkt\/schwarzfahnendemonstration-des-westendvereins-gegen-immobilienspekulation-und-haeuserabbruch-im-westend-2\/\" \/>\n<meta property=\"og:site_name\" content=\"Abisag T\u00fcllmann\" \/>\n<meta property=\"article:modified_time\" content=\"2019-09-05T13:06:58+00:00\" \/>\n<meta property=\"og:image\" content=\"https:\/\/bpk-archive.de\/tuellmann\/wp-content\/uploads\/2019\/08\/bpk_70298882.jpg\" \/>\n\t<meta property=\"og:image:width\" content=\"1200\" \/>\n\t<meta property=\"og:image:height\" content=\"922\" \/>\n\t<meta property=\"og:image:type\" content=\"image\/jpeg\" \/>\n<meta name=\"twitter:card\" content=\"summary_large_image\" \/>\n<script type=\"application\/ld+json\" class=\"yoast-schema-graph\">{\"@context\":\"https:\\\/\\\/schema.org\",\"@graph\":[{\"@type\":\"WebPage\",\"@id\":\"https:\\\/\\\/bpk-archive.de\\\/tuellmann\\\/produkt\\\/schwarzfahnendemonstration-des-westendvereins-gegen-immobilienspekulation-und-haeuserabbruch-im-westend-2\\\/\",\"url\":\"https:\\\/\\\/bpk-archive.de\\\/tuellmann\\\/produkt\\\/schwarzfahnendemonstration-des-westendvereins-gegen-immobilienspekulation-und-haeuserabbruch-im-westend-2\\\/\",\"name\":\"\\\"Schwarzfahnendemonstration\\\" des Westendvereins gegen Immobilienspekulation und H\u00e4userabbruch im Westend - Abisag T\u00fcllmann\",\"isPartOf\":{\"@id\":\"https:\\\/\\\/bpk-archive.de\\\/tuellmann\\\/#website\"},\"primaryImageOfPage\":{\"@id\":\"https:\\\/\\\/bpk-archive.de\\\/tuellmann\\\/produkt\\\/schwarzfahnendemonstration-des-westendvereins-gegen-immobilienspekulation-und-haeuserabbruch-im-westend-2\\\/#primaryimage\"},\"image\":{\"@id\":\"https:\\\/\\\/bpk-archive.de\\\/tuellmann\\\/produkt\\\/schwarzfahnendemonstration-des-westendvereins-gegen-immobilienspekulation-und-haeuserabbruch-im-westend-2\\\/#primaryimage\"},\"thumbnailUrl\":\"https:\\\/\\\/bpk-archive.de\\\/tuellmann\\\/wp-content\\\/uploads\\\/2019\\\/08\\\/bpk_70298882.jpg\",\"datePublished\":\"2019-09-05T13:06:49+00:00\",\"dateModified\":\"2019-09-05T13:06:58+00:00\",\"breadcrumb\":{\"@id\":\"https:\\\/\\\/bpk-archive.de\\\/tuellmann\\\/produkt\\\/schwarzfahnendemonstration-des-westendvereins-gegen-immobilienspekulation-und-haeuserabbruch-im-westend-2\\\/#breadcrumb\"},\"inLanguage\":\"de\",\"potentialAction\":[{\"@type\":\"ReadAction\",\"target\":[\"https:\\\/\\\/bpk-archive.de\\\/tuellmann\\\/produkt\\\/schwarzfahnendemonstration-des-westendvereins-gegen-immobilienspekulation-und-haeuserabbruch-im-westend-2\\\/\"]}]},{\"@type\":\"ImageObject\",\"inLanguage\":\"de\",\"@id\":\"https:\\\/\\\/bpk-archive.de\\\/tuellmann\\\/produkt\\\/schwarzfahnendemonstration-des-westendvereins-gegen-immobilienspekulation-und-haeuserabbruch-im-westend-2\\\/#primaryimage\",\"url\":\"https:\\\/\\\/bpk-archive.de\\\/tuellmann\\\/wp-content\\\/uploads\\\/2019\\\/08\\\/bpk_70298882.jpg\",\"contentUrl\":\"https:\\\/\\\/bpk-archive.de\\\/tuellmann\\\/wp-content\\\/uploads\\\/2019\\\/08\\\/bpk_70298882.jpg\",\"width\":1200,\"height\":922,\"caption\":\"\\\"Schwarzfahnendemonstration\\\" des Westendvereins gegen Immobilienspekulation und H\u00e4userabbruch im Westend\"},{\"@type\":\"BreadcrumbList\",\"@id\":\"https:\\\/\\\/bpk-archive.de\\\/tuellmann\\\/produkt\\\/schwarzfahnendemonstration-des-westendvereins-gegen-immobilienspekulation-und-haeuserabbruch-im-westend-2\\\/#breadcrumb\",\"itemListElement\":[{\"@type\":\"ListItem\",\"position\":1,\"name\":\"Startseite\",\"item\":\"https:\\\/\\\/bpk-archive.de\\\/tuellmann\\\/\"},{\"@type\":\"ListItem\",\"position\":2,\"name\":\"Shop\",\"item\":\"https:\\\/\\\/bpk-archive.de\\\/tuellmann\\\/shop\\\/\"},{\"@type\":\"ListItem\",\"position\":3,\"name\":\"&#8220;Schwarzfahnendemonstration&#8221; des Westendvereins gegen Immobilienspekulation und H\u00e4userabbruch im Westend\"}]},{\"@type\":\"WebSite\",\"@id\":\"https:\\\/\\\/bpk-archive.de\\\/tuellmann\\\/#website\",\"url\":\"https:\\\/\\\/bpk-archive.de\\\/tuellmann\\\/\",\"name\":\"Abisag T\u00fcllmann\",\"description\":\"Eine weitere WordPress-Website\",\"potentialAction\":[{\"@type\":\"SearchAction\",\"target\":{\"@type\":\"EntryPoint\",\"urlTemplate\":\"https:\\\/\\\/bpk-archive.de\\\/tuellmann\\\/?s={search_term_string}\"},\"query-input\":{\"@type\":\"PropertyValueSpecification\",\"valueRequired\":true,\"valueName\":\"search_term_string\"}}],\"inLanguage\":\"de\"}]}<\/script>\n<!-- \/ Yoast SEO plugin. -->","yoast_head_json":{"title":"\"Schwarzfahnendemonstration\" des Westendvereins gegen Immobilienspekulation und H\u00e4userabbruch im Westend - Abisag T\u00fcllmann","robots":{"index":"index","follow":"follow","max-snippet":"max-snippet:-1","max-image-preview":"max-image-preview:large","max-video-preview":"max-video-preview:-1"},"canonical":"https:\/\/bpk-archive.de\/tuellmann\/produkt\/schwarzfahnendemonstration-des-westendvereins-gegen-immobilienspekulation-und-haeuserabbruch-im-westend-2\/","og_locale":"de_DE","og_type":"article","og_title":"\"Schwarzfahnendemonstration\" des Westendvereins gegen Immobilienspekulation und H\u00e4userabbruch im Westend - Abisag T\u00fcllmann","og_description":"R\u00fcckseitenbeschriftung von anderer Hand: &#8222;1. Demonstration der AG Westend, August 1970&#8220;","og_url":"https:\/\/bpk-archive.de\/tuellmann\/produkt\/schwarzfahnendemonstration-des-westendvereins-gegen-immobilienspekulation-und-haeuserabbruch-im-westend-2\/","og_site_name":"Abisag T\u00fcllmann","article_modified_time":"2019-09-05T13:06:58+00:00","og_image":[{"width":1200,"height":922,"url":"https:\/\/bpk-archive.de\/tuellmann\/wp-content\/uploads\/2019\/08\/bpk_70298882.jpg","type":"image\/jpeg"}],"twitter_card":"summary_large_image","schema":{"@context":"https:\/\/schema.org","@graph":[{"@type":"WebPage","@id":"https:\/\/bpk-archive.de\/tuellmann\/produkt\/schwarzfahnendemonstration-des-westendvereins-gegen-immobilienspekulation-und-haeuserabbruch-im-westend-2\/","url":"https:\/\/bpk-archive.de\/tuellmann\/produkt\/schwarzfahnendemonstration-des-westendvereins-gegen-immobilienspekulation-und-haeuserabbruch-im-westend-2\/","name":"\"Schwarzfahnendemonstration\" des Westendvereins gegen Immobilienspekulation und H\u00e4userabbruch im Westend - Abisag T\u00fcllmann","isPartOf":{"@id":"https:\/\/bpk-archive.de\/tuellmann\/#website"},"primaryImageOfPage":{"@id":"https:\/\/bpk-archive.de\/tuellmann\/produkt\/schwarzfahnendemonstration-des-westendvereins-gegen-immobilienspekulation-und-haeuserabbruch-im-westend-2\/#primaryimage"},"image":{"@id":"https:\/\/bpk-archive.de\/tuellmann\/produkt\/schwarzfahnendemonstration-des-westendvereins-gegen-immobilienspekulation-und-haeuserabbruch-im-westend-2\/#primaryimage"},"thumbnailUrl":"https:\/\/bpk-archive.de\/tuellmann\/wp-content\/uploads\/2019\/08\/bpk_70298882.jpg","datePublished":"2019-09-05T13:06:49+00:00","dateModified":"2019-09-05T13:06:58+00:00","breadcrumb":{"@id":"https:\/\/bpk-archive.de\/tuellmann\/produkt\/schwarzfahnendemonstration-des-westendvereins-gegen-immobilienspekulation-und-haeuserabbruch-im-westend-2\/#breadcrumb"},"inLanguage":"de","potentialAction":[{"@type":"ReadAction","target":["https:\/\/bpk-archive.de\/tuellmann\/produkt\/schwarzfahnendemonstration-des-westendvereins-gegen-immobilienspekulation-und-haeuserabbruch-im-westend-2\/"]}]},{"@type":"ImageObject","inLanguage":"de","@id":"https:\/\/bpk-archive.de\/tuellmann\/produkt\/schwarzfahnendemonstration-des-westendvereins-gegen-immobilienspekulation-und-haeuserabbruch-im-westend-2\/#primaryimage","url":"https:\/\/bpk-archive.de\/tuellmann\/wp-content\/uploads\/2019\/08\/bpk_70298882.jpg","contentUrl":"https:\/\/bpk-archive.de\/tuellmann\/wp-content\/uploads\/2019\/08\/bpk_70298882.jpg","width":1200,"height":922,"caption":"\"Schwarzfahnendemonstration\" des Westendvereins gegen Immobilienspekulation und H\u00e4userabbruch im Westend"},{"@type":"BreadcrumbList","@id":"https:\/\/bpk-archive.de\/tuellmann\/produkt\/schwarzfahnendemonstration-des-westendvereins-gegen-immobilienspekulation-und-haeuserabbruch-im-westend-2\/#breadcrumb","itemListElement":[{"@type":"ListItem","position":1,"name":"Startseite","item":"https:\/\/bpk-archive.de\/tuellmann\/"},{"@type":"ListItem","position":2,"name":"Shop","item":"https:\/\/bpk-archive.de\/tuellmann\/shop\/"},{"@type":"ListItem","position":3,"name":"&#8220;Schwarzfahnendemonstration&#8221; des Westendvereins gegen Immobilienspekulation und H\u00e4userabbruch im Westend"}]},{"@type":"WebSite","@id":"https:\/\/bpk-archive.de\/tuellmann\/#website","url":"https:\/\/bpk-archive.de\/tuellmann\/","name":"Abisag T\u00fcllmann","description":"Eine weitere WordPress-Website","potentialAction":[{"@type":"SearchAction","target":{"@type":"EntryPoint","urlTemplate":"https:\/\/bpk-archive.de\/tuellmann\/?s={search_term_string}"},"query-input":{"@type":"PropertyValueSpecification","valueRequired":true,"valueName":"search_term_string"}}],"inLanguage":"de"}]}},"_links":{"self":[{"href":"https:\/\/bpk-archive.de\/tuellmann\/wp-json\/wp\/v2\/product\/70295396","targetHints":{"allow":["GET"]}}],"collection":[{"href":"https:\/\/bpk-archive.de\/tuellmann\/wp-json\/wp\/v2\/product"}],"about":[{"href":"https:\/\/bpk-archive.de\/tuellmann\/wp-json\/wp\/v2\/types\/product"}],"wp:featuredmedia":[{"embeddable":true,"href":"https:\/\/bpk-archive.de\/tuellmann\/wp-json\/wp\/v2\/media\/70293263"}],"wp:attachment":[{"href":"https:\/\/bpk-archive.de\/tuellmann\/wp-json\/wp\/v2\/media?parent=70295396"}],"wp:term":[{"taxonomy":"product_brand","embeddable":true,"href":"https:\/\/bpk-archive.de\/tuellmann\/wp-json\/wp\/v2\/product_brand?post=70295396"},{"taxonomy":"product_cat","embeddable":true,"href":"https:\/\/bpk-archive.de\/tuellmann\/wp-json\/wp\/v2\/product_cat?post=70295396"},{"taxonomy":"product_tag","embeddable":true,"href":"https:\/\/bpk-archive.de\/tuellmann\/wp-json\/wp\/v2\/product_tag?post=70295396"}],"curies":[{"name":"wp","href":"https:\/\/api.w.org\/{rel}","templated":true}]}}