{"id":70295392,"date":"2019-09-05T15:06:49","date_gmt":"2019-09-05T13:06:49","guid":{"rendered":"http:\/\/abisagtuellmann.bpk-news.de\/atbild\/tuerkische-familie-in-ihrer-wohnung-in-der-freiherr-von-stein-strasse-2\/"},"modified":"2019-09-05T15:06:53","modified_gmt":"2019-09-05T13:06:53","slug":"tuerkische-familie-in-ihrer-wohnung-in-der-freiherr-von-stein-strasse-2","status":"publish","type":"product","link":"https:\/\/bpk-archive.de\/tuellmann\/produkt\/tuerkische-familie-in-ihrer-wohnung-in-der-freiherr-von-stein-strasse-2\/","title":{"rendered":"T\u00fcrkische Familie in ihrer Wohnung in der Freiherr von Stein Stra\u00dfe"},"content":{"rendered":"<p>R\u00fcckseite siehe: 70298290<\/p>\n","protected":false},"excerpt":{"rendered":"<p>R\u00fcckseite siehe: 70298290<\/p>\n","protected":false},"featured_media":70293238,"template":"","meta":[],"product_brand":[],"product_cat":[],"product_tag":[13774,13232,13234,13231,13233,13775,48094,13777,47456,47457,47458,47459,47460,47461,47462,13604,13605,53193,53194,14316,53195,53196,53197,47720,47721,47722,47723,47573,47574,47876,47877,47878,47879,13784,13785,13469,13470,13253,13254,13255,13256,13257,13471,13472,13473,47727,47728,47729,47730,47731,47734,47425,47426,48849,48850,48851,48852,48853,48854,48855,48856,48857,48858,50726,13293,13786,13787,13294,13295,13296,13297,47267,13485,13486,13482,13481,13483,13484,13487,13488,53202,53203,53204,53206,53209,53210,47268,14327,13492,13493,13494,13495,13496,13497,47744,47745,47746,13498,49581,14205,14206,14207,14213,14218,14219,48548,48549,48550,47760,47761,51037,51038,49540,49541,13818,13819,13826,49816,47786,47787,49544,47394,48451,48452,13328,13827,13828,13329,13330,13331,13332,47332,13829,13830,13831,13832,13833,13834,13835,13836,13837,13838,13839,13840,13841,13842,13843,51055,51056,47333,47334,47335,47336,47337,13877,13879,53495,53496,13848,13849,13850,13851,13852,13853,13854,13855,13856,13857,13865,13864,13866,13858,13859,13860,13861,13862,13863,13867,13869,13870,13871,13872,14243,14244,14245,14246,14247,14248,14249,47659,47660,47661,47662,13519,13520,13521,13522,13523,13524,13878,13880,47410,47411,53270,53271,53272,53273,53274,53275,53276,53277,53497,53498,53499,53500,53501,53502,53503,53504,53505,47669,47670,13525,51057,51058,51059,51060,49566,49567,49461,49462,48805,48804,47792],"class_list":{"0":"post-70295392","1":"product","2":"type-product","3":"status-publish","4":"has-post-thumbnail","6":"product_tag-1960er-jahre","7":"product_tag-20-jahrhundert-nach-chr","8":"product_tag-20-jh-n-chr","9":"product_tag-20-jahrhundert","10":"product_tag-20-jh","11":"product_tag-60er","12":"product_tag-abt_026","13":"product_tag-abzug","14":"product_tag-arbeit","15":"product_tag-arbeiten","16":"product_tag-arbeitend","17":"product_tag-arbeitende","18":"product_tag-arbeitenden","19":"product_tag-arbeitender","20":"product_tag-arbeitendes","21":"product_tag-arbeiter","22":"product_tag-arbeitern","23":"product_tag-arbeitsmigrant","24":"product_tag-arbeitsmigranten","25":"product_tag-armut","26":"product_tag-at_migranten","27":"product_tag-ausland","28":"product_tag-auslaender","29":"product_tag-auswanderer","30":"product_tag-auswanderern","31":"product_tag-auswandern","32":"product_tag-auswanderung","33":"product_tag-begruessen","34":"product_tag-begruessung","35":"product_tag-beruf","36":"product_tag-berufe","37":"product_tag-berufes","38":"product_tag-berufs","39":"product_tag-bildnis","40":"product_tag-bildnisse","41":"product_tag-brd","42":"product_tag-bundesrepublik-deutschland","43":"product_tag-deutsch","44":"product_tag-deutsche","45":"product_tag-deutschen","46":"product_tag-deutscher","47":"product_tag-deutsches","48":"product_tag-deutschland","49":"product_tag-deutschlands","50":"product_tag-drinnen","51":"product_tag-einwanderer","52":"product_tag-einwandern","53":"product_tag-einwanderung","54":"product_tag-emigrant","55":"product_tag-emigranten","56":"product_tag-emigration","57":"product_tag-familie","58":"product_tag-familien","59":"product_tag-familienbild","60":"product_tag-familienbilder","61":"product_tag-familienbildes","62":"product_tag-familienbildnis","63":"product_tag-familienbildnisse","64":"product_tag-familienbilds","65":"product_tag-familienportrait","66":"product_tag-familienportraits","67":"product_tag-familienportraet","68":"product_tag-familienportraets","69":"product_tag-familienvater","70":"product_tag-foto","71":"product_tag-fotoabzug","72":"product_tag-fotoabzuege","73":"product_tag-fotografie","74":"product_tag-fotografien","75":"product_tag-fotografin","76":"product_tag-fotografinnen","77":"product_tag-fotoreportage","78":"product_tag-frankfurt-m","79":"product_tag-frankfurt-main","80":"product_tag-frankfurt-a-main","81":"product_tag-frankfurt-a-m","82":"product_tag-frankfurt-am-main","83":"product_tag-frankfurter","84":"product_tag-frau","85":"product_tag-frauen","86":"product_tag-fremdarbeiter","87":"product_tag-fremdarbeitern","88":"product_tag-fremdarbeiters","89":"product_tag-gastarbeiter","90":"product_tag-gastarbeitern","91":"product_tag-gastarbeiters","92":"product_tag-geschwister","93":"product_tag-gesellschaft","94":"product_tag-hessen","95":"product_tag-hessisch","96":"product_tag-hessische","97":"product_tag-hessischen","98":"product_tag-hessischer","99":"product_tag-hessisches","100":"product_tag-immigrant","101":"product_tag-immigranten","102":"product_tag-immigration","103":"product_tag-innen","104":"product_tag-integration","105":"product_tag-kind","106":"product_tag-kinde","107":"product_tag-kinder","108":"product_tag-kindern","109":"product_tag-kindes","110":"product_tag-kindheit","111":"product_tag-kleinkind","112":"product_tag-kleinkinder","113":"product_tag-kleinkindern","114":"product_tag-kopftuch","115":"product_tag-kopftuecher","116":"product_tag-kueche","117":"product_tag-kuechen","118":"product_tag-lebensbedingung","119":"product_tag-lebensbedingungen","120":"product_tag-mann","121":"product_tag-maenner","122":"product_tag-mannes","123":"product_tag-migrant","124":"product_tag-migranten","125":"product_tag-migration","126":"product_tag-minderheit","127":"product_tag-mutter","128":"product_tag-pendant","129":"product_tag-pendants","130":"product_tag-photo","131":"product_tag-photoabzug","132":"product_tag-photoabzuege","133":"product_tag-photographie","134":"product_tag-photographien","135":"product_tag-photographin","136":"product_tag-photographinnen","137":"product_tag-photoreportage","138":"product_tag-portrait","139":"product_tag-portraitaufnahme","140":"product_tag-portraitfoto","141":"product_tag-portraitfotografie","142":"product_tag-portraitphoto","143":"product_tag-portraitphotographie","144":"product_tag-portraits","145":"product_tag-portraet","146":"product_tag-portraetaufnahme","147":"product_tag-portraetfoto","148":"product_tag-portraetfotografie","149":"product_tag-portraetphoto","150":"product_tag-portraetphotographie","151":"product_tag-portraets","152":"product_tag-print","153":"product_tag-r","154":"product_tag-recto","155":"product_tag-reportage","156":"product_tag-reportagefoto","157":"product_tag-reportagefotografie","158":"product_tag-reportagephoto","159":"product_tag-reportagephotographie","160":"product_tag-s-w-fotografie","161":"product_tag-s-w-photographie","162":"product_tag-schiebermuetze","163":"product_tag-schiebermuetzen","164":"product_tag-schnauzbart","165":"product_tag-schnauzbaerte","166":"product_tag-schnauzbartes","167":"product_tag-schnauzbarts","168":"product_tag-schnauzer","169":"product_tag-schnauzers","170":"product_tag-schnurrbart","171":"product_tag-schnurrbaerte","172":"product_tag-schnurrbartes","173":"product_tag-schnurrbarts","174":"product_tag-schwarzweissphotographie","175":"product_tag-schwarz-weiss-fotografie","176":"product_tag-schwarz-weiss-photographie","177":"product_tag-schwarzweiss","178":"product_tag-schwarzweisse","179":"product_tag-schwarzweissen","180":"product_tag-schwarzweisser","181":"product_tag-schwarzweisses","182":"product_tag-schwarzweissfotografie","183":"product_tag-sechziger","184":"product_tag-silbergelatine","185":"product_tag-silbergelatineabzug","186":"product_tag-silbergelatineabzuege","187":"product_tag-silbergelatineprint","188":"product_tag-sitzen","189":"product_tag-sitzend","190":"product_tag-sitzende","191":"product_tag-sitzenden","192":"product_tag-sitzender","193":"product_tag-sitzendes","194":"product_tag-sitzt","195":"product_tag-sohn","196":"product_tag-soehne","197":"product_tag-soehnen","198":"product_tag-sohnes","199":"product_tag-stehen","200":"product_tag-stehend","201":"product_tag-stehende","202":"product_tag-stehenden","203":"product_tag-stehender","204":"product_tag-stehendes","205":"product_tag-sw-fotografie","206":"product_tag-sw-photographie","207":"product_tag-tochter","208":"product_tag-toechtern","209":"product_tag-tuerke","210":"product_tag-tuerken","211":"product_tag-tuerkisch","212":"product_tag-tuerkische","213":"product_tag-tuerkischem","214":"product_tag-tuerkischen","215":"product_tag-tuerkischer","216":"product_tag-tuerkisches","217":"product_tag-umarmen","218":"product_tag-umarmend","219":"product_tag-umarmende","220":"product_tag-umarmenden","221":"product_tag-umarmender","222":"product_tag-umarmendes","223":"product_tag-umarmt","224":"product_tag-umarmung","225":"product_tag-umarmungen","226":"product_tag-vater","227":"product_tag-vaters","228":"product_tag-von-innen","229":"product_tag-von-vorn","230":"product_tag-von-vorne","231":"product_tag-vorderansicht","232":"product_tag-vorderseite","233":"product_tag-wohnkueche","234":"product_tag-wohnkuechen","235":"product_tag-wohnung","236":"product_tag-wohnungen","237":"product_tag-zu-hause","238":"product_tag-zuhause","239":"product_tag-zuwanderer","240":"pa_datierung-januar-1969","241":"pa_fotograf-abisag-tuellmann","242":"pa_geografischer_bezug-aufnahmeort-frankfurt-am-main-deutschland","243":"pa_grunddaten_material_technik-foto-silbergelatine-auf-barytpapier","244":"pa_inventarnummer-tue-69-034-07","245":"pa_jahr_von-14258","246":"pa_massangaben-bildformat-foto-265-x-392-cm","247":"pa_mediennummer-53492","248":"pa_objekt_typ-fotografie","250":"first","251":"instock","252":"product-type-simple"},"yoast_head":"<!-- This site is optimized with the Yoast SEO plugin v27.4 - https:\/\/yoast.com\/product\/yoast-seo-wordpress\/ -->\n<title>T\u00fcrkische Familie in ihrer Wohnung in der Freiherr von Stein Stra\u00dfe - Abisag T\u00fcllmann<\/title>\n<meta name=\"robots\" content=\"index, follow, max-snippet:-1, max-image-preview:large, max-video-preview:-1\" \/>\n<link rel=\"canonical\" href=\"https:\/\/bpk-archive.de\/tuellmann\/produkt\/tuerkische-familie-in-ihrer-wohnung-in-der-freiherr-von-stein-strasse-2\/\" \/>\n<meta property=\"og:locale\" content=\"de_DE\" \/>\n<meta property=\"og:type\" content=\"article\" \/>\n<meta property=\"og:title\" content=\"T\u00fcrkische Familie in ihrer Wohnung in der Freiherr von Stein Stra\u00dfe - Abisag T\u00fcllmann\" \/>\n<meta property=\"og:description\" content=\"R\u00fcckseite siehe: 70298290\" \/>\n<meta property=\"og:url\" content=\"https:\/\/bpk-archive.de\/tuellmann\/produkt\/tuerkische-familie-in-ihrer-wohnung-in-der-freiherr-von-stein-strasse-2\/\" \/>\n<meta property=\"og:site_name\" content=\"Abisag T\u00fcllmann\" \/>\n<meta property=\"article:modified_time\" content=\"2019-09-05T13:06:53+00:00\" \/>\n<meta property=\"og:image\" content=\"https:\/\/bpk-archive.de\/tuellmann\/wp-content\/uploads\/2019\/08\/bpk_70298289.jpg\" \/>\n\t<meta property=\"og:image:width\" content=\"1200\" \/>\n\t<meta property=\"og:image:height\" content=\"822\" \/>\n\t<meta property=\"og:image:type\" content=\"image\/jpeg\" \/>\n<meta name=\"twitter:card\" content=\"summary_large_image\" \/>\n<script type=\"application\/ld+json\" class=\"yoast-schema-graph\">{\"@context\":\"https:\\\/\\\/schema.org\",\"@graph\":[{\"@type\":\"WebPage\",\"@id\":\"https:\\\/\\\/bpk-archive.de\\\/tuellmann\\\/produkt\\\/tuerkische-familie-in-ihrer-wohnung-in-der-freiherr-von-stein-strasse-2\\\/\",\"url\":\"https:\\\/\\\/bpk-archive.de\\\/tuellmann\\\/produkt\\\/tuerkische-familie-in-ihrer-wohnung-in-der-freiherr-von-stein-strasse-2\\\/\",\"name\":\"T\u00fcrkische Familie in ihrer Wohnung in der Freiherr von Stein Stra\u00dfe - Abisag T\u00fcllmann\",\"isPartOf\":{\"@id\":\"https:\\\/\\\/bpk-archive.de\\\/tuellmann\\\/#website\"},\"primaryImageOfPage\":{\"@id\":\"https:\\\/\\\/bpk-archive.de\\\/tuellmann\\\/produkt\\\/tuerkische-familie-in-ihrer-wohnung-in-der-freiherr-von-stein-strasse-2\\\/#primaryimage\"},\"image\":{\"@id\":\"https:\\\/\\\/bpk-archive.de\\\/tuellmann\\\/produkt\\\/tuerkische-familie-in-ihrer-wohnung-in-der-freiherr-von-stein-strasse-2\\\/#primaryimage\"},\"thumbnailUrl\":\"https:\\\/\\\/bpk-archive.de\\\/tuellmann\\\/wp-content\\\/uploads\\\/2019\\\/08\\\/bpk_70298289.jpg\",\"datePublished\":\"2019-09-05T13:06:49+00:00\",\"dateModified\":\"2019-09-05T13:06:53+00:00\",\"breadcrumb\":{\"@id\":\"https:\\\/\\\/bpk-archive.de\\\/tuellmann\\\/produkt\\\/tuerkische-familie-in-ihrer-wohnung-in-der-freiherr-von-stein-strasse-2\\\/#breadcrumb\"},\"inLanguage\":\"de\",\"potentialAction\":[{\"@type\":\"ReadAction\",\"target\":[\"https:\\\/\\\/bpk-archive.de\\\/tuellmann\\\/produkt\\\/tuerkische-familie-in-ihrer-wohnung-in-der-freiherr-von-stein-strasse-2\\\/\"]}]},{\"@type\":\"ImageObject\",\"inLanguage\":\"de\",\"@id\":\"https:\\\/\\\/bpk-archive.de\\\/tuellmann\\\/produkt\\\/tuerkische-familie-in-ihrer-wohnung-in-der-freiherr-von-stein-strasse-2\\\/#primaryimage\",\"url\":\"https:\\\/\\\/bpk-archive.de\\\/tuellmann\\\/wp-content\\\/uploads\\\/2019\\\/08\\\/bpk_70298289.jpg\",\"contentUrl\":\"https:\\\/\\\/bpk-archive.de\\\/tuellmann\\\/wp-content\\\/uploads\\\/2019\\\/08\\\/bpk_70298289.jpg\",\"width\":1200,\"height\":822,\"caption\":\"T\u00fcrkische Familie in ihrer Wohnung in der Freiherr von Stein Stra\u00dfe\"},{\"@type\":\"BreadcrumbList\",\"@id\":\"https:\\\/\\\/bpk-archive.de\\\/tuellmann\\\/produkt\\\/tuerkische-familie-in-ihrer-wohnung-in-der-freiherr-von-stein-strasse-2\\\/#breadcrumb\",\"itemListElement\":[{\"@type\":\"ListItem\",\"position\":1,\"name\":\"Startseite\",\"item\":\"https:\\\/\\\/bpk-archive.de\\\/tuellmann\\\/\"},{\"@type\":\"ListItem\",\"position\":2,\"name\":\"Shop\",\"item\":\"https:\\\/\\\/bpk-archive.de\\\/tuellmann\\\/shop\\\/\"},{\"@type\":\"ListItem\",\"position\":3,\"name\":\"T\u00fcrkische Familie in ihrer Wohnung in der Freiherr von Stein Stra\u00dfe\"}]},{\"@type\":\"WebSite\",\"@id\":\"https:\\\/\\\/bpk-archive.de\\\/tuellmann\\\/#website\",\"url\":\"https:\\\/\\\/bpk-archive.de\\\/tuellmann\\\/\",\"name\":\"Abisag T\u00fcllmann\",\"description\":\"Eine weitere WordPress-Website\",\"potentialAction\":[{\"@type\":\"SearchAction\",\"target\":{\"@type\":\"EntryPoint\",\"urlTemplate\":\"https:\\\/\\\/bpk-archive.de\\\/tuellmann\\\/?s={search_term_string}\"},\"query-input\":{\"@type\":\"PropertyValueSpecification\",\"valueRequired\":true,\"valueName\":\"search_term_string\"}}],\"inLanguage\":\"de\"}]}<\/script>\n<!-- \/ Yoast SEO plugin. -->","yoast_head_json":{"title":"T\u00fcrkische Familie in ihrer Wohnung in der Freiherr von Stein Stra\u00dfe - Abisag T\u00fcllmann","robots":{"index":"index","follow":"follow","max-snippet":"max-snippet:-1","max-image-preview":"max-image-preview:large","max-video-preview":"max-video-preview:-1"},"canonical":"https:\/\/bpk-archive.de\/tuellmann\/produkt\/tuerkische-familie-in-ihrer-wohnung-in-der-freiherr-von-stein-strasse-2\/","og_locale":"de_DE","og_type":"article","og_title":"T\u00fcrkische Familie in ihrer Wohnung in der Freiherr von Stein Stra\u00dfe - Abisag T\u00fcllmann","og_description":"R\u00fcckseite siehe: 70298290","og_url":"https:\/\/bpk-archive.de\/tuellmann\/produkt\/tuerkische-familie-in-ihrer-wohnung-in-der-freiherr-von-stein-strasse-2\/","og_site_name":"Abisag T\u00fcllmann","article_modified_time":"2019-09-05T13:06:53+00:00","og_image":[{"width":1200,"height":822,"url":"https:\/\/bpk-archive.de\/tuellmann\/wp-content\/uploads\/2019\/08\/bpk_70298289.jpg","type":"image\/jpeg"}],"twitter_card":"summary_large_image","schema":{"@context":"https:\/\/schema.org","@graph":[{"@type":"WebPage","@id":"https:\/\/bpk-archive.de\/tuellmann\/produkt\/tuerkische-familie-in-ihrer-wohnung-in-der-freiherr-von-stein-strasse-2\/","url":"https:\/\/bpk-archive.de\/tuellmann\/produkt\/tuerkische-familie-in-ihrer-wohnung-in-der-freiherr-von-stein-strasse-2\/","name":"T\u00fcrkische Familie in ihrer Wohnung in der Freiherr von Stein Stra\u00dfe - Abisag T\u00fcllmann","isPartOf":{"@id":"https:\/\/bpk-archive.de\/tuellmann\/#website"},"primaryImageOfPage":{"@id":"https:\/\/bpk-archive.de\/tuellmann\/produkt\/tuerkische-familie-in-ihrer-wohnung-in-der-freiherr-von-stein-strasse-2\/#primaryimage"},"image":{"@id":"https:\/\/bpk-archive.de\/tuellmann\/produkt\/tuerkische-familie-in-ihrer-wohnung-in-der-freiherr-von-stein-strasse-2\/#primaryimage"},"thumbnailUrl":"https:\/\/bpk-archive.de\/tuellmann\/wp-content\/uploads\/2019\/08\/bpk_70298289.jpg","datePublished":"2019-09-05T13:06:49+00:00","dateModified":"2019-09-05T13:06:53+00:00","breadcrumb":{"@id":"https:\/\/bpk-archive.de\/tuellmann\/produkt\/tuerkische-familie-in-ihrer-wohnung-in-der-freiherr-von-stein-strasse-2\/#breadcrumb"},"inLanguage":"de","potentialAction":[{"@type":"ReadAction","target":["https:\/\/bpk-archive.de\/tuellmann\/produkt\/tuerkische-familie-in-ihrer-wohnung-in-der-freiherr-von-stein-strasse-2\/"]}]},{"@type":"ImageObject","inLanguage":"de","@id":"https:\/\/bpk-archive.de\/tuellmann\/produkt\/tuerkische-familie-in-ihrer-wohnung-in-der-freiherr-von-stein-strasse-2\/#primaryimage","url":"https:\/\/bpk-archive.de\/tuellmann\/wp-content\/uploads\/2019\/08\/bpk_70298289.jpg","contentUrl":"https:\/\/bpk-archive.de\/tuellmann\/wp-content\/uploads\/2019\/08\/bpk_70298289.jpg","width":1200,"height":822,"caption":"T\u00fcrkische Familie in ihrer Wohnung in der Freiherr von Stein Stra\u00dfe"},{"@type":"BreadcrumbList","@id":"https:\/\/bpk-archive.de\/tuellmann\/produkt\/tuerkische-familie-in-ihrer-wohnung-in-der-freiherr-von-stein-strasse-2\/#breadcrumb","itemListElement":[{"@type":"ListItem","position":1,"name":"Startseite","item":"https:\/\/bpk-archive.de\/tuellmann\/"},{"@type":"ListItem","position":2,"name":"Shop","item":"https:\/\/bpk-archive.de\/tuellmann\/shop\/"},{"@type":"ListItem","position":3,"name":"T\u00fcrkische Familie in ihrer Wohnung in der Freiherr von Stein Stra\u00dfe"}]},{"@type":"WebSite","@id":"https:\/\/bpk-archive.de\/tuellmann\/#website","url":"https:\/\/bpk-archive.de\/tuellmann\/","name":"Abisag T\u00fcllmann","description":"Eine weitere WordPress-Website","potentialAction":[{"@type":"SearchAction","target":{"@type":"EntryPoint","urlTemplate":"https:\/\/bpk-archive.de\/tuellmann\/?s={search_term_string}"},"query-input":{"@type":"PropertyValueSpecification","valueRequired":true,"valueName":"search_term_string"}}],"inLanguage":"de"}]}},"_links":{"self":[{"href":"https:\/\/bpk-archive.de\/tuellmann\/wp-json\/wp\/v2\/product\/70295392","targetHints":{"allow":["GET"]}}],"collection":[{"href":"https:\/\/bpk-archive.de\/tuellmann\/wp-json\/wp\/v2\/product"}],"about":[{"href":"https:\/\/bpk-archive.de\/tuellmann\/wp-json\/wp\/v2\/types\/product"}],"wp:featuredmedia":[{"embeddable":true,"href":"https:\/\/bpk-archive.de\/tuellmann\/wp-json\/wp\/v2\/media\/70293238"}],"wp:attachment":[{"href":"https:\/\/bpk-archive.de\/tuellmann\/wp-json\/wp\/v2\/media?parent=70295392"}],"wp:term":[{"taxonomy":"product_brand","embeddable":true,"href":"https:\/\/bpk-archive.de\/tuellmann\/wp-json\/wp\/v2\/product_brand?post=70295392"},{"taxonomy":"product_cat","embeddable":true,"href":"https:\/\/bpk-archive.de\/tuellmann\/wp-json\/wp\/v2\/product_cat?post=70295392"},{"taxonomy":"product_tag","embeddable":true,"href":"https:\/\/bpk-archive.de\/tuellmann\/wp-json\/wp\/v2\/product_tag?post=70295392"}],"curies":[{"name":"wp","href":"https:\/\/api.w.org\/{rel}","templated":true}]}}