{"id":70295379,"date":"2019-09-05T15:06:20","date_gmt":"2019-09-05T13:06:20","guid":{"rendered":"http:\/\/abisagtuellmann.bpk-news.de\/atbild\/gastarbeiter-in-seiner-unterkunft\/"},"modified":"2020-08-11T16:38:09","modified_gmt":"2020-08-11T14:38:09","slug":"gastarbeiter-in-seiner-unterkunft","status":"publish","type":"product","link":"https:\/\/bpk-archive.de\/tuellmann\/produkt\/gastarbeiter-in-seiner-unterkunft\/","title":{"rendered":"Gastarbeiter in seiner Unterkunft"},"content":{"rendered":"<p>R\u00fcckseite siehe: 70298286 R\u00fcckseitenbeschriftung von anderer Hand: &#8222;Gastarbeiterbaracke der Holzmann AG&#8220;<\/p>\n","protected":false},"excerpt":{"rendered":"<p>R\u00fcckseite siehe: 70298286 R\u00fcckseitenbeschriftung von anderer Hand: &#8222;Gastarbeiterbaracke der Holzmann AG&#8220;<\/p>\n","protected":false},"featured_media":70293226,"template":"","meta":[],"product_brand":[],"product_cat":[73386],"product_tag":[13230,13232,13234,13231,13233,13235,48094,13777,47456,47457,47458,47459,47460,47461,47462,13604,13605,53193,53194,53195,53196,53197,47720,47721,47722,47723,14174,14175,47876,47877,47878,47879,13469,13470,13253,13254,13255,13256,13257,13471,13472,13473,47727,47728,47729,47730,47731,47734,13293,13786,13787,13294,13295,13296,13297,47267,13485,13486,13482,13481,13483,13484,48621,48622,48623,53202,53203,53204,53206,53209,53210,51001,14327,13492,13493,13494,13495,13496,13497,47744,47745,47746,13498,49581,53326,53327,51002,51003,49540,49541,13818,13819,13826,49816,47786,47787,49544,51236,51237,14229,48451,48452,13328,13827,13828,13329,13330,13331,13332,47332,13843,47956,47957,51055,51056,47333,47334,47335,47336,47337,13877,13879,53328,53329,13865,13864,13866,13858,13859,13860,13861,13862,13863,13354,13869,13870,13871,13872,14243,14244,14245,14246,14247,14248,14249,53330,53331,53332,53333,53334,53335,53336,13878,13880,48535,48536,48537,48538,53337,53338,53339,53340,53341,53342,14250,14251,13525,51057,51058,51059,51060,47792],"class_list":{"0":"post-70295379","1":"product","2":"type-product","3":"status-publish","4":"has-post-thumbnail","6":"product_cat-migranten","7":"product_tag-1970er-jahre","8":"product_tag-20-jahrhundert-nach-chr","9":"product_tag-20-jh-n-chr","10":"product_tag-20-jahrhundert","11":"product_tag-20-jh","12":"product_tag-70er","13":"product_tag-abt_026","14":"product_tag-abzug","15":"product_tag-arbeit","16":"product_tag-arbeiten","17":"product_tag-arbeitend","18":"product_tag-arbeitende","19":"product_tag-arbeitenden","20":"product_tag-arbeitender","21":"product_tag-arbeitendes","22":"product_tag-arbeiter","23":"product_tag-arbeitern","24":"product_tag-arbeitsmigrant","25":"product_tag-arbeitsmigranten","26":"product_tag-at_migranten","27":"product_tag-ausland","28":"product_tag-auslaender","29":"product_tag-auswanderer","30":"product_tag-auswanderern","31":"product_tag-auswandern","32":"product_tag-auswanderung","33":"product_tag-baracke","34":"product_tag-baracken","35":"product_tag-beruf","36":"product_tag-berufe","37":"product_tag-berufes","38":"product_tag-berufs","39":"product_tag-brd","40":"product_tag-bundesrepublik-deutschland","41":"product_tag-deutsch","42":"product_tag-deutsche","43":"product_tag-deutschen","44":"product_tag-deutscher","45":"product_tag-deutsches","46":"product_tag-deutschland","47":"product_tag-deutschlands","48":"product_tag-drinnen","49":"product_tag-einwanderer","50":"product_tag-einwandern","51":"product_tag-einwanderung","52":"product_tag-emigrant","53":"product_tag-emigranten","54":"product_tag-emigration","55":"product_tag-foto","56":"product_tag-fotoabzug","57":"product_tag-fotoabzuege","58":"product_tag-fotografie","59":"product_tag-fotografien","60":"product_tag-fotografin","61":"product_tag-fotografinnen","62":"product_tag-fotoreportage","63":"product_tag-frankfurt-m","64":"product_tag-frankfurt-main","65":"product_tag-frankfurt-a-main","66":"product_tag-frankfurt-a-m","67":"product_tag-frankfurt-am-main","68":"product_tag-frankfurter","69":"product_tag-freizeit","70":"product_tag-freizeitbeschaeftigung","71":"product_tag-freizeitgestaltung","72":"product_tag-fremdarbeiter","73":"product_tag-fremdarbeitern","74":"product_tag-fremdarbeiters","75":"product_tag-gastarbeiter","76":"product_tag-gastarbeitern","77":"product_tag-gastarbeiters","78":"product_tag-gelangweilt","79":"product_tag-gesellschaft","80":"product_tag-hessen","81":"product_tag-hessisch","82":"product_tag-hessische","83":"product_tag-hessischen","84":"product_tag-hessischer","85":"product_tag-hessisches","86":"product_tag-immigrant","87":"product_tag-immigranten","88":"product_tag-immigration","89":"product_tag-innen","90":"product_tag-integration","91":"product_tag-koffer","92":"product_tag-koffern","93":"product_tag-langeweile","94":"product_tag-langweilig","95":"product_tag-lebensbedingung","96":"product_tag-lebensbedingungen","97":"product_tag-mann","98":"product_tag-maenner","99":"product_tag-mannes","100":"product_tag-migrant","101":"product_tag-migranten","102":"product_tag-migration","103":"product_tag-minderheit","104":"product_tag-musse","105":"product_tag-nichtstun","106":"product_tag-obdach","107":"product_tag-pendant","108":"product_tag-pendants","109":"product_tag-photo","110":"product_tag-photoabzug","111":"product_tag-photoabzuege","112":"product_tag-photographie","113":"product_tag-photographien","114":"product_tag-photographin","115":"product_tag-photographinnen","116":"product_tag-photoreportage","117":"product_tag-print","118":"product_tag-quartier","119":"product_tag-quartiere","120":"product_tag-r","121":"product_tag-recto","122":"product_tag-reportage","123":"product_tag-reportagefoto","124":"product_tag-reportagefotografie","125":"product_tag-reportagephoto","126":"product_tag-reportagephotographie","127":"product_tag-s-w-fotografie","128":"product_tag-s-w-photographie","129":"product_tag-schrank","130":"product_tag-schraenke","131":"product_tag-schwarzweissphotographie","132":"product_tag-schwarz-weiss-fotografie","133":"product_tag-schwarz-weiss-photographie","134":"product_tag-schwarzweiss","135":"product_tag-schwarzweisse","136":"product_tag-schwarzweissen","137":"product_tag-schwarzweisser","138":"product_tag-schwarzweisses","139":"product_tag-schwarzweissfotografie","140":"product_tag-siebziger","141":"product_tag-silbergelatine","142":"product_tag-silbergelatineabzug","143":"product_tag-silbergelatineabzuege","144":"product_tag-silbergelatineprint","145":"product_tag-sitzen","146":"product_tag-sitzend","147":"product_tag-sitzende","148":"product_tag-sitzenden","149":"product_tag-sitzender","150":"product_tag-sitzendes","151":"product_tag-sitzt","152":"product_tag-suedlander","153":"product_tag-suedlaendisch","154":"product_tag-suedlaendische","155":"product_tag-suedlaendischem","156":"product_tag-suedlaendischen","157":"product_tag-suedlaendischer","158":"product_tag-suedlaendisches","159":"product_tag-sw-fotografie","160":"product_tag-sw-photographie","161":"product_tag-tisch","162":"product_tag-tische","163":"product_tag-tischen","164":"product_tag-tisches","165":"product_tag-trostlos","166":"product_tag-trostlose","167":"product_tag-trostlosen","168":"product_tag-trostloser","169":"product_tag-trostloses","170":"product_tag-trostlosigkeit","171":"product_tag-unterkunft","172":"product_tag-unterkuenfte","173":"product_tag-von-innen","174":"product_tag-von-vorn","175":"product_tag-von-vorne","176":"product_tag-vorderansicht","177":"product_tag-vorderseite","178":"product_tag-zuwanderer","179":"pa_datierung-august-1970","180":"pa_fotograf-abisag-tuellmann","181":"pa_geografischer_bezug-aufnahmeort-frankfurt-am-main-deutschland","182":"pa_grunddaten_material_technik-foto-silbergelatine-auf-barytpapier","183":"pa_inventarnummer-tue-70-252-25a","184":"pa_jahr_von-53324","185":"pa_massangaben-bildformat-foto-392-x-295-cm","186":"pa_mediennummer-53321","187":"pa_objekt_typ-fotografie","189":"first","190":"instock","191":"product-type-simple"},"yoast_head":"<!-- This site is optimized with the Yoast SEO plugin v27.4 - https:\/\/yoast.com\/product\/yoast-seo-wordpress\/ -->\n<title>Gastarbeiter in seiner Unterkunft - Abisag T\u00fcllmann<\/title>\n<meta name=\"robots\" content=\"index, follow, max-snippet:-1, max-image-preview:large, max-video-preview:-1\" \/>\n<link rel=\"canonical\" href=\"https:\/\/bpk-archive.de\/tuellmann\/produkt\/gastarbeiter-in-seiner-unterkunft\/\" \/>\n<meta property=\"og:locale\" content=\"de_DE\" \/>\n<meta property=\"og:type\" content=\"article\" \/>\n<meta property=\"og:title\" content=\"Gastarbeiter in seiner Unterkunft - Abisag T\u00fcllmann\" \/>\n<meta property=\"og:description\" content=\"R\u00fcckseite siehe: 70298286 R\u00fcckseitenbeschriftung von anderer Hand: &#8222;Gastarbeiterbaracke der Holzmann AG&#8220;\" \/>\n<meta property=\"og:url\" content=\"https:\/\/bpk-archive.de\/tuellmann\/produkt\/gastarbeiter-in-seiner-unterkunft\/\" \/>\n<meta property=\"og:site_name\" content=\"Abisag T\u00fcllmann\" \/>\n<meta property=\"article:modified_time\" content=\"2020-08-11T14:38:09+00:00\" \/>\n<meta property=\"og:image\" content=\"https:\/\/bpk-archive.de\/tuellmann\/wp-content\/uploads\/2019\/08\/bpk_70298285.jpg\" \/>\n\t<meta property=\"og:image:width\" content=\"912\" \/>\n\t<meta property=\"og:image:height\" content=\"1200\" \/>\n\t<meta property=\"og:image:type\" content=\"image\/jpeg\" \/>\n<meta name=\"twitter:card\" content=\"summary_large_image\" \/>\n<script type=\"application\/ld+json\" class=\"yoast-schema-graph\">{\"@context\":\"https:\\\/\\\/schema.org\",\"@graph\":[{\"@type\":\"WebPage\",\"@id\":\"https:\\\/\\\/bpk-archive.de\\\/tuellmann\\\/produkt\\\/gastarbeiter-in-seiner-unterkunft\\\/\",\"url\":\"https:\\\/\\\/bpk-archive.de\\\/tuellmann\\\/produkt\\\/gastarbeiter-in-seiner-unterkunft\\\/\",\"name\":\"Gastarbeiter in seiner Unterkunft - Abisag T\u00fcllmann\",\"isPartOf\":{\"@id\":\"https:\\\/\\\/bpk-archive.de\\\/tuellmann\\\/#website\"},\"primaryImageOfPage\":{\"@id\":\"https:\\\/\\\/bpk-archive.de\\\/tuellmann\\\/produkt\\\/gastarbeiter-in-seiner-unterkunft\\\/#primaryimage\"},\"image\":{\"@id\":\"https:\\\/\\\/bpk-archive.de\\\/tuellmann\\\/produkt\\\/gastarbeiter-in-seiner-unterkunft\\\/#primaryimage\"},\"thumbnailUrl\":\"https:\\\/\\\/bpk-archive.de\\\/tuellmann\\\/wp-content\\\/uploads\\\/2019\\\/08\\\/bpk_70298285.jpg\",\"datePublished\":\"2019-09-05T13:06:20+00:00\",\"dateModified\":\"2020-08-11T14:38:09+00:00\",\"breadcrumb\":{\"@id\":\"https:\\\/\\\/bpk-archive.de\\\/tuellmann\\\/produkt\\\/gastarbeiter-in-seiner-unterkunft\\\/#breadcrumb\"},\"inLanguage\":\"de\",\"potentialAction\":[{\"@type\":\"ReadAction\",\"target\":[\"https:\\\/\\\/bpk-archive.de\\\/tuellmann\\\/produkt\\\/gastarbeiter-in-seiner-unterkunft\\\/\"]}]},{\"@type\":\"ImageObject\",\"inLanguage\":\"de\",\"@id\":\"https:\\\/\\\/bpk-archive.de\\\/tuellmann\\\/produkt\\\/gastarbeiter-in-seiner-unterkunft\\\/#primaryimage\",\"url\":\"https:\\\/\\\/bpk-archive.de\\\/tuellmann\\\/wp-content\\\/uploads\\\/2019\\\/08\\\/bpk_70298285.jpg\",\"contentUrl\":\"https:\\\/\\\/bpk-archive.de\\\/tuellmann\\\/wp-content\\\/uploads\\\/2019\\\/08\\\/bpk_70298285.jpg\",\"width\":912,\"height\":1200,\"caption\":\"Gastarbeiter in seiner Unterkunft\"},{\"@type\":\"BreadcrumbList\",\"@id\":\"https:\\\/\\\/bpk-archive.de\\\/tuellmann\\\/produkt\\\/gastarbeiter-in-seiner-unterkunft\\\/#breadcrumb\",\"itemListElement\":[{\"@type\":\"ListItem\",\"position\":1,\"name\":\"Startseite\",\"item\":\"https:\\\/\\\/bpk-archive.de\\\/tuellmann\\\/\"},{\"@type\":\"ListItem\",\"position\":2,\"name\":\"Shop\",\"item\":\"https:\\\/\\\/bpk-archive.de\\\/tuellmann\\\/shop\\\/\"},{\"@type\":\"ListItem\",\"position\":3,\"name\":\"Gastarbeiter in seiner Unterkunft\"}]},{\"@type\":\"WebSite\",\"@id\":\"https:\\\/\\\/bpk-archive.de\\\/tuellmann\\\/#website\",\"url\":\"https:\\\/\\\/bpk-archive.de\\\/tuellmann\\\/\",\"name\":\"Abisag T\u00fcllmann\",\"description\":\"Eine weitere WordPress-Website\",\"potentialAction\":[{\"@type\":\"SearchAction\",\"target\":{\"@type\":\"EntryPoint\",\"urlTemplate\":\"https:\\\/\\\/bpk-archive.de\\\/tuellmann\\\/?s={search_term_string}\"},\"query-input\":{\"@type\":\"PropertyValueSpecification\",\"valueRequired\":true,\"valueName\":\"search_term_string\"}}],\"inLanguage\":\"de\"}]}<\/script>\n<!-- \/ Yoast SEO plugin. -->","yoast_head_json":{"title":"Gastarbeiter in seiner Unterkunft - Abisag T\u00fcllmann","robots":{"index":"index","follow":"follow","max-snippet":"max-snippet:-1","max-image-preview":"max-image-preview:large","max-video-preview":"max-video-preview:-1"},"canonical":"https:\/\/bpk-archive.de\/tuellmann\/produkt\/gastarbeiter-in-seiner-unterkunft\/","og_locale":"de_DE","og_type":"article","og_title":"Gastarbeiter in seiner Unterkunft - Abisag T\u00fcllmann","og_description":"R\u00fcckseite siehe: 70298286 R\u00fcckseitenbeschriftung von anderer Hand: &#8222;Gastarbeiterbaracke der Holzmann AG&#8220;","og_url":"https:\/\/bpk-archive.de\/tuellmann\/produkt\/gastarbeiter-in-seiner-unterkunft\/","og_site_name":"Abisag T\u00fcllmann","article_modified_time":"2020-08-11T14:38:09+00:00","og_image":[{"width":912,"height":1200,"url":"https:\/\/bpk-archive.de\/tuellmann\/wp-content\/uploads\/2019\/08\/bpk_70298285.jpg","type":"image\/jpeg"}],"twitter_card":"summary_large_image","schema":{"@context":"https:\/\/schema.org","@graph":[{"@type":"WebPage","@id":"https:\/\/bpk-archive.de\/tuellmann\/produkt\/gastarbeiter-in-seiner-unterkunft\/","url":"https:\/\/bpk-archive.de\/tuellmann\/produkt\/gastarbeiter-in-seiner-unterkunft\/","name":"Gastarbeiter in seiner Unterkunft - Abisag T\u00fcllmann","isPartOf":{"@id":"https:\/\/bpk-archive.de\/tuellmann\/#website"},"primaryImageOfPage":{"@id":"https:\/\/bpk-archive.de\/tuellmann\/produkt\/gastarbeiter-in-seiner-unterkunft\/#primaryimage"},"image":{"@id":"https:\/\/bpk-archive.de\/tuellmann\/produkt\/gastarbeiter-in-seiner-unterkunft\/#primaryimage"},"thumbnailUrl":"https:\/\/bpk-archive.de\/tuellmann\/wp-content\/uploads\/2019\/08\/bpk_70298285.jpg","datePublished":"2019-09-05T13:06:20+00:00","dateModified":"2020-08-11T14:38:09+00:00","breadcrumb":{"@id":"https:\/\/bpk-archive.de\/tuellmann\/produkt\/gastarbeiter-in-seiner-unterkunft\/#breadcrumb"},"inLanguage":"de","potentialAction":[{"@type":"ReadAction","target":["https:\/\/bpk-archive.de\/tuellmann\/produkt\/gastarbeiter-in-seiner-unterkunft\/"]}]},{"@type":"ImageObject","inLanguage":"de","@id":"https:\/\/bpk-archive.de\/tuellmann\/produkt\/gastarbeiter-in-seiner-unterkunft\/#primaryimage","url":"https:\/\/bpk-archive.de\/tuellmann\/wp-content\/uploads\/2019\/08\/bpk_70298285.jpg","contentUrl":"https:\/\/bpk-archive.de\/tuellmann\/wp-content\/uploads\/2019\/08\/bpk_70298285.jpg","width":912,"height":1200,"caption":"Gastarbeiter in seiner Unterkunft"},{"@type":"BreadcrumbList","@id":"https:\/\/bpk-archive.de\/tuellmann\/produkt\/gastarbeiter-in-seiner-unterkunft\/#breadcrumb","itemListElement":[{"@type":"ListItem","position":1,"name":"Startseite","item":"https:\/\/bpk-archive.de\/tuellmann\/"},{"@type":"ListItem","position":2,"name":"Shop","item":"https:\/\/bpk-archive.de\/tuellmann\/shop\/"},{"@type":"ListItem","position":3,"name":"Gastarbeiter in seiner Unterkunft"}]},{"@type":"WebSite","@id":"https:\/\/bpk-archive.de\/tuellmann\/#website","url":"https:\/\/bpk-archive.de\/tuellmann\/","name":"Abisag T\u00fcllmann","description":"Eine weitere WordPress-Website","potentialAction":[{"@type":"SearchAction","target":{"@type":"EntryPoint","urlTemplate":"https:\/\/bpk-archive.de\/tuellmann\/?s={search_term_string}"},"query-input":{"@type":"PropertyValueSpecification","valueRequired":true,"valueName":"search_term_string"}}],"inLanguage":"de"}]}},"_links":{"self":[{"href":"https:\/\/bpk-archive.de\/tuellmann\/wp-json\/wp\/v2\/product\/70295379","targetHints":{"allow":["GET"]}}],"collection":[{"href":"https:\/\/bpk-archive.de\/tuellmann\/wp-json\/wp\/v2\/product"}],"about":[{"href":"https:\/\/bpk-archive.de\/tuellmann\/wp-json\/wp\/v2\/types\/product"}],"wp:featuredmedia":[{"embeddable":true,"href":"https:\/\/bpk-archive.de\/tuellmann\/wp-json\/wp\/v2\/media\/70293226"}],"wp:attachment":[{"href":"https:\/\/bpk-archive.de\/tuellmann\/wp-json\/wp\/v2\/media?parent=70295379"}],"wp:term":[{"taxonomy":"product_brand","embeddable":true,"href":"https:\/\/bpk-archive.de\/tuellmann\/wp-json\/wp\/v2\/product_brand?post=70295379"},{"taxonomy":"product_cat","embeddable":true,"href":"https:\/\/bpk-archive.de\/tuellmann\/wp-json\/wp\/v2\/product_cat?post=70295379"},{"taxonomy":"product_tag","embeddable":true,"href":"https:\/\/bpk-archive.de\/tuellmann\/wp-json\/wp\/v2\/product_tag?post=70295379"}],"curies":[{"name":"wp","href":"https:\/\/api.w.org\/{rel}","templated":true}]}}