{"id":70295375,"date":"2019-09-05T15:06:20","date_gmt":"2019-09-05T13:06:20","guid":{"rendered":"http:\/\/abisagtuellmann.bpk-news.de\/atbild\/deutschkurs-im-sprachlabor-fuer-gastarbeiter-bei-den-farbwerken-hoechst\/"},"modified":"2020-08-11T16:38:02","modified_gmt":"2020-08-11T14:38:02","slug":"deutschkurs-im-sprachlabor-fuer-gastarbeiter-bei-den-farbwerken-hoechst","status":"publish","type":"product","link":"https:\/\/bpk-archive.de\/tuellmann\/produkt\/deutschkurs-im-sprachlabor-fuer-gastarbeiter-bei-den-farbwerken-hoechst\/","title":{"rendered":"Deutschkurs im Sprachlabor f\u00fcr Gastarbeiter bei den Farbwerken Hoechst"},"content":{"rendered":"<p>R\u00fcckseitenbeschriftung von Hand der Fotografin: &#8222;spanische Gastarbeiter lernen Deutsch (Farbwerke Hoechst)&#8220;<\/p>\n","protected":false},"excerpt":{"rendered":"<p>R\u00fcckseitenbeschriftung von Hand der Fotografin: &#8222;spanische Gastarbeiter lernen Deutsch (Farbwerke Hoechst)&#8220;<\/p>\n","protected":false},"featured_media":70293220,"template":"","meta":[],"product_brand":[],"product_cat":[73386],"product_tag":[13774,13232,13234,13231,13233,13775,48094,13777,47456,47457,47458,47459,47460,47461,47462,13604,13605,53193,53194,53195,53196,53197,47720,47721,47722,47723,47876,47877,47878,47879,14326,50141,13469,13470,53198,13253,13254,13255,13256,13257,53199,13471,13472,47629,13473,47727,47728,47729,47730,47731,47734,53200,53201,13293,13786,13787,13294,13295,13296,13297,47267,13485,13486,13482,13481,13483,13484,53202,53203,53204,53205,53206,53207,53208,53209,53210,14327,13492,13493,13494,13495,13496,13497,53211,47744,47745,47746,47854,47855,13498,49581,53212,53213,50152,50153,50154,50155,50156,50157,50158,53214,53215,53216,53217,50119,13818,13819,13826,53218,53219,53220,53221,53222,53223,49816,47786,47787,49544,53224,13328,13827,13828,13329,13330,13331,13332,47332,13843,47333,47334,47335,47336,47337,13877,13879,50179,50180,50181,50182,50183,13865,13864,13866,13858,13859,13860,13861,13862,13863,13867,13869,13870,13871,13872,14243,14244,14245,14246,14247,14248,14249,53225,53226,53227,53228,53229,53230,53231,53232,53233,53234,13878,13880,53235,53236,53237,53238,53239,53240,53241,13525,53242,49008,49009,49010,49011,49012,49013,47792],"class_list":{"0":"post-70295375","1":"product","2":"type-product","3":"status-publish","4":"has-post-thumbnail","6":"product_cat-migranten","7":"product_tag-1960er-jahre","8":"product_tag-20-jahrhundert-nach-chr","9":"product_tag-20-jh-n-chr","10":"product_tag-20-jahrhundert","11":"product_tag-20-jh","12":"product_tag-60er","13":"product_tag-abt_026","14":"product_tag-abzug","15":"product_tag-arbeit","16":"product_tag-arbeiten","17":"product_tag-arbeitend","18":"product_tag-arbeitende","19":"product_tag-arbeitenden","20":"product_tag-arbeitender","21":"product_tag-arbeitendes","22":"product_tag-arbeiter","23":"product_tag-arbeitern","24":"product_tag-arbeitsmigrant","25":"product_tag-arbeitsmigranten","26":"product_tag-at_migranten","27":"product_tag-ausland","28":"product_tag-auslaender","29":"product_tag-auswanderer","30":"product_tag-auswanderern","31":"product_tag-auswandern","32":"product_tag-auswanderung","33":"product_tag-beruf","34":"product_tag-berufe","35":"product_tag-berufes","36":"product_tag-berufs","37":"product_tag-bevoelkerung","38":"product_tag-bildung","39":"product_tag-brd","40":"product_tag-bundesrepublik-deutschland","41":"product_tag-chemieindustrie","42":"product_tag-deutsch","43":"product_tag-deutsche","44":"product_tag-deutschen","45":"product_tag-deutscher","46":"product_tag-deutsches","47":"product_tag-deutschkurs","48":"product_tag-deutschland","49":"product_tag-deutschlands","50":"product_tag-drei","51":"product_tag-drinnen","52":"product_tag-einwanderer","53":"product_tag-einwandern","54":"product_tag-einwanderung","55":"product_tag-emigrant","56":"product_tag-emigranten","57":"product_tag-emigration","58":"product_tag-erwachsenenbildung","59":"product_tag-fabrikeigen","60":"product_tag-foto","61":"product_tag-fotoabzug","62":"product_tag-fotoabzuege","63":"product_tag-fotografie","64":"product_tag-fotografien","65":"product_tag-fotografin","66":"product_tag-fotografinnen","67":"product_tag-fotoreportage","68":"product_tag-frankfurt-m","69":"product_tag-frankfurt-main","70":"product_tag-frankfurt-a-main","71":"product_tag-frankfurt-a-m","72":"product_tag-frankfurt-am-main","73":"product_tag-frankfurter","74":"product_tag-fremdarbeiter","75":"product_tag-fremdarbeitern","76":"product_tag-fremdarbeiters","77":"product_tag-fremdsprache","78":"product_tag-gastarbeiter","79":"product_tag-gastarbeiterin","80":"product_tag-gastarbeiterinnen","81":"product_tag-gastarbeitern","82":"product_tag-gastarbeiters","83":"product_tag-gesellschaft","84":"product_tag-hessen","85":"product_tag-hessisch","86":"product_tag-hessische","87":"product_tag-hessischen","88":"product_tag-hessischer","89":"product_tag-hessisches","90":"product_tag-hoechst","91":"product_tag-immigrant","92":"product_tag-immigranten","93":"product_tag-immigration","94":"product_tag-industrie","95":"product_tag-industrien","96":"product_tag-innen","97":"product_tag-integration","98":"product_tag-kabine","99":"product_tag-kabinen","100":"product_tag-konzentiertes","101":"product_tag-konzentration","102":"product_tag-konzentrieren","103":"product_tag-konzentriert","104":"product_tag-konzentrierte","105":"product_tag-konzentrierten","106":"product_tag-konzentrierter","107":"product_tag-kopfhoerer","108":"product_tag-kopfhoerern","109":"product_tag-kurs","110":"product_tag-kurse","111":"product_tag-lernen","112":"product_tag-mann","113":"product_tag-maenner","114":"product_tag-mannes","115":"product_tag-mehrsprachig","116":"product_tag-mehrsprachige","117":"product_tag-mehrsprachigen","118":"product_tag-mehrsprachiger","119":"product_tag-mehrsprachiges","120":"product_tag-mehrsprachigkeit","121":"product_tag-migrant","122":"product_tag-migranten","123":"product_tag-migration","124":"product_tag-minderheit","125":"product_tag-pharmaindustrie","126":"product_tag-photo","127":"product_tag-photoabzug","128":"product_tag-photoabzuege","129":"product_tag-photographie","130":"product_tag-photographien","131":"product_tag-photographin","132":"product_tag-photographinnen","133":"product_tag-photoreportage","134":"product_tag-print","135":"product_tag-reportage","136":"product_tag-reportagefoto","137":"product_tag-reportagefotografie","138":"product_tag-reportagephoto","139":"product_tag-reportagephotographie","140":"product_tag-s-w-fotografie","141":"product_tag-s-w-photographie","142":"product_tag-schreibend","143":"product_tag-schreibende","144":"product_tag-schreibenden","145":"product_tag-schreibender","146":"product_tag-schreibendes","147":"product_tag-schwarzweissphotographie","148":"product_tag-schwarz-weiss-fotografie","149":"product_tag-schwarz-weiss-photographie","150":"product_tag-schwarzweiss","151":"product_tag-schwarzweisse","152":"product_tag-schwarzweissen","153":"product_tag-schwarzweisser","154":"product_tag-schwarzweisses","155":"product_tag-schwarzweissfotografie","156":"product_tag-sechziger","157":"product_tag-silbergelatine","158":"product_tag-silbergelatineabzug","159":"product_tag-silbergelatineabzuege","160":"product_tag-silbergelatineprint","161":"product_tag-sitzen","162":"product_tag-sitzend","163":"product_tag-sitzende","164":"product_tag-sitzenden","165":"product_tag-sitzender","166":"product_tag-sitzendes","167":"product_tag-sitzt","168":"product_tag-spanier","169":"product_tag-spaniers","170":"product_tag-spanisch","171":"product_tag-spanische","172":"product_tag-spanischen","173":"product_tag-spanischer","174":"product_tag-spanisches","175":"product_tag-sprachkurs","176":"product_tag-sprachlabor","177":"product_tag-sprachunterricht","178":"product_tag-sw-fotografie","179":"product_tag-sw-photographie","180":"product_tag-ueben","181":"product_tag-uebend","182":"product_tag-uebende","183":"product_tag-uebenden","184":"product_tag-uebender","185":"product_tag-uebendes","186":"product_tag-uebt","187":"product_tag-von-innen","188":"product_tag-werkseigen","189":"product_tag-zuhoeren","190":"product_tag-zuhoerend","191":"product_tag-zuhoerende","192":"product_tag-zuhoerenden","193":"product_tag-zuhoerender","194":"product_tag-zuhoerendes","195":"product_tag-zuwanderer","196":"pa_datierung-januar-1969","197":"pa_fotograf-abisag-tuellmann","198":"pa_geografischer_bezug-aufnahmeort-frankfurt-am-main-deutschland","199":"pa_grunddaten_material_technik-foto-silbergelatine-auf-barytpapier","200":"pa_inventarnummer-tue-69-018-09","201":"pa_jahr_von-14258","202":"pa_massangaben-bildformat-foto-32-x-265-cm","203":"pa_mediennummer-53189","204":"pa_objekt_typ-fotografie","206":"first","207":"instock","208":"product-type-simple"},"yoast_head":"<!-- This site is optimized with the Yoast SEO plugin v27.3 - https:\/\/yoast.com\/product\/yoast-seo-wordpress\/ -->\n<title>Deutschkurs im Sprachlabor f\u00fcr Gastarbeiter bei den Farbwerken Hoechst - Abisag T\u00fcllmann<\/title>\n<meta name=\"robots\" content=\"index, follow, max-snippet:-1, max-image-preview:large, max-video-preview:-1\" \/>\n<link rel=\"canonical\" href=\"https:\/\/bpk-archive.de\/tuellmann\/produkt\/deutschkurs-im-sprachlabor-fuer-gastarbeiter-bei-den-farbwerken-hoechst\/\" \/>\n<meta property=\"og:locale\" content=\"de_DE\" \/>\n<meta property=\"og:type\" content=\"article\" \/>\n<meta property=\"og:title\" content=\"Deutschkurs im Sprachlabor f\u00fcr Gastarbeiter bei den Farbwerken Hoechst - Abisag T\u00fcllmann\" \/>\n<meta property=\"og:description\" content=\"R\u00fcckseitenbeschriftung von Hand der Fotografin: &#8222;spanische Gastarbeiter lernen Deutsch (Farbwerke Hoechst)&#8220;\" \/>\n<meta property=\"og:url\" content=\"https:\/\/bpk-archive.de\/tuellmann\/produkt\/deutschkurs-im-sprachlabor-fuer-gastarbeiter-bei-den-farbwerken-hoechst\/\" \/>\n<meta property=\"og:site_name\" content=\"Abisag T\u00fcllmann\" \/>\n<meta property=\"article:modified_time\" content=\"2020-08-11T14:38:02+00:00\" \/>\n<meta property=\"og:image\" content=\"https:\/\/bpk-archive.de\/tuellmann\/wp-content\/uploads\/2019\/08\/bpk_70298283.jpg\" \/>\n\t<meta property=\"og:image:width\" content=\"1001\" \/>\n\t<meta property=\"og:image:height\" content=\"1200\" \/>\n\t<meta property=\"og:image:type\" content=\"image\/jpeg\" \/>\n<meta name=\"twitter:card\" content=\"summary_large_image\" \/>\n<script type=\"application\/ld+json\" class=\"yoast-schema-graph\">{\"@context\":\"https:\\\/\\\/schema.org\",\"@graph\":[{\"@type\":\"WebPage\",\"@id\":\"https:\\\/\\\/bpk-archive.de\\\/tuellmann\\\/produkt\\\/deutschkurs-im-sprachlabor-fuer-gastarbeiter-bei-den-farbwerken-hoechst\\\/\",\"url\":\"https:\\\/\\\/bpk-archive.de\\\/tuellmann\\\/produkt\\\/deutschkurs-im-sprachlabor-fuer-gastarbeiter-bei-den-farbwerken-hoechst\\\/\",\"name\":\"Deutschkurs im Sprachlabor f\u00fcr Gastarbeiter bei den Farbwerken Hoechst - Abisag T\u00fcllmann\",\"isPartOf\":{\"@id\":\"https:\\\/\\\/bpk-archive.de\\\/tuellmann\\\/#website\"},\"primaryImageOfPage\":{\"@id\":\"https:\\\/\\\/bpk-archive.de\\\/tuellmann\\\/produkt\\\/deutschkurs-im-sprachlabor-fuer-gastarbeiter-bei-den-farbwerken-hoechst\\\/#primaryimage\"},\"image\":{\"@id\":\"https:\\\/\\\/bpk-archive.de\\\/tuellmann\\\/produkt\\\/deutschkurs-im-sprachlabor-fuer-gastarbeiter-bei-den-farbwerken-hoechst\\\/#primaryimage\"},\"thumbnailUrl\":\"https:\\\/\\\/bpk-archive.de\\\/tuellmann\\\/wp-content\\\/uploads\\\/2019\\\/08\\\/bpk_70298283.jpg\",\"datePublished\":\"2019-09-05T13:06:20+00:00\",\"dateModified\":\"2020-08-11T14:38:02+00:00\",\"breadcrumb\":{\"@id\":\"https:\\\/\\\/bpk-archive.de\\\/tuellmann\\\/produkt\\\/deutschkurs-im-sprachlabor-fuer-gastarbeiter-bei-den-farbwerken-hoechst\\\/#breadcrumb\"},\"inLanguage\":\"de\",\"potentialAction\":[{\"@type\":\"ReadAction\",\"target\":[\"https:\\\/\\\/bpk-archive.de\\\/tuellmann\\\/produkt\\\/deutschkurs-im-sprachlabor-fuer-gastarbeiter-bei-den-farbwerken-hoechst\\\/\"]}]},{\"@type\":\"ImageObject\",\"inLanguage\":\"de\",\"@id\":\"https:\\\/\\\/bpk-archive.de\\\/tuellmann\\\/produkt\\\/deutschkurs-im-sprachlabor-fuer-gastarbeiter-bei-den-farbwerken-hoechst\\\/#primaryimage\",\"url\":\"https:\\\/\\\/bpk-archive.de\\\/tuellmann\\\/wp-content\\\/uploads\\\/2019\\\/08\\\/bpk_70298283.jpg\",\"contentUrl\":\"https:\\\/\\\/bpk-archive.de\\\/tuellmann\\\/wp-content\\\/uploads\\\/2019\\\/08\\\/bpk_70298283.jpg\",\"width\":1001,\"height\":1200,\"caption\":\"Deutschkurs im Sprachlabor f\u00fcr Gastarbeiter bei den Farbwerken Hoechst\"},{\"@type\":\"BreadcrumbList\",\"@id\":\"https:\\\/\\\/bpk-archive.de\\\/tuellmann\\\/produkt\\\/deutschkurs-im-sprachlabor-fuer-gastarbeiter-bei-den-farbwerken-hoechst\\\/#breadcrumb\",\"itemListElement\":[{\"@type\":\"ListItem\",\"position\":1,\"name\":\"Startseite\",\"item\":\"https:\\\/\\\/bpk-archive.de\\\/tuellmann\\\/\"},{\"@type\":\"ListItem\",\"position\":2,\"name\":\"Shop\",\"item\":\"https:\\\/\\\/bpk-archive.de\\\/tuellmann\\\/shop\\\/\"},{\"@type\":\"ListItem\",\"position\":3,\"name\":\"Deutschkurs im Sprachlabor f\u00fcr Gastarbeiter bei den Farbwerken Hoechst\"}]},{\"@type\":\"WebSite\",\"@id\":\"https:\\\/\\\/bpk-archive.de\\\/tuellmann\\\/#website\",\"url\":\"https:\\\/\\\/bpk-archive.de\\\/tuellmann\\\/\",\"name\":\"Abisag T\u00fcllmann\",\"description\":\"Eine weitere WordPress-Website\",\"potentialAction\":[{\"@type\":\"SearchAction\",\"target\":{\"@type\":\"EntryPoint\",\"urlTemplate\":\"https:\\\/\\\/bpk-archive.de\\\/tuellmann\\\/?s={search_term_string}\"},\"query-input\":{\"@type\":\"PropertyValueSpecification\",\"valueRequired\":true,\"valueName\":\"search_term_string\"}}],\"inLanguage\":\"de\"}]}<\/script>\n<!-- \/ Yoast SEO plugin. -->","yoast_head_json":{"title":"Deutschkurs im Sprachlabor f\u00fcr Gastarbeiter bei den Farbwerken Hoechst - Abisag T\u00fcllmann","robots":{"index":"index","follow":"follow","max-snippet":"max-snippet:-1","max-image-preview":"max-image-preview:large","max-video-preview":"max-video-preview:-1"},"canonical":"https:\/\/bpk-archive.de\/tuellmann\/produkt\/deutschkurs-im-sprachlabor-fuer-gastarbeiter-bei-den-farbwerken-hoechst\/","og_locale":"de_DE","og_type":"article","og_title":"Deutschkurs im Sprachlabor f\u00fcr Gastarbeiter bei den Farbwerken Hoechst - Abisag T\u00fcllmann","og_description":"R\u00fcckseitenbeschriftung von Hand der Fotografin: &#8222;spanische Gastarbeiter lernen Deutsch (Farbwerke Hoechst)&#8220;","og_url":"https:\/\/bpk-archive.de\/tuellmann\/produkt\/deutschkurs-im-sprachlabor-fuer-gastarbeiter-bei-den-farbwerken-hoechst\/","og_site_name":"Abisag T\u00fcllmann","article_modified_time":"2020-08-11T14:38:02+00:00","og_image":[{"width":1001,"height":1200,"url":"https:\/\/bpk-archive.de\/tuellmann\/wp-content\/uploads\/2019\/08\/bpk_70298283.jpg","type":"image\/jpeg"}],"twitter_card":"summary_large_image","schema":{"@context":"https:\/\/schema.org","@graph":[{"@type":"WebPage","@id":"https:\/\/bpk-archive.de\/tuellmann\/produkt\/deutschkurs-im-sprachlabor-fuer-gastarbeiter-bei-den-farbwerken-hoechst\/","url":"https:\/\/bpk-archive.de\/tuellmann\/produkt\/deutschkurs-im-sprachlabor-fuer-gastarbeiter-bei-den-farbwerken-hoechst\/","name":"Deutschkurs im Sprachlabor f\u00fcr Gastarbeiter bei den Farbwerken Hoechst - Abisag T\u00fcllmann","isPartOf":{"@id":"https:\/\/bpk-archive.de\/tuellmann\/#website"},"primaryImageOfPage":{"@id":"https:\/\/bpk-archive.de\/tuellmann\/produkt\/deutschkurs-im-sprachlabor-fuer-gastarbeiter-bei-den-farbwerken-hoechst\/#primaryimage"},"image":{"@id":"https:\/\/bpk-archive.de\/tuellmann\/produkt\/deutschkurs-im-sprachlabor-fuer-gastarbeiter-bei-den-farbwerken-hoechst\/#primaryimage"},"thumbnailUrl":"https:\/\/bpk-archive.de\/tuellmann\/wp-content\/uploads\/2019\/08\/bpk_70298283.jpg","datePublished":"2019-09-05T13:06:20+00:00","dateModified":"2020-08-11T14:38:02+00:00","breadcrumb":{"@id":"https:\/\/bpk-archive.de\/tuellmann\/produkt\/deutschkurs-im-sprachlabor-fuer-gastarbeiter-bei-den-farbwerken-hoechst\/#breadcrumb"},"inLanguage":"de","potentialAction":[{"@type":"ReadAction","target":["https:\/\/bpk-archive.de\/tuellmann\/produkt\/deutschkurs-im-sprachlabor-fuer-gastarbeiter-bei-den-farbwerken-hoechst\/"]}]},{"@type":"ImageObject","inLanguage":"de","@id":"https:\/\/bpk-archive.de\/tuellmann\/produkt\/deutschkurs-im-sprachlabor-fuer-gastarbeiter-bei-den-farbwerken-hoechst\/#primaryimage","url":"https:\/\/bpk-archive.de\/tuellmann\/wp-content\/uploads\/2019\/08\/bpk_70298283.jpg","contentUrl":"https:\/\/bpk-archive.de\/tuellmann\/wp-content\/uploads\/2019\/08\/bpk_70298283.jpg","width":1001,"height":1200,"caption":"Deutschkurs im Sprachlabor f\u00fcr Gastarbeiter bei den Farbwerken Hoechst"},{"@type":"BreadcrumbList","@id":"https:\/\/bpk-archive.de\/tuellmann\/produkt\/deutschkurs-im-sprachlabor-fuer-gastarbeiter-bei-den-farbwerken-hoechst\/#breadcrumb","itemListElement":[{"@type":"ListItem","position":1,"name":"Startseite","item":"https:\/\/bpk-archive.de\/tuellmann\/"},{"@type":"ListItem","position":2,"name":"Shop","item":"https:\/\/bpk-archive.de\/tuellmann\/shop\/"},{"@type":"ListItem","position":3,"name":"Deutschkurs im Sprachlabor f\u00fcr Gastarbeiter bei den Farbwerken Hoechst"}]},{"@type":"WebSite","@id":"https:\/\/bpk-archive.de\/tuellmann\/#website","url":"https:\/\/bpk-archive.de\/tuellmann\/","name":"Abisag T\u00fcllmann","description":"Eine weitere WordPress-Website","potentialAction":[{"@type":"SearchAction","target":{"@type":"EntryPoint","urlTemplate":"https:\/\/bpk-archive.de\/tuellmann\/?s={search_term_string}"},"query-input":{"@type":"PropertyValueSpecification","valueRequired":true,"valueName":"search_term_string"}}],"inLanguage":"de"}]}},"_links":{"self":[{"href":"https:\/\/bpk-archive.de\/tuellmann\/wp-json\/wp\/v2\/product\/70295375","targetHints":{"allow":["GET"]}}],"collection":[{"href":"https:\/\/bpk-archive.de\/tuellmann\/wp-json\/wp\/v2\/product"}],"about":[{"href":"https:\/\/bpk-archive.de\/tuellmann\/wp-json\/wp\/v2\/types\/product"}],"wp:featuredmedia":[{"embeddable":true,"href":"https:\/\/bpk-archive.de\/tuellmann\/wp-json\/wp\/v2\/media\/70293220"}],"wp:attachment":[{"href":"https:\/\/bpk-archive.de\/tuellmann\/wp-json\/wp\/v2\/media?parent=70295375"}],"wp:term":[{"taxonomy":"product_brand","embeddable":true,"href":"https:\/\/bpk-archive.de\/tuellmann\/wp-json\/wp\/v2\/product_brand?post=70295375"},{"taxonomy":"product_cat","embeddable":true,"href":"https:\/\/bpk-archive.de\/tuellmann\/wp-json\/wp\/v2\/product_cat?post=70295375"},{"taxonomy":"product_tag","embeddable":true,"href":"https:\/\/bpk-archive.de\/tuellmann\/wp-json\/wp\/v2\/product_tag?post=70295375"}],"curies":[{"name":"wp","href":"https:\/\/api.w.org\/{rel}","templated":true}]}}