{"id":70295369,"date":"2019-09-05T15:05:56","date_gmt":"2019-09-05T13:05:56","guid":{"rendered":"http:\/\/abisagtuellmann.bpk-news.de\/atbild\/begin-anhaenger-bei-einer-wahlveranstaltung-des-likud-in-lod-4\/"},"modified":"2019-09-05T15:06:18","modified_gmt":"2019-09-05T13:06:18","slug":"begin-anhaenger-bei-einer-wahlveranstaltung-des-likud-in-lod-4","status":"publish","type":"product","link":"https:\/\/bpk-archive.de\/tuellmann\/produkt\/begin-anhaenger-bei-einer-wahlveranstaltung-des-likud-in-lod-4\/","title":{"rendered":"Begin Anh\u00e4nger bei einer Wahlveranstaltung des Likud in Lod"},"content":{"rendered":"<p>R\u00fcckseitenbeschriftung von Hand der Fotografin: &#8222;Begin Anh\u00e4nger in Lod&#8220;<\/p>\n","protected":false},"excerpt":{"rendered":"<p>R\u00fcckseitenbeschriftung von Hand der Fotografin: &#8222;Begin Anh\u00e4nger in Lod&#8220;<\/p>\n","protected":false},"featured_media":70292872,"template":"","meta":[],"product_brand":[],"product_cat":[],"product_tag":[48238,47237,13232,13234,13231,13233,47238,47922,47923,48353,47239,13777,47240,48294,48295,48296,47241,13250,48302,48242,13260,48303,51103,51104,13293,13786,13787,13294,13295,13296,13297,47267,51110,51111,13301,47279,47747,47750,47280,47281,47282,47283,47284,48304,48305,47751,47752,47755,47756,47757,47758,47759,13818,13819,48012,48013,13826,48259,13319,13320,13321,13322,13323,47320,48316,48317,48318,48319,48320,48321,48264,48265,13328,13827,13828,13329,13330,13331,13332,47332,13843,47333,47334,47335,47336,47337,53115,53116,53117,53118,53119,53120,13877,13879,13865,13864,13866,13858,13859,13860,13861,13862,13863,13869,13870,13871,13872,13878,13880,13375,13376,48323,48324,48325,48326,48327,48328,48329,48330],"class_list":{"0":"post-70295369","1":"product","2":"type-product","3":"status-publish","4":"has-post-thumbnail","6":"product_tag-16-8-1913-9-3-1992","7":"product_tag-1980er-jahre","8":"product_tag-20-jahrhundert-nach-chr","9":"product_tag-20-jh-n-chr","10":"product_tag-20-jahrhundert","11":"product_tag-20-jh","12":"product_tag-80er","13":"product_tag-absperrung","14":"product_tag-absperrungen","15":"product_tag-abt_000","16":"product_tag-abt_001","17":"product_tag-abzug","18":"product_tag-achtziger","19":"product_tag-al-ludd","20":"product_tag-anhaenger","21":"product_tag-anhaengern","22":"product_tag-at_israel","23":"product_tag-aussen","24":"product_tag-begeisterung","25":"product_tag-begin","26":"product_tag-draussen","27":"product_tag-fanatismus","28":"product_tag-faust","29":"product_tag-faeuste","30":"product_tag-foto","31":"product_tag-fotoabzug","32":"product_tag-fotoabzuege","33":"product_tag-fotografie","34":"product_tag-fotografien","35":"product_tag-fotografin","36":"product_tag-fotografinnen","37":"product_tag-fotoreportage","38":"product_tag-geballte-faust","39":"product_tag-geballte-faeuste","40":"product_tag-im-freien","41":"product_tag-israel","42":"product_tag-israeli","43":"product_tag-israelis","44":"product_tag-israelisch","45":"product_tag-israelische","46":"product_tag-israelischer","47":"product_tag-israelisches","48":"product_tag-israels","49":"product_tag-jubel","50":"product_tag-jubeln","51":"product_tag-jude","52":"product_tag-juden","53":"product_tag-juedisch","54":"product_tag-juedische","55":"product_tag-juedischen","56":"product_tag-juedischer","57":"product_tag-juedisches","58":"product_tag-mann","59":"product_tag-maenner","60":"product_tag-maennergruppe","61":"product_tag-maennergruppen","62":"product_tag-mannes","63":"product_tag-menachem","64":"product_tag-menschenansammlung","65":"product_tag-menschenauflauf","66":"product_tag-menschenmassen","67":"product_tag-menschenmenge","68":"product_tag-menschenschar","69":"product_tag-nahost","70":"product_tag-nationalismus","71":"product_tag-nationalistisch","72":"product_tag-nationalistische","73":"product_tag-nationalistischen","74":"product_tag-nationalistischer","75":"product_tag-nationalistisches","76":"product_tag-partei","77":"product_tag-parteien","78":"product_tag-photo","79":"product_tag-photoabzug","80":"product_tag-photoabzuege","81":"product_tag-photographie","82":"product_tag-photographien","83":"product_tag-photographin","84":"product_tag-photographinnen","85":"product_tag-photoreportage","86":"product_tag-print","87":"product_tag-reportage","88":"product_tag-reportagefoto","89":"product_tag-reportagefotografie","90":"product_tag-reportagephoto","91":"product_tag-reportagephotographie","92":"product_tag-rufen","93":"product_tag-rufend","94":"product_tag-rufende","95":"product_tag-rufenden","96":"product_tag-rufender","97":"product_tag-rufendes","98":"product_tag-s-w-fotografie","99":"product_tag-s-w-photographie","100":"product_tag-schwarzweissphotographie","101":"product_tag-schwarz-weiss-fotografie","102":"product_tag-schwarz-weiss-photographie","103":"product_tag-schwarzweiss","104":"product_tag-schwarzweisse","105":"product_tag-schwarzweissen","106":"product_tag-schwarzweisser","107":"product_tag-schwarzweisses","108":"product_tag-schwarzweissfotografie","109":"product_tag-silbergelatine","110":"product_tag-silbergelatineabzug","111":"product_tag-silbergelatineabzuege","112":"product_tag-silbergelatineprint","113":"product_tag-sw-fotografie","114":"product_tag-sw-photographie","115":"product_tag-veranstaltung","116":"product_tag-veranstaltungen","117":"product_tag-wahl","118":"product_tag-wahlen","119":"product_tag-waehler","120":"product_tag-waehlerschaft","121":"product_tag-wahlkampf","122":"product_tag-wahlkaempfe","123":"product_tag-wahlkampfs","124":"product_tag-zionismus","125":"pa_datierung-juni-1981","126":"pa_fotograf-abisag-tuellmann","127":"pa_geografischer_bezug-aufnahmeort-lod-israel","128":"pa_grunddaten_material_technik-foto-silbergelatine-auf-barytpapier","129":"pa_inventarnummer-tue-81-092a-07","130":"pa_jahr_von-48126","131":"pa_massangaben-bildformat-foto-233-x-303-cm","132":"pa_mediennummer-53113","133":"pa_objekt_typ-fotografie","135":"first","136":"instock","137":"product-type-simple"},"yoast_head":"<!-- This site is optimized with the Yoast SEO plugin v27.3 - https:\/\/yoast.com\/product\/yoast-seo-wordpress\/ -->\n<title>Begin Anh\u00e4nger bei einer Wahlveranstaltung des Likud in Lod - Abisag T\u00fcllmann<\/title>\n<meta name=\"robots\" content=\"index, follow, max-snippet:-1, max-image-preview:large, max-video-preview:-1\" \/>\n<link rel=\"canonical\" href=\"https:\/\/bpk-archive.de\/tuellmann\/produkt\/begin-anhaenger-bei-einer-wahlveranstaltung-des-likud-in-lod-4\/\" \/>\n<meta property=\"og:locale\" content=\"de_DE\" \/>\n<meta property=\"og:type\" content=\"article\" \/>\n<meta property=\"og:title\" content=\"Begin Anh\u00e4nger bei einer Wahlveranstaltung des Likud in Lod - Abisag T\u00fcllmann\" \/>\n<meta property=\"og:description\" content=\"R\u00fcckseitenbeschriftung von Hand der Fotografin: &#8222;Begin Anh\u00e4nger in Lod&#8220;\" \/>\n<meta property=\"og:url\" content=\"https:\/\/bpk-archive.de\/tuellmann\/produkt\/begin-anhaenger-bei-einer-wahlveranstaltung-des-likud-in-lod-4\/\" \/>\n<meta property=\"og:site_name\" content=\"Abisag T\u00fcllmann\" \/>\n<meta property=\"article:modified_time\" content=\"2019-09-05T13:06:18+00:00\" \/>\n<meta property=\"og:image\" content=\"https:\/\/bpk-archive.de\/tuellmann\/wp-content\/uploads\/2019\/08\/bpk_70270850.jpg\" \/>\n\t<meta property=\"og:image:width\" content=\"1200\" \/>\n\t<meta property=\"og:image:height\" content=\"932\" \/>\n\t<meta property=\"og:image:type\" content=\"image\/jpeg\" \/>\n<meta name=\"twitter:card\" content=\"summary_large_image\" \/>\n<script type=\"application\/ld+json\" class=\"yoast-schema-graph\">{\"@context\":\"https:\\\/\\\/schema.org\",\"@graph\":[{\"@type\":\"WebPage\",\"@id\":\"https:\\\/\\\/bpk-archive.de\\\/tuellmann\\\/produkt\\\/begin-anhaenger-bei-einer-wahlveranstaltung-des-likud-in-lod-4\\\/\",\"url\":\"https:\\\/\\\/bpk-archive.de\\\/tuellmann\\\/produkt\\\/begin-anhaenger-bei-einer-wahlveranstaltung-des-likud-in-lod-4\\\/\",\"name\":\"Begin Anh\u00e4nger bei einer Wahlveranstaltung des Likud in Lod - Abisag T\u00fcllmann\",\"isPartOf\":{\"@id\":\"https:\\\/\\\/bpk-archive.de\\\/tuellmann\\\/#website\"},\"primaryImageOfPage\":{\"@id\":\"https:\\\/\\\/bpk-archive.de\\\/tuellmann\\\/produkt\\\/begin-anhaenger-bei-einer-wahlveranstaltung-des-likud-in-lod-4\\\/#primaryimage\"},\"image\":{\"@id\":\"https:\\\/\\\/bpk-archive.de\\\/tuellmann\\\/produkt\\\/begin-anhaenger-bei-einer-wahlveranstaltung-des-likud-in-lod-4\\\/#primaryimage\"},\"thumbnailUrl\":\"https:\\\/\\\/bpk-archive.de\\\/tuellmann\\\/wp-content\\\/uploads\\\/2019\\\/08\\\/bpk_70270850.jpg\",\"datePublished\":\"2019-09-05T13:05:56+00:00\",\"dateModified\":\"2019-09-05T13:06:18+00:00\",\"breadcrumb\":{\"@id\":\"https:\\\/\\\/bpk-archive.de\\\/tuellmann\\\/produkt\\\/begin-anhaenger-bei-einer-wahlveranstaltung-des-likud-in-lod-4\\\/#breadcrumb\"},\"inLanguage\":\"de\",\"potentialAction\":[{\"@type\":\"ReadAction\",\"target\":[\"https:\\\/\\\/bpk-archive.de\\\/tuellmann\\\/produkt\\\/begin-anhaenger-bei-einer-wahlveranstaltung-des-likud-in-lod-4\\\/\"]}]},{\"@type\":\"ImageObject\",\"inLanguage\":\"de\",\"@id\":\"https:\\\/\\\/bpk-archive.de\\\/tuellmann\\\/produkt\\\/begin-anhaenger-bei-einer-wahlveranstaltung-des-likud-in-lod-4\\\/#primaryimage\",\"url\":\"https:\\\/\\\/bpk-archive.de\\\/tuellmann\\\/wp-content\\\/uploads\\\/2019\\\/08\\\/bpk_70270850.jpg\",\"contentUrl\":\"https:\\\/\\\/bpk-archive.de\\\/tuellmann\\\/wp-content\\\/uploads\\\/2019\\\/08\\\/bpk_70270850.jpg\",\"width\":1200,\"height\":932,\"caption\":\"Begin Anh\u00e4nger bei einer Wahlveranstaltung des Likud in Lod\"},{\"@type\":\"BreadcrumbList\",\"@id\":\"https:\\\/\\\/bpk-archive.de\\\/tuellmann\\\/produkt\\\/begin-anhaenger-bei-einer-wahlveranstaltung-des-likud-in-lod-4\\\/#breadcrumb\",\"itemListElement\":[{\"@type\":\"ListItem\",\"position\":1,\"name\":\"Startseite\",\"item\":\"https:\\\/\\\/bpk-archive.de\\\/tuellmann\\\/\"},{\"@type\":\"ListItem\",\"position\":2,\"name\":\"Shop\",\"item\":\"https:\\\/\\\/bpk-archive.de\\\/tuellmann\\\/shop\\\/\"},{\"@type\":\"ListItem\",\"position\":3,\"name\":\"Begin Anh\u00e4nger bei einer Wahlveranstaltung des Likud in Lod\"}]},{\"@type\":\"WebSite\",\"@id\":\"https:\\\/\\\/bpk-archive.de\\\/tuellmann\\\/#website\",\"url\":\"https:\\\/\\\/bpk-archive.de\\\/tuellmann\\\/\",\"name\":\"Abisag T\u00fcllmann\",\"description\":\"Eine weitere WordPress-Website\",\"potentialAction\":[{\"@type\":\"SearchAction\",\"target\":{\"@type\":\"EntryPoint\",\"urlTemplate\":\"https:\\\/\\\/bpk-archive.de\\\/tuellmann\\\/?s={search_term_string}\"},\"query-input\":{\"@type\":\"PropertyValueSpecification\",\"valueRequired\":true,\"valueName\":\"search_term_string\"}}],\"inLanguage\":\"de\"}]}<\/script>\n<!-- \/ Yoast SEO plugin. -->","yoast_head_json":{"title":"Begin Anh\u00e4nger bei einer Wahlveranstaltung des Likud in Lod - Abisag T\u00fcllmann","robots":{"index":"index","follow":"follow","max-snippet":"max-snippet:-1","max-image-preview":"max-image-preview:large","max-video-preview":"max-video-preview:-1"},"canonical":"https:\/\/bpk-archive.de\/tuellmann\/produkt\/begin-anhaenger-bei-einer-wahlveranstaltung-des-likud-in-lod-4\/","og_locale":"de_DE","og_type":"article","og_title":"Begin Anh\u00e4nger bei einer Wahlveranstaltung des Likud in Lod - Abisag T\u00fcllmann","og_description":"R\u00fcckseitenbeschriftung von Hand der Fotografin: &#8222;Begin Anh\u00e4nger in Lod&#8220;","og_url":"https:\/\/bpk-archive.de\/tuellmann\/produkt\/begin-anhaenger-bei-einer-wahlveranstaltung-des-likud-in-lod-4\/","og_site_name":"Abisag T\u00fcllmann","article_modified_time":"2019-09-05T13:06:18+00:00","og_image":[{"width":1200,"height":932,"url":"https:\/\/bpk-archive.de\/tuellmann\/wp-content\/uploads\/2019\/08\/bpk_70270850.jpg","type":"image\/jpeg"}],"twitter_card":"summary_large_image","schema":{"@context":"https:\/\/schema.org","@graph":[{"@type":"WebPage","@id":"https:\/\/bpk-archive.de\/tuellmann\/produkt\/begin-anhaenger-bei-einer-wahlveranstaltung-des-likud-in-lod-4\/","url":"https:\/\/bpk-archive.de\/tuellmann\/produkt\/begin-anhaenger-bei-einer-wahlveranstaltung-des-likud-in-lod-4\/","name":"Begin Anh\u00e4nger bei einer Wahlveranstaltung des Likud in Lod - Abisag T\u00fcllmann","isPartOf":{"@id":"https:\/\/bpk-archive.de\/tuellmann\/#website"},"primaryImageOfPage":{"@id":"https:\/\/bpk-archive.de\/tuellmann\/produkt\/begin-anhaenger-bei-einer-wahlveranstaltung-des-likud-in-lod-4\/#primaryimage"},"image":{"@id":"https:\/\/bpk-archive.de\/tuellmann\/produkt\/begin-anhaenger-bei-einer-wahlveranstaltung-des-likud-in-lod-4\/#primaryimage"},"thumbnailUrl":"https:\/\/bpk-archive.de\/tuellmann\/wp-content\/uploads\/2019\/08\/bpk_70270850.jpg","datePublished":"2019-09-05T13:05:56+00:00","dateModified":"2019-09-05T13:06:18+00:00","breadcrumb":{"@id":"https:\/\/bpk-archive.de\/tuellmann\/produkt\/begin-anhaenger-bei-einer-wahlveranstaltung-des-likud-in-lod-4\/#breadcrumb"},"inLanguage":"de","potentialAction":[{"@type":"ReadAction","target":["https:\/\/bpk-archive.de\/tuellmann\/produkt\/begin-anhaenger-bei-einer-wahlveranstaltung-des-likud-in-lod-4\/"]}]},{"@type":"ImageObject","inLanguage":"de","@id":"https:\/\/bpk-archive.de\/tuellmann\/produkt\/begin-anhaenger-bei-einer-wahlveranstaltung-des-likud-in-lod-4\/#primaryimage","url":"https:\/\/bpk-archive.de\/tuellmann\/wp-content\/uploads\/2019\/08\/bpk_70270850.jpg","contentUrl":"https:\/\/bpk-archive.de\/tuellmann\/wp-content\/uploads\/2019\/08\/bpk_70270850.jpg","width":1200,"height":932,"caption":"Begin Anh\u00e4nger bei einer Wahlveranstaltung des Likud in Lod"},{"@type":"BreadcrumbList","@id":"https:\/\/bpk-archive.de\/tuellmann\/produkt\/begin-anhaenger-bei-einer-wahlveranstaltung-des-likud-in-lod-4\/#breadcrumb","itemListElement":[{"@type":"ListItem","position":1,"name":"Startseite","item":"https:\/\/bpk-archive.de\/tuellmann\/"},{"@type":"ListItem","position":2,"name":"Shop","item":"https:\/\/bpk-archive.de\/tuellmann\/shop\/"},{"@type":"ListItem","position":3,"name":"Begin Anh\u00e4nger bei einer Wahlveranstaltung des Likud in Lod"}]},{"@type":"WebSite","@id":"https:\/\/bpk-archive.de\/tuellmann\/#website","url":"https:\/\/bpk-archive.de\/tuellmann\/","name":"Abisag T\u00fcllmann","description":"Eine weitere WordPress-Website","potentialAction":[{"@type":"SearchAction","target":{"@type":"EntryPoint","urlTemplate":"https:\/\/bpk-archive.de\/tuellmann\/?s={search_term_string}"},"query-input":{"@type":"PropertyValueSpecification","valueRequired":true,"valueName":"search_term_string"}}],"inLanguage":"de"}]}},"_links":{"self":[{"href":"https:\/\/bpk-archive.de\/tuellmann\/wp-json\/wp\/v2\/product\/70295369","targetHints":{"allow":["GET"]}}],"collection":[{"href":"https:\/\/bpk-archive.de\/tuellmann\/wp-json\/wp\/v2\/product"}],"about":[{"href":"https:\/\/bpk-archive.de\/tuellmann\/wp-json\/wp\/v2\/types\/product"}],"wp:featuredmedia":[{"embeddable":true,"href":"https:\/\/bpk-archive.de\/tuellmann\/wp-json\/wp\/v2\/media\/70292872"}],"wp:attachment":[{"href":"https:\/\/bpk-archive.de\/tuellmann\/wp-json\/wp\/v2\/media?parent=70295369"}],"wp:term":[{"taxonomy":"product_brand","embeddable":true,"href":"https:\/\/bpk-archive.de\/tuellmann\/wp-json\/wp\/v2\/product_brand?post=70295369"},{"taxonomy":"product_cat","embeddable":true,"href":"https:\/\/bpk-archive.de\/tuellmann\/wp-json\/wp\/v2\/product_cat?post=70295369"},{"taxonomy":"product_tag","embeddable":true,"href":"https:\/\/bpk-archive.de\/tuellmann\/wp-json\/wp\/v2\/product_tag?post=70295369"}],"curies":[{"name":"wp","href":"https:\/\/api.w.org\/{rel}","templated":true}]}}