{"id":70295358,"date":"2019-09-05T15:05:56","date_gmt":"2019-09-05T13:05:56","guid":{"rendered":"http:\/\/abisagtuellmann.bpk-news.de\/atbild\/in-der-israelischen-siedlung-ofra-im-besetzten-westjordanland-2\/"},"modified":"2019-09-05T15:06:05","modified_gmt":"2019-09-05T13:06:05","slug":"in-der-israelischen-siedlung-ofra-im-besetzten-westjordanland-2","status":"publish","type":"product","link":"https:\/\/bpk-archive.de\/tuellmann\/produkt\/in-der-israelischen-siedlung-ofra-im-besetzten-westjordanland-2\/","title":{"rendered":"In der israelischen Siedlung &#8222;Ofra&#8220; im besetzten Westjordanland"},"content":{"rendered":"<p>Ein Siedler pr\u00e4sentiert ein T-Shirt mit aufgedrucktem Symbol der Siedlung R\u00fcckseitenbeschriftung von Hand der Fotografin: &#8222;Israel, Siedlung &#8218;Ofra&#8216; im besetzten Gebiet &#8211; Auf das T-Shirt ist das Zeichen f\u00fcr &#8218;Ofra&#8216; aufgedruckt, hergestellt in der Siebdruckerei der Siedlung&#8220;<\/p>\n","protected":false},"excerpt":{"rendered":"<p>Ein Siedler pr\u00e4sentiert ein T-Shirt mit aufgedrucktem Symbol der Siedlung R\u00fcckseitenbeschriftung von Hand der Fotografin: &#8222;Israel, Siedlung &#8218;Ofra&#8216; im besetzten Gebiet &#8211; Auf das T-Shirt ist das Zeichen f\u00fcr &#8218;Ofra&#8216; aufgedruckt, hergestellt in der Siebdruckerei der Siedlung&#8220;<\/p>\n","protected":false},"featured_media":70292890,"template":"","meta":[],"product_brand":[],"product_cat":[],"product_tag":[13230,13232,13234,13231,13233,13235,48353,47239,13777,47456,47457,47458,47459,47460,47461,47462,13604,13605,47241,52993,48438,49468,47876,47877,47878,47879,47245,47246,47247,47248,47249,47250,47251,47252,47253,47254,47255,13784,13785,13473,52994,52995,52996,49335,49336,51012,13293,13786,13787,13294,13295,13296,13297,47267,48627,48628,48629,48630,48631,51014,13498,47279,47747,47750,47280,47281,47282,47283,47284,47751,47752,47755,47756,47757,47758,47759,49482,50507,51256,13818,13819,13820,13821,13822,13823,13824,13825,13826,52997,47320,47322,47321,47323,48070,47327,47328,47329,47330,47331,13328,13827,13828,13329,13330,13331,13332,47332,13829,13830,13831,13832,13833,13834,13835,13836,13837,13838,13839,13840,13841,13842,13843,51026,13844,13845,13846,13847,47958,47333,47334,47335,47336,47337,13877,13879,48364,48365,13865,13864,13866,13858,13859,13860,13861,13862,13863,13868,52998,52999,53000,53001,53002,13354,48159,48160,48161,13869,13870,13871,13872,53003,49642,49643,49644,49645,49646,13878,13880,51266,51267,51270,51271,53004,13525,48944,48945,48034,13882],"class_list":{"0":"post-70295358","1":"product","2":"type-product","3":"status-publish","4":"has-post-thumbnail","6":"product_tag-1970er-jahre","7":"product_tag-20-jahrhundert-nach-chr","8":"product_tag-20-jh-n-chr","9":"product_tag-20-jahrhundert","10":"product_tag-20-jh","11":"product_tag-70er","12":"product_tag-abt_000","13":"product_tag-abt_001","14":"product_tag-abzug","15":"product_tag-arbeit","16":"product_tag-arbeiten","17":"product_tag-arbeitend","18":"product_tag-arbeitende","19":"product_tag-arbeitenden","20":"product_tag-arbeitender","21":"product_tag-arbeitendes","22":"product_tag-arbeiter","23":"product_tag-arbeitern","24":"product_tag-at_israel","25":"product_tag-aufdruck","26":"product_tag-aufschrift","27":"product_tag-bekleidung","28":"product_tag-beruf","29":"product_tag-berufe","30":"product_tag-berufes","31":"product_tag-berufs","32":"product_tag-besatzungszeit","33":"product_tag-besatzungszone","34":"product_tag-besatzungszonen","35":"product_tag-besetzen","36":"product_tag-besetzt","37":"product_tag-besetzte","38":"product_tag-besetzten","39":"product_tag-besetzter","40":"product_tag-besetztes","41":"product_tag-besetzung","42":"product_tag-besetzungen","43":"product_tag-bildnis","44":"product_tag-bildnisse","45":"product_tag-drinnen","46":"product_tag-druckerei","47":"product_tag-druckerwerkstatt","48":"product_tag-druckwerkstatt","49":"product_tag-ei","50":"product_tag-eier","51":"product_tag-fertigung","52":"product_tag-foto","53":"product_tag-fotoabzug","54":"product_tag-fotoabzuege","55":"product_tag-fotografie","56":"product_tag-fotografien","57":"product_tag-fotografin","58":"product_tag-fotografinnen","59":"product_tag-fotoreportage","60":"product_tag-hebraeisch","61":"product_tag-hebraeische","62":"product_tag-hebraeischen","63":"product_tag-hebraeischer","64":"product_tag-hebraeisches","65":"product_tag-herstellung","66":"product_tag-innen","67":"product_tag-israel","68":"product_tag-israeli","69":"product_tag-israelis","70":"product_tag-israelisch","71":"product_tag-israelische","72":"product_tag-israelischer","73":"product_tag-israelisches","74":"product_tag-israels","75":"product_tag-jude","76":"product_tag-juden","77":"product_tag-juedisch","78":"product_tag-juedische","79":"product_tag-juedischen","80":"product_tag-juedischer","81":"product_tag-juedisches","82":"product_tag-kleidung","83":"product_tag-kueken","84":"product_tag-logo","85":"product_tag-mann","86":"product_tag-maenner","87":"product_tag-maennerbildnis","88":"product_tag-maennerbildnisse","89":"product_tag-maennerportrait","90":"product_tag-maennerportraits","91":"product_tag-maennerportraet","92":"product_tag-maennerportraets","93":"product_tag-mannes","94":"product_tag-motiv","95":"product_tag-nahost","96":"product_tag-nahost-konflikt","97":"product_tag-nahostkonflikt","98":"product_tag-okkupation","99":"product_tag-palaestina","100":"product_tag-palaestinensisch","101":"product_tag-palaestinensische","102":"product_tag-palaestinensischen","103":"product_tag-palaestinensischer","104":"product_tag-palaestinensisches","105":"product_tag-photo","106":"product_tag-photoabzug","107":"product_tag-photoabzuege","108":"product_tag-photographie","109":"product_tag-photographien","110":"product_tag-photographin","111":"product_tag-photographinnen","112":"product_tag-photoreportage","113":"product_tag-portrait","114":"product_tag-portraitaufnahme","115":"product_tag-portraitfoto","116":"product_tag-portraitfotografie","117":"product_tag-portraitphoto","118":"product_tag-portraitphotographie","119":"product_tag-portraits","120":"product_tag-portraet","121":"product_tag-portraetaufnahme","122":"product_tag-portraetfoto","123":"product_tag-portraetfotografie","124":"product_tag-portraetphoto","125":"product_tag-portraetphotographie","126":"product_tag-portraets","127":"product_tag-print","128":"product_tag-produktion","129":"product_tag-profil","130":"product_tag-profilansicht","131":"product_tag-profilbild","132":"product_tag-profilbildnis","133":"product_tag-querformat","134":"product_tag-reportage","135":"product_tag-reportagefoto","136":"product_tag-reportagefotografie","137":"product_tag-reportagephoto","138":"product_tag-reportagephotographie","139":"product_tag-s-w-fotografie","140":"product_tag-s-w-photographie","141":"product_tag-schrift","142":"product_tag-schriften","143":"product_tag-schwarzweissphotographie","144":"product_tag-schwarz-weiss-fotografie","145":"product_tag-schwarz-weiss-photographie","146":"product_tag-schwarzweiss","147":"product_tag-schwarzweisse","148":"product_tag-schwarzweissen","149":"product_tag-schwarzweisser","150":"product_tag-schwarzweisses","151":"product_tag-schwarzweissfotografie","152":"product_tag-seitlich","153":"product_tag-siebdruck","154":"product_tag-siebdrucke","155":"product_tag-siebdrucken","156":"product_tag-siebdruckes","157":"product_tag-siebdrucks","158":"product_tag-siebziger","159":"product_tag-siedler","160":"product_tag-siedlung","161":"product_tag-siedlungen","162":"product_tag-silbergelatine","163":"product_tag-silbergelatineabzug","164":"product_tag-silbergelatineabzuege","165":"product_tag-silbergelatineprint","166":"product_tag-stoffdruck","167":"product_tag-stolz","168":"product_tag-stolze","169":"product_tag-stolzen","170":"product_tag-stolzer","171":"product_tag-stolzes","172":"product_tag-sw-fotografie","173":"product_tag-sw-photographie","174":"product_tag-symbol","175":"product_tag-symbole","176":"product_tag-t-shirt","177":"product_tag-t-shirts","178":"product_tag-textildruck","179":"product_tag-von-innen","180":"product_tag-westbank","181":"product_tag-westjordanland","182":"product_tag-zeigen","183":"product_tag-zur-seite","184":"pa_datierung-august-1977","185":"pa_fotograf-abisag-tuellmann","186":"pa_geografischer_bezug-aufnahmeort-ofra-israel-westjordanland","187":"pa_grunddaten_material_technik-foto-silbergelatine-auf-barytpapier","188":"pa_inventarnummer-tue-77-311-33a","189":"pa_jahr_von-49467","190":"pa_massangaben-bildformat-foto-233-x-304-cm","191":"pa_mediennummer-52991","192":"pa_objekt_typ-fotografie","194":"first","195":"instock","196":"product-type-simple"},"yoast_head":"<!-- This site is optimized with the Yoast SEO plugin v27.4 - https:\/\/yoast.com\/product\/yoast-seo-wordpress\/ -->\n<title>In der israelischen Siedlung &quot;Ofra&quot; im besetzten Westjordanland - Abisag T\u00fcllmann<\/title>\n<meta name=\"robots\" content=\"index, follow, max-snippet:-1, max-image-preview:large, max-video-preview:-1\" \/>\n<link rel=\"canonical\" href=\"https:\/\/bpk-archive.de\/tuellmann\/produkt\/in-der-israelischen-siedlung-ofra-im-besetzten-westjordanland-2\/\" \/>\n<meta property=\"og:locale\" content=\"de_DE\" \/>\n<meta property=\"og:type\" content=\"article\" \/>\n<meta property=\"og:title\" content=\"In der israelischen Siedlung &quot;Ofra&quot; im besetzten Westjordanland - Abisag T\u00fcllmann\" \/>\n<meta property=\"og:description\" content=\"Ein Siedler pr\u00e4sentiert ein T-Shirt mit aufgedrucktem Symbol der Siedlung R\u00fcckseitenbeschriftung von Hand der Fotografin: &#8222;Israel, Siedlung &#8218;Ofra&#8216; im besetzten Gebiet &#8211; Auf das T-Shirt ist das Zeichen f\u00fcr &#8218;Ofra&#8216; aufgedruckt, hergestellt in der Siebdruckerei der Siedlung&#8220;\" \/>\n<meta property=\"og:url\" content=\"https:\/\/bpk-archive.de\/tuellmann\/produkt\/in-der-israelischen-siedlung-ofra-im-besetzten-westjordanland-2\/\" \/>\n<meta property=\"og:site_name\" content=\"Abisag T\u00fcllmann\" \/>\n<meta property=\"article:modified_time\" content=\"2019-09-05T13:06:05+00:00\" \/>\n<meta property=\"og:image\" content=\"https:\/\/bpk-archive.de\/tuellmann\/wp-content\/uploads\/2019\/08\/bpk_70271073.jpg\" \/>\n\t<meta property=\"og:image:width\" content=\"1200\" \/>\n\t<meta property=\"og:image:height\" content=\"940\" \/>\n\t<meta property=\"og:image:type\" content=\"image\/jpeg\" \/>\n<meta name=\"twitter:card\" content=\"summary_large_image\" \/>\n<script type=\"application\/ld+json\" class=\"yoast-schema-graph\">{\"@context\":\"https:\\\/\\\/schema.org\",\"@graph\":[{\"@type\":\"WebPage\",\"@id\":\"https:\\\/\\\/bpk-archive.de\\\/tuellmann\\\/produkt\\\/in-der-israelischen-siedlung-ofra-im-besetzten-westjordanland-2\\\/\",\"url\":\"https:\\\/\\\/bpk-archive.de\\\/tuellmann\\\/produkt\\\/in-der-israelischen-siedlung-ofra-im-besetzten-westjordanland-2\\\/\",\"name\":\"In der israelischen Siedlung \\\"Ofra\\\" im besetzten Westjordanland - Abisag T\u00fcllmann\",\"isPartOf\":{\"@id\":\"https:\\\/\\\/bpk-archive.de\\\/tuellmann\\\/#website\"},\"primaryImageOfPage\":{\"@id\":\"https:\\\/\\\/bpk-archive.de\\\/tuellmann\\\/produkt\\\/in-der-israelischen-siedlung-ofra-im-besetzten-westjordanland-2\\\/#primaryimage\"},\"image\":{\"@id\":\"https:\\\/\\\/bpk-archive.de\\\/tuellmann\\\/produkt\\\/in-der-israelischen-siedlung-ofra-im-besetzten-westjordanland-2\\\/#primaryimage\"},\"thumbnailUrl\":\"https:\\\/\\\/bpk-archive.de\\\/tuellmann\\\/wp-content\\\/uploads\\\/2019\\\/08\\\/bpk_70271073.jpg\",\"datePublished\":\"2019-09-05T13:05:56+00:00\",\"dateModified\":\"2019-09-05T13:06:05+00:00\",\"breadcrumb\":{\"@id\":\"https:\\\/\\\/bpk-archive.de\\\/tuellmann\\\/produkt\\\/in-der-israelischen-siedlung-ofra-im-besetzten-westjordanland-2\\\/#breadcrumb\"},\"inLanguage\":\"de\",\"potentialAction\":[{\"@type\":\"ReadAction\",\"target\":[\"https:\\\/\\\/bpk-archive.de\\\/tuellmann\\\/produkt\\\/in-der-israelischen-siedlung-ofra-im-besetzten-westjordanland-2\\\/\"]}]},{\"@type\":\"ImageObject\",\"inLanguage\":\"de\",\"@id\":\"https:\\\/\\\/bpk-archive.de\\\/tuellmann\\\/produkt\\\/in-der-israelischen-siedlung-ofra-im-besetzten-westjordanland-2\\\/#primaryimage\",\"url\":\"https:\\\/\\\/bpk-archive.de\\\/tuellmann\\\/wp-content\\\/uploads\\\/2019\\\/08\\\/bpk_70271073.jpg\",\"contentUrl\":\"https:\\\/\\\/bpk-archive.de\\\/tuellmann\\\/wp-content\\\/uploads\\\/2019\\\/08\\\/bpk_70271073.jpg\",\"width\":1200,\"height\":940,\"caption\":\"In der israelischen Siedlung \\\"Ofra\\\" im besetzten Westjordanland\"},{\"@type\":\"BreadcrumbList\",\"@id\":\"https:\\\/\\\/bpk-archive.de\\\/tuellmann\\\/produkt\\\/in-der-israelischen-siedlung-ofra-im-besetzten-westjordanland-2\\\/#breadcrumb\",\"itemListElement\":[{\"@type\":\"ListItem\",\"position\":1,\"name\":\"Startseite\",\"item\":\"https:\\\/\\\/bpk-archive.de\\\/tuellmann\\\/\"},{\"@type\":\"ListItem\",\"position\":2,\"name\":\"Shop\",\"item\":\"https:\\\/\\\/bpk-archive.de\\\/tuellmann\\\/shop\\\/\"},{\"@type\":\"ListItem\",\"position\":3,\"name\":\"In der israelischen Siedlung &#8220;Ofra&#8221; im besetzten Westjordanland\"}]},{\"@type\":\"WebSite\",\"@id\":\"https:\\\/\\\/bpk-archive.de\\\/tuellmann\\\/#website\",\"url\":\"https:\\\/\\\/bpk-archive.de\\\/tuellmann\\\/\",\"name\":\"Abisag T\u00fcllmann\",\"description\":\"Eine weitere WordPress-Website\",\"potentialAction\":[{\"@type\":\"SearchAction\",\"target\":{\"@type\":\"EntryPoint\",\"urlTemplate\":\"https:\\\/\\\/bpk-archive.de\\\/tuellmann\\\/?s={search_term_string}\"},\"query-input\":{\"@type\":\"PropertyValueSpecification\",\"valueRequired\":true,\"valueName\":\"search_term_string\"}}],\"inLanguage\":\"de\"}]}<\/script>\n<!-- \/ Yoast SEO plugin. -->","yoast_head_json":{"title":"In der israelischen Siedlung \"Ofra\" im besetzten Westjordanland - Abisag T\u00fcllmann","robots":{"index":"index","follow":"follow","max-snippet":"max-snippet:-1","max-image-preview":"max-image-preview:large","max-video-preview":"max-video-preview:-1"},"canonical":"https:\/\/bpk-archive.de\/tuellmann\/produkt\/in-der-israelischen-siedlung-ofra-im-besetzten-westjordanland-2\/","og_locale":"de_DE","og_type":"article","og_title":"In der israelischen Siedlung \"Ofra\" im besetzten Westjordanland - Abisag T\u00fcllmann","og_description":"Ein Siedler pr\u00e4sentiert ein T-Shirt mit aufgedrucktem Symbol der Siedlung R\u00fcckseitenbeschriftung von Hand der Fotografin: &#8222;Israel, Siedlung &#8218;Ofra&#8216; im besetzten Gebiet &#8211; Auf das T-Shirt ist das Zeichen f\u00fcr &#8218;Ofra&#8216; aufgedruckt, hergestellt in der Siebdruckerei der Siedlung&#8220;","og_url":"https:\/\/bpk-archive.de\/tuellmann\/produkt\/in-der-israelischen-siedlung-ofra-im-besetzten-westjordanland-2\/","og_site_name":"Abisag T\u00fcllmann","article_modified_time":"2019-09-05T13:06:05+00:00","og_image":[{"width":1200,"height":940,"url":"https:\/\/bpk-archive.de\/tuellmann\/wp-content\/uploads\/2019\/08\/bpk_70271073.jpg","type":"image\/jpeg"}],"twitter_card":"summary_large_image","schema":{"@context":"https:\/\/schema.org","@graph":[{"@type":"WebPage","@id":"https:\/\/bpk-archive.de\/tuellmann\/produkt\/in-der-israelischen-siedlung-ofra-im-besetzten-westjordanland-2\/","url":"https:\/\/bpk-archive.de\/tuellmann\/produkt\/in-der-israelischen-siedlung-ofra-im-besetzten-westjordanland-2\/","name":"In der israelischen Siedlung \"Ofra\" im besetzten Westjordanland - Abisag T\u00fcllmann","isPartOf":{"@id":"https:\/\/bpk-archive.de\/tuellmann\/#website"},"primaryImageOfPage":{"@id":"https:\/\/bpk-archive.de\/tuellmann\/produkt\/in-der-israelischen-siedlung-ofra-im-besetzten-westjordanland-2\/#primaryimage"},"image":{"@id":"https:\/\/bpk-archive.de\/tuellmann\/produkt\/in-der-israelischen-siedlung-ofra-im-besetzten-westjordanland-2\/#primaryimage"},"thumbnailUrl":"https:\/\/bpk-archive.de\/tuellmann\/wp-content\/uploads\/2019\/08\/bpk_70271073.jpg","datePublished":"2019-09-05T13:05:56+00:00","dateModified":"2019-09-05T13:06:05+00:00","breadcrumb":{"@id":"https:\/\/bpk-archive.de\/tuellmann\/produkt\/in-der-israelischen-siedlung-ofra-im-besetzten-westjordanland-2\/#breadcrumb"},"inLanguage":"de","potentialAction":[{"@type":"ReadAction","target":["https:\/\/bpk-archive.de\/tuellmann\/produkt\/in-der-israelischen-siedlung-ofra-im-besetzten-westjordanland-2\/"]}]},{"@type":"ImageObject","inLanguage":"de","@id":"https:\/\/bpk-archive.de\/tuellmann\/produkt\/in-der-israelischen-siedlung-ofra-im-besetzten-westjordanland-2\/#primaryimage","url":"https:\/\/bpk-archive.de\/tuellmann\/wp-content\/uploads\/2019\/08\/bpk_70271073.jpg","contentUrl":"https:\/\/bpk-archive.de\/tuellmann\/wp-content\/uploads\/2019\/08\/bpk_70271073.jpg","width":1200,"height":940,"caption":"In der israelischen Siedlung \"Ofra\" im besetzten Westjordanland"},{"@type":"BreadcrumbList","@id":"https:\/\/bpk-archive.de\/tuellmann\/produkt\/in-der-israelischen-siedlung-ofra-im-besetzten-westjordanland-2\/#breadcrumb","itemListElement":[{"@type":"ListItem","position":1,"name":"Startseite","item":"https:\/\/bpk-archive.de\/tuellmann\/"},{"@type":"ListItem","position":2,"name":"Shop","item":"https:\/\/bpk-archive.de\/tuellmann\/shop\/"},{"@type":"ListItem","position":3,"name":"In der israelischen Siedlung &#8220;Ofra&#8221; im besetzten Westjordanland"}]},{"@type":"WebSite","@id":"https:\/\/bpk-archive.de\/tuellmann\/#website","url":"https:\/\/bpk-archive.de\/tuellmann\/","name":"Abisag T\u00fcllmann","description":"Eine weitere WordPress-Website","potentialAction":[{"@type":"SearchAction","target":{"@type":"EntryPoint","urlTemplate":"https:\/\/bpk-archive.de\/tuellmann\/?s={search_term_string}"},"query-input":{"@type":"PropertyValueSpecification","valueRequired":true,"valueName":"search_term_string"}}],"inLanguage":"de"}]}},"_links":{"self":[{"href":"https:\/\/bpk-archive.de\/tuellmann\/wp-json\/wp\/v2\/product\/70295358","targetHints":{"allow":["GET"]}}],"collection":[{"href":"https:\/\/bpk-archive.de\/tuellmann\/wp-json\/wp\/v2\/product"}],"about":[{"href":"https:\/\/bpk-archive.de\/tuellmann\/wp-json\/wp\/v2\/types\/product"}],"wp:featuredmedia":[{"embeddable":true,"href":"https:\/\/bpk-archive.de\/tuellmann\/wp-json\/wp\/v2\/media\/70292890"}],"wp:attachment":[{"href":"https:\/\/bpk-archive.de\/tuellmann\/wp-json\/wp\/v2\/media?parent=70295358"}],"wp:term":[{"taxonomy":"product_brand","embeddable":true,"href":"https:\/\/bpk-archive.de\/tuellmann\/wp-json\/wp\/v2\/product_brand?post=70295358"},{"taxonomy":"product_cat","embeddable":true,"href":"https:\/\/bpk-archive.de\/tuellmann\/wp-json\/wp\/v2\/product_cat?post=70295358"},{"taxonomy":"product_tag","embeddable":true,"href":"https:\/\/bpk-archive.de\/tuellmann\/wp-json\/wp\/v2\/product_tag?post=70295358"}],"curies":[{"name":"wp","href":"https:\/\/api.w.org\/{rel}","templated":true}]}}