{"id":70295355,"date":"2019-09-05T15:05:56","date_gmt":"2019-09-05T13:05:56","guid":{"rendered":"http:\/\/abisagtuellmann.bpk-news.de\/atbild\/im-stadtteil-morasha-in-jerusalem\/"},"modified":"2019-09-05T15:06:01","modified_gmt":"2019-09-05T13:06:01","slug":"im-stadtteil-morasha-in-jerusalem","status":"publish","type":"product","link":"https:\/\/bpk-archive.de\/tuellmann\/produkt\/im-stadtteil-morasha-in-jerusalem\/","title":{"rendered":"Im Stadtteil Morasha in Jerusalem"},"content":{"rendered":"<p>J\u00fcdisch-orthodoxe Passanten vor einer Wand mit Wahlplakaten und &#8222;Marlboro&#8220;-Reklame R\u00fcckseitenbeschriftung von anderer Hand: &#8222;Jerusalem&#8220;<\/p>\n","protected":false},"excerpt":{"rendered":"<p>J\u00fcdisch-orthodoxe Passanten vor einer Wand mit Wahlplakaten und &#8222;Marlboro&#8220;-Reklame R\u00fcckseitenbeschriftung von anderer Hand: &#8222;Jerusalem&#8220;<\/p>\n","protected":false},"featured_media":70292314,"template":"","meta":[],"product_brand":[],"product_cat":[],"product_tag":[47237,13232,13234,13231,13233,47238,48353,47239,13777,47240,47541,47542,47543,47544,47545,47546,47547,47548,47241,13250,48047,48048,48049,48050,48051,13260,13293,13786,13787,13294,13295,13296,13297,47267,47556,47427,47428,49214,49215,47378,47379,47380,47381,47382,47557,47558,47559,48627,48628,48629,48630,48631,13794,13795,13798,13799,13800,13801,13301,47279,47747,47750,47280,47281,47282,47283,47284,48248,48249,48250,47751,47752,49226,47755,47756,47757,47758,47759,50411,50412,49245,49246,47560,49054,49055,47320,48937,48938,48939,48940,48941,47561,47562,13328,13827,13828,13329,13330,13331,13332,47332,52961,13843,47958,49046,49047,52962,52963,47333,47334,47335,47336,47337,13877,13879,48364,48365,48077,48078,13865,13864,13866,13858,13859,13860,13861,13862,13863,13869,13870,13871,13872,47406,47407,48679,48680,48681,47408,47409,13878,13880,52964,52965,48086,48087,49056,49057,48286,48287,49048,47617,52966,52967],"class_list":{"0":"post-70295355","1":"product","2":"type-product","3":"status-publish","4":"has-post-thumbnail","6":"product_tag-1980er-jahre","7":"product_tag-20-jahrhundert-nach-chr","8":"product_tag-20-jh-n-chr","9":"product_tag-20-jahrhundert","10":"product_tag-20-jh","11":"product_tag-80er","12":"product_tag-abt_000","13":"product_tag-abt_001","14":"product_tag-abzug","15":"product_tag-achtziger","16":"product_tag-alltag","17":"product_tag-alltaeglich","18":"product_tag-alltaegliche","19":"product_tag-alltaeglicher","20":"product_tag-alltaegliches","21":"product_tag-alltagsleben","22":"product_tag-alltagsszene","23":"product_tag-alltagsszenen","24":"product_tag-at_israel","25":"product_tag-aussen","26":"product_tag-bewaffnet","27":"product_tag-bewaffnete","28":"product_tag-bewaffneten","29":"product_tag-bewaffneter","30":"product_tag-bewaffnetes","31":"product_tag-draussen","32":"product_tag-foto","33":"product_tag-fotoabzug","34":"product_tag-fotoabzuege","35":"product_tag-fotografie","36":"product_tag-fotografien","37":"product_tag-fotografin","38":"product_tag-fotografinnen","39":"product_tag-fotoreportage","40":"product_tag-fussgaenger","41":"product_tag-garage","42":"product_tag-garagen","43":"product_tag-gegensatz","44":"product_tag-gegensaetze","45":"product_tag-gehen","46":"product_tag-gehend","47":"product_tag-gehende","48":"product_tag-gehender","49":"product_tag-gehendes","50":"product_tag-geschaeft","51":"product_tag-geschaefte","52":"product_tag-geschaeftes","53":"product_tag-hebraeisch","54":"product_tag-hebraeische","55":"product_tag-hebraeischen","56":"product_tag-hebraeischer","57":"product_tag-hebraeisches","58":"product_tag-herrenhut","59":"product_tag-herrenhuete","60":"product_tag-hut","61":"product_tag-huete","62":"product_tag-hueten","63":"product_tag-hutes","64":"product_tag-im-freien","65":"product_tag-israel","66":"product_tag-israeli","67":"product_tag-israelis","68":"product_tag-israelisch","69":"product_tag-israelische","70":"product_tag-israelischer","71":"product_tag-israelisches","72":"product_tag-israels","73":"product_tag-jerusalem","74":"product_tag-jerusalemer","75":"product_tag-jerusalems","76":"product_tag-jude","77":"product_tag-juden","78":"product_tag-judentum","79":"product_tag-juedisch","80":"product_tag-juedische","81":"product_tag-juedischen","82":"product_tag-juedischer","83":"product_tag-juedisches","84":"product_tag-kontrast","85":"product_tag-kontraste","86":"product_tag-kopfbedeckung","87":"product_tag-kopfbedeckungen","88":"product_tag-laden","89":"product_tag-morasha","90":"product_tag-musrara","91":"product_tag-nahost","92":"product_tag-orthodox","93":"product_tag-orthodoxe","94":"product_tag-orthodoxen","95":"product_tag-orthodoxer","96":"product_tag-orthodoxes","97":"product_tag-passant","98":"product_tag-passanten","99":"product_tag-photo","100":"product_tag-photoabzug","101":"product_tag-photoabzuege","102":"product_tag-photographie","103":"product_tag-photographien","104":"product_tag-photographin","105":"product_tag-photographinnen","106":"product_tag-photoreportage","107":"product_tag-plakatwerbung","108":"product_tag-print","109":"product_tag-querformat","110":"product_tag-reclame","111":"product_tag-reklame","112":"product_tag-reklameschild","113":"product_tag-reklameschilder","114":"product_tag-reportage","115":"product_tag-reportagefoto","116":"product_tag-reportagefotografie","117":"product_tag-reportagephoto","118":"product_tag-reportagephotographie","119":"product_tag-s-w-fotografie","120":"product_tag-s-w-photographie","121":"product_tag-schrift","122":"product_tag-schriften","123":"product_tag-schusswaffe","124":"product_tag-schusswaffen","125":"product_tag-schwarzweissphotographie","126":"product_tag-schwarz-weiss-fotografie","127":"product_tag-schwarz-weiss-photographie","128":"product_tag-schwarzweiss","129":"product_tag-schwarzweisse","130":"product_tag-schwarzweissen","131":"product_tag-schwarzweisser","132":"product_tag-schwarzweisses","133":"product_tag-schwarzweissfotografie","134":"product_tag-silbergelatine","135":"product_tag-silbergelatineabzug","136":"product_tag-silbergelatineabzuege","137":"product_tag-silbergelatineprint","138":"product_tag-stadt","139":"product_tag-staedte","140":"product_tag-stadtteil","141":"product_tag-stadtteils","142":"product_tag-stadtviertel","143":"product_tag-strassenleben","144":"product_tag-strassenszene","145":"product_tag-sw-fotografie","146":"product_tag-sw-photographie","147":"product_tag-tabakreklame","148":"product_tag-tabakwerbung","149":"product_tag-waffe","150":"product_tag-waffen","151":"product_tag-wahlplakat","152":"product_tag-wahlplakate","153":"product_tag-werbeplakat","154":"product_tag-werbeplakate","155":"product_tag-werbung","156":"product_tag-wohnviertel","157":"product_tag-zigarettenreklame","158":"product_tag-zigarettenwerbung","159":"pa_datierung-juni-1981","160":"pa_fotograf-abisag-tuellmann","161":"pa_geografischer_bezug-aufnahmeort-jerusalem-morasha-israel","162":"pa_grunddaten_material_technik-foto-silbergelatine-auf-barytpapier","163":"pa_inventarnummer-tue-81-057-27","164":"pa_jahr_von-48126","165":"pa_massangaben-bildformat-foto-233-x-303-cm","166":"pa_mediennummer-52959","167":"pa_objekt_typ-fotografie","169":"first","170":"instock","171":"product-type-simple"},"yoast_head":"<!-- This site is optimized with the Yoast SEO plugin v27.3 - https:\/\/yoast.com\/product\/yoast-seo-wordpress\/ -->\n<title>Im Stadtteil Morasha in Jerusalem - Abisag T\u00fcllmann<\/title>\n<meta name=\"robots\" content=\"index, follow, max-snippet:-1, max-image-preview:large, max-video-preview:-1\" \/>\n<link rel=\"canonical\" href=\"https:\/\/bpk-archive.de\/tuellmann\/produkt\/im-stadtteil-morasha-in-jerusalem\/\" \/>\n<meta property=\"og:locale\" content=\"de_DE\" \/>\n<meta property=\"og:type\" content=\"article\" \/>\n<meta property=\"og:title\" content=\"Im Stadtteil Morasha in Jerusalem - Abisag T\u00fcllmann\" \/>\n<meta property=\"og:description\" content=\"J\u00fcdisch-orthodoxe Passanten vor einer Wand mit Wahlplakaten und &#8222;Marlboro&#8220;-Reklame R\u00fcckseitenbeschriftung von anderer Hand: &#8222;Jerusalem&#8220;\" \/>\n<meta property=\"og:url\" content=\"https:\/\/bpk-archive.de\/tuellmann\/produkt\/im-stadtteil-morasha-in-jerusalem\/\" \/>\n<meta property=\"og:site_name\" content=\"Abisag T\u00fcllmann\" \/>\n<meta property=\"article:modified_time\" content=\"2019-09-05T13:06:01+00:00\" \/>\n<meta property=\"og:image\" content=\"https:\/\/bpk-archive.de\/tuellmann\/wp-content\/uploads\/2019\/08\/bpk_70270846.jpg\" \/>\n\t<meta property=\"og:image:width\" content=\"1200\" \/>\n\t<meta property=\"og:image:height\" content=\"933\" \/>\n\t<meta property=\"og:image:type\" content=\"image\/jpeg\" \/>\n<meta name=\"twitter:card\" content=\"summary_large_image\" \/>\n<script type=\"application\/ld+json\" class=\"yoast-schema-graph\">{\"@context\":\"https:\\\/\\\/schema.org\",\"@graph\":[{\"@type\":\"WebPage\",\"@id\":\"https:\\\/\\\/bpk-archive.de\\\/tuellmann\\\/produkt\\\/im-stadtteil-morasha-in-jerusalem\\\/\",\"url\":\"https:\\\/\\\/bpk-archive.de\\\/tuellmann\\\/produkt\\\/im-stadtteil-morasha-in-jerusalem\\\/\",\"name\":\"Im Stadtteil Morasha in Jerusalem - Abisag T\u00fcllmann\",\"isPartOf\":{\"@id\":\"https:\\\/\\\/bpk-archive.de\\\/tuellmann\\\/#website\"},\"primaryImageOfPage\":{\"@id\":\"https:\\\/\\\/bpk-archive.de\\\/tuellmann\\\/produkt\\\/im-stadtteil-morasha-in-jerusalem\\\/#primaryimage\"},\"image\":{\"@id\":\"https:\\\/\\\/bpk-archive.de\\\/tuellmann\\\/produkt\\\/im-stadtteil-morasha-in-jerusalem\\\/#primaryimage\"},\"thumbnailUrl\":\"https:\\\/\\\/bpk-archive.de\\\/tuellmann\\\/wp-content\\\/uploads\\\/2019\\\/08\\\/bpk_70270846.jpg\",\"datePublished\":\"2019-09-05T13:05:56+00:00\",\"dateModified\":\"2019-09-05T13:06:01+00:00\",\"breadcrumb\":{\"@id\":\"https:\\\/\\\/bpk-archive.de\\\/tuellmann\\\/produkt\\\/im-stadtteil-morasha-in-jerusalem\\\/#breadcrumb\"},\"inLanguage\":\"de\",\"potentialAction\":[{\"@type\":\"ReadAction\",\"target\":[\"https:\\\/\\\/bpk-archive.de\\\/tuellmann\\\/produkt\\\/im-stadtteil-morasha-in-jerusalem\\\/\"]}]},{\"@type\":\"ImageObject\",\"inLanguage\":\"de\",\"@id\":\"https:\\\/\\\/bpk-archive.de\\\/tuellmann\\\/produkt\\\/im-stadtteil-morasha-in-jerusalem\\\/#primaryimage\",\"url\":\"https:\\\/\\\/bpk-archive.de\\\/tuellmann\\\/wp-content\\\/uploads\\\/2019\\\/08\\\/bpk_70270846.jpg\",\"contentUrl\":\"https:\\\/\\\/bpk-archive.de\\\/tuellmann\\\/wp-content\\\/uploads\\\/2019\\\/08\\\/bpk_70270846.jpg\",\"width\":1200,\"height\":933,\"caption\":\"Im Stadtteil Morasha in Jerusalem\"},{\"@type\":\"BreadcrumbList\",\"@id\":\"https:\\\/\\\/bpk-archive.de\\\/tuellmann\\\/produkt\\\/im-stadtteil-morasha-in-jerusalem\\\/#breadcrumb\",\"itemListElement\":[{\"@type\":\"ListItem\",\"position\":1,\"name\":\"Startseite\",\"item\":\"https:\\\/\\\/bpk-archive.de\\\/tuellmann\\\/\"},{\"@type\":\"ListItem\",\"position\":2,\"name\":\"Shop\",\"item\":\"https:\\\/\\\/bpk-archive.de\\\/tuellmann\\\/shop\\\/\"},{\"@type\":\"ListItem\",\"position\":3,\"name\":\"Im Stadtteil Morasha in Jerusalem\"}]},{\"@type\":\"WebSite\",\"@id\":\"https:\\\/\\\/bpk-archive.de\\\/tuellmann\\\/#website\",\"url\":\"https:\\\/\\\/bpk-archive.de\\\/tuellmann\\\/\",\"name\":\"Abisag T\u00fcllmann\",\"description\":\"Eine weitere WordPress-Website\",\"potentialAction\":[{\"@type\":\"SearchAction\",\"target\":{\"@type\":\"EntryPoint\",\"urlTemplate\":\"https:\\\/\\\/bpk-archive.de\\\/tuellmann\\\/?s={search_term_string}\"},\"query-input\":{\"@type\":\"PropertyValueSpecification\",\"valueRequired\":true,\"valueName\":\"search_term_string\"}}],\"inLanguage\":\"de\"}]}<\/script>\n<!-- \/ Yoast SEO plugin. -->","yoast_head_json":{"title":"Im Stadtteil Morasha in Jerusalem - Abisag T\u00fcllmann","robots":{"index":"index","follow":"follow","max-snippet":"max-snippet:-1","max-image-preview":"max-image-preview:large","max-video-preview":"max-video-preview:-1"},"canonical":"https:\/\/bpk-archive.de\/tuellmann\/produkt\/im-stadtteil-morasha-in-jerusalem\/","og_locale":"de_DE","og_type":"article","og_title":"Im Stadtteil Morasha in Jerusalem - Abisag T\u00fcllmann","og_description":"J\u00fcdisch-orthodoxe Passanten vor einer Wand mit Wahlplakaten und &#8222;Marlboro&#8220;-Reklame R\u00fcckseitenbeschriftung von anderer Hand: &#8222;Jerusalem&#8220;","og_url":"https:\/\/bpk-archive.de\/tuellmann\/produkt\/im-stadtteil-morasha-in-jerusalem\/","og_site_name":"Abisag T\u00fcllmann","article_modified_time":"2019-09-05T13:06:01+00:00","og_image":[{"width":1200,"height":933,"url":"https:\/\/bpk-archive.de\/tuellmann\/wp-content\/uploads\/2019\/08\/bpk_70270846.jpg","type":"image\/jpeg"}],"twitter_card":"summary_large_image","schema":{"@context":"https:\/\/schema.org","@graph":[{"@type":"WebPage","@id":"https:\/\/bpk-archive.de\/tuellmann\/produkt\/im-stadtteil-morasha-in-jerusalem\/","url":"https:\/\/bpk-archive.de\/tuellmann\/produkt\/im-stadtteil-morasha-in-jerusalem\/","name":"Im Stadtteil Morasha in Jerusalem - Abisag T\u00fcllmann","isPartOf":{"@id":"https:\/\/bpk-archive.de\/tuellmann\/#website"},"primaryImageOfPage":{"@id":"https:\/\/bpk-archive.de\/tuellmann\/produkt\/im-stadtteil-morasha-in-jerusalem\/#primaryimage"},"image":{"@id":"https:\/\/bpk-archive.de\/tuellmann\/produkt\/im-stadtteil-morasha-in-jerusalem\/#primaryimage"},"thumbnailUrl":"https:\/\/bpk-archive.de\/tuellmann\/wp-content\/uploads\/2019\/08\/bpk_70270846.jpg","datePublished":"2019-09-05T13:05:56+00:00","dateModified":"2019-09-05T13:06:01+00:00","breadcrumb":{"@id":"https:\/\/bpk-archive.de\/tuellmann\/produkt\/im-stadtteil-morasha-in-jerusalem\/#breadcrumb"},"inLanguage":"de","potentialAction":[{"@type":"ReadAction","target":["https:\/\/bpk-archive.de\/tuellmann\/produkt\/im-stadtteil-morasha-in-jerusalem\/"]}]},{"@type":"ImageObject","inLanguage":"de","@id":"https:\/\/bpk-archive.de\/tuellmann\/produkt\/im-stadtteil-morasha-in-jerusalem\/#primaryimage","url":"https:\/\/bpk-archive.de\/tuellmann\/wp-content\/uploads\/2019\/08\/bpk_70270846.jpg","contentUrl":"https:\/\/bpk-archive.de\/tuellmann\/wp-content\/uploads\/2019\/08\/bpk_70270846.jpg","width":1200,"height":933,"caption":"Im Stadtteil Morasha in Jerusalem"},{"@type":"BreadcrumbList","@id":"https:\/\/bpk-archive.de\/tuellmann\/produkt\/im-stadtteil-morasha-in-jerusalem\/#breadcrumb","itemListElement":[{"@type":"ListItem","position":1,"name":"Startseite","item":"https:\/\/bpk-archive.de\/tuellmann\/"},{"@type":"ListItem","position":2,"name":"Shop","item":"https:\/\/bpk-archive.de\/tuellmann\/shop\/"},{"@type":"ListItem","position":3,"name":"Im Stadtteil Morasha in Jerusalem"}]},{"@type":"WebSite","@id":"https:\/\/bpk-archive.de\/tuellmann\/#website","url":"https:\/\/bpk-archive.de\/tuellmann\/","name":"Abisag T\u00fcllmann","description":"Eine weitere WordPress-Website","potentialAction":[{"@type":"SearchAction","target":{"@type":"EntryPoint","urlTemplate":"https:\/\/bpk-archive.de\/tuellmann\/?s={search_term_string}"},"query-input":{"@type":"PropertyValueSpecification","valueRequired":true,"valueName":"search_term_string"}}],"inLanguage":"de"}]}},"_links":{"self":[{"href":"https:\/\/bpk-archive.de\/tuellmann\/wp-json\/wp\/v2\/product\/70295355","targetHints":{"allow":["GET"]}}],"collection":[{"href":"https:\/\/bpk-archive.de\/tuellmann\/wp-json\/wp\/v2\/product"}],"about":[{"href":"https:\/\/bpk-archive.de\/tuellmann\/wp-json\/wp\/v2\/types\/product"}],"wp:featuredmedia":[{"embeddable":true,"href":"https:\/\/bpk-archive.de\/tuellmann\/wp-json\/wp\/v2\/media\/70292314"}],"wp:attachment":[{"href":"https:\/\/bpk-archive.de\/tuellmann\/wp-json\/wp\/v2\/media?parent=70295355"}],"wp:term":[{"taxonomy":"product_brand","embeddable":true,"href":"https:\/\/bpk-archive.de\/tuellmann\/wp-json\/wp\/v2\/product_brand?post=70295355"},{"taxonomy":"product_cat","embeddable":true,"href":"https:\/\/bpk-archive.de\/tuellmann\/wp-json\/wp\/v2\/product_cat?post=70295355"},{"taxonomy":"product_tag","embeddable":true,"href":"https:\/\/bpk-archive.de\/tuellmann\/wp-json\/wp\/v2\/product_tag?post=70295355"}],"curies":[{"name":"wp","href":"https:\/\/api.w.org\/{rel}","templated":true}]}}