{"id":70295352,"date":"2019-09-05T15:05:56","date_gmt":"2019-09-05T13:05:56","guid":{"rendered":"http:\/\/abisagtuellmann.bpk-news.de\/atbild\/arabischer-verkaeufer-in-einem-geschaeft-fuer-religioese-souvenirs-in-bethlehem\/"},"modified":"2019-09-05T15:05:58","modified_gmt":"2019-09-05T13:05:58","slug":"arabischer-verkaeufer-in-einem-geschaeft-fuer-religioese-souvenirs-in-bethlehem","status":"publish","type":"product","link":"https:\/\/bpk-archive.de\/tuellmann\/produkt\/arabischer-verkaeufer-in-einem-geschaeft-fuer-religioese-souvenirs-in-bethlehem\/","title":{"rendered":"Arabischer Verk\u00e4ufer in einem Gesch\u00e4ft f\u00fcr religi\u00f6se Souvenirs in Bethlehem"},"content":{"rendered":"<p>R\u00fcckseitenbeschriftung von Hand der Fotografin: &#8222;Bethlehem&#8220;<\/p>\n","protected":false},"excerpt":{"rendered":"<p>R\u00fcckseitenbeschriftung von Hand der Fotografin: &#8222;Bethlehem&#8220;<\/p>\n","protected":false},"featured_media":70292820,"template":"","meta":[],"product_brand":[],"product_cat":[],"product_tag":[47237,13232,13234,13231,13233,47238,48353,47239,13777,47240,47418,47419,47420,47421,47422,47423,47424,51451,47839,47840,47841,47622,47623,47624,47625,47626,47627,47241,47677,47678,47245,47246,47247,47248,47249,47250,47251,47252,47253,47254,47255,49077,49078,49079,13784,13785,13473,52754,52755,13293,13786,13787,13294,13295,13296,13297,47267,49477,49478,47557,47558,47559,52931,52932,52933,52934,13498,47270,47271,47273,47274,47275,47276,47279,47750,47280,47281,47282,47283,47284,47684,47685,47686,47560,13818,13819,13820,13821,13822,13823,13824,13825,13826,51166,47687,47688,47689,47690,47320,47322,47321,47323,48070,47324,47696,47697,47327,47328,47329,47330,47331,13328,13827,13828,13329,13330,13331,13332,47332,13829,13830,13831,13832,13833,13834,13835,13836,13837,13838,13839,13840,13841,13842,13843,47958,49233,49234,47333,47334,47335,47336,47337,13877,13879,13865,13864,13866,13858,13859,13860,13861,13862,13863,13869,13870,13871,13872,51469,51470,47406,47407,13519,13520,13521,13522,13523,13524,13878,13880,52102,52103,49491,49492,52104,47829,47830,52935,52936,52937,52938,13525,48945],"class_list":{"0":"post-70295352","1":"product","2":"type-product","3":"status-publish","4":"has-post-thumbnail","6":"product_tag-1980er-jahre","7":"product_tag-20-jahrhundert-nach-chr","8":"product_tag-20-jh-n-chr","9":"product_tag-20-jahrhundert","10":"product_tag-20-jh","11":"product_tag-80er","12":"product_tag-abt_000","13":"product_tag-abt_001","14":"product_tag-abzug","15":"product_tag-achtziger","16":"product_tag-alt","17":"product_tag-alte","18":"product_tag-alten","19":"product_tag-alter","20":"product_tag-aeltere","21":"product_tag-aelterer","22":"product_tag-altes","23":"product_tag-andenken","24":"product_tag-araber","25":"product_tag-arabern","26":"product_tag-arabers","27":"product_tag-arabisch","28":"product_tag-arabische","29":"product_tag-arabischem","30":"product_tag-arabischen","31":"product_tag-arabischer","32":"product_tag-arabisches","33":"product_tag-at_israel","34":"product_tag-beduinentuch","35":"product_tag-beduinentuecher","36":"product_tag-besatzungszeit","37":"product_tag-besatzungszone","38":"product_tag-besatzungszonen","39":"product_tag-besetzen","40":"product_tag-besetzt","41":"product_tag-besetzte","42":"product_tag-besetzten","43":"product_tag-besetzter","44":"product_tag-besetztes","45":"product_tag-besetzung","46":"product_tag-besetzungen","47":"product_tag-bethlehem","48":"product_tag-bethlehems","49":"product_tag-betlehem","50":"product_tag-bildnis","51":"product_tag-bildnisse","52":"product_tag-drinnen","53":"product_tag-figur","54":"product_tag-figuren","55":"product_tag-foto","56":"product_tag-fotoabzug","57":"product_tag-fotoabzuege","58":"product_tag-fotografie","59":"product_tag-fotografien","60":"product_tag-fotografin","61":"product_tag-fotografinnen","62":"product_tag-fotoreportage","63":"product_tag-fremdenverkehr","64":"product_tag-fremdenverkehrs","65":"product_tag-geschaeft","66":"product_tag-geschaefte","67":"product_tag-geschaeftes","68":"product_tag-glasschrank","69":"product_tag-glasschraenke","70":"product_tag-glasvitrine","71":"product_tag-glasvitrinen","72":"product_tag-innen","73":"product_tag-innenansicht","74":"product_tag-innenansichten","75":"product_tag-innenraum","76":"product_tag-innenraeume","77":"product_tag-innenraumes","78":"product_tag-innenraums","79":"product_tag-israel","80":"product_tag-israelis","81":"product_tag-israelisch","82":"product_tag-israelische","83":"product_tag-israelischer","84":"product_tag-israelisches","85":"product_tag-israels","86":"product_tag-kafiya","87":"product_tag-kefije","88":"product_tag-kufiya","89":"product_tag-laden","90":"product_tag-mann","91":"product_tag-maenner","92":"product_tag-maennerbildnis","93":"product_tag-maennerbildnisse","94":"product_tag-maennerportrait","95":"product_tag-maennerportraits","96":"product_tag-maennerportraet","97":"product_tag-maennerportraets","98":"product_tag-mannes","99":"product_tag-menora","100":"product_tag-moslem","101":"product_tag-moslems","102":"product_tag-muslim","103":"product_tag-muslime","104":"product_tag-nahost","105":"product_tag-nahost-konflikt","106":"product_tag-nahostkonflikt","107":"product_tag-okkupation","108":"product_tag-palaestina","109":"product_tag-palaestinenser","110":"product_tag-palaestinensertuch","111":"product_tag-palaestinensertuecher","112":"product_tag-palaestinensisch","113":"product_tag-palaestinensische","114":"product_tag-palaestinensischen","115":"product_tag-palaestinensischer","116":"product_tag-palaestinensisches","117":"product_tag-photo","118":"product_tag-photoabzug","119":"product_tag-photoabzuege","120":"product_tag-photographie","121":"product_tag-photographien","122":"product_tag-photographin","123":"product_tag-photographinnen","124":"product_tag-photoreportage","125":"product_tag-portrait","126":"product_tag-portraitaufnahme","127":"product_tag-portraitfoto","128":"product_tag-portraitfotografie","129":"product_tag-portraitphoto","130":"product_tag-portraitphotographie","131":"product_tag-portraits","132":"product_tag-portraet","133":"product_tag-portraetaufnahme","134":"product_tag-portraetfoto","135":"product_tag-portraetfotografie","136":"product_tag-portraetphoto","137":"product_tag-portraetphotographie","138":"product_tag-portraets","139":"product_tag-print","140":"product_tag-querformat","141":"product_tag-religion","142":"product_tag-religionen","143":"product_tag-reportage","144":"product_tag-reportagefoto","145":"product_tag-reportagefotografie","146":"product_tag-reportagephoto","147":"product_tag-reportagephotographie","148":"product_tag-s-w-fotografie","149":"product_tag-s-w-photographie","150":"product_tag-schwarzweissphotographie","151":"product_tag-schwarz-weiss-fotografie","152":"product_tag-schwarz-weiss-photographie","153":"product_tag-schwarzweiss","154":"product_tag-schwarzweisse","155":"product_tag-schwarzweissen","156":"product_tag-schwarzweisser","157":"product_tag-schwarzweisses","158":"product_tag-schwarzweissfotografie","159":"product_tag-silbergelatine","160":"product_tag-silbergelatineabzug","161":"product_tag-silbergelatineabzuege","162":"product_tag-silbergelatineprint","163":"product_tag-souvenir","164":"product_tag-souvenirs","165":"product_tag-stadt","166":"product_tag-staedte","167":"product_tag-stehen","168":"product_tag-stehend","169":"product_tag-stehende","170":"product_tag-stehenden","171":"product_tag-stehender","172":"product_tag-stehendes","173":"product_tag-sw-fotografie","174":"product_tag-sw-photographie","175":"product_tag-theke","176":"product_tag-theken","177":"product_tag-tourismus","178":"product_tag-touristik","179":"product_tag-tresen","180":"product_tag-verkaeufer","181":"product_tag-verkaeufers","182":"product_tag-vitrine","183":"product_tag-vitrinen","184":"product_tag-vitrinenschrank","185":"product_tag-vitrinenschraenke","186":"product_tag-von-innen","187":"product_tag-westjordanland","188":"pa_datierung-oktober-1983","189":"pa_fotograf-abisag-tuellmann","190":"pa_geografischer_bezug-aufnahmeort-bethlehem-israel-westjordanland","191":"pa_grunddaten_material_technik-foto-silbergelatine-auf-barytpapier","192":"pa_inventarnummer-tue-83-184-14","193":"pa_jahr_von-47717","194":"pa_massangaben-bildformat-foto-233-x-305-cm","195":"pa_mediennummer-52929","196":"pa_objekt_typ-fotografie","198":"first","199":"instock","200":"product-type-simple"},"yoast_head":"<!-- This site is optimized with the Yoast SEO plugin v27.4 - https:\/\/yoast.com\/product\/yoast-seo-wordpress\/ -->\n<title>Arabischer Verk\u00e4ufer in einem Gesch\u00e4ft f\u00fcr religi\u00f6se Souvenirs in Bethlehem - Abisag T\u00fcllmann<\/title>\n<meta name=\"robots\" content=\"index, follow, max-snippet:-1, max-image-preview:large, max-video-preview:-1\" \/>\n<link rel=\"canonical\" href=\"https:\/\/bpk-archive.de\/tuellmann\/produkt\/arabischer-verkaeufer-in-einem-geschaeft-fuer-religioese-souvenirs-in-bethlehem\/\" \/>\n<meta property=\"og:locale\" content=\"de_DE\" \/>\n<meta property=\"og:type\" content=\"article\" \/>\n<meta property=\"og:title\" content=\"Arabischer Verk\u00e4ufer in einem Gesch\u00e4ft f\u00fcr religi\u00f6se Souvenirs in Bethlehem - Abisag T\u00fcllmann\" \/>\n<meta property=\"og:description\" content=\"R\u00fcckseitenbeschriftung von Hand der Fotografin: &#8222;Bethlehem&#8220;\" \/>\n<meta property=\"og:url\" content=\"https:\/\/bpk-archive.de\/tuellmann\/produkt\/arabischer-verkaeufer-in-einem-geschaeft-fuer-religioese-souvenirs-in-bethlehem\/\" \/>\n<meta property=\"og:site_name\" content=\"Abisag T\u00fcllmann\" \/>\n<meta property=\"article:modified_time\" content=\"2019-09-05T13:05:58+00:00\" \/>\n<meta property=\"og:image\" content=\"https:\/\/bpk-archive.de\/tuellmann\/wp-content\/uploads\/2019\/08\/bpk_70270834.jpg\" \/>\n\t<meta property=\"og:image:width\" content=\"1200\" \/>\n\t<meta property=\"og:image:height\" content=\"929\" \/>\n\t<meta property=\"og:image:type\" content=\"image\/jpeg\" \/>\n<meta name=\"twitter:card\" content=\"summary_large_image\" \/>\n<script type=\"application\/ld+json\" class=\"yoast-schema-graph\">{\"@context\":\"https:\\\/\\\/schema.org\",\"@graph\":[{\"@type\":\"WebPage\",\"@id\":\"https:\\\/\\\/bpk-archive.de\\\/tuellmann\\\/produkt\\\/arabischer-verkaeufer-in-einem-geschaeft-fuer-religioese-souvenirs-in-bethlehem\\\/\",\"url\":\"https:\\\/\\\/bpk-archive.de\\\/tuellmann\\\/produkt\\\/arabischer-verkaeufer-in-einem-geschaeft-fuer-religioese-souvenirs-in-bethlehem\\\/\",\"name\":\"Arabischer Verk\u00e4ufer in einem Gesch\u00e4ft f\u00fcr religi\u00f6se Souvenirs in Bethlehem - Abisag T\u00fcllmann\",\"isPartOf\":{\"@id\":\"https:\\\/\\\/bpk-archive.de\\\/tuellmann\\\/#website\"},\"primaryImageOfPage\":{\"@id\":\"https:\\\/\\\/bpk-archive.de\\\/tuellmann\\\/produkt\\\/arabischer-verkaeufer-in-einem-geschaeft-fuer-religioese-souvenirs-in-bethlehem\\\/#primaryimage\"},\"image\":{\"@id\":\"https:\\\/\\\/bpk-archive.de\\\/tuellmann\\\/produkt\\\/arabischer-verkaeufer-in-einem-geschaeft-fuer-religioese-souvenirs-in-bethlehem\\\/#primaryimage\"},\"thumbnailUrl\":\"https:\\\/\\\/bpk-archive.de\\\/tuellmann\\\/wp-content\\\/uploads\\\/2019\\\/08\\\/bpk_70270834.jpg\",\"datePublished\":\"2019-09-05T13:05:56+00:00\",\"dateModified\":\"2019-09-05T13:05:58+00:00\",\"breadcrumb\":{\"@id\":\"https:\\\/\\\/bpk-archive.de\\\/tuellmann\\\/produkt\\\/arabischer-verkaeufer-in-einem-geschaeft-fuer-religioese-souvenirs-in-bethlehem\\\/#breadcrumb\"},\"inLanguage\":\"de\",\"potentialAction\":[{\"@type\":\"ReadAction\",\"target\":[\"https:\\\/\\\/bpk-archive.de\\\/tuellmann\\\/produkt\\\/arabischer-verkaeufer-in-einem-geschaeft-fuer-religioese-souvenirs-in-bethlehem\\\/\"]}]},{\"@type\":\"ImageObject\",\"inLanguage\":\"de\",\"@id\":\"https:\\\/\\\/bpk-archive.de\\\/tuellmann\\\/produkt\\\/arabischer-verkaeufer-in-einem-geschaeft-fuer-religioese-souvenirs-in-bethlehem\\\/#primaryimage\",\"url\":\"https:\\\/\\\/bpk-archive.de\\\/tuellmann\\\/wp-content\\\/uploads\\\/2019\\\/08\\\/bpk_70270834.jpg\",\"contentUrl\":\"https:\\\/\\\/bpk-archive.de\\\/tuellmann\\\/wp-content\\\/uploads\\\/2019\\\/08\\\/bpk_70270834.jpg\",\"width\":1200,\"height\":929,\"caption\":\"Arabischer Verk\u00e4ufer in einem Gesch\u00e4ft f\u00fcr religi\u00f6se Souvenirs in Bethlehem\"},{\"@type\":\"BreadcrumbList\",\"@id\":\"https:\\\/\\\/bpk-archive.de\\\/tuellmann\\\/produkt\\\/arabischer-verkaeufer-in-einem-geschaeft-fuer-religioese-souvenirs-in-bethlehem\\\/#breadcrumb\",\"itemListElement\":[{\"@type\":\"ListItem\",\"position\":1,\"name\":\"Startseite\",\"item\":\"https:\\\/\\\/bpk-archive.de\\\/tuellmann\\\/\"},{\"@type\":\"ListItem\",\"position\":2,\"name\":\"Shop\",\"item\":\"https:\\\/\\\/bpk-archive.de\\\/tuellmann\\\/shop\\\/\"},{\"@type\":\"ListItem\",\"position\":3,\"name\":\"Arabischer Verk\u00e4ufer in einem Gesch\u00e4ft f\u00fcr religi\u00f6se Souvenirs in Bethlehem\"}]},{\"@type\":\"WebSite\",\"@id\":\"https:\\\/\\\/bpk-archive.de\\\/tuellmann\\\/#website\",\"url\":\"https:\\\/\\\/bpk-archive.de\\\/tuellmann\\\/\",\"name\":\"Abisag T\u00fcllmann\",\"description\":\"Eine weitere WordPress-Website\",\"potentialAction\":[{\"@type\":\"SearchAction\",\"target\":{\"@type\":\"EntryPoint\",\"urlTemplate\":\"https:\\\/\\\/bpk-archive.de\\\/tuellmann\\\/?s={search_term_string}\"},\"query-input\":{\"@type\":\"PropertyValueSpecification\",\"valueRequired\":true,\"valueName\":\"search_term_string\"}}],\"inLanguage\":\"de\"}]}<\/script>\n<!-- \/ Yoast SEO plugin. -->","yoast_head_json":{"title":"Arabischer Verk\u00e4ufer in einem Gesch\u00e4ft f\u00fcr religi\u00f6se Souvenirs in Bethlehem - Abisag T\u00fcllmann","robots":{"index":"index","follow":"follow","max-snippet":"max-snippet:-1","max-image-preview":"max-image-preview:large","max-video-preview":"max-video-preview:-1"},"canonical":"https:\/\/bpk-archive.de\/tuellmann\/produkt\/arabischer-verkaeufer-in-einem-geschaeft-fuer-religioese-souvenirs-in-bethlehem\/","og_locale":"de_DE","og_type":"article","og_title":"Arabischer Verk\u00e4ufer in einem Gesch\u00e4ft f\u00fcr religi\u00f6se Souvenirs in Bethlehem - Abisag T\u00fcllmann","og_description":"R\u00fcckseitenbeschriftung von Hand der Fotografin: &#8222;Bethlehem&#8220;","og_url":"https:\/\/bpk-archive.de\/tuellmann\/produkt\/arabischer-verkaeufer-in-einem-geschaeft-fuer-religioese-souvenirs-in-bethlehem\/","og_site_name":"Abisag T\u00fcllmann","article_modified_time":"2019-09-05T13:05:58+00:00","og_image":[{"width":1200,"height":929,"url":"https:\/\/bpk-archive.de\/tuellmann\/wp-content\/uploads\/2019\/08\/bpk_70270834.jpg","type":"image\/jpeg"}],"twitter_card":"summary_large_image","schema":{"@context":"https:\/\/schema.org","@graph":[{"@type":"WebPage","@id":"https:\/\/bpk-archive.de\/tuellmann\/produkt\/arabischer-verkaeufer-in-einem-geschaeft-fuer-religioese-souvenirs-in-bethlehem\/","url":"https:\/\/bpk-archive.de\/tuellmann\/produkt\/arabischer-verkaeufer-in-einem-geschaeft-fuer-religioese-souvenirs-in-bethlehem\/","name":"Arabischer Verk\u00e4ufer in einem Gesch\u00e4ft f\u00fcr religi\u00f6se Souvenirs in Bethlehem - Abisag T\u00fcllmann","isPartOf":{"@id":"https:\/\/bpk-archive.de\/tuellmann\/#website"},"primaryImageOfPage":{"@id":"https:\/\/bpk-archive.de\/tuellmann\/produkt\/arabischer-verkaeufer-in-einem-geschaeft-fuer-religioese-souvenirs-in-bethlehem\/#primaryimage"},"image":{"@id":"https:\/\/bpk-archive.de\/tuellmann\/produkt\/arabischer-verkaeufer-in-einem-geschaeft-fuer-religioese-souvenirs-in-bethlehem\/#primaryimage"},"thumbnailUrl":"https:\/\/bpk-archive.de\/tuellmann\/wp-content\/uploads\/2019\/08\/bpk_70270834.jpg","datePublished":"2019-09-05T13:05:56+00:00","dateModified":"2019-09-05T13:05:58+00:00","breadcrumb":{"@id":"https:\/\/bpk-archive.de\/tuellmann\/produkt\/arabischer-verkaeufer-in-einem-geschaeft-fuer-religioese-souvenirs-in-bethlehem\/#breadcrumb"},"inLanguage":"de","potentialAction":[{"@type":"ReadAction","target":["https:\/\/bpk-archive.de\/tuellmann\/produkt\/arabischer-verkaeufer-in-einem-geschaeft-fuer-religioese-souvenirs-in-bethlehem\/"]}]},{"@type":"ImageObject","inLanguage":"de","@id":"https:\/\/bpk-archive.de\/tuellmann\/produkt\/arabischer-verkaeufer-in-einem-geschaeft-fuer-religioese-souvenirs-in-bethlehem\/#primaryimage","url":"https:\/\/bpk-archive.de\/tuellmann\/wp-content\/uploads\/2019\/08\/bpk_70270834.jpg","contentUrl":"https:\/\/bpk-archive.de\/tuellmann\/wp-content\/uploads\/2019\/08\/bpk_70270834.jpg","width":1200,"height":929,"caption":"Arabischer Verk\u00e4ufer in einem Gesch\u00e4ft f\u00fcr religi\u00f6se Souvenirs in Bethlehem"},{"@type":"BreadcrumbList","@id":"https:\/\/bpk-archive.de\/tuellmann\/produkt\/arabischer-verkaeufer-in-einem-geschaeft-fuer-religioese-souvenirs-in-bethlehem\/#breadcrumb","itemListElement":[{"@type":"ListItem","position":1,"name":"Startseite","item":"https:\/\/bpk-archive.de\/tuellmann\/"},{"@type":"ListItem","position":2,"name":"Shop","item":"https:\/\/bpk-archive.de\/tuellmann\/shop\/"},{"@type":"ListItem","position":3,"name":"Arabischer Verk\u00e4ufer in einem Gesch\u00e4ft f\u00fcr religi\u00f6se Souvenirs in Bethlehem"}]},{"@type":"WebSite","@id":"https:\/\/bpk-archive.de\/tuellmann\/#website","url":"https:\/\/bpk-archive.de\/tuellmann\/","name":"Abisag T\u00fcllmann","description":"Eine weitere WordPress-Website","potentialAction":[{"@type":"SearchAction","target":{"@type":"EntryPoint","urlTemplate":"https:\/\/bpk-archive.de\/tuellmann\/?s={search_term_string}"},"query-input":{"@type":"PropertyValueSpecification","valueRequired":true,"valueName":"search_term_string"}}],"inLanguage":"de"}]}},"_links":{"self":[{"href":"https:\/\/bpk-archive.de\/tuellmann\/wp-json\/wp\/v2\/product\/70295352","targetHints":{"allow":["GET"]}}],"collection":[{"href":"https:\/\/bpk-archive.de\/tuellmann\/wp-json\/wp\/v2\/product"}],"about":[{"href":"https:\/\/bpk-archive.de\/tuellmann\/wp-json\/wp\/v2\/types\/product"}],"wp:featuredmedia":[{"embeddable":true,"href":"https:\/\/bpk-archive.de\/tuellmann\/wp-json\/wp\/v2\/media\/70292820"}],"wp:attachment":[{"href":"https:\/\/bpk-archive.de\/tuellmann\/wp-json\/wp\/v2\/media?parent=70295352"}],"wp:term":[{"taxonomy":"product_brand","embeddable":true,"href":"https:\/\/bpk-archive.de\/tuellmann\/wp-json\/wp\/v2\/product_brand?post=70295352"},{"taxonomy":"product_cat","embeddable":true,"href":"https:\/\/bpk-archive.de\/tuellmann\/wp-json\/wp\/v2\/product_cat?post=70295352"},{"taxonomy":"product_tag","embeddable":true,"href":"https:\/\/bpk-archive.de\/tuellmann\/wp-json\/wp\/v2\/product_tag?post=70295352"}],"curies":[{"name":"wp","href":"https:\/\/api.w.org\/{rel}","templated":true}]}}