{"id":70295343,"date":"2019-09-05T15:05:35","date_gmt":"2019-09-05T13:05:35","guid":{"rendered":"http:\/\/abisagtuellmann.bpk-news.de\/atbild\/jemenitische-juedin\/"},"modified":"2019-09-05T15:05:48","modified_gmt":"2019-09-05T13:05:48","slug":"jemenitische-juedin","status":"publish","type":"product","link":"https:\/\/bpk-archive.de\/tuellmann\/produkt\/jemenitische-juedin\/","title":{"rendered":"Jemenitische J\u00fcdin"},"content":{"rendered":"<p>R\u00fcckseitenbeschriftung von Hand der Fotografin: &#8222;En Kerem, Frau aus dem Yemen&#8220;<\/p>\n","protected":false},"excerpt":{"rendered":"<p>R\u00fcckseitenbeschriftung von Hand der Fotografin: &#8222;En Kerem, Frau aus dem Yemen&#8220;<\/p>\n","protected":false},"featured_media":70292829,"template":"","meta":[],"product_brand":[],"product_cat":[],"product_tag":[47237,13232,13234,13231,13233,47238,48353,47239,13777,47240,47418,47419,47420,47421,47422,47423,47424,47241,14177,48098,13958,13959,13473,13293,13786,13787,13294,13295,13296,13297,47267,13487,13488,13974,13975,13976,13977,13978,48099,48100,47653,47654,48859,13498,47270,47271,47273,47274,47275,47276,47279,47280,47281,47282,47283,47284,48860,48861,48862,48865,48866,48867,48868,48869,48870,48248,48249,48250,47751,47752,47753,47754,47760,47761,52842,52843,52844,52845,52846,52847,47320,13328,13827,13828,13329,13330,13331,13332,47332,13843,47958,47333,47334,47335,47336,47337,13877,13879,13865,13864,13866,13858,13859,13860,13861,13862,13863,52848,48871,13869,13870,13871,13872,14243,14244,14245,14246,14247,14248,14249,13878,13880,13525,48876,48877,49429,49430,49431,48878,48879,48880,48882,48883,48884],"class_list":{"0":"post-70295343","1":"product","2":"type-product","3":"status-publish","4":"has-post-thumbnail","6":"product_tag-1980er-jahre","7":"product_tag-20-jahrhundert-nach-chr","8":"product_tag-20-jh-n-chr","9":"product_tag-20-jahrhundert","10":"product_tag-20-jh","11":"product_tag-80er","12":"product_tag-abt_000","13":"product_tag-abt_001","14":"product_tag-abzug","15":"product_tag-achtziger","16":"product_tag-alt","17":"product_tag-alte","18":"product_tag-alten","19":"product_tag-alter","20":"product_tag-aeltere","21":"product_tag-aelterer","22":"product_tag-altes","23":"product_tag-at_israel","24":"product_tag-blickkontakt","25":"product_tag-boden","26":"product_tag-damenportraet","27":"product_tag-damenportraets","28":"product_tag-drinnen","29":"product_tag-foto","30":"product_tag-fotoabzug","31":"product_tag-fotoabzuege","32":"product_tag-fotografie","33":"product_tag-fotografien","34":"product_tag-fotografin","35":"product_tag-fotografinnen","36":"product_tag-fotoreportage","37":"product_tag-frau","38":"product_tag-frauen","39":"product_tag-frauenbildnis","40":"product_tag-frauenportrait","41":"product_tag-frauenportraits","42":"product_tag-frauenportraet","43":"product_tag-frauenportraets","44":"product_tag-fussboden","45":"product_tag-fussbodens","46":"product_tag-greisin","47":"product_tag-greisinnen","48":"product_tag-huka","49":"product_tag-innen","50":"product_tag-innenansicht","51":"product_tag-innenansichten","52":"product_tag-innenraum","53":"product_tag-innenraeume","54":"product_tag-innenraumes","55":"product_tag-innenraums","56":"product_tag-israel","57":"product_tag-israelisch","58":"product_tag-israelische","59":"product_tag-israelischer","60":"product_tag-israelisches","61":"product_tag-israels","62":"product_tag-jemen","63":"product_tag-jemenit","64":"product_tag-jemeniten","65":"product_tag-jemenitisch","66":"product_tag-jemenitische","67":"product_tag-jemenitischen","68":"product_tag-jemenitischer","69":"product_tag-jemenitisches","70":"product_tag-jemens","71":"product_tag-jerusalem","72":"product_tag-jerusalemer","73":"product_tag-jerusalems","74":"product_tag-jude","75":"product_tag-juden","76":"product_tag-juedin","77":"product_tag-juedinnen","78":"product_tag-kopftuch","79":"product_tag-kopftuecher","80":"product_tag-melancholie","81":"product_tag-melancholisch","82":"product_tag-melancholische","83":"product_tag-melancholischen","84":"product_tag-melancholischer","85":"product_tag-melancholisches","86":"product_tag-nahost","87":"product_tag-photo","88":"product_tag-photoabzug","89":"product_tag-photoabzuege","90":"product_tag-photographie","91":"product_tag-photographien","92":"product_tag-photographin","93":"product_tag-photographinnen","94":"product_tag-photoreportage","95":"product_tag-print","96":"product_tag-querformat","97":"product_tag-reportage","98":"product_tag-reportagefoto","99":"product_tag-reportagefotografie","100":"product_tag-reportagephoto","101":"product_tag-reportagephotographie","102":"product_tag-s-w-fotografie","103":"product_tag-s-w-photographie","104":"product_tag-schwarzweissphotographie","105":"product_tag-schwarz-weiss-fotografie","106":"product_tag-schwarz-weiss-photographie","107":"product_tag-schwarzweiss","108":"product_tag-schwarzweisse","109":"product_tag-schwarzweissen","110":"product_tag-schwarzweisser","111":"product_tag-schwarzweisses","112":"product_tag-schwarzweissfotografie","113":"product_tag-schwermut","114":"product_tag-shisha","115":"product_tag-silbergelatine","116":"product_tag-silbergelatineabzug","117":"product_tag-silbergelatineabzuege","118":"product_tag-silbergelatineprint","119":"product_tag-sitzen","120":"product_tag-sitzend","121":"product_tag-sitzende","122":"product_tag-sitzenden","123":"product_tag-sitzender","124":"product_tag-sitzendes","125":"product_tag-sitzt","126":"product_tag-sw-fotografie","127":"product_tag-sw-photographie","128":"product_tag-von-innen","129":"product_tag-wasserpfeife","130":"product_tag-wasserpfeifen","131":"product_tag-wohnstube","132":"product_tag-wohnstuben","133":"product_tag-wohnzimmer","134":"product_tag-yemen","135":"product_tag-yemenit","136":"product_tag-yemeniten","137":"product_tag-yemenitisch","138":"product_tag-yemenitische","139":"product_tag-yemens","140":"pa_datierung-november-1983","141":"pa_fotograf-abisag-tuellmann","142":"pa_geografischer_bezug-aufnahmeort-en-kerem-israel","143":"pa_grunddaten_material_technik-foto-silbergelatine-auf-barytpapier","144":"pa_inventarnummer-tue-83-220-15","145":"pa_jahr_von-47717","146":"pa_massangaben-bildformat-foto-232-x-306-cm","147":"pa_mediennummer-52840","148":"pa_objekt_typ-fotografie","150":"first","151":"instock","152":"product-type-simple"},"yoast_head":"<!-- This site is optimized with the Yoast SEO plugin v27.4 - https:\/\/yoast.com\/product\/yoast-seo-wordpress\/ -->\n<title>Jemenitische J\u00fcdin - Abisag T\u00fcllmann<\/title>\n<meta name=\"robots\" content=\"index, follow, max-snippet:-1, max-image-preview:large, max-video-preview:-1\" \/>\n<link rel=\"canonical\" href=\"https:\/\/bpk-archive.de\/tuellmann\/produkt\/jemenitische-juedin\/\" \/>\n<meta property=\"og:locale\" content=\"de_DE\" \/>\n<meta property=\"og:type\" content=\"article\" \/>\n<meta property=\"og:title\" content=\"Jemenitische J\u00fcdin - Abisag T\u00fcllmann\" \/>\n<meta property=\"og:description\" content=\"R\u00fcckseitenbeschriftung von Hand der Fotografin: &#8222;En Kerem, Frau aus dem Yemen&#8220;\" \/>\n<meta property=\"og:url\" content=\"https:\/\/bpk-archive.de\/tuellmann\/produkt\/jemenitische-juedin\/\" \/>\n<meta property=\"og:site_name\" content=\"Abisag T\u00fcllmann\" \/>\n<meta property=\"article:modified_time\" content=\"2019-09-05T13:05:48+00:00\" \/>\n<meta property=\"og:image\" content=\"https:\/\/bpk-archive.de\/tuellmann\/wp-content\/uploads\/2019\/08\/bpk_70270843.jpg\" \/>\n\t<meta property=\"og:image:width\" content=\"1200\" \/>\n\t<meta property=\"og:image:height\" content=\"929\" \/>\n\t<meta property=\"og:image:type\" content=\"image\/jpeg\" \/>\n<meta name=\"twitter:card\" content=\"summary_large_image\" \/>\n<script type=\"application\/ld+json\" class=\"yoast-schema-graph\">{\"@context\":\"https:\\\/\\\/schema.org\",\"@graph\":[{\"@type\":\"WebPage\",\"@id\":\"https:\\\/\\\/bpk-archive.de\\\/tuellmann\\\/produkt\\\/jemenitische-juedin\\\/\",\"url\":\"https:\\\/\\\/bpk-archive.de\\\/tuellmann\\\/produkt\\\/jemenitische-juedin\\\/\",\"name\":\"Jemenitische J\u00fcdin - Abisag T\u00fcllmann\",\"isPartOf\":{\"@id\":\"https:\\\/\\\/bpk-archive.de\\\/tuellmann\\\/#website\"},\"primaryImageOfPage\":{\"@id\":\"https:\\\/\\\/bpk-archive.de\\\/tuellmann\\\/produkt\\\/jemenitische-juedin\\\/#primaryimage\"},\"image\":{\"@id\":\"https:\\\/\\\/bpk-archive.de\\\/tuellmann\\\/produkt\\\/jemenitische-juedin\\\/#primaryimage\"},\"thumbnailUrl\":\"https:\\\/\\\/bpk-archive.de\\\/tuellmann\\\/wp-content\\\/uploads\\\/2019\\\/08\\\/bpk_70270843.jpg\",\"datePublished\":\"2019-09-05T13:05:35+00:00\",\"dateModified\":\"2019-09-05T13:05:48+00:00\",\"breadcrumb\":{\"@id\":\"https:\\\/\\\/bpk-archive.de\\\/tuellmann\\\/produkt\\\/jemenitische-juedin\\\/#breadcrumb\"},\"inLanguage\":\"de\",\"potentialAction\":[{\"@type\":\"ReadAction\",\"target\":[\"https:\\\/\\\/bpk-archive.de\\\/tuellmann\\\/produkt\\\/jemenitische-juedin\\\/\"]}]},{\"@type\":\"ImageObject\",\"inLanguage\":\"de\",\"@id\":\"https:\\\/\\\/bpk-archive.de\\\/tuellmann\\\/produkt\\\/jemenitische-juedin\\\/#primaryimage\",\"url\":\"https:\\\/\\\/bpk-archive.de\\\/tuellmann\\\/wp-content\\\/uploads\\\/2019\\\/08\\\/bpk_70270843.jpg\",\"contentUrl\":\"https:\\\/\\\/bpk-archive.de\\\/tuellmann\\\/wp-content\\\/uploads\\\/2019\\\/08\\\/bpk_70270843.jpg\",\"width\":1200,\"height\":929,\"caption\":\"Jemenitische J\u00fcdin\"},{\"@type\":\"BreadcrumbList\",\"@id\":\"https:\\\/\\\/bpk-archive.de\\\/tuellmann\\\/produkt\\\/jemenitische-juedin\\\/#breadcrumb\",\"itemListElement\":[{\"@type\":\"ListItem\",\"position\":1,\"name\":\"Startseite\",\"item\":\"https:\\\/\\\/bpk-archive.de\\\/tuellmann\\\/\"},{\"@type\":\"ListItem\",\"position\":2,\"name\":\"Shop\",\"item\":\"https:\\\/\\\/bpk-archive.de\\\/tuellmann\\\/shop\\\/\"},{\"@type\":\"ListItem\",\"position\":3,\"name\":\"Jemenitische J\u00fcdin\"}]},{\"@type\":\"WebSite\",\"@id\":\"https:\\\/\\\/bpk-archive.de\\\/tuellmann\\\/#website\",\"url\":\"https:\\\/\\\/bpk-archive.de\\\/tuellmann\\\/\",\"name\":\"Abisag T\u00fcllmann\",\"description\":\"Eine weitere WordPress-Website\",\"potentialAction\":[{\"@type\":\"SearchAction\",\"target\":{\"@type\":\"EntryPoint\",\"urlTemplate\":\"https:\\\/\\\/bpk-archive.de\\\/tuellmann\\\/?s={search_term_string}\"},\"query-input\":{\"@type\":\"PropertyValueSpecification\",\"valueRequired\":true,\"valueName\":\"search_term_string\"}}],\"inLanguage\":\"de\"}]}<\/script>\n<!-- \/ Yoast SEO plugin. -->","yoast_head_json":{"title":"Jemenitische J\u00fcdin - Abisag T\u00fcllmann","robots":{"index":"index","follow":"follow","max-snippet":"max-snippet:-1","max-image-preview":"max-image-preview:large","max-video-preview":"max-video-preview:-1"},"canonical":"https:\/\/bpk-archive.de\/tuellmann\/produkt\/jemenitische-juedin\/","og_locale":"de_DE","og_type":"article","og_title":"Jemenitische J\u00fcdin - Abisag T\u00fcllmann","og_description":"R\u00fcckseitenbeschriftung von Hand der Fotografin: &#8222;En Kerem, Frau aus dem Yemen&#8220;","og_url":"https:\/\/bpk-archive.de\/tuellmann\/produkt\/jemenitische-juedin\/","og_site_name":"Abisag T\u00fcllmann","article_modified_time":"2019-09-05T13:05:48+00:00","og_image":[{"width":1200,"height":929,"url":"https:\/\/bpk-archive.de\/tuellmann\/wp-content\/uploads\/2019\/08\/bpk_70270843.jpg","type":"image\/jpeg"}],"twitter_card":"summary_large_image","schema":{"@context":"https:\/\/schema.org","@graph":[{"@type":"WebPage","@id":"https:\/\/bpk-archive.de\/tuellmann\/produkt\/jemenitische-juedin\/","url":"https:\/\/bpk-archive.de\/tuellmann\/produkt\/jemenitische-juedin\/","name":"Jemenitische J\u00fcdin - Abisag T\u00fcllmann","isPartOf":{"@id":"https:\/\/bpk-archive.de\/tuellmann\/#website"},"primaryImageOfPage":{"@id":"https:\/\/bpk-archive.de\/tuellmann\/produkt\/jemenitische-juedin\/#primaryimage"},"image":{"@id":"https:\/\/bpk-archive.de\/tuellmann\/produkt\/jemenitische-juedin\/#primaryimage"},"thumbnailUrl":"https:\/\/bpk-archive.de\/tuellmann\/wp-content\/uploads\/2019\/08\/bpk_70270843.jpg","datePublished":"2019-09-05T13:05:35+00:00","dateModified":"2019-09-05T13:05:48+00:00","breadcrumb":{"@id":"https:\/\/bpk-archive.de\/tuellmann\/produkt\/jemenitische-juedin\/#breadcrumb"},"inLanguage":"de","potentialAction":[{"@type":"ReadAction","target":["https:\/\/bpk-archive.de\/tuellmann\/produkt\/jemenitische-juedin\/"]}]},{"@type":"ImageObject","inLanguage":"de","@id":"https:\/\/bpk-archive.de\/tuellmann\/produkt\/jemenitische-juedin\/#primaryimage","url":"https:\/\/bpk-archive.de\/tuellmann\/wp-content\/uploads\/2019\/08\/bpk_70270843.jpg","contentUrl":"https:\/\/bpk-archive.de\/tuellmann\/wp-content\/uploads\/2019\/08\/bpk_70270843.jpg","width":1200,"height":929,"caption":"Jemenitische J\u00fcdin"},{"@type":"BreadcrumbList","@id":"https:\/\/bpk-archive.de\/tuellmann\/produkt\/jemenitische-juedin\/#breadcrumb","itemListElement":[{"@type":"ListItem","position":1,"name":"Startseite","item":"https:\/\/bpk-archive.de\/tuellmann\/"},{"@type":"ListItem","position":2,"name":"Shop","item":"https:\/\/bpk-archive.de\/tuellmann\/shop\/"},{"@type":"ListItem","position":3,"name":"Jemenitische J\u00fcdin"}]},{"@type":"WebSite","@id":"https:\/\/bpk-archive.de\/tuellmann\/#website","url":"https:\/\/bpk-archive.de\/tuellmann\/","name":"Abisag T\u00fcllmann","description":"Eine weitere WordPress-Website","potentialAction":[{"@type":"SearchAction","target":{"@type":"EntryPoint","urlTemplate":"https:\/\/bpk-archive.de\/tuellmann\/?s={search_term_string}"},"query-input":{"@type":"PropertyValueSpecification","valueRequired":true,"valueName":"search_term_string"}}],"inLanguage":"de"}]}},"_links":{"self":[{"href":"https:\/\/bpk-archive.de\/tuellmann\/wp-json\/wp\/v2\/product\/70295343","targetHints":{"allow":["GET"]}}],"collection":[{"href":"https:\/\/bpk-archive.de\/tuellmann\/wp-json\/wp\/v2\/product"}],"about":[{"href":"https:\/\/bpk-archive.de\/tuellmann\/wp-json\/wp\/v2\/types\/product"}],"wp:featuredmedia":[{"embeddable":true,"href":"https:\/\/bpk-archive.de\/tuellmann\/wp-json\/wp\/v2\/media\/70292829"}],"wp:attachment":[{"href":"https:\/\/bpk-archive.de\/tuellmann\/wp-json\/wp\/v2\/media?parent=70295343"}],"wp:term":[{"taxonomy":"product_brand","embeddable":true,"href":"https:\/\/bpk-archive.de\/tuellmann\/wp-json\/wp\/v2\/product_brand?post=70295343"},{"taxonomy":"product_cat","embeddable":true,"href":"https:\/\/bpk-archive.de\/tuellmann\/wp-json\/wp\/v2\/product_cat?post=70295343"},{"taxonomy":"product_tag","embeddable":true,"href":"https:\/\/bpk-archive.de\/tuellmann\/wp-json\/wp\/v2\/product_tag?post=70295343"}],"curies":[{"name":"wp","href":"https:\/\/api.w.org\/{rel}","templated":true}]}}