{"id":70295339,"date":"2019-09-05T15:05:35","date_gmt":"2019-09-05T13:05:35","guid":{"rendered":"http:\/\/abisagtuellmann.bpk-news.de\/atbild\/betende-in-einer-moschee-in-bethlehem\/"},"modified":"2019-09-05T15:05:44","modified_gmt":"2019-09-05T13:05:44","slug":"betende-in-einer-moschee-in-bethlehem","status":"publish","type":"product","link":"https:\/\/bpk-archive.de\/tuellmann\/produkt\/betende-in-einer-moschee-in-bethlehem\/","title":{"rendered":"Betende in einer Moschee in Bethlehem"},"content":{"rendered":"<p>R\u00fcckseitenbeschriftung von Hand der Fotografin: &#8222;Foto T\u00fcllmann: Moschee in Bethlehem&#8220;<\/p>\n","protected":false},"excerpt":{"rendered":"<p>R\u00fcckseitenbeschriftung von Hand der Fotografin: &#8222;Foto T\u00fcllmann: Moschee in Bethlehem&#8220;<\/p>\n","protected":false},"featured_media":70292823,"template":"","meta":[],"product_brand":[],"product_cat":[],"product_tag":[47237,13232,13234,13231,13233,47238,48353,47239,13777,47240,47839,47840,47841,47622,47623,47624,47625,47626,47627,52771,47241,47245,47246,47247,47248,47249,47250,47251,47252,47253,47254,47255,49250,49251,49252,49253,49254,49255,49077,49078,49079,13473,13293,13786,13787,13294,13295,13296,13297,47267,49256,49257,49258,49259,49260,49261,49262,52772,49265,49266,52773,49267,49268,49269,49270,49271,49272,49098,52774,13498,47270,47271,47273,47274,47275,47276,49108,49109,49110,49111,49112,49113,47279,47750,47280,47281,47282,47283,47284,47285,47286,47287,47288,47289,47290,47291,47292,47293,47294,13818,13819,48012,48013,13826,52767,49118,49119,47687,47688,47689,47690,47691,47692,47693,47694,47695,47320,47322,47321,47323,48070,47324,47327,47328,47329,47330,47331,13328,13827,13828,13329,13330,13331,13332,47332,52775,52776,13843,47958,49233,49234,49279,52777,49280,47333,47334,47335,47336,47337,13877,13879,49125,49126,49127,52778,52779,13865,13864,13866,13858,13859,13860,13861,13862,13863,13869,13870,13871,13872,13878,13880,52780,52781,13525,48945],"class_list":{"0":"post-70295339","1":"product","2":"type-product","3":"status-publish","4":"has-post-thumbnail","6":"product_tag-1980er-jahre","7":"product_tag-20-jahrhundert-nach-chr","8":"product_tag-20-jh-n-chr","9":"product_tag-20-jahrhundert","10":"product_tag-20-jh","11":"product_tag-80er","12":"product_tag-abt_000","13":"product_tag-abt_001","14":"product_tag-abzug","15":"product_tag-achtziger","16":"product_tag-araber","17":"product_tag-arabern","18":"product_tag-arabers","19":"product_tag-arabisch","20":"product_tag-arabische","21":"product_tag-arabischem","22":"product_tag-arabischen","23":"product_tag-arabischer","24":"product_tag-arabisches","25":"product_tag-arsch","26":"product_tag-at_israel","27":"product_tag-besatzungszeit","28":"product_tag-besatzungszone","29":"product_tag-besatzungszonen","30":"product_tag-besetzen","31":"product_tag-besetzt","32":"product_tag-besetzte","33":"product_tag-besetzten","34":"product_tag-besetzter","35":"product_tag-besetztes","36":"product_tag-besetzung","37":"product_tag-besetzungen","38":"product_tag-beten","39":"product_tag-betend","40":"product_tag-betende","41":"product_tag-betenden","42":"product_tag-betender","43":"product_tag-betendes","44":"product_tag-bethlehem","45":"product_tag-bethlehems","46":"product_tag-betlehem","47":"product_tag-drinnen","48":"product_tag-foto","49":"product_tag-fotoabzug","50":"product_tag-fotoabzuege","51":"product_tag-fotografie","52":"product_tag-fotografien","53":"product_tag-fotografin","54":"product_tag-fotografinnen","55":"product_tag-fotoreportage","56":"product_tag-fromm","57":"product_tag-fromme","58":"product_tag-frommen","59":"product_tag-frommer","60":"product_tag-frommes","61":"product_tag-froemmigkeit","62":"product_tag-gebet","63":"product_tag-gesaess","64":"product_tag-glaube","65":"product_tag-glauben","66":"product_tag-glaubensfreiheit","67":"product_tag-glaeubig","68":"product_tag-glaeubige","69":"product_tag-glaeubigen","70":"product_tag-glaeubiger","71":"product_tag-glaeubiges","72":"product_tag-gottesdienst","73":"product_tag-gotteshaus","74":"product_tag-hintern","75":"product_tag-innen","76":"product_tag-innenansicht","77":"product_tag-innenansichten","78":"product_tag-innenraum","79":"product_tag-innenraeume","80":"product_tag-innenraumes","81":"product_tag-innenraums","82":"product_tag-islam","83":"product_tag-islamisch","84":"product_tag-islamische","85":"product_tag-islamischen","86":"product_tag-islamischer","87":"product_tag-islamisches","88":"product_tag-israel","89":"product_tag-israelis","90":"product_tag-israelisch","91":"product_tag-israelische","92":"product_tag-israelischer","93":"product_tag-israelisches","94":"product_tag-israels","95":"product_tag-knieen","96":"product_tag-knieend","97":"product_tag-knieende","98":"product_tag-knieender","99":"product_tag-knieendes","100":"product_tag-knien","101":"product_tag-kniend","102":"product_tag-kniende","103":"product_tag-kniender","104":"product_tag-kniendes","105":"product_tag-mann","106":"product_tag-maenner","107":"product_tag-maennergruppe","108":"product_tag-maennergruppen","109":"product_tag-mannes","110":"product_tag-mohammedaner","111":"product_tag-moschee","112":"product_tag-moscheen","113":"product_tag-moslem","114":"product_tag-moslems","115":"product_tag-muslim","116":"product_tag-muslime","117":"product_tag-muslimisch","118":"product_tag-muslimische","119":"product_tag-muslimischen","120":"product_tag-muslimischer","121":"product_tag-muslimisches","122":"product_tag-nahost","123":"product_tag-nahost-konflikt","124":"product_tag-nahostkonflikt","125":"product_tag-okkupation","126":"product_tag-palaestina","127":"product_tag-palaestinenser","128":"product_tag-palaestinensisch","129":"product_tag-palaestinensische","130":"product_tag-palaestinensischen","131":"product_tag-palaestinensischer","132":"product_tag-palaestinensisches","133":"product_tag-photo","134":"product_tag-photoabzug","135":"product_tag-photoabzuege","136":"product_tag-photographie","137":"product_tag-photographien","138":"product_tag-photographin","139":"product_tag-photographinnen","140":"product_tag-photoreportage","141":"product_tag-po","142":"product_tag-popo","143":"product_tag-print","144":"product_tag-querformat","145":"product_tag-religion","146":"product_tag-religionen","147":"product_tag-religionsausuebung","148":"product_tag-religionsfreiheit","149":"product_tag-religionspflege","150":"product_tag-reportage","151":"product_tag-reportagefoto","152":"product_tag-reportagefotografie","153":"product_tag-reportagephoto","154":"product_tag-reportagephotographie","155":"product_tag-s-w-fotografie","156":"product_tag-s-w-photographie","157":"product_tag-sakralbau","158":"product_tag-sakralbauten","159":"product_tag-sakralgebaeude","160":"product_tag-saeule","161":"product_tag-saeulen","162":"product_tag-schwarzweissphotographie","163":"product_tag-schwarz-weiss-fotografie","164":"product_tag-schwarz-weiss-photographie","165":"product_tag-schwarzweiss","166":"product_tag-schwarzweisse","167":"product_tag-schwarzweissen","168":"product_tag-schwarzweisser","169":"product_tag-schwarzweisses","170":"product_tag-schwarzweissfotografie","171":"product_tag-silbergelatine","172":"product_tag-silbergelatineabzug","173":"product_tag-silbergelatineabzuege","174":"product_tag-silbergelatineprint","175":"product_tag-sw-fotografie","176":"product_tag-sw-photographie","177":"product_tag-verbeugung","178":"product_tag-verbeugungen","179":"product_tag-von-innen","180":"product_tag-westjordanland","181":"pa_datierung-november-1983","182":"pa_fotograf-abisag-tuellmann","183":"pa_geografischer_bezug-aufnahmeort-bethlehem-israel-westjordanland","184":"pa_grunddaten_material_technik-foto-silbergelatine-auf-barytpapier","185":"pa_inventarnummer-tue-83-208-29","186":"pa_jahr_von-47717","187":"pa_massangaben-bildformat-foto-20-x-304-cm","188":"pa_mediennummer-52769","189":"pa_objekt_typ-fotografie","191":"first","192":"instock","193":"product-type-simple"},"yoast_head":"<!-- This site is optimized with the Yoast SEO plugin v27.4 - https:\/\/yoast.com\/product\/yoast-seo-wordpress\/ -->\n<title>Betende in einer Moschee in Bethlehem - Abisag T\u00fcllmann<\/title>\n<meta name=\"robots\" content=\"index, follow, max-snippet:-1, max-image-preview:large, max-video-preview:-1\" \/>\n<link rel=\"canonical\" href=\"https:\/\/bpk-archive.de\/tuellmann\/produkt\/betende-in-einer-moschee-in-bethlehem\/\" \/>\n<meta property=\"og:locale\" content=\"de_DE\" \/>\n<meta property=\"og:type\" content=\"article\" \/>\n<meta property=\"og:title\" content=\"Betende in einer Moschee in Bethlehem - Abisag T\u00fcllmann\" \/>\n<meta property=\"og:description\" content=\"R\u00fcckseitenbeschriftung von Hand der Fotografin: &#8222;Foto T\u00fcllmann: Moschee in Bethlehem&#8220;\" \/>\n<meta property=\"og:url\" content=\"https:\/\/bpk-archive.de\/tuellmann\/produkt\/betende-in-einer-moschee-in-bethlehem\/\" \/>\n<meta property=\"og:site_name\" content=\"Abisag T\u00fcllmann\" \/>\n<meta property=\"article:modified_time\" content=\"2019-09-05T13:05:44+00:00\" \/>\n<meta property=\"og:image\" content=\"https:\/\/bpk-archive.de\/tuellmann\/wp-content\/uploads\/2019\/08\/bpk_70270837.jpg\" \/>\n\t<meta property=\"og:image:width\" content=\"1200\" \/>\n\t<meta property=\"og:image:height\" content=\"811\" \/>\n\t<meta property=\"og:image:type\" content=\"image\/jpeg\" \/>\n<meta name=\"twitter:card\" content=\"summary_large_image\" \/>\n<script type=\"application\/ld+json\" class=\"yoast-schema-graph\">{\"@context\":\"https:\\\/\\\/schema.org\",\"@graph\":[{\"@type\":\"WebPage\",\"@id\":\"https:\\\/\\\/bpk-archive.de\\\/tuellmann\\\/produkt\\\/betende-in-einer-moschee-in-bethlehem\\\/\",\"url\":\"https:\\\/\\\/bpk-archive.de\\\/tuellmann\\\/produkt\\\/betende-in-einer-moschee-in-bethlehem\\\/\",\"name\":\"Betende in einer Moschee in Bethlehem - Abisag T\u00fcllmann\",\"isPartOf\":{\"@id\":\"https:\\\/\\\/bpk-archive.de\\\/tuellmann\\\/#website\"},\"primaryImageOfPage\":{\"@id\":\"https:\\\/\\\/bpk-archive.de\\\/tuellmann\\\/produkt\\\/betende-in-einer-moschee-in-bethlehem\\\/#primaryimage\"},\"image\":{\"@id\":\"https:\\\/\\\/bpk-archive.de\\\/tuellmann\\\/produkt\\\/betende-in-einer-moschee-in-bethlehem\\\/#primaryimage\"},\"thumbnailUrl\":\"https:\\\/\\\/bpk-archive.de\\\/tuellmann\\\/wp-content\\\/uploads\\\/2019\\\/08\\\/bpk_70270837.jpg\",\"datePublished\":\"2019-09-05T13:05:35+00:00\",\"dateModified\":\"2019-09-05T13:05:44+00:00\",\"breadcrumb\":{\"@id\":\"https:\\\/\\\/bpk-archive.de\\\/tuellmann\\\/produkt\\\/betende-in-einer-moschee-in-bethlehem\\\/#breadcrumb\"},\"inLanguage\":\"de\",\"potentialAction\":[{\"@type\":\"ReadAction\",\"target\":[\"https:\\\/\\\/bpk-archive.de\\\/tuellmann\\\/produkt\\\/betende-in-einer-moschee-in-bethlehem\\\/\"]}]},{\"@type\":\"ImageObject\",\"inLanguage\":\"de\",\"@id\":\"https:\\\/\\\/bpk-archive.de\\\/tuellmann\\\/produkt\\\/betende-in-einer-moschee-in-bethlehem\\\/#primaryimage\",\"url\":\"https:\\\/\\\/bpk-archive.de\\\/tuellmann\\\/wp-content\\\/uploads\\\/2019\\\/08\\\/bpk_70270837.jpg\",\"contentUrl\":\"https:\\\/\\\/bpk-archive.de\\\/tuellmann\\\/wp-content\\\/uploads\\\/2019\\\/08\\\/bpk_70270837.jpg\",\"width\":1200,\"height\":811,\"caption\":\"Betende in einer Moschee in Bethlehem\"},{\"@type\":\"BreadcrumbList\",\"@id\":\"https:\\\/\\\/bpk-archive.de\\\/tuellmann\\\/produkt\\\/betende-in-einer-moschee-in-bethlehem\\\/#breadcrumb\",\"itemListElement\":[{\"@type\":\"ListItem\",\"position\":1,\"name\":\"Startseite\",\"item\":\"https:\\\/\\\/bpk-archive.de\\\/tuellmann\\\/\"},{\"@type\":\"ListItem\",\"position\":2,\"name\":\"Shop\",\"item\":\"https:\\\/\\\/bpk-archive.de\\\/tuellmann\\\/shop\\\/\"},{\"@type\":\"ListItem\",\"position\":3,\"name\":\"Betende in einer Moschee in Bethlehem\"}]},{\"@type\":\"WebSite\",\"@id\":\"https:\\\/\\\/bpk-archive.de\\\/tuellmann\\\/#website\",\"url\":\"https:\\\/\\\/bpk-archive.de\\\/tuellmann\\\/\",\"name\":\"Abisag T\u00fcllmann\",\"description\":\"Eine weitere WordPress-Website\",\"potentialAction\":[{\"@type\":\"SearchAction\",\"target\":{\"@type\":\"EntryPoint\",\"urlTemplate\":\"https:\\\/\\\/bpk-archive.de\\\/tuellmann\\\/?s={search_term_string}\"},\"query-input\":{\"@type\":\"PropertyValueSpecification\",\"valueRequired\":true,\"valueName\":\"search_term_string\"}}],\"inLanguage\":\"de\"}]}<\/script>\n<!-- \/ Yoast SEO plugin. -->","yoast_head_json":{"title":"Betende in einer Moschee in Bethlehem - Abisag T\u00fcllmann","robots":{"index":"index","follow":"follow","max-snippet":"max-snippet:-1","max-image-preview":"max-image-preview:large","max-video-preview":"max-video-preview:-1"},"canonical":"https:\/\/bpk-archive.de\/tuellmann\/produkt\/betende-in-einer-moschee-in-bethlehem\/","og_locale":"de_DE","og_type":"article","og_title":"Betende in einer Moschee in Bethlehem - Abisag T\u00fcllmann","og_description":"R\u00fcckseitenbeschriftung von Hand der Fotografin: &#8222;Foto T\u00fcllmann: Moschee in Bethlehem&#8220;","og_url":"https:\/\/bpk-archive.de\/tuellmann\/produkt\/betende-in-einer-moschee-in-bethlehem\/","og_site_name":"Abisag T\u00fcllmann","article_modified_time":"2019-09-05T13:05:44+00:00","og_image":[{"width":1200,"height":811,"url":"https:\/\/bpk-archive.de\/tuellmann\/wp-content\/uploads\/2019\/08\/bpk_70270837.jpg","type":"image\/jpeg"}],"twitter_card":"summary_large_image","schema":{"@context":"https:\/\/schema.org","@graph":[{"@type":"WebPage","@id":"https:\/\/bpk-archive.de\/tuellmann\/produkt\/betende-in-einer-moschee-in-bethlehem\/","url":"https:\/\/bpk-archive.de\/tuellmann\/produkt\/betende-in-einer-moschee-in-bethlehem\/","name":"Betende in einer Moschee in Bethlehem - Abisag T\u00fcllmann","isPartOf":{"@id":"https:\/\/bpk-archive.de\/tuellmann\/#website"},"primaryImageOfPage":{"@id":"https:\/\/bpk-archive.de\/tuellmann\/produkt\/betende-in-einer-moschee-in-bethlehem\/#primaryimage"},"image":{"@id":"https:\/\/bpk-archive.de\/tuellmann\/produkt\/betende-in-einer-moschee-in-bethlehem\/#primaryimage"},"thumbnailUrl":"https:\/\/bpk-archive.de\/tuellmann\/wp-content\/uploads\/2019\/08\/bpk_70270837.jpg","datePublished":"2019-09-05T13:05:35+00:00","dateModified":"2019-09-05T13:05:44+00:00","breadcrumb":{"@id":"https:\/\/bpk-archive.de\/tuellmann\/produkt\/betende-in-einer-moschee-in-bethlehem\/#breadcrumb"},"inLanguage":"de","potentialAction":[{"@type":"ReadAction","target":["https:\/\/bpk-archive.de\/tuellmann\/produkt\/betende-in-einer-moschee-in-bethlehem\/"]}]},{"@type":"ImageObject","inLanguage":"de","@id":"https:\/\/bpk-archive.de\/tuellmann\/produkt\/betende-in-einer-moschee-in-bethlehem\/#primaryimage","url":"https:\/\/bpk-archive.de\/tuellmann\/wp-content\/uploads\/2019\/08\/bpk_70270837.jpg","contentUrl":"https:\/\/bpk-archive.de\/tuellmann\/wp-content\/uploads\/2019\/08\/bpk_70270837.jpg","width":1200,"height":811,"caption":"Betende in einer Moschee in Bethlehem"},{"@type":"BreadcrumbList","@id":"https:\/\/bpk-archive.de\/tuellmann\/produkt\/betende-in-einer-moschee-in-bethlehem\/#breadcrumb","itemListElement":[{"@type":"ListItem","position":1,"name":"Startseite","item":"https:\/\/bpk-archive.de\/tuellmann\/"},{"@type":"ListItem","position":2,"name":"Shop","item":"https:\/\/bpk-archive.de\/tuellmann\/shop\/"},{"@type":"ListItem","position":3,"name":"Betende in einer Moschee in Bethlehem"}]},{"@type":"WebSite","@id":"https:\/\/bpk-archive.de\/tuellmann\/#website","url":"https:\/\/bpk-archive.de\/tuellmann\/","name":"Abisag T\u00fcllmann","description":"Eine weitere WordPress-Website","potentialAction":[{"@type":"SearchAction","target":{"@type":"EntryPoint","urlTemplate":"https:\/\/bpk-archive.de\/tuellmann\/?s={search_term_string}"},"query-input":{"@type":"PropertyValueSpecification","valueRequired":true,"valueName":"search_term_string"}}],"inLanguage":"de"}]}},"_links":{"self":[{"href":"https:\/\/bpk-archive.de\/tuellmann\/wp-json\/wp\/v2\/product\/70295339","targetHints":{"allow":["GET"]}}],"collection":[{"href":"https:\/\/bpk-archive.de\/tuellmann\/wp-json\/wp\/v2\/product"}],"about":[{"href":"https:\/\/bpk-archive.de\/tuellmann\/wp-json\/wp\/v2\/types\/product"}],"wp:featuredmedia":[{"embeddable":true,"href":"https:\/\/bpk-archive.de\/tuellmann\/wp-json\/wp\/v2\/media\/70292823"}],"wp:attachment":[{"href":"https:\/\/bpk-archive.de\/tuellmann\/wp-json\/wp\/v2\/media?parent=70295339"}],"wp:term":[{"taxonomy":"product_brand","embeddable":true,"href":"https:\/\/bpk-archive.de\/tuellmann\/wp-json\/wp\/v2\/product_brand?post=70295339"},{"taxonomy":"product_cat","embeddable":true,"href":"https:\/\/bpk-archive.de\/tuellmann\/wp-json\/wp\/v2\/product_cat?post=70295339"},{"taxonomy":"product_tag","embeddable":true,"href":"https:\/\/bpk-archive.de\/tuellmann\/wp-json\/wp\/v2\/product_tag?post=70295339"}],"curies":[{"name":"wp","href":"https:\/\/api.w.org\/{rel}","templated":true}]}}