{"id":70295337,"date":"2019-09-05T15:05:35","date_gmt":"2019-09-05T13:05:35","guid":{"rendered":"http:\/\/abisagtuellmann.bpk-news.de\/atbild\/herstellung-von-religioesen-souvenirs-in-einer-arabischen-holzwerkstatt-in-bethlehem-2\/"},"modified":"2019-09-05T15:05:42","modified_gmt":"2019-09-05T13:05:42","slug":"herstellung-von-religioesen-souvenirs-in-einer-arabischen-holzwerkstatt-in-bethlehem-2","status":"publish","type":"product","link":"https:\/\/bpk-archive.de\/tuellmann\/produkt\/herstellung-von-religioesen-souvenirs-in-einer-arabischen-holzwerkstatt-in-bethlehem-2\/","title":{"rendered":"Herstellung von religi\u00f6sen Souvenirs in einer arabischen Holzwerkstatt in Bethlehem"},"content":{"rendered":"<p>R\u00fcckseitenbeschriftung von Hand der Fotografin: &#8222;Betlehem, Andenkenfabrik&#8220;<\/p>\n","protected":false},"excerpt":{"rendered":"<p>R\u00fcckseitenbeschriftung von Hand der Fotografin: &#8222;Betlehem, Andenkenfabrik&#8220;<\/p>\n","protected":false},"featured_media":70292825,"template":"","meta":[],"product_brand":[],"product_cat":[],"product_tag":[47237,13232,13234,13231,13233,47238,48353,47239,13777,47240,51451,47839,47840,47841,47622,47623,47624,47625,47626,47627,47456,47457,47458,47459,47460,47461,47462,13604,13605,47241,47245,47246,47247,47248,47249,47250,47251,47252,47253,47254,47255,49077,49078,49079,47989,52083,47991,47992,47993,47994,47995,47996,52084,14060,14061,13473,52754,52755,52696,13293,13786,13787,13294,13295,13296,13297,47267,51506,51507,51452,51453,51454,52089,52090,52702,51458,52703,13498,47279,47280,47281,47282,47283,47284,52093,52094,52756,13818,13819,13826,47320,47322,47321,47323,48070,47324,47327,47328,47329,47330,47331,13328,13827,13828,13329,13330,13331,13332,47332,13843,47958,14073,14074,14075,14076,14077,49233,49234,47333,47334,47335,47336,47337,13877,13879,51464,51465,52757,51466,51467,13865,13864,13866,13858,13859,13860,13861,13862,13863,13869,13870,13871,13872,14243,14244,14245,14246,14247,14248,14249,51469,51470,13878,13880,13525,51031,51032,51033,48945,14081,14082],"class_list":{"0":"post-70295337","1":"product","2":"type-product","3":"status-publish","4":"has-post-thumbnail","6":"product_tag-1980er-jahre","7":"product_tag-20-jahrhundert-nach-chr","8":"product_tag-20-jh-n-chr","9":"product_tag-20-jahrhundert","10":"product_tag-20-jh","11":"product_tag-80er","12":"product_tag-abt_000","13":"product_tag-abt_001","14":"product_tag-abzug","15":"product_tag-achtziger","16":"product_tag-andenken","17":"product_tag-araber","18":"product_tag-arabern","19":"product_tag-arabers","20":"product_tag-arabisch","21":"product_tag-arabische","22":"product_tag-arabischem","23":"product_tag-arabischen","24":"product_tag-arabischer","25":"product_tag-arabisches","26":"product_tag-arbeit","27":"product_tag-arbeiten","28":"product_tag-arbeitend","29":"product_tag-arbeitende","30":"product_tag-arbeitenden","31":"product_tag-arbeitender","32":"product_tag-arbeitendes","33":"product_tag-arbeiter","34":"product_tag-arbeitern","35":"product_tag-at_israel","36":"product_tag-besatzungszeit","37":"product_tag-besatzungszone","38":"product_tag-besatzungszonen","39":"product_tag-besetzen","40":"product_tag-besetzt","41":"product_tag-besetzte","42":"product_tag-besetzten","43":"product_tag-besetzter","44":"product_tag-besetztes","45":"product_tag-besetzung","46":"product_tag-besetzungen","47":"product_tag-bethlehem","48":"product_tag-bethlehems","49":"product_tag-betlehem","50":"product_tag-christ","51":"product_tag-christi","52":"product_tag-christlich","53":"product_tag-christliche","54":"product_tag-christlichem","55":"product_tag-christlichen","56":"product_tag-christlicher","57":"product_tag-christliches","58":"product_tag-christus","59":"product_tag-cigarette","60":"product_tag-cigaretten","61":"product_tag-drinnen","62":"product_tag-figur","63":"product_tag-figuren","64":"product_tag-figurenschnitzer","65":"product_tag-foto","66":"product_tag-fotoabzug","67":"product_tag-fotoabzuege","68":"product_tag-fotografie","69":"product_tag-fotografien","70":"product_tag-fotografin","71":"product_tag-fotografinnen","72":"product_tag-fotoreportage","73":"product_tag-handarbeit","74":"product_tag-handarbeiten","75":"product_tag-handwerk","76":"product_tag-handwerke","77":"product_tag-handwerker","78":"product_tag-holzfigur","79":"product_tag-holzfiguren","80":"product_tag-holzschnitzer","81":"product_tag-holzschnitzerei","82":"product_tag-holzschnitzers","83":"product_tag-innen","84":"product_tag-israel","85":"product_tag-israelisch","86":"product_tag-israelische","87":"product_tag-israelischer","88":"product_tag-israelisches","89":"product_tag-israels","90":"product_tag-jesu","91":"product_tag-jesus","92":"product_tag-kunsthandwerk","93":"product_tag-mann","94":"product_tag-maenner","95":"product_tag-mannes","96":"product_tag-nahost","97":"product_tag-nahost-konflikt","98":"product_tag-nahostkonflikt","99":"product_tag-okkupation","100":"product_tag-palaestina","101":"product_tag-palaestinenser","102":"product_tag-palaestinensisch","103":"product_tag-palaestinensische","104":"product_tag-palaestinensischen","105":"product_tag-palaestinensischer","106":"product_tag-palaestinensisches","107":"product_tag-photo","108":"product_tag-photoabzug","109":"product_tag-photoabzuege","110":"product_tag-photographie","111":"product_tag-photographien","112":"product_tag-photographin","113":"product_tag-photographinnen","114":"product_tag-photoreportage","115":"product_tag-print","116":"product_tag-querformat","117":"product_tag-rauchend","118":"product_tag-rauchende","119":"product_tag-rauchenden","120":"product_tag-rauchender","121":"product_tag-rauchendes","122":"product_tag-religion","123":"product_tag-religionen","124":"product_tag-reportage","125":"product_tag-reportagefoto","126":"product_tag-reportagefotografie","127":"product_tag-reportagephoto","128":"product_tag-reportagephotographie","129":"product_tag-s-w-fotografie","130":"product_tag-s-w-photographie","131":"product_tag-schnitzarbeit","132":"product_tag-schnitzarbeiten","133":"product_tag-schnitzen","134":"product_tag-schnitzerei","135":"product_tag-schnitzereien","136":"product_tag-schwarzweissphotographie","137":"product_tag-schwarz-weiss-fotografie","138":"product_tag-schwarz-weiss-photographie","139":"product_tag-schwarzweiss","140":"product_tag-schwarzweisse","141":"product_tag-schwarzweissen","142":"product_tag-schwarzweisser","143":"product_tag-schwarzweisses","144":"product_tag-schwarzweissfotografie","145":"product_tag-silbergelatine","146":"product_tag-silbergelatineabzug","147":"product_tag-silbergelatineabzuege","148":"product_tag-silbergelatineprint","149":"product_tag-sitzen","150":"product_tag-sitzend","151":"product_tag-sitzende","152":"product_tag-sitzenden","153":"product_tag-sitzender","154":"product_tag-sitzendes","155":"product_tag-sitzt","156":"product_tag-souvenir","157":"product_tag-souvenirs","158":"product_tag-sw-fotografie","159":"product_tag-sw-photographie","160":"product_tag-von-innen","161":"product_tag-werkbank","162":"product_tag-werkbaenke","163":"product_tag-werkstatt","164":"product_tag-westjordanland","165":"product_tag-zigarette","166":"product_tag-zigaretten","167":"pa_datierung-november-1983","168":"pa_fotograf-abisag-tuellmann","169":"pa_geografischer_bezug-aufnahmeort-bethlehem-israel-westjordanland","170":"pa_grunddaten_material_technik-foto-silbergelatine-auf-barytpapier","171":"pa_inventarnummer-tue-83-216-15","172":"pa_jahr_von-47717","173":"pa_massangaben-bildformat-foto-233-cm-x-304-cm","174":"pa_mediennummer-52751","175":"pa_objekt_typ-fotografie","177":"first","178":"instock","179":"product-type-simple"},"yoast_head":"<!-- This site is optimized with the Yoast SEO plugin v27.3 - https:\/\/yoast.com\/product\/yoast-seo-wordpress\/ -->\n<title>Herstellung von religi\u00f6sen Souvenirs in einer arabischen Holzwerkstatt in Bethlehem - Abisag T\u00fcllmann<\/title>\n<meta name=\"robots\" content=\"index, follow, max-snippet:-1, max-image-preview:large, max-video-preview:-1\" \/>\n<link rel=\"canonical\" href=\"https:\/\/bpk-archive.de\/tuellmann\/produkt\/herstellung-von-religioesen-souvenirs-in-einer-arabischen-holzwerkstatt-in-bethlehem-2\/\" \/>\n<meta property=\"og:locale\" content=\"de_DE\" \/>\n<meta property=\"og:type\" content=\"article\" \/>\n<meta property=\"og:title\" content=\"Herstellung von religi\u00f6sen Souvenirs in einer arabischen Holzwerkstatt in Bethlehem - Abisag T\u00fcllmann\" \/>\n<meta property=\"og:description\" content=\"R\u00fcckseitenbeschriftung von Hand der Fotografin: &#8222;Betlehem, Andenkenfabrik&#8220;\" \/>\n<meta property=\"og:url\" content=\"https:\/\/bpk-archive.de\/tuellmann\/produkt\/herstellung-von-religioesen-souvenirs-in-einer-arabischen-holzwerkstatt-in-bethlehem-2\/\" \/>\n<meta property=\"og:site_name\" content=\"Abisag T\u00fcllmann\" \/>\n<meta property=\"article:modified_time\" content=\"2019-09-05T13:05:42+00:00\" \/>\n<meta property=\"og:image\" content=\"https:\/\/bpk-archive.de\/tuellmann\/wp-content\/uploads\/2019\/08\/bpk_70270839.jpg\" \/>\n\t<meta property=\"og:image:width\" content=\"1200\" \/>\n\t<meta property=\"og:image:height\" content=\"934\" \/>\n\t<meta property=\"og:image:type\" content=\"image\/jpeg\" \/>\n<meta name=\"twitter:card\" content=\"summary_large_image\" \/>\n<script type=\"application\/ld+json\" class=\"yoast-schema-graph\">{\"@context\":\"https:\\\/\\\/schema.org\",\"@graph\":[{\"@type\":\"WebPage\",\"@id\":\"https:\\\/\\\/bpk-archive.de\\\/tuellmann\\\/produkt\\\/herstellung-von-religioesen-souvenirs-in-einer-arabischen-holzwerkstatt-in-bethlehem-2\\\/\",\"url\":\"https:\\\/\\\/bpk-archive.de\\\/tuellmann\\\/produkt\\\/herstellung-von-religioesen-souvenirs-in-einer-arabischen-holzwerkstatt-in-bethlehem-2\\\/\",\"name\":\"Herstellung von religi\u00f6sen Souvenirs in einer arabischen Holzwerkstatt in Bethlehem - Abisag T\u00fcllmann\",\"isPartOf\":{\"@id\":\"https:\\\/\\\/bpk-archive.de\\\/tuellmann\\\/#website\"},\"primaryImageOfPage\":{\"@id\":\"https:\\\/\\\/bpk-archive.de\\\/tuellmann\\\/produkt\\\/herstellung-von-religioesen-souvenirs-in-einer-arabischen-holzwerkstatt-in-bethlehem-2\\\/#primaryimage\"},\"image\":{\"@id\":\"https:\\\/\\\/bpk-archive.de\\\/tuellmann\\\/produkt\\\/herstellung-von-religioesen-souvenirs-in-einer-arabischen-holzwerkstatt-in-bethlehem-2\\\/#primaryimage\"},\"thumbnailUrl\":\"https:\\\/\\\/bpk-archive.de\\\/tuellmann\\\/wp-content\\\/uploads\\\/2019\\\/08\\\/bpk_70270839.jpg\",\"datePublished\":\"2019-09-05T13:05:35+00:00\",\"dateModified\":\"2019-09-05T13:05:42+00:00\",\"breadcrumb\":{\"@id\":\"https:\\\/\\\/bpk-archive.de\\\/tuellmann\\\/produkt\\\/herstellung-von-religioesen-souvenirs-in-einer-arabischen-holzwerkstatt-in-bethlehem-2\\\/#breadcrumb\"},\"inLanguage\":\"de\",\"potentialAction\":[{\"@type\":\"ReadAction\",\"target\":[\"https:\\\/\\\/bpk-archive.de\\\/tuellmann\\\/produkt\\\/herstellung-von-religioesen-souvenirs-in-einer-arabischen-holzwerkstatt-in-bethlehem-2\\\/\"]}]},{\"@type\":\"ImageObject\",\"inLanguage\":\"de\",\"@id\":\"https:\\\/\\\/bpk-archive.de\\\/tuellmann\\\/produkt\\\/herstellung-von-religioesen-souvenirs-in-einer-arabischen-holzwerkstatt-in-bethlehem-2\\\/#primaryimage\",\"url\":\"https:\\\/\\\/bpk-archive.de\\\/tuellmann\\\/wp-content\\\/uploads\\\/2019\\\/08\\\/bpk_70270839.jpg\",\"contentUrl\":\"https:\\\/\\\/bpk-archive.de\\\/tuellmann\\\/wp-content\\\/uploads\\\/2019\\\/08\\\/bpk_70270839.jpg\",\"width\":1200,\"height\":934,\"caption\":\"Herstellung von religi\u00f6sen Souvenirs in einer arabischen Holzwerkstatt in Bethlehem\"},{\"@type\":\"BreadcrumbList\",\"@id\":\"https:\\\/\\\/bpk-archive.de\\\/tuellmann\\\/produkt\\\/herstellung-von-religioesen-souvenirs-in-einer-arabischen-holzwerkstatt-in-bethlehem-2\\\/#breadcrumb\",\"itemListElement\":[{\"@type\":\"ListItem\",\"position\":1,\"name\":\"Startseite\",\"item\":\"https:\\\/\\\/bpk-archive.de\\\/tuellmann\\\/\"},{\"@type\":\"ListItem\",\"position\":2,\"name\":\"Shop\",\"item\":\"https:\\\/\\\/bpk-archive.de\\\/tuellmann\\\/shop\\\/\"},{\"@type\":\"ListItem\",\"position\":3,\"name\":\"Herstellung von religi\u00f6sen Souvenirs in einer arabischen Holzwerkstatt in Bethlehem\"}]},{\"@type\":\"WebSite\",\"@id\":\"https:\\\/\\\/bpk-archive.de\\\/tuellmann\\\/#website\",\"url\":\"https:\\\/\\\/bpk-archive.de\\\/tuellmann\\\/\",\"name\":\"Abisag T\u00fcllmann\",\"description\":\"Eine weitere WordPress-Website\",\"potentialAction\":[{\"@type\":\"SearchAction\",\"target\":{\"@type\":\"EntryPoint\",\"urlTemplate\":\"https:\\\/\\\/bpk-archive.de\\\/tuellmann\\\/?s={search_term_string}\"},\"query-input\":{\"@type\":\"PropertyValueSpecification\",\"valueRequired\":true,\"valueName\":\"search_term_string\"}}],\"inLanguage\":\"de\"}]}<\/script>\n<!-- \/ Yoast SEO plugin. -->","yoast_head_json":{"title":"Herstellung von religi\u00f6sen Souvenirs in einer arabischen Holzwerkstatt in Bethlehem - Abisag T\u00fcllmann","robots":{"index":"index","follow":"follow","max-snippet":"max-snippet:-1","max-image-preview":"max-image-preview:large","max-video-preview":"max-video-preview:-1"},"canonical":"https:\/\/bpk-archive.de\/tuellmann\/produkt\/herstellung-von-religioesen-souvenirs-in-einer-arabischen-holzwerkstatt-in-bethlehem-2\/","og_locale":"de_DE","og_type":"article","og_title":"Herstellung von religi\u00f6sen Souvenirs in einer arabischen Holzwerkstatt in Bethlehem - Abisag T\u00fcllmann","og_description":"R\u00fcckseitenbeschriftung von Hand der Fotografin: &#8222;Betlehem, Andenkenfabrik&#8220;","og_url":"https:\/\/bpk-archive.de\/tuellmann\/produkt\/herstellung-von-religioesen-souvenirs-in-einer-arabischen-holzwerkstatt-in-bethlehem-2\/","og_site_name":"Abisag T\u00fcllmann","article_modified_time":"2019-09-05T13:05:42+00:00","og_image":[{"width":1200,"height":934,"url":"https:\/\/bpk-archive.de\/tuellmann\/wp-content\/uploads\/2019\/08\/bpk_70270839.jpg","type":"image\/jpeg"}],"twitter_card":"summary_large_image","schema":{"@context":"https:\/\/schema.org","@graph":[{"@type":"WebPage","@id":"https:\/\/bpk-archive.de\/tuellmann\/produkt\/herstellung-von-religioesen-souvenirs-in-einer-arabischen-holzwerkstatt-in-bethlehem-2\/","url":"https:\/\/bpk-archive.de\/tuellmann\/produkt\/herstellung-von-religioesen-souvenirs-in-einer-arabischen-holzwerkstatt-in-bethlehem-2\/","name":"Herstellung von religi\u00f6sen Souvenirs in einer arabischen Holzwerkstatt in Bethlehem - Abisag T\u00fcllmann","isPartOf":{"@id":"https:\/\/bpk-archive.de\/tuellmann\/#website"},"primaryImageOfPage":{"@id":"https:\/\/bpk-archive.de\/tuellmann\/produkt\/herstellung-von-religioesen-souvenirs-in-einer-arabischen-holzwerkstatt-in-bethlehem-2\/#primaryimage"},"image":{"@id":"https:\/\/bpk-archive.de\/tuellmann\/produkt\/herstellung-von-religioesen-souvenirs-in-einer-arabischen-holzwerkstatt-in-bethlehem-2\/#primaryimage"},"thumbnailUrl":"https:\/\/bpk-archive.de\/tuellmann\/wp-content\/uploads\/2019\/08\/bpk_70270839.jpg","datePublished":"2019-09-05T13:05:35+00:00","dateModified":"2019-09-05T13:05:42+00:00","breadcrumb":{"@id":"https:\/\/bpk-archive.de\/tuellmann\/produkt\/herstellung-von-religioesen-souvenirs-in-einer-arabischen-holzwerkstatt-in-bethlehem-2\/#breadcrumb"},"inLanguage":"de","potentialAction":[{"@type":"ReadAction","target":["https:\/\/bpk-archive.de\/tuellmann\/produkt\/herstellung-von-religioesen-souvenirs-in-einer-arabischen-holzwerkstatt-in-bethlehem-2\/"]}]},{"@type":"ImageObject","inLanguage":"de","@id":"https:\/\/bpk-archive.de\/tuellmann\/produkt\/herstellung-von-religioesen-souvenirs-in-einer-arabischen-holzwerkstatt-in-bethlehem-2\/#primaryimage","url":"https:\/\/bpk-archive.de\/tuellmann\/wp-content\/uploads\/2019\/08\/bpk_70270839.jpg","contentUrl":"https:\/\/bpk-archive.de\/tuellmann\/wp-content\/uploads\/2019\/08\/bpk_70270839.jpg","width":1200,"height":934,"caption":"Herstellung von religi\u00f6sen Souvenirs in einer arabischen Holzwerkstatt in Bethlehem"},{"@type":"BreadcrumbList","@id":"https:\/\/bpk-archive.de\/tuellmann\/produkt\/herstellung-von-religioesen-souvenirs-in-einer-arabischen-holzwerkstatt-in-bethlehem-2\/#breadcrumb","itemListElement":[{"@type":"ListItem","position":1,"name":"Startseite","item":"https:\/\/bpk-archive.de\/tuellmann\/"},{"@type":"ListItem","position":2,"name":"Shop","item":"https:\/\/bpk-archive.de\/tuellmann\/shop\/"},{"@type":"ListItem","position":3,"name":"Herstellung von religi\u00f6sen Souvenirs in einer arabischen Holzwerkstatt in Bethlehem"}]},{"@type":"WebSite","@id":"https:\/\/bpk-archive.de\/tuellmann\/#website","url":"https:\/\/bpk-archive.de\/tuellmann\/","name":"Abisag T\u00fcllmann","description":"Eine weitere WordPress-Website","potentialAction":[{"@type":"SearchAction","target":{"@type":"EntryPoint","urlTemplate":"https:\/\/bpk-archive.de\/tuellmann\/?s={search_term_string}"},"query-input":{"@type":"PropertyValueSpecification","valueRequired":true,"valueName":"search_term_string"}}],"inLanguage":"de"}]}},"_links":{"self":[{"href":"https:\/\/bpk-archive.de\/tuellmann\/wp-json\/wp\/v2\/product\/70295337","targetHints":{"allow":["GET"]}}],"collection":[{"href":"https:\/\/bpk-archive.de\/tuellmann\/wp-json\/wp\/v2\/product"}],"about":[{"href":"https:\/\/bpk-archive.de\/tuellmann\/wp-json\/wp\/v2\/types\/product"}],"wp:featuredmedia":[{"embeddable":true,"href":"https:\/\/bpk-archive.de\/tuellmann\/wp-json\/wp\/v2\/media\/70292825"}],"wp:attachment":[{"href":"https:\/\/bpk-archive.de\/tuellmann\/wp-json\/wp\/v2\/media?parent=70295337"}],"wp:term":[{"taxonomy":"product_brand","embeddable":true,"href":"https:\/\/bpk-archive.de\/tuellmann\/wp-json\/wp\/v2\/product_brand?post=70295337"},{"taxonomy":"product_cat","embeddable":true,"href":"https:\/\/bpk-archive.de\/tuellmann\/wp-json\/wp\/v2\/product_cat?post=70295337"},{"taxonomy":"product_tag","embeddable":true,"href":"https:\/\/bpk-archive.de\/tuellmann\/wp-json\/wp\/v2\/product_tag?post=70295337"}],"curies":[{"name":"wp","href":"https:\/\/api.w.org\/{rel}","templated":true}]}}