{"id":70295330,"date":"2019-09-05T15:05:13","date_gmt":"2019-09-05T13:05:13","guid":{"rendered":"http:\/\/abisagtuellmann.bpk-news.de\/atbild\/arabischer-strassenkehrer-in-der-king-george-street-in-jerusalem\/"},"modified":"2019-09-05T15:05:33","modified_gmt":"2019-09-05T13:05:33","slug":"arabischer-strassenkehrer-in-der-king-george-street-in-jerusalem","status":"publish","type":"product","link":"https:\/\/bpk-archive.de\/tuellmann\/produkt\/arabischer-strassenkehrer-in-der-king-george-street-in-jerusalem\/","title":{"rendered":"Arabischer Stra\u00dfenkehrer in der King George Street in Jerusalem"},"content":{"rendered":"<p>R\u00fcckseitenbeschriftung von Hand der Fotografin: &#8222;Jerusalem, King George Street&#8220;<\/p>\n","protected":false},"excerpt":{"rendered":"<p>R\u00fcckseitenbeschriftung von Hand der Fotografin: &#8222;Jerusalem, King George Street&#8220;<\/p>\n","protected":false},"featured_media":70292977,"template":"","meta":[],"product_brand":[],"product_cat":[],"product_tag":[47237,13232,13234,13231,13233,47238,47239,13777,47240,48643,47839,47840,47841,47622,47623,47624,47625,47626,47627,47456,47457,47458,47459,47460,47461,47462,47241,13250,47549,47550,47551,47552,47553,47677,47678,13784,13785,13260,13293,13786,13787,13294,13295,13296,13297,47267,47556,52641,52642,52643,47497,47498,13301,47279,47747,47750,47280,47281,47282,47283,47284,48248,48249,48250,47684,47685,47686,13818,13819,13820,13821,13822,13823,13824,13825,13826,52458,47320,47324,47696,47697,47327,47328,47329,47330,47331,47561,47562,13328,13827,13828,13329,13330,13331,13332,47332,13829,13830,13831,13832,13833,13834,13835,13836,13837,13838,13839,13840,13841,13842,13843,13844,13845,13846,13847,47958,47333,47334,47335,47336,47337,13877,13879,13865,13864,13866,13858,13859,13860,13861,13862,13863,13869,13870,13871,13872,13519,13520,13521,13522,13523,13524,48165,48166,52644,52645,47408,52646,52647,47409,48226,13878,13880,52648,52649],"class_list":{"0":"post-70295330","1":"product","2":"type-product","3":"status-publish","4":"has-post-thumbnail","6":"product_tag-1980er-jahre","7":"product_tag-20-jahrhundert-nach-chr","8":"product_tag-20-jh-n-chr","9":"product_tag-20-jahrhundert","10":"product_tag-20-jh","11":"product_tag-80er","12":"product_tag-abt_001","13":"product_tag-abzug","14":"product_tag-achtziger","15":"product_tag-altstadt","16":"product_tag-araber","17":"product_tag-arabern","18":"product_tag-arabers","19":"product_tag-arabisch","20":"product_tag-arabische","21":"product_tag-arabischem","22":"product_tag-arabischen","23":"product_tag-arabischer","24":"product_tag-arabisches","25":"product_tag-arbeit","26":"product_tag-arbeiten","27":"product_tag-arbeitend","28":"product_tag-arbeitende","29":"product_tag-arbeitenden","30":"product_tag-arbeitender","31":"product_tag-arbeitendes","32":"product_tag-at_israel","33":"product_tag-aussen","34":"product_tag-auto","35":"product_tag-automobil","36":"product_tag-automobile","37":"product_tag-automobils","38":"product_tag-autos","39":"product_tag-beduinentuch","40":"product_tag-beduinentuecher","41":"product_tag-bildnis","42":"product_tag-bildnisse","43":"product_tag-draussen","44":"product_tag-foto","45":"product_tag-fotoabzug","46":"product_tag-fotoabzuege","47":"product_tag-fotografie","48":"product_tag-fotografien","49":"product_tag-fotografin","50":"product_tag-fotografinnen","51":"product_tag-fotoreportage","52":"product_tag-fussgaenger","53":"product_tag-fussgaengerueberweg","54":"product_tag-fussgaengerueberweges","55":"product_tag-fussgaengerueberwegs","56":"product_tag-hauptstadt","57":"product_tag-hauptstaedte","58":"product_tag-im-freien","59":"product_tag-israel","60":"product_tag-israeli","61":"product_tag-israelis","62":"product_tag-israelisch","63":"product_tag-israelische","64":"product_tag-israelischer","65":"product_tag-israelisches","66":"product_tag-israels","67":"product_tag-jerusalem","68":"product_tag-jerusalemer","69":"product_tag-jerusalems","70":"product_tag-kafiya","71":"product_tag-kefije","72":"product_tag-kufiya","73":"product_tag-mann","74":"product_tag-maenner","75":"product_tag-maennerbildnis","76":"product_tag-maennerbildnisse","77":"product_tag-maennerportrait","78":"product_tag-maennerportraits","79":"product_tag-maennerportraet","80":"product_tag-maennerportraets","81":"product_tag-mannes","82":"product_tag-muellbeseitigung","83":"product_tag-nahost","84":"product_tag-palaestinenser","85":"product_tag-palaestinensertuch","86":"product_tag-palaestinensertuecher","87":"product_tag-palaestinensisch","88":"product_tag-palaestinensische","89":"product_tag-palaestinensischen","90":"product_tag-palaestinensischer","91":"product_tag-palaestinensisches","92":"product_tag-passant","93":"product_tag-passanten","94":"product_tag-photo","95":"product_tag-photoabzug","96":"product_tag-photoabzuege","97":"product_tag-photographie","98":"product_tag-photographien","99":"product_tag-photographin","100":"product_tag-photographinnen","101":"product_tag-photoreportage","102":"product_tag-portrait","103":"product_tag-portraitaufnahme","104":"product_tag-portraitfoto","105":"product_tag-portraitfotografie","106":"product_tag-portraitphoto","107":"product_tag-portraitphotographie","108":"product_tag-portraits","109":"product_tag-portraet","110":"product_tag-portraetaufnahme","111":"product_tag-portraetfoto","112":"product_tag-portraetfotografie","113":"product_tag-portraetphoto","114":"product_tag-portraetphotographie","115":"product_tag-portraets","116":"product_tag-print","117":"product_tag-profil","118":"product_tag-profilansicht","119":"product_tag-profilbild","120":"product_tag-profilbildnis","121":"product_tag-querformat","122":"product_tag-reportage","123":"product_tag-reportagefoto","124":"product_tag-reportagefotografie","125":"product_tag-reportagephoto","126":"product_tag-reportagephotographie","127":"product_tag-s-w-fotografie","128":"product_tag-s-w-photographie","129":"product_tag-schwarzweissphotographie","130":"product_tag-schwarz-weiss-fotografie","131":"product_tag-schwarz-weiss-photographie","132":"product_tag-schwarzweiss","133":"product_tag-schwarzweisse","134":"product_tag-schwarzweissen","135":"product_tag-schwarzweisser","136":"product_tag-schwarzweisses","137":"product_tag-schwarzweissfotografie","138":"product_tag-silbergelatine","139":"product_tag-silbergelatineabzug","140":"product_tag-silbergelatineabzuege","141":"product_tag-silbergelatineprint","142":"product_tag-stehen","143":"product_tag-stehend","144":"product_tag-stehende","145":"product_tag-stehenden","146":"product_tag-stehender","147":"product_tag-stehendes","148":"product_tag-strasse","149":"product_tag-strassen","150":"product_tag-strassenfeger","151":"product_tag-strassenkehrer","152":"product_tag-strassenleben","153":"product_tag-strassenreiniger","154":"product_tag-strassenreinigung","155":"product_tag-strassenszene","156":"product_tag-strassenverkehr","157":"product_tag-sw-fotografie","158":"product_tag-sw-photographie","159":"product_tag-zebrastreifen","160":"product_tag-zebrastreifens","161":"pa_datierung-mai-1981","162":"pa_fotograf-abisag-tuellmann","163":"pa_geografischer_bezug-aufnahmeort-jerusalem-israel","164":"pa_grunddaten_material_technik-foto-silbergelatine-auf-barytpapier","165":"pa_inventarnummer-tue-81-023-10a","166":"pa_jahr_von-48126","167":"pa_massangaben-bildformat-foto-232-x-303-cm","168":"pa_mediennummer-52639","169":"pa_objekt_typ-fotografie","171":"first","172":"instock","173":"product-type-simple"},"yoast_head":"<!-- This site is optimized with the Yoast SEO plugin v27.3 - https:\/\/yoast.com\/product\/yoast-seo-wordpress\/ -->\n<title>Arabischer Stra\u00dfenkehrer in der King George Street in Jerusalem - Abisag T\u00fcllmann<\/title>\n<meta name=\"robots\" content=\"index, follow, max-snippet:-1, max-image-preview:large, max-video-preview:-1\" \/>\n<link rel=\"canonical\" href=\"https:\/\/bpk-archive.de\/tuellmann\/produkt\/arabischer-strassenkehrer-in-der-king-george-street-in-jerusalem\/\" \/>\n<meta property=\"og:locale\" content=\"de_DE\" \/>\n<meta property=\"og:type\" content=\"article\" \/>\n<meta property=\"og:title\" content=\"Arabischer Stra\u00dfenkehrer in der King George Street in Jerusalem - Abisag T\u00fcllmann\" \/>\n<meta property=\"og:description\" content=\"R\u00fcckseitenbeschriftung von Hand der Fotografin: &#8222;Jerusalem, King George Street&#8220;\" \/>\n<meta property=\"og:url\" content=\"https:\/\/bpk-archive.de\/tuellmann\/produkt\/arabischer-strassenkehrer-in-der-king-george-street-in-jerusalem\/\" \/>\n<meta property=\"og:site_name\" content=\"Abisag T\u00fcllmann\" \/>\n<meta property=\"article:modified_time\" content=\"2019-09-05T13:05:33+00:00\" \/>\n<meta property=\"og:image\" content=\"https:\/\/bpk-archive.de\/tuellmann\/wp-content\/uploads\/2019\/08\/bpk_70271341.jpg\" \/>\n\t<meta property=\"og:image:width\" content=\"1200\" \/>\n\t<meta property=\"og:image:height\" content=\"940\" \/>\n\t<meta property=\"og:image:type\" content=\"image\/jpeg\" \/>\n<meta name=\"twitter:card\" content=\"summary_large_image\" \/>\n<script type=\"application\/ld+json\" class=\"yoast-schema-graph\">{\"@context\":\"https:\\\/\\\/schema.org\",\"@graph\":[{\"@type\":\"WebPage\",\"@id\":\"https:\\\/\\\/bpk-archive.de\\\/tuellmann\\\/produkt\\\/arabischer-strassenkehrer-in-der-king-george-street-in-jerusalem\\\/\",\"url\":\"https:\\\/\\\/bpk-archive.de\\\/tuellmann\\\/produkt\\\/arabischer-strassenkehrer-in-der-king-george-street-in-jerusalem\\\/\",\"name\":\"Arabischer Stra\u00dfenkehrer in der King George Street in Jerusalem - Abisag T\u00fcllmann\",\"isPartOf\":{\"@id\":\"https:\\\/\\\/bpk-archive.de\\\/tuellmann\\\/#website\"},\"primaryImageOfPage\":{\"@id\":\"https:\\\/\\\/bpk-archive.de\\\/tuellmann\\\/produkt\\\/arabischer-strassenkehrer-in-der-king-george-street-in-jerusalem\\\/#primaryimage\"},\"image\":{\"@id\":\"https:\\\/\\\/bpk-archive.de\\\/tuellmann\\\/produkt\\\/arabischer-strassenkehrer-in-der-king-george-street-in-jerusalem\\\/#primaryimage\"},\"thumbnailUrl\":\"https:\\\/\\\/bpk-archive.de\\\/tuellmann\\\/wp-content\\\/uploads\\\/2019\\\/08\\\/bpk_70271341.jpg\",\"datePublished\":\"2019-09-05T13:05:13+00:00\",\"dateModified\":\"2019-09-05T13:05:33+00:00\",\"breadcrumb\":{\"@id\":\"https:\\\/\\\/bpk-archive.de\\\/tuellmann\\\/produkt\\\/arabischer-strassenkehrer-in-der-king-george-street-in-jerusalem\\\/#breadcrumb\"},\"inLanguage\":\"de\",\"potentialAction\":[{\"@type\":\"ReadAction\",\"target\":[\"https:\\\/\\\/bpk-archive.de\\\/tuellmann\\\/produkt\\\/arabischer-strassenkehrer-in-der-king-george-street-in-jerusalem\\\/\"]}]},{\"@type\":\"ImageObject\",\"inLanguage\":\"de\",\"@id\":\"https:\\\/\\\/bpk-archive.de\\\/tuellmann\\\/produkt\\\/arabischer-strassenkehrer-in-der-king-george-street-in-jerusalem\\\/#primaryimage\",\"url\":\"https:\\\/\\\/bpk-archive.de\\\/tuellmann\\\/wp-content\\\/uploads\\\/2019\\\/08\\\/bpk_70271341.jpg\",\"contentUrl\":\"https:\\\/\\\/bpk-archive.de\\\/tuellmann\\\/wp-content\\\/uploads\\\/2019\\\/08\\\/bpk_70271341.jpg\",\"width\":1200,\"height\":940,\"caption\":\"Arabischer Stra\u00dfenkehrer in der King George Street in Jerusalem\"},{\"@type\":\"BreadcrumbList\",\"@id\":\"https:\\\/\\\/bpk-archive.de\\\/tuellmann\\\/produkt\\\/arabischer-strassenkehrer-in-der-king-george-street-in-jerusalem\\\/#breadcrumb\",\"itemListElement\":[{\"@type\":\"ListItem\",\"position\":1,\"name\":\"Startseite\",\"item\":\"https:\\\/\\\/bpk-archive.de\\\/tuellmann\\\/\"},{\"@type\":\"ListItem\",\"position\":2,\"name\":\"Shop\",\"item\":\"https:\\\/\\\/bpk-archive.de\\\/tuellmann\\\/shop\\\/\"},{\"@type\":\"ListItem\",\"position\":3,\"name\":\"Arabischer Stra\u00dfenkehrer in der King George Street in Jerusalem\"}]},{\"@type\":\"WebSite\",\"@id\":\"https:\\\/\\\/bpk-archive.de\\\/tuellmann\\\/#website\",\"url\":\"https:\\\/\\\/bpk-archive.de\\\/tuellmann\\\/\",\"name\":\"Abisag T\u00fcllmann\",\"description\":\"Eine weitere WordPress-Website\",\"potentialAction\":[{\"@type\":\"SearchAction\",\"target\":{\"@type\":\"EntryPoint\",\"urlTemplate\":\"https:\\\/\\\/bpk-archive.de\\\/tuellmann\\\/?s={search_term_string}\"},\"query-input\":{\"@type\":\"PropertyValueSpecification\",\"valueRequired\":true,\"valueName\":\"search_term_string\"}}],\"inLanguage\":\"de\"}]}<\/script>\n<!-- \/ Yoast SEO plugin. -->","yoast_head_json":{"title":"Arabischer Stra\u00dfenkehrer in der King George Street in Jerusalem - Abisag T\u00fcllmann","robots":{"index":"index","follow":"follow","max-snippet":"max-snippet:-1","max-image-preview":"max-image-preview:large","max-video-preview":"max-video-preview:-1"},"canonical":"https:\/\/bpk-archive.de\/tuellmann\/produkt\/arabischer-strassenkehrer-in-der-king-george-street-in-jerusalem\/","og_locale":"de_DE","og_type":"article","og_title":"Arabischer Stra\u00dfenkehrer in der King George Street in Jerusalem - Abisag T\u00fcllmann","og_description":"R\u00fcckseitenbeschriftung von Hand der Fotografin: &#8222;Jerusalem, King George Street&#8220;","og_url":"https:\/\/bpk-archive.de\/tuellmann\/produkt\/arabischer-strassenkehrer-in-der-king-george-street-in-jerusalem\/","og_site_name":"Abisag T\u00fcllmann","article_modified_time":"2019-09-05T13:05:33+00:00","og_image":[{"width":1200,"height":940,"url":"https:\/\/bpk-archive.de\/tuellmann\/wp-content\/uploads\/2019\/08\/bpk_70271341.jpg","type":"image\/jpeg"}],"twitter_card":"summary_large_image","schema":{"@context":"https:\/\/schema.org","@graph":[{"@type":"WebPage","@id":"https:\/\/bpk-archive.de\/tuellmann\/produkt\/arabischer-strassenkehrer-in-der-king-george-street-in-jerusalem\/","url":"https:\/\/bpk-archive.de\/tuellmann\/produkt\/arabischer-strassenkehrer-in-der-king-george-street-in-jerusalem\/","name":"Arabischer Stra\u00dfenkehrer in der King George Street in Jerusalem - Abisag T\u00fcllmann","isPartOf":{"@id":"https:\/\/bpk-archive.de\/tuellmann\/#website"},"primaryImageOfPage":{"@id":"https:\/\/bpk-archive.de\/tuellmann\/produkt\/arabischer-strassenkehrer-in-der-king-george-street-in-jerusalem\/#primaryimage"},"image":{"@id":"https:\/\/bpk-archive.de\/tuellmann\/produkt\/arabischer-strassenkehrer-in-der-king-george-street-in-jerusalem\/#primaryimage"},"thumbnailUrl":"https:\/\/bpk-archive.de\/tuellmann\/wp-content\/uploads\/2019\/08\/bpk_70271341.jpg","datePublished":"2019-09-05T13:05:13+00:00","dateModified":"2019-09-05T13:05:33+00:00","breadcrumb":{"@id":"https:\/\/bpk-archive.de\/tuellmann\/produkt\/arabischer-strassenkehrer-in-der-king-george-street-in-jerusalem\/#breadcrumb"},"inLanguage":"de","potentialAction":[{"@type":"ReadAction","target":["https:\/\/bpk-archive.de\/tuellmann\/produkt\/arabischer-strassenkehrer-in-der-king-george-street-in-jerusalem\/"]}]},{"@type":"ImageObject","inLanguage":"de","@id":"https:\/\/bpk-archive.de\/tuellmann\/produkt\/arabischer-strassenkehrer-in-der-king-george-street-in-jerusalem\/#primaryimage","url":"https:\/\/bpk-archive.de\/tuellmann\/wp-content\/uploads\/2019\/08\/bpk_70271341.jpg","contentUrl":"https:\/\/bpk-archive.de\/tuellmann\/wp-content\/uploads\/2019\/08\/bpk_70271341.jpg","width":1200,"height":940,"caption":"Arabischer Stra\u00dfenkehrer in der King George Street in Jerusalem"},{"@type":"BreadcrumbList","@id":"https:\/\/bpk-archive.de\/tuellmann\/produkt\/arabischer-strassenkehrer-in-der-king-george-street-in-jerusalem\/#breadcrumb","itemListElement":[{"@type":"ListItem","position":1,"name":"Startseite","item":"https:\/\/bpk-archive.de\/tuellmann\/"},{"@type":"ListItem","position":2,"name":"Shop","item":"https:\/\/bpk-archive.de\/tuellmann\/shop\/"},{"@type":"ListItem","position":3,"name":"Arabischer Stra\u00dfenkehrer in der King George Street in Jerusalem"}]},{"@type":"WebSite","@id":"https:\/\/bpk-archive.de\/tuellmann\/#website","url":"https:\/\/bpk-archive.de\/tuellmann\/","name":"Abisag T\u00fcllmann","description":"Eine weitere WordPress-Website","potentialAction":[{"@type":"SearchAction","target":{"@type":"EntryPoint","urlTemplate":"https:\/\/bpk-archive.de\/tuellmann\/?s={search_term_string}"},"query-input":{"@type":"PropertyValueSpecification","valueRequired":true,"valueName":"search_term_string"}}],"inLanguage":"de"}]}},"_links":{"self":[{"href":"https:\/\/bpk-archive.de\/tuellmann\/wp-json\/wp\/v2\/product\/70295330","targetHints":{"allow":["GET"]}}],"collection":[{"href":"https:\/\/bpk-archive.de\/tuellmann\/wp-json\/wp\/v2\/product"}],"about":[{"href":"https:\/\/bpk-archive.de\/tuellmann\/wp-json\/wp\/v2\/types\/product"}],"wp:featuredmedia":[{"embeddable":true,"href":"https:\/\/bpk-archive.de\/tuellmann\/wp-json\/wp\/v2\/media\/70292977"}],"wp:attachment":[{"href":"https:\/\/bpk-archive.de\/tuellmann\/wp-json\/wp\/v2\/media?parent=70295330"}],"wp:term":[{"taxonomy":"product_brand","embeddable":true,"href":"https:\/\/bpk-archive.de\/tuellmann\/wp-json\/wp\/v2\/product_brand?post=70295330"},{"taxonomy":"product_cat","embeddable":true,"href":"https:\/\/bpk-archive.de\/tuellmann\/wp-json\/wp\/v2\/product_cat?post=70295330"},{"taxonomy":"product_tag","embeddable":true,"href":"https:\/\/bpk-archive.de\/tuellmann\/wp-json\/wp\/v2\/product_tag?post=70295330"}],"curies":[{"name":"wp","href":"https:\/\/api.w.org\/{rel}","templated":true}]}}