{"id":70295329,"date":"2019-09-05T15:05:13","date_gmt":"2019-09-05T13:05:13","guid":{"rendered":"http:\/\/abisagtuellmann.bpk-news.de\/atbild\/strassenszene-in-der-altstadt-von-jerusalem\/"},"modified":"2019-09-05T15:05:32","modified_gmt":"2019-09-05T13:05:32","slug":"strassenszene-in-der-altstadt-von-jerusalem","status":"publish","type":"product","link":"https:\/\/bpk-archive.de\/tuellmann\/produkt\/strassenszene-in-der-altstadt-von-jerusalem\/","title":{"rendered":"Stra\u00dfenszene in der Altstadt von Jerusalem"},"content":{"rendered":"<p>R\u00fcckseitenbeschriftung von Hand der Fotografin: &#8222;Jerusalem, Altstadt&#8220;<\/p>\n","protected":false},"excerpt":{"rendered":"<p>R\u00fcckseitenbeschriftung von Hand der Fotografin: &#8222;Jerusalem, Altstadt&#8220;<\/p>\n","protected":false},"featured_media":70292980,"template":"","meta":[],"product_brand":[],"product_cat":[],"product_tag":[47237,13232,13234,13231,13233,47238,47239,13777,47240,47541,47542,47543,47544,47545,48643,47513,47241,13250,48770,48047,48048,48049,48050,48051,14177,52623,13260,52624,52625,52626,52627,52628,52629,13293,13786,13787,13294,13295,13296,13297,47267,13487,13488,48621,48622,48623,49477,49478,48244,48245,47497,47498,13301,50715,52630,52631,52632,52633,47279,47747,47750,47280,47281,47282,47283,47284,48248,48249,48250,13812,13813,13814,13815,13816,13818,13819,13826,47592,48340,48341,48342,48343,48344,48345,47593,47320,13328,13827,13828,13329,13330,13331,13332,47332,13843,52634,52635,52636,47333,47334,47335,47336,47337,13877,13879,13865,13864,13866,13858,13859,13860,13861,13862,13863,13869,13870,13871,13872,47611,47612,47613,47408,47409,13878,13880,49491,49492,51613,51614,47829,47830,47831,47832,47833,47834,52637,52477,52478,52479,52480,52481],"class_list":{"0":"post-70295329","1":"product","2":"type-product","3":"status-publish","4":"has-post-thumbnail","6":"product_tag-1980er-jahre","7":"product_tag-20-jahrhundert-nach-chr","8":"product_tag-20-jh-n-chr","9":"product_tag-20-jahrhundert","10":"product_tag-20-jh","11":"product_tag-80er","12":"product_tag-abt_001","13":"product_tag-abzug","14":"product_tag-achtziger","15":"product_tag-alltag","16":"product_tag-alltaeglich","17":"product_tag-alltaegliche","18":"product_tag-alltaeglicher","19":"product_tag-alltaegliches","20":"product_tag-altstadt","21":"product_tag-anstehen","22":"product_tag-at_israel","23":"product_tag-aussen","24":"product_tag-bar","25":"product_tag-bewaffnet","26":"product_tag-bewaffnete","27":"product_tag-bewaffneten","28":"product_tag-bewaffneter","29":"product_tag-bewaffnetes","30":"product_tag-blickkontakt","31":"product_tag-brotzeit","32":"product_tag-draussen","33":"product_tag-erfrischung","34":"product_tag-erfrischungen","35":"product_tag-erfrischungsgetraenk","36":"product_tag-erfrischungsgetraenke","37":"product_tag-erfrischungsgetraenkes","38":"product_tag-erfrischungsgetraenks","39":"product_tag-foto","40":"product_tag-fotoabzug","41":"product_tag-fotoabzuege","42":"product_tag-fotografie","43":"product_tag-fotografien","44":"product_tag-fotografin","45":"product_tag-fotografinnen","46":"product_tag-fotoreportage","47":"product_tag-frau","48":"product_tag-frauen","49":"product_tag-freizeit","50":"product_tag-freizeitbeschaeftigung","51":"product_tag-freizeitgestaltung","52":"product_tag-fremdenverkehr","53":"product_tag-fremdenverkehrs","54":"product_tag-getraenk","55":"product_tag-getraenke","56":"product_tag-hauptstadt","57":"product_tag-hauptstaedte","58":"product_tag-im-freien","59":"product_tag-imbiss","60":"product_tag-imbissbude","61":"product_tag-imbissbuden","62":"product_tag-imbissstube","63":"product_tag-imbissstuben","64":"product_tag-israel","65":"product_tag-israeli","66":"product_tag-israelis","67":"product_tag-israelisch","68":"product_tag-israelische","69":"product_tag-israelischer","70":"product_tag-israelisches","71":"product_tag-israels","72":"product_tag-jerusalem","73":"product_tag-jerusalemer","74":"product_tag-jerusalems","75":"product_tag-jung","76":"product_tag-junge","77":"product_tag-jungen","78":"product_tag-junger","79":"product_tag-junges","80":"product_tag-mann","81":"product_tag-maenner","82":"product_tag-mannes","83":"product_tag-militaer","84":"product_tag-militaerisch","85":"product_tag-militaerische","86":"product_tag-militaerischem","87":"product_tag-militaerischen","88":"product_tag-militaerischer","89":"product_tag-militaerisches","90":"product_tag-militaers","91":"product_tag-nahost","92":"product_tag-photo","93":"product_tag-photoabzug","94":"product_tag-photoabzuege","95":"product_tag-photographie","96":"product_tag-photographien","97":"product_tag-photographin","98":"product_tag-photographinnen","99":"product_tag-photoreportage","100":"product_tag-print","101":"product_tag-reisegesellschaft","102":"product_tag-reisegruppe","103":"product_tag-reisegruppen","104":"product_tag-reportage","105":"product_tag-reportagefoto","106":"product_tag-reportagefotografie","107":"product_tag-reportagephoto","108":"product_tag-reportagephotographie","109":"product_tag-s-w-fotografie","110":"product_tag-s-w-photographie","111":"product_tag-schwarzweissphotographie","112":"product_tag-schwarz-weiss-fotografie","113":"product_tag-schwarz-weiss-photographie","114":"product_tag-schwarzweiss","115":"product_tag-schwarzweisse","116":"product_tag-schwarzweissen","117":"product_tag-schwarzweisser","118":"product_tag-schwarzweisses","119":"product_tag-schwarzweissfotografie","120":"product_tag-silbergelatine","121":"product_tag-silbergelatineabzug","122":"product_tag-silbergelatineabzuege","123":"product_tag-silbergelatineprint","124":"product_tag-soldat","125":"product_tag-soldaten","126":"product_tag-soldats","127":"product_tag-strassenleben","128":"product_tag-strassenszene","129":"product_tag-sw-fotografie","130":"product_tag-sw-photographie","131":"product_tag-tourismus","132":"product_tag-touristik","133":"product_tag-touristin","134":"product_tag-touristinnen","135":"product_tag-verkaeufer","136":"product_tag-verkaeufers","137":"product_tag-verkaufsbude","138":"product_tag-verkaufsbuden","139":"product_tag-verkaufsstand","140":"product_tag-verkaufsstaende","141":"product_tag-vesper","142":"product_tag-wehrdienst","143":"product_tag-wehrpflicht","144":"product_tag-wehrpflichtige","145":"product_tag-wehrpflichtigen","146":"product_tag-wehrpflichtiger","147":"pa_datierung-mai-1981","148":"pa_fotograf-abisag-tuellmann","149":"pa_geografischer_bezug-aufnahmeort-jerusalem-israel","150":"pa_grunddaten_material_technik-foto-silbergelatine-auf-barytpapier","151":"pa_inventarnummer-tue-81-023-16a","152":"pa_jahr_von-48126","153":"pa_massangaben-bildformat-foto-233-x-303-cm","154":"pa_mediennummer-52621","155":"pa_objekt_typ-fotografie","157":"first","158":"instock","159":"product-type-simple"},"yoast_head":"<!-- This site is optimized with the Yoast SEO plugin v27.3 - https:\/\/yoast.com\/product\/yoast-seo-wordpress\/ -->\n<title>Stra\u00dfenszene in der Altstadt von Jerusalem - Abisag T\u00fcllmann<\/title>\n<meta name=\"robots\" content=\"index, follow, max-snippet:-1, max-image-preview:large, max-video-preview:-1\" \/>\n<link rel=\"canonical\" href=\"https:\/\/bpk-archive.de\/tuellmann\/produkt\/strassenszene-in-der-altstadt-von-jerusalem\/\" \/>\n<meta property=\"og:locale\" content=\"de_DE\" \/>\n<meta property=\"og:type\" content=\"article\" \/>\n<meta property=\"og:title\" content=\"Stra\u00dfenszene in der Altstadt von Jerusalem - Abisag T\u00fcllmann\" \/>\n<meta property=\"og:description\" content=\"R\u00fcckseitenbeschriftung von Hand der Fotografin: &#8222;Jerusalem, Altstadt&#8220;\" \/>\n<meta property=\"og:url\" content=\"https:\/\/bpk-archive.de\/tuellmann\/produkt\/strassenszene-in-der-altstadt-von-jerusalem\/\" \/>\n<meta property=\"og:site_name\" content=\"Abisag T\u00fcllmann\" \/>\n<meta property=\"article:modified_time\" content=\"2019-09-05T13:05:32+00:00\" \/>\n<meta property=\"og:image\" content=\"https:\/\/bpk-archive.de\/tuellmann\/wp-content\/uploads\/2019\/08\/bpk_70271342.jpg\" \/>\n\t<meta property=\"og:image:width\" content=\"1200\" \/>\n\t<meta property=\"og:image:height\" content=\"935\" \/>\n\t<meta property=\"og:image:type\" content=\"image\/jpeg\" \/>\n<meta name=\"twitter:card\" content=\"summary_large_image\" \/>\n<script type=\"application\/ld+json\" class=\"yoast-schema-graph\">{\"@context\":\"https:\\\/\\\/schema.org\",\"@graph\":[{\"@type\":\"WebPage\",\"@id\":\"https:\\\/\\\/bpk-archive.de\\\/tuellmann\\\/produkt\\\/strassenszene-in-der-altstadt-von-jerusalem\\\/\",\"url\":\"https:\\\/\\\/bpk-archive.de\\\/tuellmann\\\/produkt\\\/strassenszene-in-der-altstadt-von-jerusalem\\\/\",\"name\":\"Stra\u00dfenszene in der Altstadt von Jerusalem - Abisag T\u00fcllmann\",\"isPartOf\":{\"@id\":\"https:\\\/\\\/bpk-archive.de\\\/tuellmann\\\/#website\"},\"primaryImageOfPage\":{\"@id\":\"https:\\\/\\\/bpk-archive.de\\\/tuellmann\\\/produkt\\\/strassenszene-in-der-altstadt-von-jerusalem\\\/#primaryimage\"},\"image\":{\"@id\":\"https:\\\/\\\/bpk-archive.de\\\/tuellmann\\\/produkt\\\/strassenszene-in-der-altstadt-von-jerusalem\\\/#primaryimage\"},\"thumbnailUrl\":\"https:\\\/\\\/bpk-archive.de\\\/tuellmann\\\/wp-content\\\/uploads\\\/2019\\\/08\\\/bpk_70271342.jpg\",\"datePublished\":\"2019-09-05T13:05:13+00:00\",\"dateModified\":\"2019-09-05T13:05:32+00:00\",\"breadcrumb\":{\"@id\":\"https:\\\/\\\/bpk-archive.de\\\/tuellmann\\\/produkt\\\/strassenszene-in-der-altstadt-von-jerusalem\\\/#breadcrumb\"},\"inLanguage\":\"de\",\"potentialAction\":[{\"@type\":\"ReadAction\",\"target\":[\"https:\\\/\\\/bpk-archive.de\\\/tuellmann\\\/produkt\\\/strassenszene-in-der-altstadt-von-jerusalem\\\/\"]}]},{\"@type\":\"ImageObject\",\"inLanguage\":\"de\",\"@id\":\"https:\\\/\\\/bpk-archive.de\\\/tuellmann\\\/produkt\\\/strassenszene-in-der-altstadt-von-jerusalem\\\/#primaryimage\",\"url\":\"https:\\\/\\\/bpk-archive.de\\\/tuellmann\\\/wp-content\\\/uploads\\\/2019\\\/08\\\/bpk_70271342.jpg\",\"contentUrl\":\"https:\\\/\\\/bpk-archive.de\\\/tuellmann\\\/wp-content\\\/uploads\\\/2019\\\/08\\\/bpk_70271342.jpg\",\"width\":1200,\"height\":935,\"caption\":\"Stra\u00dfenszene in der Altstadt von Jerusalem\"},{\"@type\":\"BreadcrumbList\",\"@id\":\"https:\\\/\\\/bpk-archive.de\\\/tuellmann\\\/produkt\\\/strassenszene-in-der-altstadt-von-jerusalem\\\/#breadcrumb\",\"itemListElement\":[{\"@type\":\"ListItem\",\"position\":1,\"name\":\"Startseite\",\"item\":\"https:\\\/\\\/bpk-archive.de\\\/tuellmann\\\/\"},{\"@type\":\"ListItem\",\"position\":2,\"name\":\"Shop\",\"item\":\"https:\\\/\\\/bpk-archive.de\\\/tuellmann\\\/shop\\\/\"},{\"@type\":\"ListItem\",\"position\":3,\"name\":\"Stra\u00dfenszene in der Altstadt von Jerusalem\"}]},{\"@type\":\"WebSite\",\"@id\":\"https:\\\/\\\/bpk-archive.de\\\/tuellmann\\\/#website\",\"url\":\"https:\\\/\\\/bpk-archive.de\\\/tuellmann\\\/\",\"name\":\"Abisag T\u00fcllmann\",\"description\":\"Eine weitere WordPress-Website\",\"potentialAction\":[{\"@type\":\"SearchAction\",\"target\":{\"@type\":\"EntryPoint\",\"urlTemplate\":\"https:\\\/\\\/bpk-archive.de\\\/tuellmann\\\/?s={search_term_string}\"},\"query-input\":{\"@type\":\"PropertyValueSpecification\",\"valueRequired\":true,\"valueName\":\"search_term_string\"}}],\"inLanguage\":\"de\"}]}<\/script>\n<!-- \/ Yoast SEO plugin. -->","yoast_head_json":{"title":"Stra\u00dfenszene in der Altstadt von Jerusalem - Abisag T\u00fcllmann","robots":{"index":"index","follow":"follow","max-snippet":"max-snippet:-1","max-image-preview":"max-image-preview:large","max-video-preview":"max-video-preview:-1"},"canonical":"https:\/\/bpk-archive.de\/tuellmann\/produkt\/strassenszene-in-der-altstadt-von-jerusalem\/","og_locale":"de_DE","og_type":"article","og_title":"Stra\u00dfenszene in der Altstadt von Jerusalem - Abisag T\u00fcllmann","og_description":"R\u00fcckseitenbeschriftung von Hand der Fotografin: &#8222;Jerusalem, Altstadt&#8220;","og_url":"https:\/\/bpk-archive.de\/tuellmann\/produkt\/strassenszene-in-der-altstadt-von-jerusalem\/","og_site_name":"Abisag T\u00fcllmann","article_modified_time":"2019-09-05T13:05:32+00:00","og_image":[{"width":1200,"height":935,"url":"https:\/\/bpk-archive.de\/tuellmann\/wp-content\/uploads\/2019\/08\/bpk_70271342.jpg","type":"image\/jpeg"}],"twitter_card":"summary_large_image","schema":{"@context":"https:\/\/schema.org","@graph":[{"@type":"WebPage","@id":"https:\/\/bpk-archive.de\/tuellmann\/produkt\/strassenszene-in-der-altstadt-von-jerusalem\/","url":"https:\/\/bpk-archive.de\/tuellmann\/produkt\/strassenszene-in-der-altstadt-von-jerusalem\/","name":"Stra\u00dfenszene in der Altstadt von Jerusalem - Abisag T\u00fcllmann","isPartOf":{"@id":"https:\/\/bpk-archive.de\/tuellmann\/#website"},"primaryImageOfPage":{"@id":"https:\/\/bpk-archive.de\/tuellmann\/produkt\/strassenszene-in-der-altstadt-von-jerusalem\/#primaryimage"},"image":{"@id":"https:\/\/bpk-archive.de\/tuellmann\/produkt\/strassenszene-in-der-altstadt-von-jerusalem\/#primaryimage"},"thumbnailUrl":"https:\/\/bpk-archive.de\/tuellmann\/wp-content\/uploads\/2019\/08\/bpk_70271342.jpg","datePublished":"2019-09-05T13:05:13+00:00","dateModified":"2019-09-05T13:05:32+00:00","breadcrumb":{"@id":"https:\/\/bpk-archive.de\/tuellmann\/produkt\/strassenszene-in-der-altstadt-von-jerusalem\/#breadcrumb"},"inLanguage":"de","potentialAction":[{"@type":"ReadAction","target":["https:\/\/bpk-archive.de\/tuellmann\/produkt\/strassenszene-in-der-altstadt-von-jerusalem\/"]}]},{"@type":"ImageObject","inLanguage":"de","@id":"https:\/\/bpk-archive.de\/tuellmann\/produkt\/strassenszene-in-der-altstadt-von-jerusalem\/#primaryimage","url":"https:\/\/bpk-archive.de\/tuellmann\/wp-content\/uploads\/2019\/08\/bpk_70271342.jpg","contentUrl":"https:\/\/bpk-archive.de\/tuellmann\/wp-content\/uploads\/2019\/08\/bpk_70271342.jpg","width":1200,"height":935,"caption":"Stra\u00dfenszene in der Altstadt von Jerusalem"},{"@type":"BreadcrumbList","@id":"https:\/\/bpk-archive.de\/tuellmann\/produkt\/strassenszene-in-der-altstadt-von-jerusalem\/#breadcrumb","itemListElement":[{"@type":"ListItem","position":1,"name":"Startseite","item":"https:\/\/bpk-archive.de\/tuellmann\/"},{"@type":"ListItem","position":2,"name":"Shop","item":"https:\/\/bpk-archive.de\/tuellmann\/shop\/"},{"@type":"ListItem","position":3,"name":"Stra\u00dfenszene in der Altstadt von Jerusalem"}]},{"@type":"WebSite","@id":"https:\/\/bpk-archive.de\/tuellmann\/#website","url":"https:\/\/bpk-archive.de\/tuellmann\/","name":"Abisag T\u00fcllmann","description":"Eine weitere WordPress-Website","potentialAction":[{"@type":"SearchAction","target":{"@type":"EntryPoint","urlTemplate":"https:\/\/bpk-archive.de\/tuellmann\/?s={search_term_string}"},"query-input":{"@type":"PropertyValueSpecification","valueRequired":true,"valueName":"search_term_string"}}],"inLanguage":"de"}]}},"_links":{"self":[{"href":"https:\/\/bpk-archive.de\/tuellmann\/wp-json\/wp\/v2\/product\/70295329","targetHints":{"allow":["GET"]}}],"collection":[{"href":"https:\/\/bpk-archive.de\/tuellmann\/wp-json\/wp\/v2\/product"}],"about":[{"href":"https:\/\/bpk-archive.de\/tuellmann\/wp-json\/wp\/v2\/types\/product"}],"wp:featuredmedia":[{"embeddable":true,"href":"https:\/\/bpk-archive.de\/tuellmann\/wp-json\/wp\/v2\/media\/70292980"}],"wp:attachment":[{"href":"https:\/\/bpk-archive.de\/tuellmann\/wp-json\/wp\/v2\/media?parent=70295329"}],"wp:term":[{"taxonomy":"product_brand","embeddable":true,"href":"https:\/\/bpk-archive.de\/tuellmann\/wp-json\/wp\/v2\/product_brand?post=70295329"},{"taxonomy":"product_cat","embeddable":true,"href":"https:\/\/bpk-archive.de\/tuellmann\/wp-json\/wp\/v2\/product_cat?post=70295329"},{"taxonomy":"product_tag","embeddable":true,"href":"https:\/\/bpk-archive.de\/tuellmann\/wp-json\/wp\/v2\/product_tag?post=70295329"}],"curies":[{"name":"wp","href":"https:\/\/api.w.org\/{rel}","templated":true}]}}