{"id":70295320,"date":"2019-09-05T15:05:13","date_gmt":"2019-09-05T13:05:13","guid":{"rendered":"http:\/\/abisagtuellmann.bpk-news.de\/atbild\/beduine-beseitigt-von-touristen-hinterlassene-leere-kisten\/"},"modified":"2019-09-05T15:05:23","modified_gmt":"2019-09-05T13:05:23","slug":"beduine-beseitigt-von-touristen-hinterlassene-leere-kisten","status":"publish","type":"product","link":"https:\/\/bpk-archive.de\/tuellmann\/produkt\/beduine-beseitigt-von-touristen-hinterlassene-leere-kisten\/","title":{"rendered":"Beduine beseitigt von Touristen hinterlassene leere Kisten"},"content":{"rendered":"<p>R\u00fcckseitenbeschriftung von Hand der Fotografin: &#8222;Sinai, Beduine r\u00e4umt Touristenabf\u00e4lle auf&#8220;<\/p>\n","protected":false},"excerpt":{"rendered":"<p>R\u00fcckseitenbeschriftung von Hand der Fotografin: &#8222;Sinai, Beduine r\u00e4umt Touristenabf\u00e4lle auf&#8220;<\/p>\n","protected":false},"featured_media":70292853,"template":"","meta":[],"product_brand":[],"product_cat":[],"product_tag":[47237,13232,13234,13231,13233,47238,47985,47986,47987,47239,13777,47240,48128,48129,52454,48130,48131,48132,48133,48134,48295,48296,47456,47457,47458,47459,47460,47461,47462,47241,51933,52370,52455,52456,13293,13786,13787,13294,13295,13296,13297,49477,49478,52457,47279,47280,47281,47282,47283,47284,47808,47809,13818,13819,13820,13821,13822,13823,13824,13825,13826,48014,52458,48017,47319,47320,47322,47321,47819,47820,13328,13827,13828,13329,13330,13331,13332,52459,52460,13843,13877,13879,52376,13865,13864,13866,13858,13859,13860,13861,13862,13863,13869,13870,13871,13872,47564,13878,13880,49491,49492,52461,52462,52463,52464,52465,52466],"class_list":{"0":"post-70295320","1":"product","2":"type-product","3":"status-publish","4":"has-post-thumbnail","6":"product_tag-1980er-jahre","7":"product_tag-20-jahrhundert-nach-chr","8":"product_tag-20-jh-n-chr","9":"product_tag-20-jahrhundert","10":"product_tag-20-jh","11":"product_tag-80er","12":"product_tag-abfall","13":"product_tag-abfaelle","14":"product_tag-abfalls","15":"product_tag-abt_001","16":"product_tag-abzug","17":"product_tag-achtziger","18":"product_tag-aegypten","19":"product_tag-aegyptens","20":"product_tag-aegypter","21":"product_tag-aegyptisch","22":"product_tag-aegyptische","23":"product_tag-aegyptischen","24":"product_tag-aegyptischer","25":"product_tag-aegyptisches","26":"product_tag-anhaenger","27":"product_tag-anhaengern","28":"product_tag-arbeit","29":"product_tag-arbeiten","30":"product_tag-arbeitend","31":"product_tag-arbeitende","32":"product_tag-arbeitenden","33":"product_tag-arbeitender","34":"product_tag-arbeitendes","35":"product_tag-at_israel","36":"product_tag-aufladen","37":"product_tag-aufsammeln","38":"product_tag-beduine","39":"product_tag-beduinen","40":"product_tag-foto","41":"product_tag-fotoabzug","42":"product_tag-fotoabzuege","43":"product_tag-fotografie","44":"product_tag-fotografien","45":"product_tag-fotografin","46":"product_tag-fotografinnen","47":"product_tag-fremdenverkehr","48":"product_tag-fremdenverkehrs","49":"product_tag-hinterlassenschaft","50":"product_tag-israel","51":"product_tag-israelisch","52":"product_tag-israelische","53":"product_tag-israelischer","54":"product_tag-israelisches","55":"product_tag-israels","56":"product_tag-kiste","57":"product_tag-kisten","58":"product_tag-mann","59":"product_tag-maenner","60":"product_tag-maennerbildnis","61":"product_tag-maennerbildnisse","62":"product_tag-maennerportrait","63":"product_tag-maennerportraits","64":"product_tag-maennerportraet","65":"product_tag-maennerportraets","66":"product_tag-mannes","67":"product_tag-muell","68":"product_tag-muellbeseitigung","69":"product_tag-muells","70":"product_tag-naher-osten","71":"product_tag-nahost","72":"product_tag-nahost-konflikt","73":"product_tag-nahostkonflikt","74":"product_tag-obstkiste","75":"product_tag-obstkisten","76":"product_tag-photo","77":"product_tag-photoabzug","78":"product_tag-photoabzuege","79":"product_tag-photographie","80":"product_tag-photographien","81":"product_tag-photographin","82":"product_tag-photographinnen","83":"product_tag-plastikkiste","84":"product_tag-plastikkorb","85":"product_tag-print","86":"product_tag-s-w-fotografie","87":"product_tag-s-w-photographie","88":"product_tag-sammeln","89":"product_tag-schwarzweissphotographie","90":"product_tag-schwarz-weiss-fotografie","91":"product_tag-schwarz-weiss-photographie","92":"product_tag-schwarzweiss","93":"product_tag-schwarzweisse","94":"product_tag-schwarzweissen","95":"product_tag-schwarzweisser","96":"product_tag-schwarzweisses","97":"product_tag-schwarzweissfotografie","98":"product_tag-silbergelatine","99":"product_tag-silbergelatineabzug","100":"product_tag-silbergelatineabzuege","101":"product_tag-silbergelatineprint","102":"product_tag-strassenrand","103":"product_tag-sw-fotografie","104":"product_tag-sw-photographie","105":"product_tag-tourismus","106":"product_tag-touristik","107":"product_tag-traktor","108":"product_tag-traktoren","109":"product_tag-traktors","110":"product_tag-transportkiste","111":"product_tag-transportkisten","112":"product_tag-trecker","113":"pa_datierung-juni-1981","114":"pa_fotograf-abisag-tuellmann","115":"pa_geografischer_bezug-aufnahmeort-sinai-israel-aegypten","116":"pa_grunddaten_material_technik-foto-silbergelatine-auf-barytpapier","117":"pa_inventarnummer-tue-81-033-27","118":"pa_jahr_von-48126","119":"pa_massangaben-bildformat-foto-197-x-304-cm","120":"pa_mediennummer-52452","121":"pa_objekt_typ-fotografie","123":"first","124":"instock","125":"product-type-simple"},"yoast_head":"<!-- This site is optimized with the Yoast SEO plugin v27.3 - https:\/\/yoast.com\/product\/yoast-seo-wordpress\/ -->\n<title>Beduine beseitigt von Touristen hinterlassene leere Kisten - Abisag T\u00fcllmann<\/title>\n<meta name=\"robots\" content=\"index, follow, max-snippet:-1, max-image-preview:large, max-video-preview:-1\" \/>\n<link rel=\"canonical\" href=\"https:\/\/bpk-archive.de\/tuellmann\/produkt\/beduine-beseitigt-von-touristen-hinterlassene-leere-kisten\/\" \/>\n<meta property=\"og:locale\" content=\"de_DE\" \/>\n<meta property=\"og:type\" content=\"article\" \/>\n<meta property=\"og:title\" content=\"Beduine beseitigt von Touristen hinterlassene leere Kisten - Abisag T\u00fcllmann\" \/>\n<meta property=\"og:description\" content=\"R\u00fcckseitenbeschriftung von Hand der Fotografin: &#8222;Sinai, Beduine r\u00e4umt Touristenabf\u00e4lle auf&#8220;\" \/>\n<meta property=\"og:url\" content=\"https:\/\/bpk-archive.de\/tuellmann\/produkt\/beduine-beseitigt-von-touristen-hinterlassene-leere-kisten\/\" \/>\n<meta property=\"og:site_name\" content=\"Abisag T\u00fcllmann\" \/>\n<meta property=\"article:modified_time\" content=\"2019-09-05T13:05:23+00:00\" \/>\n<meta property=\"og:image\" content=\"https:\/\/bpk-archive.de\/tuellmann\/wp-content\/uploads\/2019\/08\/bpk_70271358.jpg\" \/>\n\t<meta property=\"og:image:width\" content=\"1200\" \/>\n\t<meta property=\"og:image:height\" content=\"797\" \/>\n\t<meta property=\"og:image:type\" content=\"image\/jpeg\" \/>\n<meta name=\"twitter:card\" content=\"summary_large_image\" \/>\n<script type=\"application\/ld+json\" class=\"yoast-schema-graph\">{\"@context\":\"https:\\\/\\\/schema.org\",\"@graph\":[{\"@type\":\"WebPage\",\"@id\":\"https:\\\/\\\/bpk-archive.de\\\/tuellmann\\\/produkt\\\/beduine-beseitigt-von-touristen-hinterlassene-leere-kisten\\\/\",\"url\":\"https:\\\/\\\/bpk-archive.de\\\/tuellmann\\\/produkt\\\/beduine-beseitigt-von-touristen-hinterlassene-leere-kisten\\\/\",\"name\":\"Beduine beseitigt von Touristen hinterlassene leere Kisten - Abisag T\u00fcllmann\",\"isPartOf\":{\"@id\":\"https:\\\/\\\/bpk-archive.de\\\/tuellmann\\\/#website\"},\"primaryImageOfPage\":{\"@id\":\"https:\\\/\\\/bpk-archive.de\\\/tuellmann\\\/produkt\\\/beduine-beseitigt-von-touristen-hinterlassene-leere-kisten\\\/#primaryimage\"},\"image\":{\"@id\":\"https:\\\/\\\/bpk-archive.de\\\/tuellmann\\\/produkt\\\/beduine-beseitigt-von-touristen-hinterlassene-leere-kisten\\\/#primaryimage\"},\"thumbnailUrl\":\"https:\\\/\\\/bpk-archive.de\\\/tuellmann\\\/wp-content\\\/uploads\\\/2019\\\/08\\\/bpk_70271358.jpg\",\"datePublished\":\"2019-09-05T13:05:13+00:00\",\"dateModified\":\"2019-09-05T13:05:23+00:00\",\"breadcrumb\":{\"@id\":\"https:\\\/\\\/bpk-archive.de\\\/tuellmann\\\/produkt\\\/beduine-beseitigt-von-touristen-hinterlassene-leere-kisten\\\/#breadcrumb\"},\"inLanguage\":\"de\",\"potentialAction\":[{\"@type\":\"ReadAction\",\"target\":[\"https:\\\/\\\/bpk-archive.de\\\/tuellmann\\\/produkt\\\/beduine-beseitigt-von-touristen-hinterlassene-leere-kisten\\\/\"]}]},{\"@type\":\"ImageObject\",\"inLanguage\":\"de\",\"@id\":\"https:\\\/\\\/bpk-archive.de\\\/tuellmann\\\/produkt\\\/beduine-beseitigt-von-touristen-hinterlassene-leere-kisten\\\/#primaryimage\",\"url\":\"https:\\\/\\\/bpk-archive.de\\\/tuellmann\\\/wp-content\\\/uploads\\\/2019\\\/08\\\/bpk_70271358.jpg\",\"contentUrl\":\"https:\\\/\\\/bpk-archive.de\\\/tuellmann\\\/wp-content\\\/uploads\\\/2019\\\/08\\\/bpk_70271358.jpg\",\"width\":1200,\"height\":797,\"caption\":\"Beduine beseitigt von Touristen hinterlassene leere Kisten\"},{\"@type\":\"BreadcrumbList\",\"@id\":\"https:\\\/\\\/bpk-archive.de\\\/tuellmann\\\/produkt\\\/beduine-beseitigt-von-touristen-hinterlassene-leere-kisten\\\/#breadcrumb\",\"itemListElement\":[{\"@type\":\"ListItem\",\"position\":1,\"name\":\"Startseite\",\"item\":\"https:\\\/\\\/bpk-archive.de\\\/tuellmann\\\/\"},{\"@type\":\"ListItem\",\"position\":2,\"name\":\"Shop\",\"item\":\"https:\\\/\\\/bpk-archive.de\\\/tuellmann\\\/shop\\\/\"},{\"@type\":\"ListItem\",\"position\":3,\"name\":\"Beduine beseitigt von Touristen hinterlassene leere Kisten\"}]},{\"@type\":\"WebSite\",\"@id\":\"https:\\\/\\\/bpk-archive.de\\\/tuellmann\\\/#website\",\"url\":\"https:\\\/\\\/bpk-archive.de\\\/tuellmann\\\/\",\"name\":\"Abisag T\u00fcllmann\",\"description\":\"Eine weitere WordPress-Website\",\"potentialAction\":[{\"@type\":\"SearchAction\",\"target\":{\"@type\":\"EntryPoint\",\"urlTemplate\":\"https:\\\/\\\/bpk-archive.de\\\/tuellmann\\\/?s={search_term_string}\"},\"query-input\":{\"@type\":\"PropertyValueSpecification\",\"valueRequired\":true,\"valueName\":\"search_term_string\"}}],\"inLanguage\":\"de\"}]}<\/script>\n<!-- \/ Yoast SEO plugin. -->","yoast_head_json":{"title":"Beduine beseitigt von Touristen hinterlassene leere Kisten - Abisag T\u00fcllmann","robots":{"index":"index","follow":"follow","max-snippet":"max-snippet:-1","max-image-preview":"max-image-preview:large","max-video-preview":"max-video-preview:-1"},"canonical":"https:\/\/bpk-archive.de\/tuellmann\/produkt\/beduine-beseitigt-von-touristen-hinterlassene-leere-kisten\/","og_locale":"de_DE","og_type":"article","og_title":"Beduine beseitigt von Touristen hinterlassene leere Kisten - Abisag T\u00fcllmann","og_description":"R\u00fcckseitenbeschriftung von Hand der Fotografin: &#8222;Sinai, Beduine r\u00e4umt Touristenabf\u00e4lle auf&#8220;","og_url":"https:\/\/bpk-archive.de\/tuellmann\/produkt\/beduine-beseitigt-von-touristen-hinterlassene-leere-kisten\/","og_site_name":"Abisag T\u00fcllmann","article_modified_time":"2019-09-05T13:05:23+00:00","og_image":[{"width":1200,"height":797,"url":"https:\/\/bpk-archive.de\/tuellmann\/wp-content\/uploads\/2019\/08\/bpk_70271358.jpg","type":"image\/jpeg"}],"twitter_card":"summary_large_image","schema":{"@context":"https:\/\/schema.org","@graph":[{"@type":"WebPage","@id":"https:\/\/bpk-archive.de\/tuellmann\/produkt\/beduine-beseitigt-von-touristen-hinterlassene-leere-kisten\/","url":"https:\/\/bpk-archive.de\/tuellmann\/produkt\/beduine-beseitigt-von-touristen-hinterlassene-leere-kisten\/","name":"Beduine beseitigt von Touristen hinterlassene leere Kisten - Abisag T\u00fcllmann","isPartOf":{"@id":"https:\/\/bpk-archive.de\/tuellmann\/#website"},"primaryImageOfPage":{"@id":"https:\/\/bpk-archive.de\/tuellmann\/produkt\/beduine-beseitigt-von-touristen-hinterlassene-leere-kisten\/#primaryimage"},"image":{"@id":"https:\/\/bpk-archive.de\/tuellmann\/produkt\/beduine-beseitigt-von-touristen-hinterlassene-leere-kisten\/#primaryimage"},"thumbnailUrl":"https:\/\/bpk-archive.de\/tuellmann\/wp-content\/uploads\/2019\/08\/bpk_70271358.jpg","datePublished":"2019-09-05T13:05:13+00:00","dateModified":"2019-09-05T13:05:23+00:00","breadcrumb":{"@id":"https:\/\/bpk-archive.de\/tuellmann\/produkt\/beduine-beseitigt-von-touristen-hinterlassene-leere-kisten\/#breadcrumb"},"inLanguage":"de","potentialAction":[{"@type":"ReadAction","target":["https:\/\/bpk-archive.de\/tuellmann\/produkt\/beduine-beseitigt-von-touristen-hinterlassene-leere-kisten\/"]}]},{"@type":"ImageObject","inLanguage":"de","@id":"https:\/\/bpk-archive.de\/tuellmann\/produkt\/beduine-beseitigt-von-touristen-hinterlassene-leere-kisten\/#primaryimage","url":"https:\/\/bpk-archive.de\/tuellmann\/wp-content\/uploads\/2019\/08\/bpk_70271358.jpg","contentUrl":"https:\/\/bpk-archive.de\/tuellmann\/wp-content\/uploads\/2019\/08\/bpk_70271358.jpg","width":1200,"height":797,"caption":"Beduine beseitigt von Touristen hinterlassene leere Kisten"},{"@type":"BreadcrumbList","@id":"https:\/\/bpk-archive.de\/tuellmann\/produkt\/beduine-beseitigt-von-touristen-hinterlassene-leere-kisten\/#breadcrumb","itemListElement":[{"@type":"ListItem","position":1,"name":"Startseite","item":"https:\/\/bpk-archive.de\/tuellmann\/"},{"@type":"ListItem","position":2,"name":"Shop","item":"https:\/\/bpk-archive.de\/tuellmann\/shop\/"},{"@type":"ListItem","position":3,"name":"Beduine beseitigt von Touristen hinterlassene leere Kisten"}]},{"@type":"WebSite","@id":"https:\/\/bpk-archive.de\/tuellmann\/#website","url":"https:\/\/bpk-archive.de\/tuellmann\/","name":"Abisag T\u00fcllmann","description":"Eine weitere WordPress-Website","potentialAction":[{"@type":"SearchAction","target":{"@type":"EntryPoint","urlTemplate":"https:\/\/bpk-archive.de\/tuellmann\/?s={search_term_string}"},"query-input":{"@type":"PropertyValueSpecification","valueRequired":true,"valueName":"search_term_string"}}],"inLanguage":"de"}]}},"_links":{"self":[{"href":"https:\/\/bpk-archive.de\/tuellmann\/wp-json\/wp\/v2\/product\/70295320","targetHints":{"allow":["GET"]}}],"collection":[{"href":"https:\/\/bpk-archive.de\/tuellmann\/wp-json\/wp\/v2\/product"}],"about":[{"href":"https:\/\/bpk-archive.de\/tuellmann\/wp-json\/wp\/v2\/types\/product"}],"wp:featuredmedia":[{"embeddable":true,"href":"https:\/\/bpk-archive.de\/tuellmann\/wp-json\/wp\/v2\/media\/70292853"}],"wp:attachment":[{"href":"https:\/\/bpk-archive.de\/tuellmann\/wp-json\/wp\/v2\/media?parent=70295320"}],"wp:term":[{"taxonomy":"product_brand","embeddable":true,"href":"https:\/\/bpk-archive.de\/tuellmann\/wp-json\/wp\/v2\/product_brand?post=70295320"},{"taxonomy":"product_cat","embeddable":true,"href":"https:\/\/bpk-archive.de\/tuellmann\/wp-json\/wp\/v2\/product_cat?post=70295320"},{"taxonomy":"product_tag","embeddable":true,"href":"https:\/\/bpk-archive.de\/tuellmann\/wp-json\/wp\/v2\/product_tag?post=70295320"}],"curies":[{"name":"wp","href":"https:\/\/api.w.org\/{rel}","templated":true}]}}