{"id":70295310,"date":"2019-09-05T15:04:52","date_gmt":"2019-09-05T13:04:52","guid":{"rendered":"http:\/\/abisagtuellmann.bpk-news.de\/atbild\/neubauten-im-kibbuz-revivim\/"},"modified":"2019-09-05T15:05:12","modified_gmt":"2019-09-05T13:05:12","slug":"neubauten-im-kibbuz-revivim","status":"publish","type":"product","link":"https:\/\/bpk-archive.de\/tuellmann\/produkt\/neubauten-im-kibbuz-revivim\/","title":{"rendered":"Neubauten im Kibbuz Revivim"},"content":{"rendered":"<p>R\u00fcckseitenbeschriftung von Hand der Fotografin: &#8222;Revivim: die neuen H\u00e4user&#8220;<\/p>\n","protected":false},"excerpt":{"rendered":"<p>R\u00fcckseitenbeschriftung von Hand der Fotografin: &#8222;Revivim: die neuen H\u00e4user&#8220;<\/p>\n","protected":false},"featured_media":70292924,"template":"","meta":[],"product_brand":[],"product_cat":[],"product_tag":[47237,13232,13234,13231,13233,47238,48353,47239,13777,47240,51436,47241,13250,48185,48186,52367,47365,47366,47367,49576,49577,49578,51011,13260,49919,49920,49921,49922,49923,13293,13786,13787,13294,13295,13296,13297,47267,47377,51013,47383,47384,47385,47386,13301,47279,47280,47281,47282,47283,47284,47755,47756,47757,47758,47759,51015,51016,51017,49926,49927,49928,49929,49930,49931,49932,49933,51018,51019,47499,47500,47501,47502,47503,47320,51442,48150,48151,48152,13328,13827,13828,13329,13330,13331,13332,47332,13843,47333,47334,47335,47336,47337,13877,13879,13865,13864,13866,13858,13859,13860,13861,13862,13863,48159,48160,48161,48162,13869,13870,13871,13872,48165,48166,51445,13878,13880,48228,50439,47504,47505,47506,48431,48432,47617,48173,48174],"class_list":{"0":"post-70295310","1":"product","2":"type-product","3":"status-publish","4":"has-post-thumbnail","6":"product_tag-1980er-jahre","7":"product_tag-20-jahrhundert-nach-chr","8":"product_tag-20-jh-n-chr","9":"product_tag-20-jahrhundert","10":"product_tag-20-jh","11":"product_tag-80er","12":"product_tag-abt_000","13":"product_tag-abt_001","14":"product_tag-abzug","15":"product_tag-achtziger","16":"product_tag-architektur","17":"product_tag-at_israel","18":"product_tag-aussen","19":"product_tag-aussenansicht","20":"product_tag-aussenansichten","21":"product_tag-aussentreppe","22":"product_tag-bauten","23":"product_tag-bauwerk","24":"product_tag-bauwerke","25":"product_tag-bewohner","26":"product_tag-bewohnern","27":"product_tag-bewohners","28":"product_tag-commune","29":"product_tag-draussen","30":"product_tag-fahrrad","31":"product_tag-fahrraeder","32":"product_tag-fahrraedern","33":"product_tag-fahrrades","34":"product_tag-fahrrads","35":"product_tag-foto","36":"product_tag-fotoabzug","37":"product_tag-fotoabzuege","38":"product_tag-fotografie","39":"product_tag-fotografien","40":"product_tag-fotografin","41":"product_tag-fotografinnen","42":"product_tag-fotoreportage","43":"product_tag-gebaeude","44":"product_tag-gemeinschaft","45":"product_tag-haus","46":"product_tag-haeuser","47":"product_tag-haeusern","48":"product_tag-hauses","49":"product_tag-im-freien","50":"product_tag-israel","51":"product_tag-israelisch","52":"product_tag-israelische","53":"product_tag-israelischer","54":"product_tag-israelisches","55":"product_tag-israels","56":"product_tag-juedisch","57":"product_tag-juedische","58":"product_tag-juedischen","59":"product_tag-juedischer","60":"product_tag-juedisches","61":"product_tag-kibbutz","62":"product_tag-kibbuz","63":"product_tag-kibbuzim","64":"product_tag-kinderfahrrad","65":"product_tag-kinderfahrraeder","66":"product_tag-kinderfahrrades","67":"product_tag-kinderfahrrads","68":"product_tag-kinderrad","69":"product_tag-kinderraeder","70":"product_tag-kinderrades","71":"product_tag-kinderrads","72":"product_tag-kollektiv","73":"product_tag-kommune","74":"product_tag-menschenleer","75":"product_tag-menschenleere","76":"product_tag-menschenleeren","77":"product_tag-menschenleerer","78":"product_tag-menschenleeres","79":"product_tag-nahost","80":"product_tag-negev","81":"product_tag-neubau","82":"product_tag-neubauten","83":"product_tag-neubauviertel","84":"product_tag-photo","85":"product_tag-photoabzug","86":"product_tag-photoabzuege","87":"product_tag-photographie","88":"product_tag-photographien","89":"product_tag-photographin","90":"product_tag-photographinnen","91":"product_tag-photoreportage","92":"product_tag-print","93":"product_tag-reportage","94":"product_tag-reportagefoto","95":"product_tag-reportagefotografie","96":"product_tag-reportagephoto","97":"product_tag-reportagephotographie","98":"product_tag-s-w-fotografie","99":"product_tag-s-w-photographie","100":"product_tag-schwarzweissphotographie","101":"product_tag-schwarz-weiss-fotografie","102":"product_tag-schwarz-weiss-photographie","103":"product_tag-schwarzweiss","104":"product_tag-schwarzweisse","105":"product_tag-schwarzweissen","106":"product_tag-schwarzweisser","107":"product_tag-schwarzweisses","108":"product_tag-schwarzweissfotografie","109":"product_tag-siedler","110":"product_tag-siedlung","111":"product_tag-siedlungen","112":"product_tag-siedlungsbau","113":"product_tag-silbergelatine","114":"product_tag-silbergelatineabzug","115":"product_tag-silbergelatineabzuege","116":"product_tag-silbergelatineprint","117":"product_tag-strasse","118":"product_tag-strassen","119":"product_tag-suedland","120":"product_tag-sw-fotografie","121":"product_tag-sw-photographie","122":"product_tag-von-aussen","123":"product_tag-vorgarten","124":"product_tag-wohngebaeude","125":"product_tag-wohnhaus","126":"product_tag-wohnhaeuser","127":"product_tag-wohnsiedlung","128":"product_tag-wohnsiedlungen","129":"product_tag-wohnviertel","130":"product_tag-wueste","131":"product_tag-wuesten","132":"pa_datierung-august-1984","133":"pa_fotograf-abisag-tuellmann","134":"pa_geografischer_bezug-aufnahmeort-revivim-israel","135":"pa_grunddaten_material_technik-foto-silbergelatine-auf-barytpapier","136":"pa_inventarnummer-tue-84-177-04","137":"pa_jahr_von-48351","138":"pa_massangaben-bildformat-foto-198-x-305-cm","139":"pa_mediennummer-52365","140":"pa_objekt_typ-fotografie","142":"first","143":"instock","144":"product-type-simple"},"yoast_head":"<!-- This site is optimized with the Yoast SEO plugin v27.3 - https:\/\/yoast.com\/product\/yoast-seo-wordpress\/ -->\n<title>Neubauten im Kibbuz Revivim - Abisag T\u00fcllmann<\/title>\n<meta name=\"robots\" content=\"index, follow, max-snippet:-1, max-image-preview:large, max-video-preview:-1\" \/>\n<link rel=\"canonical\" href=\"https:\/\/bpk-archive.de\/tuellmann\/produkt\/neubauten-im-kibbuz-revivim\/\" \/>\n<meta property=\"og:locale\" content=\"de_DE\" \/>\n<meta property=\"og:type\" content=\"article\" \/>\n<meta property=\"og:title\" content=\"Neubauten im Kibbuz Revivim - Abisag T\u00fcllmann\" \/>\n<meta property=\"og:description\" content=\"R\u00fcckseitenbeschriftung von Hand der Fotografin: &#8222;Revivim: die neuen H\u00e4user&#8220;\" \/>\n<meta property=\"og:url\" content=\"https:\/\/bpk-archive.de\/tuellmann\/produkt\/neubauten-im-kibbuz-revivim\/\" \/>\n<meta property=\"og:site_name\" content=\"Abisag T\u00fcllmann\" \/>\n<meta property=\"article:modified_time\" content=\"2019-09-05T13:05:12+00:00\" \/>\n<meta property=\"og:image\" content=\"https:\/\/bpk-archive.de\/tuellmann\/wp-content\/uploads\/2019\/08\/bpk_70271084.jpg\" \/>\n\t<meta property=\"og:image:width\" content=\"1200\" \/>\n\t<meta property=\"og:image:height\" content=\"797\" \/>\n\t<meta property=\"og:image:type\" content=\"image\/jpeg\" \/>\n<meta name=\"twitter:card\" content=\"summary_large_image\" \/>\n<script type=\"application\/ld+json\" class=\"yoast-schema-graph\">{\"@context\":\"https:\\\/\\\/schema.org\",\"@graph\":[{\"@type\":\"WebPage\",\"@id\":\"https:\\\/\\\/bpk-archive.de\\\/tuellmann\\\/produkt\\\/neubauten-im-kibbuz-revivim\\\/\",\"url\":\"https:\\\/\\\/bpk-archive.de\\\/tuellmann\\\/produkt\\\/neubauten-im-kibbuz-revivim\\\/\",\"name\":\"Neubauten im Kibbuz Revivim - Abisag T\u00fcllmann\",\"isPartOf\":{\"@id\":\"https:\\\/\\\/bpk-archive.de\\\/tuellmann\\\/#website\"},\"primaryImageOfPage\":{\"@id\":\"https:\\\/\\\/bpk-archive.de\\\/tuellmann\\\/produkt\\\/neubauten-im-kibbuz-revivim\\\/#primaryimage\"},\"image\":{\"@id\":\"https:\\\/\\\/bpk-archive.de\\\/tuellmann\\\/produkt\\\/neubauten-im-kibbuz-revivim\\\/#primaryimage\"},\"thumbnailUrl\":\"https:\\\/\\\/bpk-archive.de\\\/tuellmann\\\/wp-content\\\/uploads\\\/2019\\\/08\\\/bpk_70271084.jpg\",\"datePublished\":\"2019-09-05T13:04:52+00:00\",\"dateModified\":\"2019-09-05T13:05:12+00:00\",\"breadcrumb\":{\"@id\":\"https:\\\/\\\/bpk-archive.de\\\/tuellmann\\\/produkt\\\/neubauten-im-kibbuz-revivim\\\/#breadcrumb\"},\"inLanguage\":\"de\",\"potentialAction\":[{\"@type\":\"ReadAction\",\"target\":[\"https:\\\/\\\/bpk-archive.de\\\/tuellmann\\\/produkt\\\/neubauten-im-kibbuz-revivim\\\/\"]}]},{\"@type\":\"ImageObject\",\"inLanguage\":\"de\",\"@id\":\"https:\\\/\\\/bpk-archive.de\\\/tuellmann\\\/produkt\\\/neubauten-im-kibbuz-revivim\\\/#primaryimage\",\"url\":\"https:\\\/\\\/bpk-archive.de\\\/tuellmann\\\/wp-content\\\/uploads\\\/2019\\\/08\\\/bpk_70271084.jpg\",\"contentUrl\":\"https:\\\/\\\/bpk-archive.de\\\/tuellmann\\\/wp-content\\\/uploads\\\/2019\\\/08\\\/bpk_70271084.jpg\",\"width\":1200,\"height\":797,\"caption\":\"Neubauten im Kibbuz Revivim\"},{\"@type\":\"BreadcrumbList\",\"@id\":\"https:\\\/\\\/bpk-archive.de\\\/tuellmann\\\/produkt\\\/neubauten-im-kibbuz-revivim\\\/#breadcrumb\",\"itemListElement\":[{\"@type\":\"ListItem\",\"position\":1,\"name\":\"Startseite\",\"item\":\"https:\\\/\\\/bpk-archive.de\\\/tuellmann\\\/\"},{\"@type\":\"ListItem\",\"position\":2,\"name\":\"Shop\",\"item\":\"https:\\\/\\\/bpk-archive.de\\\/tuellmann\\\/shop\\\/\"},{\"@type\":\"ListItem\",\"position\":3,\"name\":\"Neubauten im Kibbuz Revivim\"}]},{\"@type\":\"WebSite\",\"@id\":\"https:\\\/\\\/bpk-archive.de\\\/tuellmann\\\/#website\",\"url\":\"https:\\\/\\\/bpk-archive.de\\\/tuellmann\\\/\",\"name\":\"Abisag T\u00fcllmann\",\"description\":\"Eine weitere WordPress-Website\",\"potentialAction\":[{\"@type\":\"SearchAction\",\"target\":{\"@type\":\"EntryPoint\",\"urlTemplate\":\"https:\\\/\\\/bpk-archive.de\\\/tuellmann\\\/?s={search_term_string}\"},\"query-input\":{\"@type\":\"PropertyValueSpecification\",\"valueRequired\":true,\"valueName\":\"search_term_string\"}}],\"inLanguage\":\"de\"}]}<\/script>\n<!-- \/ Yoast SEO plugin. -->","yoast_head_json":{"title":"Neubauten im Kibbuz Revivim - Abisag T\u00fcllmann","robots":{"index":"index","follow":"follow","max-snippet":"max-snippet:-1","max-image-preview":"max-image-preview:large","max-video-preview":"max-video-preview:-1"},"canonical":"https:\/\/bpk-archive.de\/tuellmann\/produkt\/neubauten-im-kibbuz-revivim\/","og_locale":"de_DE","og_type":"article","og_title":"Neubauten im Kibbuz Revivim - Abisag T\u00fcllmann","og_description":"R\u00fcckseitenbeschriftung von Hand der Fotografin: &#8222;Revivim: die neuen H\u00e4user&#8220;","og_url":"https:\/\/bpk-archive.de\/tuellmann\/produkt\/neubauten-im-kibbuz-revivim\/","og_site_name":"Abisag T\u00fcllmann","article_modified_time":"2019-09-05T13:05:12+00:00","og_image":[{"width":1200,"height":797,"url":"https:\/\/bpk-archive.de\/tuellmann\/wp-content\/uploads\/2019\/08\/bpk_70271084.jpg","type":"image\/jpeg"}],"twitter_card":"summary_large_image","schema":{"@context":"https:\/\/schema.org","@graph":[{"@type":"WebPage","@id":"https:\/\/bpk-archive.de\/tuellmann\/produkt\/neubauten-im-kibbuz-revivim\/","url":"https:\/\/bpk-archive.de\/tuellmann\/produkt\/neubauten-im-kibbuz-revivim\/","name":"Neubauten im Kibbuz Revivim - Abisag T\u00fcllmann","isPartOf":{"@id":"https:\/\/bpk-archive.de\/tuellmann\/#website"},"primaryImageOfPage":{"@id":"https:\/\/bpk-archive.de\/tuellmann\/produkt\/neubauten-im-kibbuz-revivim\/#primaryimage"},"image":{"@id":"https:\/\/bpk-archive.de\/tuellmann\/produkt\/neubauten-im-kibbuz-revivim\/#primaryimage"},"thumbnailUrl":"https:\/\/bpk-archive.de\/tuellmann\/wp-content\/uploads\/2019\/08\/bpk_70271084.jpg","datePublished":"2019-09-05T13:04:52+00:00","dateModified":"2019-09-05T13:05:12+00:00","breadcrumb":{"@id":"https:\/\/bpk-archive.de\/tuellmann\/produkt\/neubauten-im-kibbuz-revivim\/#breadcrumb"},"inLanguage":"de","potentialAction":[{"@type":"ReadAction","target":["https:\/\/bpk-archive.de\/tuellmann\/produkt\/neubauten-im-kibbuz-revivim\/"]}]},{"@type":"ImageObject","inLanguage":"de","@id":"https:\/\/bpk-archive.de\/tuellmann\/produkt\/neubauten-im-kibbuz-revivim\/#primaryimage","url":"https:\/\/bpk-archive.de\/tuellmann\/wp-content\/uploads\/2019\/08\/bpk_70271084.jpg","contentUrl":"https:\/\/bpk-archive.de\/tuellmann\/wp-content\/uploads\/2019\/08\/bpk_70271084.jpg","width":1200,"height":797,"caption":"Neubauten im Kibbuz Revivim"},{"@type":"BreadcrumbList","@id":"https:\/\/bpk-archive.de\/tuellmann\/produkt\/neubauten-im-kibbuz-revivim\/#breadcrumb","itemListElement":[{"@type":"ListItem","position":1,"name":"Startseite","item":"https:\/\/bpk-archive.de\/tuellmann\/"},{"@type":"ListItem","position":2,"name":"Shop","item":"https:\/\/bpk-archive.de\/tuellmann\/shop\/"},{"@type":"ListItem","position":3,"name":"Neubauten im Kibbuz Revivim"}]},{"@type":"WebSite","@id":"https:\/\/bpk-archive.de\/tuellmann\/#website","url":"https:\/\/bpk-archive.de\/tuellmann\/","name":"Abisag T\u00fcllmann","description":"Eine weitere WordPress-Website","potentialAction":[{"@type":"SearchAction","target":{"@type":"EntryPoint","urlTemplate":"https:\/\/bpk-archive.de\/tuellmann\/?s={search_term_string}"},"query-input":{"@type":"PropertyValueSpecification","valueRequired":true,"valueName":"search_term_string"}}],"inLanguage":"de"}]}},"_links":{"self":[{"href":"https:\/\/bpk-archive.de\/tuellmann\/wp-json\/wp\/v2\/product\/70295310","targetHints":{"allow":["GET"]}}],"collection":[{"href":"https:\/\/bpk-archive.de\/tuellmann\/wp-json\/wp\/v2\/product"}],"about":[{"href":"https:\/\/bpk-archive.de\/tuellmann\/wp-json\/wp\/v2\/types\/product"}],"wp:featuredmedia":[{"embeddable":true,"href":"https:\/\/bpk-archive.de\/tuellmann\/wp-json\/wp\/v2\/media\/70292924"}],"wp:attachment":[{"href":"https:\/\/bpk-archive.de\/tuellmann\/wp-json\/wp\/v2\/media?parent=70295310"}],"wp:term":[{"taxonomy":"product_brand","embeddable":true,"href":"https:\/\/bpk-archive.de\/tuellmann\/wp-json\/wp\/v2\/product_brand?post=70295310"},{"taxonomy":"product_cat","embeddable":true,"href":"https:\/\/bpk-archive.de\/tuellmann\/wp-json\/wp\/v2\/product_cat?post=70295310"},{"taxonomy":"product_tag","embeddable":true,"href":"https:\/\/bpk-archive.de\/tuellmann\/wp-json\/wp\/v2\/product_tag?post=70295310"}],"curies":[{"name":"wp","href":"https:\/\/api.w.org\/{rel}","templated":true}]}}