{"id":70295301,"date":"2019-09-05T15:04:52","date_gmt":"2019-09-05T13:04:52","guid":{"rendered":"http:\/\/abisagtuellmann.bpk-news.de\/atbild\/kibbuzim-kinneret-und-degania-am-suedlichen-ende-des-see-genezareth\/"},"modified":"2019-09-05T15:05:03","modified_gmt":"2019-09-05T13:05:03","slug":"kibbuzim-kinneret-und-degania-am-suedlichen-ende-des-see-genezareth","status":"publish","type":"product","link":"https:\/\/bpk-archive.de\/tuellmann\/produkt\/kibbuzim-kinneret-und-degania-am-suedlichen-ende-des-see-genezareth\/","title":{"rendered":"Kibbuzim Kinneret und Degania am s\u00fcdlichen Ende des See Genezareth"},"content":{"rendered":"<p>Im Hintergrund die Golanh\u00f6hen R\u00fcckseitenbeschriftung von Hand der Fotografin: &#8222;Am s\u00fcdlichen Ende des See Genezareth Kinneret und Deganya, im Hintergrund die Golanh\u00f6hen&#8220;<\/p>\n","protected":false},"excerpt":{"rendered":"<p>Im Hintergrund die Golanh\u00f6hen R\u00fcckseitenbeschriftung von Hand der Fotografin: &#8222;Am s\u00fcdlichen Ende des See Genezareth Kinneret und Deganya, im Hintergrund die Golanh\u00f6hen&#8220;<\/p>\n","protected":false},"featured_media":70292947,"template":"","meta":[],"product_brand":[],"product_cat":[],"product_tag":[47237,13232,13234,13231,13233,47238,47239,13777,47240,47241,13250,14339,48041,48042,48046,13260,52280,50858,50862,50863,50864,50865,50866,52281,52282,13293,13786,13787,13294,13295,13296,13297,47267,48056,48057,48058,51013,52283,52284,52285,52286,13301,47279,47280,47281,47282,47283,47284,47755,47756,47757,47758,47759,51015,51016,52287,51667,51668,51669,51670,51671,51672,48399,48400,52288,48401,48402,48403,48404,48405,47499,47500,47501,47502,47503,47320,49184,13328,13827,13828,13329,13330,13331,13332,47332,13843,47333,47334,47335,47336,47337,13877,13879,13865,13864,13866,13858,13859,13860,13861,13862,13863,52289,52290,48159,48160,48161,13869,13870,13871,13872,13878,13880,48414,48415,47504,47505,47506],"class_list":{"0":"post-70295301","1":"product","2":"type-product","3":"status-publish","4":"has-post-thumbnail","6":"product_tag-1980er-jahre","7":"product_tag-20-jahrhundert-nach-chr","8":"product_tag-20-jh-n-chr","9":"product_tag-20-jahrhundert","10":"product_tag-20-jh","11":"product_tag-80er","12":"product_tag-abt_001","13":"product_tag-abzug","14":"product_tag-achtziger","15":"product_tag-at_israel","16":"product_tag-aussen","17":"product_tag-berg","18":"product_tag-berge","19":"product_tag-berges","20":"product_tag-bergs","21":"product_tag-draussen","22":"product_tag-ebene","23":"product_tag-feld","24":"product_tag-felde","25":"product_tag-felder","26":"product_tag-feldern","27":"product_tag-feldes","28":"product_tag-felfern","29":"product_tag-flachland","30":"product_tag-flachlandschaft","31":"product_tag-foto","32":"product_tag-fotoabzug","33":"product_tag-fotoabzuege","34":"product_tag-fotografie","35":"product_tag-fotografien","36":"product_tag-fotografin","37":"product_tag-fotografinnen","38":"product_tag-fotoreportage","39":"product_tag-gebirge","40":"product_tag-gebirges","41":"product_tag-gebirgs","42":"product_tag-gemeinschaft","43":"product_tag-genezareth","44":"product_tag-golan","45":"product_tag-golanhoehe","46":"product_tag-golanhoehen","47":"product_tag-im-freien","48":"product_tag-israel","49":"product_tag-israelisch","50":"product_tag-israelische","51":"product_tag-israelischer","52":"product_tag-israelisches","53":"product_tag-israels","54":"product_tag-juedisch","55":"product_tag-juedische","56":"product_tag-juedischen","57":"product_tag-juedischer","58":"product_tag-juedisches","59":"product_tag-kibbutz","60":"product_tag-kibbuz","61":"product_tag-kolonie","62":"product_tag-landschaft","63":"product_tag-landschaften","64":"product_tag-landschaftsaufnahme","65":"product_tag-landschaftsaufnahmen","66":"product_tag-landschaftsfotografie","67":"product_tag-landschaftsphotographie","68":"product_tag-luftaufnahme","69":"product_tag-luftaufnahmen","70":"product_tag-luftaufsicht","71":"product_tag-luftbild","72":"product_tag-luftbildaufnahme","73":"product_tag-luftbildaufnahmen","74":"product_tag-luftbilder","75":"product_tag-luftperspektive","76":"product_tag-menschenleer","77":"product_tag-menschenleere","78":"product_tag-menschenleeren","79":"product_tag-menschenleerer","80":"product_tag-menschenleeres","81":"product_tag-nahost","82":"product_tag-panorama","83":"product_tag-photo","84":"product_tag-photoabzug","85":"product_tag-photoabzuege","86":"product_tag-photographie","87":"product_tag-photographien","88":"product_tag-photographin","89":"product_tag-photographinnen","90":"product_tag-photoreportage","91":"product_tag-print","92":"product_tag-reportage","93":"product_tag-reportagefoto","94":"product_tag-reportagefotografie","95":"product_tag-reportagephoto","96":"product_tag-reportagephotographie","97":"product_tag-s-w-fotografie","98":"product_tag-s-w-photographie","99":"product_tag-schwarzweissphotographie","100":"product_tag-schwarz-weiss-fotografie","101":"product_tag-schwarz-weiss-photographie","102":"product_tag-schwarzweiss","103":"product_tag-schwarzweisse","104":"product_tag-schwarzweissen","105":"product_tag-schwarzweisser","106":"product_tag-schwarzweisses","107":"product_tag-schwarzweissfotografie","108":"product_tag-see","109":"product_tag-seen","110":"product_tag-siedler","111":"product_tag-siedlung","112":"product_tag-siedlungen","113":"product_tag-silbergelatine","114":"product_tag-silbergelatineabzug","115":"product_tag-silbergelatineabzuege","116":"product_tag-silbergelatineprint","117":"product_tag-sw-fotografie","118":"product_tag-sw-photographie","119":"product_tag-vogelperspektive","120":"product_tag-vogelschau","121":"product_tag-wohngebaeude","122":"product_tag-wohnhaus","123":"product_tag-wohnhaeuser","124":"pa_datierung-august-1984","125":"pa_fotograf-abisag-tuellmann","126":"pa_geografischer_bezug-aufnahmeort-kinneret-israel","127":"pa_grunddaten_material_technik-foto-silbergelatine-auf-barytpapier","128":"pa_inventarnummer-tue-84-212","129":"pa_jahr_von-48351","130":"pa_massangaben-bildformat-foto-20-x-303-cm","131":"pa_mediennummer-52277","132":"pa_objekt_typ-fotografie","134":"first","135":"instock","136":"product-type-simple"},"yoast_head":"<!-- This site is optimized with the Yoast SEO plugin v27.4 - https:\/\/yoast.com\/product\/yoast-seo-wordpress\/ -->\n<title>Kibbuzim Kinneret und Degania am s\u00fcdlichen Ende des See Genezareth - Abisag T\u00fcllmann<\/title>\n<meta name=\"robots\" content=\"index, follow, max-snippet:-1, max-image-preview:large, max-video-preview:-1\" \/>\n<link rel=\"canonical\" href=\"https:\/\/bpk-archive.de\/tuellmann\/produkt\/kibbuzim-kinneret-und-degania-am-suedlichen-ende-des-see-genezareth\/\" \/>\n<meta property=\"og:locale\" content=\"de_DE\" \/>\n<meta property=\"og:type\" content=\"article\" \/>\n<meta property=\"og:title\" content=\"Kibbuzim Kinneret und Degania am s\u00fcdlichen Ende des See Genezareth - Abisag T\u00fcllmann\" \/>\n<meta property=\"og:description\" content=\"Im Hintergrund die Golanh\u00f6hen R\u00fcckseitenbeschriftung von Hand der Fotografin: &#8222;Am s\u00fcdlichen Ende des See Genezareth Kinneret und Deganya, im Hintergrund die Golanh\u00f6hen&#8220;\" \/>\n<meta property=\"og:url\" content=\"https:\/\/bpk-archive.de\/tuellmann\/produkt\/kibbuzim-kinneret-und-degania-am-suedlichen-ende-des-see-genezareth\/\" \/>\n<meta property=\"og:site_name\" content=\"Abisag T\u00fcllmann\" \/>\n<meta property=\"article:modified_time\" content=\"2019-09-05T13:05:03+00:00\" \/>\n<meta property=\"og:image\" content=\"https:\/\/bpk-archive.de\/tuellmann\/wp-content\/uploads\/2019\/08\/bpk_70271331.jpg\" \/>\n\t<meta property=\"og:image:width\" content=\"1200\" \/>\n\t<meta property=\"og:image:height\" content=\"810\" \/>\n\t<meta property=\"og:image:type\" content=\"image\/jpeg\" \/>\n<meta name=\"twitter:card\" content=\"summary_large_image\" \/>\n<script type=\"application\/ld+json\" class=\"yoast-schema-graph\">{\"@context\":\"https:\\\/\\\/schema.org\",\"@graph\":[{\"@type\":\"WebPage\",\"@id\":\"https:\\\/\\\/bpk-archive.de\\\/tuellmann\\\/produkt\\\/kibbuzim-kinneret-und-degania-am-suedlichen-ende-des-see-genezareth\\\/\",\"url\":\"https:\\\/\\\/bpk-archive.de\\\/tuellmann\\\/produkt\\\/kibbuzim-kinneret-und-degania-am-suedlichen-ende-des-see-genezareth\\\/\",\"name\":\"Kibbuzim Kinneret und Degania am s\u00fcdlichen Ende des See Genezareth - Abisag T\u00fcllmann\",\"isPartOf\":{\"@id\":\"https:\\\/\\\/bpk-archive.de\\\/tuellmann\\\/#website\"},\"primaryImageOfPage\":{\"@id\":\"https:\\\/\\\/bpk-archive.de\\\/tuellmann\\\/produkt\\\/kibbuzim-kinneret-und-degania-am-suedlichen-ende-des-see-genezareth\\\/#primaryimage\"},\"image\":{\"@id\":\"https:\\\/\\\/bpk-archive.de\\\/tuellmann\\\/produkt\\\/kibbuzim-kinneret-und-degania-am-suedlichen-ende-des-see-genezareth\\\/#primaryimage\"},\"thumbnailUrl\":\"https:\\\/\\\/bpk-archive.de\\\/tuellmann\\\/wp-content\\\/uploads\\\/2019\\\/08\\\/bpk_70271331.jpg\",\"datePublished\":\"2019-09-05T13:04:52+00:00\",\"dateModified\":\"2019-09-05T13:05:03+00:00\",\"breadcrumb\":{\"@id\":\"https:\\\/\\\/bpk-archive.de\\\/tuellmann\\\/produkt\\\/kibbuzim-kinneret-und-degania-am-suedlichen-ende-des-see-genezareth\\\/#breadcrumb\"},\"inLanguage\":\"de\",\"potentialAction\":[{\"@type\":\"ReadAction\",\"target\":[\"https:\\\/\\\/bpk-archive.de\\\/tuellmann\\\/produkt\\\/kibbuzim-kinneret-und-degania-am-suedlichen-ende-des-see-genezareth\\\/\"]}]},{\"@type\":\"ImageObject\",\"inLanguage\":\"de\",\"@id\":\"https:\\\/\\\/bpk-archive.de\\\/tuellmann\\\/produkt\\\/kibbuzim-kinneret-und-degania-am-suedlichen-ende-des-see-genezareth\\\/#primaryimage\",\"url\":\"https:\\\/\\\/bpk-archive.de\\\/tuellmann\\\/wp-content\\\/uploads\\\/2019\\\/08\\\/bpk_70271331.jpg\",\"contentUrl\":\"https:\\\/\\\/bpk-archive.de\\\/tuellmann\\\/wp-content\\\/uploads\\\/2019\\\/08\\\/bpk_70271331.jpg\",\"width\":1200,\"height\":810,\"caption\":\"Kibbuzim Kinneret und Degania am s\u00fcdlichen Ende des See Genezareth\"},{\"@type\":\"BreadcrumbList\",\"@id\":\"https:\\\/\\\/bpk-archive.de\\\/tuellmann\\\/produkt\\\/kibbuzim-kinneret-und-degania-am-suedlichen-ende-des-see-genezareth\\\/#breadcrumb\",\"itemListElement\":[{\"@type\":\"ListItem\",\"position\":1,\"name\":\"Startseite\",\"item\":\"https:\\\/\\\/bpk-archive.de\\\/tuellmann\\\/\"},{\"@type\":\"ListItem\",\"position\":2,\"name\":\"Shop\",\"item\":\"https:\\\/\\\/bpk-archive.de\\\/tuellmann\\\/shop\\\/\"},{\"@type\":\"ListItem\",\"position\":3,\"name\":\"Kibbuzim Kinneret und Degania am s\u00fcdlichen Ende des See Genezareth\"}]},{\"@type\":\"WebSite\",\"@id\":\"https:\\\/\\\/bpk-archive.de\\\/tuellmann\\\/#website\",\"url\":\"https:\\\/\\\/bpk-archive.de\\\/tuellmann\\\/\",\"name\":\"Abisag T\u00fcllmann\",\"description\":\"Eine weitere WordPress-Website\",\"potentialAction\":[{\"@type\":\"SearchAction\",\"target\":{\"@type\":\"EntryPoint\",\"urlTemplate\":\"https:\\\/\\\/bpk-archive.de\\\/tuellmann\\\/?s={search_term_string}\"},\"query-input\":{\"@type\":\"PropertyValueSpecification\",\"valueRequired\":true,\"valueName\":\"search_term_string\"}}],\"inLanguage\":\"de\"}]}<\/script>\n<!-- \/ Yoast SEO plugin. -->","yoast_head_json":{"title":"Kibbuzim Kinneret und Degania am s\u00fcdlichen Ende des See Genezareth - Abisag T\u00fcllmann","robots":{"index":"index","follow":"follow","max-snippet":"max-snippet:-1","max-image-preview":"max-image-preview:large","max-video-preview":"max-video-preview:-1"},"canonical":"https:\/\/bpk-archive.de\/tuellmann\/produkt\/kibbuzim-kinneret-und-degania-am-suedlichen-ende-des-see-genezareth\/","og_locale":"de_DE","og_type":"article","og_title":"Kibbuzim Kinneret und Degania am s\u00fcdlichen Ende des See Genezareth - Abisag T\u00fcllmann","og_description":"Im Hintergrund die Golanh\u00f6hen R\u00fcckseitenbeschriftung von Hand der Fotografin: &#8222;Am s\u00fcdlichen Ende des See Genezareth Kinneret und Deganya, im Hintergrund die Golanh\u00f6hen&#8220;","og_url":"https:\/\/bpk-archive.de\/tuellmann\/produkt\/kibbuzim-kinneret-und-degania-am-suedlichen-ende-des-see-genezareth\/","og_site_name":"Abisag T\u00fcllmann","article_modified_time":"2019-09-05T13:05:03+00:00","og_image":[{"width":1200,"height":810,"url":"https:\/\/bpk-archive.de\/tuellmann\/wp-content\/uploads\/2019\/08\/bpk_70271331.jpg","type":"image\/jpeg"}],"twitter_card":"summary_large_image","schema":{"@context":"https:\/\/schema.org","@graph":[{"@type":"WebPage","@id":"https:\/\/bpk-archive.de\/tuellmann\/produkt\/kibbuzim-kinneret-und-degania-am-suedlichen-ende-des-see-genezareth\/","url":"https:\/\/bpk-archive.de\/tuellmann\/produkt\/kibbuzim-kinneret-und-degania-am-suedlichen-ende-des-see-genezareth\/","name":"Kibbuzim Kinneret und Degania am s\u00fcdlichen Ende des See Genezareth - Abisag T\u00fcllmann","isPartOf":{"@id":"https:\/\/bpk-archive.de\/tuellmann\/#website"},"primaryImageOfPage":{"@id":"https:\/\/bpk-archive.de\/tuellmann\/produkt\/kibbuzim-kinneret-und-degania-am-suedlichen-ende-des-see-genezareth\/#primaryimage"},"image":{"@id":"https:\/\/bpk-archive.de\/tuellmann\/produkt\/kibbuzim-kinneret-und-degania-am-suedlichen-ende-des-see-genezareth\/#primaryimage"},"thumbnailUrl":"https:\/\/bpk-archive.de\/tuellmann\/wp-content\/uploads\/2019\/08\/bpk_70271331.jpg","datePublished":"2019-09-05T13:04:52+00:00","dateModified":"2019-09-05T13:05:03+00:00","breadcrumb":{"@id":"https:\/\/bpk-archive.de\/tuellmann\/produkt\/kibbuzim-kinneret-und-degania-am-suedlichen-ende-des-see-genezareth\/#breadcrumb"},"inLanguage":"de","potentialAction":[{"@type":"ReadAction","target":["https:\/\/bpk-archive.de\/tuellmann\/produkt\/kibbuzim-kinneret-und-degania-am-suedlichen-ende-des-see-genezareth\/"]}]},{"@type":"ImageObject","inLanguage":"de","@id":"https:\/\/bpk-archive.de\/tuellmann\/produkt\/kibbuzim-kinneret-und-degania-am-suedlichen-ende-des-see-genezareth\/#primaryimage","url":"https:\/\/bpk-archive.de\/tuellmann\/wp-content\/uploads\/2019\/08\/bpk_70271331.jpg","contentUrl":"https:\/\/bpk-archive.de\/tuellmann\/wp-content\/uploads\/2019\/08\/bpk_70271331.jpg","width":1200,"height":810,"caption":"Kibbuzim Kinneret und Degania am s\u00fcdlichen Ende des See Genezareth"},{"@type":"BreadcrumbList","@id":"https:\/\/bpk-archive.de\/tuellmann\/produkt\/kibbuzim-kinneret-und-degania-am-suedlichen-ende-des-see-genezareth\/#breadcrumb","itemListElement":[{"@type":"ListItem","position":1,"name":"Startseite","item":"https:\/\/bpk-archive.de\/tuellmann\/"},{"@type":"ListItem","position":2,"name":"Shop","item":"https:\/\/bpk-archive.de\/tuellmann\/shop\/"},{"@type":"ListItem","position":3,"name":"Kibbuzim Kinneret und Degania am s\u00fcdlichen Ende des See Genezareth"}]},{"@type":"WebSite","@id":"https:\/\/bpk-archive.de\/tuellmann\/#website","url":"https:\/\/bpk-archive.de\/tuellmann\/","name":"Abisag T\u00fcllmann","description":"Eine weitere WordPress-Website","potentialAction":[{"@type":"SearchAction","target":{"@type":"EntryPoint","urlTemplate":"https:\/\/bpk-archive.de\/tuellmann\/?s={search_term_string}"},"query-input":{"@type":"PropertyValueSpecification","valueRequired":true,"valueName":"search_term_string"}}],"inLanguage":"de"}]}},"_links":{"self":[{"href":"https:\/\/bpk-archive.de\/tuellmann\/wp-json\/wp\/v2\/product\/70295301","targetHints":{"allow":["GET"]}}],"collection":[{"href":"https:\/\/bpk-archive.de\/tuellmann\/wp-json\/wp\/v2\/product"}],"about":[{"href":"https:\/\/bpk-archive.de\/tuellmann\/wp-json\/wp\/v2\/types\/product"}],"wp:featuredmedia":[{"embeddable":true,"href":"https:\/\/bpk-archive.de\/tuellmann\/wp-json\/wp\/v2\/media\/70292947"}],"wp:attachment":[{"href":"https:\/\/bpk-archive.de\/tuellmann\/wp-json\/wp\/v2\/media?parent=70295301"}],"wp:term":[{"taxonomy":"product_brand","embeddable":true,"href":"https:\/\/bpk-archive.de\/tuellmann\/wp-json\/wp\/v2\/product_brand?post=70295301"},{"taxonomy":"product_cat","embeddable":true,"href":"https:\/\/bpk-archive.de\/tuellmann\/wp-json\/wp\/v2\/product_cat?post=70295301"},{"taxonomy":"product_tag","embeddable":true,"href":"https:\/\/bpk-archive.de\/tuellmann\/wp-json\/wp\/v2\/product_tag?post=70295301"}],"curies":[{"name":"wp","href":"https:\/\/api.w.org\/{rel}","templated":true}]}}