{"id":70295296,"date":"2019-09-05T15:04:52","date_gmt":"2019-09-05T13:04:52","guid":{"rendered":"http:\/\/abisagtuellmann.bpk-news.de\/atbild\/israelische-familie-auf-einem-spaziergang-im-besetzten-westjordanland\/"},"modified":"2019-09-05T15:04:58","modified_gmt":"2019-09-05T13:04:58","slug":"israelische-familie-auf-einem-spaziergang-im-besetzten-westjordanland","status":"publish","type":"product","link":"https:\/\/bpk-archive.de\/tuellmann\/produkt\/israelische-familie-auf-einem-spaziergang-im-besetzten-westjordanland\/","title":{"rendered":"Israelische Familie auf einem Spaziergang im besetzten Westjordanland"},"content":{"rendered":"<p>Im Hintergrund die Neubausiedlung &#8222;Gilo&#8220; R\u00fcckseitenbeschriftung von Hand der Fotografin: &#8222;Israel: Neubaugebiet &#8218;Gilo&#8216; bei Bethlehem (Westbank) f\u00fcr Israelis, die zumeist in Jerusalem arbeiten&#8220;<\/p>\n","protected":false},"excerpt":{"rendered":"<p>Im Hintergrund die Neubausiedlung &#8222;Gilo&#8220; R\u00fcckseitenbeschriftung von Hand der Fotografin: &#8222;Israel: Neubaugebiet &#8218;Gilo&#8216; bei Bethlehem (Westbank) f\u00fcr Israelis, die zumeist in Jerusalem arbeiten&#8220;<\/p>\n","protected":false},"featured_media":70292728,"template":"","meta":[],"product_brand":[],"product_cat":[],"product_tag":[47237,13232,13234,13231,13233,47238,48353,47239,13777,47240,48387,48388,47241,50930,50931,13250,47720,47721,47722,47723,51936,51937,51938,51940,51941,47245,47246,47247,48359,48360,47248,47249,47250,47251,47252,47253,47254,47255,14177,48848,14178,14179,13260,47630,47631,47632,47633,47634,47635,47636,47637,47638,47639,47730,47731,47734,47425,47426,48849,48850,48851,48852,48853,48854,48855,48856,48857,48858,13293,13786,13787,13294,13295,13296,13297,47267,13487,13488,48621,48622,48623,47556,47643,47644,47645,47646,47378,47379,47380,47381,47382,47647,47648,47649,47268,14195,14196,14197,14198,14199,14200,49148,13301,47279,47747,47748,47749,47750,47280,47281,47282,47283,47284,49149,13813,13814,14203,14204,14205,14206,14207,14213,14218,14219,48548,48549,48550,14220,14221,47949,14000,14001,14002,14003,14004,14005,14006,48005,48006,48007,48008,48009,48010,48011,49747,49748,49749,49750,49751,49752,49753,13310,13311,13818,13819,13826,47786,47787,47394,47319,47320,47322,47321,48150,48151,48152,47323,48070,47327,47328,47329,47330,47331,49184,47561,47562,13328,13827,13828,13329,13330,13331,13332,47332,13843,52183,52184,52185,52186,52187,52188,52189,52190,47333,47334,47335,47336,47337,13877,13879,13865,13864,13866,13858,13859,13860,13861,13862,13863,47338,47339,48159,48160,48161,13869,13870,13871,13872,47659,47660,47661,47662,48634,52191,52192,52193,52194,52195,52196,52197,52198,49894,49895,52199,49896,49897,52200,49898,49899,48454,13878,13880,47410,47411,47663,47664,47665,47666,47667,47668,48079,47669,47670,48945],"class_list":{"0":"post-70295296","1":"product","2":"type-product","3":"status-publish","4":"has-post-thumbnail","6":"product_tag-1980er-jahre","7":"product_tag-20-jahrhundert-nach-chr","8":"product_tag-20-jh-n-chr","9":"product_tag-20-jahrhundert","10":"product_tag-20-jh","11":"product_tag-80er","12":"product_tag-abt_000","13":"product_tag-abt_001","14":"product_tag-abzug","15":"product_tag-achtziger","16":"product_tag-anhoehe","17":"product_tag-anhoehen","18":"product_tag-at_israel","19":"product_tag-ausflug","20":"product_tag-ausfluege","21":"product_tag-aussen","22":"product_tag-auswanderer","23":"product_tag-auswanderern","24":"product_tag-auswandern","25":"product_tag-auswanderung","26":"product_tag-baugeschehen","27":"product_tag-bauplatz","28":"product_tag-bauplaetze","29":"product_tag-baustelle","30":"product_tag-baustellen","31":"product_tag-besatzungszeit","32":"product_tag-besatzungszone","33":"product_tag-besatzungszonen","34":"product_tag-beschriftung","35":"product_tag-beschriftungen","36":"product_tag-besetzen","37":"product_tag-besetzt","38":"product_tag-besetzte","39":"product_tag-besetzten","40":"product_tag-besetzter","41":"product_tag-besetztes","42":"product_tag-besetzung","43":"product_tag-besetzungen","44":"product_tag-blickkontakt","45":"product_tag-bruder","46":"product_tag-bube","47":"product_tag-buben","48":"product_tag-draussen","49":"product_tag-ehefrau","50":"product_tag-ehefrauen","51":"product_tag-eheleute","52":"product_tag-ehemann","53":"product_tag-ehemaenner","54":"product_tag-ehepaar","55":"product_tag-ehepaare","56":"product_tag-ehepaares","57":"product_tag-ehepaars","58":"product_tag-eltern","59":"product_tag-emigrant","60":"product_tag-emigranten","61":"product_tag-emigration","62":"product_tag-familie","63":"product_tag-familien","64":"product_tag-familienbild","65":"product_tag-familienbilder","66":"product_tag-familienbildes","67":"product_tag-familienbildnis","68":"product_tag-familienbildnisse","69":"product_tag-familienbilds","70":"product_tag-familienportrait","71":"product_tag-familienportraits","72":"product_tag-familienportraet","73":"product_tag-familienportraets","74":"product_tag-foto","75":"product_tag-fotoabzug","76":"product_tag-fotoabzuege","77":"product_tag-fotografie","78":"product_tag-fotografien","79":"product_tag-fotografin","80":"product_tag-fotografinnen","81":"product_tag-fotoreportage","82":"product_tag-frau","83":"product_tag-frauen","84":"product_tag-freizeit","85":"product_tag-freizeitbeschaeftigung","86":"product_tag-freizeitgestaltung","87":"product_tag-fussgaenger","88":"product_tag-gatte","89":"product_tag-gatten","90":"product_tag-gattin","91":"product_tag-gattinnen","92":"product_tag-gehen","93":"product_tag-gehend","94":"product_tag-gehende","95":"product_tag-gehender","96":"product_tag-gehendes","97":"product_tag-gemahl","98":"product_tag-gemahlin","99":"product_tag-gemahlinnen","100":"product_tag-geschwister","101":"product_tag-gruppenbild","102":"product_tag-gruppenbilder","103":"product_tag-gruppenportrait","104":"product_tag-gruppenportraits","105":"product_tag-gruppenportraet","106":"product_tag-gruppenportraets","107":"product_tag-huegel","108":"product_tag-im-freien","109":"product_tag-israel","110":"product_tag-israeli","111":"product_tag-israelin","112":"product_tag-israelinnen","113":"product_tag-israelis","114":"product_tag-israelisch","115":"product_tag-israelische","116":"product_tag-israelischer","117":"product_tag-israelisches","118":"product_tag-israels","119":"product_tag-israli","120":"product_tag-junge","121":"product_tag-jungen","122":"product_tag-jungens","123":"product_tag-jungs","124":"product_tag-kind","125":"product_tag-kinde","126":"product_tag-kinder","127":"product_tag-kindern","128":"product_tag-kindes","129":"product_tag-kindheit","130":"product_tag-kleinkind","131":"product_tag-kleinkinder","132":"product_tag-kleinkindern","133":"product_tag-knabe","134":"product_tag-knaben","135":"product_tag-konflikt","136":"product_tag-laecheln","137":"product_tag-laechelnd","138":"product_tag-laechelnde","139":"product_tag-laechelnden","140":"product_tag-laechelnder","141":"product_tag-laechelndes","142":"product_tag-laechelt","143":"product_tag-lachen","144":"product_tag-lachend","145":"product_tag-lachende","146":"product_tag-lachendem","147":"product_tag-lachenden","148":"product_tag-lachender","149":"product_tag-lachendes","150":"product_tag-lektuere","151":"product_tag-lesen","152":"product_tag-lesend","153":"product_tag-lesende","154":"product_tag-lesenden","155":"product_tag-lesender","156":"product_tag-lesendes","157":"product_tag-maedchen","158":"product_tag-maedchens","159":"product_tag-mann","160":"product_tag-maenner","161":"product_tag-mannes","162":"product_tag-migranten","163":"product_tag-migration","164":"product_tag-mutter","165":"product_tag-naher-osten","166":"product_tag-nahost","167":"product_tag-nahost-konflikt","168":"product_tag-nahostkonflikt","169":"product_tag-neubau","170":"product_tag-neubauten","171":"product_tag-neubauviertel","172":"product_tag-okkupation","173":"product_tag-palaestina","174":"product_tag-palaestinensisch","175":"product_tag-palaestinensische","176":"product_tag-palaestinensischen","177":"product_tag-palaestinensischer","178":"product_tag-palaestinensisches","179":"product_tag-panorama","180":"product_tag-passant","181":"product_tag-passanten","182":"product_tag-photo","183":"product_tag-photoabzug","184":"product_tag-photoabzuege","185":"product_tag-photographie","186":"product_tag-photographien","187":"product_tag-photographin","188":"product_tag-photographinnen","189":"product_tag-photoreportage","190":"product_tag-print","191":"product_tag-promenade","192":"product_tag-promenaden","193":"product_tag-promenieren","194":"product_tag-promenierend","195":"product_tag-promenierende","196":"product_tag-promenierenden","197":"product_tag-promenierender","198":"product_tag-promenierendes","199":"product_tag-reportage","200":"product_tag-reportagefoto","201":"product_tag-reportagefotografie","202":"product_tag-reportagephoto","203":"product_tag-reportagephotographie","204":"product_tag-s-w-fotografie","205":"product_tag-s-w-photographie","206":"product_tag-schwarzweissphotographie","207":"product_tag-schwarz-weiss-fotografie","208":"product_tag-schwarz-weiss-photographie","209":"product_tag-schwarzweiss","210":"product_tag-schwarzweisse","211":"product_tag-schwarzweissen","212":"product_tag-schwarzweisser","213":"product_tag-schwarzweisses","214":"product_tag-schwarzweissfotografie","215":"product_tag-schwester","216":"product_tag-schwestern","217":"product_tag-siedler","218":"product_tag-siedlung","219":"product_tag-siedlungen","220":"product_tag-silbergelatine","221":"product_tag-silbergelatineabzug","222":"product_tag-silbergelatineabzuege","223":"product_tag-silbergelatineprint","224":"product_tag-sohn","225":"product_tag-soehne","226":"product_tag-soehnen","227":"product_tag-sohnes","228":"product_tag-sommer","229":"product_tag-sonntagsspaziergang","230":"product_tag-sonntagsspaziergaenge","231":"product_tag-spazieren","232":"product_tag-spazierend","233":"product_tag-spazierende","234":"product_tag-spazierenden","235":"product_tag-spazierender","236":"product_tag-spazierendes","237":"product_tag-spaziergang","238":"product_tag-spaziergaenge","239":"product_tag-spaziergaenger","240":"product_tag-spaziergaengerin","241":"product_tag-spaziergaengerinnen","242":"product_tag-spaziergaengers","243":"product_tag-spazierganges","244":"product_tag-spaziergangs","245":"product_tag-stempel","246":"product_tag-sw-fotografie","247":"product_tag-sw-photographie","248":"product_tag-tochter","249":"product_tag-toechtern","250":"product_tag-tragen","251":"product_tag-tragend","252":"product_tag-tragende","253":"product_tag-tragenden","254":"product_tag-tragender","255":"product_tag-tragendes","256":"product_tag-unterwegs","257":"product_tag-vater","258":"product_tag-vaters","259":"product_tag-westjordanland","260":"pa_datierung-juni-1981","261":"pa_fotograf-abisag-tuellmann","262":"pa_geografischer_bezug-aufnahmeort-gilo-israel-westjordanland","263":"pa_grunddaten_material_technik-foto-silbergelatine-auf-barytpapier","264":"pa_inventarnummer-tue-81-051-31","265":"pa_jahr_von-48126","266":"pa_massangaben-bildformat-foto-ca-235-x-305-cm","267":"pa_mediennummer-52180","268":"pa_objekt_typ-fotografie","270":"first","271":"instock","272":"product-type-simple"},"yoast_head":"<!-- This site is optimized with the Yoast SEO plugin v27.4 - https:\/\/yoast.com\/product\/yoast-seo-wordpress\/ -->\n<title>Israelische Familie auf einem Spaziergang im besetzten Westjordanland - Abisag T\u00fcllmann<\/title>\n<meta name=\"robots\" content=\"index, follow, max-snippet:-1, max-image-preview:large, max-video-preview:-1\" \/>\n<link rel=\"canonical\" href=\"https:\/\/bpk-archive.de\/tuellmann\/produkt\/israelische-familie-auf-einem-spaziergang-im-besetzten-westjordanland\/\" \/>\n<meta property=\"og:locale\" content=\"de_DE\" \/>\n<meta property=\"og:type\" content=\"article\" \/>\n<meta property=\"og:title\" content=\"Israelische Familie auf einem Spaziergang im besetzten Westjordanland - Abisag T\u00fcllmann\" \/>\n<meta property=\"og:description\" content=\"Im Hintergrund die Neubausiedlung &#8222;Gilo&#8220; R\u00fcckseitenbeschriftung von Hand der Fotografin: &#8222;Israel: Neubaugebiet &#8218;Gilo&#8216; bei Bethlehem (Westbank) f\u00fcr Israelis, die zumeist in Jerusalem arbeiten&#8220;\" \/>\n<meta property=\"og:url\" content=\"https:\/\/bpk-archive.de\/tuellmann\/produkt\/israelische-familie-auf-einem-spaziergang-im-besetzten-westjordanland\/\" \/>\n<meta property=\"og:site_name\" content=\"Abisag T\u00fcllmann\" \/>\n<meta property=\"article:modified_time\" content=\"2019-09-05T13:04:58+00:00\" \/>\n<meta property=\"og:image\" content=\"https:\/\/bpk-archive.de\/tuellmann\/wp-content\/uploads\/2019\/08\/bpk_70269169.jpg\" \/>\n\t<meta property=\"og:image:width\" content=\"1200\" \/>\n\t<meta property=\"og:image:height\" content=\"933\" \/>\n\t<meta property=\"og:image:type\" content=\"image\/jpeg\" \/>\n<meta name=\"twitter:card\" content=\"summary_large_image\" \/>\n<script type=\"application\/ld+json\" class=\"yoast-schema-graph\">{\"@context\":\"https:\\\/\\\/schema.org\",\"@graph\":[{\"@type\":\"WebPage\",\"@id\":\"https:\\\/\\\/bpk-archive.de\\\/tuellmann\\\/produkt\\\/israelische-familie-auf-einem-spaziergang-im-besetzten-westjordanland\\\/\",\"url\":\"https:\\\/\\\/bpk-archive.de\\\/tuellmann\\\/produkt\\\/israelische-familie-auf-einem-spaziergang-im-besetzten-westjordanland\\\/\",\"name\":\"Israelische Familie auf einem Spaziergang im besetzten Westjordanland - Abisag T\u00fcllmann\",\"isPartOf\":{\"@id\":\"https:\\\/\\\/bpk-archive.de\\\/tuellmann\\\/#website\"},\"primaryImageOfPage\":{\"@id\":\"https:\\\/\\\/bpk-archive.de\\\/tuellmann\\\/produkt\\\/israelische-familie-auf-einem-spaziergang-im-besetzten-westjordanland\\\/#primaryimage\"},\"image\":{\"@id\":\"https:\\\/\\\/bpk-archive.de\\\/tuellmann\\\/produkt\\\/israelische-familie-auf-einem-spaziergang-im-besetzten-westjordanland\\\/#primaryimage\"},\"thumbnailUrl\":\"https:\\\/\\\/bpk-archive.de\\\/tuellmann\\\/wp-content\\\/uploads\\\/2019\\\/08\\\/bpk_70269169.jpg\",\"datePublished\":\"2019-09-05T13:04:52+00:00\",\"dateModified\":\"2019-09-05T13:04:58+00:00\",\"breadcrumb\":{\"@id\":\"https:\\\/\\\/bpk-archive.de\\\/tuellmann\\\/produkt\\\/israelische-familie-auf-einem-spaziergang-im-besetzten-westjordanland\\\/#breadcrumb\"},\"inLanguage\":\"de\",\"potentialAction\":[{\"@type\":\"ReadAction\",\"target\":[\"https:\\\/\\\/bpk-archive.de\\\/tuellmann\\\/produkt\\\/israelische-familie-auf-einem-spaziergang-im-besetzten-westjordanland\\\/\"]}]},{\"@type\":\"ImageObject\",\"inLanguage\":\"de\",\"@id\":\"https:\\\/\\\/bpk-archive.de\\\/tuellmann\\\/produkt\\\/israelische-familie-auf-einem-spaziergang-im-besetzten-westjordanland\\\/#primaryimage\",\"url\":\"https:\\\/\\\/bpk-archive.de\\\/tuellmann\\\/wp-content\\\/uploads\\\/2019\\\/08\\\/bpk_70269169.jpg\",\"contentUrl\":\"https:\\\/\\\/bpk-archive.de\\\/tuellmann\\\/wp-content\\\/uploads\\\/2019\\\/08\\\/bpk_70269169.jpg\",\"width\":1200,\"height\":933,\"caption\":\"Israelische Familie auf einem Spaziergang im besetzten Westjordanland\"},{\"@type\":\"BreadcrumbList\",\"@id\":\"https:\\\/\\\/bpk-archive.de\\\/tuellmann\\\/produkt\\\/israelische-familie-auf-einem-spaziergang-im-besetzten-westjordanland\\\/#breadcrumb\",\"itemListElement\":[{\"@type\":\"ListItem\",\"position\":1,\"name\":\"Startseite\",\"item\":\"https:\\\/\\\/bpk-archive.de\\\/tuellmann\\\/\"},{\"@type\":\"ListItem\",\"position\":2,\"name\":\"Shop\",\"item\":\"https:\\\/\\\/bpk-archive.de\\\/tuellmann\\\/shop\\\/\"},{\"@type\":\"ListItem\",\"position\":3,\"name\":\"Israelische Familie auf einem Spaziergang im besetzten Westjordanland\"}]},{\"@type\":\"WebSite\",\"@id\":\"https:\\\/\\\/bpk-archive.de\\\/tuellmann\\\/#website\",\"url\":\"https:\\\/\\\/bpk-archive.de\\\/tuellmann\\\/\",\"name\":\"Abisag T\u00fcllmann\",\"description\":\"Eine weitere WordPress-Website\",\"potentialAction\":[{\"@type\":\"SearchAction\",\"target\":{\"@type\":\"EntryPoint\",\"urlTemplate\":\"https:\\\/\\\/bpk-archive.de\\\/tuellmann\\\/?s={search_term_string}\"},\"query-input\":{\"@type\":\"PropertyValueSpecification\",\"valueRequired\":true,\"valueName\":\"search_term_string\"}}],\"inLanguage\":\"de\"}]}<\/script>\n<!-- \/ Yoast SEO plugin. -->","yoast_head_json":{"title":"Israelische Familie auf einem Spaziergang im besetzten Westjordanland - Abisag T\u00fcllmann","robots":{"index":"index","follow":"follow","max-snippet":"max-snippet:-1","max-image-preview":"max-image-preview:large","max-video-preview":"max-video-preview:-1"},"canonical":"https:\/\/bpk-archive.de\/tuellmann\/produkt\/israelische-familie-auf-einem-spaziergang-im-besetzten-westjordanland\/","og_locale":"de_DE","og_type":"article","og_title":"Israelische Familie auf einem Spaziergang im besetzten Westjordanland - Abisag T\u00fcllmann","og_description":"Im Hintergrund die Neubausiedlung &#8222;Gilo&#8220; R\u00fcckseitenbeschriftung von Hand der Fotografin: &#8222;Israel: Neubaugebiet &#8218;Gilo&#8216; bei Bethlehem (Westbank) f\u00fcr Israelis, die zumeist in Jerusalem arbeiten&#8220;","og_url":"https:\/\/bpk-archive.de\/tuellmann\/produkt\/israelische-familie-auf-einem-spaziergang-im-besetzten-westjordanland\/","og_site_name":"Abisag T\u00fcllmann","article_modified_time":"2019-09-05T13:04:58+00:00","og_image":[{"width":1200,"height":933,"url":"https:\/\/bpk-archive.de\/tuellmann\/wp-content\/uploads\/2019\/08\/bpk_70269169.jpg","type":"image\/jpeg"}],"twitter_card":"summary_large_image","schema":{"@context":"https:\/\/schema.org","@graph":[{"@type":"WebPage","@id":"https:\/\/bpk-archive.de\/tuellmann\/produkt\/israelische-familie-auf-einem-spaziergang-im-besetzten-westjordanland\/","url":"https:\/\/bpk-archive.de\/tuellmann\/produkt\/israelische-familie-auf-einem-spaziergang-im-besetzten-westjordanland\/","name":"Israelische Familie auf einem Spaziergang im besetzten Westjordanland - Abisag T\u00fcllmann","isPartOf":{"@id":"https:\/\/bpk-archive.de\/tuellmann\/#website"},"primaryImageOfPage":{"@id":"https:\/\/bpk-archive.de\/tuellmann\/produkt\/israelische-familie-auf-einem-spaziergang-im-besetzten-westjordanland\/#primaryimage"},"image":{"@id":"https:\/\/bpk-archive.de\/tuellmann\/produkt\/israelische-familie-auf-einem-spaziergang-im-besetzten-westjordanland\/#primaryimage"},"thumbnailUrl":"https:\/\/bpk-archive.de\/tuellmann\/wp-content\/uploads\/2019\/08\/bpk_70269169.jpg","datePublished":"2019-09-05T13:04:52+00:00","dateModified":"2019-09-05T13:04:58+00:00","breadcrumb":{"@id":"https:\/\/bpk-archive.de\/tuellmann\/produkt\/israelische-familie-auf-einem-spaziergang-im-besetzten-westjordanland\/#breadcrumb"},"inLanguage":"de","potentialAction":[{"@type":"ReadAction","target":["https:\/\/bpk-archive.de\/tuellmann\/produkt\/israelische-familie-auf-einem-spaziergang-im-besetzten-westjordanland\/"]}]},{"@type":"ImageObject","inLanguage":"de","@id":"https:\/\/bpk-archive.de\/tuellmann\/produkt\/israelische-familie-auf-einem-spaziergang-im-besetzten-westjordanland\/#primaryimage","url":"https:\/\/bpk-archive.de\/tuellmann\/wp-content\/uploads\/2019\/08\/bpk_70269169.jpg","contentUrl":"https:\/\/bpk-archive.de\/tuellmann\/wp-content\/uploads\/2019\/08\/bpk_70269169.jpg","width":1200,"height":933,"caption":"Israelische Familie auf einem Spaziergang im besetzten Westjordanland"},{"@type":"BreadcrumbList","@id":"https:\/\/bpk-archive.de\/tuellmann\/produkt\/israelische-familie-auf-einem-spaziergang-im-besetzten-westjordanland\/#breadcrumb","itemListElement":[{"@type":"ListItem","position":1,"name":"Startseite","item":"https:\/\/bpk-archive.de\/tuellmann\/"},{"@type":"ListItem","position":2,"name":"Shop","item":"https:\/\/bpk-archive.de\/tuellmann\/shop\/"},{"@type":"ListItem","position":3,"name":"Israelische Familie auf einem Spaziergang im besetzten Westjordanland"}]},{"@type":"WebSite","@id":"https:\/\/bpk-archive.de\/tuellmann\/#website","url":"https:\/\/bpk-archive.de\/tuellmann\/","name":"Abisag T\u00fcllmann","description":"Eine weitere WordPress-Website","potentialAction":[{"@type":"SearchAction","target":{"@type":"EntryPoint","urlTemplate":"https:\/\/bpk-archive.de\/tuellmann\/?s={search_term_string}"},"query-input":{"@type":"PropertyValueSpecification","valueRequired":true,"valueName":"search_term_string"}}],"inLanguage":"de"}]}},"_links":{"self":[{"href":"https:\/\/bpk-archive.de\/tuellmann\/wp-json\/wp\/v2\/product\/70295296","targetHints":{"allow":["GET"]}}],"collection":[{"href":"https:\/\/bpk-archive.de\/tuellmann\/wp-json\/wp\/v2\/product"}],"about":[{"href":"https:\/\/bpk-archive.de\/tuellmann\/wp-json\/wp\/v2\/types\/product"}],"wp:featuredmedia":[{"embeddable":true,"href":"https:\/\/bpk-archive.de\/tuellmann\/wp-json\/wp\/v2\/media\/70292728"}],"wp:attachment":[{"href":"https:\/\/bpk-archive.de\/tuellmann\/wp-json\/wp\/v2\/media?parent=70295296"}],"wp:term":[{"taxonomy":"product_brand","embeddable":true,"href":"https:\/\/bpk-archive.de\/tuellmann\/wp-json\/wp\/v2\/product_brand?post=70295296"},{"taxonomy":"product_cat","embeddable":true,"href":"https:\/\/bpk-archive.de\/tuellmann\/wp-json\/wp\/v2\/product_cat?post=70295296"},{"taxonomy":"product_tag","embeddable":true,"href":"https:\/\/bpk-archive.de\/tuellmann\/wp-json\/wp\/v2\/product_tag?post=70295296"}],"curies":[{"name":"wp","href":"https:\/\/api.w.org\/{rel}","templated":true}]}}