{"id":70295293,"date":"2019-09-05T15:04:52","date_gmt":"2019-09-05T13:04:52","guid":{"rendered":"http:\/\/abisagtuellmann.bpk-news.de\/atbild\/junge-auf-einem-fahrrad-vor-der-israelischen-neubausiedlung-gilo-im-besetzten-westjordanland\/"},"modified":"2019-09-05T15:04:55","modified_gmt":"2019-09-05T13:04:55","slug":"junge-auf-einem-fahrrad-vor-der-israelischen-neubausiedlung-gilo-im-besetzten-westjordanland","status":"publish","type":"product","link":"https:\/\/bpk-archive.de\/tuellmann\/produkt\/junge-auf-einem-fahrrad-vor-der-israelischen-neubausiedlung-gilo-im-besetzten-westjordanland\/","title":{"rendered":"Junge auf einem Fahrrad vor der israelischen Neubausiedlung &#8222;Gilo&#8220; im besetzten Westjordanland"},"content":{"rendered":"<p>R\u00fcckseitenbeschriftung von Hand der Fotografin: &#8222;Israel: Neubaugebiet &#8218;Gilo&#8216; bei Bethlehem (Westbank) f\u00fcr Israelis, die zumeist in Jerusalem arbeiten&#8220;<\/p>\n","protected":false},"excerpt":{"rendered":"<p>R\u00fcckseitenbeschriftung von Hand der Fotografin: &#8222;Israel: Neubaugebiet &#8218;Gilo&#8216; bei Bethlehem (Westbank) f\u00fcr Israelis, die zumeist in Jerusalem arbeiten&#8220;<\/p>\n","protected":false},"featured_media":70292722,"template":"","meta":[],"product_brand":[],"product_cat":[],"product_tag":[47237,13232,13234,13231,13233,47238,48353,47239,13777,47240,51436,47241,13250,48137,48138,52165,52166,47245,47246,47247,48359,48360,47248,47249,47250,47251,47252,47253,47254,47255,13784,13785,14178,14179,13260,48211,48212,48213,48214,48215,49919,49920,49921,49922,50939,50940,50941,49923,48216,13293,13786,13787,13294,13295,13296,13297,47267,13301,47279,47747,47750,47280,47281,47282,47283,47284,49149,47751,47752,47755,47756,47757,47758,47759,13813,13814,14203,14204,14205,14206,14207,14208,14209,14210,49926,49927,49928,49929,14213,14214,14215,14216,14217,49930,49931,49932,49933,14218,14219,14220,14221,47949,52167,52168,47319,47320,47322,47321,48150,48151,48152,47323,48070,47327,47328,47329,47330,47331,13328,13827,13828,13329,13330,13331,13332,47332,13829,13830,13831,13832,13833,13834,13835,13836,13837,13838,13839,13840,13841,13842,13843,50942,50943,50944,50945,47333,47334,47335,47336,47337,13877,13879,13865,13864,13866,13858,13859,13860,13861,13862,13863,48159,48160,48161,48162,13869,13870,13871,13872,48634,49605,49606,49607,49608,49609,49610,48679,48680,48681,48165,48166,47408,47564,47409,13878,13880,48945,48431,48432],"class_list":{"0":"post-70295293","1":"product","2":"type-product","3":"status-publish","4":"has-post-thumbnail","6":"product_tag-1980er-jahre","7":"product_tag-20-jahrhundert-nach-chr","8":"product_tag-20-jh-n-chr","9":"product_tag-20-jahrhundert","10":"product_tag-20-jh","11":"product_tag-80er","12":"product_tag-abt_000","13":"product_tag-abt_001","14":"product_tag-abzug","15":"product_tag-achtziger","16":"product_tag-architektur","17":"product_tag-at_israel","18":"product_tag-aussen","19":"product_tag-autostrasse","20":"product_tag-autostrassen","21":"product_tag-autoverkehr","22":"product_tag-autoverkehrs","23":"product_tag-besatzungszeit","24":"product_tag-besatzungszone","25":"product_tag-besatzungszonen","26":"product_tag-beschriftung","27":"product_tag-beschriftungen","28":"product_tag-besetzen","29":"product_tag-besetzt","30":"product_tag-besetzte","31":"product_tag-besetzten","32":"product_tag-besetzter","33":"product_tag-besetztes","34":"product_tag-besetzung","35":"product_tag-besetzungen","36":"product_tag-bildnis","37":"product_tag-bildnisse","38":"product_tag-bube","39":"product_tag-buben","40":"product_tag-draussen","41":"product_tag-fahren","42":"product_tag-fahrend","43":"product_tag-fahrende","44":"product_tag-fahrender","45":"product_tag-fahrendes","46":"product_tag-fahrrad","47":"product_tag-fahrraeder","48":"product_tag-fahrraedern","49":"product_tag-fahrrades","50":"product_tag-fahrradfahrer","51":"product_tag-fahrradfahrern","52":"product_tag-fahrradfahrers","53":"product_tag-fahrrads","54":"product_tag-faehrt","55":"product_tag-foto","56":"product_tag-fotoabzug","57":"product_tag-fotoabzuege","58":"product_tag-fotografie","59":"product_tag-fotografien","60":"product_tag-fotografin","61":"product_tag-fotografinnen","62":"product_tag-fotoreportage","63":"product_tag-im-freien","64":"product_tag-israel","65":"product_tag-israeli","66":"product_tag-israelis","67":"product_tag-israelisch","68":"product_tag-israelische","69":"product_tag-israelischer","70":"product_tag-israelisches","71":"product_tag-israels","72":"product_tag-israli","73":"product_tag-jude","74":"product_tag-juden","75":"product_tag-juedisch","76":"product_tag-juedische","77":"product_tag-juedischen","78":"product_tag-juedischer","79":"product_tag-juedisches","80":"product_tag-junge","81":"product_tag-jungen","82":"product_tag-jungens","83":"product_tag-jungs","84":"product_tag-kind","85":"product_tag-kinde","86":"product_tag-kinder","87":"product_tag-kinderbild","88":"product_tag-kinderbildnis","89":"product_tag-kinderbildnisse","90":"product_tag-kinderfahrrad","91":"product_tag-kinderfahrraeder","92":"product_tag-kinderfahrrades","93":"product_tag-kinderfahrrads","94":"product_tag-kindern","95":"product_tag-kinderportrait","96":"product_tag-kinderportraits","97":"product_tag-kinderportraet","98":"product_tag-kinderportraets","99":"product_tag-kinderrad","100":"product_tag-kinderraeder","101":"product_tag-kinderrades","102":"product_tag-kinderrads","103":"product_tag-kindes","104":"product_tag-kindheit","105":"product_tag-knabe","106":"product_tag-knaben","107":"product_tag-konflikt","108":"product_tag-laufrad","109":"product_tag-laufraeder","110":"product_tag-naher-osten","111":"product_tag-nahost","112":"product_tag-nahost-konflikt","113":"product_tag-nahostkonflikt","114":"product_tag-neubau","115":"product_tag-neubauten","116":"product_tag-neubauviertel","117":"product_tag-okkupation","118":"product_tag-palaestina","119":"product_tag-palaestinensisch","120":"product_tag-palaestinensische","121":"product_tag-palaestinensischen","122":"product_tag-palaestinensischer","123":"product_tag-palaestinensisches","124":"product_tag-photo","125":"product_tag-photoabzug","126":"product_tag-photoabzuege","127":"product_tag-photographie","128":"product_tag-photographien","129":"product_tag-photographin","130":"product_tag-photographinnen","131":"product_tag-photoreportage","132":"product_tag-portrait","133":"product_tag-portraitaufnahme","134":"product_tag-portraitfoto","135":"product_tag-portraitfotografie","136":"product_tag-portraitphoto","137":"product_tag-portraitphotographie","138":"product_tag-portraits","139":"product_tag-portraet","140":"product_tag-portraetaufnahme","141":"product_tag-portraetfoto","142":"product_tag-portraetfotografie","143":"product_tag-portraetphoto","144":"product_tag-portraetphotographie","145":"product_tag-portraets","146":"product_tag-print","147":"product_tag-radfahrer","148":"product_tag-radfahrern","149":"product_tag-radfahrers","150":"product_tag-radler","151":"product_tag-reportage","152":"product_tag-reportagefoto","153":"product_tag-reportagefotografie","154":"product_tag-reportagephoto","155":"product_tag-reportagephotographie","156":"product_tag-s-w-fotografie","157":"product_tag-s-w-photographie","158":"product_tag-schwarzweissphotographie","159":"product_tag-schwarz-weiss-fotografie","160":"product_tag-schwarz-weiss-photographie","161":"product_tag-schwarzweiss","162":"product_tag-schwarzweisse","163":"product_tag-schwarzweissen","164":"product_tag-schwarzweisser","165":"product_tag-schwarzweisses","166":"product_tag-schwarzweissfotografie","167":"product_tag-siedler","168":"product_tag-siedlung","169":"product_tag-siedlungen","170":"product_tag-siedlungsbau","171":"product_tag-silbergelatine","172":"product_tag-silbergelatineabzug","173":"product_tag-silbergelatineabzuege","174":"product_tag-silbergelatineprint","175":"product_tag-sommer","176":"product_tag-spielen","177":"product_tag-spielend","178":"product_tag-spielende","179":"product_tag-spielenden","180":"product_tag-spielender","181":"product_tag-spielendes","182":"product_tag-stadtteil","183":"product_tag-stadtteils","184":"product_tag-stadtviertel","185":"product_tag-strasse","186":"product_tag-strassen","187":"product_tag-strassenleben","188":"product_tag-strassenrand","189":"product_tag-strassenszene","190":"product_tag-sw-fotografie","191":"product_tag-sw-photographie","192":"product_tag-westjordanland","193":"product_tag-wohnsiedlung","194":"product_tag-wohnsiedlungen","195":"pa_datierung-juni-1981","196":"pa_fotograf-abisag-tuellmann","197":"pa_geografischer_bezug-aufnahmeort-gilo-israel-westjordanland","198":"pa_grunddaten_material_technik-foto-silbergelatine-auf-barytpapier","199":"pa_inventarnummer-tue-81-051-30","200":"pa_jahr_von-48126","201":"pa_massangaben-bildformat-foto-23-x-305-cm","202":"pa_mediennummer-52162","203":"pa_objekt_typ-fotografie","205":"first","206":"instock","207":"product-type-simple"},"yoast_head":"<!-- This site is optimized with the Yoast SEO plugin v27.4 - https:\/\/yoast.com\/product\/yoast-seo-wordpress\/ -->\n<title>Junge auf einem Fahrrad vor der israelischen Neubausiedlung &quot;Gilo&quot; im besetzten Westjordanland - Abisag T\u00fcllmann<\/title>\n<meta name=\"robots\" content=\"index, follow, max-snippet:-1, max-image-preview:large, max-video-preview:-1\" \/>\n<link rel=\"canonical\" href=\"https:\/\/bpk-archive.de\/tuellmann\/produkt\/junge-auf-einem-fahrrad-vor-der-israelischen-neubausiedlung-gilo-im-besetzten-westjordanland\/\" \/>\n<meta property=\"og:locale\" content=\"de_DE\" \/>\n<meta property=\"og:type\" content=\"article\" \/>\n<meta property=\"og:title\" content=\"Junge auf einem Fahrrad vor der israelischen Neubausiedlung &quot;Gilo&quot; im besetzten Westjordanland - Abisag T\u00fcllmann\" \/>\n<meta property=\"og:description\" content=\"R\u00fcckseitenbeschriftung von Hand der Fotografin: &#8222;Israel: Neubaugebiet &#8218;Gilo&#8216; bei Bethlehem (Westbank) f\u00fcr Israelis, die zumeist in Jerusalem arbeiten&#8220;\" \/>\n<meta property=\"og:url\" content=\"https:\/\/bpk-archive.de\/tuellmann\/produkt\/junge-auf-einem-fahrrad-vor-der-israelischen-neubausiedlung-gilo-im-besetzten-westjordanland\/\" \/>\n<meta property=\"og:site_name\" content=\"Abisag T\u00fcllmann\" \/>\n<meta property=\"article:modified_time\" content=\"2019-09-05T13:04:55+00:00\" \/>\n<meta property=\"og:image\" content=\"https:\/\/bpk-archive.de\/tuellmann\/wp-content\/uploads\/2019\/08\/bpk_70269167.jpg\" \/>\n\t<meta property=\"og:image:width\" content=\"1200\" \/>\n\t<meta property=\"og:image:height\" content=\"932\" \/>\n\t<meta property=\"og:image:type\" content=\"image\/jpeg\" \/>\n<meta name=\"twitter:card\" content=\"summary_large_image\" \/>\n<script type=\"application\/ld+json\" class=\"yoast-schema-graph\">{\"@context\":\"https:\\\/\\\/schema.org\",\"@graph\":[{\"@type\":\"WebPage\",\"@id\":\"https:\\\/\\\/bpk-archive.de\\\/tuellmann\\\/produkt\\\/junge-auf-einem-fahrrad-vor-der-israelischen-neubausiedlung-gilo-im-besetzten-westjordanland\\\/\",\"url\":\"https:\\\/\\\/bpk-archive.de\\\/tuellmann\\\/produkt\\\/junge-auf-einem-fahrrad-vor-der-israelischen-neubausiedlung-gilo-im-besetzten-westjordanland\\\/\",\"name\":\"Junge auf einem Fahrrad vor der israelischen Neubausiedlung \\\"Gilo\\\" im besetzten Westjordanland - Abisag T\u00fcllmann\",\"isPartOf\":{\"@id\":\"https:\\\/\\\/bpk-archive.de\\\/tuellmann\\\/#website\"},\"primaryImageOfPage\":{\"@id\":\"https:\\\/\\\/bpk-archive.de\\\/tuellmann\\\/produkt\\\/junge-auf-einem-fahrrad-vor-der-israelischen-neubausiedlung-gilo-im-besetzten-westjordanland\\\/#primaryimage\"},\"image\":{\"@id\":\"https:\\\/\\\/bpk-archive.de\\\/tuellmann\\\/produkt\\\/junge-auf-einem-fahrrad-vor-der-israelischen-neubausiedlung-gilo-im-besetzten-westjordanland\\\/#primaryimage\"},\"thumbnailUrl\":\"https:\\\/\\\/bpk-archive.de\\\/tuellmann\\\/wp-content\\\/uploads\\\/2019\\\/08\\\/bpk_70269167.jpg\",\"datePublished\":\"2019-09-05T13:04:52+00:00\",\"dateModified\":\"2019-09-05T13:04:55+00:00\",\"breadcrumb\":{\"@id\":\"https:\\\/\\\/bpk-archive.de\\\/tuellmann\\\/produkt\\\/junge-auf-einem-fahrrad-vor-der-israelischen-neubausiedlung-gilo-im-besetzten-westjordanland\\\/#breadcrumb\"},\"inLanguage\":\"de\",\"potentialAction\":[{\"@type\":\"ReadAction\",\"target\":[\"https:\\\/\\\/bpk-archive.de\\\/tuellmann\\\/produkt\\\/junge-auf-einem-fahrrad-vor-der-israelischen-neubausiedlung-gilo-im-besetzten-westjordanland\\\/\"]}]},{\"@type\":\"ImageObject\",\"inLanguage\":\"de\",\"@id\":\"https:\\\/\\\/bpk-archive.de\\\/tuellmann\\\/produkt\\\/junge-auf-einem-fahrrad-vor-der-israelischen-neubausiedlung-gilo-im-besetzten-westjordanland\\\/#primaryimage\",\"url\":\"https:\\\/\\\/bpk-archive.de\\\/tuellmann\\\/wp-content\\\/uploads\\\/2019\\\/08\\\/bpk_70269167.jpg\",\"contentUrl\":\"https:\\\/\\\/bpk-archive.de\\\/tuellmann\\\/wp-content\\\/uploads\\\/2019\\\/08\\\/bpk_70269167.jpg\",\"width\":1200,\"height\":932,\"caption\":\"Junge auf einem Fahrrad vor der israelischen Neubausiedlung \\\"Gilo\\\" im besetzten Westjordanland\"},{\"@type\":\"BreadcrumbList\",\"@id\":\"https:\\\/\\\/bpk-archive.de\\\/tuellmann\\\/produkt\\\/junge-auf-einem-fahrrad-vor-der-israelischen-neubausiedlung-gilo-im-besetzten-westjordanland\\\/#breadcrumb\",\"itemListElement\":[{\"@type\":\"ListItem\",\"position\":1,\"name\":\"Startseite\",\"item\":\"https:\\\/\\\/bpk-archive.de\\\/tuellmann\\\/\"},{\"@type\":\"ListItem\",\"position\":2,\"name\":\"Shop\",\"item\":\"https:\\\/\\\/bpk-archive.de\\\/tuellmann\\\/shop\\\/\"},{\"@type\":\"ListItem\",\"position\":3,\"name\":\"Junge auf einem Fahrrad vor der israelischen Neubausiedlung &#8220;Gilo&#8221; im besetzten Westjordanland\"}]},{\"@type\":\"WebSite\",\"@id\":\"https:\\\/\\\/bpk-archive.de\\\/tuellmann\\\/#website\",\"url\":\"https:\\\/\\\/bpk-archive.de\\\/tuellmann\\\/\",\"name\":\"Abisag T\u00fcllmann\",\"description\":\"Eine weitere WordPress-Website\",\"potentialAction\":[{\"@type\":\"SearchAction\",\"target\":{\"@type\":\"EntryPoint\",\"urlTemplate\":\"https:\\\/\\\/bpk-archive.de\\\/tuellmann\\\/?s={search_term_string}\"},\"query-input\":{\"@type\":\"PropertyValueSpecification\",\"valueRequired\":true,\"valueName\":\"search_term_string\"}}],\"inLanguage\":\"de\"}]}<\/script>\n<!-- \/ Yoast SEO plugin. -->","yoast_head_json":{"title":"Junge auf einem Fahrrad vor der israelischen Neubausiedlung \"Gilo\" im besetzten Westjordanland - Abisag T\u00fcllmann","robots":{"index":"index","follow":"follow","max-snippet":"max-snippet:-1","max-image-preview":"max-image-preview:large","max-video-preview":"max-video-preview:-1"},"canonical":"https:\/\/bpk-archive.de\/tuellmann\/produkt\/junge-auf-einem-fahrrad-vor-der-israelischen-neubausiedlung-gilo-im-besetzten-westjordanland\/","og_locale":"de_DE","og_type":"article","og_title":"Junge auf einem Fahrrad vor der israelischen Neubausiedlung \"Gilo\" im besetzten Westjordanland - Abisag T\u00fcllmann","og_description":"R\u00fcckseitenbeschriftung von Hand der Fotografin: &#8222;Israel: Neubaugebiet &#8218;Gilo&#8216; bei Bethlehem (Westbank) f\u00fcr Israelis, die zumeist in Jerusalem arbeiten&#8220;","og_url":"https:\/\/bpk-archive.de\/tuellmann\/produkt\/junge-auf-einem-fahrrad-vor-der-israelischen-neubausiedlung-gilo-im-besetzten-westjordanland\/","og_site_name":"Abisag T\u00fcllmann","article_modified_time":"2019-09-05T13:04:55+00:00","og_image":[{"width":1200,"height":932,"url":"https:\/\/bpk-archive.de\/tuellmann\/wp-content\/uploads\/2019\/08\/bpk_70269167.jpg","type":"image\/jpeg"}],"twitter_card":"summary_large_image","schema":{"@context":"https:\/\/schema.org","@graph":[{"@type":"WebPage","@id":"https:\/\/bpk-archive.de\/tuellmann\/produkt\/junge-auf-einem-fahrrad-vor-der-israelischen-neubausiedlung-gilo-im-besetzten-westjordanland\/","url":"https:\/\/bpk-archive.de\/tuellmann\/produkt\/junge-auf-einem-fahrrad-vor-der-israelischen-neubausiedlung-gilo-im-besetzten-westjordanland\/","name":"Junge auf einem Fahrrad vor der israelischen Neubausiedlung \"Gilo\" im besetzten Westjordanland - Abisag T\u00fcllmann","isPartOf":{"@id":"https:\/\/bpk-archive.de\/tuellmann\/#website"},"primaryImageOfPage":{"@id":"https:\/\/bpk-archive.de\/tuellmann\/produkt\/junge-auf-einem-fahrrad-vor-der-israelischen-neubausiedlung-gilo-im-besetzten-westjordanland\/#primaryimage"},"image":{"@id":"https:\/\/bpk-archive.de\/tuellmann\/produkt\/junge-auf-einem-fahrrad-vor-der-israelischen-neubausiedlung-gilo-im-besetzten-westjordanland\/#primaryimage"},"thumbnailUrl":"https:\/\/bpk-archive.de\/tuellmann\/wp-content\/uploads\/2019\/08\/bpk_70269167.jpg","datePublished":"2019-09-05T13:04:52+00:00","dateModified":"2019-09-05T13:04:55+00:00","breadcrumb":{"@id":"https:\/\/bpk-archive.de\/tuellmann\/produkt\/junge-auf-einem-fahrrad-vor-der-israelischen-neubausiedlung-gilo-im-besetzten-westjordanland\/#breadcrumb"},"inLanguage":"de","potentialAction":[{"@type":"ReadAction","target":["https:\/\/bpk-archive.de\/tuellmann\/produkt\/junge-auf-einem-fahrrad-vor-der-israelischen-neubausiedlung-gilo-im-besetzten-westjordanland\/"]}]},{"@type":"ImageObject","inLanguage":"de","@id":"https:\/\/bpk-archive.de\/tuellmann\/produkt\/junge-auf-einem-fahrrad-vor-der-israelischen-neubausiedlung-gilo-im-besetzten-westjordanland\/#primaryimage","url":"https:\/\/bpk-archive.de\/tuellmann\/wp-content\/uploads\/2019\/08\/bpk_70269167.jpg","contentUrl":"https:\/\/bpk-archive.de\/tuellmann\/wp-content\/uploads\/2019\/08\/bpk_70269167.jpg","width":1200,"height":932,"caption":"Junge auf einem Fahrrad vor der israelischen Neubausiedlung \"Gilo\" im besetzten Westjordanland"},{"@type":"BreadcrumbList","@id":"https:\/\/bpk-archive.de\/tuellmann\/produkt\/junge-auf-einem-fahrrad-vor-der-israelischen-neubausiedlung-gilo-im-besetzten-westjordanland\/#breadcrumb","itemListElement":[{"@type":"ListItem","position":1,"name":"Startseite","item":"https:\/\/bpk-archive.de\/tuellmann\/"},{"@type":"ListItem","position":2,"name":"Shop","item":"https:\/\/bpk-archive.de\/tuellmann\/shop\/"},{"@type":"ListItem","position":3,"name":"Junge auf einem Fahrrad vor der israelischen Neubausiedlung &#8220;Gilo&#8221; im besetzten Westjordanland"}]},{"@type":"WebSite","@id":"https:\/\/bpk-archive.de\/tuellmann\/#website","url":"https:\/\/bpk-archive.de\/tuellmann\/","name":"Abisag T\u00fcllmann","description":"Eine weitere WordPress-Website","potentialAction":[{"@type":"SearchAction","target":{"@type":"EntryPoint","urlTemplate":"https:\/\/bpk-archive.de\/tuellmann\/?s={search_term_string}"},"query-input":{"@type":"PropertyValueSpecification","valueRequired":true,"valueName":"search_term_string"}}],"inLanguage":"de"}]}},"_links":{"self":[{"href":"https:\/\/bpk-archive.de\/tuellmann\/wp-json\/wp\/v2\/product\/70295293","targetHints":{"allow":["GET"]}}],"collection":[{"href":"https:\/\/bpk-archive.de\/tuellmann\/wp-json\/wp\/v2\/product"}],"about":[{"href":"https:\/\/bpk-archive.de\/tuellmann\/wp-json\/wp\/v2\/types\/product"}],"wp:featuredmedia":[{"embeddable":true,"href":"https:\/\/bpk-archive.de\/tuellmann\/wp-json\/wp\/v2\/media\/70292722"}],"wp:attachment":[{"href":"https:\/\/bpk-archive.de\/tuellmann\/wp-json\/wp\/v2\/media?parent=70295293"}],"wp:term":[{"taxonomy":"product_brand","embeddable":true,"href":"https:\/\/bpk-archive.de\/tuellmann\/wp-json\/wp\/v2\/product_brand?post=70295293"},{"taxonomy":"product_cat","embeddable":true,"href":"https:\/\/bpk-archive.de\/tuellmann\/wp-json\/wp\/v2\/product_cat?post=70295293"},{"taxonomy":"product_tag","embeddable":true,"href":"https:\/\/bpk-archive.de\/tuellmann\/wp-json\/wp\/v2\/product_tag?post=70295293"}],"curies":[{"name":"wp","href":"https:\/\/api.w.org\/{rel}","templated":true}]}}