{"id":70295290,"date":"2019-09-05T15:04:28","date_gmt":"2019-09-05T13:04:28","guid":{"rendered":"http:\/\/abisagtuellmann.bpk-news.de\/atbild\/aus-der-serie-vier-paare-fuer-vier-raeume-in-den-frankfurter-finanzaemtern-2\/"},"modified":"2019-09-05T15:04:50","modified_gmt":"2019-09-05T13:04:50","slug":"aus-der-serie-vier-paare-fuer-vier-raeume-in-den-frankfurter-finanzaemtern-2","status":"publish","type":"product","link":"https:\/\/bpk-archive.de\/tuellmann\/produkt\/aus-der-serie-vier-paare-fuer-vier-raeume-in-den-frankfurter-finanzaemtern-2\/","title":{"rendered":"Aus der Serie &#8222;Vier Paare f\u00fcr vier R\u00e4ume in den Frankfurter Finanz\u00e4mtern&#8220;"},"content":{"rendered":"","protected":false},"excerpt":{"rendered":"","protected":false},"featured_media":70293792,"template":"","meta":[],"product_brand":[],"product_cat":[],"product_tag":[14308,13232,13234,13231,13233,14309,51498,13777,51919,48438,13250,50427,50429,50430,50431,52126,52127,13469,13470,47881,47882,13253,13254,13255,13256,13257,13471,13472,13260,13473,51923,13293,13786,13787,13294,13295,13296,13297,51504,49684,51505,13485,13486,13482,13481,13483,13484,13492,13493,13494,13495,13496,13497,13301,13498,52128,52129,52130,14328,50208,50209,14007,14008,14009,49231,49232,13328,13827,13828,13329,13330,13331,13332,13843,51924,51925,51531,51532,13877,13879,48364,48365,13865,13864,13866,13858,13859,13860,13861,13862,13863,49718,49719,13869,13870,13871,13872,13878,13880,51929,13525,52131,52132,52133,52134],"class_list":{"0":"post-70295290","1":"product","2":"type-product","3":"status-publish","4":"has-post-thumbnail","6":"product_tag-1990er-jahre","7":"product_tag-20-jahrhundert-nach-chr","8":"product_tag-20-jh-n-chr","9":"product_tag-20-jahrhundert","10":"product_tag-20-jh","11":"product_tag-90er","12":"product_tag-abt_028","13":"product_tag-abzug","14":"product_tag-at_finanzamt","15":"product_tag-aufschrift","16":"product_tag-aussen","17":"product_tag-baum","18":"product_tag-baume","19":"product_tag-baeumen","20":"product_tag-baumes","21":"product_tag-baumstamm","22":"product_tag-baumstaemme","23":"product_tag-brd","24":"product_tag-bundesrepublik-deutschland","25":"product_tag-bureau","26":"product_tag-buero","27":"product_tag-deutsch","28":"product_tag-deutsche","29":"product_tag-deutschen","30":"product_tag-deutscher","31":"product_tag-deutsches","32":"product_tag-deutschland","33":"product_tag-deutschlands","34":"product_tag-draussen","35":"product_tag-drinnen","36":"product_tag-finanzamt","37":"product_tag-foto","38":"product_tag-fotoabzug","39":"product_tag-fotoabzuege","40":"product_tag-fotografie","41":"product_tag-fotografien","42":"product_tag-fotografin","43":"product_tag-fotografinnen","44":"product_tag-fotoreihe","45":"product_tag-fotoserie","46":"product_tag-fotostrecke","47":"product_tag-frankfurt-m","48":"product_tag-frankfurt-main","49":"product_tag-frankfurt-a-main","50":"product_tag-frankfurt-a-m","51":"product_tag-frankfurt-am-main","52":"product_tag-frankfurter","53":"product_tag-hessen","54":"product_tag-hessisch","55":"product_tag-hessische","56":"product_tag-hessischen","57":"product_tag-hessischer","58":"product_tag-hessisches","59":"product_tag-im-freien","60":"product_tag-innen","61":"product_tag-laubbaum","62":"product_tag-laubbaeume","63":"product_tag-markierung","64":"product_tag-neunziger","65":"product_tag-nummer","66":"product_tag-nummern","67":"product_tag-paar","68":"product_tag-paare","69":"product_tag-paerchen","70":"product_tag-pfeil","71":"product_tag-pfeile","72":"product_tag-photo","73":"product_tag-photoabzug","74":"product_tag-photoabzuege","75":"product_tag-photographie","76":"product_tag-photographien","77":"product_tag-photographin","78":"product_tag-photographinnen","79":"product_tag-print","80":"product_tag-raum","81":"product_tag-raeume","82":"product_tag-reihe","83":"product_tag-reihen","84":"product_tag-s-w-fotografie","85":"product_tag-s-w-photographie","86":"product_tag-schrift","87":"product_tag-schriften","88":"product_tag-schwarzweissphotographie","89":"product_tag-schwarz-weiss-fotografie","90":"product_tag-schwarz-weiss-photographie","91":"product_tag-schwarzweiss","92":"product_tag-schwarzweisse","93":"product_tag-schwarzweissen","94":"product_tag-schwarzweisser","95":"product_tag-schwarzweisses","96":"product_tag-schwarzweissfotografie","97":"product_tag-serie","98":"product_tag-serien","99":"product_tag-silbergelatine","100":"product_tag-silbergelatineabzug","101":"product_tag-silbergelatineabzuege","102":"product_tag-silbergelatineprint","103":"product_tag-sw-fotografie","104":"product_tag-sw-photographie","105":"product_tag-vier","106":"product_tag-von-innen","107":"product_tag-wald","108":"product_tag-waeldchen","109":"product_tag-walde","110":"product_tag-waelder","111":"pa_datierung-25293","112":"pa_fotograf-abisag-tuellmann","113":"pa_geografischer_bezug-aufnahmeort-frankfurt-am-main-deutschland","114":"pa_grunddaten_material_technik-foto-silbergelatine-auf-barytpapier","115":"pa_jahr_von-51917","116":"pa_massangaben-bildformat-foto-398-x-305-cm","117":"pa_mediennummer-52124","118":"pa_objekt_typ-fotografie","120":"first","121":"instock","122":"product-type-simple"},"yoast_head":"<!-- This site is optimized with the Yoast SEO plugin v27.4 - https:\/\/yoast.com\/product\/yoast-seo-wordpress\/ -->\n<title>Aus der Serie &quot;Vier Paare f\u00fcr vier R\u00e4ume in den Frankfurter Finanz\u00e4mtern&quot; - Abisag T\u00fcllmann<\/title>\n<meta name=\"robots\" content=\"index, follow, max-snippet:-1, max-image-preview:large, max-video-preview:-1\" \/>\n<link rel=\"canonical\" href=\"https:\/\/bpk-archive.de\/tuellmann\/produkt\/aus-der-serie-vier-paare-fuer-vier-raeume-in-den-frankfurter-finanzaemtern-2\/\" \/>\n<meta property=\"og:locale\" content=\"de_DE\" \/>\n<meta property=\"og:type\" content=\"article\" \/>\n<meta property=\"og:title\" content=\"Aus der Serie &quot;Vier Paare f\u00fcr vier R\u00e4ume in den Frankfurter Finanz\u00e4mtern&quot; - Abisag T\u00fcllmann\" \/>\n<meta property=\"og:url\" content=\"https:\/\/bpk-archive.de\/tuellmann\/produkt\/aus-der-serie-vier-paare-fuer-vier-raeume-in-den-frankfurter-finanzaemtern-2\/\" \/>\n<meta property=\"og:site_name\" content=\"Abisag T\u00fcllmann\" \/>\n<meta property=\"article:modified_time\" content=\"2019-09-05T13:04:50+00:00\" \/>\n<meta property=\"og:image\" content=\"https:\/\/bpk-archive.de\/tuellmann\/wp-content\/uploads\/2019\/08\/bpk_70371117.jpg\" \/>\n\t<meta property=\"og:image:width\" content=\"927\" \/>\n\t<meta property=\"og:image:height\" content=\"1200\" \/>\n\t<meta property=\"og:image:type\" content=\"image\/jpeg\" \/>\n<meta name=\"twitter:card\" content=\"summary_large_image\" \/>\n<script type=\"application\/ld+json\" class=\"yoast-schema-graph\">{\"@context\":\"https:\\\/\\\/schema.org\",\"@graph\":[{\"@type\":\"WebPage\",\"@id\":\"https:\\\/\\\/bpk-archive.de\\\/tuellmann\\\/produkt\\\/aus-der-serie-vier-paare-fuer-vier-raeume-in-den-frankfurter-finanzaemtern-2\\\/\",\"url\":\"https:\\\/\\\/bpk-archive.de\\\/tuellmann\\\/produkt\\\/aus-der-serie-vier-paare-fuer-vier-raeume-in-den-frankfurter-finanzaemtern-2\\\/\",\"name\":\"Aus der Serie \\\"Vier Paare f\u00fcr vier R\u00e4ume in den Frankfurter Finanz\u00e4mtern\\\" - Abisag T\u00fcllmann\",\"isPartOf\":{\"@id\":\"https:\\\/\\\/bpk-archive.de\\\/tuellmann\\\/#website\"},\"primaryImageOfPage\":{\"@id\":\"https:\\\/\\\/bpk-archive.de\\\/tuellmann\\\/produkt\\\/aus-der-serie-vier-paare-fuer-vier-raeume-in-den-frankfurter-finanzaemtern-2\\\/#primaryimage\"},\"image\":{\"@id\":\"https:\\\/\\\/bpk-archive.de\\\/tuellmann\\\/produkt\\\/aus-der-serie-vier-paare-fuer-vier-raeume-in-den-frankfurter-finanzaemtern-2\\\/#primaryimage\"},\"thumbnailUrl\":\"https:\\\/\\\/bpk-archive.de\\\/tuellmann\\\/wp-content\\\/uploads\\\/2019\\\/08\\\/bpk_70371117.jpg\",\"datePublished\":\"2019-09-05T13:04:28+00:00\",\"dateModified\":\"2019-09-05T13:04:50+00:00\",\"breadcrumb\":{\"@id\":\"https:\\\/\\\/bpk-archive.de\\\/tuellmann\\\/produkt\\\/aus-der-serie-vier-paare-fuer-vier-raeume-in-den-frankfurter-finanzaemtern-2\\\/#breadcrumb\"},\"inLanguage\":\"de\",\"potentialAction\":[{\"@type\":\"ReadAction\",\"target\":[\"https:\\\/\\\/bpk-archive.de\\\/tuellmann\\\/produkt\\\/aus-der-serie-vier-paare-fuer-vier-raeume-in-den-frankfurter-finanzaemtern-2\\\/\"]}]},{\"@type\":\"ImageObject\",\"inLanguage\":\"de\",\"@id\":\"https:\\\/\\\/bpk-archive.de\\\/tuellmann\\\/produkt\\\/aus-der-serie-vier-paare-fuer-vier-raeume-in-den-frankfurter-finanzaemtern-2\\\/#primaryimage\",\"url\":\"https:\\\/\\\/bpk-archive.de\\\/tuellmann\\\/wp-content\\\/uploads\\\/2019\\\/08\\\/bpk_70371117.jpg\",\"contentUrl\":\"https:\\\/\\\/bpk-archive.de\\\/tuellmann\\\/wp-content\\\/uploads\\\/2019\\\/08\\\/bpk_70371117.jpg\",\"width\":927,\"height\":1200,\"caption\":\"Aus der Serie \\\"Vier Paare f\u00fcr vier R\u00e4ume in den Frankfurter Finanz\u00e4mtern\\\"\"},{\"@type\":\"BreadcrumbList\",\"@id\":\"https:\\\/\\\/bpk-archive.de\\\/tuellmann\\\/produkt\\\/aus-der-serie-vier-paare-fuer-vier-raeume-in-den-frankfurter-finanzaemtern-2\\\/#breadcrumb\",\"itemListElement\":[{\"@type\":\"ListItem\",\"position\":1,\"name\":\"Startseite\",\"item\":\"https:\\\/\\\/bpk-archive.de\\\/tuellmann\\\/\"},{\"@type\":\"ListItem\",\"position\":2,\"name\":\"Shop\",\"item\":\"https:\\\/\\\/bpk-archive.de\\\/tuellmann\\\/shop\\\/\"},{\"@type\":\"ListItem\",\"position\":3,\"name\":\"Aus der Serie &#8220;Vier Paare f\u00fcr vier R\u00e4ume in den Frankfurter Finanz\u00e4mtern&#8221;\"}]},{\"@type\":\"WebSite\",\"@id\":\"https:\\\/\\\/bpk-archive.de\\\/tuellmann\\\/#website\",\"url\":\"https:\\\/\\\/bpk-archive.de\\\/tuellmann\\\/\",\"name\":\"Abisag T\u00fcllmann\",\"description\":\"Eine weitere WordPress-Website\",\"potentialAction\":[{\"@type\":\"SearchAction\",\"target\":{\"@type\":\"EntryPoint\",\"urlTemplate\":\"https:\\\/\\\/bpk-archive.de\\\/tuellmann\\\/?s={search_term_string}\"},\"query-input\":{\"@type\":\"PropertyValueSpecification\",\"valueRequired\":true,\"valueName\":\"search_term_string\"}}],\"inLanguage\":\"de\"}]}<\/script>\n<!-- \/ Yoast SEO plugin. -->","yoast_head_json":{"title":"Aus der Serie \"Vier Paare f\u00fcr vier R\u00e4ume in den Frankfurter Finanz\u00e4mtern\" - Abisag T\u00fcllmann","robots":{"index":"index","follow":"follow","max-snippet":"max-snippet:-1","max-image-preview":"max-image-preview:large","max-video-preview":"max-video-preview:-1"},"canonical":"https:\/\/bpk-archive.de\/tuellmann\/produkt\/aus-der-serie-vier-paare-fuer-vier-raeume-in-den-frankfurter-finanzaemtern-2\/","og_locale":"de_DE","og_type":"article","og_title":"Aus der Serie \"Vier Paare f\u00fcr vier R\u00e4ume in den Frankfurter Finanz\u00e4mtern\" - Abisag T\u00fcllmann","og_url":"https:\/\/bpk-archive.de\/tuellmann\/produkt\/aus-der-serie-vier-paare-fuer-vier-raeume-in-den-frankfurter-finanzaemtern-2\/","og_site_name":"Abisag T\u00fcllmann","article_modified_time":"2019-09-05T13:04:50+00:00","og_image":[{"width":927,"height":1200,"url":"https:\/\/bpk-archive.de\/tuellmann\/wp-content\/uploads\/2019\/08\/bpk_70371117.jpg","type":"image\/jpeg"}],"twitter_card":"summary_large_image","schema":{"@context":"https:\/\/schema.org","@graph":[{"@type":"WebPage","@id":"https:\/\/bpk-archive.de\/tuellmann\/produkt\/aus-der-serie-vier-paare-fuer-vier-raeume-in-den-frankfurter-finanzaemtern-2\/","url":"https:\/\/bpk-archive.de\/tuellmann\/produkt\/aus-der-serie-vier-paare-fuer-vier-raeume-in-den-frankfurter-finanzaemtern-2\/","name":"Aus der Serie \"Vier Paare f\u00fcr vier R\u00e4ume in den Frankfurter Finanz\u00e4mtern\" - Abisag T\u00fcllmann","isPartOf":{"@id":"https:\/\/bpk-archive.de\/tuellmann\/#website"},"primaryImageOfPage":{"@id":"https:\/\/bpk-archive.de\/tuellmann\/produkt\/aus-der-serie-vier-paare-fuer-vier-raeume-in-den-frankfurter-finanzaemtern-2\/#primaryimage"},"image":{"@id":"https:\/\/bpk-archive.de\/tuellmann\/produkt\/aus-der-serie-vier-paare-fuer-vier-raeume-in-den-frankfurter-finanzaemtern-2\/#primaryimage"},"thumbnailUrl":"https:\/\/bpk-archive.de\/tuellmann\/wp-content\/uploads\/2019\/08\/bpk_70371117.jpg","datePublished":"2019-09-05T13:04:28+00:00","dateModified":"2019-09-05T13:04:50+00:00","breadcrumb":{"@id":"https:\/\/bpk-archive.de\/tuellmann\/produkt\/aus-der-serie-vier-paare-fuer-vier-raeume-in-den-frankfurter-finanzaemtern-2\/#breadcrumb"},"inLanguage":"de","potentialAction":[{"@type":"ReadAction","target":["https:\/\/bpk-archive.de\/tuellmann\/produkt\/aus-der-serie-vier-paare-fuer-vier-raeume-in-den-frankfurter-finanzaemtern-2\/"]}]},{"@type":"ImageObject","inLanguage":"de","@id":"https:\/\/bpk-archive.de\/tuellmann\/produkt\/aus-der-serie-vier-paare-fuer-vier-raeume-in-den-frankfurter-finanzaemtern-2\/#primaryimage","url":"https:\/\/bpk-archive.de\/tuellmann\/wp-content\/uploads\/2019\/08\/bpk_70371117.jpg","contentUrl":"https:\/\/bpk-archive.de\/tuellmann\/wp-content\/uploads\/2019\/08\/bpk_70371117.jpg","width":927,"height":1200,"caption":"Aus der Serie \"Vier Paare f\u00fcr vier R\u00e4ume in den Frankfurter Finanz\u00e4mtern\""},{"@type":"BreadcrumbList","@id":"https:\/\/bpk-archive.de\/tuellmann\/produkt\/aus-der-serie-vier-paare-fuer-vier-raeume-in-den-frankfurter-finanzaemtern-2\/#breadcrumb","itemListElement":[{"@type":"ListItem","position":1,"name":"Startseite","item":"https:\/\/bpk-archive.de\/tuellmann\/"},{"@type":"ListItem","position":2,"name":"Shop","item":"https:\/\/bpk-archive.de\/tuellmann\/shop\/"},{"@type":"ListItem","position":3,"name":"Aus der Serie &#8220;Vier Paare f\u00fcr vier R\u00e4ume in den Frankfurter Finanz\u00e4mtern&#8221;"}]},{"@type":"WebSite","@id":"https:\/\/bpk-archive.de\/tuellmann\/#website","url":"https:\/\/bpk-archive.de\/tuellmann\/","name":"Abisag T\u00fcllmann","description":"Eine weitere WordPress-Website","potentialAction":[{"@type":"SearchAction","target":{"@type":"EntryPoint","urlTemplate":"https:\/\/bpk-archive.de\/tuellmann\/?s={search_term_string}"},"query-input":{"@type":"PropertyValueSpecification","valueRequired":true,"valueName":"search_term_string"}}],"inLanguage":"de"}]}},"_links":{"self":[{"href":"https:\/\/bpk-archive.de\/tuellmann\/wp-json\/wp\/v2\/product\/70295290","targetHints":{"allow":["GET"]}}],"collection":[{"href":"https:\/\/bpk-archive.de\/tuellmann\/wp-json\/wp\/v2\/product"}],"about":[{"href":"https:\/\/bpk-archive.de\/tuellmann\/wp-json\/wp\/v2\/types\/product"}],"wp:featuredmedia":[{"embeddable":true,"href":"https:\/\/bpk-archive.de\/tuellmann\/wp-json\/wp\/v2\/media\/70293792"}],"wp:attachment":[{"href":"https:\/\/bpk-archive.de\/tuellmann\/wp-json\/wp\/v2\/media?parent=70295290"}],"wp:term":[{"taxonomy":"product_brand","embeddable":true,"href":"https:\/\/bpk-archive.de\/tuellmann\/wp-json\/wp\/v2\/product_brand?post=70295290"},{"taxonomy":"product_cat","embeddable":true,"href":"https:\/\/bpk-archive.de\/tuellmann\/wp-json\/wp\/v2\/product_cat?post=70295290"},{"taxonomy":"product_tag","embeddable":true,"href":"https:\/\/bpk-archive.de\/tuellmann\/wp-json\/wp\/v2\/product_tag?post=70295290"}],"curies":[{"name":"wp","href":"https:\/\/api.w.org\/{rel}","templated":true}]}}