{"id":70295289,"date":"2019-09-05T15:04:28","date_gmt":"2019-09-05T13:04:28","guid":{"rendered":"http:\/\/abisagtuellmann.bpk-news.de\/atbild\/israelische-frau-mit-kind-in-der-neubausiedlung-elon-moreh-im-besetzten-westjordanland\/"},"modified":"2019-09-05T15:04:49","modified_gmt":"2019-09-05T13:04:49","slug":"israelische-frau-mit-kind-in-der-neubausiedlung-elon-moreh-im-besetzten-westjordanland","status":"publish","type":"product","link":"https:\/\/bpk-archive.de\/tuellmann\/produkt\/israelische-frau-mit-kind-in-der-neubausiedlung-elon-moreh-im-besetzten-westjordanland\/","title":{"rendered":"Israelische Frau mit Kind in der Neubausiedlung &#8222;Elon Moreh&#8220; im besetzten Westjordanland"},"content":{"rendered":"<p>R\u00fcckseitenbeschriftung von anderer Hand: &#8222;Israel: &#8218;Elon Moreh&#8216;, j\u00fcdische Siedlung in den besetzten Gebieten bei Nablus (Westbank)&#8220;<\/p>\n","protected":false},"excerpt":{"rendered":"<p>R\u00fcckseitenbeschriftung von anderer Hand: &#8222;Israel: &#8218;Elon Moreh&#8216;, j\u00fcdische Siedlung in den besetzten Gebieten bei Nablus (Westbank)&#8220;<\/p>\n","protected":false},"featured_media":70292734,"template":"","meta":[],"product_brand":[],"product_cat":[],"product_tag":[47237,13232,13234,13231,13233,47238,48353,47239,13777,47240,48387,47241,13250,14174,14175,47365,47366,47367,48043,48044,48045,47245,47246,47247,48359,48360,47248,47249,47250,47251,47252,47253,47254,47255,14177,52117,52118,13260,52119,52120,52121,52122,52123,13293,13786,13787,13294,13295,13296,13297,47267,13487,13488,47377,48059,48060,47378,47379,47380,47381,47382,47383,47384,47385,47386,51180,49148,51910,51911,13301,47279,47747,47748,47749,47750,47280,47281,47282,47283,47284,47751,47752,47753,47754,47755,47756,47757,47758,47759,14205,14206,14207,14213,14218,14219,48548,48549,48550,50989,50990,50991,50992,50993,47786,47787,47394,47319,47320,47322,47321,48150,48151,48152,47323,48070,47327,47328,47329,47330,47331,13328,13827,13828,13329,13330,13331,13332,47332,13843,47333,47334,47335,47336,47337,13877,13879,47481,47482,47483,47484,13865,13864,13866,13858,13859,13860,13861,13862,13863,48159,52109,52110,48160,48161,13869,13870,13871,13872,47659,47660,47661,47662,48634,48165,48166,47408,47409,13878,13880,47663,47664,47665,47666,47667,47668,47486,47487,48079,48945,48330],"class_list":{"0":"post-70295289","1":"product","2":"type-product","3":"status-publish","4":"has-post-thumbnail","6":"product_tag-1980er-jahre","7":"product_tag-20-jahrhundert-nach-chr","8":"product_tag-20-jh-n-chr","9":"product_tag-20-jahrhundert","10":"product_tag-20-jh","11":"product_tag-80er","12":"product_tag-abt_000","13":"product_tag-abt_001","14":"product_tag-abzug","15":"product_tag-achtziger","16":"product_tag-anhoehe","17":"product_tag-at_israel","18":"product_tag-aussen","19":"product_tag-baracke","20":"product_tag-baracken","21":"product_tag-bauten","22":"product_tag-bauwerk","23":"product_tag-bauwerke","24":"product_tag-bergland","25":"product_tag-berglandschaft","26":"product_tag-berglandschaften","27":"product_tag-besatzungszeit","28":"product_tag-besatzungszone","29":"product_tag-besatzungszonen","30":"product_tag-beschriftung","31":"product_tag-beschriftungen","32":"product_tag-besetzen","33":"product_tag-besetzt","34":"product_tag-besetzte","35":"product_tag-besetzten","36":"product_tag-besetzter","37":"product_tag-besetztes","38":"product_tag-besetzung","39":"product_tag-besetzungen","40":"product_tag-blickkontakt","41":"product_tag-dorfstrasse","42":"product_tag-dorfstrassen","43":"product_tag-draussen","44":"product_tag-erstaunen","45":"product_tag-erstaunt","46":"product_tag-erstaunte","47":"product_tag-erstaunter","48":"product_tag-erstauntes","49":"product_tag-foto","50":"product_tag-fotoabzug","51":"product_tag-fotoabzuege","52":"product_tag-fotografie","53":"product_tag-fotografien","54":"product_tag-fotografin","55":"product_tag-fotografinnen","56":"product_tag-fotoreportage","57":"product_tag-frau","58":"product_tag-frauen","59":"product_tag-gebaeude","60":"product_tag-gebirgslandschaft","61":"product_tag-gebirgslandschaften","62":"product_tag-gehen","63":"product_tag-gehend","64":"product_tag-gehende","65":"product_tag-gehender","66":"product_tag-gehendes","67":"product_tag-haus","68":"product_tag-haeuser","69":"product_tag-haeusern","70":"product_tag-hauses","71":"product_tag-hochland","72":"product_tag-huegel","73":"product_tag-huegelland","74":"product_tag-huegellandschaft","75":"product_tag-im-freien","76":"product_tag-israel","77":"product_tag-israeli","78":"product_tag-israelin","79":"product_tag-israelinnen","80":"product_tag-israelis","81":"product_tag-israelisch","82":"product_tag-israelische","83":"product_tag-israelischer","84":"product_tag-israelisches","85":"product_tag-israels","86":"product_tag-jude","87":"product_tag-juden","88":"product_tag-juedin","89":"product_tag-juedinnen","90":"product_tag-juedisch","91":"product_tag-juedische","92":"product_tag-juedischen","93":"product_tag-juedischer","94":"product_tag-juedisches","95":"product_tag-kind","96":"product_tag-kinde","97":"product_tag-kinder","98":"product_tag-kindern","99":"product_tag-kindes","100":"product_tag-kindheit","101":"product_tag-kleinkind","102":"product_tag-kleinkinder","103":"product_tag-kleinkindern","104":"product_tag-laufen","105":"product_tag-laufend","106":"product_tag-laufende","107":"product_tag-laufender","108":"product_tag-laufendes","109":"product_tag-migranten","110":"product_tag-migration","111":"product_tag-mutter","112":"product_tag-naher-osten","113":"product_tag-nahost","114":"product_tag-nahost-konflikt","115":"product_tag-nahostkonflikt","116":"product_tag-neubau","117":"product_tag-neubauten","118":"product_tag-neubauviertel","119":"product_tag-okkupation","120":"product_tag-palaestina","121":"product_tag-palaestinensisch","122":"product_tag-palaestinensische","123":"product_tag-palaestinensischen","124":"product_tag-palaestinensischer","125":"product_tag-palaestinensisches","126":"product_tag-photo","127":"product_tag-photoabzug","128":"product_tag-photoabzuege","129":"product_tag-photographie","130":"product_tag-photographien","131":"product_tag-photographin","132":"product_tag-photographinnen","133":"product_tag-photoreportage","134":"product_tag-print","135":"product_tag-reportage","136":"product_tag-reportagefoto","137":"product_tag-reportagefotografie","138":"product_tag-reportagephoto","139":"product_tag-reportagephotographie","140":"product_tag-s-w-fotografie","141":"product_tag-s-w-photographie","142":"product_tag-schuttberg","143":"product_tag-schuttberge","144":"product_tag-schutthaufen","145":"product_tag-schutthaufens","146":"product_tag-schwarzweissphotographie","147":"product_tag-schwarz-weiss-fotografie","148":"product_tag-schwarz-weiss-photographie","149":"product_tag-schwarzweiss","150":"product_tag-schwarzweisse","151":"product_tag-schwarzweissen","152":"product_tag-schwarzweisser","153":"product_tag-schwarzweisses","154":"product_tag-schwarzweissfotografie","155":"product_tag-siedler","156":"product_tag-siedlerin","157":"product_tag-siedlerinnen","158":"product_tag-siedlung","159":"product_tag-siedlungen","160":"product_tag-silbergelatine","161":"product_tag-silbergelatineabzug","162":"product_tag-silbergelatineabzuege","163":"product_tag-silbergelatineprint","164":"product_tag-sohn","165":"product_tag-soehne","166":"product_tag-soehnen","167":"product_tag-sohnes","168":"product_tag-sommer","169":"product_tag-strasse","170":"product_tag-strassen","171":"product_tag-strassenleben","172":"product_tag-strassenszene","173":"product_tag-sw-fotografie","174":"product_tag-sw-photographie","175":"product_tag-tragen","176":"product_tag-tragend","177":"product_tag-tragende","178":"product_tag-tragenden","179":"product_tag-tragender","180":"product_tag-tragendes","181":"product_tag-truemmerhaufen","182":"product_tag-truemmerhaufens","183":"product_tag-unterwegs","184":"product_tag-westjordanland","185":"product_tag-zionismus","186":"pa_datierung-juni-1981","187":"pa_fotograf-abisag-tuellmann","188":"pa_geografischer_bezug-aufnahmeort-elon-moreh-israel-westjordanland","189":"pa_grunddaten_material_technik-foto-silbergelatine-auf-barytpapier","190":"pa_inventarnummer-tue-81-087-08","191":"pa_jahr_von-48126","192":"pa_massangaben-bildformat-foto-ca-23-x-305-cm","193":"pa_mediennummer-52115","194":"pa_objekt_typ-fotografie","196":"first","197":"instock","198":"product-type-simple"},"yoast_head":"<!-- This site is optimized with the Yoast SEO plugin v27.3 - https:\/\/yoast.com\/product\/yoast-seo-wordpress\/ -->\n<title>Israelische Frau mit Kind in der Neubausiedlung &quot;Elon Moreh&quot; im besetzten Westjordanland - Abisag T\u00fcllmann<\/title>\n<meta name=\"robots\" content=\"index, follow, max-snippet:-1, max-image-preview:large, max-video-preview:-1\" \/>\n<link rel=\"canonical\" href=\"https:\/\/bpk-archive.de\/tuellmann\/produkt\/israelische-frau-mit-kind-in-der-neubausiedlung-elon-moreh-im-besetzten-westjordanland\/\" \/>\n<meta property=\"og:locale\" content=\"de_DE\" \/>\n<meta property=\"og:type\" content=\"article\" \/>\n<meta property=\"og:title\" content=\"Israelische Frau mit Kind in der Neubausiedlung &quot;Elon Moreh&quot; im besetzten Westjordanland - Abisag T\u00fcllmann\" \/>\n<meta property=\"og:description\" content=\"R\u00fcckseitenbeschriftung von anderer Hand: &#8222;Israel: &#8218;Elon Moreh&#8216;, j\u00fcdische Siedlung in den besetzten Gebieten bei Nablus (Westbank)&#8220;\" \/>\n<meta property=\"og:url\" content=\"https:\/\/bpk-archive.de\/tuellmann\/produkt\/israelische-frau-mit-kind-in-der-neubausiedlung-elon-moreh-im-besetzten-westjordanland\/\" \/>\n<meta property=\"og:site_name\" content=\"Abisag T\u00fcllmann\" \/>\n<meta property=\"article:modified_time\" content=\"2019-09-05T13:04:49+00:00\" \/>\n<meta property=\"og:image\" content=\"https:\/\/bpk-archive.de\/tuellmann\/wp-content\/uploads\/2019\/08\/bpk_70269171.jpg\" \/>\n\t<meta property=\"og:image:width\" content=\"1200\" \/>\n\t<meta property=\"og:image:height\" content=\"934\" \/>\n\t<meta property=\"og:image:type\" content=\"image\/jpeg\" \/>\n<meta name=\"twitter:card\" content=\"summary_large_image\" \/>\n<script type=\"application\/ld+json\" class=\"yoast-schema-graph\">{\"@context\":\"https:\\\/\\\/schema.org\",\"@graph\":[{\"@type\":\"WebPage\",\"@id\":\"https:\\\/\\\/bpk-archive.de\\\/tuellmann\\\/produkt\\\/israelische-frau-mit-kind-in-der-neubausiedlung-elon-moreh-im-besetzten-westjordanland\\\/\",\"url\":\"https:\\\/\\\/bpk-archive.de\\\/tuellmann\\\/produkt\\\/israelische-frau-mit-kind-in-der-neubausiedlung-elon-moreh-im-besetzten-westjordanland\\\/\",\"name\":\"Israelische Frau mit Kind in der Neubausiedlung \\\"Elon Moreh\\\" im besetzten Westjordanland - Abisag T\u00fcllmann\",\"isPartOf\":{\"@id\":\"https:\\\/\\\/bpk-archive.de\\\/tuellmann\\\/#website\"},\"primaryImageOfPage\":{\"@id\":\"https:\\\/\\\/bpk-archive.de\\\/tuellmann\\\/produkt\\\/israelische-frau-mit-kind-in-der-neubausiedlung-elon-moreh-im-besetzten-westjordanland\\\/#primaryimage\"},\"image\":{\"@id\":\"https:\\\/\\\/bpk-archive.de\\\/tuellmann\\\/produkt\\\/israelische-frau-mit-kind-in-der-neubausiedlung-elon-moreh-im-besetzten-westjordanland\\\/#primaryimage\"},\"thumbnailUrl\":\"https:\\\/\\\/bpk-archive.de\\\/tuellmann\\\/wp-content\\\/uploads\\\/2019\\\/08\\\/bpk_70269171.jpg\",\"datePublished\":\"2019-09-05T13:04:28+00:00\",\"dateModified\":\"2019-09-05T13:04:49+00:00\",\"breadcrumb\":{\"@id\":\"https:\\\/\\\/bpk-archive.de\\\/tuellmann\\\/produkt\\\/israelische-frau-mit-kind-in-der-neubausiedlung-elon-moreh-im-besetzten-westjordanland\\\/#breadcrumb\"},\"inLanguage\":\"de\",\"potentialAction\":[{\"@type\":\"ReadAction\",\"target\":[\"https:\\\/\\\/bpk-archive.de\\\/tuellmann\\\/produkt\\\/israelische-frau-mit-kind-in-der-neubausiedlung-elon-moreh-im-besetzten-westjordanland\\\/\"]}]},{\"@type\":\"ImageObject\",\"inLanguage\":\"de\",\"@id\":\"https:\\\/\\\/bpk-archive.de\\\/tuellmann\\\/produkt\\\/israelische-frau-mit-kind-in-der-neubausiedlung-elon-moreh-im-besetzten-westjordanland\\\/#primaryimage\",\"url\":\"https:\\\/\\\/bpk-archive.de\\\/tuellmann\\\/wp-content\\\/uploads\\\/2019\\\/08\\\/bpk_70269171.jpg\",\"contentUrl\":\"https:\\\/\\\/bpk-archive.de\\\/tuellmann\\\/wp-content\\\/uploads\\\/2019\\\/08\\\/bpk_70269171.jpg\",\"width\":1200,\"height\":934,\"caption\":\"Israelische Frau mit Kind in der Neubausiedlung \\\"Elon Moreh\\\" im besetzten Westjordanland\"},{\"@type\":\"BreadcrumbList\",\"@id\":\"https:\\\/\\\/bpk-archive.de\\\/tuellmann\\\/produkt\\\/israelische-frau-mit-kind-in-der-neubausiedlung-elon-moreh-im-besetzten-westjordanland\\\/#breadcrumb\",\"itemListElement\":[{\"@type\":\"ListItem\",\"position\":1,\"name\":\"Startseite\",\"item\":\"https:\\\/\\\/bpk-archive.de\\\/tuellmann\\\/\"},{\"@type\":\"ListItem\",\"position\":2,\"name\":\"Shop\",\"item\":\"https:\\\/\\\/bpk-archive.de\\\/tuellmann\\\/shop\\\/\"},{\"@type\":\"ListItem\",\"position\":3,\"name\":\"Israelische Frau mit Kind in der Neubausiedlung &#8220;Elon Moreh&#8221; im besetzten Westjordanland\"}]},{\"@type\":\"WebSite\",\"@id\":\"https:\\\/\\\/bpk-archive.de\\\/tuellmann\\\/#website\",\"url\":\"https:\\\/\\\/bpk-archive.de\\\/tuellmann\\\/\",\"name\":\"Abisag T\u00fcllmann\",\"description\":\"Eine weitere WordPress-Website\",\"potentialAction\":[{\"@type\":\"SearchAction\",\"target\":{\"@type\":\"EntryPoint\",\"urlTemplate\":\"https:\\\/\\\/bpk-archive.de\\\/tuellmann\\\/?s={search_term_string}\"},\"query-input\":{\"@type\":\"PropertyValueSpecification\",\"valueRequired\":true,\"valueName\":\"search_term_string\"}}],\"inLanguage\":\"de\"}]}<\/script>\n<!-- \/ Yoast SEO plugin. -->","yoast_head_json":{"title":"Israelische Frau mit Kind in der Neubausiedlung \"Elon Moreh\" im besetzten Westjordanland - Abisag T\u00fcllmann","robots":{"index":"index","follow":"follow","max-snippet":"max-snippet:-1","max-image-preview":"max-image-preview:large","max-video-preview":"max-video-preview:-1"},"canonical":"https:\/\/bpk-archive.de\/tuellmann\/produkt\/israelische-frau-mit-kind-in-der-neubausiedlung-elon-moreh-im-besetzten-westjordanland\/","og_locale":"de_DE","og_type":"article","og_title":"Israelische Frau mit Kind in der Neubausiedlung \"Elon Moreh\" im besetzten Westjordanland - Abisag T\u00fcllmann","og_description":"R\u00fcckseitenbeschriftung von anderer Hand: &#8222;Israel: &#8218;Elon Moreh&#8216;, j\u00fcdische Siedlung in den besetzten Gebieten bei Nablus (Westbank)&#8220;","og_url":"https:\/\/bpk-archive.de\/tuellmann\/produkt\/israelische-frau-mit-kind-in-der-neubausiedlung-elon-moreh-im-besetzten-westjordanland\/","og_site_name":"Abisag T\u00fcllmann","article_modified_time":"2019-09-05T13:04:49+00:00","og_image":[{"width":1200,"height":934,"url":"https:\/\/bpk-archive.de\/tuellmann\/wp-content\/uploads\/2019\/08\/bpk_70269171.jpg","type":"image\/jpeg"}],"twitter_card":"summary_large_image","schema":{"@context":"https:\/\/schema.org","@graph":[{"@type":"WebPage","@id":"https:\/\/bpk-archive.de\/tuellmann\/produkt\/israelische-frau-mit-kind-in-der-neubausiedlung-elon-moreh-im-besetzten-westjordanland\/","url":"https:\/\/bpk-archive.de\/tuellmann\/produkt\/israelische-frau-mit-kind-in-der-neubausiedlung-elon-moreh-im-besetzten-westjordanland\/","name":"Israelische Frau mit Kind in der Neubausiedlung \"Elon Moreh\" im besetzten Westjordanland - Abisag T\u00fcllmann","isPartOf":{"@id":"https:\/\/bpk-archive.de\/tuellmann\/#website"},"primaryImageOfPage":{"@id":"https:\/\/bpk-archive.de\/tuellmann\/produkt\/israelische-frau-mit-kind-in-der-neubausiedlung-elon-moreh-im-besetzten-westjordanland\/#primaryimage"},"image":{"@id":"https:\/\/bpk-archive.de\/tuellmann\/produkt\/israelische-frau-mit-kind-in-der-neubausiedlung-elon-moreh-im-besetzten-westjordanland\/#primaryimage"},"thumbnailUrl":"https:\/\/bpk-archive.de\/tuellmann\/wp-content\/uploads\/2019\/08\/bpk_70269171.jpg","datePublished":"2019-09-05T13:04:28+00:00","dateModified":"2019-09-05T13:04:49+00:00","breadcrumb":{"@id":"https:\/\/bpk-archive.de\/tuellmann\/produkt\/israelische-frau-mit-kind-in-der-neubausiedlung-elon-moreh-im-besetzten-westjordanland\/#breadcrumb"},"inLanguage":"de","potentialAction":[{"@type":"ReadAction","target":["https:\/\/bpk-archive.de\/tuellmann\/produkt\/israelische-frau-mit-kind-in-der-neubausiedlung-elon-moreh-im-besetzten-westjordanland\/"]}]},{"@type":"ImageObject","inLanguage":"de","@id":"https:\/\/bpk-archive.de\/tuellmann\/produkt\/israelische-frau-mit-kind-in-der-neubausiedlung-elon-moreh-im-besetzten-westjordanland\/#primaryimage","url":"https:\/\/bpk-archive.de\/tuellmann\/wp-content\/uploads\/2019\/08\/bpk_70269171.jpg","contentUrl":"https:\/\/bpk-archive.de\/tuellmann\/wp-content\/uploads\/2019\/08\/bpk_70269171.jpg","width":1200,"height":934,"caption":"Israelische Frau mit Kind in der Neubausiedlung \"Elon Moreh\" im besetzten Westjordanland"},{"@type":"BreadcrumbList","@id":"https:\/\/bpk-archive.de\/tuellmann\/produkt\/israelische-frau-mit-kind-in-der-neubausiedlung-elon-moreh-im-besetzten-westjordanland\/#breadcrumb","itemListElement":[{"@type":"ListItem","position":1,"name":"Startseite","item":"https:\/\/bpk-archive.de\/tuellmann\/"},{"@type":"ListItem","position":2,"name":"Shop","item":"https:\/\/bpk-archive.de\/tuellmann\/shop\/"},{"@type":"ListItem","position":3,"name":"Israelische Frau mit Kind in der Neubausiedlung &#8220;Elon Moreh&#8221; im besetzten Westjordanland"}]},{"@type":"WebSite","@id":"https:\/\/bpk-archive.de\/tuellmann\/#website","url":"https:\/\/bpk-archive.de\/tuellmann\/","name":"Abisag T\u00fcllmann","description":"Eine weitere WordPress-Website","potentialAction":[{"@type":"SearchAction","target":{"@type":"EntryPoint","urlTemplate":"https:\/\/bpk-archive.de\/tuellmann\/?s={search_term_string}"},"query-input":{"@type":"PropertyValueSpecification","valueRequired":true,"valueName":"search_term_string"}}],"inLanguage":"de"}]}},"_links":{"self":[{"href":"https:\/\/bpk-archive.de\/tuellmann\/wp-json\/wp\/v2\/product\/70295289","targetHints":{"allow":["GET"]}}],"collection":[{"href":"https:\/\/bpk-archive.de\/tuellmann\/wp-json\/wp\/v2\/product"}],"about":[{"href":"https:\/\/bpk-archive.de\/tuellmann\/wp-json\/wp\/v2\/types\/product"}],"wp:featuredmedia":[{"embeddable":true,"href":"https:\/\/bpk-archive.de\/tuellmann\/wp-json\/wp\/v2\/media\/70292734"}],"wp:attachment":[{"href":"https:\/\/bpk-archive.de\/tuellmann\/wp-json\/wp\/v2\/media?parent=70295289"}],"wp:term":[{"taxonomy":"product_brand","embeddable":true,"href":"https:\/\/bpk-archive.de\/tuellmann\/wp-json\/wp\/v2\/product_brand?post=70295289"},{"taxonomy":"product_cat","embeddable":true,"href":"https:\/\/bpk-archive.de\/tuellmann\/wp-json\/wp\/v2\/product_cat?post=70295289"},{"taxonomy":"product_tag","embeddable":true,"href":"https:\/\/bpk-archive.de\/tuellmann\/wp-json\/wp\/v2\/product_tag?post=70295289"}],"curies":[{"name":"wp","href":"https:\/\/api.w.org\/{rel}","templated":true}]}}