{"id":70295288,"date":"2019-09-05T15:04:28","date_gmt":"2019-09-05T13:04:28","guid":{"rendered":"http:\/\/abisagtuellmann.bpk-news.de\/atbild\/israelische-siedlung-elon-moreh-im-besetzten-westjordanland\/"},"modified":"2019-09-05T15:04:47","modified_gmt":"2019-09-05T13:04:47","slug":"israelische-siedlung-elon-moreh-im-besetzten-westjordanland","status":"publish","type":"product","link":"https:\/\/bpk-archive.de\/tuellmann\/produkt\/israelische-siedlung-elon-moreh-im-besetzten-westjordanland\/","title":{"rendered":"Israelische Siedlung &#8222;Elon Moreh&#8220; im besetzten Westjordanland"},"content":{"rendered":"<p>Eine Frau h\u00e4ngt W\u00e4sche vor ihrem Haus auf R\u00fcckseitenbeschriftung von Hand der Fotografin: &#8222;Israel: &#8218;Elon Moreh&#8220;, eine Siedlung der Gush Emunim im besetzten Gebiet bei Nablus, wurde vom obersten Gerichtshof in Jerusalem f\u00fcr illegal erkl\u00e4rt und gleich anschlie\u00dfend ein paar hundert Meter weiter errichtet.&#8220;<\/p>\n","protected":false},"excerpt":{"rendered":"<p>Eine Frau h\u00e4ngt W\u00e4sche vor ihrem Haus auf R\u00fcckseitenbeschriftung von Hand der Fotografin: &#8222;Israel: &#8218;Elon Moreh&#8220;, eine Siedlung der Gush Emunim im besetzten Gebiet bei Nablus, wurde vom obersten Gerichtshof in Jerusalem f\u00fcr illegal erkl\u00e4rt und gleich anschlie\u00dfend ein paar hundert Meter weiter errichtet.&#8220;<\/p>\n","protected":false},"featured_media":70292737,"template":"","meta":[],"product_brand":[],"product_cat":[],"product_tag":[47237,13232,13234,13231,13233,47238,48353,47239,13777,47240,48387,48388,47241,13250,47720,47721,47722,47723,14174,14175,47365,47366,47367,48043,48044,48045,47245,47246,47247,48359,48360,47248,47249,47250,47251,47252,47253,47254,47255,13260,47730,47731,47734,13293,13786,13787,13294,13295,13296,13297,47267,13487,13488,47377,48059,48060,47383,50372,50373,47384,47385,47386,49148,13301,47279,47747,47750,47280,47281,47282,47283,47284,47751,47752,47755,47756,47757,47758,47759,14205,14206,14207,14213,14218,14219,48548,48549,48550,47949,47786,47787,47394,47319,47320,47322,47321,47323,48070,47327,47328,47329,47330,47331,49184,13328,13827,13828,13329,13330,13331,13332,47332,13843,47333,47334,47335,47336,47337,13877,13879,13865,13864,13866,13858,13859,13860,13861,13862,13863,48159,52109,52110,48160,48161,13869,13870,13871,13872,47659,47660,47661,47662,48634,48454,13878,13880,52111,52112,48555,48556,52113,48945,47504,47505,47506,48330],"class_list":{"0":"post-70295288","1":"product","2":"type-product","3":"status-publish","4":"has-post-thumbnail","6":"product_tag-1980er-jahre","7":"product_tag-20-jahrhundert-nach-chr","8":"product_tag-20-jh-n-chr","9":"product_tag-20-jahrhundert","10":"product_tag-20-jh","11":"product_tag-80er","12":"product_tag-abt_000","13":"product_tag-abt_001","14":"product_tag-abzug","15":"product_tag-achtziger","16":"product_tag-anhoehe","17":"product_tag-anhoehen","18":"product_tag-at_israel","19":"product_tag-aussen","20":"product_tag-auswanderer","21":"product_tag-auswanderern","22":"product_tag-auswandern","23":"product_tag-auswanderung","24":"product_tag-baracke","25":"product_tag-baracken","26":"product_tag-bauten","27":"product_tag-bauwerk","28":"product_tag-bauwerke","29":"product_tag-bergland","30":"product_tag-berglandschaft","31":"product_tag-berglandschaften","32":"product_tag-besatzungszeit","33":"product_tag-besatzungszone","34":"product_tag-besatzungszonen","35":"product_tag-beschriftung","36":"product_tag-beschriftungen","37":"product_tag-besetzen","38":"product_tag-besetzt","39":"product_tag-besetzte","40":"product_tag-besetzten","41":"product_tag-besetzter","42":"product_tag-besetztes","43":"product_tag-besetzung","44":"product_tag-besetzungen","45":"product_tag-draussen","46":"product_tag-emigrant","47":"product_tag-emigranten","48":"product_tag-emigration","49":"product_tag-foto","50":"product_tag-fotoabzug","51":"product_tag-fotoabzuege","52":"product_tag-fotografie","53":"product_tag-fotografien","54":"product_tag-fotografin","55":"product_tag-fotografinnen","56":"product_tag-fotoreportage","57":"product_tag-frau","58":"product_tag-frauen","59":"product_tag-gebaeude","60":"product_tag-gebirgslandschaft","61":"product_tag-gebirgslandschaften","62":"product_tag-haus","63":"product_tag-hausarbeit","64":"product_tag-hausarbeiten","65":"product_tag-haeuser","66":"product_tag-haeusern","67":"product_tag-hauses","68":"product_tag-huegel","69":"product_tag-im-freien","70":"product_tag-israel","71":"product_tag-israeli","72":"product_tag-israelis","73":"product_tag-israelisch","74":"product_tag-israelische","75":"product_tag-israelischer","76":"product_tag-israelisches","77":"product_tag-israels","78":"product_tag-jude","79":"product_tag-juden","80":"product_tag-juedisch","81":"product_tag-juedische","82":"product_tag-juedischen","83":"product_tag-juedischer","84":"product_tag-juedisches","85":"product_tag-kind","86":"product_tag-kinde","87":"product_tag-kinder","88":"product_tag-kindern","89":"product_tag-kindes","90":"product_tag-kindheit","91":"product_tag-kleinkind","92":"product_tag-kleinkinder","93":"product_tag-kleinkindern","94":"product_tag-konflikt","95":"product_tag-migranten","96":"product_tag-migration","97":"product_tag-mutter","98":"product_tag-naher-osten","99":"product_tag-nahost","100":"product_tag-nahost-konflikt","101":"product_tag-nahostkonflikt","102":"product_tag-okkupation","103":"product_tag-palaestina","104":"product_tag-palaestinensisch","105":"product_tag-palaestinensische","106":"product_tag-palaestinensischen","107":"product_tag-palaestinensischer","108":"product_tag-palaestinensisches","109":"product_tag-panorama","110":"product_tag-photo","111":"product_tag-photoabzug","112":"product_tag-photoabzuege","113":"product_tag-photographie","114":"product_tag-photographien","115":"product_tag-photographin","116":"product_tag-photographinnen","117":"product_tag-photoreportage","118":"product_tag-print","119":"product_tag-reportage","120":"product_tag-reportagefoto","121":"product_tag-reportagefotografie","122":"product_tag-reportagephoto","123":"product_tag-reportagephotographie","124":"product_tag-s-w-fotografie","125":"product_tag-s-w-photographie","126":"product_tag-schwarzweissphotographie","127":"product_tag-schwarz-weiss-fotografie","128":"product_tag-schwarz-weiss-photographie","129":"product_tag-schwarzweiss","130":"product_tag-schwarzweisse","131":"product_tag-schwarzweissen","132":"product_tag-schwarzweisser","133":"product_tag-schwarzweisses","134":"product_tag-schwarzweissfotografie","135":"product_tag-siedler","136":"product_tag-siedlerin","137":"product_tag-siedlerinnen","138":"product_tag-siedlung","139":"product_tag-siedlungen","140":"product_tag-silbergelatine","141":"product_tag-silbergelatineabzug","142":"product_tag-silbergelatineabzuege","143":"product_tag-silbergelatineprint","144":"product_tag-sohn","145":"product_tag-soehne","146":"product_tag-soehnen","147":"product_tag-sohnes","148":"product_tag-sommer","149":"product_tag-stempel","150":"product_tag-sw-fotografie","151":"product_tag-sw-photographie","152":"product_tag-waesche-aufhaengen","153":"product_tag-waescheaufhaengen","154":"product_tag-waescheleine","155":"product_tag-waescheleinen","156":"product_tag-waeschetrocknen","157":"product_tag-westjordanland","158":"product_tag-wohngebaeude","159":"product_tag-wohnhaus","160":"product_tag-wohnhaeuser","161":"product_tag-zionismus","162":"pa_datierung-juni-1981","163":"pa_fotograf-abisag-tuellmann","164":"pa_geografischer_bezug-aufnahmeort-elon-moreh-israel-westjordanland","165":"pa_grunddaten_material_technik-foto-silbergelatine-auf-barytpapier","166":"pa_inventarnummer-tue-81-087-17","167":"pa_jahr_von-48126","168":"pa_massangaben-bildformat-fotoca-20-x-305-cm","169":"pa_mediennummer-52106","170":"pa_objekt_typ-fotografie","172":"first","173":"instock","174":"product-type-simple"},"yoast_head":"<!-- This site is optimized with the Yoast SEO plugin v27.4 - https:\/\/yoast.com\/product\/yoast-seo-wordpress\/ -->\n<title>Israelische Siedlung &quot;Elon Moreh&quot; im besetzten Westjordanland - Abisag T\u00fcllmann<\/title>\n<meta name=\"robots\" content=\"index, follow, max-snippet:-1, max-image-preview:large, max-video-preview:-1\" \/>\n<link rel=\"canonical\" href=\"https:\/\/bpk-archive.de\/tuellmann\/produkt\/israelische-siedlung-elon-moreh-im-besetzten-westjordanland\/\" \/>\n<meta property=\"og:locale\" content=\"de_DE\" \/>\n<meta property=\"og:type\" content=\"article\" \/>\n<meta property=\"og:title\" content=\"Israelische Siedlung &quot;Elon Moreh&quot; im besetzten Westjordanland - Abisag T\u00fcllmann\" \/>\n<meta property=\"og:description\" content=\"Eine Frau h\u00e4ngt W\u00e4sche vor ihrem Haus auf R\u00fcckseitenbeschriftung von Hand der Fotografin: &#8222;Israel: &#8218;Elon Moreh&#8220;, eine Siedlung der Gush Emunim im besetzten Gebiet bei Nablus, wurde vom obersten Gerichtshof in Jerusalem f\u00fcr illegal erkl\u00e4rt und gleich anschlie\u00dfend ein paar hundert Meter weiter errichtet.&#8220;\" \/>\n<meta property=\"og:url\" content=\"https:\/\/bpk-archive.de\/tuellmann\/produkt\/israelische-siedlung-elon-moreh-im-besetzten-westjordanland\/\" \/>\n<meta property=\"og:site_name\" content=\"Abisag T\u00fcllmann\" \/>\n<meta property=\"article:modified_time\" content=\"2019-09-05T13:04:47+00:00\" \/>\n<meta property=\"og:image\" content=\"https:\/\/bpk-archive.de\/tuellmann\/wp-content\/uploads\/2019\/08\/bpk_70269172.jpg\" \/>\n\t<meta property=\"og:image:width\" content=\"1200\" \/>\n\t<meta property=\"og:image:height\" content=\"806\" \/>\n\t<meta property=\"og:image:type\" content=\"image\/jpeg\" \/>\n<meta name=\"twitter:card\" content=\"summary_large_image\" \/>\n<script type=\"application\/ld+json\" class=\"yoast-schema-graph\">{\"@context\":\"https:\\\/\\\/schema.org\",\"@graph\":[{\"@type\":\"WebPage\",\"@id\":\"https:\\\/\\\/bpk-archive.de\\\/tuellmann\\\/produkt\\\/israelische-siedlung-elon-moreh-im-besetzten-westjordanland\\\/\",\"url\":\"https:\\\/\\\/bpk-archive.de\\\/tuellmann\\\/produkt\\\/israelische-siedlung-elon-moreh-im-besetzten-westjordanland\\\/\",\"name\":\"Israelische Siedlung \\\"Elon Moreh\\\" im besetzten Westjordanland - Abisag T\u00fcllmann\",\"isPartOf\":{\"@id\":\"https:\\\/\\\/bpk-archive.de\\\/tuellmann\\\/#website\"},\"primaryImageOfPage\":{\"@id\":\"https:\\\/\\\/bpk-archive.de\\\/tuellmann\\\/produkt\\\/israelische-siedlung-elon-moreh-im-besetzten-westjordanland\\\/#primaryimage\"},\"image\":{\"@id\":\"https:\\\/\\\/bpk-archive.de\\\/tuellmann\\\/produkt\\\/israelische-siedlung-elon-moreh-im-besetzten-westjordanland\\\/#primaryimage\"},\"thumbnailUrl\":\"https:\\\/\\\/bpk-archive.de\\\/tuellmann\\\/wp-content\\\/uploads\\\/2019\\\/08\\\/bpk_70269172.jpg\",\"datePublished\":\"2019-09-05T13:04:28+00:00\",\"dateModified\":\"2019-09-05T13:04:47+00:00\",\"breadcrumb\":{\"@id\":\"https:\\\/\\\/bpk-archive.de\\\/tuellmann\\\/produkt\\\/israelische-siedlung-elon-moreh-im-besetzten-westjordanland\\\/#breadcrumb\"},\"inLanguage\":\"de\",\"potentialAction\":[{\"@type\":\"ReadAction\",\"target\":[\"https:\\\/\\\/bpk-archive.de\\\/tuellmann\\\/produkt\\\/israelische-siedlung-elon-moreh-im-besetzten-westjordanland\\\/\"]}]},{\"@type\":\"ImageObject\",\"inLanguage\":\"de\",\"@id\":\"https:\\\/\\\/bpk-archive.de\\\/tuellmann\\\/produkt\\\/israelische-siedlung-elon-moreh-im-besetzten-westjordanland\\\/#primaryimage\",\"url\":\"https:\\\/\\\/bpk-archive.de\\\/tuellmann\\\/wp-content\\\/uploads\\\/2019\\\/08\\\/bpk_70269172.jpg\",\"contentUrl\":\"https:\\\/\\\/bpk-archive.de\\\/tuellmann\\\/wp-content\\\/uploads\\\/2019\\\/08\\\/bpk_70269172.jpg\",\"width\":1200,\"height\":806,\"caption\":\"Israelische Siedlung \\\"Elon Moreh\\\" im besetzten Westjordanland\"},{\"@type\":\"BreadcrumbList\",\"@id\":\"https:\\\/\\\/bpk-archive.de\\\/tuellmann\\\/produkt\\\/israelische-siedlung-elon-moreh-im-besetzten-westjordanland\\\/#breadcrumb\",\"itemListElement\":[{\"@type\":\"ListItem\",\"position\":1,\"name\":\"Startseite\",\"item\":\"https:\\\/\\\/bpk-archive.de\\\/tuellmann\\\/\"},{\"@type\":\"ListItem\",\"position\":2,\"name\":\"Shop\",\"item\":\"https:\\\/\\\/bpk-archive.de\\\/tuellmann\\\/shop\\\/\"},{\"@type\":\"ListItem\",\"position\":3,\"name\":\"Israelische Siedlung &#8220;Elon Moreh&#8221; im besetzten Westjordanland\"}]},{\"@type\":\"WebSite\",\"@id\":\"https:\\\/\\\/bpk-archive.de\\\/tuellmann\\\/#website\",\"url\":\"https:\\\/\\\/bpk-archive.de\\\/tuellmann\\\/\",\"name\":\"Abisag T\u00fcllmann\",\"description\":\"Eine weitere WordPress-Website\",\"potentialAction\":[{\"@type\":\"SearchAction\",\"target\":{\"@type\":\"EntryPoint\",\"urlTemplate\":\"https:\\\/\\\/bpk-archive.de\\\/tuellmann\\\/?s={search_term_string}\"},\"query-input\":{\"@type\":\"PropertyValueSpecification\",\"valueRequired\":true,\"valueName\":\"search_term_string\"}}],\"inLanguage\":\"de\"}]}<\/script>\n<!-- \/ Yoast SEO plugin. -->","yoast_head_json":{"title":"Israelische Siedlung \"Elon Moreh\" im besetzten Westjordanland - Abisag T\u00fcllmann","robots":{"index":"index","follow":"follow","max-snippet":"max-snippet:-1","max-image-preview":"max-image-preview:large","max-video-preview":"max-video-preview:-1"},"canonical":"https:\/\/bpk-archive.de\/tuellmann\/produkt\/israelische-siedlung-elon-moreh-im-besetzten-westjordanland\/","og_locale":"de_DE","og_type":"article","og_title":"Israelische Siedlung \"Elon Moreh\" im besetzten Westjordanland - Abisag T\u00fcllmann","og_description":"Eine Frau h\u00e4ngt W\u00e4sche vor ihrem Haus auf R\u00fcckseitenbeschriftung von Hand der Fotografin: &#8222;Israel: &#8218;Elon Moreh&#8220;, eine Siedlung der Gush Emunim im besetzten Gebiet bei Nablus, wurde vom obersten Gerichtshof in Jerusalem f\u00fcr illegal erkl\u00e4rt und gleich anschlie\u00dfend ein paar hundert Meter weiter errichtet.&#8220;","og_url":"https:\/\/bpk-archive.de\/tuellmann\/produkt\/israelische-siedlung-elon-moreh-im-besetzten-westjordanland\/","og_site_name":"Abisag T\u00fcllmann","article_modified_time":"2019-09-05T13:04:47+00:00","og_image":[{"width":1200,"height":806,"url":"https:\/\/bpk-archive.de\/tuellmann\/wp-content\/uploads\/2019\/08\/bpk_70269172.jpg","type":"image\/jpeg"}],"twitter_card":"summary_large_image","schema":{"@context":"https:\/\/schema.org","@graph":[{"@type":"WebPage","@id":"https:\/\/bpk-archive.de\/tuellmann\/produkt\/israelische-siedlung-elon-moreh-im-besetzten-westjordanland\/","url":"https:\/\/bpk-archive.de\/tuellmann\/produkt\/israelische-siedlung-elon-moreh-im-besetzten-westjordanland\/","name":"Israelische Siedlung \"Elon Moreh\" im besetzten Westjordanland - Abisag T\u00fcllmann","isPartOf":{"@id":"https:\/\/bpk-archive.de\/tuellmann\/#website"},"primaryImageOfPage":{"@id":"https:\/\/bpk-archive.de\/tuellmann\/produkt\/israelische-siedlung-elon-moreh-im-besetzten-westjordanland\/#primaryimage"},"image":{"@id":"https:\/\/bpk-archive.de\/tuellmann\/produkt\/israelische-siedlung-elon-moreh-im-besetzten-westjordanland\/#primaryimage"},"thumbnailUrl":"https:\/\/bpk-archive.de\/tuellmann\/wp-content\/uploads\/2019\/08\/bpk_70269172.jpg","datePublished":"2019-09-05T13:04:28+00:00","dateModified":"2019-09-05T13:04:47+00:00","breadcrumb":{"@id":"https:\/\/bpk-archive.de\/tuellmann\/produkt\/israelische-siedlung-elon-moreh-im-besetzten-westjordanland\/#breadcrumb"},"inLanguage":"de","potentialAction":[{"@type":"ReadAction","target":["https:\/\/bpk-archive.de\/tuellmann\/produkt\/israelische-siedlung-elon-moreh-im-besetzten-westjordanland\/"]}]},{"@type":"ImageObject","inLanguage":"de","@id":"https:\/\/bpk-archive.de\/tuellmann\/produkt\/israelische-siedlung-elon-moreh-im-besetzten-westjordanland\/#primaryimage","url":"https:\/\/bpk-archive.de\/tuellmann\/wp-content\/uploads\/2019\/08\/bpk_70269172.jpg","contentUrl":"https:\/\/bpk-archive.de\/tuellmann\/wp-content\/uploads\/2019\/08\/bpk_70269172.jpg","width":1200,"height":806,"caption":"Israelische Siedlung \"Elon Moreh\" im besetzten Westjordanland"},{"@type":"BreadcrumbList","@id":"https:\/\/bpk-archive.de\/tuellmann\/produkt\/israelische-siedlung-elon-moreh-im-besetzten-westjordanland\/#breadcrumb","itemListElement":[{"@type":"ListItem","position":1,"name":"Startseite","item":"https:\/\/bpk-archive.de\/tuellmann\/"},{"@type":"ListItem","position":2,"name":"Shop","item":"https:\/\/bpk-archive.de\/tuellmann\/shop\/"},{"@type":"ListItem","position":3,"name":"Israelische Siedlung &#8220;Elon Moreh&#8221; im besetzten Westjordanland"}]},{"@type":"WebSite","@id":"https:\/\/bpk-archive.de\/tuellmann\/#website","url":"https:\/\/bpk-archive.de\/tuellmann\/","name":"Abisag T\u00fcllmann","description":"Eine weitere WordPress-Website","potentialAction":[{"@type":"SearchAction","target":{"@type":"EntryPoint","urlTemplate":"https:\/\/bpk-archive.de\/tuellmann\/?s={search_term_string}"},"query-input":{"@type":"PropertyValueSpecification","valueRequired":true,"valueName":"search_term_string"}}],"inLanguage":"de"}]}},"_links":{"self":[{"href":"https:\/\/bpk-archive.de\/tuellmann\/wp-json\/wp\/v2\/product\/70295288","targetHints":{"allow":["GET"]}}],"collection":[{"href":"https:\/\/bpk-archive.de\/tuellmann\/wp-json\/wp\/v2\/product"}],"about":[{"href":"https:\/\/bpk-archive.de\/tuellmann\/wp-json\/wp\/v2\/types\/product"}],"wp:featuredmedia":[{"embeddable":true,"href":"https:\/\/bpk-archive.de\/tuellmann\/wp-json\/wp\/v2\/media\/70292737"}],"wp:attachment":[{"href":"https:\/\/bpk-archive.de\/tuellmann\/wp-json\/wp\/v2\/media?parent=70295288"}],"wp:term":[{"taxonomy":"product_brand","embeddable":true,"href":"https:\/\/bpk-archive.de\/tuellmann\/wp-json\/wp\/v2\/product_brand?post=70295288"},{"taxonomy":"product_cat","embeddable":true,"href":"https:\/\/bpk-archive.de\/tuellmann\/wp-json\/wp\/v2\/product_cat?post=70295288"},{"taxonomy":"product_tag","embeddable":true,"href":"https:\/\/bpk-archive.de\/tuellmann\/wp-json\/wp\/v2\/product_tag?post=70295288"}],"curies":[{"name":"wp","href":"https:\/\/api.w.org\/{rel}","templated":true}]}}