{"id":70295287,"date":"2019-09-05T15:04:28","date_gmt":"2019-09-05T13:04:28","guid":{"rendered":"http:\/\/abisagtuellmann.bpk-news.de\/atbild\/in-einem-geschaeft-fuer-religioese-souvenirs-in-bethlehem\/"},"modified":"2019-09-05T15:04:46","modified_gmt":"2019-09-05T13:04:46","slug":"in-einem-geschaeft-fuer-religioese-souvenirs-in-bethlehem","status":"publish","type":"product","link":"https:\/\/bpk-archive.de\/tuellmann\/produkt\/in-einem-geschaeft-fuer-religioese-souvenirs-in-bethlehem\/","title":{"rendered":"In einem Gesch\u00e4ft f\u00fcr religi\u00f6se Souvenirs in Bethlehem"},"content":{"rendered":"<p>R\u00fcckseitenbeschriftung von Hand der Fotografin: &#8222;Bethlehem&#8220;<\/p>\n","protected":false},"excerpt":{"rendered":"<p>R\u00fcckseitenbeschriftung von Hand der Fotografin: &#8222;Bethlehem&#8220;<\/p>\n","protected":false},"featured_media":70292755,"template":"","meta":[],"product_brand":[],"product_cat":[],"product_tag":[47237,13232,13234,13231,13233,47238,48353,47239,13777,47240,47418,47419,47420,47421,47422,47423,47424,51451,47622,47623,47624,47625,47626,47627,47241,47245,47246,47247,48359,48360,47248,47249,47250,47251,47252,47253,47254,47255,49077,49078,14177,47989,49838,52083,52084,13473,13293,13786,13787,13294,13295,13296,13297,47267,49477,49478,47557,47558,47559,52085,52086,52087,52088,52089,52090,51458,51459,52091,52092,13498,47279,47750,47280,47281,47282,47283,47284,52093,52094,13812,13813,13814,13815,13816,47560,13818,13819,13826,52095,52096,52097,52098,52099,47320,47322,47321,47323,48070,47327,47328,47329,47330,47331,13328,13827,13828,13329,13330,13331,13332,47332,13843,47958,48274,48275,49233,49234,49375,49376,49377,49378,49379,49380,47333,47334,47335,47336,47337,47698,47699,47700,13877,13879,13865,13864,13866,13858,13859,13860,13861,13862,13863,13869,13870,13871,13872,14243,14244,14245,14246,14247,14248,14249,51469,52100,52101,51470,48454,13878,13880,52102,52103,49491,49492,52104,47829,47830,13525,48945,47359],"class_list":{"0":"post-70295287","1":"product","2":"type-product","3":"status-publish","4":"has-post-thumbnail","6":"product_tag-1980er-jahre","7":"product_tag-20-jahrhundert-nach-chr","8":"product_tag-20-jh-n-chr","9":"product_tag-20-jahrhundert","10":"product_tag-20-jh","11":"product_tag-80er","12":"product_tag-abt_000","13":"product_tag-abt_001","14":"product_tag-abzug","15":"product_tag-achtziger","16":"product_tag-alt","17":"product_tag-alte","18":"product_tag-alten","19":"product_tag-alter","20":"product_tag-aeltere","21":"product_tag-aelterer","22":"product_tag-altes","23":"product_tag-andenken","24":"product_tag-arabisch","25":"product_tag-arabische","26":"product_tag-arabischem","27":"product_tag-arabischen","28":"product_tag-arabischer","29":"product_tag-arabisches","30":"product_tag-at_israel","31":"product_tag-besatzungszeit","32":"product_tag-besatzungszone","33":"product_tag-besatzungszonen","34":"product_tag-beschriftung","35":"product_tag-beschriftungen","36":"product_tag-besetzen","37":"product_tag-besetzt","38":"product_tag-besetzte","39":"product_tag-besetzten","40":"product_tag-besetzter","41":"product_tag-besetztes","42":"product_tag-besetzung","43":"product_tag-besetzungen","44":"product_tag-bethlehem","45":"product_tag-bethlehems","46":"product_tag-blickkontakt","47":"product_tag-christ","48":"product_tag-christentum","49":"product_tag-christi","50":"product_tag-christus","51":"product_tag-drinnen","52":"product_tag-foto","53":"product_tag-fotoabzug","54":"product_tag-fotoabzuege","55":"product_tag-fotografie","56":"product_tag-fotografien","57":"product_tag-fotografin","58":"product_tag-fotografinnen","59":"product_tag-fotoreportage","60":"product_tag-fremdenverkehr","61":"product_tag-fremdenverkehrs","62":"product_tag-geschaeft","63":"product_tag-geschaefte","64":"product_tag-geschaeftes","65":"product_tag-heiligenbild","66":"product_tag-heiligenbilder","67":"product_tag-heiligenbildes","68":"product_tag-heiligenbilds","69":"product_tag-holzfigur","70":"product_tag-holzfiguren","71":"product_tag-holzschnitzerei","72":"product_tag-holzschnitzereien","73":"product_tag-ikone","74":"product_tag-ikonen","75":"product_tag-innen","76":"product_tag-israel","77":"product_tag-israelis","78":"product_tag-israelisch","79":"product_tag-israelische","80":"product_tag-israelischer","81":"product_tag-israelisches","82":"product_tag-israels","83":"product_tag-jesu","84":"product_tag-jesus","85":"product_tag-jung","86":"product_tag-junge","87":"product_tag-jungen","88":"product_tag-junger","89":"product_tag-junges","90":"product_tag-laden","91":"product_tag-mann","92":"product_tag-maenner","93":"product_tag-mannes","94":"product_tag-muerrisch","95":"product_tag-muerrische","96":"product_tag-muerrischen","97":"product_tag-muerrischer","98":"product_tag-muerrisches","99":"product_tag-nahost","100":"product_tag-nahost-konflikt","101":"product_tag-nahostkonflikt","102":"product_tag-okkupation","103":"product_tag-palaestina","104":"product_tag-palaestinensisch","105":"product_tag-palaestinensische","106":"product_tag-palaestinensischen","107":"product_tag-palaestinensischer","108":"product_tag-palaestinensisches","109":"product_tag-photo","110":"product_tag-photoabzug","111":"product_tag-photoabzuege","112":"product_tag-photographie","113":"product_tag-photographien","114":"product_tag-photographin","115":"product_tag-photographinnen","116":"product_tag-photoreportage","117":"product_tag-print","118":"product_tag-querformat","119":"product_tag-regal","120":"product_tag-regale","121":"product_tag-religion","122":"product_tag-religionen","123":"product_tag-religioes","124":"product_tag-religioese","125":"product_tag-religioesem","126":"product_tag-religioesen","127":"product_tag-religioeser","128":"product_tag-religioeses","129":"product_tag-reportage","130":"product_tag-reportagefoto","131":"product_tag-reportagefotografie","132":"product_tag-reportagephoto","133":"product_tag-reportagephotographie","134":"product_tag-rosenkranz","135":"product_tag-rosenkraenze","136":"product_tag-rosenkranzes","137":"product_tag-s-w-fotografie","138":"product_tag-s-w-photographie","139":"product_tag-schwarzweissphotographie","140":"product_tag-schwarz-weiss-fotografie","141":"product_tag-schwarz-weiss-photographie","142":"product_tag-schwarzweiss","143":"product_tag-schwarzweisse","144":"product_tag-schwarzweissen","145":"product_tag-schwarzweisser","146":"product_tag-schwarzweisses","147":"product_tag-schwarzweissfotografie","148":"product_tag-silbergelatine","149":"product_tag-silbergelatineabzug","150":"product_tag-silbergelatineabzuege","151":"product_tag-silbergelatineprint","152":"product_tag-sitzen","153":"product_tag-sitzend","154":"product_tag-sitzende","155":"product_tag-sitzenden","156":"product_tag-sitzender","157":"product_tag-sitzendes","158":"product_tag-sitzt","159":"product_tag-souvenir","160":"product_tag-souvenirgeschaeft","161":"product_tag-souvenirladen","162":"product_tag-souvenirs","163":"product_tag-stempel","164":"product_tag-sw-fotografie","165":"product_tag-sw-photographie","166":"product_tag-theke","167":"product_tag-theken","168":"product_tag-tourismus","169":"product_tag-touristik","170":"product_tag-tresen","171":"product_tag-verkaeufer","172":"product_tag-verkaeufers","173":"product_tag-von-innen","174":"product_tag-westjordanland","175":"product_tag-zwei","176":"pa_datierung-mai-1981","177":"pa_fotograf-abisag-tuellmann","178":"pa_geografischer_bezug-aufnahmeort-bethlehem-israel-westjordanland","179":"pa_grunddaten_material_technik-foto-silbergelatine-auf-barytpapier","180":"pa_inventarnummer-tue-81-025-24","181":"pa_jahr_von-48126","182":"pa_massangaben-bildformat-foto-20-x-303-cm","183":"pa_mediennummer-52081","184":"pa_objekt_typ-fotografie","186":"first","187":"instock","188":"product-type-simple"},"yoast_head":"<!-- This site is optimized with the Yoast SEO plugin v27.4 - https:\/\/yoast.com\/product\/yoast-seo-wordpress\/ -->\n<title>In einem Gesch\u00e4ft f\u00fcr religi\u00f6se Souvenirs in Bethlehem - Abisag T\u00fcllmann<\/title>\n<meta name=\"robots\" content=\"index, follow, max-snippet:-1, max-image-preview:large, max-video-preview:-1\" \/>\n<link rel=\"canonical\" href=\"https:\/\/bpk-archive.de\/tuellmann\/produkt\/in-einem-geschaeft-fuer-religioese-souvenirs-in-bethlehem\/\" \/>\n<meta property=\"og:locale\" content=\"de_DE\" \/>\n<meta property=\"og:type\" content=\"article\" \/>\n<meta property=\"og:title\" content=\"In einem Gesch\u00e4ft f\u00fcr religi\u00f6se Souvenirs in Bethlehem - Abisag T\u00fcllmann\" \/>\n<meta property=\"og:description\" content=\"R\u00fcckseitenbeschriftung von Hand der Fotografin: &#8222;Bethlehem&#8220;\" \/>\n<meta property=\"og:url\" content=\"https:\/\/bpk-archive.de\/tuellmann\/produkt\/in-einem-geschaeft-fuer-religioese-souvenirs-in-bethlehem\/\" \/>\n<meta property=\"og:site_name\" content=\"Abisag T\u00fcllmann\" \/>\n<meta property=\"article:modified_time\" content=\"2019-09-05T13:04:46+00:00\" \/>\n<meta property=\"og:image\" content=\"https:\/\/bpk-archive.de\/tuellmann\/wp-content\/uploads\/2019\/08\/bpk_70269467.jpg\" \/>\n\t<meta property=\"og:image:width\" content=\"1200\" \/>\n\t<meta property=\"og:image:height\" content=\"812\" \/>\n\t<meta property=\"og:image:type\" content=\"image\/jpeg\" \/>\n<meta name=\"twitter:card\" content=\"summary_large_image\" \/>\n<script type=\"application\/ld+json\" class=\"yoast-schema-graph\">{\"@context\":\"https:\\\/\\\/schema.org\",\"@graph\":[{\"@type\":\"WebPage\",\"@id\":\"https:\\\/\\\/bpk-archive.de\\\/tuellmann\\\/produkt\\\/in-einem-geschaeft-fuer-religioese-souvenirs-in-bethlehem\\\/\",\"url\":\"https:\\\/\\\/bpk-archive.de\\\/tuellmann\\\/produkt\\\/in-einem-geschaeft-fuer-religioese-souvenirs-in-bethlehem\\\/\",\"name\":\"In einem Gesch\u00e4ft f\u00fcr religi\u00f6se Souvenirs in Bethlehem - Abisag T\u00fcllmann\",\"isPartOf\":{\"@id\":\"https:\\\/\\\/bpk-archive.de\\\/tuellmann\\\/#website\"},\"primaryImageOfPage\":{\"@id\":\"https:\\\/\\\/bpk-archive.de\\\/tuellmann\\\/produkt\\\/in-einem-geschaeft-fuer-religioese-souvenirs-in-bethlehem\\\/#primaryimage\"},\"image\":{\"@id\":\"https:\\\/\\\/bpk-archive.de\\\/tuellmann\\\/produkt\\\/in-einem-geschaeft-fuer-religioese-souvenirs-in-bethlehem\\\/#primaryimage\"},\"thumbnailUrl\":\"https:\\\/\\\/bpk-archive.de\\\/tuellmann\\\/wp-content\\\/uploads\\\/2019\\\/08\\\/bpk_70269467.jpg\",\"datePublished\":\"2019-09-05T13:04:28+00:00\",\"dateModified\":\"2019-09-05T13:04:46+00:00\",\"breadcrumb\":{\"@id\":\"https:\\\/\\\/bpk-archive.de\\\/tuellmann\\\/produkt\\\/in-einem-geschaeft-fuer-religioese-souvenirs-in-bethlehem\\\/#breadcrumb\"},\"inLanguage\":\"de\",\"potentialAction\":[{\"@type\":\"ReadAction\",\"target\":[\"https:\\\/\\\/bpk-archive.de\\\/tuellmann\\\/produkt\\\/in-einem-geschaeft-fuer-religioese-souvenirs-in-bethlehem\\\/\"]}]},{\"@type\":\"ImageObject\",\"inLanguage\":\"de\",\"@id\":\"https:\\\/\\\/bpk-archive.de\\\/tuellmann\\\/produkt\\\/in-einem-geschaeft-fuer-religioese-souvenirs-in-bethlehem\\\/#primaryimage\",\"url\":\"https:\\\/\\\/bpk-archive.de\\\/tuellmann\\\/wp-content\\\/uploads\\\/2019\\\/08\\\/bpk_70269467.jpg\",\"contentUrl\":\"https:\\\/\\\/bpk-archive.de\\\/tuellmann\\\/wp-content\\\/uploads\\\/2019\\\/08\\\/bpk_70269467.jpg\",\"width\":1200,\"height\":812,\"caption\":\"In einem Gesch\u00e4ft f\u00fcr religi\u00f6se Souvenirs in Bethlehem\"},{\"@type\":\"BreadcrumbList\",\"@id\":\"https:\\\/\\\/bpk-archive.de\\\/tuellmann\\\/produkt\\\/in-einem-geschaeft-fuer-religioese-souvenirs-in-bethlehem\\\/#breadcrumb\",\"itemListElement\":[{\"@type\":\"ListItem\",\"position\":1,\"name\":\"Startseite\",\"item\":\"https:\\\/\\\/bpk-archive.de\\\/tuellmann\\\/\"},{\"@type\":\"ListItem\",\"position\":2,\"name\":\"Shop\",\"item\":\"https:\\\/\\\/bpk-archive.de\\\/tuellmann\\\/shop\\\/\"},{\"@type\":\"ListItem\",\"position\":3,\"name\":\"In einem Gesch\u00e4ft f\u00fcr religi\u00f6se Souvenirs in Bethlehem\"}]},{\"@type\":\"WebSite\",\"@id\":\"https:\\\/\\\/bpk-archive.de\\\/tuellmann\\\/#website\",\"url\":\"https:\\\/\\\/bpk-archive.de\\\/tuellmann\\\/\",\"name\":\"Abisag T\u00fcllmann\",\"description\":\"Eine weitere WordPress-Website\",\"potentialAction\":[{\"@type\":\"SearchAction\",\"target\":{\"@type\":\"EntryPoint\",\"urlTemplate\":\"https:\\\/\\\/bpk-archive.de\\\/tuellmann\\\/?s={search_term_string}\"},\"query-input\":{\"@type\":\"PropertyValueSpecification\",\"valueRequired\":true,\"valueName\":\"search_term_string\"}}],\"inLanguage\":\"de\"}]}<\/script>\n<!-- \/ Yoast SEO plugin. -->","yoast_head_json":{"title":"In einem Gesch\u00e4ft f\u00fcr religi\u00f6se Souvenirs in Bethlehem - Abisag T\u00fcllmann","robots":{"index":"index","follow":"follow","max-snippet":"max-snippet:-1","max-image-preview":"max-image-preview:large","max-video-preview":"max-video-preview:-1"},"canonical":"https:\/\/bpk-archive.de\/tuellmann\/produkt\/in-einem-geschaeft-fuer-religioese-souvenirs-in-bethlehem\/","og_locale":"de_DE","og_type":"article","og_title":"In einem Gesch\u00e4ft f\u00fcr religi\u00f6se Souvenirs in Bethlehem - Abisag T\u00fcllmann","og_description":"R\u00fcckseitenbeschriftung von Hand der Fotografin: &#8222;Bethlehem&#8220;","og_url":"https:\/\/bpk-archive.de\/tuellmann\/produkt\/in-einem-geschaeft-fuer-religioese-souvenirs-in-bethlehem\/","og_site_name":"Abisag T\u00fcllmann","article_modified_time":"2019-09-05T13:04:46+00:00","og_image":[{"width":1200,"height":812,"url":"https:\/\/bpk-archive.de\/tuellmann\/wp-content\/uploads\/2019\/08\/bpk_70269467.jpg","type":"image\/jpeg"}],"twitter_card":"summary_large_image","schema":{"@context":"https:\/\/schema.org","@graph":[{"@type":"WebPage","@id":"https:\/\/bpk-archive.de\/tuellmann\/produkt\/in-einem-geschaeft-fuer-religioese-souvenirs-in-bethlehem\/","url":"https:\/\/bpk-archive.de\/tuellmann\/produkt\/in-einem-geschaeft-fuer-religioese-souvenirs-in-bethlehem\/","name":"In einem Gesch\u00e4ft f\u00fcr religi\u00f6se Souvenirs in Bethlehem - Abisag T\u00fcllmann","isPartOf":{"@id":"https:\/\/bpk-archive.de\/tuellmann\/#website"},"primaryImageOfPage":{"@id":"https:\/\/bpk-archive.de\/tuellmann\/produkt\/in-einem-geschaeft-fuer-religioese-souvenirs-in-bethlehem\/#primaryimage"},"image":{"@id":"https:\/\/bpk-archive.de\/tuellmann\/produkt\/in-einem-geschaeft-fuer-religioese-souvenirs-in-bethlehem\/#primaryimage"},"thumbnailUrl":"https:\/\/bpk-archive.de\/tuellmann\/wp-content\/uploads\/2019\/08\/bpk_70269467.jpg","datePublished":"2019-09-05T13:04:28+00:00","dateModified":"2019-09-05T13:04:46+00:00","breadcrumb":{"@id":"https:\/\/bpk-archive.de\/tuellmann\/produkt\/in-einem-geschaeft-fuer-religioese-souvenirs-in-bethlehem\/#breadcrumb"},"inLanguage":"de","potentialAction":[{"@type":"ReadAction","target":["https:\/\/bpk-archive.de\/tuellmann\/produkt\/in-einem-geschaeft-fuer-religioese-souvenirs-in-bethlehem\/"]}]},{"@type":"ImageObject","inLanguage":"de","@id":"https:\/\/bpk-archive.de\/tuellmann\/produkt\/in-einem-geschaeft-fuer-religioese-souvenirs-in-bethlehem\/#primaryimage","url":"https:\/\/bpk-archive.de\/tuellmann\/wp-content\/uploads\/2019\/08\/bpk_70269467.jpg","contentUrl":"https:\/\/bpk-archive.de\/tuellmann\/wp-content\/uploads\/2019\/08\/bpk_70269467.jpg","width":1200,"height":812,"caption":"In einem Gesch\u00e4ft f\u00fcr religi\u00f6se Souvenirs in Bethlehem"},{"@type":"BreadcrumbList","@id":"https:\/\/bpk-archive.de\/tuellmann\/produkt\/in-einem-geschaeft-fuer-religioese-souvenirs-in-bethlehem\/#breadcrumb","itemListElement":[{"@type":"ListItem","position":1,"name":"Startseite","item":"https:\/\/bpk-archive.de\/tuellmann\/"},{"@type":"ListItem","position":2,"name":"Shop","item":"https:\/\/bpk-archive.de\/tuellmann\/shop\/"},{"@type":"ListItem","position":3,"name":"In einem Gesch\u00e4ft f\u00fcr religi\u00f6se Souvenirs in Bethlehem"}]},{"@type":"WebSite","@id":"https:\/\/bpk-archive.de\/tuellmann\/#website","url":"https:\/\/bpk-archive.de\/tuellmann\/","name":"Abisag T\u00fcllmann","description":"Eine weitere WordPress-Website","potentialAction":[{"@type":"SearchAction","target":{"@type":"EntryPoint","urlTemplate":"https:\/\/bpk-archive.de\/tuellmann\/?s={search_term_string}"},"query-input":{"@type":"PropertyValueSpecification","valueRequired":true,"valueName":"search_term_string"}}],"inLanguage":"de"}]}},"_links":{"self":[{"href":"https:\/\/bpk-archive.de\/tuellmann\/wp-json\/wp\/v2\/product\/70295287","targetHints":{"allow":["GET"]}}],"collection":[{"href":"https:\/\/bpk-archive.de\/tuellmann\/wp-json\/wp\/v2\/product"}],"about":[{"href":"https:\/\/bpk-archive.de\/tuellmann\/wp-json\/wp\/v2\/types\/product"}],"wp:featuredmedia":[{"embeddable":true,"href":"https:\/\/bpk-archive.de\/tuellmann\/wp-json\/wp\/v2\/media\/70292755"}],"wp:attachment":[{"href":"https:\/\/bpk-archive.de\/tuellmann\/wp-json\/wp\/v2\/media?parent=70295287"}],"wp:term":[{"taxonomy":"product_brand","embeddable":true,"href":"https:\/\/bpk-archive.de\/tuellmann\/wp-json\/wp\/v2\/product_brand?post=70295287"},{"taxonomy":"product_cat","embeddable":true,"href":"https:\/\/bpk-archive.de\/tuellmann\/wp-json\/wp\/v2\/product_cat?post=70295287"},{"taxonomy":"product_tag","embeddable":true,"href":"https:\/\/bpk-archive.de\/tuellmann\/wp-json\/wp\/v2\/product_tag?post=70295287"}],"curies":[{"name":"wp","href":"https:\/\/api.w.org\/{rel}","templated":true}]}}