{"id":70295274,"date":"2019-09-05T15:04:28","date_gmt":"2019-09-05T13:04:28","guid":{"rendered":"http:\/\/abisagtuellmann.bpk-news.de\/atbild\/swapo-anhaenger-in-suedafrika\/"},"modified":"2019-09-05T15:04:32","modified_gmt":"2019-09-05T13:04:32","slug":"swapo-anhaenger-in-suedafrika","status":"publish","type":"product","link":"https:\/\/bpk-archive.de\/tuellmann\/produkt\/swapo-anhaenger-in-suedafrika\/","title":{"rendered":"SWAPO-Anh\u00e4nger in S\u00fcdafrika"},"content":{"rendered":"","protected":false},"excerpt":{"rendered":"","protected":false},"featured_media":70293748,"template":"","meta":[],"product_brand":[],"product_cat":[],"product_tag":[13230,13232,13234,13231,13233,13235,51803,13777,13236,13237,13240,13241,13242,13243,13244,13245,49061,49062,51804,13250,51805,51806,13253,13254,13255,13256,13257,13260,13261,13268,13269,13270,13271,13293,13786,13787,13294,13295,13296,13297,13487,13488,13301,13626,13627,13818,13819,13826,47447,47448,14071,14072,13328,13827,13828,13329,13330,13331,13332,48322,47901,47902,13843,51807,51808,49066,51809,51810,49067,49068,49070,51076,51077,13877,13879,13865,13864,13866,13351,13352,13353,13858,13859,13860,13861,13862,13863,13354,13869,13870,13871,13872,14243,14244,14245,14246,14247,14248,14249,51004,51005,13519,13520,13521,13522,13523,13524,13363,51811,13364,13365,13366,13367,13368,13369,13878,13880,51812,51813,51814,51815,51816,51817,51818],"class_list":{"0":"post-70295274","1":"product","2":"type-product","3":"status-publish","4":"has-post-thumbnail","6":"product_tag-1970er-jahre","7":"product_tag-20-jahrhundert-nach-chr","8":"product_tag-20-jh-n-chr","9":"product_tag-20-jahrhundert","10":"product_tag-20-jh","11":"product_tag-70er","12":"product_tag-abt_021","13":"product_tag-abzug","14":"product_tag-afrika","15":"product_tag-afrikaner","16":"product_tag-afrikanisch","17":"product_tag-afrikanische","18":"product_tag-afrikanischen","19":"product_tag-afrikanischer","20":"product_tag-afrikanisches","21":"product_tag-afrikas","22":"product_tag-ansprache","23":"product_tag-ansprachen","24":"product_tag-at_suedafrika","25":"product_tag-aussen","26":"product_tag-buehne","27":"product_tag-buehnen","28":"product_tag-deutsch","29":"product_tag-deutsche","30":"product_tag-deutschen","31":"product_tag-deutscher","32":"product_tag-deutsches","33":"product_tag-draussen","34":"product_tag-dunkelhaeutiger","35":"product_tag-farbige","36":"product_tag-farbigen","37":"product_tag-farbiger","38":"product_tag-farbiges","39":"product_tag-foto","40":"product_tag-fotoabzug","41":"product_tag-fotoabzuege","42":"product_tag-fotografie","43":"product_tag-fotografien","44":"product_tag-fotografin","45":"product_tag-fotografinnen","46":"product_tag-frau","47":"product_tag-frauen","48":"product_tag-im-freien","49":"product_tag-kundgebung","50":"product_tag-kundgebungen","51":"product_tag-mann","52":"product_tag-maenner","53":"product_tag-mannes","54":"product_tag-menschengruppe","55":"product_tag-menschengruppen","56":"product_tag-mikrofon","57":"product_tag-mikrophon","58":"product_tag-photo","59":"product_tag-photoabzug","60":"product_tag-photoabzuege","61":"product_tag-photographie","62":"product_tag-photographien","63":"product_tag-photographin","64":"product_tag-photographinnen","65":"product_tag-politik","66":"product_tag-politiker","67":"product_tag-politikers","68":"product_tag-print","69":"product_tag-publikum","70":"product_tag-publikums","71":"product_tag-redner","72":"product_tag-rednerin","73":"product_tag-rednerinnen","74":"product_tag-rednerpose","75":"product_tag-rednerposen","76":"product_tag-redners","77":"product_tag-rednertribuene","78":"product_tag-rednertribuenen","79":"product_tag-s-w-fotografie","80":"product_tag-s-w-photographie","81":"product_tag-schwarzweissphotographie","82":"product_tag-schwarz-weiss-fotografie","83":"product_tag-schwarz-weiss-photographie","84":"product_tag-schwarze","85":"product_tag-schwarzen","86":"product_tag-schwarzer","87":"product_tag-schwarzweiss","88":"product_tag-schwarzweisse","89":"product_tag-schwarzweissen","90":"product_tag-schwarzweisser","91":"product_tag-schwarzweisses","92":"product_tag-schwarzweissfotografie","93":"product_tag-siebziger","94":"product_tag-silbergelatine","95":"product_tag-silbergelatineabzug","96":"product_tag-silbergelatineabzuege","97":"product_tag-silbergelatineprint","98":"product_tag-sitzen","99":"product_tag-sitzend","100":"product_tag-sitzende","101":"product_tag-sitzenden","102":"product_tag-sitzender","103":"product_tag-sitzendes","104":"product_tag-sitzt","105":"product_tag-sonnenbrille","106":"product_tag-sonnenbrillen","107":"product_tag-stehen","108":"product_tag-stehend","109":"product_tag-stehende","110":"product_tag-stehenden","111":"product_tag-stehender","112":"product_tag-stehendes","113":"product_tag-suedafrika","114":"product_tag-suedafrikaner","115":"product_tag-suedafrikanisch","116":"product_tag-suedafrikanische","117":"product_tag-suedafrikanischen","118":"product_tag-suedafrikanischer","119":"product_tag-suedafrikanisches","120":"product_tag-suedafrikas","121":"product_tag-sw-fotografie","122":"product_tag-sw-photographie","123":"product_tag-zuhoererin","124":"product_tag-zuhoererinnen","125":"product_tag-zuschauer","126":"product_tag-zuschauerin","127":"product_tag-zuschauerinnen","128":"product_tag-zuschauern","129":"product_tag-zuschauers","130":"pa_datierung-13074","131":"pa_fotograf-abisag-tuellmann","132":"pa_geografischer_bezug-aufnahmeort-suedafrika","133":"pa_grunddaten_material_technik-foto-silbergelatine-auf-barytpapier","134":"pa_jahr_von-51802","135":"pa_massangaben-bildformat-foto-234-x-302-cm","136":"pa_mediennummer-51800","137":"pa_objekt_typ-fotografie","139":"first","140":"instock","141":"product-type-simple"},"yoast_head":"<!-- This site is optimized with the Yoast SEO plugin v27.3 - https:\/\/yoast.com\/product\/yoast-seo-wordpress\/ -->\n<title>SWAPO-Anh\u00e4nger in S\u00fcdafrika - Abisag T\u00fcllmann<\/title>\n<meta name=\"robots\" content=\"index, follow, max-snippet:-1, max-image-preview:large, max-video-preview:-1\" \/>\n<link rel=\"canonical\" href=\"https:\/\/bpk-archive.de\/tuellmann\/produkt\/swapo-anhaenger-in-suedafrika\/\" \/>\n<meta property=\"og:locale\" content=\"de_DE\" \/>\n<meta property=\"og:type\" content=\"article\" \/>\n<meta property=\"og:title\" content=\"SWAPO-Anh\u00e4nger in S\u00fcdafrika - Abisag T\u00fcllmann\" \/>\n<meta property=\"og:url\" content=\"https:\/\/bpk-archive.de\/tuellmann\/produkt\/swapo-anhaenger-in-suedafrika\/\" \/>\n<meta property=\"og:site_name\" content=\"Abisag T\u00fcllmann\" \/>\n<meta property=\"article:modified_time\" content=\"2019-09-05T13:04:32+00:00\" \/>\n<meta property=\"og:image\" content=\"https:\/\/bpk-archive.de\/tuellmann\/wp-content\/uploads\/2019\/08\/bpk_70371099.jpg\" \/>\n\t<meta property=\"og:image:width\" content=\"1200\" \/>\n\t<meta property=\"og:image:height\" content=\"937\" \/>\n\t<meta property=\"og:image:type\" content=\"image\/jpeg\" \/>\n<meta name=\"twitter:card\" content=\"summary_large_image\" \/>\n<script type=\"application\/ld+json\" class=\"yoast-schema-graph\">{\"@context\":\"https:\\\/\\\/schema.org\",\"@graph\":[{\"@type\":\"WebPage\",\"@id\":\"https:\\\/\\\/bpk-archive.de\\\/tuellmann\\\/produkt\\\/swapo-anhaenger-in-suedafrika\\\/\",\"url\":\"https:\\\/\\\/bpk-archive.de\\\/tuellmann\\\/produkt\\\/swapo-anhaenger-in-suedafrika\\\/\",\"name\":\"SWAPO-Anh\u00e4nger in S\u00fcdafrika - Abisag T\u00fcllmann\",\"isPartOf\":{\"@id\":\"https:\\\/\\\/bpk-archive.de\\\/tuellmann\\\/#website\"},\"primaryImageOfPage\":{\"@id\":\"https:\\\/\\\/bpk-archive.de\\\/tuellmann\\\/produkt\\\/swapo-anhaenger-in-suedafrika\\\/#primaryimage\"},\"image\":{\"@id\":\"https:\\\/\\\/bpk-archive.de\\\/tuellmann\\\/produkt\\\/swapo-anhaenger-in-suedafrika\\\/#primaryimage\"},\"thumbnailUrl\":\"https:\\\/\\\/bpk-archive.de\\\/tuellmann\\\/wp-content\\\/uploads\\\/2019\\\/08\\\/bpk_70371099.jpg\",\"datePublished\":\"2019-09-05T13:04:28+00:00\",\"dateModified\":\"2019-09-05T13:04:32+00:00\",\"breadcrumb\":{\"@id\":\"https:\\\/\\\/bpk-archive.de\\\/tuellmann\\\/produkt\\\/swapo-anhaenger-in-suedafrika\\\/#breadcrumb\"},\"inLanguage\":\"de\",\"potentialAction\":[{\"@type\":\"ReadAction\",\"target\":[\"https:\\\/\\\/bpk-archive.de\\\/tuellmann\\\/produkt\\\/swapo-anhaenger-in-suedafrika\\\/\"]}]},{\"@type\":\"ImageObject\",\"inLanguage\":\"de\",\"@id\":\"https:\\\/\\\/bpk-archive.de\\\/tuellmann\\\/produkt\\\/swapo-anhaenger-in-suedafrika\\\/#primaryimage\",\"url\":\"https:\\\/\\\/bpk-archive.de\\\/tuellmann\\\/wp-content\\\/uploads\\\/2019\\\/08\\\/bpk_70371099.jpg\",\"contentUrl\":\"https:\\\/\\\/bpk-archive.de\\\/tuellmann\\\/wp-content\\\/uploads\\\/2019\\\/08\\\/bpk_70371099.jpg\",\"width\":1200,\"height\":937,\"caption\":\"SWAPO-Anh\u00e4nger in S\u00fcdafrika\"},{\"@type\":\"BreadcrumbList\",\"@id\":\"https:\\\/\\\/bpk-archive.de\\\/tuellmann\\\/produkt\\\/swapo-anhaenger-in-suedafrika\\\/#breadcrumb\",\"itemListElement\":[{\"@type\":\"ListItem\",\"position\":1,\"name\":\"Startseite\",\"item\":\"https:\\\/\\\/bpk-archive.de\\\/tuellmann\\\/\"},{\"@type\":\"ListItem\",\"position\":2,\"name\":\"Shop\",\"item\":\"https:\\\/\\\/bpk-archive.de\\\/tuellmann\\\/shop\\\/\"},{\"@type\":\"ListItem\",\"position\":3,\"name\":\"SWAPO-Anh\u00e4nger in S\u00fcdafrika\"}]},{\"@type\":\"WebSite\",\"@id\":\"https:\\\/\\\/bpk-archive.de\\\/tuellmann\\\/#website\",\"url\":\"https:\\\/\\\/bpk-archive.de\\\/tuellmann\\\/\",\"name\":\"Abisag T\u00fcllmann\",\"description\":\"Eine weitere WordPress-Website\",\"potentialAction\":[{\"@type\":\"SearchAction\",\"target\":{\"@type\":\"EntryPoint\",\"urlTemplate\":\"https:\\\/\\\/bpk-archive.de\\\/tuellmann\\\/?s={search_term_string}\"},\"query-input\":{\"@type\":\"PropertyValueSpecification\",\"valueRequired\":true,\"valueName\":\"search_term_string\"}}],\"inLanguage\":\"de\"}]}<\/script>\n<!-- \/ Yoast SEO plugin. -->","yoast_head_json":{"title":"SWAPO-Anh\u00e4nger in S\u00fcdafrika - Abisag T\u00fcllmann","robots":{"index":"index","follow":"follow","max-snippet":"max-snippet:-1","max-image-preview":"max-image-preview:large","max-video-preview":"max-video-preview:-1"},"canonical":"https:\/\/bpk-archive.de\/tuellmann\/produkt\/swapo-anhaenger-in-suedafrika\/","og_locale":"de_DE","og_type":"article","og_title":"SWAPO-Anh\u00e4nger in S\u00fcdafrika - Abisag T\u00fcllmann","og_url":"https:\/\/bpk-archive.de\/tuellmann\/produkt\/swapo-anhaenger-in-suedafrika\/","og_site_name":"Abisag T\u00fcllmann","article_modified_time":"2019-09-05T13:04:32+00:00","og_image":[{"width":1200,"height":937,"url":"https:\/\/bpk-archive.de\/tuellmann\/wp-content\/uploads\/2019\/08\/bpk_70371099.jpg","type":"image\/jpeg"}],"twitter_card":"summary_large_image","schema":{"@context":"https:\/\/schema.org","@graph":[{"@type":"WebPage","@id":"https:\/\/bpk-archive.de\/tuellmann\/produkt\/swapo-anhaenger-in-suedafrika\/","url":"https:\/\/bpk-archive.de\/tuellmann\/produkt\/swapo-anhaenger-in-suedafrika\/","name":"SWAPO-Anh\u00e4nger in S\u00fcdafrika - Abisag T\u00fcllmann","isPartOf":{"@id":"https:\/\/bpk-archive.de\/tuellmann\/#website"},"primaryImageOfPage":{"@id":"https:\/\/bpk-archive.de\/tuellmann\/produkt\/swapo-anhaenger-in-suedafrika\/#primaryimage"},"image":{"@id":"https:\/\/bpk-archive.de\/tuellmann\/produkt\/swapo-anhaenger-in-suedafrika\/#primaryimage"},"thumbnailUrl":"https:\/\/bpk-archive.de\/tuellmann\/wp-content\/uploads\/2019\/08\/bpk_70371099.jpg","datePublished":"2019-09-05T13:04:28+00:00","dateModified":"2019-09-05T13:04:32+00:00","breadcrumb":{"@id":"https:\/\/bpk-archive.de\/tuellmann\/produkt\/swapo-anhaenger-in-suedafrika\/#breadcrumb"},"inLanguage":"de","potentialAction":[{"@type":"ReadAction","target":["https:\/\/bpk-archive.de\/tuellmann\/produkt\/swapo-anhaenger-in-suedafrika\/"]}]},{"@type":"ImageObject","inLanguage":"de","@id":"https:\/\/bpk-archive.de\/tuellmann\/produkt\/swapo-anhaenger-in-suedafrika\/#primaryimage","url":"https:\/\/bpk-archive.de\/tuellmann\/wp-content\/uploads\/2019\/08\/bpk_70371099.jpg","contentUrl":"https:\/\/bpk-archive.de\/tuellmann\/wp-content\/uploads\/2019\/08\/bpk_70371099.jpg","width":1200,"height":937,"caption":"SWAPO-Anh\u00e4nger in S\u00fcdafrika"},{"@type":"BreadcrumbList","@id":"https:\/\/bpk-archive.de\/tuellmann\/produkt\/swapo-anhaenger-in-suedafrika\/#breadcrumb","itemListElement":[{"@type":"ListItem","position":1,"name":"Startseite","item":"https:\/\/bpk-archive.de\/tuellmann\/"},{"@type":"ListItem","position":2,"name":"Shop","item":"https:\/\/bpk-archive.de\/tuellmann\/shop\/"},{"@type":"ListItem","position":3,"name":"SWAPO-Anh\u00e4nger in S\u00fcdafrika"}]},{"@type":"WebSite","@id":"https:\/\/bpk-archive.de\/tuellmann\/#website","url":"https:\/\/bpk-archive.de\/tuellmann\/","name":"Abisag T\u00fcllmann","description":"Eine weitere WordPress-Website","potentialAction":[{"@type":"SearchAction","target":{"@type":"EntryPoint","urlTemplate":"https:\/\/bpk-archive.de\/tuellmann\/?s={search_term_string}"},"query-input":{"@type":"PropertyValueSpecification","valueRequired":true,"valueName":"search_term_string"}}],"inLanguage":"de"}]}},"_links":{"self":[{"href":"https:\/\/bpk-archive.de\/tuellmann\/wp-json\/wp\/v2\/product\/70295274","targetHints":{"allow":["GET"]}}],"collection":[{"href":"https:\/\/bpk-archive.de\/tuellmann\/wp-json\/wp\/v2\/product"}],"about":[{"href":"https:\/\/bpk-archive.de\/tuellmann\/wp-json\/wp\/v2\/types\/product"}],"wp:featuredmedia":[{"embeddable":true,"href":"https:\/\/bpk-archive.de\/tuellmann\/wp-json\/wp\/v2\/media\/70293748"}],"wp:attachment":[{"href":"https:\/\/bpk-archive.de\/tuellmann\/wp-json\/wp\/v2\/media?parent=70295274"}],"wp:term":[{"taxonomy":"product_brand","embeddable":true,"href":"https:\/\/bpk-archive.de\/tuellmann\/wp-json\/wp\/v2\/product_brand?post=70295274"},{"taxonomy":"product_cat","embeddable":true,"href":"https:\/\/bpk-archive.de\/tuellmann\/wp-json\/wp\/v2\/product_cat?post=70295274"},{"taxonomy":"product_tag","embeddable":true,"href":"https:\/\/bpk-archive.de\/tuellmann\/wp-json\/wp\/v2\/product_tag?post=70295274"}],"curies":[{"name":"wp","href":"https:\/\/api.w.org\/{rel}","templated":true}]}}