{"id":70295246,"date":"2019-09-05T15:03:40","date_gmt":"2019-09-05T13:03:40","guid":{"rendered":"http:\/\/abisagtuellmann.bpk-news.de\/atbild\/militaercamp-bei-nablus-im-westjordanland\/"},"modified":"2019-09-05T15:03:58","modified_gmt":"2019-09-05T13:03:58","slug":"militaercamp-bei-nablus-im-westjordanland","status":"publish","type":"product","link":"https:\/\/bpk-archive.de\/tuellmann\/produkt\/militaercamp-bei-nablus-im-westjordanland\/","title":{"rendered":"Milit\u00e4rcamp bei Nablus im Westjordanland"},"content":{"rendered":"<p>R\u00fcckseitenbeschriftung von Hand der Fotografin: &#8222;Israel: Milit\u00e4rcamp auf der Westbank bei Nablus&#8220;<\/p>\n","protected":false},"excerpt":{"rendered":"<p>R\u00fcckseitenbeschriftung von Hand der Fotografin: &#8222;Israel: Milit\u00e4rcamp auf der Westbank bei Nablus&#8220;<\/p>\n","protected":false},"featured_media":70292808,"template":"","meta":[],"product_brand":[],"product_cat":[],"product_tag":[47237,13232,13234,13231,13233,47238,47922,47923,48353,47239,13777,47240,48387,48388,47241,13250,48043,48044,48045,47245,47246,47247,47248,47249,47250,47251,47252,47253,47254,47255,47925,47926,48047,48048,48049,48050,48051,14177,14180,47928,13260,51101,51102,51108,51109,13293,13786,13787,13294,13295,13296,13297,47267,13487,13488,48059,48060,47579,47580,47581,47582,51180,13301,47279,47747,47748,47749,47750,47280,47281,47282,47283,47284,47589,47590,14222,13818,13819,13826,47447,47448,47592,51181,51182,48340,48341,48342,48343,48344,48345,51183,47593,51184,47320,47322,47321,51112,51113,51114,51115,51185,47323,48070,47327,47328,47329,47330,47331,13328,13827,13828,13329,13330,13331,13332,47332,13843,47958,47333,47334,47335,47336,47337,13877,13879,13865,13864,13866,13858,13859,13860,13861,13862,13863,48160,48161,13869,13870,13871,13872,14243,14244,14245,14246,14247,14248,14249,47611,47612,51186,51187,47613,48634,47959,13519,13520,13521,13522,13523,13524,47966,13878,13880,48797,48798,48800,48944,48945,14252,14253],"class_list":{"0":"post-70295246","1":"product","2":"type-product","3":"status-publish","4":"has-post-thumbnail","6":"product_tag-1980er-jahre","7":"product_tag-20-jahrhundert-nach-chr","8":"product_tag-20-jh-n-chr","9":"product_tag-20-jahrhundert","10":"product_tag-20-jh","11":"product_tag-80er","12":"product_tag-absperrung","13":"product_tag-absperrungen","14":"product_tag-abt_000","15":"product_tag-abt_001","16":"product_tag-abzug","17":"product_tag-achtziger","18":"product_tag-anhoehe","19":"product_tag-anhoehen","20":"product_tag-at_israel","21":"product_tag-aussen","22":"product_tag-bergland","23":"product_tag-berglandschaft","24":"product_tag-berglandschaften","25":"product_tag-besatzungszeit","26":"product_tag-besatzungszone","27":"product_tag-besatzungszonen","28":"product_tag-besetzen","29":"product_tag-besetzt","30":"product_tag-besetzte","31":"product_tag-besetzten","32":"product_tag-besetzter","33":"product_tag-besetztes","34":"product_tag-besetzung","35":"product_tag-besetzungen","36":"product_tag-bewachen","37":"product_tag-bewachung","38":"product_tag-bewaffnet","39":"product_tag-bewaffnete","40":"product_tag-bewaffneten","41":"product_tag-bewaffneter","42":"product_tag-bewaffnetes","43":"product_tag-blickkontakt","44":"product_tag-camp","45":"product_tag-drahtverhau","46":"product_tag-draussen","47":"product_tag-fahne","48":"product_tag-fahnen","49":"product_tag-flagge","50":"product_tag-flaggen","51":"product_tag-foto","52":"product_tag-fotoabzug","53":"product_tag-fotoabzuege","54":"product_tag-fotografie","55":"product_tag-fotografien","56":"product_tag-fotografin","57":"product_tag-fotografinnen","58":"product_tag-fotoreportage","59":"product_tag-frau","60":"product_tag-frauen","61":"product_tag-gebirgslandschaft","62":"product_tag-gebirgslandschaften","63":"product_tag-gespraech","64":"product_tag-gespraeche","65":"product_tag-gespraeches","66":"product_tag-gespraechs","67":"product_tag-hochland","68":"product_tag-im-freien","69":"product_tag-israel","70":"product_tag-israeli","71":"product_tag-israelin","72":"product_tag-israelinnen","73":"product_tag-israelis","74":"product_tag-israelisch","75":"product_tag-israelische","76":"product_tag-israelischer","77":"product_tag-israelisches","78":"product_tag-israels","79":"product_tag-konversation","80":"product_tag-konversationen","81":"product_tag-lager","82":"product_tag-mann","83":"product_tag-maenner","84":"product_tag-mannes","85":"product_tag-menschengruppe","86":"product_tag-menschengruppen","87":"product_tag-militaer","88":"product_tag-militaercamp","89":"product_tag-militaercamps","90":"product_tag-militaerisch","91":"product_tag-militaerische","92":"product_tag-militaerischem","93":"product_tag-militaerischen","94":"product_tag-militaerischer","95":"product_tag-militaerisches","96":"product_tag-militaerlager","97":"product_tag-militaers","98":"product_tag-militaerstuetzpunkt","99":"product_tag-nahost","100":"product_tag-nahost-konflikt","101":"product_tag-nahostkonflikt","102":"product_tag-nationalfahne","103":"product_tag-nationalfahnen","104":"product_tag-nationalflagge","105":"product_tag-nationalflaggen","106":"product_tag-natodraht","107":"product_tag-okkupation","108":"product_tag-palaestina","109":"product_tag-palaestinensisch","110":"product_tag-palaestinensische","111":"product_tag-palaestinensischen","112":"product_tag-palaestinensischer","113":"product_tag-palaestinensisches","114":"product_tag-photo","115":"product_tag-photoabzug","116":"product_tag-photoabzuege","117":"product_tag-photographie","118":"product_tag-photographien","119":"product_tag-photographin","120":"product_tag-photographinnen","121":"product_tag-photoreportage","122":"product_tag-print","123":"product_tag-querformat","124":"product_tag-reportage","125":"product_tag-reportagefoto","126":"product_tag-reportagefotografie","127":"product_tag-reportagephoto","128":"product_tag-reportagephotographie","129":"product_tag-s-w-fotografie","130":"product_tag-s-w-photographie","131":"product_tag-schwarzweissphotographie","132":"product_tag-schwarz-weiss-fotografie","133":"product_tag-schwarz-weiss-photographie","134":"product_tag-schwarzweiss","135":"product_tag-schwarzweisse","136":"product_tag-schwarzweissen","137":"product_tag-schwarzweisser","138":"product_tag-schwarzweisses","139":"product_tag-schwarzweissfotografie","140":"product_tag-siedlung","141":"product_tag-siedlungen","142":"product_tag-silbergelatine","143":"product_tag-silbergelatineabzug","144":"product_tag-silbergelatineabzuege","145":"product_tag-silbergelatineprint","146":"product_tag-sitzen","147":"product_tag-sitzend","148":"product_tag-sitzende","149":"product_tag-sitzenden","150":"product_tag-sitzender","151":"product_tag-sitzendes","152":"product_tag-sitzt","153":"product_tag-soldat","154":"product_tag-soldaten","155":"product_tag-soldatin","156":"product_tag-soldatinnen","157":"product_tag-soldats","158":"product_tag-sommer","159":"product_tag-stacheldraht","160":"product_tag-stehen","161":"product_tag-stehend","162":"product_tag-stehende","163":"product_tag-stehenden","164":"product_tag-stehender","165":"product_tag-stehendes","166":"product_tag-stuetzpunkt","167":"product_tag-sw-fotografie","168":"product_tag-sw-photographie","169":"product_tag-uniform","170":"product_tag-uniformen","171":"product_tag-wache","172":"product_tag-westbank","173":"product_tag-westjordanland","174":"product_tag-zelt","175":"product_tag-zelte","176":"pa_datierung-juli-1984","177":"pa_fotograf-abisag-tuellmann","178":"pa_geografischer_bezug-aufnahmeort-nablus-israel-westjordanland","179":"pa_grunddaten_material_technik-foto-silbergelatine-auf-barytpapier","180":"pa_inventarnummer-tue-84-107-03","181":"pa_jahr_von-48351","182":"pa_massangaben-bildformat-foto-233-x-305-cm","183":"pa_mediennummer-51177","184":"pa_objekt_typ-fotografie","186":"first","187":"instock","188":"product-type-simple"},"yoast_head":"<!-- This site is optimized with the Yoast SEO plugin v27.3 - https:\/\/yoast.com\/product\/yoast-seo-wordpress\/ -->\n<title>Milit\u00e4rcamp bei Nablus im Westjordanland - Abisag T\u00fcllmann<\/title>\n<meta name=\"robots\" content=\"index, follow, max-snippet:-1, max-image-preview:large, max-video-preview:-1\" \/>\n<link rel=\"canonical\" href=\"https:\/\/bpk-archive.de\/tuellmann\/produkt\/militaercamp-bei-nablus-im-westjordanland\/\" \/>\n<meta property=\"og:locale\" content=\"de_DE\" \/>\n<meta property=\"og:type\" content=\"article\" \/>\n<meta property=\"og:title\" content=\"Milit\u00e4rcamp bei Nablus im Westjordanland - Abisag T\u00fcllmann\" \/>\n<meta property=\"og:description\" content=\"R\u00fcckseitenbeschriftung von Hand der Fotografin: &#8222;Israel: Milit\u00e4rcamp auf der Westbank bei Nablus&#8220;\" \/>\n<meta property=\"og:url\" content=\"https:\/\/bpk-archive.de\/tuellmann\/produkt\/militaercamp-bei-nablus-im-westjordanland\/\" \/>\n<meta property=\"og:site_name\" content=\"Abisag T\u00fcllmann\" \/>\n<meta property=\"article:modified_time\" content=\"2019-09-05T13:03:58+00:00\" \/>\n<meta property=\"og:image\" content=\"https:\/\/bpk-archive.de\/tuellmann\/wp-content\/uploads\/2019\/08\/bpk_70270822.jpg\" \/>\n\t<meta property=\"og:image:width\" content=\"1200\" \/>\n\t<meta property=\"og:image:height\" content=\"933\" \/>\n\t<meta property=\"og:image:type\" content=\"image\/jpeg\" \/>\n<meta name=\"twitter:card\" content=\"summary_large_image\" \/>\n<script type=\"application\/ld+json\" class=\"yoast-schema-graph\">{\"@context\":\"https:\\\/\\\/schema.org\",\"@graph\":[{\"@type\":\"WebPage\",\"@id\":\"https:\\\/\\\/bpk-archive.de\\\/tuellmann\\\/produkt\\\/militaercamp-bei-nablus-im-westjordanland\\\/\",\"url\":\"https:\\\/\\\/bpk-archive.de\\\/tuellmann\\\/produkt\\\/militaercamp-bei-nablus-im-westjordanland\\\/\",\"name\":\"Milit\u00e4rcamp bei Nablus im Westjordanland - Abisag T\u00fcllmann\",\"isPartOf\":{\"@id\":\"https:\\\/\\\/bpk-archive.de\\\/tuellmann\\\/#website\"},\"primaryImageOfPage\":{\"@id\":\"https:\\\/\\\/bpk-archive.de\\\/tuellmann\\\/produkt\\\/militaercamp-bei-nablus-im-westjordanland\\\/#primaryimage\"},\"image\":{\"@id\":\"https:\\\/\\\/bpk-archive.de\\\/tuellmann\\\/produkt\\\/militaercamp-bei-nablus-im-westjordanland\\\/#primaryimage\"},\"thumbnailUrl\":\"https:\\\/\\\/bpk-archive.de\\\/tuellmann\\\/wp-content\\\/uploads\\\/2019\\\/08\\\/bpk_70270822.jpg\",\"datePublished\":\"2019-09-05T13:03:40+00:00\",\"dateModified\":\"2019-09-05T13:03:58+00:00\",\"breadcrumb\":{\"@id\":\"https:\\\/\\\/bpk-archive.de\\\/tuellmann\\\/produkt\\\/militaercamp-bei-nablus-im-westjordanland\\\/#breadcrumb\"},\"inLanguage\":\"de\",\"potentialAction\":[{\"@type\":\"ReadAction\",\"target\":[\"https:\\\/\\\/bpk-archive.de\\\/tuellmann\\\/produkt\\\/militaercamp-bei-nablus-im-westjordanland\\\/\"]}]},{\"@type\":\"ImageObject\",\"inLanguage\":\"de\",\"@id\":\"https:\\\/\\\/bpk-archive.de\\\/tuellmann\\\/produkt\\\/militaercamp-bei-nablus-im-westjordanland\\\/#primaryimage\",\"url\":\"https:\\\/\\\/bpk-archive.de\\\/tuellmann\\\/wp-content\\\/uploads\\\/2019\\\/08\\\/bpk_70270822.jpg\",\"contentUrl\":\"https:\\\/\\\/bpk-archive.de\\\/tuellmann\\\/wp-content\\\/uploads\\\/2019\\\/08\\\/bpk_70270822.jpg\",\"width\":1200,\"height\":933,\"caption\":\"Milit\u00e4rcamp bei Nablus im Westjordanland\"},{\"@type\":\"BreadcrumbList\",\"@id\":\"https:\\\/\\\/bpk-archive.de\\\/tuellmann\\\/produkt\\\/militaercamp-bei-nablus-im-westjordanland\\\/#breadcrumb\",\"itemListElement\":[{\"@type\":\"ListItem\",\"position\":1,\"name\":\"Startseite\",\"item\":\"https:\\\/\\\/bpk-archive.de\\\/tuellmann\\\/\"},{\"@type\":\"ListItem\",\"position\":2,\"name\":\"Shop\",\"item\":\"https:\\\/\\\/bpk-archive.de\\\/tuellmann\\\/shop\\\/\"},{\"@type\":\"ListItem\",\"position\":3,\"name\":\"Milit\u00e4rcamp bei Nablus im Westjordanland\"}]},{\"@type\":\"WebSite\",\"@id\":\"https:\\\/\\\/bpk-archive.de\\\/tuellmann\\\/#website\",\"url\":\"https:\\\/\\\/bpk-archive.de\\\/tuellmann\\\/\",\"name\":\"Abisag T\u00fcllmann\",\"description\":\"Eine weitere WordPress-Website\",\"potentialAction\":[{\"@type\":\"SearchAction\",\"target\":{\"@type\":\"EntryPoint\",\"urlTemplate\":\"https:\\\/\\\/bpk-archive.de\\\/tuellmann\\\/?s={search_term_string}\"},\"query-input\":{\"@type\":\"PropertyValueSpecification\",\"valueRequired\":true,\"valueName\":\"search_term_string\"}}],\"inLanguage\":\"de\"}]}<\/script>\n<!-- \/ Yoast SEO plugin. -->","yoast_head_json":{"title":"Milit\u00e4rcamp bei Nablus im Westjordanland - Abisag T\u00fcllmann","robots":{"index":"index","follow":"follow","max-snippet":"max-snippet:-1","max-image-preview":"max-image-preview:large","max-video-preview":"max-video-preview:-1"},"canonical":"https:\/\/bpk-archive.de\/tuellmann\/produkt\/militaercamp-bei-nablus-im-westjordanland\/","og_locale":"de_DE","og_type":"article","og_title":"Milit\u00e4rcamp bei Nablus im Westjordanland - Abisag T\u00fcllmann","og_description":"R\u00fcckseitenbeschriftung von Hand der Fotografin: &#8222;Israel: Milit\u00e4rcamp auf der Westbank bei Nablus&#8220;","og_url":"https:\/\/bpk-archive.de\/tuellmann\/produkt\/militaercamp-bei-nablus-im-westjordanland\/","og_site_name":"Abisag T\u00fcllmann","article_modified_time":"2019-09-05T13:03:58+00:00","og_image":[{"width":1200,"height":933,"url":"https:\/\/bpk-archive.de\/tuellmann\/wp-content\/uploads\/2019\/08\/bpk_70270822.jpg","type":"image\/jpeg"}],"twitter_card":"summary_large_image","schema":{"@context":"https:\/\/schema.org","@graph":[{"@type":"WebPage","@id":"https:\/\/bpk-archive.de\/tuellmann\/produkt\/militaercamp-bei-nablus-im-westjordanland\/","url":"https:\/\/bpk-archive.de\/tuellmann\/produkt\/militaercamp-bei-nablus-im-westjordanland\/","name":"Milit\u00e4rcamp bei Nablus im Westjordanland - Abisag T\u00fcllmann","isPartOf":{"@id":"https:\/\/bpk-archive.de\/tuellmann\/#website"},"primaryImageOfPage":{"@id":"https:\/\/bpk-archive.de\/tuellmann\/produkt\/militaercamp-bei-nablus-im-westjordanland\/#primaryimage"},"image":{"@id":"https:\/\/bpk-archive.de\/tuellmann\/produkt\/militaercamp-bei-nablus-im-westjordanland\/#primaryimage"},"thumbnailUrl":"https:\/\/bpk-archive.de\/tuellmann\/wp-content\/uploads\/2019\/08\/bpk_70270822.jpg","datePublished":"2019-09-05T13:03:40+00:00","dateModified":"2019-09-05T13:03:58+00:00","breadcrumb":{"@id":"https:\/\/bpk-archive.de\/tuellmann\/produkt\/militaercamp-bei-nablus-im-westjordanland\/#breadcrumb"},"inLanguage":"de","potentialAction":[{"@type":"ReadAction","target":["https:\/\/bpk-archive.de\/tuellmann\/produkt\/militaercamp-bei-nablus-im-westjordanland\/"]}]},{"@type":"ImageObject","inLanguage":"de","@id":"https:\/\/bpk-archive.de\/tuellmann\/produkt\/militaercamp-bei-nablus-im-westjordanland\/#primaryimage","url":"https:\/\/bpk-archive.de\/tuellmann\/wp-content\/uploads\/2019\/08\/bpk_70270822.jpg","contentUrl":"https:\/\/bpk-archive.de\/tuellmann\/wp-content\/uploads\/2019\/08\/bpk_70270822.jpg","width":1200,"height":933,"caption":"Milit\u00e4rcamp bei Nablus im Westjordanland"},{"@type":"BreadcrumbList","@id":"https:\/\/bpk-archive.de\/tuellmann\/produkt\/militaercamp-bei-nablus-im-westjordanland\/#breadcrumb","itemListElement":[{"@type":"ListItem","position":1,"name":"Startseite","item":"https:\/\/bpk-archive.de\/tuellmann\/"},{"@type":"ListItem","position":2,"name":"Shop","item":"https:\/\/bpk-archive.de\/tuellmann\/shop\/"},{"@type":"ListItem","position":3,"name":"Milit\u00e4rcamp bei Nablus im Westjordanland"}]},{"@type":"WebSite","@id":"https:\/\/bpk-archive.de\/tuellmann\/#website","url":"https:\/\/bpk-archive.de\/tuellmann\/","name":"Abisag T\u00fcllmann","description":"Eine weitere WordPress-Website","potentialAction":[{"@type":"SearchAction","target":{"@type":"EntryPoint","urlTemplate":"https:\/\/bpk-archive.de\/tuellmann\/?s={search_term_string}"},"query-input":{"@type":"PropertyValueSpecification","valueRequired":true,"valueName":"search_term_string"}}],"inLanguage":"de"}]}},"_links":{"self":[{"href":"https:\/\/bpk-archive.de\/tuellmann\/wp-json\/wp\/v2\/product\/70295246","targetHints":{"allow":["GET"]}}],"collection":[{"href":"https:\/\/bpk-archive.de\/tuellmann\/wp-json\/wp\/v2\/product"}],"about":[{"href":"https:\/\/bpk-archive.de\/tuellmann\/wp-json\/wp\/v2\/types\/product"}],"wp:featuredmedia":[{"embeddable":true,"href":"https:\/\/bpk-archive.de\/tuellmann\/wp-json\/wp\/v2\/media\/70292808"}],"wp:attachment":[{"href":"https:\/\/bpk-archive.de\/tuellmann\/wp-json\/wp\/v2\/media?parent=70295246"}],"wp:term":[{"taxonomy":"product_brand","embeddable":true,"href":"https:\/\/bpk-archive.de\/tuellmann\/wp-json\/wp\/v2\/product_brand?post=70295246"},{"taxonomy":"product_cat","embeddable":true,"href":"https:\/\/bpk-archive.de\/tuellmann\/wp-json\/wp\/v2\/product_cat?post=70295246"},{"taxonomy":"product_tag","embeddable":true,"href":"https:\/\/bpk-archive.de\/tuellmann\/wp-json\/wp\/v2\/product_tag?post=70295246"}],"curies":[{"name":"wp","href":"https:\/\/api.w.org\/{rel}","templated":true}]}}