{"id":70295242,"date":"2019-09-05T15:03:40","date_gmt":"2019-09-05T13:03:40","guid":{"rendered":"http:\/\/abisagtuellmann.bpk-news.de\/atbild\/wahlbuero-von-arje-lowa-eliav-in-tel-aviv\/"},"modified":"2019-09-05T15:03:53","modified_gmt":"2019-09-05T13:03:53","slug":"wahlbuero-von-arje-lowa-eliav-in-tel-aviv","status":"publish","type":"product","link":"https:\/\/bpk-archive.de\/tuellmann\/produkt\/wahlbuero-von-arje-lowa-eliav-in-tel-aviv\/","title":{"rendered":"Wahlb\u00fcro von Arje &#8222;Lowa&#8220; Eliav in Tel Aviv"},"content":{"rendered":"<p>R\u00fcckseite siehe: 70275132 R\u00fcckseitenbeschriftung von anderer Hand: &#8222;Juli 84, Israel &#8211; Tel Aviv, Wahlb\u00fcro von Lova Eliav&#8220;<\/p>\n","protected":false},"excerpt":{"rendered":"<p>R\u00fcckseite siehe: 70275132 R\u00fcckseitenbeschriftung von anderer Hand: &#8222;Juli 84, Israel &#8211; Tel Aviv, Wahlb\u00fcro von Lova Eliav&#8220;<\/p>\n","protected":false},"featured_media":70292806,"template":"","meta":[],"product_brand":[],"product_cat":[],"product_tag":[47237,13232,13234,13231,13233,47238,48353,47239,13777,47240,48239,48240,48241,47456,47457,47458,47459,47460,47461,47462,51044,47241,47988,13784,13785,47881,47882,51045,51046,13473,13293,13786,13787,13294,13295,13296,13297,47267,13487,13488,47887,47888,13498,47270,47271,47273,47274,47275,47276,47279,47747,47748,47749,47750,47280,47281,47282,47283,47284,47753,47754,51047,51048,13818,13819,13826,47319,47320,48264,48265,13328,13827,13828,13329,13330,13331,13332,47332,48322,47901,48020,48021,48022,48023,47902,51049,51050,51051,51052,51053,51054,13829,13835,13836,13842,13843,47958,51055,51056,47333,47334,47335,47336,47337,13877,13879,49423,49424,49425,49426,13865,13864,13866,13858,13859,13860,13861,13862,13863,13869,13870,13871,13872,14243,14244,14245,14246,14247,14248,14249,48634,47406,47407,13519,13520,13521,13522,13523,13524,13878,13880,13525,51057,51058,51059,51060,48323,51061,48324,48327,51062,48328,51063,51064,51065,51066,48329,49056,49057],"class_list":{"0":"post-70295242","1":"product","2":"type-product","3":"status-publish","4":"has-post-thumbnail","6":"product_tag-1980er-jahre","7":"product_tag-20-jahrhundert-nach-chr","8":"product_tag-20-jh-n-chr","9":"product_tag-20-jahrhundert","10":"product_tag-20-jh","11":"product_tag-80er","12":"product_tag-abt_000","13":"product_tag-abt_001","14":"product_tag-abzug","15":"product_tag-achtziger","16":"product_tag-angestellte","17":"product_tag-angestellten","18":"product_tag-angestellter","19":"product_tag-arbeit","20":"product_tag-arbeiten","21":"product_tag-arbeitend","22":"product_tag-arbeitende","23":"product_tag-arbeitenden","24":"product_tag-arbeitender","25":"product_tag-arbeitendes","26":"product_tag-aryeh","27":"product_tag-at_israel","28":"product_tag-bild-im-bild","29":"product_tag-bildnis","30":"product_tag-bildnisse","31":"product_tag-bureau","32":"product_tag-buero","33":"product_tag-bueroangestellte","34":"product_tag-bueroangestellter","35":"product_tag-drinnen","36":"product_tag-foto","37":"product_tag-fotoabzug","38":"product_tag-fotoabzuege","39":"product_tag-fotografie","40":"product_tag-fotografien","41":"product_tag-fotografin","42":"product_tag-fotografinnen","43":"product_tag-fotoreportage","44":"product_tag-frau","45":"product_tag-frauen","46":"product_tag-grossstadt","47":"product_tag-grossstaedte","48":"product_tag-innen","49":"product_tag-innenansicht","50":"product_tag-innenansichten","51":"product_tag-innenraum","52":"product_tag-innenraeume","53":"product_tag-innenraumes","54":"product_tag-innenraums","55":"product_tag-israel","56":"product_tag-israeli","57":"product_tag-israelin","58":"product_tag-israelinnen","59":"product_tag-israelis","60":"product_tag-israelisch","61":"product_tag-israelische","62":"product_tag-israelischer","63":"product_tag-israelisches","64":"product_tag-israels","65":"product_tag-juedin","66":"product_tag-juedinnen","67":"product_tag-knesset","68":"product_tag-lova","69":"product_tag-mann","70":"product_tag-maenner","71":"product_tag-mannes","72":"product_tag-naher-osten","73":"product_tag-nahost","74":"product_tag-partei","75":"product_tag-parteien","76":"product_tag-photo","77":"product_tag-photoabzug","78":"product_tag-photoabzuege","79":"product_tag-photographie","80":"product_tag-photographien","81":"product_tag-photographin","82":"product_tag-photographinnen","83":"product_tag-photoreportage","84":"product_tag-politik","85":"product_tag-politiker","86":"product_tag-politikerportrait","87":"product_tag-politikerportraits","88":"product_tag-politikerportraet","89":"product_tag-politikerportraets","90":"product_tag-politikers","91":"product_tag-politisch","92":"product_tag-politische","93":"product_tag-politischem","94":"product_tag-politischen","95":"product_tag-politischer","96":"product_tag-politisches","97":"product_tag-portrait","98":"product_tag-portraits","99":"product_tag-portraet","100":"product_tag-portraets","101":"product_tag-print","102":"product_tag-querformat","103":"product_tag-r","104":"product_tag-recto","105":"product_tag-reportage","106":"product_tag-reportagefoto","107":"product_tag-reportagefotografie","108":"product_tag-reportagephoto","109":"product_tag-reportagephotographie","110":"product_tag-s-w-fotografie","111":"product_tag-s-w-photographie","112":"product_tag-schreibtisch","113":"product_tag-schreibtische","114":"product_tag-schreibtisches","115":"product_tag-schreibtischs","116":"product_tag-schwarzweissphotographie","117":"product_tag-schwarz-weiss-fotografie","118":"product_tag-schwarz-weiss-photographie","119":"product_tag-schwarzweiss","120":"product_tag-schwarzweisse","121":"product_tag-schwarzweissen","122":"product_tag-schwarzweisser","123":"product_tag-schwarzweisses","124":"product_tag-schwarzweissfotografie","125":"product_tag-silbergelatine","126":"product_tag-silbergelatineabzug","127":"product_tag-silbergelatineabzuege","128":"product_tag-silbergelatineprint","129":"product_tag-sitzen","130":"product_tag-sitzend","131":"product_tag-sitzende","132":"product_tag-sitzenden","133":"product_tag-sitzender","134":"product_tag-sitzendes","135":"product_tag-sitzt","136":"product_tag-sommer","137":"product_tag-stadt","138":"product_tag-staedte","139":"product_tag-stehen","140":"product_tag-stehend","141":"product_tag-stehende","142":"product_tag-stehenden","143":"product_tag-stehender","144":"product_tag-stehendes","145":"product_tag-sw-fotografie","146":"product_tag-sw-photographie","147":"product_tag-von-innen","148":"product_tag-von-vorn","149":"product_tag-von-vorne","150":"product_tag-vorderansicht","151":"product_tag-vorderseite","152":"product_tag-wahl","153":"product_tag-wahlbuero","154":"product_tag-wahlen","155":"product_tag-wahlkampf","156":"product_tag-wahlkampfbuero","157":"product_tag-wahlkaempfe","158":"product_tag-wahlkampfhelfer","159":"product_tag-wahlkampfhelferin","160":"product_tag-wahlkampfhelferinnen","161":"product_tag-wahlkampfhelfers","162":"product_tag-wahlkampfs","163":"product_tag-wahlplakat","164":"product_tag-wahlplakate","165":"pa_datierung-juli-1984","166":"pa_fotograf-abisag-tuellmann","167":"pa_geografischer_bezug-aufnahmeort-tel-aviv-jaffa-israel","168":"pa_grunddaten_material_technik-foto-silbergelatine-auf-pe-papier","169":"pa_inventarnummer-tue-84-085-12a","170":"pa_jahr_von-48351","171":"pa_massangaben-bildformat-foto-196-x-248-cm","172":"pa_mediennummer-51042","173":"pa_objekt_typ-fotografie","174":"pa_personen-arje-lowa-eliav-1921-2010-israelischer-politiker-der-von-1965-1979-und-von-1988-1992-in-der-knesset-sass","176":"first","177":"instock","178":"product-type-simple"},"yoast_head":"<!-- This site is optimized with the Yoast SEO plugin v27.4 - https:\/\/yoast.com\/product\/yoast-seo-wordpress\/ -->\n<title>Wahlb\u00fcro von Arje &quot;Lowa&quot; Eliav in Tel Aviv - Abisag T\u00fcllmann<\/title>\n<meta name=\"robots\" content=\"index, follow, max-snippet:-1, max-image-preview:large, max-video-preview:-1\" \/>\n<link rel=\"canonical\" href=\"https:\/\/bpk-archive.de\/tuellmann\/produkt\/wahlbuero-von-arje-lowa-eliav-in-tel-aviv\/\" \/>\n<meta property=\"og:locale\" content=\"de_DE\" \/>\n<meta property=\"og:type\" content=\"article\" \/>\n<meta property=\"og:title\" content=\"Wahlb\u00fcro von Arje &quot;Lowa&quot; Eliav in Tel Aviv - Abisag T\u00fcllmann\" \/>\n<meta property=\"og:description\" content=\"R\u00fcckseite siehe: 70275132 R\u00fcckseitenbeschriftung von anderer Hand: &#8222;Juli 84, Israel &#8211; Tel Aviv, Wahlb\u00fcro von Lova Eliav&#8220;\" \/>\n<meta property=\"og:url\" content=\"https:\/\/bpk-archive.de\/tuellmann\/produkt\/wahlbuero-von-arje-lowa-eliav-in-tel-aviv\/\" \/>\n<meta property=\"og:site_name\" content=\"Abisag T\u00fcllmann\" \/>\n<meta property=\"article:modified_time\" content=\"2019-09-05T13:03:53+00:00\" \/>\n<meta property=\"og:image\" content=\"https:\/\/bpk-archive.de\/tuellmann\/wp-content\/uploads\/2019\/08\/bpk_70270820.jpg\" \/>\n\t<meta property=\"og:image:width\" content=\"1200\" \/>\n\t<meta property=\"og:image:height\" content=\"967\" \/>\n\t<meta property=\"og:image:type\" content=\"image\/jpeg\" \/>\n<meta name=\"twitter:card\" content=\"summary_large_image\" \/>\n<script type=\"application\/ld+json\" class=\"yoast-schema-graph\">{\"@context\":\"https:\\\/\\\/schema.org\",\"@graph\":[{\"@type\":\"WebPage\",\"@id\":\"https:\\\/\\\/bpk-archive.de\\\/tuellmann\\\/produkt\\\/wahlbuero-von-arje-lowa-eliav-in-tel-aviv\\\/\",\"url\":\"https:\\\/\\\/bpk-archive.de\\\/tuellmann\\\/produkt\\\/wahlbuero-von-arje-lowa-eliav-in-tel-aviv\\\/\",\"name\":\"Wahlb\u00fcro von Arje \\\"Lowa\\\" Eliav in Tel Aviv - Abisag T\u00fcllmann\",\"isPartOf\":{\"@id\":\"https:\\\/\\\/bpk-archive.de\\\/tuellmann\\\/#website\"},\"primaryImageOfPage\":{\"@id\":\"https:\\\/\\\/bpk-archive.de\\\/tuellmann\\\/produkt\\\/wahlbuero-von-arje-lowa-eliav-in-tel-aviv\\\/#primaryimage\"},\"image\":{\"@id\":\"https:\\\/\\\/bpk-archive.de\\\/tuellmann\\\/produkt\\\/wahlbuero-von-arje-lowa-eliav-in-tel-aviv\\\/#primaryimage\"},\"thumbnailUrl\":\"https:\\\/\\\/bpk-archive.de\\\/tuellmann\\\/wp-content\\\/uploads\\\/2019\\\/08\\\/bpk_70270820.jpg\",\"datePublished\":\"2019-09-05T13:03:40+00:00\",\"dateModified\":\"2019-09-05T13:03:53+00:00\",\"breadcrumb\":{\"@id\":\"https:\\\/\\\/bpk-archive.de\\\/tuellmann\\\/produkt\\\/wahlbuero-von-arje-lowa-eliav-in-tel-aviv\\\/#breadcrumb\"},\"inLanguage\":\"de\",\"potentialAction\":[{\"@type\":\"ReadAction\",\"target\":[\"https:\\\/\\\/bpk-archive.de\\\/tuellmann\\\/produkt\\\/wahlbuero-von-arje-lowa-eliav-in-tel-aviv\\\/\"]}]},{\"@type\":\"ImageObject\",\"inLanguage\":\"de\",\"@id\":\"https:\\\/\\\/bpk-archive.de\\\/tuellmann\\\/produkt\\\/wahlbuero-von-arje-lowa-eliav-in-tel-aviv\\\/#primaryimage\",\"url\":\"https:\\\/\\\/bpk-archive.de\\\/tuellmann\\\/wp-content\\\/uploads\\\/2019\\\/08\\\/bpk_70270820.jpg\",\"contentUrl\":\"https:\\\/\\\/bpk-archive.de\\\/tuellmann\\\/wp-content\\\/uploads\\\/2019\\\/08\\\/bpk_70270820.jpg\",\"width\":1200,\"height\":967,\"caption\":\"Wahlb\u00fcro von Arje \\\"Lowa\\\" Eliav in Tel Aviv\"},{\"@type\":\"BreadcrumbList\",\"@id\":\"https:\\\/\\\/bpk-archive.de\\\/tuellmann\\\/produkt\\\/wahlbuero-von-arje-lowa-eliav-in-tel-aviv\\\/#breadcrumb\",\"itemListElement\":[{\"@type\":\"ListItem\",\"position\":1,\"name\":\"Startseite\",\"item\":\"https:\\\/\\\/bpk-archive.de\\\/tuellmann\\\/\"},{\"@type\":\"ListItem\",\"position\":2,\"name\":\"Shop\",\"item\":\"https:\\\/\\\/bpk-archive.de\\\/tuellmann\\\/shop\\\/\"},{\"@type\":\"ListItem\",\"position\":3,\"name\":\"Wahlb\u00fcro von Arje &#8220;Lowa&#8221; Eliav in Tel Aviv\"}]},{\"@type\":\"WebSite\",\"@id\":\"https:\\\/\\\/bpk-archive.de\\\/tuellmann\\\/#website\",\"url\":\"https:\\\/\\\/bpk-archive.de\\\/tuellmann\\\/\",\"name\":\"Abisag T\u00fcllmann\",\"description\":\"Eine weitere WordPress-Website\",\"potentialAction\":[{\"@type\":\"SearchAction\",\"target\":{\"@type\":\"EntryPoint\",\"urlTemplate\":\"https:\\\/\\\/bpk-archive.de\\\/tuellmann\\\/?s={search_term_string}\"},\"query-input\":{\"@type\":\"PropertyValueSpecification\",\"valueRequired\":true,\"valueName\":\"search_term_string\"}}],\"inLanguage\":\"de\"}]}<\/script>\n<!-- \/ Yoast SEO plugin. -->","yoast_head_json":{"title":"Wahlb\u00fcro von Arje \"Lowa\" Eliav in Tel Aviv - Abisag T\u00fcllmann","robots":{"index":"index","follow":"follow","max-snippet":"max-snippet:-1","max-image-preview":"max-image-preview:large","max-video-preview":"max-video-preview:-1"},"canonical":"https:\/\/bpk-archive.de\/tuellmann\/produkt\/wahlbuero-von-arje-lowa-eliav-in-tel-aviv\/","og_locale":"de_DE","og_type":"article","og_title":"Wahlb\u00fcro von Arje \"Lowa\" Eliav in Tel Aviv - Abisag T\u00fcllmann","og_description":"R\u00fcckseite siehe: 70275132 R\u00fcckseitenbeschriftung von anderer Hand: &#8222;Juli 84, Israel &#8211; Tel Aviv, Wahlb\u00fcro von Lova Eliav&#8220;","og_url":"https:\/\/bpk-archive.de\/tuellmann\/produkt\/wahlbuero-von-arje-lowa-eliav-in-tel-aviv\/","og_site_name":"Abisag T\u00fcllmann","article_modified_time":"2019-09-05T13:03:53+00:00","og_image":[{"width":1200,"height":967,"url":"https:\/\/bpk-archive.de\/tuellmann\/wp-content\/uploads\/2019\/08\/bpk_70270820.jpg","type":"image\/jpeg"}],"twitter_card":"summary_large_image","schema":{"@context":"https:\/\/schema.org","@graph":[{"@type":"WebPage","@id":"https:\/\/bpk-archive.de\/tuellmann\/produkt\/wahlbuero-von-arje-lowa-eliav-in-tel-aviv\/","url":"https:\/\/bpk-archive.de\/tuellmann\/produkt\/wahlbuero-von-arje-lowa-eliav-in-tel-aviv\/","name":"Wahlb\u00fcro von Arje \"Lowa\" Eliav in Tel Aviv - Abisag T\u00fcllmann","isPartOf":{"@id":"https:\/\/bpk-archive.de\/tuellmann\/#website"},"primaryImageOfPage":{"@id":"https:\/\/bpk-archive.de\/tuellmann\/produkt\/wahlbuero-von-arje-lowa-eliav-in-tel-aviv\/#primaryimage"},"image":{"@id":"https:\/\/bpk-archive.de\/tuellmann\/produkt\/wahlbuero-von-arje-lowa-eliav-in-tel-aviv\/#primaryimage"},"thumbnailUrl":"https:\/\/bpk-archive.de\/tuellmann\/wp-content\/uploads\/2019\/08\/bpk_70270820.jpg","datePublished":"2019-09-05T13:03:40+00:00","dateModified":"2019-09-05T13:03:53+00:00","breadcrumb":{"@id":"https:\/\/bpk-archive.de\/tuellmann\/produkt\/wahlbuero-von-arje-lowa-eliav-in-tel-aviv\/#breadcrumb"},"inLanguage":"de","potentialAction":[{"@type":"ReadAction","target":["https:\/\/bpk-archive.de\/tuellmann\/produkt\/wahlbuero-von-arje-lowa-eliav-in-tel-aviv\/"]}]},{"@type":"ImageObject","inLanguage":"de","@id":"https:\/\/bpk-archive.de\/tuellmann\/produkt\/wahlbuero-von-arje-lowa-eliav-in-tel-aviv\/#primaryimage","url":"https:\/\/bpk-archive.de\/tuellmann\/wp-content\/uploads\/2019\/08\/bpk_70270820.jpg","contentUrl":"https:\/\/bpk-archive.de\/tuellmann\/wp-content\/uploads\/2019\/08\/bpk_70270820.jpg","width":1200,"height":967,"caption":"Wahlb\u00fcro von Arje \"Lowa\" Eliav in Tel Aviv"},{"@type":"BreadcrumbList","@id":"https:\/\/bpk-archive.de\/tuellmann\/produkt\/wahlbuero-von-arje-lowa-eliav-in-tel-aviv\/#breadcrumb","itemListElement":[{"@type":"ListItem","position":1,"name":"Startseite","item":"https:\/\/bpk-archive.de\/tuellmann\/"},{"@type":"ListItem","position":2,"name":"Shop","item":"https:\/\/bpk-archive.de\/tuellmann\/shop\/"},{"@type":"ListItem","position":3,"name":"Wahlb\u00fcro von Arje &#8220;Lowa&#8221; Eliav in Tel Aviv"}]},{"@type":"WebSite","@id":"https:\/\/bpk-archive.de\/tuellmann\/#website","url":"https:\/\/bpk-archive.de\/tuellmann\/","name":"Abisag T\u00fcllmann","description":"Eine weitere WordPress-Website","potentialAction":[{"@type":"SearchAction","target":{"@type":"EntryPoint","urlTemplate":"https:\/\/bpk-archive.de\/tuellmann\/?s={search_term_string}"},"query-input":{"@type":"PropertyValueSpecification","valueRequired":true,"valueName":"search_term_string"}}],"inLanguage":"de"}]}},"_links":{"self":[{"href":"https:\/\/bpk-archive.de\/tuellmann\/wp-json\/wp\/v2\/product\/70295242","targetHints":{"allow":["GET"]}}],"collection":[{"href":"https:\/\/bpk-archive.de\/tuellmann\/wp-json\/wp\/v2\/product"}],"about":[{"href":"https:\/\/bpk-archive.de\/tuellmann\/wp-json\/wp\/v2\/types\/product"}],"wp:featuredmedia":[{"embeddable":true,"href":"https:\/\/bpk-archive.de\/tuellmann\/wp-json\/wp\/v2\/media\/70292806"}],"wp:attachment":[{"href":"https:\/\/bpk-archive.de\/tuellmann\/wp-json\/wp\/v2\/media?parent=70295242"}],"wp:term":[{"taxonomy":"product_brand","embeddable":true,"href":"https:\/\/bpk-archive.de\/tuellmann\/wp-json\/wp\/v2\/product_brand?post=70295242"},{"taxonomy":"product_cat","embeddable":true,"href":"https:\/\/bpk-archive.de\/tuellmann\/wp-json\/wp\/v2\/product_cat?post=70295242"},{"taxonomy":"product_tag","embeddable":true,"href":"https:\/\/bpk-archive.de\/tuellmann\/wp-json\/wp\/v2\/product_tag?post=70295242"}],"curies":[{"name":"wp","href":"https:\/\/api.w.org\/{rel}","templated":true}]}}