{"id":70295220,"date":"2019-09-05T15:03:15","date_gmt":"2019-09-05T13:03:15","guid":{"rendered":"http:\/\/abisagtuellmann.bpk-news.de\/atbild\/jugendliche-in-einer-wohnwagensiedlung-der-sinti-und-roma-bei-koeln\/"},"modified":"2019-09-05T15:03:28","modified_gmt":"2019-09-05T13:03:28","slug":"jugendliche-in-einer-wohnwagensiedlung-der-sinti-und-roma-bei-koeln","status":"publish","type":"product","link":"https:\/\/bpk-archive.de\/tuellmann\/produkt\/jugendliche-in-einer-wohnwagensiedlung-der-sinti-und-roma-bei-koeln\/","title":{"rendered":"Jugendliche in einer Wohnwagensiedlung der Sinti und Roma bei K\u00f6ln"},"content":{"rendered":"<p>R\u00fcckseitenbeschriftung von Hand der Fotografin: &#8222;Zigeunerlager bei K\u00f6ln&#8220;<\/p>\n","protected":false},"excerpt":{"rendered":"<p>R\u00fcckseitenbeschriftung von Hand der Fotografin: &#8222;Zigeunerlager bei K\u00f6ln&#8220;<\/p>\n","protected":false},"featured_media":70293002,"template":"","meta":[],"product_brand":[],"product_cat":[],"product_tag":[13230,13232,13234,13231,13233,13235,49668,13777,47541,47542,47543,47544,47545,47546,47547,47548,48747,48748,14316,49518,13250,14318,14174,14175,14176,47679,13784,13785,14177,13469,13470,14060,14061,49579,49580,13471,13472,49519,13260,48698,14183,14184,49520,49521,49522,49523,49524,49525,49526,13293,13786,13787,13294,13295,13296,13297,47267,13487,13488,47849,47850,47851,47852,47853,49438,49439,49440,49441,49442,49443,49444,49528,49529,49530,49531,49532,14195,14196,14197,14198,14199,14200,48101,48102,50542,50543,50544,48821,48822,47430,47431,47432,50545,50546,50547,50548,13301,13807,13808,13809,13812,13813,13814,13815,13816,49582,49583,14000,14001,14002,14003,14004,14005,14006,48005,48006,48007,48008,48009,48010,48011,48761,13818,13819,13826,49816,47786,49544,50683,50684,50685,50686,50687,50688,50689,49586,47449,47450,49588,14229,49589,49590,13328,13827,13828,13329,13330,13331,13332,47332,13829,13830,13831,13832,13833,13834,13835,13836,13837,13838,13839,13840,13841,13842,13843,48677,14073,14074,14075,14076,14077,48678,47333,49545,49546,49547,49548,49549,49550,49551,49552,49553,49555,49556,13877,13879,48024,48025,50690,50691,50692,50693,50694,50695,50696,13865,13864,13866,13858,13859,13860,13861,13862,13863,13354,48160,48161,13869,13870,13871,13872,49557,49558,14243,14244,14245,14246,14247,14248,14249,13519,13520,13521,13522,13523,13524,13878,13880,49447,49448,14250,14251,49561,49562,49563,49564,49568,14081,14082,49569,49591,49592,49570],"class_list":{"0":"post-70295220","1":"product","2":"type-product","3":"status-publish","4":"has-post-thumbnail","6":"product_tag-1970er-jahre","7":"product_tag-20-jahrhundert-nach-chr","8":"product_tag-20-jh-n-chr","9":"product_tag-20-jahrhundert","10":"product_tag-20-jh","11":"product_tag-70er","12":"product_tag-abt_002","13":"product_tag-abzug","14":"product_tag-alltag","15":"product_tag-alltaeglich","16":"product_tag-alltaegliche","17":"product_tag-alltaeglicher","18":"product_tag-alltaegliches","19":"product_tag-alltagsleben","20":"product_tag-alltagsszene","21":"product_tag-alltagsszenen","22":"product_tag-angelehnt","23":"product_tag-anlehnen","24":"product_tag-armut","25":"product_tag-at_sinti-roma","26":"product_tag-aussen","27":"product_tag-aussenseiter","28":"product_tag-baracke","29":"product_tag-baracken","30":"product_tag-barackenlager","31":"product_tag-behausung","32":"product_tag-bildnis","33":"product_tag-bildnisse","34":"product_tag-blickkontakt","35":"product_tag-brd","36":"product_tag-bundesrepublik-deutschland","37":"product_tag-cigarette","38":"product_tag-cigaretten","39":"product_tag-coeln","40":"product_tag-coelner","41":"product_tag-deutschland","42":"product_tag-deutschlands","43":"product_tag-diskriminierung","44":"product_tag-draussen","45":"product_tag-eingang","46":"product_tag-elendshuette","47":"product_tag-elendshuetten","48":"product_tag-ethnie","49":"product_tag-ethnien","50":"product_tag-ethnisch","51":"product_tag-ethnische","52":"product_tag-ethnischen","53":"product_tag-ethnischer","54":"product_tag-ethnisches","55":"product_tag-foto","56":"product_tag-fotoabzug","57":"product_tag-fotoabzuege","58":"product_tag-fotografie","59":"product_tag-fotografien","60":"product_tag-fotografin","61":"product_tag-fotografinnen","62":"product_tag-fotoreportage","63":"product_tag-frau","64":"product_tag-frauen","65":"product_tag-freundlich","66":"product_tag-freundliche","67":"product_tag-freundlicher","68":"product_tag-freundliches","69":"product_tag-freundlichkeit","70":"product_tag-froehlich","71":"product_tag-froehliche","72":"product_tag-froehlichem","73":"product_tag-froehlichen","74":"product_tag-froehlicher","75":"product_tag-froehliches","76":"product_tag-froehlichkeit","77":"product_tag-gesellschaftlich","78":"product_tag-gesellschaftliche","79":"product_tag-gesellschaftlichen","80":"product_tag-gesellschaftlicher","81":"product_tag-gesellschaftliches","82":"product_tag-gruppenbild","83":"product_tag-gruppenbilder","84":"product_tag-gruppenportrait","85":"product_tag-gruppenportraits","86":"product_tag-gruppenportraet","87":"product_tag-gruppenportraets","88":"product_tag-hauseingang","89":"product_tag-hauseingaenge","90":"product_tag-haustier","91":"product_tag-haustiere","92":"product_tag-haustieren","93":"product_tag-haustuer","94":"product_tag-haustueren","95":"product_tag-heranwachsende","96":"product_tag-heranwachsenden","97":"product_tag-heranwachsender","98":"product_tag-hund","99":"product_tag-hunde","100":"product_tag-hunden","101":"product_tag-hundes","102":"product_tag-im-freien","103":"product_tag-jugendliche","104":"product_tag-jugendlichen","105":"product_tag-jugendlicher","106":"product_tag-jung","107":"product_tag-junge","108":"product_tag-jungen","109":"product_tag-junger","110":"product_tag-junges","111":"product_tag-koeln","112":"product_tag-koelner","113":"product_tag-laecheln","114":"product_tag-laechelnd","115":"product_tag-laechelnde","116":"product_tag-laechelnden","117":"product_tag-laechelnder","118":"product_tag-laechelndes","119":"product_tag-laechelt","120":"product_tag-lachen","121":"product_tag-lachend","122":"product_tag-lachende","123":"product_tag-lachendem","124":"product_tag-lachenden","125":"product_tag-lachender","126":"product_tag-lachendes","127":"product_tag-lehnen","128":"product_tag-mann","129":"product_tag-maenner","130":"product_tag-mannes","131":"product_tag-migrant","132":"product_tag-migranten","133":"product_tag-minderheit","134":"product_tag-neugier","135":"product_tag-neugierde","136":"product_tag-neugierig","137":"product_tag-neugierige","138":"product_tag-neugierigen","139":"product_tag-neugieriger","140":"product_tag-neugieriges","141":"product_tag-nordrhein-westfalen","142":"product_tag-notunterkunft","143":"product_tag-notunterkuenfte","144":"product_tag-nrw","145":"product_tag-obdach","146":"product_tag-pfuetze","147":"product_tag-pfuetzen","148":"product_tag-photo","149":"product_tag-photoabzug","150":"product_tag-photoabzuege","151":"product_tag-photographie","152":"product_tag-photographien","153":"product_tag-photographin","154":"product_tag-photographinnen","155":"product_tag-photoreportage","156":"product_tag-portrait","157":"product_tag-portraitaufnahme","158":"product_tag-portraitfoto","159":"product_tag-portraitfotografie","160":"product_tag-portraitphoto","161":"product_tag-portraitphotographie","162":"product_tag-portraits","163":"product_tag-portraet","164":"product_tag-portraetaufnahme","165":"product_tag-portraetfoto","166":"product_tag-portraetfotografie","167":"product_tag-portraetphoto","168":"product_tag-portraetphotographie","169":"product_tag-portraets","170":"product_tag-print","171":"product_tag-rauchen","172":"product_tag-rauchend","173":"product_tag-rauchende","174":"product_tag-rauchenden","175":"product_tag-rauchender","176":"product_tag-rauchendes","177":"product_tag-raucher","178":"product_tag-reportage","179":"product_tag-rheinisch","180":"product_tag-rheinische","181":"product_tag-rheinischen","182":"product_tag-rheinischer","183":"product_tag-rheinisches","184":"product_tag-rheinland","185":"product_tag-rheinlande","186":"product_tag-rheinlanden","187":"product_tag-rheinlandes","188":"product_tag-rheinlands","189":"product_tag-roma","190":"product_tag-s-w-fotografie","191":"product_tag-s-w-photographie","192":"product_tag-scherz","193":"product_tag-scherzen","194":"product_tag-schlaf","195":"product_tag-schlafen","196":"product_tag-schlafend","197":"product_tag-schlafende","198":"product_tag-schlafenden","199":"product_tag-schlafender","200":"product_tag-schlafendes","201":"product_tag-schwarzweissphotographie","202":"product_tag-schwarz-weiss-fotografie","203":"product_tag-schwarz-weiss-photographie","204":"product_tag-schwarzweiss","205":"product_tag-schwarzweisse","206":"product_tag-schwarzweissen","207":"product_tag-schwarzweisser","208":"product_tag-schwarzweisses","209":"product_tag-schwarzweissfotografie","210":"product_tag-siebziger","211":"product_tag-siedlung","212":"product_tag-siedlungen","213":"product_tag-silbergelatine","214":"product_tag-silbergelatineabzug","215":"product_tag-silbergelatineabzuege","216":"product_tag-silbergelatineprint","217":"product_tag-sinti","218":"product_tag-sinti-und-roma","219":"product_tag-sitzen","220":"product_tag-sitzend","221":"product_tag-sitzende","222":"product_tag-sitzenden","223":"product_tag-sitzender","224":"product_tag-sitzendes","225":"product_tag-sitzt","226":"product_tag-stehen","227":"product_tag-stehend","228":"product_tag-stehende","229":"product_tag-stehenden","230":"product_tag-stehender","231":"product_tag-stehendes","232":"product_tag-sw-fotografie","233":"product_tag-sw-photographie","234":"product_tag-tuer","235":"product_tag-tueren","236":"product_tag-unterkunft","237":"product_tag-unterkuenfte","238":"product_tag-volksgruppe","239":"product_tag-volksgruppen","240":"product_tag-volksstamm","241":"product_tag-volksstaemme","242":"product_tag-wohnwagen","243":"product_tag-zigarette","244":"product_tag-zigaretten","245":"product_tag-zigeuner","246":"product_tag-zigeunerin","247":"product_tag-zigeunerinnen","248":"product_tag-zigeunern","249":"pa_datierung-mai-1971","250":"pa_fotograf-abisag-tuellmann","251":"pa_geografischer_bezug-aufnahmeort-koeln-deutschland","252":"pa_grunddaten_material_technik-foto-silbergelatine-auf-barytpapier","253":"pa_inventarnummer-tue-71-066-03a","254":"pa_jahr_von-49516","255":"pa_massangaben-bildformat-foto-235-x-294-cm","256":"pa_mediennummer-50681","257":"pa_objekt_typ-fotografie","259":"first","260":"instock","261":"product-type-simple"},"yoast_head":"<!-- This site is optimized with the Yoast SEO plugin v27.4 - https:\/\/yoast.com\/product\/yoast-seo-wordpress\/ -->\n<title>Jugendliche in einer Wohnwagensiedlung der Sinti und Roma bei K\u00f6ln - Abisag T\u00fcllmann<\/title>\n<meta name=\"robots\" content=\"index, follow, max-snippet:-1, max-image-preview:large, max-video-preview:-1\" \/>\n<link rel=\"canonical\" href=\"https:\/\/bpk-archive.de\/tuellmann\/produkt\/jugendliche-in-einer-wohnwagensiedlung-der-sinti-und-roma-bei-koeln\/\" \/>\n<meta property=\"og:locale\" content=\"de_DE\" \/>\n<meta property=\"og:type\" content=\"article\" \/>\n<meta property=\"og:title\" content=\"Jugendliche in einer Wohnwagensiedlung der Sinti und Roma bei K\u00f6ln - Abisag T\u00fcllmann\" \/>\n<meta property=\"og:description\" content=\"R\u00fcckseitenbeschriftung von Hand der Fotografin: &#8222;Zigeunerlager bei K\u00f6ln&#8220;\" \/>\n<meta property=\"og:url\" content=\"https:\/\/bpk-archive.de\/tuellmann\/produkt\/jugendliche-in-einer-wohnwagensiedlung-der-sinti-und-roma-bei-koeln\/\" \/>\n<meta property=\"og:site_name\" content=\"Abisag T\u00fcllmann\" \/>\n<meta property=\"article:modified_time\" content=\"2019-09-05T13:03:28+00:00\" \/>\n<meta property=\"og:image\" content=\"https:\/\/bpk-archive.de\/tuellmann\/wp-content\/uploads\/2019\/08\/bpk_70275174.jpg\" \/>\n\t<meta property=\"og:image:width\" content=\"1200\" \/>\n\t<meta property=\"og:image:height\" content=\"973\" \/>\n\t<meta property=\"og:image:type\" content=\"image\/jpeg\" \/>\n<meta name=\"twitter:card\" content=\"summary_large_image\" \/>\n<script type=\"application\/ld+json\" class=\"yoast-schema-graph\">{\"@context\":\"https:\\\/\\\/schema.org\",\"@graph\":[{\"@type\":\"WebPage\",\"@id\":\"https:\\\/\\\/bpk-archive.de\\\/tuellmann\\\/produkt\\\/jugendliche-in-einer-wohnwagensiedlung-der-sinti-und-roma-bei-koeln\\\/\",\"url\":\"https:\\\/\\\/bpk-archive.de\\\/tuellmann\\\/produkt\\\/jugendliche-in-einer-wohnwagensiedlung-der-sinti-und-roma-bei-koeln\\\/\",\"name\":\"Jugendliche in einer Wohnwagensiedlung der Sinti und Roma bei K\u00f6ln - Abisag T\u00fcllmann\",\"isPartOf\":{\"@id\":\"https:\\\/\\\/bpk-archive.de\\\/tuellmann\\\/#website\"},\"primaryImageOfPage\":{\"@id\":\"https:\\\/\\\/bpk-archive.de\\\/tuellmann\\\/produkt\\\/jugendliche-in-einer-wohnwagensiedlung-der-sinti-und-roma-bei-koeln\\\/#primaryimage\"},\"image\":{\"@id\":\"https:\\\/\\\/bpk-archive.de\\\/tuellmann\\\/produkt\\\/jugendliche-in-einer-wohnwagensiedlung-der-sinti-und-roma-bei-koeln\\\/#primaryimage\"},\"thumbnailUrl\":\"https:\\\/\\\/bpk-archive.de\\\/tuellmann\\\/wp-content\\\/uploads\\\/2019\\\/08\\\/bpk_70275174.jpg\",\"datePublished\":\"2019-09-05T13:03:15+00:00\",\"dateModified\":\"2019-09-05T13:03:28+00:00\",\"breadcrumb\":{\"@id\":\"https:\\\/\\\/bpk-archive.de\\\/tuellmann\\\/produkt\\\/jugendliche-in-einer-wohnwagensiedlung-der-sinti-und-roma-bei-koeln\\\/#breadcrumb\"},\"inLanguage\":\"de\",\"potentialAction\":[{\"@type\":\"ReadAction\",\"target\":[\"https:\\\/\\\/bpk-archive.de\\\/tuellmann\\\/produkt\\\/jugendliche-in-einer-wohnwagensiedlung-der-sinti-und-roma-bei-koeln\\\/\"]}]},{\"@type\":\"ImageObject\",\"inLanguage\":\"de\",\"@id\":\"https:\\\/\\\/bpk-archive.de\\\/tuellmann\\\/produkt\\\/jugendliche-in-einer-wohnwagensiedlung-der-sinti-und-roma-bei-koeln\\\/#primaryimage\",\"url\":\"https:\\\/\\\/bpk-archive.de\\\/tuellmann\\\/wp-content\\\/uploads\\\/2019\\\/08\\\/bpk_70275174.jpg\",\"contentUrl\":\"https:\\\/\\\/bpk-archive.de\\\/tuellmann\\\/wp-content\\\/uploads\\\/2019\\\/08\\\/bpk_70275174.jpg\",\"width\":1200,\"height\":973,\"caption\":\"Jugendliche in einer Wohnwagensiedlung der Sinti und Roma bei K\u00f6ln\"},{\"@type\":\"BreadcrumbList\",\"@id\":\"https:\\\/\\\/bpk-archive.de\\\/tuellmann\\\/produkt\\\/jugendliche-in-einer-wohnwagensiedlung-der-sinti-und-roma-bei-koeln\\\/#breadcrumb\",\"itemListElement\":[{\"@type\":\"ListItem\",\"position\":1,\"name\":\"Startseite\",\"item\":\"https:\\\/\\\/bpk-archive.de\\\/tuellmann\\\/\"},{\"@type\":\"ListItem\",\"position\":2,\"name\":\"Shop\",\"item\":\"https:\\\/\\\/bpk-archive.de\\\/tuellmann\\\/shop\\\/\"},{\"@type\":\"ListItem\",\"position\":3,\"name\":\"Jugendliche in einer Wohnwagensiedlung der Sinti und Roma bei K\u00f6ln\"}]},{\"@type\":\"WebSite\",\"@id\":\"https:\\\/\\\/bpk-archive.de\\\/tuellmann\\\/#website\",\"url\":\"https:\\\/\\\/bpk-archive.de\\\/tuellmann\\\/\",\"name\":\"Abisag T\u00fcllmann\",\"description\":\"Eine weitere WordPress-Website\",\"potentialAction\":[{\"@type\":\"SearchAction\",\"target\":{\"@type\":\"EntryPoint\",\"urlTemplate\":\"https:\\\/\\\/bpk-archive.de\\\/tuellmann\\\/?s={search_term_string}\"},\"query-input\":{\"@type\":\"PropertyValueSpecification\",\"valueRequired\":true,\"valueName\":\"search_term_string\"}}],\"inLanguage\":\"de\"}]}<\/script>\n<!-- \/ Yoast SEO plugin. -->","yoast_head_json":{"title":"Jugendliche in einer Wohnwagensiedlung der Sinti und Roma bei K\u00f6ln - Abisag T\u00fcllmann","robots":{"index":"index","follow":"follow","max-snippet":"max-snippet:-1","max-image-preview":"max-image-preview:large","max-video-preview":"max-video-preview:-1"},"canonical":"https:\/\/bpk-archive.de\/tuellmann\/produkt\/jugendliche-in-einer-wohnwagensiedlung-der-sinti-und-roma-bei-koeln\/","og_locale":"de_DE","og_type":"article","og_title":"Jugendliche in einer Wohnwagensiedlung der Sinti und Roma bei K\u00f6ln - Abisag T\u00fcllmann","og_description":"R\u00fcckseitenbeschriftung von Hand der Fotografin: &#8222;Zigeunerlager bei K\u00f6ln&#8220;","og_url":"https:\/\/bpk-archive.de\/tuellmann\/produkt\/jugendliche-in-einer-wohnwagensiedlung-der-sinti-und-roma-bei-koeln\/","og_site_name":"Abisag T\u00fcllmann","article_modified_time":"2019-09-05T13:03:28+00:00","og_image":[{"width":1200,"height":973,"url":"https:\/\/bpk-archive.de\/tuellmann\/wp-content\/uploads\/2019\/08\/bpk_70275174.jpg","type":"image\/jpeg"}],"twitter_card":"summary_large_image","schema":{"@context":"https:\/\/schema.org","@graph":[{"@type":"WebPage","@id":"https:\/\/bpk-archive.de\/tuellmann\/produkt\/jugendliche-in-einer-wohnwagensiedlung-der-sinti-und-roma-bei-koeln\/","url":"https:\/\/bpk-archive.de\/tuellmann\/produkt\/jugendliche-in-einer-wohnwagensiedlung-der-sinti-und-roma-bei-koeln\/","name":"Jugendliche in einer Wohnwagensiedlung der Sinti und Roma bei K\u00f6ln - Abisag T\u00fcllmann","isPartOf":{"@id":"https:\/\/bpk-archive.de\/tuellmann\/#website"},"primaryImageOfPage":{"@id":"https:\/\/bpk-archive.de\/tuellmann\/produkt\/jugendliche-in-einer-wohnwagensiedlung-der-sinti-und-roma-bei-koeln\/#primaryimage"},"image":{"@id":"https:\/\/bpk-archive.de\/tuellmann\/produkt\/jugendliche-in-einer-wohnwagensiedlung-der-sinti-und-roma-bei-koeln\/#primaryimage"},"thumbnailUrl":"https:\/\/bpk-archive.de\/tuellmann\/wp-content\/uploads\/2019\/08\/bpk_70275174.jpg","datePublished":"2019-09-05T13:03:15+00:00","dateModified":"2019-09-05T13:03:28+00:00","breadcrumb":{"@id":"https:\/\/bpk-archive.de\/tuellmann\/produkt\/jugendliche-in-einer-wohnwagensiedlung-der-sinti-und-roma-bei-koeln\/#breadcrumb"},"inLanguage":"de","potentialAction":[{"@type":"ReadAction","target":["https:\/\/bpk-archive.de\/tuellmann\/produkt\/jugendliche-in-einer-wohnwagensiedlung-der-sinti-und-roma-bei-koeln\/"]}]},{"@type":"ImageObject","inLanguage":"de","@id":"https:\/\/bpk-archive.de\/tuellmann\/produkt\/jugendliche-in-einer-wohnwagensiedlung-der-sinti-und-roma-bei-koeln\/#primaryimage","url":"https:\/\/bpk-archive.de\/tuellmann\/wp-content\/uploads\/2019\/08\/bpk_70275174.jpg","contentUrl":"https:\/\/bpk-archive.de\/tuellmann\/wp-content\/uploads\/2019\/08\/bpk_70275174.jpg","width":1200,"height":973,"caption":"Jugendliche in einer Wohnwagensiedlung der Sinti und Roma bei K\u00f6ln"},{"@type":"BreadcrumbList","@id":"https:\/\/bpk-archive.de\/tuellmann\/produkt\/jugendliche-in-einer-wohnwagensiedlung-der-sinti-und-roma-bei-koeln\/#breadcrumb","itemListElement":[{"@type":"ListItem","position":1,"name":"Startseite","item":"https:\/\/bpk-archive.de\/tuellmann\/"},{"@type":"ListItem","position":2,"name":"Shop","item":"https:\/\/bpk-archive.de\/tuellmann\/shop\/"},{"@type":"ListItem","position":3,"name":"Jugendliche in einer Wohnwagensiedlung der Sinti und Roma bei K\u00f6ln"}]},{"@type":"WebSite","@id":"https:\/\/bpk-archive.de\/tuellmann\/#website","url":"https:\/\/bpk-archive.de\/tuellmann\/","name":"Abisag T\u00fcllmann","description":"Eine weitere WordPress-Website","potentialAction":[{"@type":"SearchAction","target":{"@type":"EntryPoint","urlTemplate":"https:\/\/bpk-archive.de\/tuellmann\/?s={search_term_string}"},"query-input":{"@type":"PropertyValueSpecification","valueRequired":true,"valueName":"search_term_string"}}],"inLanguage":"de"}]}},"_links":{"self":[{"href":"https:\/\/bpk-archive.de\/tuellmann\/wp-json\/wp\/v2\/product\/70295220","targetHints":{"allow":["GET"]}}],"collection":[{"href":"https:\/\/bpk-archive.de\/tuellmann\/wp-json\/wp\/v2\/product"}],"about":[{"href":"https:\/\/bpk-archive.de\/tuellmann\/wp-json\/wp\/v2\/types\/product"}],"wp:featuredmedia":[{"embeddable":true,"href":"https:\/\/bpk-archive.de\/tuellmann\/wp-json\/wp\/v2\/media\/70293002"}],"wp:attachment":[{"href":"https:\/\/bpk-archive.de\/tuellmann\/wp-json\/wp\/v2\/media?parent=70295220"}],"wp:term":[{"taxonomy":"product_brand","embeddable":true,"href":"https:\/\/bpk-archive.de\/tuellmann\/wp-json\/wp\/v2\/product_brand?post=70295220"},{"taxonomy":"product_cat","embeddable":true,"href":"https:\/\/bpk-archive.de\/tuellmann\/wp-json\/wp\/v2\/product_cat?post=70295220"},{"taxonomy":"product_tag","embeddable":true,"href":"https:\/\/bpk-archive.de\/tuellmann\/wp-json\/wp\/v2\/product_tag?post=70295220"}],"curies":[{"name":"wp","href":"https:\/\/api.w.org\/{rel}","templated":true}]}}