{"id":70295215,"date":"2019-09-05T15:03:15","date_gmt":"2019-09-05T13:03:15","guid":{"rendered":"http:\/\/abisagtuellmann.bpk-news.de\/atbild\/familie-in-einer-wohnwagensiedlung-der-sinti-und-roma-in-mainz\/"},"modified":"2019-09-05T15:03:21","modified_gmt":"2019-09-05T13:03:21","slug":"familie-in-einer-wohnwagensiedlung-der-sinti-und-roma-in-mainz","status":"publish","type":"product","link":"https:\/\/bpk-archive.de\/tuellmann\/produkt\/familie-in-einer-wohnwagensiedlung-der-sinti-und-roma-in-mainz\/","title":{"rendered":"Familie in einer Wohnwagensiedlung der Sinti und Roma in Mainz"},"content":{"rendered":"<p>R\u00fcckseitenbeschriftung von Hand der Fotografin: &#8222;Zigeunerfamilie (ich wei\u00df nicht, ob Sinti oder Roma) in Mainz&#8220;<\/p>\n","protected":false},"excerpt":{"rendered":"<p>R\u00fcckseitenbeschriftung von Hand der Fotografin: &#8222;Zigeunerfamilie (ich wei\u00df nicht, ob Sinti oder Roma) in Mainz&#8220;<\/p>\n","protected":false},"featured_media":70292994,"template":"","meta":[],"product_brand":[],"product_cat":[],"product_tag":[13230,13232,13234,13231,13233,13235,49668,13777,47541,47542,47543,47544,47545,47546,47547,47548,50442,13954,49518,14318,48545,48546,50130,50131,48547,14175,14176,13784,13785,14177,13469,50443,13470,14060,14061,13471,13472,49519,13473,47630,47631,47632,47633,47634,47635,47636,47637,47638,48972,48973,48974,48975,48976,48977,48978,48979,48980,48981,48982,48983,49520,49521,49522,49523,49524,49525,49526,47425,47426,49457,49458,49459,50132,13293,13786,13787,13294,13295,13296,13297,47267,13487,13488,47643,47644,47645,47646,47647,47648,47649,47268,49528,49529,49530,49531,49532,13498,14205,14206,14207,14213,50639,50640,14218,14219,48548,48549,48550,14000,14001,14002,14003,14004,14005,14006,49542,49543,13818,13819,13826,49816,47786,50133,50134,49544,47394,47449,47450,14229,14007,14008,14009,13328,13827,13828,13329,13330,13331,13332,47332,13829,13830,13831,13832,13833,13834,13835,13836,13837,13838,13839,13840,13841,13842,14230,14231,14232,13843,14073,14074,14075,14076,14077,49136,49137,47333,49545,49546,49547,49548,49549,49550,49554,49551,49552,49553,49555,49556,13877,13879,48551,48552,48553,48554,13865,13864,13866,13858,13859,13860,13861,13862,13863,13354,48160,48161,13869,13870,13871,13872,49557,49558,14243,14244,14245,14246,14247,14248,14249,47659,47660,47661,47662,13878,13880,49778,48535,48536,48537,48538,47410,47411,50135,50136,49460,14250,14251,47669,47670,49561,49562,49563,49564,13525,49429,49430,49568,49431,14081,14082,50393,50394,49569,49591,49592,49570,48805,48804],"class_list":{"0":"post-70295215","1":"product","2":"type-product","3":"status-publish","4":"has-post-thumbnail","6":"product_tag-1970er-jahre","7":"product_tag-20-jahrhundert-nach-chr","8":"product_tag-20-jh-n-chr","9":"product_tag-20-jahrhundert","10":"product_tag-20-jh","11":"product_tag-70er","12":"product_tag-abt_002","13":"product_tag-abzug","14":"product_tag-alltag","15":"product_tag-alltaeglich","16":"product_tag-alltaegliche","17":"product_tag-alltaeglicher","18":"product_tag-alltaegliches","19":"product_tag-alltagsleben","20":"product_tag-alltagsszene","21":"product_tag-alltagsszenen","22":"product_tag-anrichte","23":"product_tag-arm-in-arm","24":"product_tag-at_sinti-roma","25":"product_tag-aussenseiter","26":"product_tag-babies","27":"product_tag-baby","28":"product_tag-babyflasche","29":"product_tag-babyflaschen","30":"product_tag-babys","31":"product_tag-baracken","32":"product_tag-barackenlager","33":"product_tag-bildnis","34":"product_tag-bildnisse","35":"product_tag-blickkontakt","36":"product_tag-brd","37":"product_tag-buffet","38":"product_tag-bundesrepublik-deutschland","39":"product_tag-cigarette","40":"product_tag-cigaretten","41":"product_tag-deutschland","42":"product_tag-deutschlands","43":"product_tag-diskriminierung","44":"product_tag-drinnen","45":"product_tag-ehefrau","46":"product_tag-ehefrauen","47":"product_tag-eheleute","48":"product_tag-ehemann","49":"product_tag-ehemaenner","50":"product_tag-ehepaar","51":"product_tag-ehepaare","52":"product_tag-ehepaares","53":"product_tag-ehepaars","54":"product_tag-ernst","55":"product_tag-ernste","56":"product_tag-ernstem","57":"product_tag-ernsten","58":"product_tag-ernster","59":"product_tag-ernstes","60":"product_tag-ernsthaft","61":"product_tag-ernsthafte","62":"product_tag-ernsthaften","63":"product_tag-ernsthafter","64":"product_tag-ernsthaftes","65":"product_tag-ernsthaftigkeit","66":"product_tag-ethnie","67":"product_tag-ethnien","68":"product_tag-ethnisch","69":"product_tag-ethnische","70":"product_tag-ethnischen","71":"product_tag-ethnischer","72":"product_tag-ethnisches","73":"product_tag-familie","74":"product_tag-familien","75":"product_tag-fernsehapparat","76":"product_tag-fernseher","77":"product_tag-fernsehgeraet","78":"product_tag-flaeschchen","79":"product_tag-foto","80":"product_tag-fotoabzug","81":"product_tag-fotoabzuege","82":"product_tag-fotografie","83":"product_tag-fotografien","84":"product_tag-fotografin","85":"product_tag-fotografinnen","86":"product_tag-fotoreportage","87":"product_tag-frau","88":"product_tag-frauen","89":"product_tag-gatte","90":"product_tag-gatten","91":"product_tag-gattin","92":"product_tag-gattinnen","93":"product_tag-gemahl","94":"product_tag-gemahlin","95":"product_tag-gemahlinnen","96":"product_tag-geschwister","97":"product_tag-gesellschaftlich","98":"product_tag-gesellschaftliche","99":"product_tag-gesellschaftlichen","100":"product_tag-gesellschaftlicher","101":"product_tag-gesellschaftliches","102":"product_tag-innen","103":"product_tag-kind","104":"product_tag-kinde","105":"product_tag-kinder","106":"product_tag-kindern","107":"product_tag-kinderwagen","108":"product_tag-kinderwagens","109":"product_tag-kindes","110":"product_tag-kindheit","111":"product_tag-kleinkind","112":"product_tag-kleinkinder","113":"product_tag-kleinkindern","114":"product_tag-laecheln","115":"product_tag-laechelnd","116":"product_tag-laechelnde","117":"product_tag-laechelnden","118":"product_tag-laechelnder","119":"product_tag-laechelndes","120":"product_tag-laechelt","121":"product_tag-mainz","122":"product_tag-mainzer","123":"product_tag-mann","124":"product_tag-maenner","125":"product_tag-mannes","126":"product_tag-migrant","127":"product_tag-migranten","128":"product_tag-milchflasche","129":"product_tag-milchflaschen","130":"product_tag-minderheit","131":"product_tag-mutter","132":"product_tag-notunterkunft","133":"product_tag-notunterkuenfte","134":"product_tag-obdach","135":"product_tag-paar","136":"product_tag-paare","137":"product_tag-paerchen","138":"product_tag-photo","139":"product_tag-photoabzug","140":"product_tag-photoabzuege","141":"product_tag-photographie","142":"product_tag-photographien","143":"product_tag-photographin","144":"product_tag-photographinnen","145":"product_tag-photoreportage","146":"product_tag-portrait","147":"product_tag-portraitaufnahme","148":"product_tag-portraitfoto","149":"product_tag-portraitfotografie","150":"product_tag-portraitphoto","151":"product_tag-portraitphotographie","152":"product_tag-portraits","153":"product_tag-portraet","154":"product_tag-portraetaufnahme","155":"product_tag-portraetfoto","156":"product_tag-portraetfotografie","157":"product_tag-portraetphoto","158":"product_tag-portraetphotographie","159":"product_tag-portraets","160":"product_tag-pose","161":"product_tag-posieren","162":"product_tag-posiert","163":"product_tag-print","164":"product_tag-rauchend","165":"product_tag-rauchende","166":"product_tag-rauchenden","167":"product_tag-rauchender","168":"product_tag-rauchendes","169":"product_tag-raucherin","170":"product_tag-raucherinnen","171":"product_tag-reportage","172":"product_tag-rheinisch","173":"product_tag-rheinische","174":"product_tag-rheinischen","175":"product_tag-rheinischer","176":"product_tag-rheinisches","177":"product_tag-rheinland","178":"product_tag-rheinland-pfalz","179":"product_tag-rheinlande","180":"product_tag-rheinlanden","181":"product_tag-rheinlandes","182":"product_tag-rheinlands","183":"product_tag-roma","184":"product_tag-s-w-fotografie","185":"product_tag-s-w-photographie","186":"product_tag-saeugling","187":"product_tag-saeuglinge","188":"product_tag-saeuglinges","189":"product_tag-saeuglings","190":"product_tag-schwarzweissphotographie","191":"product_tag-schwarz-weiss-fotografie","192":"product_tag-schwarz-weiss-photographie","193":"product_tag-schwarzweiss","194":"product_tag-schwarzweisse","195":"product_tag-schwarzweissen","196":"product_tag-schwarzweisser","197":"product_tag-schwarzweisses","198":"product_tag-schwarzweissfotografie","199":"product_tag-siebziger","200":"product_tag-siedlung","201":"product_tag-siedlungen","202":"product_tag-silbergelatine","203":"product_tag-silbergelatineabzug","204":"product_tag-silbergelatineabzuege","205":"product_tag-silbergelatineprint","206":"product_tag-sinti","207":"product_tag-sinti-und-roma","208":"product_tag-sitzen","209":"product_tag-sitzend","210":"product_tag-sitzende","211":"product_tag-sitzenden","212":"product_tag-sitzender","213":"product_tag-sitzendes","214":"product_tag-sitzt","215":"product_tag-sohn","216":"product_tag-soehne","217":"product_tag-soehnen","218":"product_tag-sohnes","219":"product_tag-sw-fotografie","220":"product_tag-sw-photographie","221":"product_tag-tapetenmuster","222":"product_tag-tisch","223":"product_tag-tische","224":"product_tag-tischen","225":"product_tag-tisches","226":"product_tag-tochter","227":"product_tag-toechtern","228":"product_tag-trinkflasche","229":"product_tag-trinkflaschen","230":"product_tag-tv-geraet","231":"product_tag-unterkunft","232":"product_tag-unterkuenfte","233":"product_tag-vater","234":"product_tag-vaters","235":"product_tag-volksgruppe","236":"product_tag-volksgruppen","237":"product_tag-volksstamm","238":"product_tag-volksstaemme","239":"product_tag-von-innen","240":"product_tag-wohnstube","241":"product_tag-wohnstuben","242":"product_tag-wohnwagen","243":"product_tag-wohnzimmer","244":"product_tag-zigarette","245":"product_tag-zigaretten","246":"product_tag-zigarettenraucherin","247":"product_tag-zigarettenraucherinnen","248":"product_tag-zigeuner","249":"product_tag-zigeunerin","250":"product_tag-zigeunerinnen","251":"product_tag-zigeunern","252":"product_tag-zu-hause","253":"product_tag-zuhause","254":"pa_datierung-mai-1971","255":"pa_fotograf-abisag-tuellmann","256":"pa_geografischer_bezug-aufnahmeort-mainz-deutschland","257":"pa_grunddaten_material_technik-foto-silbergelatine-auf-barytpapier","258":"pa_inventarnummer-tue-71-061-14","259":"pa_jahr_von-49516","260":"pa_massangaben-bildformat-foto-23-x-293-cm","261":"pa_mediennummer-50636","262":"pa_objekt_typ-fotografie","264":"first","265":"instock","266":"product-type-simple"},"yoast_head":"<!-- This site is optimized with the Yoast SEO plugin v27.4 - https:\/\/yoast.com\/product\/yoast-seo-wordpress\/ -->\n<title>Familie in einer Wohnwagensiedlung der Sinti und Roma in Mainz - Abisag T\u00fcllmann<\/title>\n<meta name=\"robots\" content=\"index, follow, max-snippet:-1, max-image-preview:large, max-video-preview:-1\" \/>\n<link rel=\"canonical\" href=\"https:\/\/bpk-archive.de\/tuellmann\/produkt\/familie-in-einer-wohnwagensiedlung-der-sinti-und-roma-in-mainz\/\" \/>\n<meta property=\"og:locale\" content=\"de_DE\" \/>\n<meta property=\"og:type\" content=\"article\" \/>\n<meta property=\"og:title\" content=\"Familie in einer Wohnwagensiedlung der Sinti und Roma in Mainz - Abisag T\u00fcllmann\" \/>\n<meta property=\"og:description\" content=\"R\u00fcckseitenbeschriftung von Hand der Fotografin: &#8222;Zigeunerfamilie (ich wei\u00df nicht, ob Sinti oder Roma) in Mainz&#8220;\" \/>\n<meta property=\"og:url\" content=\"https:\/\/bpk-archive.de\/tuellmann\/produkt\/familie-in-einer-wohnwagensiedlung-der-sinti-und-roma-in-mainz\/\" \/>\n<meta property=\"og:site_name\" content=\"Abisag T\u00fcllmann\" \/>\n<meta property=\"article:modified_time\" content=\"2019-09-05T13:03:21+00:00\" \/>\n<meta property=\"og:image\" content=\"https:\/\/bpk-archive.de\/tuellmann\/wp-content\/uploads\/2019\/08\/bpk_70275170.jpg\" \/>\n\t<meta property=\"og:image:width\" content=\"1200\" \/>\n\t<meta property=\"og:image:height\" content=\"953\" \/>\n\t<meta property=\"og:image:type\" content=\"image\/jpeg\" \/>\n<meta name=\"twitter:card\" content=\"summary_large_image\" \/>\n<script type=\"application\/ld+json\" class=\"yoast-schema-graph\">{\"@context\":\"https:\\\/\\\/schema.org\",\"@graph\":[{\"@type\":\"WebPage\",\"@id\":\"https:\\\/\\\/bpk-archive.de\\\/tuellmann\\\/produkt\\\/familie-in-einer-wohnwagensiedlung-der-sinti-und-roma-in-mainz\\\/\",\"url\":\"https:\\\/\\\/bpk-archive.de\\\/tuellmann\\\/produkt\\\/familie-in-einer-wohnwagensiedlung-der-sinti-und-roma-in-mainz\\\/\",\"name\":\"Familie in einer Wohnwagensiedlung der Sinti und Roma in Mainz - Abisag T\u00fcllmann\",\"isPartOf\":{\"@id\":\"https:\\\/\\\/bpk-archive.de\\\/tuellmann\\\/#website\"},\"primaryImageOfPage\":{\"@id\":\"https:\\\/\\\/bpk-archive.de\\\/tuellmann\\\/produkt\\\/familie-in-einer-wohnwagensiedlung-der-sinti-und-roma-in-mainz\\\/#primaryimage\"},\"image\":{\"@id\":\"https:\\\/\\\/bpk-archive.de\\\/tuellmann\\\/produkt\\\/familie-in-einer-wohnwagensiedlung-der-sinti-und-roma-in-mainz\\\/#primaryimage\"},\"thumbnailUrl\":\"https:\\\/\\\/bpk-archive.de\\\/tuellmann\\\/wp-content\\\/uploads\\\/2019\\\/08\\\/bpk_70275170.jpg\",\"datePublished\":\"2019-09-05T13:03:15+00:00\",\"dateModified\":\"2019-09-05T13:03:21+00:00\",\"breadcrumb\":{\"@id\":\"https:\\\/\\\/bpk-archive.de\\\/tuellmann\\\/produkt\\\/familie-in-einer-wohnwagensiedlung-der-sinti-und-roma-in-mainz\\\/#breadcrumb\"},\"inLanguage\":\"de\",\"potentialAction\":[{\"@type\":\"ReadAction\",\"target\":[\"https:\\\/\\\/bpk-archive.de\\\/tuellmann\\\/produkt\\\/familie-in-einer-wohnwagensiedlung-der-sinti-und-roma-in-mainz\\\/\"]}]},{\"@type\":\"ImageObject\",\"inLanguage\":\"de\",\"@id\":\"https:\\\/\\\/bpk-archive.de\\\/tuellmann\\\/produkt\\\/familie-in-einer-wohnwagensiedlung-der-sinti-und-roma-in-mainz\\\/#primaryimage\",\"url\":\"https:\\\/\\\/bpk-archive.de\\\/tuellmann\\\/wp-content\\\/uploads\\\/2019\\\/08\\\/bpk_70275170.jpg\",\"contentUrl\":\"https:\\\/\\\/bpk-archive.de\\\/tuellmann\\\/wp-content\\\/uploads\\\/2019\\\/08\\\/bpk_70275170.jpg\",\"width\":1200,\"height\":953,\"caption\":\"Familie in einer Wohnwagensiedlung der Sinti und Roma in Mainz\"},{\"@type\":\"BreadcrumbList\",\"@id\":\"https:\\\/\\\/bpk-archive.de\\\/tuellmann\\\/produkt\\\/familie-in-einer-wohnwagensiedlung-der-sinti-und-roma-in-mainz\\\/#breadcrumb\",\"itemListElement\":[{\"@type\":\"ListItem\",\"position\":1,\"name\":\"Startseite\",\"item\":\"https:\\\/\\\/bpk-archive.de\\\/tuellmann\\\/\"},{\"@type\":\"ListItem\",\"position\":2,\"name\":\"Shop\",\"item\":\"https:\\\/\\\/bpk-archive.de\\\/tuellmann\\\/shop\\\/\"},{\"@type\":\"ListItem\",\"position\":3,\"name\":\"Familie in einer Wohnwagensiedlung der Sinti und Roma in Mainz\"}]},{\"@type\":\"WebSite\",\"@id\":\"https:\\\/\\\/bpk-archive.de\\\/tuellmann\\\/#website\",\"url\":\"https:\\\/\\\/bpk-archive.de\\\/tuellmann\\\/\",\"name\":\"Abisag T\u00fcllmann\",\"description\":\"Eine weitere WordPress-Website\",\"potentialAction\":[{\"@type\":\"SearchAction\",\"target\":{\"@type\":\"EntryPoint\",\"urlTemplate\":\"https:\\\/\\\/bpk-archive.de\\\/tuellmann\\\/?s={search_term_string}\"},\"query-input\":{\"@type\":\"PropertyValueSpecification\",\"valueRequired\":true,\"valueName\":\"search_term_string\"}}],\"inLanguage\":\"de\"}]}<\/script>\n<!-- \/ Yoast SEO plugin. -->","yoast_head_json":{"title":"Familie in einer Wohnwagensiedlung der Sinti und Roma in Mainz - Abisag T\u00fcllmann","robots":{"index":"index","follow":"follow","max-snippet":"max-snippet:-1","max-image-preview":"max-image-preview:large","max-video-preview":"max-video-preview:-1"},"canonical":"https:\/\/bpk-archive.de\/tuellmann\/produkt\/familie-in-einer-wohnwagensiedlung-der-sinti-und-roma-in-mainz\/","og_locale":"de_DE","og_type":"article","og_title":"Familie in einer Wohnwagensiedlung der Sinti und Roma in Mainz - Abisag T\u00fcllmann","og_description":"R\u00fcckseitenbeschriftung von Hand der Fotografin: &#8222;Zigeunerfamilie (ich wei\u00df nicht, ob Sinti oder Roma) in Mainz&#8220;","og_url":"https:\/\/bpk-archive.de\/tuellmann\/produkt\/familie-in-einer-wohnwagensiedlung-der-sinti-und-roma-in-mainz\/","og_site_name":"Abisag T\u00fcllmann","article_modified_time":"2019-09-05T13:03:21+00:00","og_image":[{"width":1200,"height":953,"url":"https:\/\/bpk-archive.de\/tuellmann\/wp-content\/uploads\/2019\/08\/bpk_70275170.jpg","type":"image\/jpeg"}],"twitter_card":"summary_large_image","schema":{"@context":"https:\/\/schema.org","@graph":[{"@type":"WebPage","@id":"https:\/\/bpk-archive.de\/tuellmann\/produkt\/familie-in-einer-wohnwagensiedlung-der-sinti-und-roma-in-mainz\/","url":"https:\/\/bpk-archive.de\/tuellmann\/produkt\/familie-in-einer-wohnwagensiedlung-der-sinti-und-roma-in-mainz\/","name":"Familie in einer Wohnwagensiedlung der Sinti und Roma in Mainz - Abisag T\u00fcllmann","isPartOf":{"@id":"https:\/\/bpk-archive.de\/tuellmann\/#website"},"primaryImageOfPage":{"@id":"https:\/\/bpk-archive.de\/tuellmann\/produkt\/familie-in-einer-wohnwagensiedlung-der-sinti-und-roma-in-mainz\/#primaryimage"},"image":{"@id":"https:\/\/bpk-archive.de\/tuellmann\/produkt\/familie-in-einer-wohnwagensiedlung-der-sinti-und-roma-in-mainz\/#primaryimage"},"thumbnailUrl":"https:\/\/bpk-archive.de\/tuellmann\/wp-content\/uploads\/2019\/08\/bpk_70275170.jpg","datePublished":"2019-09-05T13:03:15+00:00","dateModified":"2019-09-05T13:03:21+00:00","breadcrumb":{"@id":"https:\/\/bpk-archive.de\/tuellmann\/produkt\/familie-in-einer-wohnwagensiedlung-der-sinti-und-roma-in-mainz\/#breadcrumb"},"inLanguage":"de","potentialAction":[{"@type":"ReadAction","target":["https:\/\/bpk-archive.de\/tuellmann\/produkt\/familie-in-einer-wohnwagensiedlung-der-sinti-und-roma-in-mainz\/"]}]},{"@type":"ImageObject","inLanguage":"de","@id":"https:\/\/bpk-archive.de\/tuellmann\/produkt\/familie-in-einer-wohnwagensiedlung-der-sinti-und-roma-in-mainz\/#primaryimage","url":"https:\/\/bpk-archive.de\/tuellmann\/wp-content\/uploads\/2019\/08\/bpk_70275170.jpg","contentUrl":"https:\/\/bpk-archive.de\/tuellmann\/wp-content\/uploads\/2019\/08\/bpk_70275170.jpg","width":1200,"height":953,"caption":"Familie in einer Wohnwagensiedlung der Sinti und Roma in Mainz"},{"@type":"BreadcrumbList","@id":"https:\/\/bpk-archive.de\/tuellmann\/produkt\/familie-in-einer-wohnwagensiedlung-der-sinti-und-roma-in-mainz\/#breadcrumb","itemListElement":[{"@type":"ListItem","position":1,"name":"Startseite","item":"https:\/\/bpk-archive.de\/tuellmann\/"},{"@type":"ListItem","position":2,"name":"Shop","item":"https:\/\/bpk-archive.de\/tuellmann\/shop\/"},{"@type":"ListItem","position":3,"name":"Familie in einer Wohnwagensiedlung der Sinti und Roma in Mainz"}]},{"@type":"WebSite","@id":"https:\/\/bpk-archive.de\/tuellmann\/#website","url":"https:\/\/bpk-archive.de\/tuellmann\/","name":"Abisag T\u00fcllmann","description":"Eine weitere WordPress-Website","potentialAction":[{"@type":"SearchAction","target":{"@type":"EntryPoint","urlTemplate":"https:\/\/bpk-archive.de\/tuellmann\/?s={search_term_string}"},"query-input":{"@type":"PropertyValueSpecification","valueRequired":true,"valueName":"search_term_string"}}],"inLanguage":"de"}]}},"_links":{"self":[{"href":"https:\/\/bpk-archive.de\/tuellmann\/wp-json\/wp\/v2\/product\/70295215","targetHints":{"allow":["GET"]}}],"collection":[{"href":"https:\/\/bpk-archive.de\/tuellmann\/wp-json\/wp\/v2\/product"}],"about":[{"href":"https:\/\/bpk-archive.de\/tuellmann\/wp-json\/wp\/v2\/types\/product"}],"wp:featuredmedia":[{"embeddable":true,"href":"https:\/\/bpk-archive.de\/tuellmann\/wp-json\/wp\/v2\/media\/70292994"}],"wp:attachment":[{"href":"https:\/\/bpk-archive.de\/tuellmann\/wp-json\/wp\/v2\/media?parent=70295215"}],"wp:term":[{"taxonomy":"product_brand","embeddable":true,"href":"https:\/\/bpk-archive.de\/tuellmann\/wp-json\/wp\/v2\/product_brand?post=70295215"},{"taxonomy":"product_cat","embeddable":true,"href":"https:\/\/bpk-archive.de\/tuellmann\/wp-json\/wp\/v2\/product_cat?post=70295215"},{"taxonomy":"product_tag","embeddable":true,"href":"https:\/\/bpk-archive.de\/tuellmann\/wp-json\/wp\/v2\/product_tag?post=70295215"}],"curies":[{"name":"wp","href":"https:\/\/api.w.org\/{rel}","templated":true}]}}