{"id":70295214,"date":"2019-09-05T15:03:15","date_gmt":"2019-09-05T13:03:15","guid":{"rendered":"http:\/\/abisagtuellmann.bpk-news.de\/atbild\/eine-kraehe-durchsucht-den-abfall\/"},"modified":"2020-08-12T10:24:32","modified_gmt":"2020-08-12T08:24:32","slug":"eine-kraehe-durchsucht-den-abfall","status":"publish","type":"product","link":"https:\/\/bpk-archive.de\/tuellmann\/produkt\/eine-kraehe-durchsucht-den-abfall\/","title":{"rendered":"Eine Kr\u00e4he durchsucht den Abfall"},"content":{"rendered":"<p>in einer Notunterkunft f\u00fcr Sinti und Roma in Mainz R\u00fcckseitenbeschriftung von anderer Hand: &#8222;Sinti und Roma, Notunterkunft in Mainz&#8220;<\/p>\n","protected":false},"excerpt":{"rendered":"<p>in einer Notunterkunft f\u00fcr Sinti und Roma in Mainz R\u00fcckseitenbeschriftung von anderer Hand: &#8222;Sinti und Roma, Notunterkunft in Mainz&#8220;<\/p>\n","protected":false},"featured_media":70292996,"template":"","meta":[],"product_brand":[],"product_cat":[73395],"product_tag":[13230,13232,13234,13231,13233,13235,47985,47986,47987,49668,13777,47541,47542,47543,47544,47545,47546,47547,47548,49518,50202,13250,14318,13469,13470,49469,49470,49471,13471,13472,49519,13260,50244,50618,49520,49521,49522,49523,49524,49525,49526,13293,13786,13787,13294,13295,13296,13297,47267,49528,49529,49530,49531,49532,49481,50619,50620,13301,50621,50622,50623,49542,49543,49816,47786,49544,48014,48017,49484,47449,47450,14229,13328,13827,13828,13329,13330,13331,13332,47332,50624,50625,50626,50627,50628,13843,47333,49545,49546,49547,49548,49549,49550,49554,49551,49552,49553,49555,49556,13877,13879,50255,50629,50630,50631,13865,13864,13866,13351,50632,13352,13353,50633,13858,13859,13860,13861,13862,13863,13354,48160,48161,13869,13870,13871,13872,49557,49558,14243,14244,14245,14246,14247,14248,14249,13878,13880,50514,50515,50516,50517,50634,14250,14251,50520,50521,50522,49561,49562,49563,49564,49569,49570],"class_list":{"0":"post-70295214","1":"product","2":"type-product","3":"status-publish","4":"has-post-thumbnail","6":"product_cat-sinti-und-roma","7":"product_tag-1970er-jahre","8":"product_tag-20-jahrhundert-nach-chr","9":"product_tag-20-jh-n-chr","10":"product_tag-20-jahrhundert","11":"product_tag-20-jh","12":"product_tag-70er","13":"product_tag-abfall","14":"product_tag-abfaelle","15":"product_tag-abfalls","16":"product_tag-abt_002","17":"product_tag-abzug","18":"product_tag-alltag","19":"product_tag-alltaeglich","20":"product_tag-alltaegliche","21":"product_tag-alltaeglicher","22":"product_tag-alltaegliches","23":"product_tag-alltagsleben","24":"product_tag-alltagsszene","25":"product_tag-alltagsszenen","26":"product_tag-at_sinti-roma","27":"product_tag-ausschnitt","28":"product_tag-aussen","29":"product_tag-aussenseiter","30":"product_tag-brd","31":"product_tag-bundesrepublik-deutschland","32":"product_tag-close-up","33":"product_tag-detail","34":"product_tag-details","35":"product_tag-deutschland","36":"product_tag-deutschlands","37":"product_tag-diskriminierung","38":"product_tag-draussen","39":"product_tag-dreck","40":"product_tag-electrostar","41":"product_tag-ethnie","42":"product_tag-ethnien","43":"product_tag-ethnisch","44":"product_tag-ethnische","45":"product_tag-ethnischen","46":"product_tag-ethnischer","47":"product_tag-ethnisches","48":"product_tag-foto","49":"product_tag-fotoabzug","50":"product_tag-fotoabzuege","51":"product_tag-fotografie","52":"product_tag-fotografien","53":"product_tag-fotografin","54":"product_tag-fotografinnen","55":"product_tag-fotoreportage","56":"product_tag-gesellschaftlich","57":"product_tag-gesellschaftliche","58":"product_tag-gesellschaftlichen","59":"product_tag-gesellschaftlicher","60":"product_tag-gesellschaftliches","61":"product_tag-grossaufnahme","62":"product_tag-halm","63":"product_tag-halme","64":"product_tag-im-freien","65":"product_tag-kraehe","66":"product_tag-kraehen","67":"product_tag-kraehenvogel","68":"product_tag-mainz","69":"product_tag-mainzer","70":"product_tag-migrant","71":"product_tag-migranten","72":"product_tag-minderheit","73":"product_tag-muell","74":"product_tag-muells","75":"product_tag-nahaufnahme","76":"product_tag-notunterkunft","77":"product_tag-notunterkuenfte","78":"product_tag-obdach","79":"product_tag-photo","80":"product_tag-photoabzug","81":"product_tag-photoabzuege","82":"product_tag-photographie","83":"product_tag-photographien","84":"product_tag-photographin","85":"product_tag-photographinnen","86":"product_tag-photoreportage","87":"product_tag-picken","88":"product_tag-pickende","89":"product_tag-pickenden","90":"product_tag-pickender","91":"product_tag-pickendes","92":"product_tag-print","93":"product_tag-reportage","94":"product_tag-rheinisch","95":"product_tag-rheinische","96":"product_tag-rheinischen","97":"product_tag-rheinischer","98":"product_tag-rheinisches","99":"product_tag-rheinland","100":"product_tag-rheinland-pfalz","101":"product_tag-rheinlande","102":"product_tag-rheinlanden","103":"product_tag-rheinlandes","104":"product_tag-rheinlands","105":"product_tag-roma","106":"product_tag-s-w-fotografie","107":"product_tag-s-w-photographie","108":"product_tag-schmutz","109":"product_tag-schnabel","110":"product_tag-schrott","111":"product_tag-schwarz","112":"product_tag-schwarzweissphotographie","113":"product_tag-schwarz-weiss-fotografie","114":"product_tag-schwarz-weiss-photographie","115":"product_tag-schwarze","116":"product_tag-schwarzem","117":"product_tag-schwarzen","118":"product_tag-schwarzer","119":"product_tag-schwarzes","120":"product_tag-schwarzweiss","121":"product_tag-schwarzweisse","122":"product_tag-schwarzweissen","123":"product_tag-schwarzweisser","124":"product_tag-schwarzweisses","125":"product_tag-schwarzweissfotografie","126":"product_tag-siebziger","127":"product_tag-siedlung","128":"product_tag-siedlungen","129":"product_tag-silbergelatine","130":"product_tag-silbergelatineabzug","131":"product_tag-silbergelatineabzuege","132":"product_tag-silbergelatineprint","133":"product_tag-sinti","134":"product_tag-sinti-und-roma","135":"product_tag-sitzen","136":"product_tag-sitzend","137":"product_tag-sitzende","138":"product_tag-sitzenden","139":"product_tag-sitzender","140":"product_tag-sitzendes","141":"product_tag-sitzt","142":"product_tag-sw-fotografie","143":"product_tag-sw-photographie","144":"product_tag-tier","145":"product_tag-tiere","146":"product_tag-tieren","147":"product_tag-tieres","148":"product_tag-unrat","149":"product_tag-unterkunft","150":"product_tag-unterkuenfte","151":"product_tag-vogel","152":"product_tag-voegeln","153":"product_tag-vogels","154":"product_tag-volksgruppe","155":"product_tag-volksgruppen","156":"product_tag-volksstamm","157":"product_tag-volksstaemme","158":"product_tag-zigeuner","159":"product_tag-zigeunern","160":"pa_datierung-mai-1971","161":"pa_fotograf-abisag-tuellmann","162":"pa_geografischer_bezug-aufnahmeort-mainz-deutschland","163":"pa_grunddaten_material_technik-foto-silbergelatine-auf-barytpapier","164":"pa_inventarnummer-tue-71-058-54","165":"pa_jahr_von-49516","166":"pa_massangaben-bildformat-foto-237-x-294-cm","167":"pa_mediennummer-50616","168":"pa_objekt_typ-fotografie","170":"first","171":"instock","172":"product-type-simple"},"yoast_head":"<!-- This site is optimized with the Yoast SEO plugin v27.4 - https:\/\/yoast.com\/product\/yoast-seo-wordpress\/ -->\n<title>Eine Kr\u00e4he durchsucht den Abfall - Abisag T\u00fcllmann<\/title>\n<meta name=\"robots\" content=\"index, follow, max-snippet:-1, max-image-preview:large, max-video-preview:-1\" \/>\n<link rel=\"canonical\" href=\"https:\/\/bpk-archive.de\/tuellmann\/produkt\/eine-kraehe-durchsucht-den-abfall\/\" \/>\n<meta property=\"og:locale\" content=\"de_DE\" \/>\n<meta property=\"og:type\" content=\"article\" \/>\n<meta property=\"og:title\" content=\"Eine Kr\u00e4he durchsucht den Abfall - Abisag T\u00fcllmann\" \/>\n<meta property=\"og:description\" content=\"in einer Notunterkunft f\u00fcr Sinti und Roma in Mainz R\u00fcckseitenbeschriftung von anderer Hand: &#8222;Sinti und Roma, Notunterkunft in Mainz&#8220;\" \/>\n<meta property=\"og:url\" content=\"https:\/\/bpk-archive.de\/tuellmann\/produkt\/eine-kraehe-durchsucht-den-abfall\/\" \/>\n<meta property=\"og:site_name\" content=\"Abisag T\u00fcllmann\" \/>\n<meta property=\"article:modified_time\" content=\"2020-08-12T08:24:32+00:00\" \/>\n<meta property=\"og:image\" content=\"https:\/\/bpk-archive.de\/tuellmann\/wp-content\/uploads\/2019\/08\/bpk_70275171.jpg\" \/>\n\t<meta property=\"og:image:width\" content=\"1200\" \/>\n\t<meta property=\"og:image:height\" content=\"978\" \/>\n\t<meta property=\"og:image:type\" content=\"image\/jpeg\" \/>\n<meta name=\"twitter:card\" content=\"summary_large_image\" \/>\n<script type=\"application\/ld+json\" class=\"yoast-schema-graph\">{\"@context\":\"https:\\\/\\\/schema.org\",\"@graph\":[{\"@type\":\"WebPage\",\"@id\":\"https:\\\/\\\/bpk-archive.de\\\/tuellmann\\\/produkt\\\/eine-kraehe-durchsucht-den-abfall\\\/\",\"url\":\"https:\\\/\\\/bpk-archive.de\\\/tuellmann\\\/produkt\\\/eine-kraehe-durchsucht-den-abfall\\\/\",\"name\":\"Eine Kr\u00e4he durchsucht den Abfall - Abisag T\u00fcllmann\",\"isPartOf\":{\"@id\":\"https:\\\/\\\/bpk-archive.de\\\/tuellmann\\\/#website\"},\"primaryImageOfPage\":{\"@id\":\"https:\\\/\\\/bpk-archive.de\\\/tuellmann\\\/produkt\\\/eine-kraehe-durchsucht-den-abfall\\\/#primaryimage\"},\"image\":{\"@id\":\"https:\\\/\\\/bpk-archive.de\\\/tuellmann\\\/produkt\\\/eine-kraehe-durchsucht-den-abfall\\\/#primaryimage\"},\"thumbnailUrl\":\"https:\\\/\\\/bpk-archive.de\\\/tuellmann\\\/wp-content\\\/uploads\\\/2019\\\/08\\\/bpk_70275171.jpg\",\"datePublished\":\"2019-09-05T13:03:15+00:00\",\"dateModified\":\"2020-08-12T08:24:32+00:00\",\"breadcrumb\":{\"@id\":\"https:\\\/\\\/bpk-archive.de\\\/tuellmann\\\/produkt\\\/eine-kraehe-durchsucht-den-abfall\\\/#breadcrumb\"},\"inLanguage\":\"de\",\"potentialAction\":[{\"@type\":\"ReadAction\",\"target\":[\"https:\\\/\\\/bpk-archive.de\\\/tuellmann\\\/produkt\\\/eine-kraehe-durchsucht-den-abfall\\\/\"]}]},{\"@type\":\"ImageObject\",\"inLanguage\":\"de\",\"@id\":\"https:\\\/\\\/bpk-archive.de\\\/tuellmann\\\/produkt\\\/eine-kraehe-durchsucht-den-abfall\\\/#primaryimage\",\"url\":\"https:\\\/\\\/bpk-archive.de\\\/tuellmann\\\/wp-content\\\/uploads\\\/2019\\\/08\\\/bpk_70275171.jpg\",\"contentUrl\":\"https:\\\/\\\/bpk-archive.de\\\/tuellmann\\\/wp-content\\\/uploads\\\/2019\\\/08\\\/bpk_70275171.jpg\",\"width\":1200,\"height\":978,\"caption\":\"Eine Kr\u00e4he durchsucht den Abfall\"},{\"@type\":\"BreadcrumbList\",\"@id\":\"https:\\\/\\\/bpk-archive.de\\\/tuellmann\\\/produkt\\\/eine-kraehe-durchsucht-den-abfall\\\/#breadcrumb\",\"itemListElement\":[{\"@type\":\"ListItem\",\"position\":1,\"name\":\"Startseite\",\"item\":\"https:\\\/\\\/bpk-archive.de\\\/tuellmann\\\/\"},{\"@type\":\"ListItem\",\"position\":2,\"name\":\"Shop\",\"item\":\"https:\\\/\\\/bpk-archive.de\\\/tuellmann\\\/shop\\\/\"},{\"@type\":\"ListItem\",\"position\":3,\"name\":\"Eine Kr\u00e4he durchsucht den Abfall\"}]},{\"@type\":\"WebSite\",\"@id\":\"https:\\\/\\\/bpk-archive.de\\\/tuellmann\\\/#website\",\"url\":\"https:\\\/\\\/bpk-archive.de\\\/tuellmann\\\/\",\"name\":\"Abisag T\u00fcllmann\",\"description\":\"Eine weitere WordPress-Website\",\"potentialAction\":[{\"@type\":\"SearchAction\",\"target\":{\"@type\":\"EntryPoint\",\"urlTemplate\":\"https:\\\/\\\/bpk-archive.de\\\/tuellmann\\\/?s={search_term_string}\"},\"query-input\":{\"@type\":\"PropertyValueSpecification\",\"valueRequired\":true,\"valueName\":\"search_term_string\"}}],\"inLanguage\":\"de\"}]}<\/script>\n<!-- \/ Yoast SEO plugin. -->","yoast_head_json":{"title":"Eine Kr\u00e4he durchsucht den Abfall - Abisag T\u00fcllmann","robots":{"index":"index","follow":"follow","max-snippet":"max-snippet:-1","max-image-preview":"max-image-preview:large","max-video-preview":"max-video-preview:-1"},"canonical":"https:\/\/bpk-archive.de\/tuellmann\/produkt\/eine-kraehe-durchsucht-den-abfall\/","og_locale":"de_DE","og_type":"article","og_title":"Eine Kr\u00e4he durchsucht den Abfall - Abisag T\u00fcllmann","og_description":"in einer Notunterkunft f\u00fcr Sinti und Roma in Mainz R\u00fcckseitenbeschriftung von anderer Hand: &#8222;Sinti und Roma, Notunterkunft in Mainz&#8220;","og_url":"https:\/\/bpk-archive.de\/tuellmann\/produkt\/eine-kraehe-durchsucht-den-abfall\/","og_site_name":"Abisag T\u00fcllmann","article_modified_time":"2020-08-12T08:24:32+00:00","og_image":[{"width":1200,"height":978,"url":"https:\/\/bpk-archive.de\/tuellmann\/wp-content\/uploads\/2019\/08\/bpk_70275171.jpg","type":"image\/jpeg"}],"twitter_card":"summary_large_image","schema":{"@context":"https:\/\/schema.org","@graph":[{"@type":"WebPage","@id":"https:\/\/bpk-archive.de\/tuellmann\/produkt\/eine-kraehe-durchsucht-den-abfall\/","url":"https:\/\/bpk-archive.de\/tuellmann\/produkt\/eine-kraehe-durchsucht-den-abfall\/","name":"Eine Kr\u00e4he durchsucht den Abfall - Abisag T\u00fcllmann","isPartOf":{"@id":"https:\/\/bpk-archive.de\/tuellmann\/#website"},"primaryImageOfPage":{"@id":"https:\/\/bpk-archive.de\/tuellmann\/produkt\/eine-kraehe-durchsucht-den-abfall\/#primaryimage"},"image":{"@id":"https:\/\/bpk-archive.de\/tuellmann\/produkt\/eine-kraehe-durchsucht-den-abfall\/#primaryimage"},"thumbnailUrl":"https:\/\/bpk-archive.de\/tuellmann\/wp-content\/uploads\/2019\/08\/bpk_70275171.jpg","datePublished":"2019-09-05T13:03:15+00:00","dateModified":"2020-08-12T08:24:32+00:00","breadcrumb":{"@id":"https:\/\/bpk-archive.de\/tuellmann\/produkt\/eine-kraehe-durchsucht-den-abfall\/#breadcrumb"},"inLanguage":"de","potentialAction":[{"@type":"ReadAction","target":["https:\/\/bpk-archive.de\/tuellmann\/produkt\/eine-kraehe-durchsucht-den-abfall\/"]}]},{"@type":"ImageObject","inLanguage":"de","@id":"https:\/\/bpk-archive.de\/tuellmann\/produkt\/eine-kraehe-durchsucht-den-abfall\/#primaryimage","url":"https:\/\/bpk-archive.de\/tuellmann\/wp-content\/uploads\/2019\/08\/bpk_70275171.jpg","contentUrl":"https:\/\/bpk-archive.de\/tuellmann\/wp-content\/uploads\/2019\/08\/bpk_70275171.jpg","width":1200,"height":978,"caption":"Eine Kr\u00e4he durchsucht den Abfall"},{"@type":"BreadcrumbList","@id":"https:\/\/bpk-archive.de\/tuellmann\/produkt\/eine-kraehe-durchsucht-den-abfall\/#breadcrumb","itemListElement":[{"@type":"ListItem","position":1,"name":"Startseite","item":"https:\/\/bpk-archive.de\/tuellmann\/"},{"@type":"ListItem","position":2,"name":"Shop","item":"https:\/\/bpk-archive.de\/tuellmann\/shop\/"},{"@type":"ListItem","position":3,"name":"Eine Kr\u00e4he durchsucht den Abfall"}]},{"@type":"WebSite","@id":"https:\/\/bpk-archive.de\/tuellmann\/#website","url":"https:\/\/bpk-archive.de\/tuellmann\/","name":"Abisag T\u00fcllmann","description":"Eine weitere WordPress-Website","potentialAction":[{"@type":"SearchAction","target":{"@type":"EntryPoint","urlTemplate":"https:\/\/bpk-archive.de\/tuellmann\/?s={search_term_string}"},"query-input":{"@type":"PropertyValueSpecification","valueRequired":true,"valueName":"search_term_string"}}],"inLanguage":"de"}]}},"_links":{"self":[{"href":"https:\/\/bpk-archive.de\/tuellmann\/wp-json\/wp\/v2\/product\/70295214","targetHints":{"allow":["GET"]}}],"collection":[{"href":"https:\/\/bpk-archive.de\/tuellmann\/wp-json\/wp\/v2\/product"}],"about":[{"href":"https:\/\/bpk-archive.de\/tuellmann\/wp-json\/wp\/v2\/types\/product"}],"wp:featuredmedia":[{"embeddable":true,"href":"https:\/\/bpk-archive.de\/tuellmann\/wp-json\/wp\/v2\/media\/70292996"}],"wp:attachment":[{"href":"https:\/\/bpk-archive.de\/tuellmann\/wp-json\/wp\/v2\/media?parent=70295214"}],"wp:term":[{"taxonomy":"product_brand","embeddable":true,"href":"https:\/\/bpk-archive.de\/tuellmann\/wp-json\/wp\/v2\/product_brand?post=70295214"},{"taxonomy":"product_cat","embeddable":true,"href":"https:\/\/bpk-archive.de\/tuellmann\/wp-json\/wp\/v2\/product_cat?post=70295214"},{"taxonomy":"product_tag","embeddable":true,"href":"https:\/\/bpk-archive.de\/tuellmann\/wp-json\/wp\/v2\/product_tag?post=70295214"}],"curies":[{"name":"wp","href":"https:\/\/api.w.org\/{rel}","templated":true}]}}