{"id":70295212,"date":"2019-09-05T15:03:15","date_gmt":"2019-09-05T13:03:15","guid":{"rendered":"http:\/\/abisagtuellmann.bpk-news.de\/atbild\/strasse-in-einer-wohnwagensiedlung-der-sinti-und-roma-bei-koeln\/"},"modified":"2019-09-05T15:03:17","modified_gmt":"2019-09-05T13:03:17","slug":"strasse-in-einer-wohnwagensiedlung-der-sinti-und-roma-bei-koeln","status":"publish","type":"product","link":"https:\/\/bpk-archive.de\/tuellmann\/produkt\/strasse-in-einer-wohnwagensiedlung-der-sinti-und-roma-bei-koeln\/","title":{"rendered":"Stra\u00dfe in einer Wohnwagensiedlung der Sinti und Roma bei K\u00f6ln"},"content":{"rendered":"<p>R\u00fcckseitenbeschriftung von anderer Hand: &#8222;Sinti und Roma, Wohnwagenlager in K\u00f6ln&#8220;<\/p>\n","protected":false},"excerpt":{"rendered":"<p>R\u00fcckseitenbeschriftung von anderer Hand: &#8222;Sinti und Roma, Wohnwagenlager in K\u00f6ln&#8220;<\/p>\n","protected":false},"featured_media":70293009,"template":"","meta":[],"product_brand":[],"product_cat":[],"product_tag":[13230,13232,13234,13231,13233,13235,47921,49668,13777,47541,47542,47543,47544,47545,47546,47547,47548,14316,49518,13250,14318,47549,47550,47551,47552,47553,14174,14175,14176,13784,13785,14177,13469,13470,49579,49580,13253,13254,13255,13256,13257,13471,13472,49519,13260,50244,50245,50246,50247,50248,50249,49520,49521,49522,49523,49524,49525,49526,13293,13786,13787,13294,13295,13296,13297,47267,47849,47850,47851,47852,47853,49438,49439,49440,49441,49442,49443,49444,48510,48511,48512,48513,48514,49528,49529,49530,49531,49532,50499,13301,14205,14206,14207,14208,14209,14210,14213,14214,14215,14216,14217,14218,14219,50598,50599,50600,49885,49886,49887,49888,49889,48548,48549,48550,49582,49583,14000,14001,14002,14003,14004,14005,14006,13310,47313,47314,47315,47316,47317,47318,13311,13818,13819,13826,49604,50601,49816,47786,49544,49586,49588,14229,48520,13328,13827,13828,13329,13330,13331,13332,47332,13829,13830,13831,13832,13833,13834,13835,13836,13837,13838,13839,13840,13841,13842,13843,47958,47333,49545,49546,49547,49548,49549,49550,49551,49552,49553,49555,49556,13877,13879,50255,50256,50257,50258,50259,50260,13865,13864,13866,13858,13859,13860,13861,13862,13863,13354,48160,48161,13869,13870,13871,13872,49557,49558,49605,49606,49607,49608,49609,49610,13519,13520,13521,13522,13523,13524,48165,48166,50602,49085,49086,47967,13878,13880,47968,14250,14251,49793,49794,49795,49796,49797,49798,49561,49562,49563,49564,49568,49569,49591,50173,50174,49570],"class_list":{"0":"post-70295212","1":"product","2":"type-product","3":"status-publish","4":"has-post-thumbnail","6":"product_tag-1970er-jahre","7":"product_tag-20-jahrhundert-nach-chr","8":"product_tag-20-jh-n-chr","9":"product_tag-20-jahrhundert","10":"product_tag-20-jh","11":"product_tag-70er","12":"product_tag-abisag","13":"product_tag-abt_002","14":"product_tag-abzug","15":"product_tag-alltag","16":"product_tag-alltaeglich","17":"product_tag-alltaegliche","18":"product_tag-alltaeglicher","19":"product_tag-alltaegliches","20":"product_tag-alltagsleben","21":"product_tag-alltagsszene","22":"product_tag-alltagsszenen","23":"product_tag-armut","24":"product_tag-at_sinti-roma","25":"product_tag-aussen","26":"product_tag-aussenseiter","27":"product_tag-auto","28":"product_tag-automobil","29":"product_tag-automobile","30":"product_tag-automobils","31":"product_tag-autos","32":"product_tag-baracke","33":"product_tag-baracken","34":"product_tag-barackenlager","35":"product_tag-bildnis","36":"product_tag-bildnisse","37":"product_tag-blickkontakt","38":"product_tag-brd","39":"product_tag-bundesrepublik-deutschland","40":"product_tag-coeln","41":"product_tag-coelner","42":"product_tag-deutsch","43":"product_tag-deutsche","44":"product_tag-deutschen","45":"product_tag-deutscher","46":"product_tag-deutsches","47":"product_tag-deutschland","48":"product_tag-deutschlands","49":"product_tag-diskriminierung","50":"product_tag-draussen","51":"product_tag-dreck","52":"product_tag-dreckig","53":"product_tag-dreckige","54":"product_tag-dreckigen","55":"product_tag-dreckiger","56":"product_tag-dreckiges","57":"product_tag-ethnie","58":"product_tag-ethnien","59":"product_tag-ethnisch","60":"product_tag-ethnische","61":"product_tag-ethnischen","62":"product_tag-ethnischer","63":"product_tag-ethnisches","64":"product_tag-foto","65":"product_tag-fotoabzug","66":"product_tag-fotoabzuege","67":"product_tag-fotografie","68":"product_tag-fotografien","69":"product_tag-fotografin","70":"product_tag-fotografinnen","71":"product_tag-fotoreportage","72":"product_tag-freundlich","73":"product_tag-freundliche","74":"product_tag-freundlicher","75":"product_tag-freundliches","76":"product_tag-freundlichkeit","77":"product_tag-froehlich","78":"product_tag-froehliche","79":"product_tag-froehlichem","80":"product_tag-froehlichen","81":"product_tag-froehlicher","82":"product_tag-froehliches","83":"product_tag-froehlichkeit","84":"product_tag-geparkt","85":"product_tag-geparkte","86":"product_tag-geparkten","87":"product_tag-geparkter","88":"product_tag-geparktes","89":"product_tag-gesellschaftlich","90":"product_tag-gesellschaftliche","91":"product_tag-gesellschaftlichen","92":"product_tag-gesellschaftlicher","93":"product_tag-gesellschaftliches","94":"product_tag-gummistiefel","95":"product_tag-im-freien","96":"product_tag-kind","97":"product_tag-kinde","98":"product_tag-kinder","99":"product_tag-kinderbild","100":"product_tag-kinderbildnis","101":"product_tag-kinderbildnisse","102":"product_tag-kindern","103":"product_tag-kinderportrait","104":"product_tag-kinderportraits","105":"product_tag-kinderportraet","106":"product_tag-kinderportraets","107":"product_tag-kindes","108":"product_tag-kindheit","109":"product_tag-kleid","110":"product_tag-kleider","111":"product_tag-kleidern","112":"product_tag-klein","113":"product_tag-kleine","114":"product_tag-kleinen","115":"product_tag-kleiner","116":"product_tag-kleines","117":"product_tag-kleinkind","118":"product_tag-kleinkinder","119":"product_tag-kleinkindern","120":"product_tag-koeln","121":"product_tag-koelner","122":"product_tag-laecheln","123":"product_tag-laechelnd","124":"product_tag-laechelnde","125":"product_tag-laechelnden","126":"product_tag-laechelnder","127":"product_tag-laechelndes","128":"product_tag-laechelt","129":"product_tag-maedchen","130":"product_tag-maedchenbildnis","131":"product_tag-maedchenbildnisse","132":"product_tag-maedchenportrait","133":"product_tag-maedchenportraits","134":"product_tag-maedchenportraet","135":"product_tag-maedchenportraets","136":"product_tag-maedchens","137":"product_tag-mann","138":"product_tag-maenner","139":"product_tag-mannes","140":"product_tag-matsch","141":"product_tag-mercedes","142":"product_tag-migrant","143":"product_tag-migranten","144":"product_tag-minderheit","145":"product_tag-nordrhein-westfalen","146":"product_tag-nrw","147":"product_tag-obdach","148":"product_tag-parken","149":"product_tag-photo","150":"product_tag-photoabzug","151":"product_tag-photoabzuege","152":"product_tag-photographie","153":"product_tag-photographien","154":"product_tag-photographin","155":"product_tag-photographinnen","156":"product_tag-photoreportage","157":"product_tag-portrait","158":"product_tag-portraitaufnahme","159":"product_tag-portraitfoto","160":"product_tag-portraitfotografie","161":"product_tag-portraitphoto","162":"product_tag-portraitphotographie","163":"product_tag-portraits","164":"product_tag-portraet","165":"product_tag-portraetaufnahme","166":"product_tag-portraetfoto","167":"product_tag-portraetfotografie","168":"product_tag-portraetphoto","169":"product_tag-portraetphotographie","170":"product_tag-portraets","171":"product_tag-print","172":"product_tag-querformat","173":"product_tag-reportage","174":"product_tag-rheinisch","175":"product_tag-rheinische","176":"product_tag-rheinischen","177":"product_tag-rheinischer","178":"product_tag-rheinisches","179":"product_tag-rheinland","180":"product_tag-rheinlande","181":"product_tag-rheinlanden","182":"product_tag-rheinlandes","183":"product_tag-rheinlands","184":"product_tag-roma","185":"product_tag-s-w-fotografie","186":"product_tag-s-w-photographie","187":"product_tag-schmutz","188":"product_tag-schmutzig","189":"product_tag-schmutzige","190":"product_tag-schmutzigen","191":"product_tag-schmutziger","192":"product_tag-schmutziges","193":"product_tag-schwarzweissphotographie","194":"product_tag-schwarz-weiss-fotografie","195":"product_tag-schwarz-weiss-photographie","196":"product_tag-schwarzweiss","197":"product_tag-schwarzweisse","198":"product_tag-schwarzweissen","199":"product_tag-schwarzweisser","200":"product_tag-schwarzweisses","201":"product_tag-schwarzweissfotografie","202":"product_tag-siebziger","203":"product_tag-siedlung","204":"product_tag-siedlungen","205":"product_tag-silbergelatine","206":"product_tag-silbergelatineabzug","207":"product_tag-silbergelatineabzuege","208":"product_tag-silbergelatineprint","209":"product_tag-sinti","210":"product_tag-sinti-und-roma","211":"product_tag-spielen","212":"product_tag-spielend","213":"product_tag-spielende","214":"product_tag-spielenden","215":"product_tag-spielender","216":"product_tag-spielendes","217":"product_tag-stehen","218":"product_tag-stehend","219":"product_tag-stehende","220":"product_tag-stehenden","221":"product_tag-stehender","222":"product_tag-stehendes","223":"product_tag-strasse","224":"product_tag-strassen","225":"product_tag-strassendreck","226":"product_tag-strassenzug","227":"product_tag-strassenzuege","228":"product_tag-sw","229":"product_tag-sw-fotografie","230":"product_tag-sw-photographie","231":"product_tag-tuellmann","232":"product_tag-unterkunft","233":"product_tag-unterkuenfte","234":"product_tag-verwahrlost","235":"product_tag-verwahrloste","236":"product_tag-verwahrlosten","237":"product_tag-verwahrloster","238":"product_tag-verwahrlostes","239":"product_tag-verwahrlosung","240":"product_tag-volksgruppe","241":"product_tag-volksgruppen","242":"product_tag-volksstamm","243":"product_tag-volksstaemme","244":"product_tag-wohnwagen","245":"product_tag-zigeuner","246":"product_tag-zigeunerin","247":"product_tag-zigeunerkind","248":"product_tag-zigeunerkinder","249":"product_tag-zigeunern","250":"pa_datierung-mai-1971","251":"pa_fotograf-abisag-tuellmann","252":"pa_geografischer_bezug-aufnahmeort-koeln-deutschland","253":"pa_grunddaten_material_technik-foto-silbergelatine-auf-barytpapier","254":"pa_inventarnummer-tue-71-065-33a","255":"pa_jahr_von-49516","256":"pa_massangaben-bildformat-foto-235-x-293-cm","257":"pa_mediennummer-50596","258":"pa_objekt_typ-fotografie","260":"first","261":"instock","262":"product-type-simple"},"yoast_head":"<!-- This site is optimized with the Yoast SEO plugin v27.3 - https:\/\/yoast.com\/product\/yoast-seo-wordpress\/ -->\n<title>Stra\u00dfe in einer Wohnwagensiedlung der Sinti und Roma bei K\u00f6ln - Abisag T\u00fcllmann<\/title>\n<meta name=\"robots\" content=\"index, follow, max-snippet:-1, max-image-preview:large, max-video-preview:-1\" \/>\n<link rel=\"canonical\" href=\"https:\/\/bpk-archive.de\/tuellmann\/produkt\/strasse-in-einer-wohnwagensiedlung-der-sinti-und-roma-bei-koeln\/\" \/>\n<meta property=\"og:locale\" content=\"de_DE\" \/>\n<meta property=\"og:type\" content=\"article\" \/>\n<meta property=\"og:title\" content=\"Stra\u00dfe in einer Wohnwagensiedlung der Sinti und Roma bei K\u00f6ln - Abisag T\u00fcllmann\" \/>\n<meta property=\"og:description\" content=\"R\u00fcckseitenbeschriftung von anderer Hand: &#8222;Sinti und Roma, Wohnwagenlager in K\u00f6ln&#8220;\" \/>\n<meta property=\"og:url\" content=\"https:\/\/bpk-archive.de\/tuellmann\/produkt\/strasse-in-einer-wohnwagensiedlung-der-sinti-und-roma-bei-koeln\/\" \/>\n<meta property=\"og:site_name\" content=\"Abisag T\u00fcllmann\" \/>\n<meta property=\"article:modified_time\" content=\"2019-09-05T13:03:17+00:00\" \/>\n<meta property=\"og:image\" content=\"https:\/\/bpk-archive.de\/tuellmann\/wp-content\/uploads\/2019\/08\/bpk_70275177.jpg\" \/>\n\t<meta property=\"og:image:width\" content=\"1200\" \/>\n\t<meta property=\"og:image:height\" content=\"973\" \/>\n\t<meta property=\"og:image:type\" content=\"image\/jpeg\" \/>\n<meta name=\"twitter:card\" content=\"summary_large_image\" \/>\n<script type=\"application\/ld+json\" class=\"yoast-schema-graph\">{\"@context\":\"https:\\\/\\\/schema.org\",\"@graph\":[{\"@type\":\"WebPage\",\"@id\":\"https:\\\/\\\/bpk-archive.de\\\/tuellmann\\\/produkt\\\/strasse-in-einer-wohnwagensiedlung-der-sinti-und-roma-bei-koeln\\\/\",\"url\":\"https:\\\/\\\/bpk-archive.de\\\/tuellmann\\\/produkt\\\/strasse-in-einer-wohnwagensiedlung-der-sinti-und-roma-bei-koeln\\\/\",\"name\":\"Stra\u00dfe in einer Wohnwagensiedlung der Sinti und Roma bei K\u00f6ln - Abisag T\u00fcllmann\",\"isPartOf\":{\"@id\":\"https:\\\/\\\/bpk-archive.de\\\/tuellmann\\\/#website\"},\"primaryImageOfPage\":{\"@id\":\"https:\\\/\\\/bpk-archive.de\\\/tuellmann\\\/produkt\\\/strasse-in-einer-wohnwagensiedlung-der-sinti-und-roma-bei-koeln\\\/#primaryimage\"},\"image\":{\"@id\":\"https:\\\/\\\/bpk-archive.de\\\/tuellmann\\\/produkt\\\/strasse-in-einer-wohnwagensiedlung-der-sinti-und-roma-bei-koeln\\\/#primaryimage\"},\"thumbnailUrl\":\"https:\\\/\\\/bpk-archive.de\\\/tuellmann\\\/wp-content\\\/uploads\\\/2019\\\/08\\\/bpk_70275177.jpg\",\"datePublished\":\"2019-09-05T13:03:15+00:00\",\"dateModified\":\"2019-09-05T13:03:17+00:00\",\"breadcrumb\":{\"@id\":\"https:\\\/\\\/bpk-archive.de\\\/tuellmann\\\/produkt\\\/strasse-in-einer-wohnwagensiedlung-der-sinti-und-roma-bei-koeln\\\/#breadcrumb\"},\"inLanguage\":\"de\",\"potentialAction\":[{\"@type\":\"ReadAction\",\"target\":[\"https:\\\/\\\/bpk-archive.de\\\/tuellmann\\\/produkt\\\/strasse-in-einer-wohnwagensiedlung-der-sinti-und-roma-bei-koeln\\\/\"]}]},{\"@type\":\"ImageObject\",\"inLanguage\":\"de\",\"@id\":\"https:\\\/\\\/bpk-archive.de\\\/tuellmann\\\/produkt\\\/strasse-in-einer-wohnwagensiedlung-der-sinti-und-roma-bei-koeln\\\/#primaryimage\",\"url\":\"https:\\\/\\\/bpk-archive.de\\\/tuellmann\\\/wp-content\\\/uploads\\\/2019\\\/08\\\/bpk_70275177.jpg\",\"contentUrl\":\"https:\\\/\\\/bpk-archive.de\\\/tuellmann\\\/wp-content\\\/uploads\\\/2019\\\/08\\\/bpk_70275177.jpg\",\"width\":1200,\"height\":973,\"caption\":\"Stra\u00dfe in einer Wohnwagensiedlung der Sinti und Roma bei K\u00f6ln\"},{\"@type\":\"BreadcrumbList\",\"@id\":\"https:\\\/\\\/bpk-archive.de\\\/tuellmann\\\/produkt\\\/strasse-in-einer-wohnwagensiedlung-der-sinti-und-roma-bei-koeln\\\/#breadcrumb\",\"itemListElement\":[{\"@type\":\"ListItem\",\"position\":1,\"name\":\"Startseite\",\"item\":\"https:\\\/\\\/bpk-archive.de\\\/tuellmann\\\/\"},{\"@type\":\"ListItem\",\"position\":2,\"name\":\"Shop\",\"item\":\"https:\\\/\\\/bpk-archive.de\\\/tuellmann\\\/shop\\\/\"},{\"@type\":\"ListItem\",\"position\":3,\"name\":\"Stra\u00dfe in einer Wohnwagensiedlung der Sinti und Roma bei K\u00f6ln\"}]},{\"@type\":\"WebSite\",\"@id\":\"https:\\\/\\\/bpk-archive.de\\\/tuellmann\\\/#website\",\"url\":\"https:\\\/\\\/bpk-archive.de\\\/tuellmann\\\/\",\"name\":\"Abisag T\u00fcllmann\",\"description\":\"Eine weitere WordPress-Website\",\"potentialAction\":[{\"@type\":\"SearchAction\",\"target\":{\"@type\":\"EntryPoint\",\"urlTemplate\":\"https:\\\/\\\/bpk-archive.de\\\/tuellmann\\\/?s={search_term_string}\"},\"query-input\":{\"@type\":\"PropertyValueSpecification\",\"valueRequired\":true,\"valueName\":\"search_term_string\"}}],\"inLanguage\":\"de\"}]}<\/script>\n<!-- \/ Yoast SEO plugin. -->","yoast_head_json":{"title":"Stra\u00dfe in einer Wohnwagensiedlung der Sinti und Roma bei K\u00f6ln - Abisag T\u00fcllmann","robots":{"index":"index","follow":"follow","max-snippet":"max-snippet:-1","max-image-preview":"max-image-preview:large","max-video-preview":"max-video-preview:-1"},"canonical":"https:\/\/bpk-archive.de\/tuellmann\/produkt\/strasse-in-einer-wohnwagensiedlung-der-sinti-und-roma-bei-koeln\/","og_locale":"de_DE","og_type":"article","og_title":"Stra\u00dfe in einer Wohnwagensiedlung der Sinti und Roma bei K\u00f6ln - Abisag T\u00fcllmann","og_description":"R\u00fcckseitenbeschriftung von anderer Hand: &#8222;Sinti und Roma, Wohnwagenlager in K\u00f6ln&#8220;","og_url":"https:\/\/bpk-archive.de\/tuellmann\/produkt\/strasse-in-einer-wohnwagensiedlung-der-sinti-und-roma-bei-koeln\/","og_site_name":"Abisag T\u00fcllmann","article_modified_time":"2019-09-05T13:03:17+00:00","og_image":[{"width":1200,"height":973,"url":"https:\/\/bpk-archive.de\/tuellmann\/wp-content\/uploads\/2019\/08\/bpk_70275177.jpg","type":"image\/jpeg"}],"twitter_card":"summary_large_image","schema":{"@context":"https:\/\/schema.org","@graph":[{"@type":"WebPage","@id":"https:\/\/bpk-archive.de\/tuellmann\/produkt\/strasse-in-einer-wohnwagensiedlung-der-sinti-und-roma-bei-koeln\/","url":"https:\/\/bpk-archive.de\/tuellmann\/produkt\/strasse-in-einer-wohnwagensiedlung-der-sinti-und-roma-bei-koeln\/","name":"Stra\u00dfe in einer Wohnwagensiedlung der Sinti und Roma bei K\u00f6ln - Abisag T\u00fcllmann","isPartOf":{"@id":"https:\/\/bpk-archive.de\/tuellmann\/#website"},"primaryImageOfPage":{"@id":"https:\/\/bpk-archive.de\/tuellmann\/produkt\/strasse-in-einer-wohnwagensiedlung-der-sinti-und-roma-bei-koeln\/#primaryimage"},"image":{"@id":"https:\/\/bpk-archive.de\/tuellmann\/produkt\/strasse-in-einer-wohnwagensiedlung-der-sinti-und-roma-bei-koeln\/#primaryimage"},"thumbnailUrl":"https:\/\/bpk-archive.de\/tuellmann\/wp-content\/uploads\/2019\/08\/bpk_70275177.jpg","datePublished":"2019-09-05T13:03:15+00:00","dateModified":"2019-09-05T13:03:17+00:00","breadcrumb":{"@id":"https:\/\/bpk-archive.de\/tuellmann\/produkt\/strasse-in-einer-wohnwagensiedlung-der-sinti-und-roma-bei-koeln\/#breadcrumb"},"inLanguage":"de","potentialAction":[{"@type":"ReadAction","target":["https:\/\/bpk-archive.de\/tuellmann\/produkt\/strasse-in-einer-wohnwagensiedlung-der-sinti-und-roma-bei-koeln\/"]}]},{"@type":"ImageObject","inLanguage":"de","@id":"https:\/\/bpk-archive.de\/tuellmann\/produkt\/strasse-in-einer-wohnwagensiedlung-der-sinti-und-roma-bei-koeln\/#primaryimage","url":"https:\/\/bpk-archive.de\/tuellmann\/wp-content\/uploads\/2019\/08\/bpk_70275177.jpg","contentUrl":"https:\/\/bpk-archive.de\/tuellmann\/wp-content\/uploads\/2019\/08\/bpk_70275177.jpg","width":1200,"height":973,"caption":"Stra\u00dfe in einer Wohnwagensiedlung der Sinti und Roma bei K\u00f6ln"},{"@type":"BreadcrumbList","@id":"https:\/\/bpk-archive.de\/tuellmann\/produkt\/strasse-in-einer-wohnwagensiedlung-der-sinti-und-roma-bei-koeln\/#breadcrumb","itemListElement":[{"@type":"ListItem","position":1,"name":"Startseite","item":"https:\/\/bpk-archive.de\/tuellmann\/"},{"@type":"ListItem","position":2,"name":"Shop","item":"https:\/\/bpk-archive.de\/tuellmann\/shop\/"},{"@type":"ListItem","position":3,"name":"Stra\u00dfe in einer Wohnwagensiedlung der Sinti und Roma bei K\u00f6ln"}]},{"@type":"WebSite","@id":"https:\/\/bpk-archive.de\/tuellmann\/#website","url":"https:\/\/bpk-archive.de\/tuellmann\/","name":"Abisag T\u00fcllmann","description":"Eine weitere WordPress-Website","potentialAction":[{"@type":"SearchAction","target":{"@type":"EntryPoint","urlTemplate":"https:\/\/bpk-archive.de\/tuellmann\/?s={search_term_string}"},"query-input":{"@type":"PropertyValueSpecification","valueRequired":true,"valueName":"search_term_string"}}],"inLanguage":"de"}]}},"_links":{"self":[{"href":"https:\/\/bpk-archive.de\/tuellmann\/wp-json\/wp\/v2\/product\/70295212","targetHints":{"allow":["GET"]}}],"collection":[{"href":"https:\/\/bpk-archive.de\/tuellmann\/wp-json\/wp\/v2\/product"}],"about":[{"href":"https:\/\/bpk-archive.de\/tuellmann\/wp-json\/wp\/v2\/types\/product"}],"wp:featuredmedia":[{"embeddable":true,"href":"https:\/\/bpk-archive.de\/tuellmann\/wp-json\/wp\/v2\/media\/70293009"}],"wp:attachment":[{"href":"https:\/\/bpk-archive.de\/tuellmann\/wp-json\/wp\/v2\/media?parent=70295212"}],"wp:term":[{"taxonomy":"product_brand","embeddable":true,"href":"https:\/\/bpk-archive.de\/tuellmann\/wp-json\/wp\/v2\/product_brand?post=70295212"},{"taxonomy":"product_cat","embeddable":true,"href":"https:\/\/bpk-archive.de\/tuellmann\/wp-json\/wp\/v2\/product_cat?post=70295212"},{"taxonomy":"product_tag","embeddable":true,"href":"https:\/\/bpk-archive.de\/tuellmann\/wp-json\/wp\/v2\/product_tag?post=70295212"}],"curies":[{"name":"wp","href":"https:\/\/api.w.org\/{rel}","templated":true}]}}