{"id":70295207,"date":"2019-09-05T15:02:49","date_gmt":"2019-09-05T13:02:49","guid":{"rendered":"http:\/\/abisagtuellmann.bpk-news.de\/atbild\/aelterer-herr-in-einer-wohnwagensiedlung-der-sinti-und-roma-bei-koeln\/"},"modified":"2020-08-12T10:24:57","modified_gmt":"2020-08-12T08:24:57","slug":"aelterer-herr-in-einer-wohnwagensiedlung-der-sinti-und-roma-bei-koeln","status":"publish","type":"product","link":"https:\/\/bpk-archive.de\/tuellmann\/produkt\/aelterer-herr-in-einer-wohnwagensiedlung-der-sinti-und-roma-bei-koeln\/","title":{"rendered":"\u00c4lterer Herr in einer Wohnwagensiedlung der Sinti und Roma bei K\u00f6ln"},"content":{"rendered":"<p>R\u00fcckseitenbeschriftung von anderer Hand: &#8222;Sinti und Roma, Wohnwagenlager in K\u00f6ln&#8220;<\/p>\n","protected":false},"excerpt":{"rendered":"<p>R\u00fcckseitenbeschriftung von anderer Hand: &#8222;Sinti und Roma, Wohnwagenlager in K\u00f6ln&#8220;<\/p>\n","protected":false},"featured_media":70293019,"template":"","meta":[],"product_brand":[],"product_cat":[73395],"product_tag":[13230,13232,13234,13231,13233,13235,49668,13777,47541,47542,47543,47544,47545,47546,47547,47548,47418,47419,47420,47421,47422,47423,47424,49518,13250,14318,47549,47550,47551,47552,47553,14174,14175,14176,13784,13785,13469,13470,49579,49580,13471,13472,49519,13260,49520,49521,49522,49523,49524,49525,49526,13293,13786,13787,13294,13295,13296,13297,47267,48510,48511,48512,48513,48514,49528,49529,49530,49531,49532,47579,47580,47581,47582,50532,50533,13794,13795,50534,50535,13798,13799,13800,13801,13301,14205,14206,14207,14213,14218,14219,49582,49583,47589,47590,13818,13819,13820,13821,13822,13823,13824,13825,13826,49816,47786,49544,49586,49588,14229,48520,50536,50537,50538,49589,49590,13328,13827,13828,13329,13330,13331,13332,47332,13829,13830,13831,13832,13833,13834,13835,13836,13837,13838,13839,13840,13841,13842,13843,48677,48678,47333,49545,49546,49547,49548,49549,49550,49551,49552,49553,49555,49556,13877,13879,13865,13864,13866,13858,13859,13860,13861,13862,13863,47701,13354,48160,48161,13869,13870,13871,13872,49557,49558,49605,49606,49607,49608,49609,49610,49006,13519,13520,13521,13522,13523,13524,48165,48166,13878,13880,14250,14251,49561,49562,49563,49564,49568,49569,49570],"class_list":{"0":"post-70295207","1":"product","2":"type-product","3":"status-publish","4":"has-post-thumbnail","6":"product_cat-sinti-und-roma","7":"product_tag-1970er-jahre","8":"product_tag-20-jahrhundert-nach-chr","9":"product_tag-20-jh-n-chr","10":"product_tag-20-jahrhundert","11":"product_tag-20-jh","12":"product_tag-70er","13":"product_tag-abt_002","14":"product_tag-abzug","15":"product_tag-alltag","16":"product_tag-alltaeglich","17":"product_tag-alltaegliche","18":"product_tag-alltaeglicher","19":"product_tag-alltaegliches","20":"product_tag-alltagsleben","21":"product_tag-alltagsszene","22":"product_tag-alltagsszenen","23":"product_tag-alt","24":"product_tag-alte","25":"product_tag-alten","26":"product_tag-alter","27":"product_tag-aeltere","28":"product_tag-aelterer","29":"product_tag-altes","30":"product_tag-at_sinti-roma","31":"product_tag-aussen","32":"product_tag-aussenseiter","33":"product_tag-auto","34":"product_tag-automobil","35":"product_tag-automobile","36":"product_tag-automobils","37":"product_tag-autos","38":"product_tag-baracke","39":"product_tag-baracken","40":"product_tag-barackenlager","41":"product_tag-bildnis","42":"product_tag-bildnisse","43":"product_tag-brd","44":"product_tag-bundesrepublik-deutschland","45":"product_tag-coeln","46":"product_tag-coelner","47":"product_tag-deutschland","48":"product_tag-deutschlands","49":"product_tag-diskriminierung","50":"product_tag-draussen","51":"product_tag-ethnie","52":"product_tag-ethnien","53":"product_tag-ethnisch","54":"product_tag-ethnische","55":"product_tag-ethnischen","56":"product_tag-ethnischer","57":"product_tag-ethnisches","58":"product_tag-foto","59":"product_tag-fotoabzug","60":"product_tag-fotoabzuege","61":"product_tag-fotografie","62":"product_tag-fotografien","63":"product_tag-fotografin","64":"product_tag-fotografinnen","65":"product_tag-fotoreportage","66":"product_tag-geparkt","67":"product_tag-geparkte","68":"product_tag-geparkten","69":"product_tag-geparkter","70":"product_tag-geparktes","71":"product_tag-gesellschaftlich","72":"product_tag-gesellschaftliche","73":"product_tag-gesellschaftlichen","74":"product_tag-gesellschaftlicher","75":"product_tag-gesellschaftliches","76":"product_tag-gespraech","77":"product_tag-gespraeche","78":"product_tag-gespraeches","79":"product_tag-gespraechs","80":"product_tag-herrenbildnis","81":"product_tag-herrenbildnisse","82":"product_tag-herrenhut","83":"product_tag-herrenhuete","84":"product_tag-herrenportaets","85":"product_tag-herrenportraet","86":"product_tag-hut","87":"product_tag-huete","88":"product_tag-hueten","89":"product_tag-hutes","90":"product_tag-im-freien","91":"product_tag-kind","92":"product_tag-kinde","93":"product_tag-kinder","94":"product_tag-kindern","95":"product_tag-kindes","96":"product_tag-kindheit","97":"product_tag-koeln","98":"product_tag-koelner","99":"product_tag-konversation","100":"product_tag-konversationen","101":"product_tag-mann","102":"product_tag-maenner","103":"product_tag-maennerbildnis","104":"product_tag-maennerbildnisse","105":"product_tag-maennerportrait","106":"product_tag-maennerportraits","107":"product_tag-maennerportraet","108":"product_tag-maennerportraets","109":"product_tag-mannes","110":"product_tag-migrant","111":"product_tag-migranten","112":"product_tag-minderheit","113":"product_tag-nordrhein-westfalen","114":"product_tag-nrw","115":"product_tag-obdach","116":"product_tag-parken","117":"product_tag-pfeife","118":"product_tag-pfeifen","119":"product_tag-pfeifenraucher","120":"product_tag-pfuetze","121":"product_tag-pfuetzen","122":"product_tag-photo","123":"product_tag-photoabzug","124":"product_tag-photoabzuege","125":"product_tag-photographie","126":"product_tag-photographien","127":"product_tag-photographin","128":"product_tag-photographinnen","129":"product_tag-photoreportage","130":"product_tag-portrait","131":"product_tag-portraitaufnahme","132":"product_tag-portraitfoto","133":"product_tag-portraitfotografie","134":"product_tag-portraitphoto","135":"product_tag-portraitphotographie","136":"product_tag-portraits","137":"product_tag-portraet","138":"product_tag-portraetaufnahme","139":"product_tag-portraetfoto","140":"product_tag-portraetfotografie","141":"product_tag-portraetphoto","142":"product_tag-portraetphotographie","143":"product_tag-portraets","144":"product_tag-print","145":"product_tag-rauchen","146":"product_tag-raucher","147":"product_tag-reportage","148":"product_tag-rheinisch","149":"product_tag-rheinische","150":"product_tag-rheinischen","151":"product_tag-rheinischer","152":"product_tag-rheinisches","153":"product_tag-rheinland","154":"product_tag-rheinlande","155":"product_tag-rheinlanden","156":"product_tag-rheinlandes","157":"product_tag-rheinlands","158":"product_tag-roma","159":"product_tag-s-w-fotografie","160":"product_tag-s-w-photographie","161":"product_tag-schwarzweissphotographie","162":"product_tag-schwarz-weiss-fotografie","163":"product_tag-schwarz-weiss-photographie","164":"product_tag-schwarzweiss","165":"product_tag-schwarzweisse","166":"product_tag-schwarzweissen","167":"product_tag-schwarzweisser","168":"product_tag-schwarzweisses","169":"product_tag-schwarzweissfotografie","170":"product_tag-seitenblick","171":"product_tag-siebziger","172":"product_tag-siedlung","173":"product_tag-siedlungen","174":"product_tag-silbergelatine","175":"product_tag-silbergelatineabzug","176":"product_tag-silbergelatineabzuege","177":"product_tag-silbergelatineprint","178":"product_tag-sinti","179":"product_tag-sinti-und-roma","180":"product_tag-spielen","181":"product_tag-spielend","182":"product_tag-spielende","183":"product_tag-spielenden","184":"product_tag-spielender","185":"product_tag-spielendes","186":"product_tag-sprechen","187":"product_tag-stehen","188":"product_tag-stehend","189":"product_tag-stehende","190":"product_tag-stehenden","191":"product_tag-stehender","192":"product_tag-stehendes","193":"product_tag-strasse","194":"product_tag-strassen","195":"product_tag-sw-fotografie","196":"product_tag-sw-photographie","197":"product_tag-unterkunft","198":"product_tag-unterkuenfte","199":"product_tag-volksgruppe","200":"product_tag-volksgruppen","201":"product_tag-volksstamm","202":"product_tag-volksstaemme","203":"product_tag-wohnwagen","204":"product_tag-zigeuner","205":"product_tag-zigeunern","206":"pa_datierung-mai-1971","207":"pa_fotograf-abisag-tuellmann","208":"pa_geografischer_bezug-aufnahmeort-koeln-deutschland","209":"pa_grunddaten_material_technik-foto-silbergelatine-auf-barytpapier","210":"pa_inventarnummer-tue-71-061-32","211":"pa_jahr_von-49516","212":"pa_massangaben-bildformat-foto-235-x-293-cm","213":"pa_mediennummer-50529","214":"pa_objekt_typ-fotografie","216":"first","217":"instock","218":"product-type-simple"},"yoast_head":"<!-- This site is optimized with the Yoast SEO plugin v27.4 - https:\/\/yoast.com\/product\/yoast-seo-wordpress\/ -->\n<title>\u00c4lterer Herr in einer Wohnwagensiedlung der Sinti und Roma bei K\u00f6ln - Abisag T\u00fcllmann<\/title>\n<meta name=\"robots\" content=\"index, follow, max-snippet:-1, max-image-preview:large, max-video-preview:-1\" \/>\n<link rel=\"canonical\" href=\"https:\/\/bpk-archive.de\/tuellmann\/produkt\/aelterer-herr-in-einer-wohnwagensiedlung-der-sinti-und-roma-bei-koeln\/\" \/>\n<meta property=\"og:locale\" content=\"de_DE\" \/>\n<meta property=\"og:type\" content=\"article\" \/>\n<meta property=\"og:title\" content=\"\u00c4lterer Herr in einer Wohnwagensiedlung der Sinti und Roma bei K\u00f6ln - Abisag T\u00fcllmann\" \/>\n<meta property=\"og:description\" content=\"R\u00fcckseitenbeschriftung von anderer Hand: &#8222;Sinti und Roma, Wohnwagenlager in K\u00f6ln&#8220;\" \/>\n<meta property=\"og:url\" content=\"https:\/\/bpk-archive.de\/tuellmann\/produkt\/aelterer-herr-in-einer-wohnwagensiedlung-der-sinti-und-roma-bei-koeln\/\" \/>\n<meta property=\"og:site_name\" content=\"Abisag T\u00fcllmann\" \/>\n<meta property=\"article:modified_time\" content=\"2020-08-12T08:24:57+00:00\" \/>\n<meta property=\"og:image\" content=\"https:\/\/bpk-archive.de\/tuellmann\/wp-content\/uploads\/2019\/08\/bpk_70275181.jpg\" \/>\n\t<meta property=\"og:image:width\" content=\"1200\" \/>\n\t<meta property=\"og:image:height\" content=\"972\" \/>\n\t<meta property=\"og:image:type\" content=\"image\/jpeg\" \/>\n<meta name=\"twitter:card\" content=\"summary_large_image\" \/>\n<script type=\"application\/ld+json\" class=\"yoast-schema-graph\">{\"@context\":\"https:\\\/\\\/schema.org\",\"@graph\":[{\"@type\":\"WebPage\",\"@id\":\"https:\\\/\\\/bpk-archive.de\\\/tuellmann\\\/produkt\\\/aelterer-herr-in-einer-wohnwagensiedlung-der-sinti-und-roma-bei-koeln\\\/\",\"url\":\"https:\\\/\\\/bpk-archive.de\\\/tuellmann\\\/produkt\\\/aelterer-herr-in-einer-wohnwagensiedlung-der-sinti-und-roma-bei-koeln\\\/\",\"name\":\"\u00c4lterer Herr in einer Wohnwagensiedlung der Sinti und Roma bei K\u00f6ln - Abisag T\u00fcllmann\",\"isPartOf\":{\"@id\":\"https:\\\/\\\/bpk-archive.de\\\/tuellmann\\\/#website\"},\"primaryImageOfPage\":{\"@id\":\"https:\\\/\\\/bpk-archive.de\\\/tuellmann\\\/produkt\\\/aelterer-herr-in-einer-wohnwagensiedlung-der-sinti-und-roma-bei-koeln\\\/#primaryimage\"},\"image\":{\"@id\":\"https:\\\/\\\/bpk-archive.de\\\/tuellmann\\\/produkt\\\/aelterer-herr-in-einer-wohnwagensiedlung-der-sinti-und-roma-bei-koeln\\\/#primaryimage\"},\"thumbnailUrl\":\"https:\\\/\\\/bpk-archive.de\\\/tuellmann\\\/wp-content\\\/uploads\\\/2019\\\/08\\\/bpk_70275181.jpg\",\"datePublished\":\"2019-09-05T13:02:49+00:00\",\"dateModified\":\"2020-08-12T08:24:57+00:00\",\"breadcrumb\":{\"@id\":\"https:\\\/\\\/bpk-archive.de\\\/tuellmann\\\/produkt\\\/aelterer-herr-in-einer-wohnwagensiedlung-der-sinti-und-roma-bei-koeln\\\/#breadcrumb\"},\"inLanguage\":\"de\",\"potentialAction\":[{\"@type\":\"ReadAction\",\"target\":[\"https:\\\/\\\/bpk-archive.de\\\/tuellmann\\\/produkt\\\/aelterer-herr-in-einer-wohnwagensiedlung-der-sinti-und-roma-bei-koeln\\\/\"]}]},{\"@type\":\"ImageObject\",\"inLanguage\":\"de\",\"@id\":\"https:\\\/\\\/bpk-archive.de\\\/tuellmann\\\/produkt\\\/aelterer-herr-in-einer-wohnwagensiedlung-der-sinti-und-roma-bei-koeln\\\/#primaryimage\",\"url\":\"https:\\\/\\\/bpk-archive.de\\\/tuellmann\\\/wp-content\\\/uploads\\\/2019\\\/08\\\/bpk_70275181.jpg\",\"contentUrl\":\"https:\\\/\\\/bpk-archive.de\\\/tuellmann\\\/wp-content\\\/uploads\\\/2019\\\/08\\\/bpk_70275181.jpg\",\"width\":1200,\"height\":972,\"caption\":\"\u00c4lterer Herr in einer Wohnwagensiedlung der Sinti und Roma bei K\u00f6ln\"},{\"@type\":\"BreadcrumbList\",\"@id\":\"https:\\\/\\\/bpk-archive.de\\\/tuellmann\\\/produkt\\\/aelterer-herr-in-einer-wohnwagensiedlung-der-sinti-und-roma-bei-koeln\\\/#breadcrumb\",\"itemListElement\":[{\"@type\":\"ListItem\",\"position\":1,\"name\":\"Startseite\",\"item\":\"https:\\\/\\\/bpk-archive.de\\\/tuellmann\\\/\"},{\"@type\":\"ListItem\",\"position\":2,\"name\":\"Shop\",\"item\":\"https:\\\/\\\/bpk-archive.de\\\/tuellmann\\\/shop\\\/\"},{\"@type\":\"ListItem\",\"position\":3,\"name\":\"\u00c4lterer Herr in einer Wohnwagensiedlung der Sinti und Roma bei K\u00f6ln\"}]},{\"@type\":\"WebSite\",\"@id\":\"https:\\\/\\\/bpk-archive.de\\\/tuellmann\\\/#website\",\"url\":\"https:\\\/\\\/bpk-archive.de\\\/tuellmann\\\/\",\"name\":\"Abisag T\u00fcllmann\",\"description\":\"Eine weitere WordPress-Website\",\"potentialAction\":[{\"@type\":\"SearchAction\",\"target\":{\"@type\":\"EntryPoint\",\"urlTemplate\":\"https:\\\/\\\/bpk-archive.de\\\/tuellmann\\\/?s={search_term_string}\"},\"query-input\":{\"@type\":\"PropertyValueSpecification\",\"valueRequired\":true,\"valueName\":\"search_term_string\"}}],\"inLanguage\":\"de\"}]}<\/script>\n<!-- \/ Yoast SEO plugin. -->","yoast_head_json":{"title":"\u00c4lterer Herr in einer Wohnwagensiedlung der Sinti und Roma bei K\u00f6ln - Abisag T\u00fcllmann","robots":{"index":"index","follow":"follow","max-snippet":"max-snippet:-1","max-image-preview":"max-image-preview:large","max-video-preview":"max-video-preview:-1"},"canonical":"https:\/\/bpk-archive.de\/tuellmann\/produkt\/aelterer-herr-in-einer-wohnwagensiedlung-der-sinti-und-roma-bei-koeln\/","og_locale":"de_DE","og_type":"article","og_title":"\u00c4lterer Herr in einer Wohnwagensiedlung der Sinti und Roma bei K\u00f6ln - Abisag T\u00fcllmann","og_description":"R\u00fcckseitenbeschriftung von anderer Hand: &#8222;Sinti und Roma, Wohnwagenlager in K\u00f6ln&#8220;","og_url":"https:\/\/bpk-archive.de\/tuellmann\/produkt\/aelterer-herr-in-einer-wohnwagensiedlung-der-sinti-und-roma-bei-koeln\/","og_site_name":"Abisag T\u00fcllmann","article_modified_time":"2020-08-12T08:24:57+00:00","og_image":[{"width":1200,"height":972,"url":"https:\/\/bpk-archive.de\/tuellmann\/wp-content\/uploads\/2019\/08\/bpk_70275181.jpg","type":"image\/jpeg"}],"twitter_card":"summary_large_image","schema":{"@context":"https:\/\/schema.org","@graph":[{"@type":"WebPage","@id":"https:\/\/bpk-archive.de\/tuellmann\/produkt\/aelterer-herr-in-einer-wohnwagensiedlung-der-sinti-und-roma-bei-koeln\/","url":"https:\/\/bpk-archive.de\/tuellmann\/produkt\/aelterer-herr-in-einer-wohnwagensiedlung-der-sinti-und-roma-bei-koeln\/","name":"\u00c4lterer Herr in einer Wohnwagensiedlung der Sinti und Roma bei K\u00f6ln - Abisag T\u00fcllmann","isPartOf":{"@id":"https:\/\/bpk-archive.de\/tuellmann\/#website"},"primaryImageOfPage":{"@id":"https:\/\/bpk-archive.de\/tuellmann\/produkt\/aelterer-herr-in-einer-wohnwagensiedlung-der-sinti-und-roma-bei-koeln\/#primaryimage"},"image":{"@id":"https:\/\/bpk-archive.de\/tuellmann\/produkt\/aelterer-herr-in-einer-wohnwagensiedlung-der-sinti-und-roma-bei-koeln\/#primaryimage"},"thumbnailUrl":"https:\/\/bpk-archive.de\/tuellmann\/wp-content\/uploads\/2019\/08\/bpk_70275181.jpg","datePublished":"2019-09-05T13:02:49+00:00","dateModified":"2020-08-12T08:24:57+00:00","breadcrumb":{"@id":"https:\/\/bpk-archive.de\/tuellmann\/produkt\/aelterer-herr-in-einer-wohnwagensiedlung-der-sinti-und-roma-bei-koeln\/#breadcrumb"},"inLanguage":"de","potentialAction":[{"@type":"ReadAction","target":["https:\/\/bpk-archive.de\/tuellmann\/produkt\/aelterer-herr-in-einer-wohnwagensiedlung-der-sinti-und-roma-bei-koeln\/"]}]},{"@type":"ImageObject","inLanguage":"de","@id":"https:\/\/bpk-archive.de\/tuellmann\/produkt\/aelterer-herr-in-einer-wohnwagensiedlung-der-sinti-und-roma-bei-koeln\/#primaryimage","url":"https:\/\/bpk-archive.de\/tuellmann\/wp-content\/uploads\/2019\/08\/bpk_70275181.jpg","contentUrl":"https:\/\/bpk-archive.de\/tuellmann\/wp-content\/uploads\/2019\/08\/bpk_70275181.jpg","width":1200,"height":972,"caption":"\u00c4lterer Herr in einer Wohnwagensiedlung der Sinti und Roma bei K\u00f6ln"},{"@type":"BreadcrumbList","@id":"https:\/\/bpk-archive.de\/tuellmann\/produkt\/aelterer-herr-in-einer-wohnwagensiedlung-der-sinti-und-roma-bei-koeln\/#breadcrumb","itemListElement":[{"@type":"ListItem","position":1,"name":"Startseite","item":"https:\/\/bpk-archive.de\/tuellmann\/"},{"@type":"ListItem","position":2,"name":"Shop","item":"https:\/\/bpk-archive.de\/tuellmann\/shop\/"},{"@type":"ListItem","position":3,"name":"\u00c4lterer Herr in einer Wohnwagensiedlung der Sinti und Roma bei K\u00f6ln"}]},{"@type":"WebSite","@id":"https:\/\/bpk-archive.de\/tuellmann\/#website","url":"https:\/\/bpk-archive.de\/tuellmann\/","name":"Abisag T\u00fcllmann","description":"Eine weitere WordPress-Website","potentialAction":[{"@type":"SearchAction","target":{"@type":"EntryPoint","urlTemplate":"https:\/\/bpk-archive.de\/tuellmann\/?s={search_term_string}"},"query-input":{"@type":"PropertyValueSpecification","valueRequired":true,"valueName":"search_term_string"}}],"inLanguage":"de"}]}},"_links":{"self":[{"href":"https:\/\/bpk-archive.de\/tuellmann\/wp-json\/wp\/v2\/product\/70295207","targetHints":{"allow":["GET"]}}],"collection":[{"href":"https:\/\/bpk-archive.de\/tuellmann\/wp-json\/wp\/v2\/product"}],"about":[{"href":"https:\/\/bpk-archive.de\/tuellmann\/wp-json\/wp\/v2\/types\/product"}],"wp:featuredmedia":[{"embeddable":true,"href":"https:\/\/bpk-archive.de\/tuellmann\/wp-json\/wp\/v2\/media\/70293019"}],"wp:attachment":[{"href":"https:\/\/bpk-archive.de\/tuellmann\/wp-json\/wp\/v2\/media?parent=70295207"}],"wp:term":[{"taxonomy":"product_brand","embeddable":true,"href":"https:\/\/bpk-archive.de\/tuellmann\/wp-json\/wp\/v2\/product_brand?post=70295207"},{"taxonomy":"product_cat","embeddable":true,"href":"https:\/\/bpk-archive.de\/tuellmann\/wp-json\/wp\/v2\/product_cat?post=70295207"},{"taxonomy":"product_tag","embeddable":true,"href":"https:\/\/bpk-archive.de\/tuellmann\/wp-json\/wp\/v2\/product_tag?post=70295207"}],"curies":[{"name":"wp","href":"https:\/\/api.w.org\/{rel}","templated":true}]}}