{"id":70295206,"date":"2019-09-05T15:02:49","date_gmt":"2019-09-05T13:02:49","guid":{"rendered":"http:\/\/abisagtuellmann.bpk-news.de\/atbild\/in-einer-wohnwagensiedlung-der-sinti-und-roma-bei-koeln-2\/"},"modified":"2019-09-05T15:03:08","modified_gmt":"2019-09-05T13:03:08","slug":"in-einer-wohnwagensiedlung-der-sinti-und-roma-bei-koeln-2","status":"publish","type":"product","link":"https:\/\/bpk-archive.de\/tuellmann\/produkt\/in-einer-wohnwagensiedlung-der-sinti-und-roma-bei-koeln-2\/","title":{"rendered":"In einer Wohnwagensiedlung der Sinti und Roma bei K\u00f6ln"},"content":{"rendered":"<p>R\u00fcckseitenbeschriftung von anderer Hand: &#8222;Sinti und Roma, Wohnwagenlager in K\u00f6ln&#8220;<\/p>\n","protected":false},"excerpt":{"rendered":"<p>R\u00fcckseitenbeschriftung von anderer Hand: &#8222;Sinti und Roma, Wohnwagenlager in K\u00f6ln&#8220;<\/p>\n","protected":false},"featured_media":70293011,"template":"","meta":[],"product_brand":[],"product_cat":[],"product_tag":[13230,13232,13234,13231,13233,13235,49668,13777,47541,47542,47543,47544,47545,47546,47547,47548,50487,50488,14316,49518,50489,50490,50491,50492,50493,50494,50495,13250,14318,14174,14175,14176,13784,13785,13469,14178,14179,13470,49579,49580,13471,13472,49519,13260,50496,49855,49856,49520,49521,49522,49523,49524,49525,49526,50497,13293,13786,13787,13294,13295,13296,13297,47267,50498,49528,49529,49530,49531,49532,50499,50500,50501,50502,49828,49829,49830,49831,50503,13301,13813,13814,14203,14204,14205,14206,14207,14208,14209,14210,14213,14214,14215,14216,14217,14218,14219,14220,14221,49582,49583,50504,50505,50506,50507,49816,47786,49544,49586,49588,50508,50509,50510,50511,50512,50513,14229,13328,13827,13828,13329,13330,13331,13332,47332,13829,13830,13831,13832,13833,13834,13835,13836,13837,13838,13839,13840,13841,13842,13843,47333,49545,49546,49547,49548,49549,49550,49551,49552,49553,49555,49556,13877,13879,13865,13864,13866,13858,13859,13860,13861,13862,13863,13354,48160,48161,13869,13870,13871,13872,49557,49558,14243,14244,14245,14246,14247,14248,14249,13878,13880,50514,50515,50516,50517,50518,14250,14251,49793,49794,49795,49796,49797,49798,50519,50520,50521,50522,49561,49562,49563,49564,50523,50524,50525,50526,50527,50528,49568,49569,50173,50174,49570],"class_list":{"0":"post-70295206","1":"product","2":"type-product","3":"status-publish","4":"has-post-thumbnail","6":"product_tag-1970er-jahre","7":"product_tag-20-jahrhundert-nach-chr","8":"product_tag-20-jh-n-chr","9":"product_tag-20-jahrhundert","10":"product_tag-20-jh","11":"product_tag-70er","12":"product_tag-abt_002","13":"product_tag-abzug","14":"product_tag-alltag","15":"product_tag-alltaeglich","16":"product_tag-alltaegliche","17":"product_tag-alltaeglicher","18":"product_tag-alltaegliches","19":"product_tag-alltagsleben","20":"product_tag-alltagsszene","21":"product_tag-alltagsszenen","22":"product_tag-arbeitstier","23":"product_tag-arbeitstiere","24":"product_tag-armut","25":"product_tag-at_sinti-roma","26":"product_tag-aufgestuetzt","27":"product_tag-aufgestuetzte","28":"product_tag-aufgestuetztem","29":"product_tag-aufgestuetzten","30":"product_tag-aufgestuetzter","31":"product_tag-aufgestuetztes","32":"product_tag-aufstuetzen","33":"product_tag-aussen","34":"product_tag-aussenseiter","35":"product_tag-baracke","36":"product_tag-baracken","37":"product_tag-barackenlager","38":"product_tag-bildnis","39":"product_tag-bildnisse","40":"product_tag-brd","41":"product_tag-bube","42":"product_tag-buben","43":"product_tag-bundesrepublik-deutschland","44":"product_tag-coeln","45":"product_tag-coelner","46":"product_tag-deutschland","47":"product_tag-deutschlands","48":"product_tag-diskriminierung","49":"product_tag-draussen","50":"product_tag-eisenbahnwagen","51":"product_tag-ente","52":"product_tag-enten","53":"product_tag-ethnie","54":"product_tag-ethnien","55":"product_tag-ethnisch","56":"product_tag-ethnische","57":"product_tag-ethnischen","58":"product_tag-ethnischer","59":"product_tag-ethnisches","60":"product_tag-federvieh","61":"product_tag-foto","62":"product_tag-fotoabzug","63":"product_tag-fotoabzuege","64":"product_tag-fotografie","65":"product_tag-fotografien","66":"product_tag-fotografin","67":"product_tag-fotografinnen","68":"product_tag-fotoreportage","69":"product_tag-gefluegel","70":"product_tag-gesellschaftlich","71":"product_tag-gesellschaftliche","72":"product_tag-gesellschaftlichen","73":"product_tag-gesellschaftlicher","74":"product_tag-gesellschaftliches","75":"product_tag-gummistiefel","76":"product_tag-haupt","77":"product_tag-haupte","78":"product_tag-hauptes","79":"product_tag-henne","80":"product_tag-hennen","81":"product_tag-huhn","82":"product_tag-huehner","83":"product_tag-huehnerkueken","84":"product_tag-im-freien","85":"product_tag-junge","86":"product_tag-jungen","87":"product_tag-jungens","88":"product_tag-jungs","89":"product_tag-kind","90":"product_tag-kinde","91":"product_tag-kinder","92":"product_tag-kinderbild","93":"product_tag-kinderbildnis","94":"product_tag-kinderbildnisse","95":"product_tag-kindern","96":"product_tag-kinderportrait","97":"product_tag-kinderportraits","98":"product_tag-kinderportraet","99":"product_tag-kinderportraets","100":"product_tag-kindes","101":"product_tag-kindheit","102":"product_tag-knabe","103":"product_tag-knaben","104":"product_tag-koeln","105":"product_tag-koelner","106":"product_tag-kopf","107":"product_tag-koepfe","108":"product_tag-kopfes","109":"product_tag-kueken","110":"product_tag-migrant","111":"product_tag-migranten","112":"product_tag-minderheit","113":"product_tag-nordrhein-westfalen","114":"product_tag-nrw","115":"product_tag-nutztier","116":"product_tag-nutztiere","117":"product_tag-nutztieres","118":"product_tag-nutztierhaltung","119":"product_tag-nutztiers","120":"product_tag-nutzvieh","121":"product_tag-obdach","122":"product_tag-photo","123":"product_tag-photoabzug","124":"product_tag-photoabzuege","125":"product_tag-photographie","126":"product_tag-photographien","127":"product_tag-photographin","128":"product_tag-photographinnen","129":"product_tag-photoreportage","130":"product_tag-portrait","131":"product_tag-portraitaufnahme","132":"product_tag-portraitfoto","133":"product_tag-portraitfotografie","134":"product_tag-portraitphoto","135":"product_tag-portraitphotographie","136":"product_tag-portraits","137":"product_tag-portraet","138":"product_tag-portraetaufnahme","139":"product_tag-portraetfoto","140":"product_tag-portraetfotografie","141":"product_tag-portraetphoto","142":"product_tag-portraetphotographie","143":"product_tag-portraets","144":"product_tag-print","145":"product_tag-reportage","146":"product_tag-rheinisch","147":"product_tag-rheinische","148":"product_tag-rheinischen","149":"product_tag-rheinischer","150":"product_tag-rheinisches","151":"product_tag-rheinland","152":"product_tag-rheinlande","153":"product_tag-rheinlanden","154":"product_tag-rheinlandes","155":"product_tag-rheinlands","156":"product_tag-roma","157":"product_tag-s-w-fotografie","158":"product_tag-s-w-photographie","159":"product_tag-schwarzweissphotographie","160":"product_tag-schwarz-weiss-fotografie","161":"product_tag-schwarz-weiss-photographie","162":"product_tag-schwarzweiss","163":"product_tag-schwarzweisse","164":"product_tag-schwarzweissen","165":"product_tag-schwarzweisser","166":"product_tag-schwarzweisses","167":"product_tag-schwarzweissfotografie","168":"product_tag-siebziger","169":"product_tag-siedlung","170":"product_tag-siedlungen","171":"product_tag-silbergelatine","172":"product_tag-silbergelatineabzug","173":"product_tag-silbergelatineabzuege","174":"product_tag-silbergelatineprint","175":"product_tag-sinti","176":"product_tag-sinti-und-roma","177":"product_tag-sitzen","178":"product_tag-sitzend","179":"product_tag-sitzende","180":"product_tag-sitzenden","181":"product_tag-sitzender","182":"product_tag-sitzendes","183":"product_tag-sitzt","184":"product_tag-sw-fotografie","185":"product_tag-sw-photographie","186":"product_tag-tier","187":"product_tag-tiere","188":"product_tag-tieren","189":"product_tag-tieres","190":"product_tag-tierhaltung","191":"product_tag-unterkunft","192":"product_tag-unterkuenfte","193":"product_tag-verwahrlost","194":"product_tag-verwahrloste","195":"product_tag-verwahrlosten","196":"product_tag-verwahrloster","197":"product_tag-verwahrlostes","198":"product_tag-verwahrlosung","199":"product_tag-viehhaltung","200":"product_tag-vogel","201":"product_tag-voegeln","202":"product_tag-vogels","203":"product_tag-volksgruppe","204":"product_tag-volksgruppen","205":"product_tag-volksstamm","206":"product_tag-volksstaemme","207":"product_tag-wagen","208":"product_tag-wagens","209":"product_tag-waggon","210":"product_tag-waggons","211":"product_tag-wagios","212":"product_tag-wagon","213":"product_tag-wohnwagen","214":"product_tag-zigeuner","215":"product_tag-zigeunerkind","216":"product_tag-zigeunerkinder","217":"product_tag-zigeunern","218":"pa_datierung-mai-1971","219":"pa_fotograf-abisag-tuellmann","220":"pa_geografischer_bezug-aufnahmeort-koeln-deutschland","221":"pa_grunddaten_material_technik-foto-silbergelatine-auf-barytpapier","222":"pa_inventarnummer-tue-71-062-32a","223":"pa_jahr_von-49516","224":"pa_massangaben-bildformat-foto-237-x-295-cm","225":"pa_mediennummer-50484","226":"pa_objekt_typ-fotografie","228":"first","229":"instock","230":"product-type-simple"},"yoast_head":"<!-- This site is optimized with the Yoast SEO plugin v27.3 - https:\/\/yoast.com\/product\/yoast-seo-wordpress\/ -->\n<title>In einer Wohnwagensiedlung der Sinti und Roma bei K\u00f6ln - Abisag T\u00fcllmann<\/title>\n<meta name=\"robots\" content=\"index, follow, max-snippet:-1, max-image-preview:large, max-video-preview:-1\" \/>\n<link rel=\"canonical\" href=\"https:\/\/bpk-archive.de\/tuellmann\/produkt\/in-einer-wohnwagensiedlung-der-sinti-und-roma-bei-koeln-2\/\" \/>\n<meta property=\"og:locale\" content=\"de_DE\" \/>\n<meta property=\"og:type\" content=\"article\" \/>\n<meta property=\"og:title\" content=\"In einer Wohnwagensiedlung der Sinti und Roma bei K\u00f6ln - Abisag T\u00fcllmann\" \/>\n<meta property=\"og:description\" content=\"R\u00fcckseitenbeschriftung von anderer Hand: &#8222;Sinti und Roma, Wohnwagenlager in K\u00f6ln&#8220;\" \/>\n<meta property=\"og:url\" content=\"https:\/\/bpk-archive.de\/tuellmann\/produkt\/in-einer-wohnwagensiedlung-der-sinti-und-roma-bei-koeln-2\/\" \/>\n<meta property=\"og:site_name\" content=\"Abisag T\u00fcllmann\" \/>\n<meta property=\"article:modified_time\" content=\"2019-09-05T13:03:08+00:00\" \/>\n<meta property=\"og:image\" content=\"https:\/\/bpk-archive.de\/tuellmann\/wp-content\/uploads\/2019\/08\/bpk_70275178.jpg\" \/>\n\t<meta property=\"og:image:width\" content=\"1200\" \/>\n\t<meta property=\"og:image:height\" content=\"976\" \/>\n\t<meta property=\"og:image:type\" content=\"image\/jpeg\" \/>\n<meta name=\"twitter:card\" content=\"summary_large_image\" \/>\n<script type=\"application\/ld+json\" class=\"yoast-schema-graph\">{\"@context\":\"https:\\\/\\\/schema.org\",\"@graph\":[{\"@type\":\"WebPage\",\"@id\":\"https:\\\/\\\/bpk-archive.de\\\/tuellmann\\\/produkt\\\/in-einer-wohnwagensiedlung-der-sinti-und-roma-bei-koeln-2\\\/\",\"url\":\"https:\\\/\\\/bpk-archive.de\\\/tuellmann\\\/produkt\\\/in-einer-wohnwagensiedlung-der-sinti-und-roma-bei-koeln-2\\\/\",\"name\":\"In einer Wohnwagensiedlung der Sinti und Roma bei K\u00f6ln - Abisag T\u00fcllmann\",\"isPartOf\":{\"@id\":\"https:\\\/\\\/bpk-archive.de\\\/tuellmann\\\/#website\"},\"primaryImageOfPage\":{\"@id\":\"https:\\\/\\\/bpk-archive.de\\\/tuellmann\\\/produkt\\\/in-einer-wohnwagensiedlung-der-sinti-und-roma-bei-koeln-2\\\/#primaryimage\"},\"image\":{\"@id\":\"https:\\\/\\\/bpk-archive.de\\\/tuellmann\\\/produkt\\\/in-einer-wohnwagensiedlung-der-sinti-und-roma-bei-koeln-2\\\/#primaryimage\"},\"thumbnailUrl\":\"https:\\\/\\\/bpk-archive.de\\\/tuellmann\\\/wp-content\\\/uploads\\\/2019\\\/08\\\/bpk_70275178.jpg\",\"datePublished\":\"2019-09-05T13:02:49+00:00\",\"dateModified\":\"2019-09-05T13:03:08+00:00\",\"breadcrumb\":{\"@id\":\"https:\\\/\\\/bpk-archive.de\\\/tuellmann\\\/produkt\\\/in-einer-wohnwagensiedlung-der-sinti-und-roma-bei-koeln-2\\\/#breadcrumb\"},\"inLanguage\":\"de\",\"potentialAction\":[{\"@type\":\"ReadAction\",\"target\":[\"https:\\\/\\\/bpk-archive.de\\\/tuellmann\\\/produkt\\\/in-einer-wohnwagensiedlung-der-sinti-und-roma-bei-koeln-2\\\/\"]}]},{\"@type\":\"ImageObject\",\"inLanguage\":\"de\",\"@id\":\"https:\\\/\\\/bpk-archive.de\\\/tuellmann\\\/produkt\\\/in-einer-wohnwagensiedlung-der-sinti-und-roma-bei-koeln-2\\\/#primaryimage\",\"url\":\"https:\\\/\\\/bpk-archive.de\\\/tuellmann\\\/wp-content\\\/uploads\\\/2019\\\/08\\\/bpk_70275178.jpg\",\"contentUrl\":\"https:\\\/\\\/bpk-archive.de\\\/tuellmann\\\/wp-content\\\/uploads\\\/2019\\\/08\\\/bpk_70275178.jpg\",\"width\":1200,\"height\":976,\"caption\":\"In einer Wohnwagensiedlung der Sinti und Roma bei K\u00f6ln\"},{\"@type\":\"BreadcrumbList\",\"@id\":\"https:\\\/\\\/bpk-archive.de\\\/tuellmann\\\/produkt\\\/in-einer-wohnwagensiedlung-der-sinti-und-roma-bei-koeln-2\\\/#breadcrumb\",\"itemListElement\":[{\"@type\":\"ListItem\",\"position\":1,\"name\":\"Startseite\",\"item\":\"https:\\\/\\\/bpk-archive.de\\\/tuellmann\\\/\"},{\"@type\":\"ListItem\",\"position\":2,\"name\":\"Shop\",\"item\":\"https:\\\/\\\/bpk-archive.de\\\/tuellmann\\\/shop\\\/\"},{\"@type\":\"ListItem\",\"position\":3,\"name\":\"In einer Wohnwagensiedlung der Sinti und Roma bei K\u00f6ln\"}]},{\"@type\":\"WebSite\",\"@id\":\"https:\\\/\\\/bpk-archive.de\\\/tuellmann\\\/#website\",\"url\":\"https:\\\/\\\/bpk-archive.de\\\/tuellmann\\\/\",\"name\":\"Abisag T\u00fcllmann\",\"description\":\"Eine weitere WordPress-Website\",\"potentialAction\":[{\"@type\":\"SearchAction\",\"target\":{\"@type\":\"EntryPoint\",\"urlTemplate\":\"https:\\\/\\\/bpk-archive.de\\\/tuellmann\\\/?s={search_term_string}\"},\"query-input\":{\"@type\":\"PropertyValueSpecification\",\"valueRequired\":true,\"valueName\":\"search_term_string\"}}],\"inLanguage\":\"de\"}]}<\/script>\n<!-- \/ Yoast SEO plugin. -->","yoast_head_json":{"title":"In einer Wohnwagensiedlung der Sinti und Roma bei K\u00f6ln - Abisag T\u00fcllmann","robots":{"index":"index","follow":"follow","max-snippet":"max-snippet:-1","max-image-preview":"max-image-preview:large","max-video-preview":"max-video-preview:-1"},"canonical":"https:\/\/bpk-archive.de\/tuellmann\/produkt\/in-einer-wohnwagensiedlung-der-sinti-und-roma-bei-koeln-2\/","og_locale":"de_DE","og_type":"article","og_title":"In einer Wohnwagensiedlung der Sinti und Roma bei K\u00f6ln - Abisag T\u00fcllmann","og_description":"R\u00fcckseitenbeschriftung von anderer Hand: &#8222;Sinti und Roma, Wohnwagenlager in K\u00f6ln&#8220;","og_url":"https:\/\/bpk-archive.de\/tuellmann\/produkt\/in-einer-wohnwagensiedlung-der-sinti-und-roma-bei-koeln-2\/","og_site_name":"Abisag T\u00fcllmann","article_modified_time":"2019-09-05T13:03:08+00:00","og_image":[{"width":1200,"height":976,"url":"https:\/\/bpk-archive.de\/tuellmann\/wp-content\/uploads\/2019\/08\/bpk_70275178.jpg","type":"image\/jpeg"}],"twitter_card":"summary_large_image","schema":{"@context":"https:\/\/schema.org","@graph":[{"@type":"WebPage","@id":"https:\/\/bpk-archive.de\/tuellmann\/produkt\/in-einer-wohnwagensiedlung-der-sinti-und-roma-bei-koeln-2\/","url":"https:\/\/bpk-archive.de\/tuellmann\/produkt\/in-einer-wohnwagensiedlung-der-sinti-und-roma-bei-koeln-2\/","name":"In einer Wohnwagensiedlung der Sinti und Roma bei K\u00f6ln - Abisag T\u00fcllmann","isPartOf":{"@id":"https:\/\/bpk-archive.de\/tuellmann\/#website"},"primaryImageOfPage":{"@id":"https:\/\/bpk-archive.de\/tuellmann\/produkt\/in-einer-wohnwagensiedlung-der-sinti-und-roma-bei-koeln-2\/#primaryimage"},"image":{"@id":"https:\/\/bpk-archive.de\/tuellmann\/produkt\/in-einer-wohnwagensiedlung-der-sinti-und-roma-bei-koeln-2\/#primaryimage"},"thumbnailUrl":"https:\/\/bpk-archive.de\/tuellmann\/wp-content\/uploads\/2019\/08\/bpk_70275178.jpg","datePublished":"2019-09-05T13:02:49+00:00","dateModified":"2019-09-05T13:03:08+00:00","breadcrumb":{"@id":"https:\/\/bpk-archive.de\/tuellmann\/produkt\/in-einer-wohnwagensiedlung-der-sinti-und-roma-bei-koeln-2\/#breadcrumb"},"inLanguage":"de","potentialAction":[{"@type":"ReadAction","target":["https:\/\/bpk-archive.de\/tuellmann\/produkt\/in-einer-wohnwagensiedlung-der-sinti-und-roma-bei-koeln-2\/"]}]},{"@type":"ImageObject","inLanguage":"de","@id":"https:\/\/bpk-archive.de\/tuellmann\/produkt\/in-einer-wohnwagensiedlung-der-sinti-und-roma-bei-koeln-2\/#primaryimage","url":"https:\/\/bpk-archive.de\/tuellmann\/wp-content\/uploads\/2019\/08\/bpk_70275178.jpg","contentUrl":"https:\/\/bpk-archive.de\/tuellmann\/wp-content\/uploads\/2019\/08\/bpk_70275178.jpg","width":1200,"height":976,"caption":"In einer Wohnwagensiedlung der Sinti und Roma bei K\u00f6ln"},{"@type":"BreadcrumbList","@id":"https:\/\/bpk-archive.de\/tuellmann\/produkt\/in-einer-wohnwagensiedlung-der-sinti-und-roma-bei-koeln-2\/#breadcrumb","itemListElement":[{"@type":"ListItem","position":1,"name":"Startseite","item":"https:\/\/bpk-archive.de\/tuellmann\/"},{"@type":"ListItem","position":2,"name":"Shop","item":"https:\/\/bpk-archive.de\/tuellmann\/shop\/"},{"@type":"ListItem","position":3,"name":"In einer Wohnwagensiedlung der Sinti und Roma bei K\u00f6ln"}]},{"@type":"WebSite","@id":"https:\/\/bpk-archive.de\/tuellmann\/#website","url":"https:\/\/bpk-archive.de\/tuellmann\/","name":"Abisag T\u00fcllmann","description":"Eine weitere WordPress-Website","potentialAction":[{"@type":"SearchAction","target":{"@type":"EntryPoint","urlTemplate":"https:\/\/bpk-archive.de\/tuellmann\/?s={search_term_string}"},"query-input":{"@type":"PropertyValueSpecification","valueRequired":true,"valueName":"search_term_string"}}],"inLanguage":"de"}]}},"_links":{"self":[{"href":"https:\/\/bpk-archive.de\/tuellmann\/wp-json\/wp\/v2\/product\/70295206","targetHints":{"allow":["GET"]}}],"collection":[{"href":"https:\/\/bpk-archive.de\/tuellmann\/wp-json\/wp\/v2\/product"}],"about":[{"href":"https:\/\/bpk-archive.de\/tuellmann\/wp-json\/wp\/v2\/types\/product"}],"wp:featuredmedia":[{"embeddable":true,"href":"https:\/\/bpk-archive.de\/tuellmann\/wp-json\/wp\/v2\/media\/70293011"}],"wp:attachment":[{"href":"https:\/\/bpk-archive.de\/tuellmann\/wp-json\/wp\/v2\/media?parent=70295206"}],"wp:term":[{"taxonomy":"product_brand","embeddable":true,"href":"https:\/\/bpk-archive.de\/tuellmann\/wp-json\/wp\/v2\/product_brand?post=70295206"},{"taxonomy":"product_cat","embeddable":true,"href":"https:\/\/bpk-archive.de\/tuellmann\/wp-json\/wp\/v2\/product_cat?post=70295206"},{"taxonomy":"product_tag","embeddable":true,"href":"https:\/\/bpk-archive.de\/tuellmann\/wp-json\/wp\/v2\/product_tag?post=70295206"}],"curies":[{"name":"wp","href":"https:\/\/api.w.org\/{rel}","templated":true}]}}