{"id":70295200,"date":"2019-09-05T15:02:49","date_gmt":"2019-09-05T13:02:49","guid":{"rendered":"http:\/\/abisagtuellmann.bpk-news.de\/atbild\/hausaufgabenbetreuung-in-einer-notunterkunft-fuer-sinti-und-roma-in-koeln-5\/"},"modified":"2019-09-05T15:03:01","modified_gmt":"2019-09-05T13:03:01","slug":"hausaufgabenbetreuung-in-einer-notunterkunft-fuer-sinti-und-roma-in-koeln-5","status":"publish","type":"product","link":"https:\/\/bpk-archive.de\/tuellmann\/produkt\/hausaufgabenbetreuung-in-einer-notunterkunft-fuer-sinti-und-roma-in-koeln-5\/","title":{"rendered":"Hausaufgabenbetreuung in einer Notunterkunft f\u00fcr Sinti und Roma in K\u00f6ln"},"content":{"rendered":"","protected":false},"excerpt":{"rendered":"","protected":false},"featured_media":70292978,"template":"","meta":[],"product_brand":[],"product_cat":[],"product_tag":[13230,13232,13234,13231,13233,13235,49668,13777,47541,47542,47543,47544,47545,47546,47547,47548,49518,50398,14318,50140,13784,13785,50141,50399,50400,50401,13469,13470,49579,49580,13471,13472,49519,13473,49520,49521,49522,49523,49524,49525,49526,13293,13786,13787,13294,13295,13296,13297,47267,50143,50144,50145,50146,50147,50148,50149,50150,49528,49529,49530,49531,49532,50115,50116,13498,49581,14205,14206,14207,14213,14218,14219,49582,49583,50152,50153,50154,50155,50156,50157,50158,50119,13310,47313,47314,47315,47316,47317,47318,13311,50402,50403,49816,47786,49544,50159,49315,49316,49317,49318,49319,49320,49321,49322,49323,49324,50160,49586,47449,47450,49588,14229,13328,13827,13828,13329,13330,13331,13332,47332,13829,13830,13831,13832,13833,13834,13835,13836,13837,13838,13839,13840,13841,13842,13843,50404,50405,47333,49545,49546,49547,49548,49549,49550,49551,49552,49553,49555,49556,13877,13879,50120,50121,50163,50164,50165,50166,13865,13864,13866,13858,13859,13860,13861,13862,13863,13354,48160,48161,13869,13870,13871,13872,49557,49558,14243,14244,14245,14246,14247,14248,14249,50167,13878,13880,48535,48536,48537,48538,14250,14251,49561,49562,49563,49564,13525,49569,50173,50174,49570],"class_list":{"0":"post-70295200","1":"product","2":"type-product","3":"status-publish","4":"has-post-thumbnail","6":"product_tag-1970er-jahre","7":"product_tag-20-jahrhundert-nach-chr","8":"product_tag-20-jh-n-chr","9":"product_tag-20-jahrhundert","10":"product_tag-20-jh","11":"product_tag-70er","12":"product_tag-abt_002","13":"product_tag-abzug","14":"product_tag-alltag","15":"product_tag-alltaeglich","16":"product_tag-alltaegliche","17":"product_tag-alltaeglicher","18":"product_tag-alltaegliches","19":"product_tag-alltagsleben","20":"product_tag-alltagsszene","21":"product_tag-alltagsszenen","22":"product_tag-at_sinti-roma","23":"product_tag-aufenthaltsraum","24":"product_tag-aussenseiter","25":"product_tag-betreuung","26":"product_tag-bildnis","27":"product_tag-bildnisse","28":"product_tag-bildung","29":"product_tag-bleistift","30":"product_tag-bleistifte","31":"product_tag-bleistiften","32":"product_tag-brd","33":"product_tag-bundesrepublik-deutschland","34":"product_tag-coeln","35":"product_tag-coelner","36":"product_tag-deutschland","37":"product_tag-deutschlands","38":"product_tag-diskriminierung","39":"product_tag-drinnen","40":"product_tag-ethnie","41":"product_tag-ethnien","42":"product_tag-ethnisch","43":"product_tag-ethnische","44":"product_tag-ethnischen","45":"product_tag-ethnischer","46":"product_tag-ethnisches","47":"product_tag-foto","48":"product_tag-fotoabzug","49":"product_tag-fotoabzuege","50":"product_tag-fotografie","51":"product_tag-fotografien","52":"product_tag-fotografin","53":"product_tag-fotografinnen","54":"product_tag-fotoreportage","55":"product_tag-fuersorge","56":"product_tag-fuersorgeeinrichtung","57":"product_tag-fuersorgeeinrichtungen","58":"product_tag-fuersorglich","59":"product_tag-fuersorgliche","60":"product_tag-fuersorglichen","61":"product_tag-fuersorglicher","62":"product_tag-fuersorgliches","63":"product_tag-gesellschaftlich","64":"product_tag-gesellschaftliche","65":"product_tag-gesellschaftlichen","66":"product_tag-gesellschaftlicher","67":"product_tag-gesellschaftliches","68":"product_tag-hausaufgabe","69":"product_tag-hausaufgaben","70":"product_tag-innen","71":"product_tag-integration","72":"product_tag-kind","73":"product_tag-kinde","74":"product_tag-kinder","75":"product_tag-kindern","76":"product_tag-kindes","77":"product_tag-kindheit","78":"product_tag-koeln","79":"product_tag-koelner","80":"product_tag-konzentiertes","81":"product_tag-konzentration","82":"product_tag-konzentrieren","83":"product_tag-konzentriert","84":"product_tag-konzentrierte","85":"product_tag-konzentrierten","86":"product_tag-konzentrierter","87":"product_tag-lernen","88":"product_tag-maedchen","89":"product_tag-maedchenbildnis","90":"product_tag-maedchenbildnisse","91":"product_tag-maedchenportrait","92":"product_tag-maedchenportraits","93":"product_tag-maedchenportraet","94":"product_tag-maedchenportraets","95":"product_tag-maedchens","96":"product_tag-mathe","97":"product_tag-mathematik","98":"product_tag-migrant","99":"product_tag-migranten","100":"product_tag-minderheit","101":"product_tag-nachdenken","102":"product_tag-nachdenkend","103":"product_tag-nachdenkende","104":"product_tag-nachdenkenden","105":"product_tag-nachdenkender","106":"product_tag-nachdenkendes","107":"product_tag-nachdenklich","108":"product_tag-nachdenkliche","109":"product_tag-nachdenklichen","110":"product_tag-nachdenklicher","111":"product_tag-nachdenkliches","112":"product_tag-nachdenklichkeit","113":"product_tag-nordrhein-westfalen","114":"product_tag-notunterkunft","115":"product_tag-notunterkuenfte","116":"product_tag-nrw","117":"product_tag-obdach","118":"product_tag-photo","119":"product_tag-photoabzug","120":"product_tag-photoabzuege","121":"product_tag-photographie","122":"product_tag-photographien","123":"product_tag-photographin","124":"product_tag-photographinnen","125":"product_tag-photoreportage","126":"product_tag-portrait","127":"product_tag-portraitaufnahme","128":"product_tag-portraitfoto","129":"product_tag-portraitfotografie","130":"product_tag-portraitphoto","131":"product_tag-portraitphotographie","132":"product_tag-portraits","133":"product_tag-portraet","134":"product_tag-portraetaufnahme","135":"product_tag-portraetfoto","136":"product_tag-portraetfotografie","137":"product_tag-portraetphoto","138":"product_tag-portraetphotographie","139":"product_tag-portraets","140":"product_tag-print","141":"product_tag-rechenkunst","142":"product_tag-rechnen","143":"product_tag-reportage","144":"product_tag-rheinisch","145":"product_tag-rheinische","146":"product_tag-rheinischen","147":"product_tag-rheinischer","148":"product_tag-rheinisches","149":"product_tag-rheinland","150":"product_tag-rheinlande","151":"product_tag-rheinlanden","152":"product_tag-rheinlandes","153":"product_tag-rheinlands","154":"product_tag-roma","155":"product_tag-s-w-fotografie","156":"product_tag-s-w-photographie","157":"product_tag-schulaufgabe","158":"product_tag-schulaufgaben","159":"product_tag-schule","160":"product_tag-schulen","161":"product_tag-schulheft","162":"product_tag-schulhefte","163":"product_tag-schwarzweissphotographie","164":"product_tag-schwarz-weiss-fotografie","165":"product_tag-schwarz-weiss-photographie","166":"product_tag-schwarzweiss","167":"product_tag-schwarzweisse","168":"product_tag-schwarzweissen","169":"product_tag-schwarzweisser","170":"product_tag-schwarzweisses","171":"product_tag-schwarzweissfotografie","172":"product_tag-siebziger","173":"product_tag-siedlung","174":"product_tag-siedlungen","175":"product_tag-silbergelatine","176":"product_tag-silbergelatineabzug","177":"product_tag-silbergelatineabzuege","178":"product_tag-silbergelatineprint","179":"product_tag-sinti","180":"product_tag-sinti-und-roma","181":"product_tag-sitzen","182":"product_tag-sitzend","183":"product_tag-sitzende","184":"product_tag-sitzenden","185":"product_tag-sitzender","186":"product_tag-sitzendes","187":"product_tag-sitzt","188":"product_tag-sozialarbeit","189":"product_tag-sw-fotografie","190":"product_tag-sw-photographie","191":"product_tag-tisch","192":"product_tag-tische","193":"product_tag-tischen","194":"product_tag-tisches","195":"product_tag-unterkunft","196":"product_tag-unterkuenfte","197":"product_tag-volksgruppe","198":"product_tag-volksgruppen","199":"product_tag-volksstamm","200":"product_tag-volksstaemme","201":"product_tag-von-innen","202":"product_tag-zigeuner","203":"product_tag-zigeunerkind","204":"product_tag-zigeunerkinder","205":"product_tag-zigeunern","206":"pa_datierung-mai-1971","207":"pa_fotograf-abisag-tuellmann","208":"pa_geografischer_bezug-aufnahmeort-koeln-deutschland","209":"pa_grunddaten_material_technik-foto-silbergelatine-auf-barytpapier","210":"pa_inventarnummer-tue-71-066-23a","211":"pa_jahr_von-49516","212":"pa_massangaben-bildformat-foto-238-x-30-cm","213":"pa_mediennummer-50395","214":"pa_objekt_typ-fotografie","216":"first","217":"instock","218":"product-type-simple"},"yoast_head":"<!-- This site is optimized with the Yoast SEO plugin v27.4 - https:\/\/yoast.com\/product\/yoast-seo-wordpress\/ -->\n<title>Hausaufgabenbetreuung in einer Notunterkunft f\u00fcr Sinti und Roma in K\u00f6ln - Abisag T\u00fcllmann<\/title>\n<meta name=\"robots\" content=\"index, follow, max-snippet:-1, max-image-preview:large, max-video-preview:-1\" \/>\n<link rel=\"canonical\" href=\"https:\/\/bpk-archive.de\/tuellmann\/produkt\/hausaufgabenbetreuung-in-einer-notunterkunft-fuer-sinti-und-roma-in-koeln-5\/\" \/>\n<meta property=\"og:locale\" content=\"de_DE\" \/>\n<meta property=\"og:type\" content=\"article\" \/>\n<meta property=\"og:title\" content=\"Hausaufgabenbetreuung in einer Notunterkunft f\u00fcr Sinti und Roma in K\u00f6ln - Abisag T\u00fcllmann\" \/>\n<meta property=\"og:url\" content=\"https:\/\/bpk-archive.de\/tuellmann\/produkt\/hausaufgabenbetreuung-in-einer-notunterkunft-fuer-sinti-und-roma-in-koeln-5\/\" \/>\n<meta property=\"og:site_name\" content=\"Abisag T\u00fcllmann\" \/>\n<meta property=\"article:modified_time\" content=\"2019-09-05T13:03:01+00:00\" \/>\n<meta property=\"og:image\" content=\"https:\/\/bpk-archive.de\/tuellmann\/wp-content\/uploads\/2019\/08\/bpk_70275156.jpg\" \/>\n\t<meta property=\"og:image:width\" content=\"1200\" \/>\n\t<meta property=\"og:image:height\" content=\"970\" \/>\n\t<meta property=\"og:image:type\" content=\"image\/jpeg\" \/>\n<meta name=\"twitter:card\" content=\"summary_large_image\" \/>\n<script type=\"application\/ld+json\" class=\"yoast-schema-graph\">{\"@context\":\"https:\\\/\\\/schema.org\",\"@graph\":[{\"@type\":\"WebPage\",\"@id\":\"https:\\\/\\\/bpk-archive.de\\\/tuellmann\\\/produkt\\\/hausaufgabenbetreuung-in-einer-notunterkunft-fuer-sinti-und-roma-in-koeln-5\\\/\",\"url\":\"https:\\\/\\\/bpk-archive.de\\\/tuellmann\\\/produkt\\\/hausaufgabenbetreuung-in-einer-notunterkunft-fuer-sinti-und-roma-in-koeln-5\\\/\",\"name\":\"Hausaufgabenbetreuung in einer Notunterkunft f\u00fcr Sinti und Roma in K\u00f6ln - Abisag T\u00fcllmann\",\"isPartOf\":{\"@id\":\"https:\\\/\\\/bpk-archive.de\\\/tuellmann\\\/#website\"},\"primaryImageOfPage\":{\"@id\":\"https:\\\/\\\/bpk-archive.de\\\/tuellmann\\\/produkt\\\/hausaufgabenbetreuung-in-einer-notunterkunft-fuer-sinti-und-roma-in-koeln-5\\\/#primaryimage\"},\"image\":{\"@id\":\"https:\\\/\\\/bpk-archive.de\\\/tuellmann\\\/produkt\\\/hausaufgabenbetreuung-in-einer-notunterkunft-fuer-sinti-und-roma-in-koeln-5\\\/#primaryimage\"},\"thumbnailUrl\":\"https:\\\/\\\/bpk-archive.de\\\/tuellmann\\\/wp-content\\\/uploads\\\/2019\\\/08\\\/bpk_70275156.jpg\",\"datePublished\":\"2019-09-05T13:02:49+00:00\",\"dateModified\":\"2019-09-05T13:03:01+00:00\",\"breadcrumb\":{\"@id\":\"https:\\\/\\\/bpk-archive.de\\\/tuellmann\\\/produkt\\\/hausaufgabenbetreuung-in-einer-notunterkunft-fuer-sinti-und-roma-in-koeln-5\\\/#breadcrumb\"},\"inLanguage\":\"de\",\"potentialAction\":[{\"@type\":\"ReadAction\",\"target\":[\"https:\\\/\\\/bpk-archive.de\\\/tuellmann\\\/produkt\\\/hausaufgabenbetreuung-in-einer-notunterkunft-fuer-sinti-und-roma-in-koeln-5\\\/\"]}]},{\"@type\":\"ImageObject\",\"inLanguage\":\"de\",\"@id\":\"https:\\\/\\\/bpk-archive.de\\\/tuellmann\\\/produkt\\\/hausaufgabenbetreuung-in-einer-notunterkunft-fuer-sinti-und-roma-in-koeln-5\\\/#primaryimage\",\"url\":\"https:\\\/\\\/bpk-archive.de\\\/tuellmann\\\/wp-content\\\/uploads\\\/2019\\\/08\\\/bpk_70275156.jpg\",\"contentUrl\":\"https:\\\/\\\/bpk-archive.de\\\/tuellmann\\\/wp-content\\\/uploads\\\/2019\\\/08\\\/bpk_70275156.jpg\",\"width\":1200,\"height\":970,\"caption\":\"Hausaufgabenbetreuung in einer Notunterkunft f\u00fcr Sinti und Roma in K\u00f6ln\"},{\"@type\":\"BreadcrumbList\",\"@id\":\"https:\\\/\\\/bpk-archive.de\\\/tuellmann\\\/produkt\\\/hausaufgabenbetreuung-in-einer-notunterkunft-fuer-sinti-und-roma-in-koeln-5\\\/#breadcrumb\",\"itemListElement\":[{\"@type\":\"ListItem\",\"position\":1,\"name\":\"Startseite\",\"item\":\"https:\\\/\\\/bpk-archive.de\\\/tuellmann\\\/\"},{\"@type\":\"ListItem\",\"position\":2,\"name\":\"Shop\",\"item\":\"https:\\\/\\\/bpk-archive.de\\\/tuellmann\\\/shop\\\/\"},{\"@type\":\"ListItem\",\"position\":3,\"name\":\"Hausaufgabenbetreuung in einer Notunterkunft f\u00fcr Sinti und Roma in K\u00f6ln\"}]},{\"@type\":\"WebSite\",\"@id\":\"https:\\\/\\\/bpk-archive.de\\\/tuellmann\\\/#website\",\"url\":\"https:\\\/\\\/bpk-archive.de\\\/tuellmann\\\/\",\"name\":\"Abisag T\u00fcllmann\",\"description\":\"Eine weitere WordPress-Website\",\"potentialAction\":[{\"@type\":\"SearchAction\",\"target\":{\"@type\":\"EntryPoint\",\"urlTemplate\":\"https:\\\/\\\/bpk-archive.de\\\/tuellmann\\\/?s={search_term_string}\"},\"query-input\":{\"@type\":\"PropertyValueSpecification\",\"valueRequired\":true,\"valueName\":\"search_term_string\"}}],\"inLanguage\":\"de\"}]}<\/script>\n<!-- \/ Yoast SEO plugin. -->","yoast_head_json":{"title":"Hausaufgabenbetreuung in einer Notunterkunft f\u00fcr Sinti und Roma in K\u00f6ln - Abisag T\u00fcllmann","robots":{"index":"index","follow":"follow","max-snippet":"max-snippet:-1","max-image-preview":"max-image-preview:large","max-video-preview":"max-video-preview:-1"},"canonical":"https:\/\/bpk-archive.de\/tuellmann\/produkt\/hausaufgabenbetreuung-in-einer-notunterkunft-fuer-sinti-und-roma-in-koeln-5\/","og_locale":"de_DE","og_type":"article","og_title":"Hausaufgabenbetreuung in einer Notunterkunft f\u00fcr Sinti und Roma in K\u00f6ln - Abisag T\u00fcllmann","og_url":"https:\/\/bpk-archive.de\/tuellmann\/produkt\/hausaufgabenbetreuung-in-einer-notunterkunft-fuer-sinti-und-roma-in-koeln-5\/","og_site_name":"Abisag T\u00fcllmann","article_modified_time":"2019-09-05T13:03:01+00:00","og_image":[{"width":1200,"height":970,"url":"https:\/\/bpk-archive.de\/tuellmann\/wp-content\/uploads\/2019\/08\/bpk_70275156.jpg","type":"image\/jpeg"}],"twitter_card":"summary_large_image","schema":{"@context":"https:\/\/schema.org","@graph":[{"@type":"WebPage","@id":"https:\/\/bpk-archive.de\/tuellmann\/produkt\/hausaufgabenbetreuung-in-einer-notunterkunft-fuer-sinti-und-roma-in-koeln-5\/","url":"https:\/\/bpk-archive.de\/tuellmann\/produkt\/hausaufgabenbetreuung-in-einer-notunterkunft-fuer-sinti-und-roma-in-koeln-5\/","name":"Hausaufgabenbetreuung in einer Notunterkunft f\u00fcr Sinti und Roma in K\u00f6ln - Abisag T\u00fcllmann","isPartOf":{"@id":"https:\/\/bpk-archive.de\/tuellmann\/#website"},"primaryImageOfPage":{"@id":"https:\/\/bpk-archive.de\/tuellmann\/produkt\/hausaufgabenbetreuung-in-einer-notunterkunft-fuer-sinti-und-roma-in-koeln-5\/#primaryimage"},"image":{"@id":"https:\/\/bpk-archive.de\/tuellmann\/produkt\/hausaufgabenbetreuung-in-einer-notunterkunft-fuer-sinti-und-roma-in-koeln-5\/#primaryimage"},"thumbnailUrl":"https:\/\/bpk-archive.de\/tuellmann\/wp-content\/uploads\/2019\/08\/bpk_70275156.jpg","datePublished":"2019-09-05T13:02:49+00:00","dateModified":"2019-09-05T13:03:01+00:00","breadcrumb":{"@id":"https:\/\/bpk-archive.de\/tuellmann\/produkt\/hausaufgabenbetreuung-in-einer-notunterkunft-fuer-sinti-und-roma-in-koeln-5\/#breadcrumb"},"inLanguage":"de","potentialAction":[{"@type":"ReadAction","target":["https:\/\/bpk-archive.de\/tuellmann\/produkt\/hausaufgabenbetreuung-in-einer-notunterkunft-fuer-sinti-und-roma-in-koeln-5\/"]}]},{"@type":"ImageObject","inLanguage":"de","@id":"https:\/\/bpk-archive.de\/tuellmann\/produkt\/hausaufgabenbetreuung-in-einer-notunterkunft-fuer-sinti-und-roma-in-koeln-5\/#primaryimage","url":"https:\/\/bpk-archive.de\/tuellmann\/wp-content\/uploads\/2019\/08\/bpk_70275156.jpg","contentUrl":"https:\/\/bpk-archive.de\/tuellmann\/wp-content\/uploads\/2019\/08\/bpk_70275156.jpg","width":1200,"height":970,"caption":"Hausaufgabenbetreuung in einer Notunterkunft f\u00fcr Sinti und Roma in K\u00f6ln"},{"@type":"BreadcrumbList","@id":"https:\/\/bpk-archive.de\/tuellmann\/produkt\/hausaufgabenbetreuung-in-einer-notunterkunft-fuer-sinti-und-roma-in-koeln-5\/#breadcrumb","itemListElement":[{"@type":"ListItem","position":1,"name":"Startseite","item":"https:\/\/bpk-archive.de\/tuellmann\/"},{"@type":"ListItem","position":2,"name":"Shop","item":"https:\/\/bpk-archive.de\/tuellmann\/shop\/"},{"@type":"ListItem","position":3,"name":"Hausaufgabenbetreuung in einer Notunterkunft f\u00fcr Sinti und Roma in K\u00f6ln"}]},{"@type":"WebSite","@id":"https:\/\/bpk-archive.de\/tuellmann\/#website","url":"https:\/\/bpk-archive.de\/tuellmann\/","name":"Abisag T\u00fcllmann","description":"Eine weitere WordPress-Website","potentialAction":[{"@type":"SearchAction","target":{"@type":"EntryPoint","urlTemplate":"https:\/\/bpk-archive.de\/tuellmann\/?s={search_term_string}"},"query-input":{"@type":"PropertyValueSpecification","valueRequired":true,"valueName":"search_term_string"}}],"inLanguage":"de"}]}},"_links":{"self":[{"href":"https:\/\/bpk-archive.de\/tuellmann\/wp-json\/wp\/v2\/product\/70295200","targetHints":{"allow":["GET"]}}],"collection":[{"href":"https:\/\/bpk-archive.de\/tuellmann\/wp-json\/wp\/v2\/product"}],"about":[{"href":"https:\/\/bpk-archive.de\/tuellmann\/wp-json\/wp\/v2\/types\/product"}],"wp:featuredmedia":[{"embeddable":true,"href":"https:\/\/bpk-archive.de\/tuellmann\/wp-json\/wp\/v2\/media\/70292978"}],"wp:attachment":[{"href":"https:\/\/bpk-archive.de\/tuellmann\/wp-json\/wp\/v2\/media?parent=70295200"}],"wp:term":[{"taxonomy":"product_brand","embeddable":true,"href":"https:\/\/bpk-archive.de\/tuellmann\/wp-json\/wp\/v2\/product_brand?post=70295200"},{"taxonomy":"product_cat","embeddable":true,"href":"https:\/\/bpk-archive.de\/tuellmann\/wp-json\/wp\/v2\/product_cat?post=70295200"},{"taxonomy":"product_tag","embeddable":true,"href":"https:\/\/bpk-archive.de\/tuellmann\/wp-json\/wp\/v2\/product_tag?post=70295200"}],"curies":[{"name":"wp","href":"https:\/\/api.w.org\/{rel}","templated":true}]}}