{"id":70295194,"date":"2019-09-05T15:02:49","date_gmt":"2019-09-05T13:02:49","guid":{"rendered":"http:\/\/abisagtuellmann.bpk-news.de\/atbild\/hausaufgabenbetreuung-in-einer-notunterkunft-fuer-sinti-und-roma-in-koeln-4\/"},"modified":"2019-09-05T15:02:54","modified_gmt":"2019-09-05T13:02:54","slug":"hausaufgabenbetreuung-in-einer-notunterkunft-fuer-sinti-und-roma-in-koeln-4","status":"publish","type":"product","link":"https:\/\/bpk-archive.de\/tuellmann\/produkt\/hausaufgabenbetreuung-in-einer-notunterkunft-fuer-sinti-und-roma-in-koeln-4\/","title":{"rendered":"Hausaufgabenbetreuung in einer Notunterkunft f\u00fcr Sinti und Roma in K\u00f6ln"},"content":{"rendered":"<p>Ein M\u00e4dchen spielt auf einem Kinderklavier<\/p>\n","protected":false},"excerpt":{"rendered":"<p>Ein M\u00e4dchen spielt auf einem Kinderklavier<\/p>\n","protected":false},"featured_media":70292981,"template":"","meta":[],"product_brand":[],"product_cat":[],"product_tag":[13230,13232,13234,13231,13233,13235,49668,13777,47541,47542,47543,47544,47545,47546,47547,47548,50272,50273,49518,49359,49360,14318,48297,48298,48299,48300,48301,48302,50140,13784,13785,50141,13469,13470,49579,49580,13471,13472,49519,13473,49520,49521,49522,49523,49524,49525,49526,13293,13786,13787,13294,13295,13296,13297,47267,48621,48622,48623,49366,49438,49439,49440,49441,49442,49443,49444,50143,50144,50145,50146,50147,50148,50149,50150,49528,49529,49530,49531,49532,50274,50115,50116,13498,49581,14205,14206,14207,14208,14209,14210,50275,14213,14214,14215,14216,14217,50178,14218,14219,50276,50277,50278,49582,49583,48005,48006,48007,48008,48009,48010,48011,13310,47313,47314,47315,47316,47317,47318,13311,49816,47786,49544,49802,49803,49804,49805,49806,49807,49808,49586,47449,47450,49588,14229,13328,13827,13828,13329,13330,13331,13332,47332,50279,50280,13829,13830,13831,13832,13833,13834,13835,13836,13837,13838,13839,13840,13841,13842,13843,47333,49545,49546,49547,49548,49549,49550,49551,49552,49553,49555,49556,13877,13879,50120,50121,50163,50164,13865,13864,13866,13858,13859,13860,13861,13862,13863,13354,48160,48161,13869,13870,13871,13872,50281,50282,50283,50284,50285,50286,49557,49558,14243,14244,14245,14246,14247,14248,14249,50167,50004,50184,50287,13878,13880,50288,50289,50290,50291,50292,50293,50294,50295,50296,50297,14250,14251,50298,50299,50300,50301,50302,50303,50304,50305,49561,49562,49563,49564,13525,50306,49569,50173,50174,49570,50307,50308,50309,50310],"class_list":{"0":"post-70295194","1":"product","2":"type-product","3":"status-publish","4":"has-post-thumbnail","6":"product_tag-1970er-jahre","7":"product_tag-20-jahrhundert-nach-chr","8":"product_tag-20-jh-n-chr","9":"product_tag-20-jahrhundert","10":"product_tag-20-jh","11":"product_tag-70er","12":"product_tag-abt_002","13":"product_tag-abzug","14":"product_tag-alltag","15":"product_tag-alltaeglich","16":"product_tag-alltaegliche","17":"product_tag-alltaeglicher","18":"product_tag-alltaegliches","19":"product_tag-alltagsleben","20":"product_tag-alltagsszene","21":"product_tag-alltagsszenen","22":"product_tag-amuesement","23":"product_tag-amuesements","24":"product_tag-at_sinti-roma","25":"product_tag-ausgelassen","26":"product_tag-ausgelassenheit","27":"product_tag-aussenseiter","28":"product_tag-begeistert","29":"product_tag-begeisterte","30":"product_tag-begeistertem","31":"product_tag-begeisterten","32":"product_tag-begeistertes","33":"product_tag-begeisterung","34":"product_tag-betreuung","35":"product_tag-bildnis","36":"product_tag-bildnisse","37":"product_tag-bildung","38":"product_tag-brd","39":"product_tag-bundesrepublik-deutschland","40":"product_tag-coeln","41":"product_tag-coelner","42":"product_tag-deutschland","43":"product_tag-deutschlands","44":"product_tag-diskriminierung","45":"product_tag-drinnen","46":"product_tag-ethnie","47":"product_tag-ethnien","48":"product_tag-ethnisch","49":"product_tag-ethnische","50":"product_tag-ethnischen","51":"product_tag-ethnischer","52":"product_tag-ethnisches","53":"product_tag-foto","54":"product_tag-fotoabzug","55":"product_tag-fotoabzuege","56":"product_tag-fotografie","57":"product_tag-fotografien","58":"product_tag-fotografin","59":"product_tag-fotografinnen","60":"product_tag-fotoreportage","61":"product_tag-freizeit","62":"product_tag-freizeitbeschaeftigung","63":"product_tag-freizeitgestaltung","64":"product_tag-freude","65":"product_tag-froehlich","66":"product_tag-froehliche","67":"product_tag-froehlichem","68":"product_tag-froehlichen","69":"product_tag-froehlicher","70":"product_tag-froehliches","71":"product_tag-froehlichkeit","72":"product_tag-fuersorge","73":"product_tag-fuersorgeeinrichtung","74":"product_tag-fuersorgeeinrichtungen","75":"product_tag-fuersorglich","76":"product_tag-fuersorgliche","77":"product_tag-fuersorglichen","78":"product_tag-fuersorglicher","79":"product_tag-fuersorgliches","80":"product_tag-gesellschaftlich","81":"product_tag-gesellschaftliche","82":"product_tag-gesellschaftlichen","83":"product_tag-gesellschaftlicher","84":"product_tag-gesellschaftliches","85":"product_tag-harmonium","86":"product_tag-hausaufgabe","87":"product_tag-hausaufgaben","88":"product_tag-innen","89":"product_tag-integration","90":"product_tag-kind","91":"product_tag-kinde","92":"product_tag-kinder","93":"product_tag-kinderbild","94":"product_tag-kinderbildnis","95":"product_tag-kinderbildnisse","96":"product_tag-kinderklavier","97":"product_tag-kindern","98":"product_tag-kinderportrait","99":"product_tag-kinderportraits","100":"product_tag-kinderportraet","101":"product_tag-kinderportraets","102":"product_tag-kinderspielzeug","103":"product_tag-kindes","104":"product_tag-kindheit","105":"product_tag-klavier","106":"product_tag-klaviere","107":"product_tag-klavierspiel","108":"product_tag-koeln","109":"product_tag-koelner","110":"product_tag-lachen","111":"product_tag-lachend","112":"product_tag-lachende","113":"product_tag-lachendem","114":"product_tag-lachenden","115":"product_tag-lachender","116":"product_tag-lachendes","117":"product_tag-maedchen","118":"product_tag-maedchenbildnis","119":"product_tag-maedchenbildnisse","120":"product_tag-maedchenportrait","121":"product_tag-maedchenportraits","122":"product_tag-maedchenportraet","123":"product_tag-maedchenportraets","124":"product_tag-maedchens","125":"product_tag-migrant","126":"product_tag-migranten","127":"product_tag-minderheit","128":"product_tag-musik","129":"product_tag-musizieren","130":"product_tag-musizierend","131":"product_tag-musizierende","132":"product_tag-musizierenden","133":"product_tag-musizierender","134":"product_tag-musizierendes","135":"product_tag-nordrhein-westfalen","136":"product_tag-notunterkunft","137":"product_tag-notunterkuenfte","138":"product_tag-nrw","139":"product_tag-obdach","140":"product_tag-photo","141":"product_tag-photoabzug","142":"product_tag-photoabzuege","143":"product_tag-photographie","144":"product_tag-photographien","145":"product_tag-photographin","146":"product_tag-photographinnen","147":"product_tag-photoreportage","148":"product_tag-piano","149":"product_tag-pianos","150":"product_tag-portrait","151":"product_tag-portraitaufnahme","152":"product_tag-portraitfoto","153":"product_tag-portraitfotografie","154":"product_tag-portraitphoto","155":"product_tag-portraitphotographie","156":"product_tag-portraits","157":"product_tag-portraet","158":"product_tag-portraetaufnahme","159":"product_tag-portraetfoto","160":"product_tag-portraetfotografie","161":"product_tag-portraetphoto","162":"product_tag-portraetphotographie","163":"product_tag-portraets","164":"product_tag-print","165":"product_tag-reportage","166":"product_tag-rheinisch","167":"product_tag-rheinische","168":"product_tag-rheinischen","169":"product_tag-rheinischer","170":"product_tag-rheinisches","171":"product_tag-rheinland","172":"product_tag-rheinlande","173":"product_tag-rheinlanden","174":"product_tag-rheinlandes","175":"product_tag-rheinlands","176":"product_tag-roma","177":"product_tag-s-w-fotografie","178":"product_tag-s-w-photographie","179":"product_tag-schulaufgabe","180":"product_tag-schulaufgaben","181":"product_tag-schule","182":"product_tag-schulen","183":"product_tag-schwarzweissphotographie","184":"product_tag-schwarz-weiss-fotografie","185":"product_tag-schwarz-weiss-photographie","186":"product_tag-schwarzweiss","187":"product_tag-schwarzweisse","188":"product_tag-schwarzweissen","189":"product_tag-schwarzweisser","190":"product_tag-schwarzweisses","191":"product_tag-schwarzweissfotografie","192":"product_tag-siebziger","193":"product_tag-siedlung","194":"product_tag-siedlungen","195":"product_tag-silbergelatine","196":"product_tag-silbergelatineabzug","197":"product_tag-silbergelatineabzuege","198":"product_tag-silbergelatineprint","199":"product_tag-singen","200":"product_tag-singend","201":"product_tag-singende","202":"product_tag-singenden","203":"product_tag-singender","204":"product_tag-singendes","205":"product_tag-sinti","206":"product_tag-sinti-und-roma","207":"product_tag-sitzen","208":"product_tag-sitzend","209":"product_tag-sitzende","210":"product_tag-sitzenden","211":"product_tag-sitzender","212":"product_tag-sitzendes","213":"product_tag-sitzt","214":"product_tag-sozialarbeit","215":"product_tag-spass","216":"product_tag-spielzeug","217":"product_tag-spielzeugklavier","218":"product_tag-sw-fotografie","219":"product_tag-sw-photographie","220":"product_tag-tasten","221":"product_tag-tastenend","222":"product_tag-tastenende","223":"product_tag-tastenenden","224":"product_tag-tastenender","225":"product_tag-tastenendes","226":"product_tag-tasteninstrument","227":"product_tag-tasteninstrumente","228":"product_tag-tasteninstrumenten","229":"product_tag-tastet","230":"product_tag-unterkunft","231":"product_tag-unterkuenfte","232":"product_tag-vergnuegen","233":"product_tag-vergnuegens","234":"product_tag-vergnuegt","235":"product_tag-vergnuegte","236":"product_tag-vergnuegten","237":"product_tag-vergnuegter","238":"product_tag-vergnuegtes","239":"product_tag-vergnuegungen","240":"product_tag-volksgruppe","241":"product_tag-volksgruppen","242":"product_tag-volksstamm","243":"product_tag-volksstaemme","244":"product_tag-von-innen","245":"product_tag-vortasten","246":"product_tag-zigeuner","247":"product_tag-zigeunerkind","248":"product_tag-zigeunerkinder","249":"product_tag-zigeunern","250":"product_tag-zopf","251":"product_tag-zoepfe","252":"product_tag-zoepfen","253":"product_tag-zopfes","254":"pa_datierung-mai-1971","255":"pa_fotograf-abisag-tuellmann","256":"pa_geografischer_bezug-aufnahmeort-koeln-deutschland","257":"pa_grunddaten_material_technik-foto-silbergelatine-auf-barytpapier","258":"pa_inventarnummer-tue-71-066-32a","259":"pa_jahr_von-49516","260":"pa_massangaben-bildformat-foto-235-x-304-cm","261":"pa_mediennummer-50269","262":"pa_objekt_typ-fotografie","264":"first","265":"instock","266":"product-type-simple"},"yoast_head":"<!-- This site is optimized with the Yoast SEO plugin v27.4 - https:\/\/yoast.com\/product\/yoast-seo-wordpress\/ -->\n<title>Hausaufgabenbetreuung in einer Notunterkunft f\u00fcr Sinti und Roma in K\u00f6ln - Abisag T\u00fcllmann<\/title>\n<meta name=\"robots\" content=\"index, follow, max-snippet:-1, max-image-preview:large, max-video-preview:-1\" \/>\n<link rel=\"canonical\" href=\"https:\/\/bpk-archive.de\/tuellmann\/produkt\/hausaufgabenbetreuung-in-einer-notunterkunft-fuer-sinti-und-roma-in-koeln-4\/\" \/>\n<meta property=\"og:locale\" content=\"de_DE\" \/>\n<meta property=\"og:type\" content=\"article\" \/>\n<meta property=\"og:title\" content=\"Hausaufgabenbetreuung in einer Notunterkunft f\u00fcr Sinti und Roma in K\u00f6ln - Abisag T\u00fcllmann\" \/>\n<meta property=\"og:description\" content=\"Ein M\u00e4dchen spielt auf einem Kinderklavier\" \/>\n<meta property=\"og:url\" content=\"https:\/\/bpk-archive.de\/tuellmann\/produkt\/hausaufgabenbetreuung-in-einer-notunterkunft-fuer-sinti-und-roma-in-koeln-4\/\" \/>\n<meta property=\"og:site_name\" content=\"Abisag T\u00fcllmann\" \/>\n<meta property=\"article:modified_time\" content=\"2019-09-05T13:02:54+00:00\" \/>\n<meta property=\"og:image\" content=\"https:\/\/bpk-archive.de\/tuellmann\/wp-content\/uploads\/2019\/08\/bpk_70275157.jpg\" \/>\n\t<meta property=\"og:image:width\" content=\"1200\" \/>\n\t<meta property=\"og:image:height\" content=\"937\" \/>\n\t<meta property=\"og:image:type\" content=\"image\/jpeg\" \/>\n<meta name=\"twitter:card\" content=\"summary_large_image\" \/>\n<script type=\"application\/ld+json\" class=\"yoast-schema-graph\">{\"@context\":\"https:\\\/\\\/schema.org\",\"@graph\":[{\"@type\":\"WebPage\",\"@id\":\"https:\\\/\\\/bpk-archive.de\\\/tuellmann\\\/produkt\\\/hausaufgabenbetreuung-in-einer-notunterkunft-fuer-sinti-und-roma-in-koeln-4\\\/\",\"url\":\"https:\\\/\\\/bpk-archive.de\\\/tuellmann\\\/produkt\\\/hausaufgabenbetreuung-in-einer-notunterkunft-fuer-sinti-und-roma-in-koeln-4\\\/\",\"name\":\"Hausaufgabenbetreuung in einer Notunterkunft f\u00fcr Sinti und Roma in K\u00f6ln - Abisag T\u00fcllmann\",\"isPartOf\":{\"@id\":\"https:\\\/\\\/bpk-archive.de\\\/tuellmann\\\/#website\"},\"primaryImageOfPage\":{\"@id\":\"https:\\\/\\\/bpk-archive.de\\\/tuellmann\\\/produkt\\\/hausaufgabenbetreuung-in-einer-notunterkunft-fuer-sinti-und-roma-in-koeln-4\\\/#primaryimage\"},\"image\":{\"@id\":\"https:\\\/\\\/bpk-archive.de\\\/tuellmann\\\/produkt\\\/hausaufgabenbetreuung-in-einer-notunterkunft-fuer-sinti-und-roma-in-koeln-4\\\/#primaryimage\"},\"thumbnailUrl\":\"https:\\\/\\\/bpk-archive.de\\\/tuellmann\\\/wp-content\\\/uploads\\\/2019\\\/08\\\/bpk_70275157.jpg\",\"datePublished\":\"2019-09-05T13:02:49+00:00\",\"dateModified\":\"2019-09-05T13:02:54+00:00\",\"breadcrumb\":{\"@id\":\"https:\\\/\\\/bpk-archive.de\\\/tuellmann\\\/produkt\\\/hausaufgabenbetreuung-in-einer-notunterkunft-fuer-sinti-und-roma-in-koeln-4\\\/#breadcrumb\"},\"inLanguage\":\"de\",\"potentialAction\":[{\"@type\":\"ReadAction\",\"target\":[\"https:\\\/\\\/bpk-archive.de\\\/tuellmann\\\/produkt\\\/hausaufgabenbetreuung-in-einer-notunterkunft-fuer-sinti-und-roma-in-koeln-4\\\/\"]}]},{\"@type\":\"ImageObject\",\"inLanguage\":\"de\",\"@id\":\"https:\\\/\\\/bpk-archive.de\\\/tuellmann\\\/produkt\\\/hausaufgabenbetreuung-in-einer-notunterkunft-fuer-sinti-und-roma-in-koeln-4\\\/#primaryimage\",\"url\":\"https:\\\/\\\/bpk-archive.de\\\/tuellmann\\\/wp-content\\\/uploads\\\/2019\\\/08\\\/bpk_70275157.jpg\",\"contentUrl\":\"https:\\\/\\\/bpk-archive.de\\\/tuellmann\\\/wp-content\\\/uploads\\\/2019\\\/08\\\/bpk_70275157.jpg\",\"width\":1200,\"height\":937,\"caption\":\"Hausaufgabenbetreuung in einer Notunterkunft f\u00fcr Sinti und Roma in K\u00f6ln\"},{\"@type\":\"BreadcrumbList\",\"@id\":\"https:\\\/\\\/bpk-archive.de\\\/tuellmann\\\/produkt\\\/hausaufgabenbetreuung-in-einer-notunterkunft-fuer-sinti-und-roma-in-koeln-4\\\/#breadcrumb\",\"itemListElement\":[{\"@type\":\"ListItem\",\"position\":1,\"name\":\"Startseite\",\"item\":\"https:\\\/\\\/bpk-archive.de\\\/tuellmann\\\/\"},{\"@type\":\"ListItem\",\"position\":2,\"name\":\"Shop\",\"item\":\"https:\\\/\\\/bpk-archive.de\\\/tuellmann\\\/shop\\\/\"},{\"@type\":\"ListItem\",\"position\":3,\"name\":\"Hausaufgabenbetreuung in einer Notunterkunft f\u00fcr Sinti und Roma in K\u00f6ln\"}]},{\"@type\":\"WebSite\",\"@id\":\"https:\\\/\\\/bpk-archive.de\\\/tuellmann\\\/#website\",\"url\":\"https:\\\/\\\/bpk-archive.de\\\/tuellmann\\\/\",\"name\":\"Abisag T\u00fcllmann\",\"description\":\"Eine weitere WordPress-Website\",\"potentialAction\":[{\"@type\":\"SearchAction\",\"target\":{\"@type\":\"EntryPoint\",\"urlTemplate\":\"https:\\\/\\\/bpk-archive.de\\\/tuellmann\\\/?s={search_term_string}\"},\"query-input\":{\"@type\":\"PropertyValueSpecification\",\"valueRequired\":true,\"valueName\":\"search_term_string\"}}],\"inLanguage\":\"de\"}]}<\/script>\n<!-- \/ Yoast SEO plugin. -->","yoast_head_json":{"title":"Hausaufgabenbetreuung in einer Notunterkunft f\u00fcr Sinti und Roma in K\u00f6ln - Abisag T\u00fcllmann","robots":{"index":"index","follow":"follow","max-snippet":"max-snippet:-1","max-image-preview":"max-image-preview:large","max-video-preview":"max-video-preview:-1"},"canonical":"https:\/\/bpk-archive.de\/tuellmann\/produkt\/hausaufgabenbetreuung-in-einer-notunterkunft-fuer-sinti-und-roma-in-koeln-4\/","og_locale":"de_DE","og_type":"article","og_title":"Hausaufgabenbetreuung in einer Notunterkunft f\u00fcr Sinti und Roma in K\u00f6ln - Abisag T\u00fcllmann","og_description":"Ein M\u00e4dchen spielt auf einem Kinderklavier","og_url":"https:\/\/bpk-archive.de\/tuellmann\/produkt\/hausaufgabenbetreuung-in-einer-notunterkunft-fuer-sinti-und-roma-in-koeln-4\/","og_site_name":"Abisag T\u00fcllmann","article_modified_time":"2019-09-05T13:02:54+00:00","og_image":[{"width":1200,"height":937,"url":"https:\/\/bpk-archive.de\/tuellmann\/wp-content\/uploads\/2019\/08\/bpk_70275157.jpg","type":"image\/jpeg"}],"twitter_card":"summary_large_image","schema":{"@context":"https:\/\/schema.org","@graph":[{"@type":"WebPage","@id":"https:\/\/bpk-archive.de\/tuellmann\/produkt\/hausaufgabenbetreuung-in-einer-notunterkunft-fuer-sinti-und-roma-in-koeln-4\/","url":"https:\/\/bpk-archive.de\/tuellmann\/produkt\/hausaufgabenbetreuung-in-einer-notunterkunft-fuer-sinti-und-roma-in-koeln-4\/","name":"Hausaufgabenbetreuung in einer Notunterkunft f\u00fcr Sinti und Roma in K\u00f6ln - Abisag T\u00fcllmann","isPartOf":{"@id":"https:\/\/bpk-archive.de\/tuellmann\/#website"},"primaryImageOfPage":{"@id":"https:\/\/bpk-archive.de\/tuellmann\/produkt\/hausaufgabenbetreuung-in-einer-notunterkunft-fuer-sinti-und-roma-in-koeln-4\/#primaryimage"},"image":{"@id":"https:\/\/bpk-archive.de\/tuellmann\/produkt\/hausaufgabenbetreuung-in-einer-notunterkunft-fuer-sinti-und-roma-in-koeln-4\/#primaryimage"},"thumbnailUrl":"https:\/\/bpk-archive.de\/tuellmann\/wp-content\/uploads\/2019\/08\/bpk_70275157.jpg","datePublished":"2019-09-05T13:02:49+00:00","dateModified":"2019-09-05T13:02:54+00:00","breadcrumb":{"@id":"https:\/\/bpk-archive.de\/tuellmann\/produkt\/hausaufgabenbetreuung-in-einer-notunterkunft-fuer-sinti-und-roma-in-koeln-4\/#breadcrumb"},"inLanguage":"de","potentialAction":[{"@type":"ReadAction","target":["https:\/\/bpk-archive.de\/tuellmann\/produkt\/hausaufgabenbetreuung-in-einer-notunterkunft-fuer-sinti-und-roma-in-koeln-4\/"]}]},{"@type":"ImageObject","inLanguage":"de","@id":"https:\/\/bpk-archive.de\/tuellmann\/produkt\/hausaufgabenbetreuung-in-einer-notunterkunft-fuer-sinti-und-roma-in-koeln-4\/#primaryimage","url":"https:\/\/bpk-archive.de\/tuellmann\/wp-content\/uploads\/2019\/08\/bpk_70275157.jpg","contentUrl":"https:\/\/bpk-archive.de\/tuellmann\/wp-content\/uploads\/2019\/08\/bpk_70275157.jpg","width":1200,"height":937,"caption":"Hausaufgabenbetreuung in einer Notunterkunft f\u00fcr Sinti und Roma in K\u00f6ln"},{"@type":"BreadcrumbList","@id":"https:\/\/bpk-archive.de\/tuellmann\/produkt\/hausaufgabenbetreuung-in-einer-notunterkunft-fuer-sinti-und-roma-in-koeln-4\/#breadcrumb","itemListElement":[{"@type":"ListItem","position":1,"name":"Startseite","item":"https:\/\/bpk-archive.de\/tuellmann\/"},{"@type":"ListItem","position":2,"name":"Shop","item":"https:\/\/bpk-archive.de\/tuellmann\/shop\/"},{"@type":"ListItem","position":3,"name":"Hausaufgabenbetreuung in einer Notunterkunft f\u00fcr Sinti und Roma in K\u00f6ln"}]},{"@type":"WebSite","@id":"https:\/\/bpk-archive.de\/tuellmann\/#website","url":"https:\/\/bpk-archive.de\/tuellmann\/","name":"Abisag T\u00fcllmann","description":"Eine weitere WordPress-Website","potentialAction":[{"@type":"SearchAction","target":{"@type":"EntryPoint","urlTemplate":"https:\/\/bpk-archive.de\/tuellmann\/?s={search_term_string}"},"query-input":{"@type":"PropertyValueSpecification","valueRequired":true,"valueName":"search_term_string"}}],"inLanguage":"de"}]}},"_links":{"self":[{"href":"https:\/\/bpk-archive.de\/tuellmann\/wp-json\/wp\/v2\/product\/70295194","targetHints":{"allow":["GET"]}}],"collection":[{"href":"https:\/\/bpk-archive.de\/tuellmann\/wp-json\/wp\/v2\/product"}],"about":[{"href":"https:\/\/bpk-archive.de\/tuellmann\/wp-json\/wp\/v2\/types\/product"}],"wp:featuredmedia":[{"embeddable":true,"href":"https:\/\/bpk-archive.de\/tuellmann\/wp-json\/wp\/v2\/media\/70292981"}],"wp:attachment":[{"href":"https:\/\/bpk-archive.de\/tuellmann\/wp-json\/wp\/v2\/media?parent=70295194"}],"wp:term":[{"taxonomy":"product_brand","embeddable":true,"href":"https:\/\/bpk-archive.de\/tuellmann\/wp-json\/wp\/v2\/product_brand?post=70295194"},{"taxonomy":"product_cat","embeddable":true,"href":"https:\/\/bpk-archive.de\/tuellmann\/wp-json\/wp\/v2\/product_cat?post=70295194"},{"taxonomy":"product_tag","embeddable":true,"href":"https:\/\/bpk-archive.de\/tuellmann\/wp-json\/wp\/v2\/product_tag?post=70295194"}],"curies":[{"name":"wp","href":"https:\/\/api.w.org\/{rel}","templated":true}]}}