{"id":70295189,"date":"2019-09-05T15:02:24","date_gmt":"2019-09-05T13:02:24","guid":{"rendered":"http:\/\/abisagtuellmann.bpk-news.de\/atbild\/aeltere-frau-mit-taetowierter-haeftlingsnummer-auf-dem-unterarm\/"},"modified":"2019-09-05T15:02:47","modified_gmt":"2019-09-05T13:02:47","slug":"aeltere-frau-mit-taetowierter-haeftlingsnummer-auf-dem-unterarm","status":"publish","type":"product","link":"https:\/\/bpk-archive.de\/tuellmann\/produkt\/aeltere-frau-mit-taetowierter-haeftlingsnummer-auf-dem-unterarm\/","title":{"rendered":"\u00c4ltere Frau mit t\u00e4towierter H\u00e4ftlingsnummer auf dem Unterarm"},"content":{"rendered":"<p>in einer Wohnwagensiedlung der Sinti und Roma in Mainz<\/p>\n","protected":false},"excerpt":{"rendered":"<p>in einer Wohnwagensiedlung der Sinti und Roma in Mainz<\/p>\n","protected":false},"featured_media":70292987,"template":"","meta":[],"product_brand":[],"product_cat":[],"product_tag":[13230,13232,13234,13231,13233,13235,49668,13777,47541,47542,47543,47544,47545,47546,47547,47548,47418,47419,47420,47421,47422,47423,47424,14311,14312,49518,50202,13250,14318,13784,13785,14177,13469,13470,49469,13958,13959,49470,49471,13471,13472,49519,13260,49520,49521,49522,49523,49524,49525,49526,13293,13786,13787,13294,13295,13296,13297,47267,13487,13488,13974,13975,13976,13977,13978,49528,49529,49530,49531,49532,49481,50203,47743,50204,13301,50205,50206,50207,14000,14001,14002,14003,14004,14005,14006,49542,49543,49816,47786,49544,49484,47449,47450,50208,50209,14229,13328,13827,13828,13329,13330,13331,13332,47332,13829,13830,13831,13832,13833,13834,13835,13836,13837,13838,13839,13840,13841,13842,14230,14231,14232,13843,47333,49545,49546,49547,49548,49549,49550,49554,49551,49552,49553,49555,49556,13877,13879,50210,50211,13865,13864,13866,13858,13859,13860,13861,13862,13863,50212,13354,48160,48161,13869,13870,13871,13872,49557,49558,13519,13520,13521,13522,13523,13524,13878,13880,50213,50214,50215,50216,50217,50218,50219,14250,14251,49561,49562,49563,49564,49568,50220,50221,50222,50223,49569,49591,49592,49570],"class_list":{"0":"post-70295189","1":"product","2":"type-product","3":"status-publish","4":"has-post-thumbnail","6":"product_tag-1970er-jahre","7":"product_tag-20-jahrhundert-nach-chr","8":"product_tag-20-jh-n-chr","9":"product_tag-20-jahrhundert","10":"product_tag-20-jh","11":"product_tag-70er","12":"product_tag-abt_002","13":"product_tag-abzug","14":"product_tag-alltag","15":"product_tag-alltaeglich","16":"product_tag-alltaegliche","17":"product_tag-alltaeglicher","18":"product_tag-alltaegliches","19":"product_tag-alltagsleben","20":"product_tag-alltagsszene","21":"product_tag-alltagsszenen","22":"product_tag-alt","23":"product_tag-alte","24":"product_tag-alten","25":"product_tag-alter","26":"product_tag-aeltere","27":"product_tag-aelterer","28":"product_tag-altes","29":"product_tag-arm","30":"product_tag-arme","31":"product_tag-at_sinti-roma","32":"product_tag-ausschnitt","33":"product_tag-aussen","34":"product_tag-aussenseiter","35":"product_tag-bildnis","36":"product_tag-bildnisse","37":"product_tag-blickkontakt","38":"product_tag-brd","39":"product_tag-bundesrepublik-deutschland","40":"product_tag-close-up","41":"product_tag-damenportraet","42":"product_tag-damenportraets","43":"product_tag-detail","44":"product_tag-details","45":"product_tag-deutschland","46":"product_tag-deutschlands","47":"product_tag-diskriminierung","48":"product_tag-draussen","49":"product_tag-ethnie","50":"product_tag-ethnien","51":"product_tag-ethnisch","52":"product_tag-ethnische","53":"product_tag-ethnischen","54":"product_tag-ethnischer","55":"product_tag-ethnisches","56":"product_tag-foto","57":"product_tag-fotoabzug","58":"product_tag-fotoabzuege","59":"product_tag-fotografie","60":"product_tag-fotografien","61":"product_tag-fotografin","62":"product_tag-fotografinnen","63":"product_tag-fotoreportage","64":"product_tag-frau","65":"product_tag-frauen","66":"product_tag-frauenbildnis","67":"product_tag-frauenportrait","68":"product_tag-frauenportraits","69":"product_tag-frauenportraet","70":"product_tag-frauenportraets","71":"product_tag-gesellschaftlich","72":"product_tag-gesellschaftliche","73":"product_tag-gesellschaftlichen","74":"product_tag-gesellschaftlicher","75":"product_tag-gesellschaftliches","76":"product_tag-grossaufnahme","77":"product_tag-haeftlingsnummer","78":"product_tag-hochformat","79":"product_tag-holocaust","80":"product_tag-im-freien","81":"product_tag-konzentrationslager","82":"product_tag-konzentrationslagers","83":"product_tag-kz","84":"product_tag-laecheln","85":"product_tag-laechelnd","86":"product_tag-laechelnde","87":"product_tag-laechelnden","88":"product_tag-laechelnder","89":"product_tag-laechelndes","90":"product_tag-laechelt","91":"product_tag-mainz","92":"product_tag-mainzer","93":"product_tag-migrant","94":"product_tag-migranten","95":"product_tag-minderheit","96":"product_tag-nahaufnahme","97":"product_tag-notunterkunft","98":"product_tag-notunterkuenfte","99":"product_tag-nummer","100":"product_tag-nummern","101":"product_tag-obdach","102":"product_tag-photo","103":"product_tag-photoabzug","104":"product_tag-photoabzuege","105":"product_tag-photographie","106":"product_tag-photographien","107":"product_tag-photographin","108":"product_tag-photographinnen","109":"product_tag-photoreportage","110":"product_tag-portrait","111":"product_tag-portraitaufnahme","112":"product_tag-portraitfoto","113":"product_tag-portraitfotografie","114":"product_tag-portraitphoto","115":"product_tag-portraitphotographie","116":"product_tag-portraits","117":"product_tag-portraet","118":"product_tag-portraetaufnahme","119":"product_tag-portraetfoto","120":"product_tag-portraetfotografie","121":"product_tag-portraetphoto","122":"product_tag-portraetphotographie","123":"product_tag-portraets","124":"product_tag-pose","125":"product_tag-posieren","126":"product_tag-posiert","127":"product_tag-print","128":"product_tag-reportage","129":"product_tag-rheinisch","130":"product_tag-rheinische","131":"product_tag-rheinischen","132":"product_tag-rheinischer","133":"product_tag-rheinisches","134":"product_tag-rheinland","135":"product_tag-rheinland-pfalz","136":"product_tag-rheinlande","137":"product_tag-rheinlanden","138":"product_tag-rheinlandes","139":"product_tag-rheinlands","140":"product_tag-roma","141":"product_tag-s-w-fotografie","142":"product_tag-s-w-photographie","143":"product_tag-schoa","144":"product_tag-schoah","145":"product_tag-schwarzweissphotographie","146":"product_tag-schwarz-weiss-fotografie","147":"product_tag-schwarz-weiss-photographie","148":"product_tag-schwarzweiss","149":"product_tag-schwarzweisse","150":"product_tag-schwarzweissen","151":"product_tag-schwarzweisser","152":"product_tag-schwarzweisses","153":"product_tag-schwarzweissfotografie","154":"product_tag-shoa","155":"product_tag-siebziger","156":"product_tag-siedlung","157":"product_tag-siedlungen","158":"product_tag-silbergelatine","159":"product_tag-silbergelatineabzug","160":"product_tag-silbergelatineabzuege","161":"product_tag-silbergelatineprint","162":"product_tag-sinti","163":"product_tag-sinti-und-roma","164":"product_tag-stehen","165":"product_tag-stehend","166":"product_tag-stehende","167":"product_tag-stehenden","168":"product_tag-stehender","169":"product_tag-stehendes","170":"product_tag-sw-fotografie","171":"product_tag-sw-photographie","172":"product_tag-taetowierung","173":"product_tag-taetowierungen","174":"product_tag-tattoo","175":"product_tag-tattoos","176":"product_tag-ueberlebende","177":"product_tag-ueberlebenden","178":"product_tag-ueberlebender","179":"product_tag-unterkunft","180":"product_tag-unterkuenfte","181":"product_tag-volksgruppe","182":"product_tag-volksgruppen","183":"product_tag-volksstamm","184":"product_tag-volksstaemme","185":"product_tag-wohnwagen","186":"product_tag-zahl","187":"product_tag-zahlen","188":"product_tag-ziffer","189":"product_tag-ziffern","190":"product_tag-zigeuner","191":"product_tag-zigeunerin","192":"product_tag-zigeunerinnen","193":"product_tag-zigeunern","194":"pa_datierung-mai-1971","195":"pa_fotograf-abisag-tuellmann","196":"pa_geografischer_bezug-aufnahmeort-mainz-deutschland","197":"pa_grunddaten_material_technik-foto-silbergelatine-auf-barytpapier","198":"pa_inventarnummer-tue-71-056-59","199":"pa_jahr_von-49516","200":"pa_massangaben-bildformat-foto-293-x-236-cm","201":"pa_mediennummer-50199","202":"pa_objekt_typ-fotografie","204":"first","205":"instock","206":"product-type-simple"},"yoast_head":"<!-- This site is optimized with the Yoast SEO plugin v27.4 - https:\/\/yoast.com\/product\/yoast-seo-wordpress\/ -->\n<title>\u00c4ltere Frau mit t\u00e4towierter H\u00e4ftlingsnummer auf dem Unterarm - Abisag T\u00fcllmann<\/title>\n<meta name=\"robots\" content=\"index, follow, max-snippet:-1, max-image-preview:large, max-video-preview:-1\" \/>\n<link rel=\"canonical\" href=\"https:\/\/bpk-archive.de\/tuellmann\/produkt\/aeltere-frau-mit-taetowierter-haeftlingsnummer-auf-dem-unterarm\/\" \/>\n<meta property=\"og:locale\" content=\"de_DE\" \/>\n<meta property=\"og:type\" content=\"article\" \/>\n<meta property=\"og:title\" content=\"\u00c4ltere Frau mit t\u00e4towierter H\u00e4ftlingsnummer auf dem Unterarm - Abisag T\u00fcllmann\" \/>\n<meta property=\"og:description\" content=\"in einer Wohnwagensiedlung der Sinti und Roma in Mainz\" \/>\n<meta property=\"og:url\" content=\"https:\/\/bpk-archive.de\/tuellmann\/produkt\/aeltere-frau-mit-taetowierter-haeftlingsnummer-auf-dem-unterarm\/\" \/>\n<meta property=\"og:site_name\" content=\"Abisag T\u00fcllmann\" \/>\n<meta property=\"article:modified_time\" content=\"2019-09-05T13:02:47+00:00\" \/>\n<meta property=\"og:image\" content=\"https:\/\/bpk-archive.de\/tuellmann\/wp-content\/uploads\/2019\/08\/bpk_70275163.jpg\" \/>\n\t<meta property=\"og:image:width\" content=\"974\" \/>\n\t<meta property=\"og:image:height\" content=\"1200\" \/>\n\t<meta property=\"og:image:type\" content=\"image\/jpeg\" \/>\n<meta name=\"twitter:card\" content=\"summary_large_image\" \/>\n<script type=\"application\/ld+json\" class=\"yoast-schema-graph\">{\"@context\":\"https:\\\/\\\/schema.org\",\"@graph\":[{\"@type\":\"WebPage\",\"@id\":\"https:\\\/\\\/bpk-archive.de\\\/tuellmann\\\/produkt\\\/aeltere-frau-mit-taetowierter-haeftlingsnummer-auf-dem-unterarm\\\/\",\"url\":\"https:\\\/\\\/bpk-archive.de\\\/tuellmann\\\/produkt\\\/aeltere-frau-mit-taetowierter-haeftlingsnummer-auf-dem-unterarm\\\/\",\"name\":\"\u00c4ltere Frau mit t\u00e4towierter H\u00e4ftlingsnummer auf dem Unterarm - Abisag T\u00fcllmann\",\"isPartOf\":{\"@id\":\"https:\\\/\\\/bpk-archive.de\\\/tuellmann\\\/#website\"},\"primaryImageOfPage\":{\"@id\":\"https:\\\/\\\/bpk-archive.de\\\/tuellmann\\\/produkt\\\/aeltere-frau-mit-taetowierter-haeftlingsnummer-auf-dem-unterarm\\\/#primaryimage\"},\"image\":{\"@id\":\"https:\\\/\\\/bpk-archive.de\\\/tuellmann\\\/produkt\\\/aeltere-frau-mit-taetowierter-haeftlingsnummer-auf-dem-unterarm\\\/#primaryimage\"},\"thumbnailUrl\":\"https:\\\/\\\/bpk-archive.de\\\/tuellmann\\\/wp-content\\\/uploads\\\/2019\\\/08\\\/bpk_70275163.jpg\",\"datePublished\":\"2019-09-05T13:02:24+00:00\",\"dateModified\":\"2019-09-05T13:02:47+00:00\",\"breadcrumb\":{\"@id\":\"https:\\\/\\\/bpk-archive.de\\\/tuellmann\\\/produkt\\\/aeltere-frau-mit-taetowierter-haeftlingsnummer-auf-dem-unterarm\\\/#breadcrumb\"},\"inLanguage\":\"de\",\"potentialAction\":[{\"@type\":\"ReadAction\",\"target\":[\"https:\\\/\\\/bpk-archive.de\\\/tuellmann\\\/produkt\\\/aeltere-frau-mit-taetowierter-haeftlingsnummer-auf-dem-unterarm\\\/\"]}]},{\"@type\":\"ImageObject\",\"inLanguage\":\"de\",\"@id\":\"https:\\\/\\\/bpk-archive.de\\\/tuellmann\\\/produkt\\\/aeltere-frau-mit-taetowierter-haeftlingsnummer-auf-dem-unterarm\\\/#primaryimage\",\"url\":\"https:\\\/\\\/bpk-archive.de\\\/tuellmann\\\/wp-content\\\/uploads\\\/2019\\\/08\\\/bpk_70275163.jpg\",\"contentUrl\":\"https:\\\/\\\/bpk-archive.de\\\/tuellmann\\\/wp-content\\\/uploads\\\/2019\\\/08\\\/bpk_70275163.jpg\",\"width\":974,\"height\":1200,\"caption\":\"\u00c4ltere Frau mit t\u00e4towierter H\u00e4ftlingsnummer auf dem Unterarm\"},{\"@type\":\"BreadcrumbList\",\"@id\":\"https:\\\/\\\/bpk-archive.de\\\/tuellmann\\\/produkt\\\/aeltere-frau-mit-taetowierter-haeftlingsnummer-auf-dem-unterarm\\\/#breadcrumb\",\"itemListElement\":[{\"@type\":\"ListItem\",\"position\":1,\"name\":\"Startseite\",\"item\":\"https:\\\/\\\/bpk-archive.de\\\/tuellmann\\\/\"},{\"@type\":\"ListItem\",\"position\":2,\"name\":\"Shop\",\"item\":\"https:\\\/\\\/bpk-archive.de\\\/tuellmann\\\/shop\\\/\"},{\"@type\":\"ListItem\",\"position\":3,\"name\":\"\u00c4ltere Frau mit t\u00e4towierter H\u00e4ftlingsnummer auf dem Unterarm\"}]},{\"@type\":\"WebSite\",\"@id\":\"https:\\\/\\\/bpk-archive.de\\\/tuellmann\\\/#website\",\"url\":\"https:\\\/\\\/bpk-archive.de\\\/tuellmann\\\/\",\"name\":\"Abisag T\u00fcllmann\",\"description\":\"Eine weitere WordPress-Website\",\"potentialAction\":[{\"@type\":\"SearchAction\",\"target\":{\"@type\":\"EntryPoint\",\"urlTemplate\":\"https:\\\/\\\/bpk-archive.de\\\/tuellmann\\\/?s={search_term_string}\"},\"query-input\":{\"@type\":\"PropertyValueSpecification\",\"valueRequired\":true,\"valueName\":\"search_term_string\"}}],\"inLanguage\":\"de\"}]}<\/script>\n<!-- \/ Yoast SEO plugin. -->","yoast_head_json":{"title":"\u00c4ltere Frau mit t\u00e4towierter H\u00e4ftlingsnummer auf dem Unterarm - Abisag T\u00fcllmann","robots":{"index":"index","follow":"follow","max-snippet":"max-snippet:-1","max-image-preview":"max-image-preview:large","max-video-preview":"max-video-preview:-1"},"canonical":"https:\/\/bpk-archive.de\/tuellmann\/produkt\/aeltere-frau-mit-taetowierter-haeftlingsnummer-auf-dem-unterarm\/","og_locale":"de_DE","og_type":"article","og_title":"\u00c4ltere Frau mit t\u00e4towierter H\u00e4ftlingsnummer auf dem Unterarm - Abisag T\u00fcllmann","og_description":"in einer Wohnwagensiedlung der Sinti und Roma in Mainz","og_url":"https:\/\/bpk-archive.de\/tuellmann\/produkt\/aeltere-frau-mit-taetowierter-haeftlingsnummer-auf-dem-unterarm\/","og_site_name":"Abisag T\u00fcllmann","article_modified_time":"2019-09-05T13:02:47+00:00","og_image":[{"width":974,"height":1200,"url":"https:\/\/bpk-archive.de\/tuellmann\/wp-content\/uploads\/2019\/08\/bpk_70275163.jpg","type":"image\/jpeg"}],"twitter_card":"summary_large_image","schema":{"@context":"https:\/\/schema.org","@graph":[{"@type":"WebPage","@id":"https:\/\/bpk-archive.de\/tuellmann\/produkt\/aeltere-frau-mit-taetowierter-haeftlingsnummer-auf-dem-unterarm\/","url":"https:\/\/bpk-archive.de\/tuellmann\/produkt\/aeltere-frau-mit-taetowierter-haeftlingsnummer-auf-dem-unterarm\/","name":"\u00c4ltere Frau mit t\u00e4towierter H\u00e4ftlingsnummer auf dem Unterarm - Abisag T\u00fcllmann","isPartOf":{"@id":"https:\/\/bpk-archive.de\/tuellmann\/#website"},"primaryImageOfPage":{"@id":"https:\/\/bpk-archive.de\/tuellmann\/produkt\/aeltere-frau-mit-taetowierter-haeftlingsnummer-auf-dem-unterarm\/#primaryimage"},"image":{"@id":"https:\/\/bpk-archive.de\/tuellmann\/produkt\/aeltere-frau-mit-taetowierter-haeftlingsnummer-auf-dem-unterarm\/#primaryimage"},"thumbnailUrl":"https:\/\/bpk-archive.de\/tuellmann\/wp-content\/uploads\/2019\/08\/bpk_70275163.jpg","datePublished":"2019-09-05T13:02:24+00:00","dateModified":"2019-09-05T13:02:47+00:00","breadcrumb":{"@id":"https:\/\/bpk-archive.de\/tuellmann\/produkt\/aeltere-frau-mit-taetowierter-haeftlingsnummer-auf-dem-unterarm\/#breadcrumb"},"inLanguage":"de","potentialAction":[{"@type":"ReadAction","target":["https:\/\/bpk-archive.de\/tuellmann\/produkt\/aeltere-frau-mit-taetowierter-haeftlingsnummer-auf-dem-unterarm\/"]}]},{"@type":"ImageObject","inLanguage":"de","@id":"https:\/\/bpk-archive.de\/tuellmann\/produkt\/aeltere-frau-mit-taetowierter-haeftlingsnummer-auf-dem-unterarm\/#primaryimage","url":"https:\/\/bpk-archive.de\/tuellmann\/wp-content\/uploads\/2019\/08\/bpk_70275163.jpg","contentUrl":"https:\/\/bpk-archive.de\/tuellmann\/wp-content\/uploads\/2019\/08\/bpk_70275163.jpg","width":974,"height":1200,"caption":"\u00c4ltere Frau mit t\u00e4towierter H\u00e4ftlingsnummer auf dem Unterarm"},{"@type":"BreadcrumbList","@id":"https:\/\/bpk-archive.de\/tuellmann\/produkt\/aeltere-frau-mit-taetowierter-haeftlingsnummer-auf-dem-unterarm\/#breadcrumb","itemListElement":[{"@type":"ListItem","position":1,"name":"Startseite","item":"https:\/\/bpk-archive.de\/tuellmann\/"},{"@type":"ListItem","position":2,"name":"Shop","item":"https:\/\/bpk-archive.de\/tuellmann\/shop\/"},{"@type":"ListItem","position":3,"name":"\u00c4ltere Frau mit t\u00e4towierter H\u00e4ftlingsnummer auf dem Unterarm"}]},{"@type":"WebSite","@id":"https:\/\/bpk-archive.de\/tuellmann\/#website","url":"https:\/\/bpk-archive.de\/tuellmann\/","name":"Abisag T\u00fcllmann","description":"Eine weitere WordPress-Website","potentialAction":[{"@type":"SearchAction","target":{"@type":"EntryPoint","urlTemplate":"https:\/\/bpk-archive.de\/tuellmann\/?s={search_term_string}"},"query-input":{"@type":"PropertyValueSpecification","valueRequired":true,"valueName":"search_term_string"}}],"inLanguage":"de"}]}},"_links":{"self":[{"href":"https:\/\/bpk-archive.de\/tuellmann\/wp-json\/wp\/v2\/product\/70295189","targetHints":{"allow":["GET"]}}],"collection":[{"href":"https:\/\/bpk-archive.de\/tuellmann\/wp-json\/wp\/v2\/product"}],"about":[{"href":"https:\/\/bpk-archive.de\/tuellmann\/wp-json\/wp\/v2\/types\/product"}],"wp:featuredmedia":[{"embeddable":true,"href":"https:\/\/bpk-archive.de\/tuellmann\/wp-json\/wp\/v2\/media\/70292987"}],"wp:attachment":[{"href":"https:\/\/bpk-archive.de\/tuellmann\/wp-json\/wp\/v2\/media?parent=70295189"}],"wp:term":[{"taxonomy":"product_brand","embeddable":true,"href":"https:\/\/bpk-archive.de\/tuellmann\/wp-json\/wp\/v2\/product_brand?post=70295189"},{"taxonomy":"product_cat","embeddable":true,"href":"https:\/\/bpk-archive.de\/tuellmann\/wp-json\/wp\/v2\/product_cat?post=70295189"},{"taxonomy":"product_tag","embeddable":true,"href":"https:\/\/bpk-archive.de\/tuellmann\/wp-json\/wp\/v2\/product_tag?post=70295189"}],"curies":[{"name":"wp","href":"https:\/\/api.w.org\/{rel}","templated":true}]}}